{"id":1020,"date":"2022-04-26T13:06:16","date_gmt":"2022-04-26T11:06:16","guid":{"rendered":"https:\/\/stage.storhogna.se\/?page_id=1020"},"modified":"2024-01-24T15:35:53","modified_gmt":"2024-01-24T13:35:53","slug":"menus","status":"publish","type":"page","link":"https:\/\/storhogna.se\/en\/att-ata\/menyer\/","title":{"rendered":"Menus Winter Garden"},"content":{"rendered":"<div class=\"hero-slider\"><div class=\"splide\" data-slider=\"hero\" data-arrows=\"true\" data-interval=\"5\" data-transition=\"loop\" data-start-index=\"0\" id=\"hero-slider_1706103347976\" data-id=\"hero-slider_1706103347976\" data-custom-arrows=\"true\"><div class=\"splide__track\"><ul class=\"splide__list\"><li class=\"splide__slide\"><picture><source media=\"(max-width: 340px)\" srcset=\"https:\/\/storhogna.se\/wp-content\/uploads\/restauranggaster-laser-meny-2-300x169.jpg\"\/><source media=\"(min-width: 341px)\" srcset=\"https:\/\/storhogna.se\/wp-content\/uploads\/restauranggaster-laser-meny-2.jpg\"\/><img fetchpriority=\"high\" decoding=\"async\" class=\"fullscreen-image\" src=\"https:\/\/storhogna.se\/wp-content\/uploads\/restauranggaster-laser-meny-2.jpg\" alt=\"Restaurant guests sitting at the table reading the menu\" width=\"2560\" height=\"1440\" loading=\"eager\" style=\"object-position:50% 50%\"\/><\/picture><\/li><\/ul><\/div><\/div><div class=\"hero-slider__filter\" data-active=\"true\"><\/div><div class=\"hero-slider__fixed-content\"><div class=\"hero-slider__text-block\" data-visible=\"true\"><div class=\"hero-slider__text-block-inner\">\n<div class=\"wp-block-columns is-layout-flex wp-container-core-columns-is-layout-9d6595d7 wp-block-columns-is-layout-flex\">\n<div class=\"wp-block-column is-layout-flow wp-block-column-is-layout-flow\">\n<h1 class=\"wp-block-heading\">Menus Winter Garden<\/h1>\n\n\n\n<p>From the morning breakfast buffet to the evening's exquisite 3-course dinner - welcome to a culinary journey in a fantastic atmosphere<\/p>\n<\/div>\n\n\n\n<div class=\"wp-block-column is-layout-flow wp-block-column-is-layout-flow\">\n<p>A warm welcome to Vintertr\u00e4dg\u00e5rden to enjoy a breakfast buffet, lunch or dinner in a fantastic setting. We offer lunch of the day, 3-course dinner and bistro menu and you will find the menus below. <\/p>\n<\/div>\n<\/div>\n<\/div><\/div><\/div><\/div>\n\n\n<div class=\"block-listing\">\n  <div class=\"block-listing__layout\">\n                  <div class=\"block-listing__card block-listing__card--default block-listing__card--0\">\n        <a class=\"block-listing__link\" href=\"https:\/\/storhogna.se\/en\/restaurants\/frukost\/\">\n          <div class=\"block-listing__filter\"><\/div>\n                    <img decoding=\"async\" class=\"block-listing__image\" src=\"https:\/\/storhogna.se\/wp-content\/uploads\/Hotellfrukost.Storhogna-600x600.jpg\" width=\"600\" height=\"600\" alt=\"#\" loading=\"lazy\"\/>\n                              <h3 class=\"block-listing__title\">Breakfast  <\/h3>\n        <\/a>\n        \n        <div class=\"block-listing__hover-content\">\n          <div>\n            <div class=\"block-listing__hover-title\">\n              Breakfast\n                          <\/div>\n            <div class=\"block-listing__excerpt\">Our breakfast buffet is laid out with lots of goodies from the Swedish breakfast kitchen, from our forests and mountain area.\u00a0<\/div>                                   <\/div>\n          <div class=\"block-listing__buttons\">\n                        <span class=\"block-listing__splash\"><\/span>\n                                                            <a class=\"block-listing__button block-listing__button--red btn\" href=\"https:\/\/storhogna.se\/en\/restaurants\/frukost\/\" target=\"\">Read more<\/a>\n                      <\/div>\n        <\/div>\n        \n      <\/div>\n                        <div class=\"block-listing__card block-listing__card--default block-listing__card--1\">\n        <a class=\"block-listing__link\" href=\"https:\/\/storhogna.se\/en\/restaurants\/korvett\/\">\n          <div class=\"block-listing__filter\"><\/div>\n                    <img decoding=\"async\" class=\"block-listing__image\" src=\"https:\/\/storhogna.se\/wp-content\/uploads\/KorvEtt.-storhogna-600x600.jpg\" width=\"600\" height=\"600\" alt=\"#\" loading=\"lazy\"\/>\n                              <h3 class=\"block-listing__title\">CorvEtt  <\/h3>\n        <\/a>\n        \n        <div class=\"block-listing__hover-content\">\n          <div>\n            <div class=\"block-listing__hover-title\">\n              CorvEtt\n                          <\/div>\n            <div class=\"block-listing__excerpt\">A filling novelty for the 2026 winter season, KorvEtt is the best stop on the slopes for energy replenishment. Drink something hot, grab a sausage or two with your ski boots on and recharge for your next run.<\/div>                                   <\/div>\n          <div class=\"block-listing__buttons\">\n                        <span class=\"block-listing__splash\"><\/span>\n                                                            <a class=\"block-listing__button block-listing__button--red btn\" href=\"https:\/\/storhogna.se\/en\/restaurants\/korvett\/\" target=\"\">Read more<\/a>\n                      <\/div>\n        <\/div>\n        \n      <\/div>\n                        <div class=\"block-listing__card block-listing__card--default block-listing__card--2\">\n        <a class=\"block-listing__link\" href=\"https:\/\/storhogna.se\/en\/restaurants\/veckans-lunchmeny\/\">\n          <div class=\"block-listing__filter\"><\/div>\n                    <img decoding=\"async\" class=\"block-listing__image\" src=\"https:\/\/storhogna.se\/wp-content\/uploads\/dagens-lunch-600x600.jpg\" width=\"600\" height=\"600\" alt=\"#\" loading=\"lazy\"\/>\n                              <h3 class=\"block-listing__title\">This week's lunch menu  <\/h3>\n        <\/a>\n        \n        <div class=\"block-listing__hover-content\">\n          <div>\n            <div class=\"block-listing__hover-title\">\n              This week's lunch menu\n                          <\/div>\n            <div class=\"block-listing__excerpt\">Every day between 11.30-14.00 lunch is served in our beautiful Winter Garden. We serve bread, salad, coffee and cake. See the weekly lunch menu here.<\/div>                                   <\/div>\n          <div class=\"block-listing__buttons\">\n                        <span class=\"block-listing__splash\"><\/span>\n                                                            <a class=\"block-listing__button block-listing__button--red btn\" href=\"https:\/\/storhogna.se\/en\/restaurants\/veckans-lunchmeny\/\" target=\"\">See this week's lunch menu<\/a>\n                      <\/div>\n        <\/div>\n        \n      <\/div>\n                        <div class=\"block-listing__card block-listing__card--default block-listing__card--3\">\n        <a class=\"block-listing__link\" href=\"https:\/\/storhogna.se\/en\/restaurants\/bistromeny\/\">\n          <div class=\"block-listing__filter\"><\/div>\n                    <img decoding=\"async\" class=\"block-listing__image\" src=\"https:\/\/storhogna.se\/wp-content\/uploads\/StorhognaFjallsidan-600x600.png\" width=\"600\" height=\"600\" alt=\"#\" loading=\"lazy\"\/>\n                              <h3 class=\"block-listing__title\">Fj\u00e4llsidan Bistro  <\/h3>\n        <\/a>\n        \n        <div class=\"block-listing__hover-content\">\n          <div>\n            <div class=\"block-listing__hover-title\">\n              Fj\u00e4llsidan Bistro\n                          <\/div>\n            <div class=\"block-listing__excerpt\">Fancy something lighter, something more filling or something sweet to eat? The dishes served in our Bistromeny can be found here.<\/div>                                   <\/div>\n          <div class=\"block-listing__buttons\">\n                        <span class=\"block-listing__splash\"><\/span>\n                                                            <a class=\"block-listing__button block-listing__button--red btn\" href=\"https:\/\/storhogna.se\/en\/restaurants\/bistromeny\/\" target=\"\">See Bistromeny<\/a>\n                      <\/div>\n        <\/div>\n        \n      <\/div>\n                        <div class=\"block-listing__card block-listing__card--default block-listing__card--4\">\n        <a class=\"block-listing__link\" href=\"https:\/\/storhogna.se\/en\/restaurants\/veckans-3-rattersmeny\/\">\n          <div class=\"block-listing__filter\"><\/div>\n                    <img decoding=\"async\" class=\"block-listing__image\" src=\"https:\/\/storhogna.se\/wp-content\/uploads\/3-rattersmiddag-varmratt-600x600.jpg\" width=\"600\" height=\"600\" alt=\"#\" loading=\"lazy\"\/>\n                              <h3 class=\"block-listing__title\">Evening 3-course menu  <\/h3>\n        <\/a>\n        \n        <div class=\"block-listing__hover-content\">\n          <div>\n            <div class=\"block-listing__hover-title\">\n              Evening 3-course menu\n                          <\/div>\n            <div class=\"block-listing__excerpt\">Every evening our kitchen serves a 3-course meal in the Winter Garden. The menu varies from evening to evening and with us, the green and northern focus is in focus.<\/div>                                   <\/div>\n          <div class=\"block-listing__buttons\">\n                        <span class=\"block-listing__splash\"><\/span>\n                                                            <a class=\"block-listing__button block-listing__button--red btn\" href=\"https:\/\/storhogna.se\/en\/restaurants\/veckans-3-rattersmeny\/\" target=\"\">See the 3-course menu of the week<\/a>\n                      <\/div>\n        <\/div>\n        \n      <\/div>\n                        <div class=\"block-listing__card block-listing__card--default block-listing__card--5\">\n        <a class=\"block-listing__link\" href=\"https:\/\/storhogna.se\/en\/restaurants\/guldkant\/\">\n          <div class=\"block-listing__filter\"><\/div>\n                    <img decoding=\"async\" class=\"block-listing__image\" src=\"https:\/\/storhogna.se\/wp-content\/uploads\/Storgona-feb-2023_Saragardegard-177-1-600x600.jpg\" width=\"600\" height=\"600\" alt=\"#\" loading=\"lazy\"\/>\n                              <h3 class=\"block-listing__title\">Put the finishing touches to your stay  <\/h3>\n        <\/a>\n        \n        <div class=\"block-listing__hover-content\">\n          <div>\n            <div class=\"block-listing__hover-title\">\n              Put the finishing touches to your stay\n                          <\/div>\n            <div class=\"block-listing__excerpt\">Enrich your stay with surprises and delicious treats from our Gold Edge menu. We are happy to help make your days with us even more golden.<\/div>                                   <\/div>\n          <div class=\"block-listing__buttons\">\n                        <span class=\"block-listing__splash\"><\/span>\n                                                            <a class=\"block-listing__button block-listing__button--red btn\" href=\"https:\/\/storhogna.se\/en\/restaurants\/guldkant\/\" target=\"\">See Gold Edge menu<\/a>\n                      <\/div>\n        <\/div>\n        \n      <\/div>\n            <\/div>\n<\/div>","protected":false},"excerpt":{"rendered":"<p>At Storhogna H\u00f6gfj\u00e4llshotell &amp; Spa we offer lunch for the day, a 3-course dinner for the evening, a bistro menu and other menus to add a touch of gold to your life.<\/p>","protected":false},"author":2,"featured_media":2938,"parent":38,"menu_order":0,"comment_status":"closed","ping_status":"closed","template":"","meta":{"_acf_changed":false,"footnotes":""},"categories":[],"tags":[],"class_list":["post-1020","page","type-page","status-publish","has-post-thumbnail","hentry"],"acf":[],"yoast_head":"<!-- This site is optimized with the Yoast SEO plugin v27.3 - https:\/\/yoast.com\/product\/yoast-seo-wordpress\/ -->\n<title>Menyer f\u00f6r lunch, middag och annat<\/title>\n<meta name=\"description\" content=\"P\u00e5 Storhogna H\u00f6gfj\u00e4llshotell &amp; Spa erbjuder vi dagens lunch, kv\u00e4llens 3-r\u00e4ttersmiddag, bistromeny samt andra menyer f\u00f6r att s\u00e4tta guldkant p\u00e5 tillvaron.\" \/>\n<meta name=\"robots\" content=\"index, follow, max-snippet:-1, max-image-preview:large, max-video-preview:-1\" \/>\n<link rel=\"canonical\" href=\"https:\/\/storhogna.se\/en\/to-state\/menus\/\" \/>\n<meta property=\"og:locale\" content=\"en_GB\" \/>\n<meta property=\"og:type\" content=\"article\" \/>\n<meta property=\"og:title\" content=\"Menyer f\u00f6r lunch, middag och annat\" \/>\n<meta property=\"og:description\" content=\"P\u00e5 Storhogna H\u00f6gfj\u00e4llshotell &amp; Spa erbjuder vi dagens lunch, kv\u00e4llens 3-r\u00e4ttersmiddag, bistromeny samt andra menyer f\u00f6r att s\u00e4tta guldkant p\u00e5 tillvaron.\" \/>\n<meta property=\"og:url\" content=\"https:\/\/storhogna.se\/en\/to-state\/menus\/\" \/>\n<meta property=\"og:site_name\" content=\"Storhogna H\u00f6gfj\u00e4llshotell &amp; Spa\" \/>\n<meta property=\"article:publisher\" content=\"https:\/\/www.facebook.com\/storhogna\" \/>\n<meta property=\"article:modified_time\" content=\"2024-01-24T13:35:53+00:00\" \/>\n<meta property=\"og:image\" content=\"https:\/\/storhogna.se\/wp-content\/uploads\/restauranggaster-laser-meny-2.jpg\" \/>\n\t<meta property=\"og:image:width\" content=\"2560\" \/>\n\t<meta property=\"og:image:height\" content=\"1440\" \/>\n\t<meta property=\"og:image:type\" content=\"image\/jpeg\" \/>\n<meta name=\"twitter:card\" content=\"summary_large_image\" \/>\n<meta name=\"twitter:label1\" content=\"Estimated reading time\" \/>\n\t<meta name=\"twitter:data1\" content=\"1 minute\" \/>\n<script type=\"application\/ld+json\" class=\"yoast-schema-graph\">{\"@context\":\"https:\\\/\\\/schema.org\",\"@graph\":[{\"@type\":\"WebPage\",\"@id\":\"https:\\\/\\\/storhogna.se\\\/att-ata\\\/menyer\\\/\",\"url\":\"https:\\\/\\\/storhogna.se\\\/att-ata\\\/menyer\\\/\",\"name\":\"Menyer f\u00f6r lunch, middag och annat\",\"isPartOf\":{\"@id\":\"https:\\\/\\\/storhogna.se\\\/#website\"},\"primaryImageOfPage\":{\"@id\":\"https:\\\/\\\/storhogna.se\\\/att-ata\\\/menyer\\\/#primaryimage\"},\"image\":{\"@id\":\"https:\\\/\\\/storhogna.se\\\/att-ata\\\/menyer\\\/#primaryimage\"},\"thumbnailUrl\":\"https:\\\/\\\/storhogna.se\\\/wp-content\\\/uploads\\\/restauranggaster-laser-meny-2.jpg\",\"datePublished\":\"2022-04-26T11:06:16+00:00\",\"dateModified\":\"2024-01-24T13:35:53+00:00\",\"description\":\"P\u00e5 Storhogna H\u00f6gfj\u00e4llshotell & Spa erbjuder vi dagens lunch, kv\u00e4llens 3-r\u00e4ttersmiddag, bistromeny samt andra menyer f\u00f6r att s\u00e4tta guldkant p\u00e5 tillvaron.\",\"breadcrumb\":{\"@id\":\"https:\\\/\\\/storhogna.se\\\/att-ata\\\/menyer\\\/#breadcrumb\"},\"inLanguage\":\"en-GB\",\"potentialAction\":[{\"@type\":\"ReadAction\",\"target\":[\"https:\\\/\\\/storhogna.se\\\/att-ata\\\/menyer\\\/\"]}]},{\"@type\":\"ImageObject\",\"inLanguage\":\"en-GB\",\"@id\":\"https:\\\/\\\/storhogna.se\\\/att-ata\\\/menyer\\\/#primaryimage\",\"url\":\"https:\\\/\\\/storhogna.se\\\/wp-content\\\/uploads\\\/restauranggaster-laser-meny-2.jpg\",\"contentUrl\":\"https:\\\/\\\/storhogna.se\\\/wp-content\\\/uploads\\\/restauranggaster-laser-meny-2.jpg\",\"width\":2560,\"height\":1440,\"caption\":\"Restaurangg\u00e4ster sitter vid bordet och l\u00e4ser menyn\"},{\"@type\":\"BreadcrumbList\",\"@id\":\"https:\\\/\\\/storhogna.se\\\/att-ata\\\/menyer\\\/#breadcrumb\",\"itemListElement\":[{\"@type\":\"ListItem\",\"position\":1,\"name\":\"Hem\",\"item\":\"https:\\\/\\\/storhogna.se\\\/\"},{\"@type\":\"ListItem\",\"position\":2,\"name\":\"Att \u00e4ta\",\"item\":\"https:\\\/\\\/storhogna.se\\\/att-ata\\\/\"},{\"@type\":\"ListItem\",\"position\":3,\"name\":\"Menyer Vintertr\u00e4dg\u00e5rden\"}]},{\"@type\":\"WebSite\",\"@id\":\"https:\\\/\\\/storhogna.se\\\/#website\",\"url\":\"https:\\\/\\\/storhogna.se\\\/\",\"name\":\"Storhogna H\u00f6gfj\u00e4llshotell &amp; Spa\",\"description\":\"Ett genuint h\u00f6gfj\u00e4llshotell med spa\",\"potentialAction\":[{\"@type\":\"SearchAction\",\"target\":{\"@type\":\"EntryPoint\",\"urlTemplate\":\"https:\\\/\\\/storhogna.se\\\/?s={search_term_string}\"},\"query-input\":{\"@type\":\"PropertyValueSpecification\",\"valueRequired\":true,\"valueName\":\"search_term_string\"}}],\"inLanguage\":\"en-GB\"}]}<\/script>\n<!-- \/ Yoast SEO plugin. -->","yoast_head_json":{"title":"Lunch, dinner and other menus","description":"At Storhogna H\u00f6gfj\u00e4llshotell &amp; Spa we offer lunch for the day, a 3-course dinner for the evening, a bistro menu and other menus to add a touch of gold to your life.","robots":{"index":"index","follow":"follow","max-snippet":"max-snippet:-1","max-image-preview":"max-image-preview:large","max-video-preview":"max-video-preview:-1"},"canonical":"https:\/\/storhogna.se\/en\/to-state\/menus\/","og_locale":"en_GB","og_type":"article","og_title":"Menyer f\u00f6r lunch, middag och annat","og_description":"P\u00e5 Storhogna H\u00f6gfj\u00e4llshotell & Spa erbjuder vi dagens lunch, kv\u00e4llens 3-r\u00e4ttersmiddag, bistromeny samt andra menyer f\u00f6r att s\u00e4tta guldkant p\u00e5 tillvaron.","og_url":"https:\/\/storhogna.se\/en\/to-state\/menus\/","og_site_name":"Storhogna H\u00f6gfj\u00e4llshotell &amp; Spa","article_publisher":"https:\/\/www.facebook.com\/storhogna","article_modified_time":"2024-01-24T13:35:53+00:00","og_image":[{"width":2560,"height":1440,"url":"https:\/\/storhogna.se\/wp-content\/uploads\/restauranggaster-laser-meny-2.jpg","type":"image\/jpeg"}],"twitter_card":"summary_large_image","twitter_misc":{"Estimated reading time":"1 minute"},"schema":{"@context":"https:\/\/schema.org","@graph":[{"@type":"WebPage","@id":"https:\/\/storhogna.se\/att-ata\/menyer\/","url":"https:\/\/storhogna.se\/att-ata\/menyer\/","name":"Lunch, dinner and other menus","isPartOf":{"@id":"https:\/\/storhogna.se\/#website"},"primaryImageOfPage":{"@id":"https:\/\/storhogna.se\/att-ata\/menyer\/#primaryimage"},"image":{"@id":"https:\/\/storhogna.se\/att-ata\/menyer\/#primaryimage"},"thumbnailUrl":"https:\/\/storhogna.se\/wp-content\/uploads\/restauranggaster-laser-meny-2.jpg","datePublished":"2022-04-26T11:06:16+00:00","dateModified":"2024-01-24T13:35:53+00:00","description":"At Storhogna H\u00f6gfj\u00e4llshotell &amp; Spa we offer lunch for the day, a 3-course dinner for the evening, a bistro menu and other menus to add a touch of gold to your life.","breadcrumb":{"@id":"https:\/\/storhogna.se\/att-ata\/menyer\/#breadcrumb"},"inLanguage":"en-GB","potentialAction":[{"@type":"ReadAction","target":["https:\/\/storhogna.se\/att-ata\/menyer\/"]}]},{"@type":"ImageObject","inLanguage":"en-GB","@id":"https:\/\/storhogna.se\/att-ata\/menyer\/#primaryimage","url":"https:\/\/storhogna.se\/wp-content\/uploads\/restauranggaster-laser-meny-2.jpg","contentUrl":"https:\/\/storhogna.se\/wp-content\/uploads\/restauranggaster-laser-meny-2.jpg","width":2560,"height":1440,"caption":"Restaurangg\u00e4ster sitter vid bordet och l\u00e4ser menyn"},{"@type":"BreadcrumbList","@id":"https:\/\/storhogna.se\/att-ata\/menyer\/#breadcrumb","itemListElement":[{"@type":"ListItem","position":1,"name":"Hem","item":"https:\/\/storhogna.se\/"},{"@type":"ListItem","position":2,"name":"Att \u00e4ta","item":"https:\/\/storhogna.se\/att-ata\/"},{"@type":"ListItem","position":3,"name":"Menyer Vintertr\u00e4dg\u00e5rden"}]},{"@type":"WebSite","@id":"https:\/\/storhogna.se\/#website","url":"https:\/\/storhogna.se\/","name":"Storhogna High Mountain Hotel &amp; Spa","description":"A genuine high mountain hotel with spa","potentialAction":[{"@type":"SearchAction","target":{"@type":"EntryPoint","urlTemplate":"https:\/\/storhogna.se\/?s={search_term_string}"},"query-input":{"@type":"PropertyValueSpecification","valueRequired":true,"valueName":"search_term_string"}}],"inLanguage":"en-GB"}]}},"_links":{"self":[{"href":"https:\/\/storhogna.se\/en\/wp-json\/wp\/v2\/pages\/1020","targetHints":{"allow":["GET"]}}],"collection":[{"href":"https:\/\/storhogna.se\/en\/wp-json\/wp\/v2\/pages"}],"about":[{"href":"https:\/\/storhogna.se\/en\/wp-json\/wp\/v2\/types\/page"}],"author":[{"embeddable":true,"href":"https:\/\/storhogna.se\/en\/wp-json\/wp\/v2\/users\/2"}],"replies":[{"embeddable":true,"href":"https:\/\/storhogna.se\/en\/wp-json\/wp\/v2\/comments?post=1020"}],"version-history":[{"count":57,"href":"https:\/\/storhogna.se\/en\/wp-json\/wp\/v2\/pages\/1020\/revisions"}],"predecessor-version":[{"id":10624,"href":"https:\/\/storhogna.se\/en\/wp-json\/wp\/v2\/pages\/1020\/revisions\/10624"}],"up":[{"embeddable":true,"href":"https:\/\/storhogna.se\/en\/wp-json\/wp\/v2\/pages\/38"}],"wp:featuredmedia":[{"embeddable":true,"href":"https:\/\/storhogna.se\/en\/wp-json\/wp\/v2\/media\/2938"}],"wp:attachment":[{"href":"https:\/\/storhogna.se\/en\/wp-json\/wp\/v2\/media?parent=1020"}],"wp:term":[{"taxonomy":"category","embeddable":true,"href":"https:\/\/storhogna.se\/en\/wp-json\/wp\/v2\/categories?post=1020"},{"taxonomy":"post_tag","embeddable":true,"href":"https:\/\/storhogna.se\/en\/wp-json\/wp\/v2\/tags?post=1020"}],"curies":[{"name":"wp","href":"https:\/\/api.w.org\/{rel}","templated":true}]}}