{"id":1024,"date":"2022-04-26T13:16:07","date_gmt":"2022-04-26T11:16:07","guid":{"rendered":"https:\/\/stage.storhogna.se\/?page_id=1024"},"modified":"2024-11-26T13:51:06","modified_gmt":"2024-11-26T11:51:06","slug":"ski-waxing","status":"publish","type":"page","link":"https:\/\/storhogna.se\/en\/skidakning\/","title":{"rendered":"Skiing"},"content":{"rendered":"<div class=\"hero-slider\"><div class=\"splide\" data-slider=\"hero\" data-arrows=\"true\" data-interval=\"5\" data-transition=\"slide\" data-start-index=\"0\" id=\"hero-slider_1732621833613\" data-id=\"hero-slider_1732621833613\" data-custom-arrows=\"true\"><div class=\"splide__track\"><ul class=\"splide__list\"><li class=\"splide__slide\"><picture><source media=\"(max-width: 340px)\" srcset=\"https:\/\/storhogna.se\/wp-content\/uploads\/storgona-feb-2023_saragardegard-200_optimized-300x200.jpg\"\/><source media=\"(min-width: 341px)\" srcset=\"https:\/\/storhogna.se\/wp-content\/uploads\/storgona-feb-2023_saragardegard-200_optimized-scaled.jpg\"\/><img fetchpriority=\"high\" decoding=\"async\" class=\"fullscreen-image\" src=\"https:\/\/storhogna.se\/wp-content\/uploads\/storgona-feb-2023_saragardegard-200_optimized-scaled.jpg\" alt=\"\" width=\"2560\" height=\"1707\" loading=\"eager\" style=\"object-position:50% 50%\"\/><\/picture><\/li><\/ul><\/div><\/div><div class=\"hero-slider__filter\" data-active=\"true\"><\/div><div class=\"hero-slider__fixed-content\"><div class=\"hero-slider__text-block\" data-visible=\"true\"><div class=\"hero-slider__text-block-inner\">\n<div class=\"wp-block-columns is-layout-flex wp-container-core-columns-is-layout-9d6595d7 wp-block-columns-is-layout-flex\">\n<div class=\"wp-block-column is-layout-flow wp-block-column-is-layout-flow\">\n<h1 class=\"wp-block-heading\">Skiing<\/h1>\n\n\n\n<p>The ski season in Storhogna is both snowy and long, thanks to its marvellous location on the bare mountain<\/p>\n<\/div>\n\n\n\n<div class=\"wp-block-column is-layout-flow wp-block-column-is-layout-flow\">\n<p>Storhogna offers ski-in ski-out with family-friendly alpine skiing on 100% of natural snow and cross-country skiing on well-groomed ski trails that start right at the hotel. <\/p>\n<\/div>\n<\/div>\n<\/div><\/div><\/div><\/div>\n\n\n<div class=\"block-listing\">\n  <div class=\"block-listing__layout\">\n                  <div class=\"block-listing__card block-listing__card--default block-listing__card--0\">\n        <a class=\"block-listing__link\" href=\"https:\/\/storhogna.se\/en\/activities\/alpin-skidakning\/\">\n          <div class=\"block-listing__filter\"><\/div>\n                    <img decoding=\"async\" class=\"block-listing__image\" src=\"https:\/\/storhogna.se\/wp-content\/uploads\/alpin-skidakning-storhogna-hogfjallshotell-600x600.jpg\" width=\"600\" height=\"600\" alt=\"#\" loading=\"lazy\"\/>\n                              <h3 class=\"block-listing__title\">Alpine skiing  <\/h3>\n        <\/a>\n        \n        <div class=\"block-listing__hover-content\">\n          <div>\n            <div class=\"block-listing__hover-title\">\n              Alpine skiing\n                          <\/div>\n            <div class=\"block-listing__excerpt\">The ski season in Storhogna is both snowy and long due to its location on the bare mountain. Here you will find ski-in-ski-out with family-friendly alpine skiing on 100% natural snow.<\/div>                                   <\/div>\n          <div class=\"block-listing__buttons\">\n                        <span class=\"block-listing__splash\"><\/span>\n                                                            <a class=\"block-listing__button block-listing__button--red btn\" href=\"https:\/\/storhogna.se\/en\/activities\/alpin-skidakning\/\" target=\"\">Read more about alpine skiing<\/a>\n                      <\/div>\n        <\/div>\n        \n      <\/div>\n                        <div class=\"block-listing__card block-listing__card--default block-listing__card--1\">\n        <a class=\"block-listing__link\" href=\"https:\/\/storhogna.se\/en\/activities\/langdskidakning\/\">\n          <div class=\"block-listing__filter\"><\/div>\n                    <img decoding=\"async\" class=\"block-listing__image\" src=\"https:\/\/storhogna.se\/wp-content\/uploads\/langdskidakning-skidspar-kalfjallet-600x600.jpg\" width=\"600\" height=\"600\" alt=\"#\" loading=\"lazy\"\/>\n                              <h3 class=\"block-listing__title\">Cross-country skiing  <\/h3>\n        <\/a>\n        \n        <div class=\"block-listing__hover-content\">\n          <div>\n            <div class=\"block-listing__hover-title\">\n              Cross-country skiing\n                          <\/div>\n            <div class=\"block-listing__excerpt\">Ultimate training opportunities, groomed ski trails, cosy accommodation and good food make Storhogna one of Sweden's best facilities for cross-country skiing.<\/div>                                   <\/div>\n          <div class=\"block-listing__buttons\">\n                        <span class=\"block-listing__splash\"><\/span>\n                                                            <a class=\"block-listing__button block-listing__button--red btn\" href=\"https:\/\/storhogna.se\/en\/activities\/langdskidakning\/\" target=\"\">Read more about cross-country skiing<\/a>\n                      <\/div>\n        <\/div>\n        \n      <\/div>\n                        <div class=\"block-listing__card block-listing__card--default block-listing__card--2\">\n        <a class=\"block-listing__link\" href=\"https:\/\/storhogna.se\/en\/offers\/vasaloppstraning-pa-storhogna\/\">\n          <div class=\"block-listing__filter\"><\/div>\n                    <img decoding=\"async\" class=\"block-listing__image\" src=\"https:\/\/storhogna.se\/wp-content\/uploads\/Storgona-feb-2023_Saragardegard-84-2-600x600.jpg\" width=\"600\" height=\"600\" alt=\"#\" loading=\"lazy\"\/>\n                              <h3 class=\"block-listing__title\">Vasalopp Training  <\/h3>\n        <\/a>\n        \n        <div class=\"block-listing__hover-content\">\n          <div>\n            <div class=\"block-listing__hover-title\">\n              Vasalopp Training\n                          <\/div>\n            <div class=\"block-listing__excerpt\">Ultimate training opportunities combined with cosy accommodation and good food make Storhogna one of Sweden's best facilities for cross-country skiing.<\/div>                                   <\/div>\n          <div class=\"block-listing__buttons\">\n                        <span class=\"block-listing__splash\"><\/span>\n                                                            <a class=\"block-listing__button block-listing__button--red btn\" href=\"https:\/\/storhogna.se\/en\/offers\/vasaloppstraning-pa-storhogna\/\" target=\"\">Read more<\/a>\n                      <\/div>\n        <\/div>\n        \n      <\/div>\n                        <div class=\"block-listing__card block-listing__card--default block-listing__card--3\">\n        <a class=\"block-listing__link\" href=\"https:\/\/storhogna.se\/en\/veckoprogram\/\">\n          <div class=\"block-listing__filter\"><\/div>\n                    <img decoding=\"async\" class=\"block-listing__image\" src=\"https:\/\/storhogna.se\/wp-content\/uploads\/Storhogna-42-2-600x600.jpg\" width=\"600\" height=\"600\" alt=\"#\" loading=\"lazy\"\/>\n                              <h3 class=\"block-listing__title\">Events at Storhogna  <\/h3>\n        <\/a>\n        \n        <div class=\"block-listing__hover-content\">\n          <div>\n            <div class=\"block-listing__hover-title\">\n              Events at Storhogna\n                          <\/div>\n            <div class=\"block-listing__excerpt\">Keep up to date with what's happening at Storhogna. Activities and programmes are updated regularly.<\/div>                                   <\/div>\n          <div class=\"block-listing__buttons\">\n                        <span class=\"block-listing__splash\"><\/span>\n                                                            <a class=\"block-listing__button block-listing__button--red btn\" href=\"https:\/\/storhogna.se\/en\/weekly-programme\/\" target=\"\">Read more here<\/a>\n                      <\/div>\n        <\/div>\n        \n      <\/div>\n                        <div class=\"block-listing__card block-listing__card--default block-listing__card--4\">\n        <a class=\"block-listing__link\" href=\"https:\/\/storhogna.se\/en\/fjallvistet\/\">\n          <div class=\"block-listing__filter\"><\/div>\n                    <img decoding=\"async\" class=\"block-listing__image\" src=\"https:\/\/storhogna.se\/wp-content\/uploads\/Fjallviste-bad-ute-600x600.jpg\" width=\"600\" height=\"600\" alt=\"#\" loading=\"lazy\"\/>\n                              <h3 class=\"block-listing__title\">Fj\u00e4llvistet  <\/h3>\n        <\/a>\n        \n        <div class=\"block-listing__hover-content\">\n          <div>\n            <div class=\"block-listing__hover-title\">\n              Fj\u00e4llvistet\n                          <\/div>\n            <div class=\"block-listing__excerpt\">At the foot of the mountain boasts the luxurious Fj\u00e4llvistet, perfect for the small conference group or a sauna and dinner experience with family and friends.<\/div>                                   <\/div>\n          <div class=\"block-listing__buttons\">\n                        <span class=\"block-listing__splash\"><\/span>\n                                                            <a class=\"block-listing__button block-listing__button--red btn\" href=\"https:\/\/storhogna.se\/en\/fjallvistet\/\" target=\"\">Read more about Fj\u00e4llvistet<\/a>\n                      <\/div>\n        <\/div>\n        \n      <\/div>\n            <\/div>\n<\/div>","protected":false},"excerpt":{"rendered":"<p>Storhogna offers ski-in ski-out with family-friendly alpine skiing on 100% of natural snow and cross-country skiing on well-groomed ski trails that start right at the hotel.<\/p>","protected":false},"author":2,"featured_media":2898,"parent":0,"menu_order":0,"comment_status":"closed","ping_status":"closed","template":"","meta":{"_acf_changed":false,"footnotes":""},"categories":[],"tags":[],"class_list":["post-1024","page","type-page","status-publish","has-post-thumbnail","hentry"],"acf":[],"yoast_head":"<!-- This site is optimized with the Yoast SEO plugin v27.3 - https:\/\/yoast.com\/product\/yoast-seo-wordpress\/ -->\n<title>Skid\u00e5kning - Skidupplevelser vid kalfj\u00e4llet | Storhogna H\u00f6gfj\u00e4llshotell &amp; Spa<\/title>\n<meta name=\"description\" content=\"Storhogna erbjuder ski-in-ski out med familjev\u00e4nlig alpin \u00e5kning p\u00e5 100% natursn\u00f6 och l\u00e4ngd\u00e5kning i v\u00e4lpreparerade skidsp\u00e5r som b\u00f6rjar precis vid hotellet.\" \/>\n<meta name=\"robots\" content=\"index, follow, max-snippet:-1, max-image-preview:large, max-video-preview:-1\" \/>\n<link rel=\"canonical\" href=\"https:\/\/storhogna.se\/en\/ski-waxing\/\" \/>\n<meta property=\"og:locale\" content=\"en_GB\" \/>\n<meta property=\"og:type\" content=\"article\" \/>\n<meta property=\"og:title\" content=\"Skid\u00e5kning - Skidupplevelser vid kalfj\u00e4llet | Storhogna H\u00f6gfj\u00e4llshotell &amp; Spa\" \/>\n<meta property=\"og:description\" content=\"Storhogna erbjuder ski-in-ski out med familjev\u00e4nlig alpin \u00e5kning p\u00e5 100% natursn\u00f6 och l\u00e4ngd\u00e5kning i v\u00e4lpreparerade skidsp\u00e5r som b\u00f6rjar precis vid hotellet.\" \/>\n<meta property=\"og:url\" content=\"https:\/\/storhogna.se\/en\/ski-waxing\/\" \/>\n<meta property=\"og:site_name\" content=\"Storhogna H\u00f6gfj\u00e4llshotell &amp; Spa\" \/>\n<meta property=\"article:publisher\" content=\"https:\/\/www.facebook.com\/storhogna\" \/>\n<meta property=\"article:modified_time\" content=\"2024-11-26T11:51:06+00:00\" \/>\n<meta property=\"og:image\" content=\"https:\/\/storhogna.se\/wp-content\/uploads\/blakupa-fjall-storhogna.jpg\" \/>\n\t<meta property=\"og:image:width\" content=\"2560\" \/>\n\t<meta property=\"og:image:height\" content=\"1440\" \/>\n\t<meta property=\"og:image:type\" content=\"image\/jpeg\" \/>\n<meta name=\"twitter:card\" content=\"summary_large_image\" \/>\n<meta name=\"twitter:label1\" content=\"Estimated reading time\" \/>\n\t<meta name=\"twitter:data1\" content=\"1 minute\" \/>\n<script type=\"application\/ld+json\" class=\"yoast-schema-graph\">{\"@context\":\"https:\\\/\\\/schema.org\",\"@graph\":[{\"@type\":\"WebPage\",\"@id\":\"https:\\\/\\\/storhogna.se\\\/skidakning\\\/\",\"url\":\"https:\\\/\\\/storhogna.se\\\/skidakning\\\/\",\"name\":\"Skid\u00e5kning - Skidupplevelser vid kalfj\u00e4llet | Storhogna H\u00f6gfj\u00e4llshotell & Spa\",\"isPartOf\":{\"@id\":\"https:\\\/\\\/storhogna.se\\\/#website\"},\"primaryImageOfPage\":{\"@id\":\"https:\\\/\\\/storhogna.se\\\/skidakning\\\/#primaryimage\"},\"image\":{\"@id\":\"https:\\\/\\\/storhogna.se\\\/skidakning\\\/#primaryimage\"},\"thumbnailUrl\":\"https:\\\/\\\/storhogna.se\\\/wp-content\\\/uploads\\\/blakupa-fjall-storhogna.jpg\",\"datePublished\":\"2022-04-26T11:16:07+00:00\",\"dateModified\":\"2024-11-26T11:51:06+00:00\",\"description\":\"Storhogna erbjuder ski-in-ski out med familjev\u00e4nlig alpin \u00e5kning p\u00e5 100% natursn\u00f6 och l\u00e4ngd\u00e5kning i v\u00e4lpreparerade skidsp\u00e5r som b\u00f6rjar precis vid hotellet.\",\"breadcrumb\":{\"@id\":\"https:\\\/\\\/storhogna.se\\\/skidakning\\\/#breadcrumb\"},\"inLanguage\":\"en-GB\",\"potentialAction\":[{\"@type\":\"ReadAction\",\"target\":[\"https:\\\/\\\/storhogna.se\\\/skidakning\\\/\"]}]},{\"@type\":\"ImageObject\",\"inLanguage\":\"en-GB\",\"@id\":\"https:\\\/\\\/storhogna.se\\\/skidakning\\\/#primaryimage\",\"url\":\"https:\\\/\\\/storhogna.se\\\/wp-content\\\/uploads\\\/blakupa-fjall-storhogna.jpg\",\"contentUrl\":\"https:\\\/\\\/storhogna.se\\\/wp-content\\\/uploads\\\/blakupa-fjall-storhogna.jpg\",\"width\":2560,\"height\":1440,\"caption\":\"Vintervy \u00f6ver Storhogna H\u00f6gfj\u00e4llshotell & Spa med fj\u00e4ll och bl\u00e5 himmel\"},{\"@type\":\"BreadcrumbList\",\"@id\":\"https:\\\/\\\/storhogna.se\\\/skidakning\\\/#breadcrumb\",\"itemListElement\":[{\"@type\":\"ListItem\",\"position\":1,\"name\":\"Hem\",\"item\":\"https:\\\/\\\/storhogna.se\\\/\"},{\"@type\":\"ListItem\",\"position\":2,\"name\":\"Skid\u00e5kning\"}]},{\"@type\":\"WebSite\",\"@id\":\"https:\\\/\\\/storhogna.se\\\/#website\",\"url\":\"https:\\\/\\\/storhogna.se\\\/\",\"name\":\"Storhogna H\u00f6gfj\u00e4llshotell &amp; Spa\",\"description\":\"Ett genuint h\u00f6gfj\u00e4llshotell med spa\",\"potentialAction\":[{\"@type\":\"SearchAction\",\"target\":{\"@type\":\"EntryPoint\",\"urlTemplate\":\"https:\\\/\\\/storhogna.se\\\/?s={search_term_string}\"},\"query-input\":{\"@type\":\"PropertyValueSpecification\",\"valueRequired\":true,\"valueName\":\"search_term_string\"}}],\"inLanguage\":\"en-GB\"}]}<\/script>\n<!-- \/ Yoast SEO plugin. -->","yoast_head_json":{"title":"Skiing - Skiing experiences in the mountains | Storhogna H\u00f6gfj\u00e4llshotell &amp; Spa","description":"Storhogna offers ski-in ski-out with family-friendly alpine skiing on 100% of natural snow and cross-country skiing on well-groomed ski trails that start right at the hotel.","robots":{"index":"index","follow":"follow","max-snippet":"max-snippet:-1","max-image-preview":"max-image-preview:large","max-video-preview":"max-video-preview:-1"},"canonical":"https:\/\/storhogna.se\/en\/ski-waxing\/","og_locale":"en_GB","og_type":"article","og_title":"Skid\u00e5kning - Skidupplevelser vid kalfj\u00e4llet | Storhogna H\u00f6gfj\u00e4llshotell & Spa","og_description":"Storhogna erbjuder ski-in-ski out med familjev\u00e4nlig alpin \u00e5kning p\u00e5 100% natursn\u00f6 och l\u00e4ngd\u00e5kning i v\u00e4lpreparerade skidsp\u00e5r som b\u00f6rjar precis vid hotellet.","og_url":"https:\/\/storhogna.se\/en\/ski-waxing\/","og_site_name":"Storhogna H\u00f6gfj\u00e4llshotell &amp; Spa","article_publisher":"https:\/\/www.facebook.com\/storhogna","article_modified_time":"2024-11-26T11:51:06+00:00","og_image":[{"width":2560,"height":1440,"url":"https:\/\/storhogna.se\/wp-content\/uploads\/blakupa-fjall-storhogna.jpg","type":"image\/jpeg"}],"twitter_card":"summary_large_image","twitter_misc":{"Estimated reading time":"1 minute"},"schema":{"@context":"https:\/\/schema.org","@graph":[{"@type":"WebPage","@id":"https:\/\/storhogna.se\/skidakning\/","url":"https:\/\/storhogna.se\/skidakning\/","name":"Skiing - Skiing experiences in the mountains | Storhogna H\u00f6gfj\u00e4llshotell &amp; Spa","isPartOf":{"@id":"https:\/\/storhogna.se\/#website"},"primaryImageOfPage":{"@id":"https:\/\/storhogna.se\/skidakning\/#primaryimage"},"image":{"@id":"https:\/\/storhogna.se\/skidakning\/#primaryimage"},"thumbnailUrl":"https:\/\/storhogna.se\/wp-content\/uploads\/blakupa-fjall-storhogna.jpg","datePublished":"2022-04-26T11:16:07+00:00","dateModified":"2024-11-26T11:51:06+00:00","description":"Storhogna offers ski-in ski-out with family-friendly alpine skiing on 100% of natural snow and cross-country skiing on well-groomed ski trails that start right at the hotel.","breadcrumb":{"@id":"https:\/\/storhogna.se\/skidakning\/#breadcrumb"},"inLanguage":"en-GB","potentialAction":[{"@type":"ReadAction","target":["https:\/\/storhogna.se\/skidakning\/"]}]},{"@type":"ImageObject","inLanguage":"en-GB","@id":"https:\/\/storhogna.se\/skidakning\/#primaryimage","url":"https:\/\/storhogna.se\/wp-content\/uploads\/blakupa-fjall-storhogna.jpg","contentUrl":"https:\/\/storhogna.se\/wp-content\/uploads\/blakupa-fjall-storhogna.jpg","width":2560,"height":1440,"caption":"Vintervy \u00f6ver Storhogna H\u00f6gfj\u00e4llshotell & Spa med fj\u00e4ll och bl\u00e5 himmel"},{"@type":"BreadcrumbList","@id":"https:\/\/storhogna.se\/skidakning\/#breadcrumb","itemListElement":[{"@type":"ListItem","position":1,"name":"Hem","item":"https:\/\/storhogna.se\/"},{"@type":"ListItem","position":2,"name":"Skid\u00e5kning"}]},{"@type":"WebSite","@id":"https:\/\/storhogna.se\/#website","url":"https:\/\/storhogna.se\/","name":"Storhogna High Mountain Hotel &amp; Spa","description":"A genuine high mountain hotel with spa","potentialAction":[{"@type":"SearchAction","target":{"@type":"EntryPoint","urlTemplate":"https:\/\/storhogna.se\/?s={search_term_string}"},"query-input":{"@type":"PropertyValueSpecification","valueRequired":true,"valueName":"search_term_string"}}],"inLanguage":"en-GB"}]}},"_links":{"self":[{"href":"https:\/\/storhogna.se\/en\/wp-json\/wp\/v2\/pages\/1024","targetHints":{"allow":["GET"]}}],"collection":[{"href":"https:\/\/storhogna.se\/en\/wp-json\/wp\/v2\/pages"}],"about":[{"href":"https:\/\/storhogna.se\/en\/wp-json\/wp\/v2\/types\/page"}],"author":[{"embeddable":true,"href":"https:\/\/storhogna.se\/en\/wp-json\/wp\/v2\/users\/2"}],"replies":[{"embeddable":true,"href":"https:\/\/storhogna.se\/en\/wp-json\/wp\/v2\/comments?post=1024"}],"version-history":[{"count":22,"href":"https:\/\/storhogna.se\/en\/wp-json\/wp\/v2\/pages\/1024\/revisions"}],"predecessor-version":[{"id":14389,"href":"https:\/\/storhogna.se\/en\/wp-json\/wp\/v2\/pages\/1024\/revisions\/14389"}],"wp:featuredmedia":[{"embeddable":true,"href":"https:\/\/storhogna.se\/en\/wp-json\/wp\/v2\/media\/2898"}],"wp:attachment":[{"href":"https:\/\/storhogna.se\/en\/wp-json\/wp\/v2\/media?parent=1024"}],"wp:term":[{"taxonomy":"category","embeddable":true,"href":"https:\/\/storhogna.se\/en\/wp-json\/wp\/v2\/categories?post=1024"},{"taxonomy":"post_tag","embeddable":true,"href":"https:\/\/storhogna.se\/en\/wp-json\/wp\/v2\/tags?post=1024"}],"curies":[{"name":"wp","href":"https:\/\/api.w.org\/{rel}","templated":true}]}}