{"id":10899,"date":"2024-02-08T21:41:27","date_gmt":"2024-02-08T19:41:27","guid":{"rendered":"https:\/\/storhogna.se\/?page_id=10899"},"modified":"2025-04-02T16:05:44","modified_gmt":"2025-04-02T14:05:44","slug":"hackas-rooms","status":"publish","type":"page","link":"https:\/\/storhogna.se\/en\/info-och-inspo\/hotellrum\/hackasrumen\/","title":{"rendered":"The Hack\u00e5s Rooms"},"content":{"rendered":"<div class=\"hero-slider\"><div class=\"splide\" data-slider=\"hero\" data-arrows=\"true\" data-interval=\"5\" data-transition=\"loop\" data-start-index=\"0\" id=\"hero-slider_1743602743502\" data-id=\"hero-slider_1743602743502\" data-custom-arrows=\"true\"><div class=\"splide__track\"><ul class=\"splide__list\"><li class=\"splide__slide\"><picture><source media=\"(max-width: 340px)\" srcset=\"https:\/\/storhogna.se\/wp-content\/uploads\/Storhogna-fallmoran-rum-sang-300x200.jpg\"\/><source media=\"(min-width: 341px)\" srcset=\"https:\/\/storhogna.se\/wp-content\/uploads\/Storhogna-fallmoran-rum-sang-scaled.jpg\"\/><img fetchpriority=\"high\" decoding=\"async\" class=\"fullscreen-image\" src=\"https:\/\/storhogna.se\/wp-content\/uploads\/Storhogna-fallmoran-rum-sang-scaled.jpg\" alt=\"\" width=\"2560\" height=\"1707\" loading=\"eager\" style=\"object-position:50% 50%\"\/><\/picture><\/li><li class=\"splide__slide\"><picture><source media=\"(max-width: 340px)\" srcset=\"https:\/\/storhogna.se\/wp-content\/uploads\/Storhogna-fettjan-rum-tv-300x200.jpg\"\/><source media=\"(min-width: 341px)\" srcset=\"https:\/\/storhogna.se\/wp-content\/uploads\/Storhogna-fettjan-rum-tv-scaled.jpg\"\/><img decoding=\"async\" class=\"fullscreen-image\" src=\"https:\/\/storhogna.se\/wp-content\/uploads\/Storhogna-fettjan-rum-tv-scaled.jpg\" alt=\"\" width=\"2560\" height=\"1707\" loading=\"eager\" style=\"object-position:50% 50%\"\/><\/picture><\/li><\/ul><\/div><\/div><div class=\"hero-slider__filter\" data-active=\"true\"><\/div><div class=\"hero-slider__fixed-content\"><div class=\"hero-slider__text-block\" data-visible=\"true\"><div class=\"hero-slider__text-block-inner\">\n<div class=\"wp-block-columns is-layout-flex wp-container-core-columns-is-layout-9d6595d7 wp-block-columns-is-layout-flex\">\n<div class=\"wp-block-column is-layout-flow wp-block-column-is-layout-flow\">\n<h1 class=\"wp-block-heading\">Hack\u00e5s rooms<\/h1>\n\n\n\n<p>Our most unique and historic rooms!<\/p>\n<\/div>\n\n\n\n<div class=\"wp-block-column is-layout-flow wp-block-column-is-layout-flow\">\n<p>Discover the charm of our four unique rooms at Hack\u00e5s, located in the original part of the hotel. Each room offers all the comforts and a unique experience.<\/p>\n<\/div>\n<\/div>\n<\/div><\/div><\/div><\/div>\n\n\n<div class=\"media-and-text\">\n    <div class=\"media-and-text__layout media-and-text__layout--invert  invert-stack  default-color default-background\">\n      <div class=\"media-and-text__media\">\n                            <div class=\"splide article-slider\" data-slider=\"basic\" data-custom-arrows=\"true\" id=\"basic-slider_bef85fd437a5383e5293b9c245fb3f\">\n            <div class=\"splide__track article-slider__track\">\n              <ul class=\"splide__list article-slider__list\">\n                                  <li class=\"splide__slide article-slider__slide\">\n                    <img decoding=\"async\"\n                      class=\"article-slider__image\"\n                      src=\"https:\/\/storhogna.se\/wp-content\/uploads\/Fettjan-hackasrum-storhogna-800x1200.jpg\"\n                      srcset=\"https:\/\/storhogna.se\/wp-content\/uploads\/Fettjan-hackasrum-storhogna-800x1200.jpg 800w, https:\/\/storhogna.se\/wp-content\/uploads\/Fettjan-hackasrum-storhogna-800x1200.jpg 800w\"\n                      sizes=\"auto, (max-width: 600px), 800px, 800px\"\n                      alt=\"\"\n                      width=\"800\" \n                      height=\"1200\" \n                      loading=\"lazy\"\n                      \/>\n                    <\/li>\n                                  <li class=\"splide__slide article-slider__slide\">\n                    <img decoding=\"async\"\n                      class=\"article-slider__image\"\n                      src=\"https:\/\/storhogna.se\/wp-content\/uploads\/storhogna-fettjan-rum-vy-1200x800.jpg\"\n                      srcset=\"https:\/\/storhogna.se\/wp-content\/uploads\/storhogna-fettjan-rum-vy-1200x800.jpg 1200w, https:\/\/storhogna.se\/wp-content\/uploads\/storhogna-fettjan-rum-vy-800x533.jpg 800w\"\n                      sizes=\"auto, (max-width: 600px), 1200px, 800px\"\n                      alt=\"\"\n                      width=\"1200\" \n                      height=\"800\" \n                      loading=\"lazy\"\n                      \/>\n                    <\/li>\n                                  <li class=\"splide__slide article-slider__slide\">\n                    <img decoding=\"async\"\n                      class=\"article-slider__image\"\n                      src=\"https:\/\/storhogna.se\/wp-content\/uploads\/Flotan-Hackasrum-storhogna-800x1200.jpg\"\n                      srcset=\"https:\/\/storhogna.se\/wp-content\/uploads\/Flotan-Hackasrum-storhogna-800x1200.jpg 800w, https:\/\/storhogna.se\/wp-content\/uploads\/Flotan-Hackasrum-storhogna-800x1200.jpg 800w\"\n                      sizes=\"auto, (max-width: 600px), 800px, 800px\"\n                      alt=\"\"\n                      width=\"800\" \n                      height=\"1200\" \n                      loading=\"lazy\"\n                      \/>\n                    <\/li>\n                              <\/ul>\n            <\/div>\n          <\/div>\n              <\/div>\n      <div class=\"media-and-text__content top\">\n        <div class=\"media-and-text__content-container\">\n          <div class=\"media-and-text__text\">\n            <h2>Hack\u00e5s four rooms are located in the original part of the hotel and are of different character<\/h2>\n<p>- Hack\u00e5s double room has a balcony and views of the Winter Garden.<\/p>\n<p>- Hack\u00e5s 4-bed room with double bed and bunk bed, balcony and view of the Winter Garden.<\/p>\n<p>- Hack\u00e5s 4-bed room with double bed and bunk bed, balcony and mountain view.<\/p>\n<p>- Hack\u00e5s 6-bed room with double bed, 2 bunk beds, private sauna, balcony and mountain views.<\/p>\n<p><strong>In all rooms<\/strong><br \/>\nAll rooms have shower\/WC, telephone, TV\/radio, hairdryer and Wi-Fi.<\/p>\n<p><em>Can only be booked by phone or email.\u00a0<\/em><\/p>\n<p>&nbsp;<\/p>\n<p><strong>Contact booking to book our Hack\u00e5s rooms<\/strong><\/p>\n<p><a href=\"mailto:bokningen@storhogna.com\">bokningen@storhogna.com<\/a>\u00a0|\u00a0<a href=\"tel:+46682413030\">0682-413030<\/a><\/p>\n<div id=\"puff-container\" class=\"clearfix puffs-small\"><\/div>\n\n          <\/div>\n                            <\/div>\n      <\/div>\n    <\/div>\n  <\/div>","protected":false},"excerpt":{"rendered":"<p>Discover the charm of our four unique rooms at Hack\u00e5s, located in the original part of the hotel. Each room offers all the comforts and a unique experience.<\/p>","protected":false},"author":12,"featured_media":14928,"parent":1831,"menu_order":2,"comment_status":"closed","ping_status":"closed","template":"","meta":{"_acf_changed":false,"footnotes":""},"categories":[39],"tags":[],"class_list":["post-10899","page","type-page","status-publish","has-post-thumbnail","hentry","category-hotellrum"],"acf":[],"yoast_head":"<!-- This site is optimized with the Yoast SEO plugin v27.3 - https:\/\/yoast.com\/product\/yoast-seo-wordpress\/ -->\n<title>Uppt\u00e4ck charmen hos v\u00e5ra fyra unika rum p\u00e5 Hack\u00e5s<\/title>\n<meta name=\"description\" content=\"V\u00e5ra Hack\u00e5srum \u00e4r bel\u00e4gna i den ursprungliga delen av hotellet. Varje rum erbjuder alla bekv\u00e4mligheter och en s\u00e4regen upplevelse.\" \/>\n<meta name=\"robots\" content=\"index, follow, max-snippet:-1, max-image-preview:large, max-video-preview:-1\" \/>\n<link rel=\"canonical\" href=\"https:\/\/storhogna.se\/en\/info-and-inspiration\/hotel-room\/hackas-rooms\/\" \/>\n<meta property=\"og:locale\" content=\"en_GB\" \/>\n<meta property=\"og:type\" content=\"article\" \/>\n<meta property=\"og:title\" content=\"Uppt\u00e4ck charmen hos v\u00e5ra fyra unika rum p\u00e5 Hack\u00e5s\" \/>\n<meta property=\"og:description\" content=\"V\u00e5ra Hack\u00e5srum \u00e4r bel\u00e4gna i den ursprungliga delen av hotellet. Varje rum erbjuder alla bekv\u00e4mligheter och en s\u00e4regen upplevelse.\" \/>\n<meta property=\"og:url\" content=\"https:\/\/storhogna.se\/en\/info-and-inspiration\/hotel-room\/hackas-rooms\/\" \/>\n<meta property=\"og:site_name\" content=\"Storhogna H\u00f6gfj\u00e4llshotell &amp; Spa\" \/>\n<meta property=\"article:publisher\" content=\"https:\/\/www.facebook.com\/storhogna\" \/>\n<meta property=\"article:modified_time\" content=\"2025-04-02T14:05:44+00:00\" \/>\n<meta property=\"og:image\" content=\"https:\/\/storhogna.se\/wp-content\/uploads\/Storhogna-fallmoran-rum-sang-scaled.jpg\" \/>\n\t<meta property=\"og:image:width\" content=\"2560\" \/>\n\t<meta property=\"og:image:height\" content=\"1707\" \/>\n\t<meta property=\"og:image:type\" content=\"image\/jpeg\" \/>\n<meta name=\"twitter:card\" content=\"summary_large_image\" \/>\n<meta name=\"twitter:label1\" content=\"Estimated reading time\" \/>\n\t<meta name=\"twitter:data1\" content=\"1 minute\" \/>\n<script type=\"application\/ld+json\" class=\"yoast-schema-graph\">{\"@context\":\"https:\\\/\\\/schema.org\",\"@graph\":[{\"@type\":\"WebPage\",\"@id\":\"https:\\\/\\\/storhogna.se\\\/info-och-inspo\\\/hotellrum\\\/hackasrumen\\\/\",\"url\":\"https:\\\/\\\/storhogna.se\\\/info-och-inspo\\\/hotellrum\\\/hackasrumen\\\/\",\"name\":\"Uppt\u00e4ck charmen hos v\u00e5ra fyra unika rum p\u00e5 Hack\u00e5s\",\"isPartOf\":{\"@id\":\"https:\\\/\\\/storhogna.se\\\/#website\"},\"primaryImageOfPage\":{\"@id\":\"https:\\\/\\\/storhogna.se\\\/info-och-inspo\\\/hotellrum\\\/hackasrumen\\\/#primaryimage\"},\"image\":{\"@id\":\"https:\\\/\\\/storhogna.se\\\/info-och-inspo\\\/hotellrum\\\/hackasrumen\\\/#primaryimage\"},\"thumbnailUrl\":\"https:\\\/\\\/storhogna.se\\\/wp-content\\\/uploads\\\/Storhogna-fallmoran-rum-sang-scaled.jpg\",\"datePublished\":\"2024-02-08T19:41:27+00:00\",\"dateModified\":\"2025-04-02T14:05:44+00:00\",\"description\":\"V\u00e5ra Hack\u00e5srum \u00e4r bel\u00e4gna i den ursprungliga delen av hotellet. Varje rum erbjuder alla bekv\u00e4mligheter och en s\u00e4regen upplevelse.\",\"breadcrumb\":{\"@id\":\"https:\\\/\\\/storhogna.se\\\/info-och-inspo\\\/hotellrum\\\/hackasrumen\\\/#breadcrumb\"},\"inLanguage\":\"en-GB\",\"potentialAction\":[{\"@type\":\"ReadAction\",\"target\":[\"https:\\\/\\\/storhogna.se\\\/info-och-inspo\\\/hotellrum\\\/hackasrumen\\\/\"]}]},{\"@type\":\"ImageObject\",\"inLanguage\":\"en-GB\",\"@id\":\"https:\\\/\\\/storhogna.se\\\/info-och-inspo\\\/hotellrum\\\/hackasrumen\\\/#primaryimage\",\"url\":\"https:\\\/\\\/storhogna.se\\\/wp-content\\\/uploads\\\/Storhogna-fallmoran-rum-sang-scaled.jpg\",\"contentUrl\":\"https:\\\/\\\/storhogna.se\\\/wp-content\\\/uploads\\\/Storhogna-fallmoran-rum-sang-scaled.jpg\",\"width\":2560,\"height\":1707},{\"@type\":\"BreadcrumbList\",\"@id\":\"https:\\\/\\\/storhogna.se\\\/info-och-inspo\\\/hotellrum\\\/hackasrumen\\\/#breadcrumb\",\"itemListElement\":[{\"@type\":\"ListItem\",\"position\":1,\"name\":\"Hem\",\"item\":\"https:\\\/\\\/storhogna.se\\\/\"},{\"@type\":\"ListItem\",\"position\":2,\"name\":\"Info\",\"item\":\"https:\\\/\\\/storhogna.se\\\/info-och-inspo\\\/\"},{\"@type\":\"ListItem\",\"position\":3,\"name\":\"Hotellrum\",\"item\":\"https:\\\/\\\/storhogna.se\\\/info-och-inspo\\\/hotellrum\\\/\"},{\"@type\":\"ListItem\",\"position\":4,\"name\":\"Hack\u00e5srumen\"}]},{\"@type\":\"WebSite\",\"@id\":\"https:\\\/\\\/storhogna.se\\\/#website\",\"url\":\"https:\\\/\\\/storhogna.se\\\/\",\"name\":\"Storhogna H\u00f6gfj\u00e4llshotell &amp; Spa\",\"description\":\"Ett genuint h\u00f6gfj\u00e4llshotell med spa\",\"potentialAction\":[{\"@type\":\"SearchAction\",\"target\":{\"@type\":\"EntryPoint\",\"urlTemplate\":\"https:\\\/\\\/storhogna.se\\\/?s={search_term_string}\"},\"query-input\":{\"@type\":\"PropertyValueSpecification\",\"valueRequired\":true,\"valueName\":\"search_term_string\"}}],\"inLanguage\":\"en-GB\"}]}<\/script>\n<!-- \/ Yoast SEO plugin. -->","yoast_head_json":{"title":"Discover the charm of our four unique rooms at Hack\u00e5s","description":"Our Hack\u00e5s rooms are located in the original part of the hotel. Each room offers all the comforts and a distinctive experience.","robots":{"index":"index","follow":"follow","max-snippet":"max-snippet:-1","max-image-preview":"max-image-preview:large","max-video-preview":"max-video-preview:-1"},"canonical":"https:\/\/storhogna.se\/en\/info-and-inspiration\/hotel-room\/hackas-rooms\/","og_locale":"en_GB","og_type":"article","og_title":"Uppt\u00e4ck charmen hos v\u00e5ra fyra unika rum p\u00e5 Hack\u00e5s","og_description":"V\u00e5ra Hack\u00e5srum \u00e4r bel\u00e4gna i den ursprungliga delen av hotellet. Varje rum erbjuder alla bekv\u00e4mligheter och en s\u00e4regen upplevelse.","og_url":"https:\/\/storhogna.se\/en\/info-and-inspiration\/hotel-room\/hackas-rooms\/","og_site_name":"Storhogna H\u00f6gfj\u00e4llshotell &amp; Spa","article_publisher":"https:\/\/www.facebook.com\/storhogna","article_modified_time":"2025-04-02T14:05:44+00:00","og_image":[{"width":2560,"height":1707,"url":"https:\/\/storhogna.se\/wp-content\/uploads\/Storhogna-fallmoran-rum-sang-scaled.jpg","type":"image\/jpeg"}],"twitter_card":"summary_large_image","twitter_misc":{"Estimated reading time":"1 minute"},"schema":{"@context":"https:\/\/schema.org","@graph":[{"@type":"WebPage","@id":"https:\/\/storhogna.se\/info-och-inspo\/hotellrum\/hackasrumen\/","url":"https:\/\/storhogna.se\/info-och-inspo\/hotellrum\/hackasrumen\/","name":"Discover the charm of our four unique rooms at Hack\u00e5s","isPartOf":{"@id":"https:\/\/storhogna.se\/#website"},"primaryImageOfPage":{"@id":"https:\/\/storhogna.se\/info-och-inspo\/hotellrum\/hackasrumen\/#primaryimage"},"image":{"@id":"https:\/\/storhogna.se\/info-och-inspo\/hotellrum\/hackasrumen\/#primaryimage"},"thumbnailUrl":"https:\/\/storhogna.se\/wp-content\/uploads\/Storhogna-fallmoran-rum-sang-scaled.jpg","datePublished":"2024-02-08T19:41:27+00:00","dateModified":"2025-04-02T14:05:44+00:00","description":"Our Hack\u00e5s rooms are located in the original part of the hotel. Each room offers all the comforts and a distinctive experience.","breadcrumb":{"@id":"https:\/\/storhogna.se\/info-och-inspo\/hotellrum\/hackasrumen\/#breadcrumb"},"inLanguage":"en-GB","potentialAction":[{"@type":"ReadAction","target":["https:\/\/storhogna.se\/info-och-inspo\/hotellrum\/hackasrumen\/"]}]},{"@type":"ImageObject","inLanguage":"en-GB","@id":"https:\/\/storhogna.se\/info-och-inspo\/hotellrum\/hackasrumen\/#primaryimage","url":"https:\/\/storhogna.se\/wp-content\/uploads\/Storhogna-fallmoran-rum-sang-scaled.jpg","contentUrl":"https:\/\/storhogna.se\/wp-content\/uploads\/Storhogna-fallmoran-rum-sang-scaled.jpg","width":2560,"height":1707},{"@type":"BreadcrumbList","@id":"https:\/\/storhogna.se\/info-och-inspo\/hotellrum\/hackasrumen\/#breadcrumb","itemListElement":[{"@type":"ListItem","position":1,"name":"Hem","item":"https:\/\/storhogna.se\/"},{"@type":"ListItem","position":2,"name":"Info","item":"https:\/\/storhogna.se\/info-och-inspo\/"},{"@type":"ListItem","position":3,"name":"Hotellrum","item":"https:\/\/storhogna.se\/info-och-inspo\/hotellrum\/"},{"@type":"ListItem","position":4,"name":"Hack\u00e5srumen"}]},{"@type":"WebSite","@id":"https:\/\/storhogna.se\/#website","url":"https:\/\/storhogna.se\/","name":"Storhogna High Mountain Hotel &amp; Spa","description":"A genuine high mountain hotel with spa","potentialAction":[{"@type":"SearchAction","target":{"@type":"EntryPoint","urlTemplate":"https:\/\/storhogna.se\/?s={search_term_string}"},"query-input":{"@type":"PropertyValueSpecification","valueRequired":true,"valueName":"search_term_string"}}],"inLanguage":"en-GB"}]}},"_links":{"self":[{"href":"https:\/\/storhogna.se\/en\/wp-json\/wp\/v2\/pages\/10899","targetHints":{"allow":["GET"]}}],"collection":[{"href":"https:\/\/storhogna.se\/en\/wp-json\/wp\/v2\/pages"}],"about":[{"href":"https:\/\/storhogna.se\/en\/wp-json\/wp\/v2\/types\/page"}],"author":[{"embeddable":true,"href":"https:\/\/storhogna.se\/en\/wp-json\/wp\/v2\/users\/12"}],"replies":[{"embeddable":true,"href":"https:\/\/storhogna.se\/en\/wp-json\/wp\/v2\/comments?post=10899"}],"version-history":[{"count":14,"href":"https:\/\/storhogna.se\/en\/wp-json\/wp\/v2\/pages\/10899\/revisions"}],"predecessor-version":[{"id":16345,"href":"https:\/\/storhogna.se\/en\/wp-json\/wp\/v2\/pages\/10899\/revisions\/16345"}],"up":[{"embeddable":true,"href":"https:\/\/storhogna.se\/en\/wp-json\/wp\/v2\/pages\/1831"}],"wp:featuredmedia":[{"embeddable":true,"href":"https:\/\/storhogna.se\/en\/wp-json\/wp\/v2\/media\/14928"}],"wp:attachment":[{"href":"https:\/\/storhogna.se\/en\/wp-json\/wp\/v2\/media?parent=10899"}],"wp:term":[{"taxonomy":"category","embeddable":true,"href":"https:\/\/storhogna.se\/en\/wp-json\/wp\/v2\/categories?post=10899"},{"taxonomy":"post_tag","embeddable":true,"href":"https:\/\/storhogna.se\/en\/wp-json\/wp\/v2\/tags?post=10899"}],"curies":[{"name":"wp","href":"https:\/\/api.w.org\/{rel}","templated":true}]}}