{"id":12089,"date":"2024-03-26T10:06:30","date_gmt":"2024-03-26T08:06:30","guid":{"rendered":"https:\/\/storhogna.se\/?page_id=12089"},"modified":"2026-03-13T16:03:48","modified_gmt":"2026-03-13T14:03:48","slug":"give-the-gift-of-a-mountain-experience","status":"publish","type":"page","link":"https:\/\/storhogna.se\/en\/ge-bort-en-fjallupplevelse\/","title":{"rendered":"Give the gift of a mountain experience"},"content":{"rendered":"<div class=\"hero-slider\"><div class=\"splide\" data-slider=\"hero\" data-arrows=\"true\" data-interval=\"5\" data-transition=\"loop\" data-start-index=\"0\" id=\"hero-slider_1773410621862\" data-id=\"hero-slider_1773410621862\" data-custom-arrows=\"true\"><div class=\"splide__track\"><ul class=\"splide__list\"><li class=\"splide__slide\"><picture><source media=\"(max-width: 340px)\" srcset=\"https:\/\/storhogna.se\/wp-content\/uploads\/STORHOGNA_17-300x200.jpg\"\/><source media=\"(min-width: 341px)\" srcset=\"https:\/\/storhogna.se\/wp-content\/uploads\/STORHOGNA_17-scaled.jpg\"\/><img fetchpriority=\"high\" decoding=\"async\" class=\"fullscreen-image\" src=\"https:\/\/storhogna.se\/wp-content\/uploads\/STORHOGNA_17-scaled.jpg\" alt=\"\" width=\"2560\" height=\"1709\" loading=\"eager\" style=\"object-position:50% 50%\"\/><\/picture><\/li><li class=\"splide__slide\"><picture><source media=\"(max-width: 340px)\" srcset=\"https:\/\/storhogna.se\/wp-content\/uploads\/fjallvandrare-utfor-fjallet-storhogna-host-300x169.jpg\"\/><source media=\"(min-width: 341px)\" srcset=\"https:\/\/storhogna.se\/wp-content\/uploads\/fjallvandrare-utfor-fjallet-storhogna-host.jpg\"\/><img decoding=\"async\" class=\"fullscreen-image\" src=\"https:\/\/storhogna.se\/wp-content\/uploads\/fjallvandrare-utfor-fjallet-storhogna-host.jpg\" alt=\"Mountain hikers on their way down the mountain. Autumn picture with cabins in Storhogna in the background.\" width=\"2560\" height=\"1440\" loading=\"eager\" style=\"object-position:50% 50%\"\/><\/picture><\/li><li class=\"splide__slide\"><picture><source media=\"(max-width: 340px)\" srcset=\"https:\/\/storhogna.se\/wp-content\/uploads\/storhogna-hogfjallshotell-och-spa-ute-300x169.jpg\"\/><source media=\"(min-width: 341px)\" srcset=\"https:\/\/storhogna.se\/wp-content\/uploads\/storhogna-hogfjallshotell-och-spa-ute.jpg\"\/><img decoding=\"async\" class=\"fullscreen-image\" src=\"https:\/\/storhogna.se\/wp-content\/uploads\/storhogna-hogfjallshotell-och-spa-ute.jpg\" alt=\"Outdoor picture Storhogna H\u00f6gfj\u00e4llshotell &amp; Spa\" width=\"2560\" height=\"1440\" loading=\"eager\" style=\"object-position:50% 50%\"\/><\/picture><\/li><li class=\"splide__slide\"><picture><source media=\"(max-width: 340px)\" srcset=\"https:\/\/storhogna.se\/wp-content\/uploads\/Storgona-feb-2023_Saragardegard-66-1-300x200.jpg\"\/><source media=\"(min-width: 341px)\" srcset=\"https:\/\/storhogna.se\/wp-content\/uploads\/Storgona-feb-2023_Saragardegard-66-1-scaled.jpg\"\/><img decoding=\"async\" class=\"fullscreen-image\" src=\"https:\/\/storhogna.se\/wp-content\/uploads\/Storgona-feb-2023_Saragardegard-66-1-scaled.jpg\" alt=\"\" width=\"2560\" height=\"1707\" loading=\"eager\" style=\"object-position:50% 50%\"\/><\/picture><\/li><li class=\"splide__slide\"><picture><source media=\"(max-width: 340px)\" srcset=\"https:\/\/storhogna.se\/wp-content\/uploads\/Storgona-feb-2023_Saragardegard-128-1-300x200.jpg\"\/><source media=\"(min-width: 341px)\" srcset=\"https:\/\/storhogna.se\/wp-content\/uploads\/Storgona-feb-2023_Saragardegard-128-1-scaled.jpg\"\/><img decoding=\"async\" class=\"fullscreen-image\" src=\"https:\/\/storhogna.se\/wp-content\/uploads\/Storgona-feb-2023_Saragardegard-128-1-scaled.jpg\" alt=\"\" width=\"2560\" height=\"1707\" loading=\"eager\" style=\"object-position:50% 50%\"\/><\/picture><\/li><li class=\"splide__slide\"><picture><source media=\"(max-width: 340px)\" srcset=\"https:\/\/storhogna.se\/wp-content\/uploads\/fjallvandrare-paus-host-kalfjallet-300x169.jpeg\"\/><source media=\"(min-width: 341px)\" srcset=\"https:\/\/storhogna.se\/wp-content\/uploads\/fjallvandrare-paus-host-kalfjallet.jpeg\"\/><img decoding=\"async\" class=\"fullscreen-image\" src=\"https:\/\/storhogna.se\/wp-content\/uploads\/fjallvandrare-paus-host-kalfjallet.jpeg\" alt=\"Mountain hikers take a break on autumnal bare rock\" width=\"2560\" height=\"1440\" loading=\"eager\" style=\"object-position:50% 50%\"\/><\/picture><\/li><li class=\"splide__slide\"><picture><source media=\"(max-width: 340px)\" srcset=\"https:\/\/storhogna.se\/wp-content\/uploads\/man-kvinna-vid-poolkanten-ovanifran-300x169.jpg\"\/><source media=\"(min-width: 341px)\" srcset=\"https:\/\/storhogna.se\/wp-content\/uploads\/man-kvinna-vid-poolkanten-ovanifran.jpg\"\/><img decoding=\"async\" class=\"fullscreen-image\" src=\"https:\/\/storhogna.se\/wp-content\/uploads\/man-kvinna-vid-poolkanten-ovanifran.jpg\" alt=\"Man and woman sitting by the poolside, taken from above\" width=\"2560\" height=\"1440\" loading=\"eager\" style=\"object-position:50% 50%\"\/><\/picture><\/li><\/ul><\/div><\/div><div class=\"hero-slider__filter\" data-active=\"true\"><\/div><div class=\"hero-slider__fixed-content\"><div class=\"hero-slider__text-block\" data-visible=\"true\"><div class=\"hero-slider__text-block-inner\">\n<div class=\"wp-block-columns is-layout-flex wp-container-core-columns-is-layout-9d6595d7 wp-block-columns-is-layout-flex\">\n<div class=\"wp-block-column is-layout-flow wp-block-column-is-layout-flow\">\n<h1 class=\"wp-block-heading\" style=\"text-transform:none\">Give the gift of a mountain experience<\/h1>\n\n\n\n<p>A gift voucher that everyone will be happy to receive!&nbsp;<\/p>\n<\/div>\n\n\n\n<div class=\"wp-block-column is-layout-flow wp-block-column-is-layout-flow\">\n<p>Are you looking for the ultimate gift, whether it's for a birthday or just to show appreciation to someone special in your life? Give them an experience to remember with a gift voucher from us at Storhogna H\u00f6gfj\u00f6llshotell &amp; Spa. <\/p>\n<\/div>\n<\/div>\n<\/div><\/div><\/div><\/div>\n\n\n<div class=\"breadcrumbs\">\n  <span><span><a href=\"https:\/\/storhogna.se\/en\/\">Home<\/a><\/span><\/span><\/div>\n\n<div class=\"media-and-text\">\n    <div class=\"media-and-text__layout media-and-text__layout--invert  default-color default-background\">\n      <div class=\"media-and-text__media\">\n                  <img decoding=\"async\"\n          class=\"media-and-text__single-image\"\n          src=\"https:\/\/storhogna.se\/wp-content\/uploads\/Storhogna-6-800x1200.jpg\"\n          srcset=\"https:\/\/storhogna.se\/wp-content\/uploads\/Storhogna-6-800x1200.jpg 800w, https:\/\/storhogna.se\/wp-content\/uploads\/Storhogna-6-800x1200.jpg 800w\"\n          sizes=\"auto, (max-width: 500px) 800px, 800px\"\n          alt=\"\"\n          width=\"800\" \n          height=\"1200\" \n          loading=\"lazy\"\n          \/>\n              <\/div>\n      <div class=\"media-and-text__content top\">\n        <div class=\"media-and-text__content-container\">\n          <div class=\"media-and-text__text\">\n            <h1>Buy a gift voucher<\/h1>\n<p>Experiences at Storhogna H\u00f6gfj\u00e4llshotell &amp; Spa are even more enjoyable when you have a gift voucher to use. With us, the possibilities are endless: from relaxing massage treatments to long and sweet breakfasts, or a romantic dinner for two. Best of all, you get to choose how you want to be pampered.<\/p>\n<p>Our gift vouchers are valid for 12 months, so you have plenty of time to plan your mountain holiday with us.<\/p>\n<p>If you have a company and want to order several gift cards for e.g. Christmas gift, retirement gift or similar, contact info@storhogna.se and we will arrange an invoice.<\/p>\n\n          <\/div>\n                              <div class=\"media-and-text__buttons\">\n                                        <a class=\"btn btn--fill media-and-text__button\" href=\"https:\/\/book.storhogna.se\/se\/voucher\" target=\" style=\"\">Buy gift vouchers here<\/a>\n                      <\/div>\n                  <\/div>\n      <\/div>\n    <\/div>\n  <\/div>\n\n\n\n<p><\/p>","protected":false},"excerpt":{"rendered":"<p>Experiences at Storhogna H\u00f6gfj\u00e4llshotell &amp; Spa are even more enjoyable when you have a gift voucher to use.<\/p>","protected":false},"author":12,"featured_media":11104,"parent":0,"menu_order":0,"comment_status":"closed","ping_status":"closed","template":"","meta":{"_acf_changed":false,"footnotes":""},"categories":[],"tags":[],"class_list":["post-12089","page","type-page","status-publish","has-post-thumbnail","hentry"],"acf":[],"yoast_head":"<!-- This site is optimized with the Yoast SEO plugin v27.3 - https:\/\/yoast.com\/product\/yoast-seo-wordpress\/ -->\n<title>Ge bort en fj\u00e4llupplevelse i present | Storhogna H\u00f6gfj\u00e4llshotell<\/title>\n<meta name=\"description\" content=\"Ge bort en fj\u00e4llupplevelse att minnas med ett presentkort hos oss p\u00e5 Storhogna H\u00f6gfj\u00f6llshotell &amp; Spa. En g\u00e5va som alla blir glada av att f\u00e5.\" \/>\n<meta name=\"robots\" content=\"index, follow, max-snippet:-1, max-image-preview:large, max-video-preview:-1\" \/>\n<link rel=\"canonical\" href=\"https:\/\/storhogna.se\/en\/give-the-gift-of-a-mountain-experience\/\" \/>\n<meta property=\"og:locale\" content=\"en_GB\" \/>\n<meta property=\"og:type\" content=\"article\" \/>\n<meta property=\"og:title\" content=\"Ge bort en fj\u00e4llupplevelse i present | Storhogna H\u00f6gfj\u00e4llshotell\" \/>\n<meta property=\"og:description\" content=\"Ge bort en fj\u00e4llupplevelse att minnas med ett presentkort hos oss p\u00e5 Storhogna H\u00f6gfj\u00f6llshotell &amp; Spa. En g\u00e5va som alla blir glada av att f\u00e5.\" \/>\n<meta property=\"og:url\" content=\"https:\/\/storhogna.se\/en\/give-the-gift-of-a-mountain-experience\/\" \/>\n<meta property=\"og:site_name\" content=\"Storhogna H\u00f6gfj\u00e4llshotell &amp; Spa\" \/>\n<meta property=\"article:publisher\" content=\"https:\/\/www.facebook.com\/storhogna\" \/>\n<meta property=\"article:modified_time\" content=\"2026-03-13T14:03:48+00:00\" \/>\n<meta property=\"og:image\" content=\"https:\/\/storhogna.se\/wp-content\/uploads\/fjallvandrare-utfor-fjallet-storhogna-host.jpg\" \/>\n\t<meta property=\"og:image:width\" content=\"2560\" \/>\n\t<meta property=\"og:image:height\" content=\"1440\" \/>\n\t<meta property=\"og:image:type\" content=\"image\/jpeg\" \/>\n<meta name=\"twitter:card\" content=\"summary_large_image\" \/>\n<meta name=\"twitter:label1\" content=\"Estimated reading time\" \/>\n\t<meta name=\"twitter:data1\" content=\"2 minutes\" \/>\n<script type=\"application\/ld+json\" class=\"yoast-schema-graph\">{\"@context\":\"https:\\\/\\\/schema.org\",\"@graph\":[{\"@type\":\"WebPage\",\"@id\":\"https:\\\/\\\/storhogna.se\\\/ge-bort-en-fjallupplevelse\\\/\",\"url\":\"https:\\\/\\\/storhogna.se\\\/ge-bort-en-fjallupplevelse\\\/\",\"name\":\"Ge bort en fj\u00e4llupplevelse i present | Storhogna H\u00f6gfj\u00e4llshotell\",\"isPartOf\":{\"@id\":\"https:\\\/\\\/storhogna.se\\\/#website\"},\"primaryImageOfPage\":{\"@id\":\"https:\\\/\\\/storhogna.se\\\/ge-bort-en-fjallupplevelse\\\/#primaryimage\"},\"image\":{\"@id\":\"https:\\\/\\\/storhogna.se\\\/ge-bort-en-fjallupplevelse\\\/#primaryimage\"},\"thumbnailUrl\":\"https:\\\/\\\/storhogna.se\\\/wp-content\\\/uploads\\\/fjallvandrare-utfor-fjallet-storhogna-host.jpg\",\"datePublished\":\"2024-03-26T08:06:30+00:00\",\"dateModified\":\"2026-03-13T14:03:48+00:00\",\"description\":\"Ge bort en fj\u00e4llupplevelse att minnas med ett presentkort hos oss p\u00e5 Storhogna H\u00f6gfj\u00f6llshotell & Spa. En g\u00e5va som alla blir glada av att f\u00e5.\",\"breadcrumb\":{\"@id\":\"https:\\\/\\\/storhogna.se\\\/ge-bort-en-fjallupplevelse\\\/#breadcrumb\"},\"inLanguage\":\"en-GB\",\"potentialAction\":[{\"@type\":\"ReadAction\",\"target\":[\"https:\\\/\\\/storhogna.se\\\/ge-bort-en-fjallupplevelse\\\/\"]}]},{\"@type\":\"ImageObject\",\"inLanguage\":\"en-GB\",\"@id\":\"https:\\\/\\\/storhogna.se\\\/ge-bort-en-fjallupplevelse\\\/#primaryimage\",\"url\":\"https:\\\/\\\/storhogna.se\\\/wp-content\\\/uploads\\\/fjallvandrare-utfor-fjallet-storhogna-host.jpg\",\"contentUrl\":\"https:\\\/\\\/storhogna.se\\\/wp-content\\\/uploads\\\/fjallvandrare-utfor-fjallet-storhogna-host.jpg\",\"width\":2560,\"height\":1440,\"caption\":\"Fj\u00e4llvandrare p\u00e5 v\u00e4g utf\u00f6r fj\u00e4llet. H\u00f6stbild med stugor i Storhogna i bakgrunden.\"},{\"@type\":\"BreadcrumbList\",\"@id\":\"https:\\\/\\\/storhogna.se\\\/ge-bort-en-fjallupplevelse\\\/#breadcrumb\",\"itemListElement\":[{\"@type\":\"ListItem\",\"position\":1,\"name\":\"Hem\",\"item\":\"https:\\\/\\\/storhogna.se\\\/\"},{\"@type\":\"ListItem\",\"position\":2,\"name\":\"Ge bort en fj\u00e4llupplevelse\"}]},{\"@type\":\"WebSite\",\"@id\":\"https:\\\/\\\/storhogna.se\\\/#website\",\"url\":\"https:\\\/\\\/storhogna.se\\\/\",\"name\":\"Storhogna H\u00f6gfj\u00e4llshotell &amp; Spa\",\"description\":\"Ett genuint h\u00f6gfj\u00e4llshotell med spa\",\"potentialAction\":[{\"@type\":\"SearchAction\",\"target\":{\"@type\":\"EntryPoint\",\"urlTemplate\":\"https:\\\/\\\/storhogna.se\\\/?s={search_term_string}\"},\"query-input\":{\"@type\":\"PropertyValueSpecification\",\"valueRequired\":true,\"valueName\":\"search_term_string\"}}],\"inLanguage\":\"en-GB\"}]}<\/script>\n<!-- \/ Yoast SEO plugin. -->","yoast_head_json":{"title":"Give the gift of a mountain experience | Storhogna H\u00f6gfj\u00e4llshotell","description":"Give away a mountain experience to remember with a gift voucher from us at Storhogna H\u00f6gfj\u00f6llshotell &amp; Spa. A gift that everyone will be happy to receive.","robots":{"index":"index","follow":"follow","max-snippet":"max-snippet:-1","max-image-preview":"max-image-preview:large","max-video-preview":"max-video-preview:-1"},"canonical":"https:\/\/storhogna.se\/en\/give-the-gift-of-a-mountain-experience\/","og_locale":"en_GB","og_type":"article","og_title":"Ge bort en fj\u00e4llupplevelse i present | Storhogna H\u00f6gfj\u00e4llshotell","og_description":"Ge bort en fj\u00e4llupplevelse att minnas med ett presentkort hos oss p\u00e5 Storhogna H\u00f6gfj\u00f6llshotell & Spa. En g\u00e5va som alla blir glada av att f\u00e5.","og_url":"https:\/\/storhogna.se\/en\/give-the-gift-of-a-mountain-experience\/","og_site_name":"Storhogna H\u00f6gfj\u00e4llshotell &amp; Spa","article_publisher":"https:\/\/www.facebook.com\/storhogna","article_modified_time":"2026-03-13T14:03:48+00:00","og_image":[{"width":2560,"height":1440,"url":"https:\/\/storhogna.se\/wp-content\/uploads\/fjallvandrare-utfor-fjallet-storhogna-host.jpg","type":"image\/jpeg"}],"twitter_card":"summary_large_image","twitter_misc":{"Estimated reading time":"2 minutes"},"schema":{"@context":"https:\/\/schema.org","@graph":[{"@type":"WebPage","@id":"https:\/\/storhogna.se\/ge-bort-en-fjallupplevelse\/","url":"https:\/\/storhogna.se\/ge-bort-en-fjallupplevelse\/","name":"Give the gift of a mountain experience | Storhogna H\u00f6gfj\u00e4llshotell","isPartOf":{"@id":"https:\/\/storhogna.se\/#website"},"primaryImageOfPage":{"@id":"https:\/\/storhogna.se\/ge-bort-en-fjallupplevelse\/#primaryimage"},"image":{"@id":"https:\/\/storhogna.se\/ge-bort-en-fjallupplevelse\/#primaryimage"},"thumbnailUrl":"https:\/\/storhogna.se\/wp-content\/uploads\/fjallvandrare-utfor-fjallet-storhogna-host.jpg","datePublished":"2024-03-26T08:06:30+00:00","dateModified":"2026-03-13T14:03:48+00:00","description":"Give away a mountain experience to remember with a gift voucher from us at Storhogna H\u00f6gfj\u00f6llshotell &amp; Spa. A gift that everyone will be happy to receive.","breadcrumb":{"@id":"https:\/\/storhogna.se\/ge-bort-en-fjallupplevelse\/#breadcrumb"},"inLanguage":"en-GB","potentialAction":[{"@type":"ReadAction","target":["https:\/\/storhogna.se\/ge-bort-en-fjallupplevelse\/"]}]},{"@type":"ImageObject","inLanguage":"en-GB","@id":"https:\/\/storhogna.se\/ge-bort-en-fjallupplevelse\/#primaryimage","url":"https:\/\/storhogna.se\/wp-content\/uploads\/fjallvandrare-utfor-fjallet-storhogna-host.jpg","contentUrl":"https:\/\/storhogna.se\/wp-content\/uploads\/fjallvandrare-utfor-fjallet-storhogna-host.jpg","width":2560,"height":1440,"caption":"Fj\u00e4llvandrare p\u00e5 v\u00e4g utf\u00f6r fj\u00e4llet. H\u00f6stbild med stugor i Storhogna i bakgrunden."},{"@type":"BreadcrumbList","@id":"https:\/\/storhogna.se\/ge-bort-en-fjallupplevelse\/#breadcrumb","itemListElement":[{"@type":"ListItem","position":1,"name":"Hem","item":"https:\/\/storhogna.se\/"},{"@type":"ListItem","position":2,"name":"Ge bort en fj\u00e4llupplevelse"}]},{"@type":"WebSite","@id":"https:\/\/storhogna.se\/#website","url":"https:\/\/storhogna.se\/","name":"Storhogna High Mountain Hotel &amp; Spa","description":"A genuine high mountain hotel with spa","potentialAction":[{"@type":"SearchAction","target":{"@type":"EntryPoint","urlTemplate":"https:\/\/storhogna.se\/?s={search_term_string}"},"query-input":{"@type":"PropertyValueSpecification","valueRequired":true,"valueName":"search_term_string"}}],"inLanguage":"en-GB"}]}},"_links":{"self":[{"href":"https:\/\/storhogna.se\/en\/wp-json\/wp\/v2\/pages\/12089","targetHints":{"allow":["GET"]}}],"collection":[{"href":"https:\/\/storhogna.se\/en\/wp-json\/wp\/v2\/pages"}],"about":[{"href":"https:\/\/storhogna.se\/en\/wp-json\/wp\/v2\/types\/page"}],"author":[{"embeddable":true,"href":"https:\/\/storhogna.se\/en\/wp-json\/wp\/v2\/users\/12"}],"replies":[{"embeddable":true,"href":"https:\/\/storhogna.se\/en\/wp-json\/wp\/v2\/comments?post=12089"}],"version-history":[{"count":19,"href":"https:\/\/storhogna.se\/en\/wp-json\/wp\/v2\/pages\/12089\/revisions"}],"predecessor-version":[{"id":16760,"href":"https:\/\/storhogna.se\/en\/wp-json\/wp\/v2\/pages\/12089\/revisions\/16760"}],"wp:featuredmedia":[{"embeddable":true,"href":"https:\/\/storhogna.se\/en\/wp-json\/wp\/v2\/media\/11104"}],"wp:attachment":[{"href":"https:\/\/storhogna.se\/en\/wp-json\/wp\/v2\/media?parent=12089"}],"wp:term":[{"taxonomy":"category","embeddable":true,"href":"https:\/\/storhogna.se\/en\/wp-json\/wp\/v2\/categories?post=12089"},{"taxonomy":"post_tag","embeddable":true,"href":"https:\/\/storhogna.se\/en\/wp-json\/wp\/v2\/tags?post=12089"}],"curies":[{"name":"wp","href":"https:\/\/api.w.org\/{rel}","templated":true}]}}