{"id":12514,"date":"2024-05-15T12:39:27","date_gmt":"2024-05-15T10:39:27","guid":{"rendered":"https:\/\/storhogna.se\/?page_id=12514"},"modified":"2026-03-24T13:08:07","modified_gmt":"2026-03-24T11:08:07","slug":"subscribe-to-our-annual-newsletter","status":"publish","type":"page","link":"https:\/\/storhogna.se\/en\/prenumerera-pa-vart-fjallbrev\/","title":{"rendered":"Subscribe to our Mountain Newsletter"},"content":{"rendered":"<div class=\"hero-slider\"><div class=\"splide\" data-slider=\"hero\" data-arrows=\"true\" data-interval=\"5\" data-transition=\"loop\" data-start-index=\"0\" id=\"hero-slider_1774350455505\" data-id=\"hero-slider_1774350455505\" data-custom-arrows=\"true\"><div class=\"splide__track\"><ul class=\"splide__list\"><li class=\"splide__slide\"><picture><source media=\"(max-width: 340px)\" srcset=\"https:\/\/storhogna.se\/wp-content\/uploads\/storhogna8004-utan-stormkok-1-300x200.jpg\"\/><source media=\"(min-width: 341px)\" srcset=\"https:\/\/storhogna.se\/wp-content\/uploads\/storhogna8004-utan-stormkok-1-scaled.jpg\"\/><img fetchpriority=\"high\" decoding=\"async\" class=\"fullscreen-image\" src=\"https:\/\/storhogna.se\/wp-content\/uploads\/storhogna8004-utan-stormkok-1-scaled.jpg\" alt=\"\" width=\"2560\" height=\"1707\" loading=\"eager\" style=\"object-position:50% 50%\"\/><\/picture><\/li><li class=\"splide__slide\"><picture><source media=\"(max-width: 340px)\" srcset=\"https:\/\/storhogna.se\/wp-content\/uploads\/Storgona-feb-2023_Saragardegard-103-1-300x200.jpg\"\/><source media=\"(min-width: 341px)\" srcset=\"https:\/\/storhogna.se\/wp-content\/uploads\/Storgona-feb-2023_Saragardegard-103-1-scaled.jpg\"\/><img decoding=\"async\" class=\"fullscreen-image\" src=\"https:\/\/storhogna.se\/wp-content\/uploads\/Storgona-feb-2023_Saragardegard-103-1-scaled.jpg\" alt=\"\" width=\"2560\" height=\"1707\" loading=\"eager\" style=\"object-position:50% 50%\"\/><\/picture><\/li><li class=\"splide__slide\"><picture><source media=\"(max-width: 340px)\" srcset=\"https:\/\/storhogna.se\/wp-content\/uploads\/STORHOGNA_17-300x200.jpg\"\/><source media=\"(min-width: 341px)\" srcset=\"https:\/\/storhogna.se\/wp-content\/uploads\/STORHOGNA_17-scaled.jpg\"\/><img decoding=\"async\" class=\"fullscreen-image\" src=\"https:\/\/storhogna.se\/wp-content\/uploads\/STORHOGNA_17-scaled.jpg\" alt=\"\" width=\"2560\" height=\"1709\" loading=\"eager\" style=\"object-position:50% 50%\"\/><\/picture><\/li><li class=\"splide__slide\"><picture><source media=\"(max-width: 340px)\" srcset=\"https:\/\/storhogna.se\/wp-content\/uploads\/storhogna5551-300x200.jpg\"\/><source media=\"(min-width: 341px)\" srcset=\"https:\/\/storhogna.se\/wp-content\/uploads\/storhogna5551.jpg\"\/><img decoding=\"async\" class=\"fullscreen-image\" src=\"https:\/\/storhogna.se\/wp-content\/uploads\/storhogna5551.jpg\" alt=\"Five people out hiking in the mountains\" width=\"2500\" height=\"1667\" loading=\"eager\" style=\"object-position:50% 50%\"\/><\/picture><\/li><\/ul><\/div><\/div><div class=\"hero-slider__filter\" data-active=\"true\"><\/div><div class=\"hero-slider__fixed-content\"><div class=\"hero-slider__text-block\" data-visible=\"true\"><div class=\"hero-slider__text-block-inner\">\n<div class=\"wp-block-columns is-layout-flex wp-container-core-columns-is-layout-9d6595d7 wp-block-columns-is-layout-flex\">\n<div class=\"wp-block-column is-layout-flow wp-block-column-is-layout-flow\">\n<h1 class=\"wp-block-heading\">Subscribe to our Mountain Newsletter<\/h1>\n\n\n\n<p><\/p>\n<\/div>\n\n\n\n<div class=\"wp-block-column is-layout-flow wp-block-column-is-layout-flow\"><\/div>\n<\/div>\n<\/div><\/div><\/div><\/div>\n\n\n<div id=\"two-columns-block-0\" class=\"two-columns-block switch\">\n    \n\n<div class=\"wp-block-columns two-columns is-layout-flex wp-container-core-columns-is-layout-9d6595d7 wp-block-columns-is-layout-flex\">\n<div class=\"wp-block-column columns-block-1 is-layout-flow wp-block-column-is-layout-flow\" style=\"flex-basis:65%\">\n<h2 class=\"wp-block-heading\"><strong>Get scaly inspiration and receive 10% on your next booking*<\/strong><\/h2>\n\n\n\n<p>Subscribe to Storhogna's Mountain Newsletter and get information and inspiration from the hotel at the foot of the mountain and a discount code of 10%*. We'll tell you what's happening at the hotel and in Destination Vemdalen, when the first snow is coming, which hiking trails are best and much, much more.<\/p>\n\n\n\n<p>Hope you'll join us!<br>Greetings Storhognateamet<\/p>\n\n\n\n<p><em>*Applies to new subscribers, the code can be used once per person until the end of the year. Cannot be used for stays during high season and cannot be combined with other offers. The discount code will be sent in the confirmation email for your subscription.<\/em><\/p>\n<\/div>\n\n\n\n<div class=\"wp-block-column columns-block-2 is-layout-flow wp-block-column-is-layout-flow\" style=\"flex-basis:35%\"><div class=\"ml-embedded\" data-form=\"vgBsbG\"><\/div>\n<\/div>\n<\/div>\n\n\n<\/div>\n\n\n\n<div class=\"block-listing\">\n  <div class=\"block-listing__layout\">\n                  <div class=\"block-listing__card block-listing__card--default block-listing__card--0\">\n        <a class=\"block-listing__link\" href=\"https:\/\/storhogna.se\/en\/att-gora\/spa-och-pool\/\">\n          <div class=\"block-listing__filter\"><\/div>\n                    <img decoding=\"async\" class=\"block-listing__image\" src=\"https:\/\/storhogna.se\/wp-content\/uploads\/spa-och-pool-storhogna-hogfjallshotell-600x600.jpg\" width=\"600\" height=\"600\" alt=\"#\" loading=\"lazy\"\/>\n                              <h3 class=\"block-listing__title\">Spa &amp; Pool  <\/h3>\n        <\/a>\n        \n        <div class=\"block-listing__hover-content\">\n          <div>\n            <div class=\"block-listing__hover-title\">\n              Spa &amp; Pool\n                          <\/div>\n            <div class=\"block-listing__excerpt\">Welcome to our award-winning Spa with Vemdalen's only pool. Enjoy energising spa treatments and relaxation with sauna, pool and whirlpool.<\/div>                                   <\/div>\n          <div class=\"block-listing__buttons\">\n                        <span class=\"block-listing__splash\"><\/span>\n                                                            <a class=\"block-listing__button block-listing__button--red btn\" href=\"https:\/\/storhogna.se\/en\/att-gora\/spa-och-pool\/\" target=\"\">Read more about Spa &amp; Pool<\/a>\n                      <\/div>\n        <\/div>\n        \n      <\/div>\n                        <div class=\"block-listing__card block-listing__card--default block-listing__card--1\">\n        <a class=\"block-listing__link\" href=\"https:\/\/storhogna.se\/en\/att-gora\/\">\n          <div class=\"block-listing__filter\"><\/div>\n                    <img decoding=\"async\" class=\"block-listing__image\" src=\"https:\/\/storhogna.se\/wp-content\/uploads\/fjall_familj-600x600.jpg\" width=\"600\" height=\"600\" alt=\"#\" loading=\"lazy\"\/>\n                              <h3 class=\"block-listing__title\">To do  <\/h3>\n        <\/a>\n        \n        <div class=\"block-listing__hover-content\">\n          <div>\n            <div class=\"block-listing__hover-title\">\n              To do\n                          <\/div>\n            <div class=\"block-listing__excerpt\">Get inspiration and ideas from our wide range of activities that vary according to the season. With the mountains as a starting point, there is always something to do here.<\/div>                                   <\/div>\n          <div class=\"block-listing__buttons\">\n                        <span class=\"block-listing__splash\"><\/span>\n                                                            <a class=\"block-listing__button block-listing__button--red btn\" href=\"https:\/\/storhogna.se\/en\/att-gora\/\" target=\"\">Read more here<\/a>\n                      <\/div>\n        <\/div>\n        \n      <\/div>\n                        <div class=\"block-listing__card block-listing__card--default block-listing__card--2\">\n        <a class=\"block-listing__link\" href=\"https:\/\/storhogna.se\/en\/fjallvistet\/\">\n          <div class=\"block-listing__filter\"><\/div>\n                    <img decoding=\"async\" class=\"block-listing__image\" src=\"https:\/\/storhogna.se\/wp-content\/uploads\/Fjallviste-bad-ute-600x600.jpg\" width=\"600\" height=\"600\" alt=\"#\" loading=\"lazy\"\/>\n                              <h3 class=\"block-listing__title\">Fj\u00e4llvistet  <\/h3>\n        <\/a>\n        \n        <div class=\"block-listing__hover-content\">\n          <div>\n            <div class=\"block-listing__hover-title\">\n              Fj\u00e4llvistet\n                          <\/div>\n            <div class=\"block-listing__excerpt\">At the foot of the mountain boasts the luxurious Fj\u00e4llvistet, perfect for the small conference group or a sauna and dinner experience with family and friends.<\/div>                                   <\/div>\n          <div class=\"block-listing__buttons\">\n                        <span class=\"block-listing__splash\"><\/span>\n                                                            <a class=\"block-listing__button block-listing__button--red btn\" href=\"https:\/\/storhogna.se\/en\/fjallvistet\/\" target=\"\">Read more about Fj\u00e4llvistet<\/a>\n                      <\/div>\n        <\/div>\n        \n      <\/div>\n                        <div class=\"block-listing__card block-listing__card--default block-listing__card--3\">\n        <a class=\"block-listing__link\" href=\"https:\/\/storhogna.se\/en\/skidakning\/\">\n          <div class=\"block-listing__filter\"><\/div>\n                    <img decoding=\"async\" class=\"block-listing__image\" src=\"https:\/\/storhogna.se\/wp-content\/uploads\/blakupa-fjall-storhogna-600x600.jpg\" width=\"600\" height=\"600\" alt=\"#\" loading=\"lazy\"\/>\n                              <h3 class=\"block-listing__title\">Skiing  <\/h3>\n        <\/a>\n        \n        <div class=\"block-listing__hover-content\">\n          <div>\n            <div class=\"block-listing__hover-title\">\n              Skiing\n                          <\/div>\n            <div class=\"block-listing__excerpt\">Storhogna offers ski-in ski-out with family-friendly alpine skiing on 100% of natural snow and cross-country skiing on well-groomed ski trails that start right at the hotel.<\/div>                                   <\/div>\n          <div class=\"block-listing__buttons\">\n                        <span class=\"block-listing__splash\"><\/span>\n                                                            <a class=\"block-listing__button block-listing__button--red btn\" href=\"https:\/\/storhogna.se\/en\/skidakning\/\" target=\"\">Read more<\/a>\n                      <\/div>\n        <\/div>\n        \n      <\/div>\n                        <div class=\"block-listing__card block-listing__card--default block-listing__card--4\">\n        <a class=\"block-listing__link\" href=\"https:\/\/storhogna.se\/en\/att-ata\/\">\n          <div class=\"block-listing__filter\"><\/div>\n                    <img decoding=\"async\" class=\"block-listing__image\" src=\"https:\/\/storhogna.se\/wp-content\/uploads\/bordsdukning-vintertradgarden-600x600.jpg\" width=\"600\" height=\"600\" alt=\"#\" loading=\"lazy\"\/>\n                              <h3 class=\"block-listing__title\">Eating  <\/h3>\n        <\/a>\n        \n        <div class=\"block-listing__hover-content\">\n          <div>\n            <div class=\"block-listing__hover-title\">\n              Eating\n                          <\/div>\n            <div class=\"block-listing__excerpt\">Welcome to eat in the restaurant Vintertr\u00e4dg\u00e5rden or in one of our mountain lodges out in nature. We have options for both small and large groups.<\/div>                                   <\/div>\n          <div class=\"block-listing__buttons\">\n                        <span class=\"block-listing__splash\"><\/span>\n                                                            <a class=\"block-listing__button block-listing__button--red btn\" href=\"https:\/\/storhogna.se\/en\/att-ata\/\" target=\"\">Read more about eating<\/a>\n                      <\/div>\n        <\/div>\n        \n      <\/div>\n            <\/div>\n<\/div>","protected":false},"excerpt":{"rendered":"","protected":false},"author":8,"featured_media":0,"parent":0,"menu_order":0,"comment_status":"closed","ping_status":"closed","template":"","meta":{"_acf_changed":false,"footnotes":""},"categories":[],"tags":[],"class_list":["post-12514","page","type-page","status-publish","hentry"],"acf":[],"yoast_head":"<!-- This site is optimized with the Yoast SEO plugin v27.3 - https:\/\/yoast.com\/product\/yoast-seo-wordpress\/ -->\n<title>Prenumerera p\u00e5 v\u00e5rt Fj\u00e4llbrev - Storhogna H\u00f6gfj\u00e4llshotell &amp; Spa<\/title>\n<meta name=\"robots\" content=\"index, follow, max-snippet:-1, max-image-preview:large, max-video-preview:-1\" \/>\n<link rel=\"canonical\" href=\"https:\/\/storhogna.se\/en\/subscribe-to-our-annual-newsletter\/\" \/>\n<meta property=\"og:locale\" content=\"en_GB\" \/>\n<meta property=\"og:type\" content=\"article\" \/>\n<meta property=\"og:title\" content=\"Prenumerera p\u00e5 v\u00e5rt Fj\u00e4llbrev - Storhogna H\u00f6gfj\u00e4llshotell &amp; Spa\" \/>\n<meta property=\"og:url\" content=\"https:\/\/storhogna.se\/en\/subscribe-to-our-annual-newsletter\/\" \/>\n<meta property=\"og:site_name\" content=\"Storhogna H\u00f6gfj\u00e4llshotell &amp; Spa\" \/>\n<meta property=\"article:publisher\" content=\"https:\/\/www.facebook.com\/storhogna\" \/>\n<meta property=\"article:modified_time\" content=\"2026-03-24T11:08:07+00:00\" \/>\n<meta property=\"og:image\" content=\"https:\/\/storhogna.se\/wp-content\/uploads\/storhogna8004-utan-stormkok-1-scaled.jpg\" \/>\n<meta name=\"twitter:card\" content=\"summary_large_image\" \/>\n<meta name=\"twitter:label1\" content=\"Estimated reading time\" \/>\n\t<meta name=\"twitter:data1\" content=\"2 minutes\" \/>\n<script type=\"application\/ld+json\" class=\"yoast-schema-graph\">{\"@context\":\"https:\\\/\\\/schema.org\",\"@graph\":[{\"@type\":\"WebPage\",\"@id\":\"https:\\\/\\\/storhogna.se\\\/prenumerera-pa-vart-fjallbrev\\\/\",\"url\":\"https:\\\/\\\/storhogna.se\\\/prenumerera-pa-vart-fjallbrev\\\/\",\"name\":\"Prenumerera p\u00e5 v\u00e5rt Fj\u00e4llbrev - Storhogna H\u00f6gfj\u00e4llshotell &amp; Spa\",\"isPartOf\":{\"@id\":\"https:\\\/\\\/storhogna.se\\\/#website\"},\"primaryImageOfPage\":{\"@id\":\"https:\\\/\\\/storhogna.se\\\/prenumerera-pa-vart-fjallbrev\\\/#primaryimage\"},\"image\":{\"@id\":\"https:\\\/\\\/storhogna.se\\\/prenumerera-pa-vart-fjallbrev\\\/#primaryimage\"},\"thumbnailUrl\":\"https:\\\/\\\/storhogna.se\\\/wp-content\\\/uploads\\\/storhogna8004-utan-stormkok-1-scaled.jpg\",\"datePublished\":\"2024-05-15T10:39:27+00:00\",\"dateModified\":\"2026-03-24T11:08:07+00:00\",\"breadcrumb\":{\"@id\":\"https:\\\/\\\/storhogna.se\\\/prenumerera-pa-vart-fjallbrev\\\/#breadcrumb\"},\"inLanguage\":\"en-GB\",\"potentialAction\":[{\"@type\":\"ReadAction\",\"target\":[\"https:\\\/\\\/storhogna.se\\\/prenumerera-pa-vart-fjallbrev\\\/\"]}]},{\"@type\":\"ImageObject\",\"inLanguage\":\"en-GB\",\"@id\":\"https:\\\/\\\/storhogna.se\\\/prenumerera-pa-vart-fjallbrev\\\/#primaryimage\",\"url\":\"https:\\\/\\\/storhogna.se\\\/wp-content\\\/uploads\\\/storhogna8004-utan-stormkok-1-scaled.jpg\",\"contentUrl\":\"https:\\\/\\\/storhogna.se\\\/wp-content\\\/uploads\\\/storhogna8004-utan-stormkok-1-scaled.jpg\"},{\"@type\":\"BreadcrumbList\",\"@id\":\"https:\\\/\\\/storhogna.se\\\/prenumerera-pa-vart-fjallbrev\\\/#breadcrumb\",\"itemListElement\":[{\"@type\":\"ListItem\",\"position\":1,\"name\":\"Hem\",\"item\":\"https:\\\/\\\/storhogna.se\\\/\"},{\"@type\":\"ListItem\",\"position\":2,\"name\":\"Prenumerera p\u00e5 v\u00e5rt Fj\u00e4llbrev\"}]},{\"@type\":\"WebSite\",\"@id\":\"https:\\\/\\\/storhogna.se\\\/#website\",\"url\":\"https:\\\/\\\/storhogna.se\\\/\",\"name\":\"Storhogna H\u00f6gfj\u00e4llshotell &amp; Spa\",\"description\":\"Ett genuint h\u00f6gfj\u00e4llshotell med spa\",\"potentialAction\":[{\"@type\":\"SearchAction\",\"target\":{\"@type\":\"EntryPoint\",\"urlTemplate\":\"https:\\\/\\\/storhogna.se\\\/?s={search_term_string}\"},\"query-input\":{\"@type\":\"PropertyValueSpecification\",\"valueRequired\":true,\"valueName\":\"search_term_string\"}}],\"inLanguage\":\"en-GB\"}]}<\/script>\n<!-- \/ Yoast SEO plugin. -->","yoast_head_json":{"title":"Subscribe to our Mountain Newsletter - Storhogna H\u00f6gfj\u00e4llshotell &amp; Spa","robots":{"index":"index","follow":"follow","max-snippet":"max-snippet:-1","max-image-preview":"max-image-preview:large","max-video-preview":"max-video-preview:-1"},"canonical":"https:\/\/storhogna.se\/en\/subscribe-to-our-annual-newsletter\/","og_locale":"en_GB","og_type":"article","og_title":"Prenumerera p\u00e5 v\u00e5rt Fj\u00e4llbrev - Storhogna H\u00f6gfj\u00e4llshotell &amp; Spa","og_url":"https:\/\/storhogna.se\/en\/subscribe-to-our-annual-newsletter\/","og_site_name":"Storhogna H\u00f6gfj\u00e4llshotell &amp; Spa","article_publisher":"https:\/\/www.facebook.com\/storhogna","article_modified_time":"2026-03-24T11:08:07+00:00","og_image":[{"url":"https:\/\/storhogna.se\/wp-content\/uploads\/storhogna8004-utan-stormkok-1-scaled.jpg","type":"","width":"","height":""}],"twitter_card":"summary_large_image","twitter_misc":{"Estimated reading time":"2 minutes"},"schema":{"@context":"https:\/\/schema.org","@graph":[{"@type":"WebPage","@id":"https:\/\/storhogna.se\/prenumerera-pa-vart-fjallbrev\/","url":"https:\/\/storhogna.se\/prenumerera-pa-vart-fjallbrev\/","name":"Subscribe to our Mountain Newsletter - Storhogna H\u00f6gfj\u00e4llshotell &amp; Spa","isPartOf":{"@id":"https:\/\/storhogna.se\/#website"},"primaryImageOfPage":{"@id":"https:\/\/storhogna.se\/prenumerera-pa-vart-fjallbrev\/#primaryimage"},"image":{"@id":"https:\/\/storhogna.se\/prenumerera-pa-vart-fjallbrev\/#primaryimage"},"thumbnailUrl":"https:\/\/storhogna.se\/wp-content\/uploads\/storhogna8004-utan-stormkok-1-scaled.jpg","datePublished":"2024-05-15T10:39:27+00:00","dateModified":"2026-03-24T11:08:07+00:00","breadcrumb":{"@id":"https:\/\/storhogna.se\/prenumerera-pa-vart-fjallbrev\/#breadcrumb"},"inLanguage":"en-GB","potentialAction":[{"@type":"ReadAction","target":["https:\/\/storhogna.se\/prenumerera-pa-vart-fjallbrev\/"]}]},{"@type":"ImageObject","inLanguage":"en-GB","@id":"https:\/\/storhogna.se\/prenumerera-pa-vart-fjallbrev\/#primaryimage","url":"https:\/\/storhogna.se\/wp-content\/uploads\/storhogna8004-utan-stormkok-1-scaled.jpg","contentUrl":"https:\/\/storhogna.se\/wp-content\/uploads\/storhogna8004-utan-stormkok-1-scaled.jpg"},{"@type":"BreadcrumbList","@id":"https:\/\/storhogna.se\/prenumerera-pa-vart-fjallbrev\/#breadcrumb","itemListElement":[{"@type":"ListItem","position":1,"name":"Hem","item":"https:\/\/storhogna.se\/"},{"@type":"ListItem","position":2,"name":"Prenumerera p\u00e5 v\u00e5rt Fj\u00e4llbrev"}]},{"@type":"WebSite","@id":"https:\/\/storhogna.se\/#website","url":"https:\/\/storhogna.se\/","name":"Storhogna High Mountain Hotel &amp; Spa","description":"A genuine high mountain hotel with spa","potentialAction":[{"@type":"SearchAction","target":{"@type":"EntryPoint","urlTemplate":"https:\/\/storhogna.se\/?s={search_term_string}"},"query-input":{"@type":"PropertyValueSpecification","valueRequired":true,"valueName":"search_term_string"}}],"inLanguage":"en-GB"}]}},"_links":{"self":[{"href":"https:\/\/storhogna.se\/en\/wp-json\/wp\/v2\/pages\/12514","targetHints":{"allow":["GET"]}}],"collection":[{"href":"https:\/\/storhogna.se\/en\/wp-json\/wp\/v2\/pages"}],"about":[{"href":"https:\/\/storhogna.se\/en\/wp-json\/wp\/v2\/types\/page"}],"author":[{"embeddable":true,"href":"https:\/\/storhogna.se\/en\/wp-json\/wp\/v2\/users\/8"}],"replies":[{"embeddable":true,"href":"https:\/\/storhogna.se\/en\/wp-json\/wp\/v2\/comments?post=12514"}],"version-history":[{"count":10,"href":"https:\/\/storhogna.se\/en\/wp-json\/wp\/v2\/pages\/12514\/revisions"}],"predecessor-version":[{"id":16855,"href":"https:\/\/storhogna.se\/en\/wp-json\/wp\/v2\/pages\/12514\/revisions\/16855"}],"wp:attachment":[{"href":"https:\/\/storhogna.se\/en\/wp-json\/wp\/v2\/media?parent=12514"}],"wp:term":[{"taxonomy":"category","embeddable":true,"href":"https:\/\/storhogna.se\/en\/wp-json\/wp\/v2\/categories?post=12514"},{"taxonomy":"post_tag","embeddable":true,"href":"https:\/\/storhogna.se\/en\/wp-json\/wp\/v2\/tags?post=12514"}],"curies":[{"name":"wp","href":"https:\/\/api.w.org\/{rel}","templated":true}]}}