{"id":12837,"date":"2024-05-31T10:35:21","date_gmt":"2024-05-31T08:35:21","guid":{"rendered":"https:\/\/storhogna.se\/?page_id=12837"},"modified":"2026-04-10T07:53:00","modified_gmt":"2026-04-10T05:53:00","slug":"hogfjallsrundan","status":"publish","type":"page","link":"https:\/\/storhogna.se\/en\/hogfjallsrundan\/","title":{"rendered":"High mountain round trip"},"content":{"rendered":"<div class=\"hero-slider\"><div class=\"splide\" data-slider=\"hero\" data-arrows=\"true\" data-interval=\"5\" data-transition=\"loop\" data-start-index=\"0\" id=\"hero-slider_1775800367857\" data-id=\"hero-slider_1775800367857\" data-custom-arrows=\"true\"><div class=\"splide__track\"><ul class=\"splide__list\"><li class=\"splide__slide\"><picture><source media=\"(max-width: 340px)\" srcset=\"https:\/\/storhogna.se\/wp-content\/uploads\/Storgona-feb-2023_Saragardegard-103-1-300x200.jpg\"\/><source media=\"(min-width: 341px)\" srcset=\"https:\/\/storhogna.se\/wp-content\/uploads\/Storgona-feb-2023_Saragardegard-103-1-scaled.jpg\"\/><img fetchpriority=\"high\" decoding=\"async\" class=\"fullscreen-image\" src=\"https:\/\/storhogna.se\/wp-content\/uploads\/Storgona-feb-2023_Saragardegard-103-1-scaled.jpg\" alt=\"\" width=\"2560\" height=\"1707\" loading=\"eager\" style=\"object-position:50% 50%\"\/><\/picture><\/li><\/ul><\/div><\/div><div class=\"hero-slider__filter\" data-active=\"true\"><\/div><div class=\"hero-slider__fixed-content\"><div class=\"hero-slider__text-block\" data-visible=\"true\"><div class=\"hero-slider__text-block-inner\">\n<div class=\"wp-block-columns is-layout-flex wp-container-core-columns-is-layout-9d6595d7 wp-block-columns-is-layout-flex\">\n<div class=\"wp-block-column is-layout-flow wp-block-column-is-layout-flow\">\n<h1 class=\"wp-block-heading\" style=\"text-transform:none\">High mountain round trip<\/h1>\n\n\n\n<p>The hotel's own machine-made tracks on Sl\u00e4ttfj\u00e4llet for both classic and skate skiing.<\/p>\n<\/div>\n\n\n\n<div class=\"wp-block-column is-layout-flow wp-block-column-is-layout-flow\">\n<p><\/p>\n<\/div>\n<\/div>\n<\/div><\/div><\/div><\/div>\n\n\n<div class=\"media-and-text\">\n    <div class=\"media-and-text__layout media-and-text__layout--invert  default-color default-background\">\n      <div class=\"media-and-text__media\">\n                  <img decoding=\"async\"\n          class=\"media-and-text__single-image\"\n          src=\"https:\/\/storhogna.se\/wp-content\/uploads\/Storgona-feb-2023_Saragardegard-87-2-1200x800.jpg\"\n          srcset=\"https:\/\/storhogna.se\/wp-content\/uploads\/Storgona-feb-2023_Saragardegard-87-2-1200x800.jpg 1200w, https:\/\/storhogna.se\/wp-content\/uploads\/Storgona-feb-2023_Saragardegard-87-2-1200x800.jpg 1200w\"\n          sizes=\"auto, (max-width: 500px) 1200px, 1200px\"\n          alt=\"\"\n          width=\"1200\" \n          height=\"800\" \n          loading=\"lazy\"\n          \/>\n              <\/div>\n      <div class=\"media-and-text__content top\">\n        <div class=\"media-and-text__content-container\">\n          <div class=\"media-and-text__text\">\n            <p>The hotel's own machine-made tracks on Sl\u00e4ttfj\u00e4llet for both classic and skate skiing. Although the track is weather-sensitive in the middle of the bare mountain, it is a ski tour with 360-degree mountain views on a clear day.<\/p>\n<p>Krister Hallberg, sports manager here at the hotel for many years, is the creator behind the track. He was inspired to create a cross-country trail on Sl\u00e4ttfj\u00e4llet after following his children around Sweden on various mountain top races. So in 2008 Krister decided to found H\u00f6gfj\u00e4llsrundan here at Storhogna.<\/p>\n<p>The track is prepared for both classic and skate, the route has been dependent on the availability of snow. However, the start and finish have always been the same, and the track always passes the Samevistet restaurant.<\/p>\n<p>In order to prepare the track, the snow has to settle, so that the track machine can make its way without damaging the sensitive mountain terrain. It also prevents the track from drifting again immediately, which means that it takes some time into the season before the track is ready, usually in February.<\/p>\n<p>H\u00f6gfj\u00e4llsrundan is not groomed on a daily basis because strong winds and snow can quickly fill the track, making grooming pointless. Later in the season, when the snow has settled after periods of thaw, the track becomes firmer.<\/p>\n<p>The high mountain trail, marked with orange sticks, offers a fantastic experience with 360 degree mountain views on a clear day. However, in harsh mountain weather or poor visibility, the tour is not recommended.<\/p>\n<p><strong>Start:<\/strong> Outside the hotel at the track map and ends at the same place.<br \/>\n<strong>Length:<\/strong> 10 km round trip<br \/>\n<strong>Path profile: <\/strong>The distance from Storhogna to Samevistet is just over three kilometres, which is not particularly strenuous. The road starts with a slight uphill slope, but after a while you reach the flat bare mountain where you can enjoy a panoramic view of 360 degrees. The trail then goes back on the flat cold mountain then down the valley again to the finish.<\/p>\n<h3>TRACKING STATUS<\/h3>\n<p>Membership expires: 10 April 2026.<br \/>\n<em>Due to wind and drifting snow this trail could not be tracked, will be tracked as soon as we have more stable weather.\u00a0<\/em><\/p>\n\n          <\/div>\n                            <\/div>\n      <\/div>\n    <\/div>\n  <\/div>","protected":false},"excerpt":{"rendered":"<p>The hotel's own machine-made tracks on Sl\u00e4ttfj\u00e4llet for both classic and skate skiing.<\/p>","protected":false},"author":12,"featured_media":11290,"parent":0,"menu_order":0,"comment_status":"closed","ping_status":"closed","template":"","meta":{"_acf_changed":false,"footnotes":""},"categories":[],"tags":[],"class_list":["post-12837","page","type-page","status-publish","has-post-thumbnail","hentry"],"acf":[],"yoast_head":"<!-- This site is optimized with the Yoast SEO plugin v27.3 - https:\/\/yoast.com\/product\/yoast-seo-wordpress\/ -->\n<title>H\u00f6gfj\u00e4llsrundan - Storhogna H\u00f6gfj\u00e4llshotell &amp; Spa<\/title>\n<meta name=\"description\" content=\"Hotellets egna maskindragna sp\u00e5r p\u00e5 Sl\u00e4ttfj\u00e4llet f\u00f6r b\u00e5de klassisk och skate\u00e5kning. \u00c4ven om sp\u00e5ret \u00e4r v\u00e4derk\u00e4nsligt mitt p\u00e5 kalfj\u00e4llet, \u00e4r det en dr\u00f6mlik resa med 360 graders fj\u00e4llutsikt under en klar dag.\" \/>\n<meta name=\"robots\" content=\"index, follow, max-snippet:-1, max-image-preview:large, max-video-preview:-1\" \/>\n<link rel=\"canonical\" href=\"https:\/\/storhogna.se\/en\/hogfjallsrundan\/\" \/>\n<meta property=\"og:locale\" content=\"en_GB\" \/>\n<meta property=\"og:type\" content=\"article\" \/>\n<meta property=\"og:title\" content=\"H\u00f6gfj\u00e4llsrundan - Storhogna H\u00f6gfj\u00e4llshotell &amp; Spa\" \/>\n<meta property=\"og:description\" content=\"Hotellets egna maskindragna sp\u00e5r p\u00e5 Sl\u00e4ttfj\u00e4llet f\u00f6r b\u00e5de klassisk och skate\u00e5kning. \u00c4ven om sp\u00e5ret \u00e4r v\u00e4derk\u00e4nsligt mitt p\u00e5 kalfj\u00e4llet, \u00e4r det en dr\u00f6mlik resa med 360 graders fj\u00e4llutsikt under en klar dag.\" \/>\n<meta property=\"og:url\" content=\"https:\/\/storhogna.se\/en\/hogfjallsrundan\/\" \/>\n<meta property=\"og:site_name\" content=\"Storhogna H\u00f6gfj\u00e4llshotell &amp; Spa\" \/>\n<meta property=\"article:publisher\" content=\"https:\/\/www.facebook.com\/storhogna\" \/>\n<meta property=\"article:modified_time\" content=\"2026-04-10T05:53:00+00:00\" \/>\n<meta property=\"og:image\" content=\"https:\/\/storhogna.se\/wp-content\/uploads\/Storgona-feb-2023_Saragardegard-103-1-scaled.jpg\" \/>\n\t<meta property=\"og:image:width\" content=\"2560\" \/>\n\t<meta property=\"og:image:height\" content=\"1707\" \/>\n\t<meta property=\"og:image:type\" content=\"image\/jpeg\" \/>\n<meta name=\"twitter:card\" content=\"summary_large_image\" \/>\n<meta name=\"twitter:label1\" content=\"Estimated reading time\" \/>\n\t<meta name=\"twitter:data1\" content=\"1 minute\" \/>\n<script type=\"application\/ld+json\" class=\"yoast-schema-graph\">{\"@context\":\"https:\\\/\\\/schema.org\",\"@graph\":[{\"@type\":\"WebPage\",\"@id\":\"https:\\\/\\\/storhogna.se\\\/hogfjallsrundan\\\/\",\"url\":\"https:\\\/\\\/storhogna.se\\\/hogfjallsrundan\\\/\",\"name\":\"H\u00f6gfj\u00e4llsrundan - Storhogna H\u00f6gfj\u00e4llshotell &amp; Spa\",\"isPartOf\":{\"@id\":\"https:\\\/\\\/storhogna.se\\\/#website\"},\"primaryImageOfPage\":{\"@id\":\"https:\\\/\\\/storhogna.se\\\/hogfjallsrundan\\\/#primaryimage\"},\"image\":{\"@id\":\"https:\\\/\\\/storhogna.se\\\/hogfjallsrundan\\\/#primaryimage\"},\"thumbnailUrl\":\"https:\\\/\\\/storhogna.se\\\/wp-content\\\/uploads\\\/Storgona-feb-2023_Saragardegard-103-1-scaled.jpg\",\"datePublished\":\"2024-05-31T08:35:21+00:00\",\"dateModified\":\"2026-04-10T05:53:00+00:00\",\"description\":\"Hotellets egna maskindragna sp\u00e5r p\u00e5 Sl\u00e4ttfj\u00e4llet f\u00f6r b\u00e5de klassisk och skate\u00e5kning. \u00c4ven om sp\u00e5ret \u00e4r v\u00e4derk\u00e4nsligt mitt p\u00e5 kalfj\u00e4llet, \u00e4r det en dr\u00f6mlik resa med 360 graders fj\u00e4llutsikt under en klar dag.\",\"breadcrumb\":{\"@id\":\"https:\\\/\\\/storhogna.se\\\/hogfjallsrundan\\\/#breadcrumb\"},\"inLanguage\":\"en-GB\",\"potentialAction\":[{\"@type\":\"ReadAction\",\"target\":[\"https:\\\/\\\/storhogna.se\\\/hogfjallsrundan\\\/\"]}]},{\"@type\":\"ImageObject\",\"inLanguage\":\"en-GB\",\"@id\":\"https:\\\/\\\/storhogna.se\\\/hogfjallsrundan\\\/#primaryimage\",\"url\":\"https:\\\/\\\/storhogna.se\\\/wp-content\\\/uploads\\\/Storgona-feb-2023_Saragardegard-103-1-scaled.jpg\",\"contentUrl\":\"https:\\\/\\\/storhogna.se\\\/wp-content\\\/uploads\\\/Storgona-feb-2023_Saragardegard-103-1-scaled.jpg\",\"width\":2560,\"height\":1707},{\"@type\":\"BreadcrumbList\",\"@id\":\"https:\\\/\\\/storhogna.se\\\/hogfjallsrundan\\\/#breadcrumb\",\"itemListElement\":[{\"@type\":\"ListItem\",\"position\":1,\"name\":\"Hem\",\"item\":\"https:\\\/\\\/storhogna.se\\\/\"},{\"@type\":\"ListItem\",\"position\":2,\"name\":\"H\u00f6gfj\u00e4llsrundan\"}]},{\"@type\":\"WebSite\",\"@id\":\"https:\\\/\\\/storhogna.se\\\/#website\",\"url\":\"https:\\\/\\\/storhogna.se\\\/\",\"name\":\"Storhogna H\u00f6gfj\u00e4llshotell &amp; Spa\",\"description\":\"Ett genuint h\u00f6gfj\u00e4llshotell med spa\",\"potentialAction\":[{\"@type\":\"SearchAction\",\"target\":{\"@type\":\"EntryPoint\",\"urlTemplate\":\"https:\\\/\\\/storhogna.se\\\/?s={search_term_string}\"},\"query-input\":{\"@type\":\"PropertyValueSpecification\",\"valueRequired\":true,\"valueName\":\"search_term_string\"}}],\"inLanguage\":\"en-GB\"}]}<\/script>\n<!-- \/ Yoast SEO plugin. -->","yoast_head_json":{"title":"H\u00f6gfj\u00e4llsrundan - Storhogna H\u00f6gfj\u00e4llshotell &amp; Spa","description":"The hotel's own machine-made tracks on Sl\u00e4ttfj\u00e4llet for both classic and skate skiing. Although the track is weather-sensitive in the middle of the bare mountain, it is a dreamlike journey with 360-degree mountain views on a clear day.","robots":{"index":"index","follow":"follow","max-snippet":"max-snippet:-1","max-image-preview":"max-image-preview:large","max-video-preview":"max-video-preview:-1"},"canonical":"https:\/\/storhogna.se\/en\/hogfjallsrundan\/","og_locale":"en_GB","og_type":"article","og_title":"H\u00f6gfj\u00e4llsrundan - Storhogna H\u00f6gfj\u00e4llshotell &amp; Spa","og_description":"Hotellets egna maskindragna sp\u00e5r p\u00e5 Sl\u00e4ttfj\u00e4llet f\u00f6r b\u00e5de klassisk och skate\u00e5kning. \u00c4ven om sp\u00e5ret \u00e4r v\u00e4derk\u00e4nsligt mitt p\u00e5 kalfj\u00e4llet, \u00e4r det en dr\u00f6mlik resa med 360 graders fj\u00e4llutsikt under en klar dag.","og_url":"https:\/\/storhogna.se\/en\/hogfjallsrundan\/","og_site_name":"Storhogna H\u00f6gfj\u00e4llshotell &amp; Spa","article_publisher":"https:\/\/www.facebook.com\/storhogna","article_modified_time":"2026-04-10T05:53:00+00:00","og_image":[{"width":2560,"height":1707,"url":"https:\/\/storhogna.se\/wp-content\/uploads\/Storgona-feb-2023_Saragardegard-103-1-scaled.jpg","type":"image\/jpeg"}],"twitter_card":"summary_large_image","twitter_misc":{"Estimated reading time":"1 minute"},"schema":{"@context":"https:\/\/schema.org","@graph":[{"@type":"WebPage","@id":"https:\/\/storhogna.se\/hogfjallsrundan\/","url":"https:\/\/storhogna.se\/hogfjallsrundan\/","name":"H\u00f6gfj\u00e4llsrundan - Storhogna H\u00f6gfj\u00e4llshotell &amp; Spa","isPartOf":{"@id":"https:\/\/storhogna.se\/#website"},"primaryImageOfPage":{"@id":"https:\/\/storhogna.se\/hogfjallsrundan\/#primaryimage"},"image":{"@id":"https:\/\/storhogna.se\/hogfjallsrundan\/#primaryimage"},"thumbnailUrl":"https:\/\/storhogna.se\/wp-content\/uploads\/Storgona-feb-2023_Saragardegard-103-1-scaled.jpg","datePublished":"2024-05-31T08:35:21+00:00","dateModified":"2026-04-10T05:53:00+00:00","description":"The hotel's own machine-made tracks on Sl\u00e4ttfj\u00e4llet for both classic and skate skiing. Although the track is weather-sensitive in the middle of the bare mountain, it is a dreamlike journey with 360-degree mountain views on a clear day.","breadcrumb":{"@id":"https:\/\/storhogna.se\/hogfjallsrundan\/#breadcrumb"},"inLanguage":"en-GB","potentialAction":[{"@type":"ReadAction","target":["https:\/\/storhogna.se\/hogfjallsrundan\/"]}]},{"@type":"ImageObject","inLanguage":"en-GB","@id":"https:\/\/storhogna.se\/hogfjallsrundan\/#primaryimage","url":"https:\/\/storhogna.se\/wp-content\/uploads\/Storgona-feb-2023_Saragardegard-103-1-scaled.jpg","contentUrl":"https:\/\/storhogna.se\/wp-content\/uploads\/Storgona-feb-2023_Saragardegard-103-1-scaled.jpg","width":2560,"height":1707},{"@type":"BreadcrumbList","@id":"https:\/\/storhogna.se\/hogfjallsrundan\/#breadcrumb","itemListElement":[{"@type":"ListItem","position":1,"name":"Hem","item":"https:\/\/storhogna.se\/"},{"@type":"ListItem","position":2,"name":"H\u00f6gfj\u00e4llsrundan"}]},{"@type":"WebSite","@id":"https:\/\/storhogna.se\/#website","url":"https:\/\/storhogna.se\/","name":"Storhogna High Mountain Hotel &amp; Spa","description":"A genuine high mountain hotel with spa","potentialAction":[{"@type":"SearchAction","target":{"@type":"EntryPoint","urlTemplate":"https:\/\/storhogna.se\/?s={search_term_string}"},"query-input":{"@type":"PropertyValueSpecification","valueRequired":true,"valueName":"search_term_string"}}],"inLanguage":"en-GB"}]}},"_links":{"self":[{"href":"https:\/\/storhogna.se\/en\/wp-json\/wp\/v2\/pages\/12837","targetHints":{"allow":["GET"]}}],"collection":[{"href":"https:\/\/storhogna.se\/en\/wp-json\/wp\/v2\/pages"}],"about":[{"href":"https:\/\/storhogna.se\/en\/wp-json\/wp\/v2\/types\/page"}],"author":[{"embeddable":true,"href":"https:\/\/storhogna.se\/en\/wp-json\/wp\/v2\/users\/12"}],"replies":[{"embeddable":true,"href":"https:\/\/storhogna.se\/en\/wp-json\/wp\/v2\/comments?post=12837"}],"version-history":[{"count":28,"href":"https:\/\/storhogna.se\/en\/wp-json\/wp\/v2\/pages\/12837\/revisions"}],"predecessor-version":[{"id":16990,"href":"https:\/\/storhogna.se\/en\/wp-json\/wp\/v2\/pages\/12837\/revisions\/16990"}],"wp:featuredmedia":[{"embeddable":true,"href":"https:\/\/storhogna.se\/en\/wp-json\/wp\/v2\/media\/11290"}],"wp:attachment":[{"href":"https:\/\/storhogna.se\/en\/wp-json\/wp\/v2\/media?parent=12837"}],"wp:term":[{"taxonomy":"category","embeddable":true,"href":"https:\/\/storhogna.se\/en\/wp-json\/wp\/v2\/categories?post=12837"},{"taxonomy":"post_tag","embeddable":true,"href":"https:\/\/storhogna.se\/en\/wp-json\/wp\/v2\/tags?post=12837"}],"curies":[{"name":"wp","href":"https:\/\/api.w.org\/{rel}","templated":true}]}}