{"id":15361,"date":"2025-09-10T14:47:48","date_gmt":"2025-09-10T12:47:48","guid":{"rendered":"https:\/\/storhogna.se\/?page_id=15361"},"modified":"2025-09-10T14:51:48","modified_gmt":"2025-09-10T12:51:48","slug":"nyarssupe","status":"publish","type":"page","link":"https:\/\/storhogna.se\/en\/nyarssupe\/","title":{"rendered":"New Year's Eve supper"},"content":{"rendered":"<div class=\"hero-slider\"><div class=\"splide\" data-slider=\"hero\" data-arrows=\"true\" data-interval=\"5\" data-transition=\"loop\" data-start-index=\"0\" id=\"hero-slider_1757508690048\" data-id=\"hero-slider_1757508690048\" data-custom-arrows=\"true\"><div class=\"splide__track\"><ul class=\"splide__list\"><li class=\"splide__slide\"><picture><source media=\"(max-width: 340px)\" srcset=\"https:\/\/storhogna.se\/wp-content\/uploads\/julbord-storhogna-8-2-300x200.jpg\"\/><source media=\"(min-width: 341px)\" srcset=\"https:\/\/storhogna.se\/wp-content\/uploads\/julbord-storhogna-8-2-scaled.jpg\"\/><img fetchpriority=\"high\" decoding=\"async\" class=\"fullscreen-image\" src=\"https:\/\/storhogna.se\/wp-content\/uploads\/julbord-storhogna-8-2-scaled.jpg\" alt=\"\" width=\"2560\" height=\"1708\" loading=\"eager\" style=\"object-position:50% 47%\"\/><\/picture><\/li><\/ul><\/div><\/div><div class=\"hero-slider__filter\" data-active=\"true\"><\/div><div class=\"hero-slider__fixed-content\"><div class=\"hero-slider__text-block\" data-visible=\"true\"><div class=\"hero-slider__text-block-inner\">\n<div class=\"wp-block-columns is-layout-flex wp-container-core-columns-is-layout-9d6595d7 wp-block-columns-is-layout-flex\">\n<div class=\"wp-block-column is-layout-flow wp-block-column-is-layout-flow\">\n<h1 class=\"wp-block-heading\">New Year's Eve supper<\/h1>\n\n\n\n<p>Celebrate the New Year in our botanical conservatory<\/p>\n<\/div>\n\n\n\n<div class=\"wp-block-column is-layout-flow wp-block-column-is-layout-flow\">\n<p>Welcome to end the year in the best way! Gather your loved ones and let us take care of everything - from a festive atmosphere to an elegant 5-course dinner that will be an experience for all the senses.<\/p>\n<\/div>\n<\/div>\n<\/div><\/div><\/div><\/div>\n\n\n<div class=\"media-and-text\">\n    <div class=\"media-and-text__layout media-and-text__layout--invert  default-color default-background\">\n      <div class=\"media-and-text__media\">\n                            <div class=\"splide article-slider\" data-slider=\"basic\" data-custom-arrows=\"true\" id=\"basic-slider_af31f16403a07bfa103882d1b674ce\">\n            <div class=\"splide__track article-slider__track\">\n              <ul class=\"splide__list article-slider__list\">\n                                  <li class=\"splide__slide article-slider__slide\">\n                    <img decoding=\"async\"\n                      class=\"article-slider__image\"\n                      src=\"https:\/\/storhogna.se\/wp-content\/uploads\/Storgona-feb-2023_Saragardegard-53-1-800x1200.jpg\"\n                      srcset=\"https:\/\/storhogna.se\/wp-content\/uploads\/Storgona-feb-2023_Saragardegard-53-1-800x1200.jpg 800w, https:\/\/storhogna.se\/wp-content\/uploads\/Storgona-feb-2023_Saragardegard-53-1-800x1200.jpg 800w\"\n                      sizes=\"auto, (max-width: 600px), 800px, 800px\"\n                      alt=\"\"\n                      width=\"800\" \n                      height=\"1200\" \n                      loading=\"lazy\"\n                      \/>\n                    <\/li>\n                              <\/ul>\n            <\/div>\n          <\/div>\n              <\/div>\n      <div class=\"media-and-text__content top\">\n        <div class=\"media-and-text__content-container\">\n          <div class=\"media-and-text__text\">\n            <h2 data-start=\"370\" data-end=\"407\"><strong>An extraordinary New Year's Eve<\/strong><\/h2>\n<p data-start=\"409\" data-end=\"712\">In our cosy winter garden we invite you to an unforgettable evening. Let yourselves be embraced by the green atmosphere, sparkling lights and a menu composed by our kitchen - filled with the best seasonal ingredients. The menu will be revealed shortly.<\/p>\n<p data-start=\"714\" data-end=\"742\"><strong data-start=\"714\" data-end=\"740\">Price 925 SEK\/person<\/strong><\/p>\n\n          <\/div>\n                              <div class=\"media-and-text__buttons\">\n                                        <a class=\"btn btn--fill media-and-text__button\" href=\"https:\/\/app.bokabord.se\/reservation\/?app_type=&amp;lang=en&amp;hash=c236eddd4ed422df531404a697eea403&amp;version=new&amp;date=2025-05-20\" target=\"_blank style=\"\">Book here<\/a>\n                      <\/div>\n                  <\/div>\n      <\/div>\n    <\/div>\n  <\/div>\n\n\n\n<div class=\"wp-block-cover is-light\"><span aria-hidden=\"true\" class=\"wp-block-cover__background has-background-dim-100 has-background-dim\" style=\"background-color:#eee2da\"><\/span><div class=\"wp-block-cover__inner-container is-layout-constrained wp-block-cover-is-layout-constrained\">\n<h3 class=\"wp-block-heading has-text-align-center has-large-font-size\"><strong>Menu 202<\/strong>5<\/h3>\n\n\n\n<p class=\"has-text-align-center\"><em>Coming soon<\/em><\/p>\n<\/div><\/div>\n\n\n\n<div style=\"height:30px\" aria-hidden=\"true\" class=\"wp-block-spacer\"><\/div>","protected":false},"excerpt":{"rendered":"<p>Welcome to end the year in the best way! Gather your loved ones and let us take care of everything - from a festive atmosphere to an elegant 5-course dinner that will be an experience for all the senses.<\/p>","protected":false},"author":8,"featured_media":11257,"parent":0,"menu_order":0,"comment_status":"closed","ping_status":"closed","template":"","meta":{"_acf_changed":false,"footnotes":""},"categories":[],"tags":[],"class_list":["post-15361","page","type-page","status-publish","has-post-thumbnail","hentry"],"acf":[],"yoast_head":"<!-- This site is optimized with the Yoast SEO plugin v25.6 - https:\/\/yoast.com\/wordpress\/plugins\/seo\/ -->\n<title>Ny\u00e5rssup\u00e9 - Storhogna H\u00f6gfj\u00e4llshotell &amp; Spa<\/title>\n<meta name=\"description\" content=\"Fira in det nya \u00e5ret med n\u00e4ra och k\u00e4ra och ta restaurangk\u00e4nslan hem med v\u00e5r Ny\u00e5rskasse. Kassen inneh\u00e5ller allt du beh\u00f6ver f\u00f6r att servera en festlig trer\u00e4ttersmeny.\" \/>\n<meta name=\"robots\" content=\"index, follow, max-snippet:-1, max-image-preview:large, max-video-preview:-1\" \/>\n<link rel=\"canonical\" href=\"https:\/\/storhogna.se\/en\/nyarssupe\/\" \/>\n<meta property=\"og:locale\" content=\"en_GB\" \/>\n<meta property=\"og:type\" content=\"article\" \/>\n<meta property=\"og:title\" content=\"Ny\u00e5rssup\u00e9 - Storhogna H\u00f6gfj\u00e4llshotell &amp; Spa\" \/>\n<meta property=\"og:description\" content=\"Fira in det nya \u00e5ret med n\u00e4ra och k\u00e4ra och ta restaurangk\u00e4nslan hem med v\u00e5r Ny\u00e5rskasse. Kassen inneh\u00e5ller allt du beh\u00f6ver f\u00f6r att servera en festlig trer\u00e4ttersmeny.\" \/>\n<meta property=\"og:url\" content=\"https:\/\/storhogna.se\/en\/nyarssupe\/\" \/>\n<meta property=\"og:site_name\" content=\"Storhogna H\u00f6gfj\u00e4llshotell &amp; Spa\" \/>\n<meta property=\"article:publisher\" content=\"https:\/\/www.facebook.com\/storhogna\" \/>\n<meta property=\"article:modified_time\" content=\"2025-09-10T12:51:48+00:00\" \/>\n<meta property=\"og:image\" content=\"https:\/\/storhogna.se\/wp-content\/uploads\/julbord-storhogna-8-2-scaled.jpg\" \/>\n\t<meta property=\"og:image:width\" content=\"2560\" \/>\n\t<meta property=\"og:image:height\" content=\"1708\" \/>\n\t<meta property=\"og:image:type\" content=\"image\/jpeg\" \/>\n<meta name=\"twitter:card\" content=\"summary_large_image\" \/>\n<meta name=\"twitter:label1\" content=\"Estimated reading time\" \/>\n\t<meta name=\"twitter:data1\" content=\"1 minute\" \/>\n<script type=\"application\/ld+json\" class=\"yoast-schema-graph\">{\"@context\":\"https:\/\/schema.org\",\"@graph\":[{\"@type\":\"WebPage\",\"@id\":\"https:\/\/storhogna.se\/nyarssupe\/\",\"url\":\"https:\/\/storhogna.se\/nyarssupe\/\",\"name\":\"Ny\u00e5rssup\u00e9 - Storhogna H\u00f6gfj\u00e4llshotell &amp; Spa\",\"isPartOf\":{\"@id\":\"https:\/\/storhogna.se\/#website\"},\"primaryImageOfPage\":{\"@id\":\"https:\/\/storhogna.se\/nyarssupe\/#primaryimage\"},\"image\":{\"@id\":\"https:\/\/storhogna.se\/nyarssupe\/#primaryimage\"},\"thumbnailUrl\":\"https:\/\/storhogna.se\/wp-content\/uploads\/julbord-storhogna-8-2-scaled.jpg\",\"datePublished\":\"2025-09-10T12:47:48+00:00\",\"dateModified\":\"2025-09-10T12:51:48+00:00\",\"description\":\"Fira in det nya \u00e5ret med n\u00e4ra och k\u00e4ra och ta restaurangk\u00e4nslan hem med v\u00e5r Ny\u00e5rskasse. Kassen inneh\u00e5ller allt du beh\u00f6ver f\u00f6r att servera en festlig trer\u00e4ttersmeny.\",\"breadcrumb\":{\"@id\":\"https:\/\/storhogna.se\/nyarssupe\/#breadcrumb\"},\"inLanguage\":\"en-GB\",\"potentialAction\":[{\"@type\":\"ReadAction\",\"target\":[\"https:\/\/storhogna.se\/nyarssupe\/\"]}]},{\"@type\":\"ImageObject\",\"inLanguage\":\"en-GB\",\"@id\":\"https:\/\/storhogna.se\/nyarssupe\/#primaryimage\",\"url\":\"https:\/\/storhogna.se\/wp-content\/uploads\/julbord-storhogna-8-2-scaled.jpg\",\"contentUrl\":\"https:\/\/storhogna.se\/wp-content\/uploads\/julbord-storhogna-8-2-scaled.jpg\",\"width\":2560,\"height\":1708},{\"@type\":\"BreadcrumbList\",\"@id\":\"https:\/\/storhogna.se\/nyarssupe\/#breadcrumb\",\"itemListElement\":[{\"@type\":\"ListItem\",\"position\":1,\"name\":\"Hem\",\"item\":\"https:\/\/storhogna.se\/\"},{\"@type\":\"ListItem\",\"position\":2,\"name\":\"Ny\u00e5rssup\u00e9\"}]},{\"@type\":\"WebSite\",\"@id\":\"https:\/\/storhogna.se\/#website\",\"url\":\"https:\/\/storhogna.se\/\",\"name\":\"Storhogna H\u00f6gfj\u00e4llshotell &amp; Spa\",\"description\":\"Ett genuint h\u00f6gfj\u00e4llshotell med spa\",\"potentialAction\":[{\"@type\":\"SearchAction\",\"target\":{\"@type\":\"EntryPoint\",\"urlTemplate\":\"https:\/\/storhogna.se\/?s={search_term_string}\"},\"query-input\":{\"@type\":\"PropertyValueSpecification\",\"valueRequired\":true,\"valueName\":\"search_term_string\"}}],\"inLanguage\":\"en-GB\"}]}<\/script>\n<!-- \/ Yoast SEO plugin. -->","yoast_head_json":{"title":"Ny\u00e5rssup\u00e9 - Storhogna H\u00f6gfj\u00e4llshotell &amp; Spa","description":"Fira in det nya \u00e5ret med n\u00e4ra och k\u00e4ra och ta restaurangk\u00e4nslan hem med v\u00e5r Ny\u00e5rskasse. Kassen inneh\u00e5ller allt du beh\u00f6ver f\u00f6r att servera en festlig trer\u00e4ttersmeny.","robots":{"index":"index","follow":"follow","max-snippet":"max-snippet:-1","max-image-preview":"max-image-preview:large","max-video-preview":"max-video-preview:-1"},"canonical":"https:\/\/storhogna.se\/en\/nyarssupe\/","og_locale":"en_GB","og_type":"article","og_title":"Ny\u00e5rssup\u00e9 - Storhogna H\u00f6gfj\u00e4llshotell &amp; Spa","og_description":"Fira in det nya \u00e5ret med n\u00e4ra och k\u00e4ra och ta restaurangk\u00e4nslan hem med v\u00e5r Ny\u00e5rskasse. Kassen inneh\u00e5ller allt du beh\u00f6ver f\u00f6r att servera en festlig trer\u00e4ttersmeny.","og_url":"https:\/\/storhogna.se\/en\/nyarssupe\/","og_site_name":"Storhogna H\u00f6gfj\u00e4llshotell &amp; Spa","article_publisher":"https:\/\/www.facebook.com\/storhogna","article_modified_time":"2025-09-10T12:51:48+00:00","og_image":[{"width":2560,"height":1708,"url":"https:\/\/storhogna.se\/wp-content\/uploads\/julbord-storhogna-8-2-scaled.jpg","type":"image\/jpeg"}],"twitter_card":"summary_large_image","twitter_misc":{"Estimated reading time":"1 minute"},"schema":{"@context":"https:\/\/schema.org","@graph":[{"@type":"WebPage","@id":"https:\/\/storhogna.se\/nyarssupe\/","url":"https:\/\/storhogna.se\/nyarssupe\/","name":"Ny\u00e5rssup\u00e9 - Storhogna H\u00f6gfj\u00e4llshotell &amp; Spa","isPartOf":{"@id":"https:\/\/storhogna.se\/#website"},"primaryImageOfPage":{"@id":"https:\/\/storhogna.se\/nyarssupe\/#primaryimage"},"image":{"@id":"https:\/\/storhogna.se\/nyarssupe\/#primaryimage"},"thumbnailUrl":"https:\/\/storhogna.se\/wp-content\/uploads\/julbord-storhogna-8-2-scaled.jpg","datePublished":"2025-09-10T12:47:48+00:00","dateModified":"2025-09-10T12:51:48+00:00","description":"Fira in det nya \u00e5ret med n\u00e4ra och k\u00e4ra och ta restaurangk\u00e4nslan hem med v\u00e5r Ny\u00e5rskasse. Kassen inneh\u00e5ller allt du beh\u00f6ver f\u00f6r att servera en festlig trer\u00e4ttersmeny.","breadcrumb":{"@id":"https:\/\/storhogna.se\/nyarssupe\/#breadcrumb"},"inLanguage":"en-GB","potentialAction":[{"@type":"ReadAction","target":["https:\/\/storhogna.se\/nyarssupe\/"]}]},{"@type":"ImageObject","inLanguage":"en-GB","@id":"https:\/\/storhogna.se\/nyarssupe\/#primaryimage","url":"https:\/\/storhogna.se\/wp-content\/uploads\/julbord-storhogna-8-2-scaled.jpg","contentUrl":"https:\/\/storhogna.se\/wp-content\/uploads\/julbord-storhogna-8-2-scaled.jpg","width":2560,"height":1708},{"@type":"BreadcrumbList","@id":"https:\/\/storhogna.se\/nyarssupe\/#breadcrumb","itemListElement":[{"@type":"ListItem","position":1,"name":"Hem","item":"https:\/\/storhogna.se\/"},{"@type":"ListItem","position":2,"name":"Ny\u00e5rssup\u00e9"}]},{"@type":"WebSite","@id":"https:\/\/storhogna.se\/#website","url":"https:\/\/storhogna.se\/","name":"Storhogna H\u00f6gfj\u00e4llshotell &amp; Spa","description":"Ett genuint h\u00f6gfj\u00e4llshotell med spa","potentialAction":[{"@type":"SearchAction","target":{"@type":"EntryPoint","urlTemplate":"https:\/\/storhogna.se\/?s={search_term_string}"},"query-input":{"@type":"PropertyValueSpecification","valueRequired":true,"valueName":"search_term_string"}}],"inLanguage":"en-GB"}]}},"_links":{"self":[{"href":"https:\/\/storhogna.se\/en\/wp-json\/wp\/v2\/pages\/15361","targetHints":{"allow":["GET"]}}],"collection":[{"href":"https:\/\/storhogna.se\/en\/wp-json\/wp\/v2\/pages"}],"about":[{"href":"https:\/\/storhogna.se\/en\/wp-json\/wp\/v2\/types\/page"}],"author":[{"embeddable":true,"href":"https:\/\/storhogna.se\/en\/wp-json\/wp\/v2\/users\/8"}],"replies":[{"embeddable":true,"href":"https:\/\/storhogna.se\/en\/wp-json\/wp\/v2\/comments?post=15361"}],"version-history":[{"count":5,"href":"https:\/\/storhogna.se\/en\/wp-json\/wp\/v2\/pages\/15361\/revisions"}],"predecessor-version":[{"id":15367,"href":"https:\/\/storhogna.se\/en\/wp-json\/wp\/v2\/pages\/15361\/revisions\/15367"}],"wp:featuredmedia":[{"embeddable":true,"href":"https:\/\/storhogna.se\/en\/wp-json\/wp\/v2\/media\/11257"}],"wp:attachment":[{"href":"https:\/\/storhogna.se\/en\/wp-json\/wp\/v2\/media?parent=15361"}],"wp:term":[{"taxonomy":"category","embeddable":true,"href":"https:\/\/storhogna.se\/en\/wp-json\/wp\/v2\/categories?post=15361"},{"taxonomy":"post_tag","embeddable":true,"href":"https:\/\/storhogna.se\/en\/wp-json\/wp\/v2\/tags?post=15361"}],"curies":[{"name":"wp","href":"https:\/\/api.w.org\/{rel}","templated":true}]}}