{"id":15371,"date":"2025-09-10T15:35:54","date_gmt":"2025-09-10T13:35:54","guid":{"rendered":"https:\/\/storhogna.se\/?page_id=15371"},"modified":"2025-09-10T15:37:21","modified_gmt":"2025-09-10T13:37:21","slug":"cottage-dinner","status":"publish","type":"page","link":"https:\/\/storhogna.se\/en\/stugagarmiddag\/","title":{"rendered":"Holiday cottage owners' dinner"},"content":{"rendered":"<div class=\"hero-slider\"><div class=\"splide\" data-slider=\"hero\" data-arrows=\"true\" data-interval=\"5\" data-transition=\"loop\" data-start-index=\"0\" id=\"hero-slider_1757511413498\" data-id=\"hero-slider_1757511413498\" data-custom-arrows=\"true\"><div class=\"splide__track\"><ul class=\"splide__list\"><li class=\"splide__slide\"><picture><source media=\"(max-width: 340px)\"\/><source media=\"(min-width: 341px)\" srcset=\"https:\/\/storhogna.se\/wp-content\/uploads\/Storgona-feb-2023_Saragardegard-167-1.jpg\"\/><img decoding=\"async\" class=\"fullscreen-image\" src=\"https:\/\/storhogna.se\/wp-content\/uploads\/Storgona-feb-2023_Saragardegard-167-1.jpg\" alt=\"\" loading=\"eager\" style=\"object-position:50% 47%\"\/><\/picture><\/li><\/ul><\/div><\/div><div class=\"hero-slider__filter\" data-active=\"true\"><\/div><div class=\"hero-slider__fixed-content\"><div class=\"hero-slider__text-block\" data-visible=\"true\"><div class=\"hero-slider__text-block-inner\">\n<div class=\"wp-block-columns is-layout-flex wp-container-core-columns-is-layout-9d6595d7 wp-block-columns-is-layout-flex\">\n<div class=\"wp-block-column is-layout-flow wp-block-column-is-layout-flow\">\n<h1 class=\"wp-block-heading\">Holiday home owners' dinner on Fj\u00e4llsidan<\/h1>\n\n\n\n<p>Friday-Saturday 31 October-1 November from 17:30<\/p>\n<\/div>\n\n\n\n<div class=\"wp-block-column is-layout-flow wp-block-column-is-layout-flow\">\n<p>We invite all cottage owners to a lovely evening at Fj\u00e4llsidan. Enjoy good food, good company and a warm atmosphere.<\/p>\n<\/div>\n<\/div>\n<\/div><\/div><\/div><\/div>\n\n\n<div class=\"media-and-text\">\n    <div class=\"media-and-text__layout media-and-text__layout--invert  default-color default-background\">\n      <div class=\"media-and-text__media\">\n                            <div class=\"splide article-slider\" data-slider=\"basic\" data-custom-arrows=\"true\" id=\"basic-slider_12708a2a4c5f003cd2588397cb6c71\">\n            <div class=\"splide__track article-slider__track\">\n              <ul class=\"splide__list article-slider__list\">\n                                  <li class=\"splide__slide article-slider__slide\">\n                    <img decoding=\"async\"\n                      class=\"article-slider__image\"\n                      src=\"https:\/\/storhogna.se\/wp-content\/uploads\/fjallsidan-pizza-storhogna-1200x800.jpg\"\n                      srcset=\"https:\/\/storhogna.se\/wp-content\/uploads\/fjallsidan-pizza-storhogna-1200x800.jpg 1200w, https:\/\/storhogna.se\/wp-content\/uploads\/fjallsidan-pizza-storhogna-800x533.jpg 800w\"\n                      sizes=\"auto, (max-width: 600px), 1200px, 800px\"\n                      alt=\"\"\n                      width=\"1200\" \n                      height=\"800\" \n                      loading=\"lazy\"\n                      \/>\n                    <\/li>\n                              <\/ul>\n            <\/div>\n          <\/div>\n              <\/div>\n      <div class=\"media-and-text__content top\">\n        <div class=\"media-and-text__content-container\">\n          <div class=\"media-and-text__text\">\n            <h2 data-start=\"375\" data-end=\"409\">Cottage owners' dinner with pizza buffet<\/h2>\n<p data-start=\"411\" data-end=\"671\">The evening begins with a cosy mingle where we gather and socialise. Afterwards, a stone oven-baked Italian pizza buffet awaits, filled with flavoursome varieties suitable for both young and old. A perfect chance to meet, talk and enjoy together before the winter season.<\/p>\n<p data-start=\"673\" data-end=\"711\"><strong data-start=\"673\" data-end=\"709\">Friday-Saturday 31 October-1 November from 17:30<br \/>\nPrice 225 SEK adult | 125 SEK child<\/strong><\/p>\n\n          <\/div>\n                              <div class=\"media-and-text__buttons\">\n                                        <a class=\"btn btn--fill media-and-text__button\" href=\"https:\/\/app.bokabord.se\/reservation\/?app_type=&amp;lang=en&amp;hash=c236eddd4ed422df531404a697eea403&amp;version=new&amp;date=2025-05-20\" target=\"_blank style=\"\">Book here<\/a>\n                      <\/div>\n                  <\/div>\n      <\/div>\n    <\/div>\n  <\/div>\n\n\n\n<div style=\"height:30px\" aria-hidden=\"true\" class=\"wp-block-spacer\"><\/div>","protected":false},"excerpt":{"rendered":"<p>We invite all cottage owners to a lovely evening at Fj\u00e4llsidan. Enjoy good food, good company and a warm atmosphere.<\/p>","protected":false},"author":8,"featured_media":11327,"parent":0,"menu_order":0,"comment_status":"closed","ping_status":"closed","template":"","meta":{"_acf_changed":false,"footnotes":""},"categories":[],"tags":[],"class_list":["post-15371","page","type-page","status-publish","has-post-thumbnail","hentry"],"acf":[],"yoast_head":"<!-- This site is optimized with the Yoast SEO plugin v27.3 - https:\/\/yoast.com\/product\/yoast-seo-wordpress\/ -->\n<title>Stug\u00e4garmiddag - Storhogna H\u00f6gfj\u00e4llshotell &amp; Spa<\/title>\n<meta name=\"description\" content=\"Vi bjuder in alla stug\u00e4gare till en h\u00e4rlig kv\u00e4ll p\u00e5 Fj\u00e4llsidan. Njut av god mat, trevligt s\u00e4llskap och en varm atmosf\u00e4r.\" \/>\n<meta name=\"robots\" content=\"index, follow, max-snippet:-1, max-image-preview:large, max-video-preview:-1\" \/>\n<link rel=\"canonical\" href=\"https:\/\/storhogna.se\/en\/cottage-dinner\/\" \/>\n<meta property=\"og:locale\" content=\"en_GB\" \/>\n<meta property=\"og:type\" content=\"article\" \/>\n<meta property=\"og:title\" content=\"Stug\u00e4garmiddag - Storhogna H\u00f6gfj\u00e4llshotell &amp; Spa\" \/>\n<meta property=\"og:description\" content=\"Vi bjuder in alla stug\u00e4gare till en h\u00e4rlig kv\u00e4ll p\u00e5 Fj\u00e4llsidan. Njut av god mat, trevligt s\u00e4llskap och en varm atmosf\u00e4r.\" \/>\n<meta property=\"og:url\" content=\"https:\/\/storhogna.se\/en\/cottage-dinner\/\" \/>\n<meta property=\"og:site_name\" content=\"Storhogna H\u00f6gfj\u00e4llshotell &amp; Spa\" \/>\n<meta property=\"article:publisher\" content=\"https:\/\/www.facebook.com\/storhogna\" \/>\n<meta property=\"article:modified_time\" content=\"2025-09-10T13:37:21+00:00\" \/>\n<meta property=\"og:image\" content=\"https:\/\/storhogna.se\/wp-content\/uploads\/Storgona-feb-2023_Saragardegard-167-1.jpg\" \/>\n\t<meta property=\"og:image:width\" content=\"1\" \/>\n\t<meta property=\"og:image:height\" content=\"1\" \/>\n\t<meta property=\"og:image:type\" content=\"image\/jpeg\" \/>\n<meta name=\"twitter:card\" content=\"summary_large_image\" \/>\n<meta name=\"twitter:label1\" content=\"Estimated reading time\" \/>\n\t<meta name=\"twitter:data1\" content=\"1 minute\" \/>\n<script type=\"application\/ld+json\" class=\"yoast-schema-graph\">{\"@context\":\"https:\\\/\\\/schema.org\",\"@graph\":[{\"@type\":\"WebPage\",\"@id\":\"https:\\\/\\\/storhogna.se\\\/stugagarmiddag\\\/\",\"url\":\"https:\\\/\\\/storhogna.se\\\/stugagarmiddag\\\/\",\"name\":\"Stug\u00e4garmiddag - Storhogna H\u00f6gfj\u00e4llshotell &amp; Spa\",\"isPartOf\":{\"@id\":\"https:\\\/\\\/storhogna.se\\\/#website\"},\"primaryImageOfPage\":{\"@id\":\"https:\\\/\\\/storhogna.se\\\/stugagarmiddag\\\/#primaryimage\"},\"image\":{\"@id\":\"https:\\\/\\\/storhogna.se\\\/stugagarmiddag\\\/#primaryimage\"},\"thumbnailUrl\":\"https:\\\/\\\/storhogna.se\\\/wp-content\\\/uploads\\\/Storgona-feb-2023_Saragardegard-167-1.jpg\",\"datePublished\":\"2025-09-10T13:35:54+00:00\",\"dateModified\":\"2025-09-10T13:37:21+00:00\",\"description\":\"Vi bjuder in alla stug\u00e4gare till en h\u00e4rlig kv\u00e4ll p\u00e5 Fj\u00e4llsidan. Njut av god mat, trevligt s\u00e4llskap och en varm atmosf\u00e4r.\",\"breadcrumb\":{\"@id\":\"https:\\\/\\\/storhogna.se\\\/stugagarmiddag\\\/#breadcrumb\"},\"inLanguage\":\"en-GB\",\"potentialAction\":[{\"@type\":\"ReadAction\",\"target\":[\"https:\\\/\\\/storhogna.se\\\/stugagarmiddag\\\/\"]}]},{\"@type\":\"ImageObject\",\"inLanguage\":\"en-GB\",\"@id\":\"https:\\\/\\\/storhogna.se\\\/stugagarmiddag\\\/#primaryimage\",\"url\":\"https:\\\/\\\/storhogna.se\\\/wp-content\\\/uploads\\\/Storgona-feb-2023_Saragardegard-167-1.jpg\",\"contentUrl\":\"https:\\\/\\\/storhogna.se\\\/wp-content\\\/uploads\\\/Storgona-feb-2023_Saragardegard-167-1.jpg\"},{\"@type\":\"BreadcrumbList\",\"@id\":\"https:\\\/\\\/storhogna.se\\\/stugagarmiddag\\\/#breadcrumb\",\"itemListElement\":[{\"@type\":\"ListItem\",\"position\":1,\"name\":\"Hem\",\"item\":\"https:\\\/\\\/storhogna.se\\\/\"},{\"@type\":\"ListItem\",\"position\":2,\"name\":\"Stug\u00e4garmiddag\"}]},{\"@type\":\"WebSite\",\"@id\":\"https:\\\/\\\/storhogna.se\\\/#website\",\"url\":\"https:\\\/\\\/storhogna.se\\\/\",\"name\":\"Storhogna H\u00f6gfj\u00e4llshotell &amp; Spa\",\"description\":\"Ett genuint h\u00f6gfj\u00e4llshotell med spa\",\"potentialAction\":[{\"@type\":\"SearchAction\",\"target\":{\"@type\":\"EntryPoint\",\"urlTemplate\":\"https:\\\/\\\/storhogna.se\\\/?s={search_term_string}\"},\"query-input\":{\"@type\":\"PropertyValueSpecification\",\"valueRequired\":true,\"valueName\":\"search_term_string\"}}],\"inLanguage\":\"en-GB\"}]}<\/script>\n<!-- \/ Yoast SEO plugin. -->","yoast_head_json":{"title":"Cabin owner dinner - Storhogna H\u00f6gfj\u00e4llshotell &amp; Spa","description":"We invite all cottage owners to a lovely evening at Fj\u00e4llsidan. Enjoy good food, good company and a warm atmosphere.","robots":{"index":"index","follow":"follow","max-snippet":"max-snippet:-1","max-image-preview":"max-image-preview:large","max-video-preview":"max-video-preview:-1"},"canonical":"https:\/\/storhogna.se\/en\/cottage-dinner\/","og_locale":"en_GB","og_type":"article","og_title":"Stug\u00e4garmiddag - Storhogna H\u00f6gfj\u00e4llshotell &amp; Spa","og_description":"Vi bjuder in alla stug\u00e4gare till en h\u00e4rlig kv\u00e4ll p\u00e5 Fj\u00e4llsidan. Njut av god mat, trevligt s\u00e4llskap och en varm atmosf\u00e4r.","og_url":"https:\/\/storhogna.se\/en\/cottage-dinner\/","og_site_name":"Storhogna H\u00f6gfj\u00e4llshotell &amp; Spa","article_publisher":"https:\/\/www.facebook.com\/storhogna","article_modified_time":"2025-09-10T13:37:21+00:00","og_image":[{"url":"https:\/\/storhogna.se\/wp-content\/uploads\/Storgona-feb-2023_Saragardegard-167-1.jpg","width":1,"height":1,"type":"image\/jpeg"}],"twitter_card":"summary_large_image","twitter_misc":{"Estimated reading time":"1 minute"},"schema":{"@context":"https:\/\/schema.org","@graph":[{"@type":"WebPage","@id":"https:\/\/storhogna.se\/stugagarmiddag\/","url":"https:\/\/storhogna.se\/stugagarmiddag\/","name":"Cabin owner dinner - Storhogna H\u00f6gfj\u00e4llshotell &amp; Spa","isPartOf":{"@id":"https:\/\/storhogna.se\/#website"},"primaryImageOfPage":{"@id":"https:\/\/storhogna.se\/stugagarmiddag\/#primaryimage"},"image":{"@id":"https:\/\/storhogna.se\/stugagarmiddag\/#primaryimage"},"thumbnailUrl":"https:\/\/storhogna.se\/wp-content\/uploads\/Storgona-feb-2023_Saragardegard-167-1.jpg","datePublished":"2025-09-10T13:35:54+00:00","dateModified":"2025-09-10T13:37:21+00:00","description":"We invite all cottage owners to a lovely evening at Fj\u00e4llsidan. Enjoy good food, good company and a warm atmosphere.","breadcrumb":{"@id":"https:\/\/storhogna.se\/stugagarmiddag\/#breadcrumb"},"inLanguage":"en-GB","potentialAction":[{"@type":"ReadAction","target":["https:\/\/storhogna.se\/stugagarmiddag\/"]}]},{"@type":"ImageObject","inLanguage":"en-GB","@id":"https:\/\/storhogna.se\/stugagarmiddag\/#primaryimage","url":"https:\/\/storhogna.se\/wp-content\/uploads\/Storgona-feb-2023_Saragardegard-167-1.jpg","contentUrl":"https:\/\/storhogna.se\/wp-content\/uploads\/Storgona-feb-2023_Saragardegard-167-1.jpg"},{"@type":"BreadcrumbList","@id":"https:\/\/storhogna.se\/stugagarmiddag\/#breadcrumb","itemListElement":[{"@type":"ListItem","position":1,"name":"Hem","item":"https:\/\/storhogna.se\/"},{"@type":"ListItem","position":2,"name":"Stug\u00e4garmiddag"}]},{"@type":"WebSite","@id":"https:\/\/storhogna.se\/#website","url":"https:\/\/storhogna.se\/","name":"Storhogna High Mountain Hotel &amp; Spa","description":"A genuine high mountain hotel with spa","potentialAction":[{"@type":"SearchAction","target":{"@type":"EntryPoint","urlTemplate":"https:\/\/storhogna.se\/?s={search_term_string}"},"query-input":{"@type":"PropertyValueSpecification","valueRequired":true,"valueName":"search_term_string"}}],"inLanguage":"en-GB"}]}},"_links":{"self":[{"href":"https:\/\/storhogna.se\/en\/wp-json\/wp\/v2\/pages\/15371","targetHints":{"allow":["GET"]}}],"collection":[{"href":"https:\/\/storhogna.se\/en\/wp-json\/wp\/v2\/pages"}],"about":[{"href":"https:\/\/storhogna.se\/en\/wp-json\/wp\/v2\/types\/page"}],"author":[{"embeddable":true,"href":"https:\/\/storhogna.se\/en\/wp-json\/wp\/v2\/users\/8"}],"replies":[{"embeddable":true,"href":"https:\/\/storhogna.se\/en\/wp-json\/wp\/v2\/comments?post=15371"}],"version-history":[{"count":3,"href":"https:\/\/storhogna.se\/en\/wp-json\/wp\/v2\/pages\/15371\/revisions"}],"predecessor-version":[{"id":15374,"href":"https:\/\/storhogna.se\/en\/wp-json\/wp\/v2\/pages\/15371\/revisions\/15374"}],"wp:featuredmedia":[{"embeddable":true,"href":"https:\/\/storhogna.se\/en\/wp-json\/wp\/v2\/media\/11327"}],"wp:attachment":[{"href":"https:\/\/storhogna.se\/en\/wp-json\/wp\/v2\/media?parent=15371"}],"wp:term":[{"taxonomy":"category","embeddable":true,"href":"https:\/\/storhogna.se\/en\/wp-json\/wp\/v2\/categories?post=15371"},{"taxonomy":"post_tag","embeddable":true,"href":"https:\/\/storhogna.se\/en\/wp-json\/wp\/v2\/tags?post=15371"}],"curies":[{"name":"wp","href":"https:\/\/api.w.org\/{rel}","templated":true}]}}