{"id":15467,"date":"2025-10-15T13:28:09","date_gmt":"2025-10-15T11:28:09","guid":{"rendered":"https:\/\/storhogna.se\/?page_id=15467"},"modified":"2025-10-21T15:35:44","modified_gmt":"2025-10-21T13:35:44","slug":"reversibility","status":"publish","type":"page","link":"https:\/\/storhogna.se\/en\/reversibility\/","title":{"rendered":"Sustainability"},"content":{"rendered":"<div class=\"hero-slider\"><div class=\"splide\" data-slider=\"hero\" data-arrows=\"true\" data-interval=\"5\" data-transition=\"loop\" data-start-index=\"0\" id=\"hero-slider_1761053681313\" data-id=\"hero-slider_1761053681313\" data-custom-arrows=\"true\"><div class=\"splide__track\"><ul class=\"splide__list\"><li class=\"splide__slide\"><picture><source media=\"(max-width: 340px)\" srcset=\"https:\/\/storhogna.se\/wp-content\/uploads\/storhogna8004-utan-stormkok-1-300x200.jpg\"\/><source media=\"(min-width: 341px)\" srcset=\"https:\/\/storhogna.se\/wp-content\/uploads\/storhogna8004-utan-stormkok-1-scaled.jpg\"\/><img fetchpriority=\"high\" decoding=\"async\" class=\"fullscreen-image\" src=\"https:\/\/storhogna.se\/wp-content\/uploads\/storhogna8004-utan-stormkok-1-scaled.jpg\" alt=\"\" width=\"2560\" height=\"1707\" loading=\"eager\" style=\"object-position:50% 50%\"\/><\/picture><\/li><\/ul><\/div><\/div><div class=\"hero-slider__filter\" data-active=\"true\"><\/div><div class=\"hero-slider__fixed-content\"><div class=\"hero-slider__text-block\" data-visible=\"true\"><div class=\"hero-slider__text-block-inner\">\n<div class=\"wp-block-columns is-layout-flex wp-container-core-columns-is-layout-9d6595d7 wp-block-columns-is-layout-flex\">\n<div class=\"wp-block-column is-layout-flow wp-block-column-is-layout-flow\">\n<h1 class=\"wp-block-heading\">Sustainability<\/h1>\n\n\n\n<p>Discover how we work with sustainability at Storhogna H\u00f6gfj\u00e4llshotell &amp; Spa<\/p>\n<\/div>\n\n\n\n<div class=\"wp-block-column is-layout-flow wp-block-column-is-layout-flow\">\n<p>For us at Storhogna H\u00f6gfj\u00e4llshotell &amp; Spa, it is important to work with sustainability that benefits both current and future generations. We operate in a beautiful mountain environment that reminds us daily of the fantastic planet we live on and which we must also protect.<\/p>\n<\/div>\n<\/div>\n<\/div><\/div><\/div><\/div><div class=\"breadcrumbs\"><span><span><a href=\"https:\/\/storhogna.se\/en\/\">Home<\/a><\/span><\/span><\/div>\n\n\n<div class=\"media-and-text\">\n    <div class=\"media-and-text__layout media-and-text__layout--invert  default-color default-background\">\n      <div class=\"media-and-text__media\">\n                  <img decoding=\"async\"\n          class=\"media-and-text__single-image\"\n          src=\"https:\/\/storhogna.se\/wp-content\/uploads\/Fjallsuperior-DRL-sang-storhogna-1200x800.jpg\"\n          srcset=\"https:\/\/storhogna.se\/wp-content\/uploads\/Fjallsuperior-DRL-sang-storhogna-1200x800.jpg 1200w, https:\/\/storhogna.se\/wp-content\/uploads\/Fjallsuperior-DRL-sang-storhogna-1200x800.jpg 1200w\"\n          sizes=\"auto, (max-width: 500px) 1200px, 1200px\"\n          alt=\"\"\n          width=\"1200\" \n          height=\"800\" \n          loading=\"lazy\"\n          \/>\n              <\/div>\n      <div class=\"media-and-text__content top\">\n        <div class=\"media-and-text__content-container\">\n          <div class=\"media-and-text__text\">\n            <h2>Our hotel is Green Key labelled<\/h2>\n<p>You will stay at a hotel that is Green Key eco-labelled. We work actively with environmental and<br \/>\nsustainability issues through Green Key's comprehensive criteria.<\/p>\n<p><strong>OUR ENVIRONMENTAL COMMITMENTS<\/strong><br \/>\nHere are examples of our commitments:<\/p>\n<ul>\n<li>We use LED lighting, 100% renewable electricity and have procedures to reduce energy consumption.<\/li>\n<li>We sort and recycle our waste and that of our guests.<\/li>\n<li>We use 100% eco-labelled cleaning products for daily cleaning.<\/li>\n<li>We have taken initiatives to reduce water consumption.<\/li>\n<li>Our guests are offered organic food at breakfast.<\/li>\n<li>We work to reduce food waste.<\/li>\n<li>We calculate our greenhouse gas emissions annually to reduce our climate impact.<\/li>\n<\/ul>\n<p><img loading=\"lazy\" decoding=\"async\" class=\"alignnone  wp-image-15469\" src=\"https:\/\/storhogna.se\/wp-content\/uploads\/Green-key-storhogna-300x294.jpg\" alt=\"\" width=\"128\" height=\"126\" srcset=\"https:\/\/storhogna.se\/wp-content\/uploads\/Green-key-storhogna-300x294.jpg 300w, https:\/\/storhogna.se\/wp-content\/uploads\/Green-key-storhogna-768x752.jpg 768w, https:\/\/storhogna.se\/wp-content\/uploads\/Green-key-storhogna-12x12.jpg 12w, https:\/\/storhogna.se\/wp-content\/uploads\/Green-key-storhogna-400x391.jpg 400w, https:\/\/storhogna.se\/wp-content\/uploads\/Green-key-storhogna-800x783.jpg 800w, https:\/\/storhogna.se\/wp-content\/uploads\/Green-key-storhogna-953x933.jpg 953w, https:\/\/storhogna.se\/wp-content\/uploads\/Green-key-storhogna-900x881.jpg 900w, https:\/\/storhogna.se\/wp-content\/uploads\/Green-key-storhogna-697x682.jpg 697w, https:\/\/storhogna.se\/wp-content\/uploads\/Green-key-storhogna-690x675.jpg 690w, https:\/\/storhogna.se\/wp-content\/uploads\/Green-key-storhogna.jpg 1024w\" sizes=\"auto, (max-width: 128px) 100vw, 128px\" \/><\/p>\n\n          <\/div>\n                            <\/div>\n      <\/div>\n    <\/div>\n  <\/div>\n\n\n<div class=\"media-and-text\">\n    <div class=\"media-and-text__layout  default-color default-background\">\n      <div class=\"media-and-text__media\">\n                  <img decoding=\"async\"\n          class=\"media-and-text__single-image\"\n          src=\"https:\/\/storhogna.se\/wp-content\/uploads\/Fjallvandring1-1200x675.jpg\"\n          srcset=\"https:\/\/storhogna.se\/wp-content\/uploads\/Fjallvandring1-1200x675.jpg 1200w, https:\/\/storhogna.se\/wp-content\/uploads\/Fjallvandring1-1200x675.jpg 1200w\"\n          sizes=\"auto, (max-width: 500px) 1200px, 1200px\"\n          alt=\"\"\n          width=\"1200\" \n          height=\"675\" \n          loading=\"lazy\"\n          \/>\n              <\/div>\n      <div class=\"media-and-text__content top\">\n        <div class=\"media-and-text__content-container\">\n          <div class=\"media-and-text__text\">\n            <h3><b>Do you want to help us?<\/b><\/h3>\n<p>We hope you will help us to reduce our environmental impact, please:<\/p>\n<ul>\n<li>Leave recyclable packaging and deposits in your room and we will sort them for you.<\/li>\n<li>Hang out the door hanger to dispense with cleaning if you are staying several nights.<\/li>\n<li>\u00a0Use your towel for an extra day. Put the towel on the floor if you want a new one.<\/li>\n<li>\u00a0We change your sheets after 4 nights. Please inform the reception if you wish to change them less frequently.<\/li>\n<li>\u00a0Switch off lights, switch off electronics and unplug chargers.<\/li>\n<li>\u00a0Avoid wasting food by, for example, not taking more food than you can eat.<\/li>\n<li>\u00a0Travel by public transport to and from our hotel. More info on how to travel to Storhogna by public transport can be found at <a href=\"https:\/\/storhogna.se\/en\/info-and-inspiration\/the-journey-here\/\" target=\"_blank\" rel=\"noopener\">the journey here<\/a><\/li>\n<\/ul>\n<h4><strong>Are you taking your car here?<\/strong><\/h4>\n<p>Offset your travel! We work with ETC Klimat for carbon offsetting.<\/p>\n\n          <\/div>\n                              <div class=\"media-and-text__buttons\">\n                                        <a class=\"btn btn--fill media-and-text__button\" href=\"https:\/\/etcklimat.se\/bilresa\/\" target=\"_blank style=\"\">Carbon offsetting your journey<\/a>\n                      <\/div>\n                  <\/div>\n      <\/div>\n    <\/div>\n  <\/div>\n\n\n<div class=\"media-and-text\">\n    <div class=\"media-and-text__layout media-and-text__layout--invert  default-color default-background\">\n      <div class=\"media-and-text__media\">\n                  <img decoding=\"async\"\n          class=\"media-and-text__single-image\"\n          src=\"https:\/\/storhogna.se\/wp-content\/uploads\/storhogna7381-2650x1440-1-1200x673.jpg\"\n          srcset=\"https:\/\/storhogna.se\/wp-content\/uploads\/storhogna7381-2650x1440-1-1200x673.jpg 1200w, https:\/\/storhogna.se\/wp-content\/uploads\/storhogna7381-2650x1440-1-1200x673.jpg 1200w\"\n          sizes=\"auto, (max-width: 500px) 1200px, 1200px\"\n          alt=\"Two reindeer roaming in the mountains\"\n          width=\"1200\" \n          height=\"673\" \n          loading=\"lazy\"\n          \/>\n              <\/div>\n      <div class=\"media-and-text__content top\">\n        <div class=\"media-and-text__content-container\">\n          <div class=\"media-and-text__text\">\n            <h3><span style=\"font-size: 28.8px;\"><b>About Green Key<\/b><\/span><\/h3>\n<h3><span style=\"font-size: 1rem;\">Green Key is an international label for the tourism industry and is available in over 60 countries.<\/span><\/h3>\n<p>The label is run internationally by the Foundation for Environmental Education (FEE), which<br \/>\nsupported by UNEP, UNWTO and others, all facilities undergo regular audits to<br \/>\nensure compliance with the criteria.<br \/>\nRead more at <a href=\"https:\/\/greenkey.se\" target=\"_blank\" rel=\"noopener\">www.greenkey.se<\/a> and <a href=\"https:\/\/greenkey.global\" target=\"_blank\" rel=\"noopener\">www.greenkey.global<\/a>.<\/p>\n\n          <\/div>\n                            <\/div>\n      <\/div>\n    <\/div>\n  <\/div>","protected":false},"excerpt":{"rendered":"<p>Discover how we at Storhogna H\u00f6gfj\u00e4llshotell &amp; Spa are driving sustainability work that benefits both current and future generations.<\/p>","protected":false},"author":8,"featured_media":11438,"parent":0,"menu_order":0,"comment_status":"closed","ping_status":"closed","template":"","meta":{"_acf_changed":false,"footnotes":""},"categories":[],"tags":[],"class_list":["post-15467","page","type-page","status-publish","has-post-thumbnail","hentry"],"acf":[],"yoast_head":"<!-- This site is optimized with the Yoast SEO plugin v25.6 - https:\/\/yoast.com\/wordpress\/plugins\/seo\/ -->\n<title>H\u00e5llbarhet - Storhogna H\u00f6gfj\u00e4llshotell &amp; Spa<\/title>\n<meta name=\"description\" content=\"Uppt\u00e4ck hur vi p\u00e5 Storhogna H\u00f6gfj\u00e4llshotell &amp; Spa driver ett h\u00e5llbarhetsarbete som gynnar b\u00e5de nuvarande och kommande generationer.\" \/>\n<meta name=\"robots\" content=\"index, follow, max-snippet:-1, max-image-preview:large, max-video-preview:-1\" \/>\n<link rel=\"canonical\" href=\"https:\/\/storhogna.se\/en\/reversibility\/\" \/>\n<meta property=\"og:locale\" content=\"en_GB\" \/>\n<meta property=\"og:type\" content=\"article\" \/>\n<meta property=\"og:title\" content=\"H\u00e5llbarhet - Storhogna H\u00f6gfj\u00e4llshotell &amp; Spa\" \/>\n<meta property=\"og:description\" content=\"Uppt\u00e4ck hur vi p\u00e5 Storhogna H\u00f6gfj\u00e4llshotell &amp; Spa driver ett h\u00e5llbarhetsarbete som gynnar b\u00e5de nuvarande och kommande generationer.\" \/>\n<meta property=\"og:url\" content=\"https:\/\/storhogna.se\/en\/reversibility\/\" \/>\n<meta property=\"og:site_name\" content=\"Storhogna H\u00f6gfj\u00e4llshotell &amp; Spa\" \/>\n<meta property=\"article:publisher\" content=\"https:\/\/www.facebook.com\/storhogna\" \/>\n<meta property=\"article:modified_time\" content=\"2025-10-21T13:35:44+00:00\" \/>\n<meta property=\"og:image\" content=\"https:\/\/storhogna.se\/wp-content\/uploads\/storhogna8004-utan-stormkok-1-scaled.jpg\" \/>\n\t<meta property=\"og:image:width\" content=\"2560\" \/>\n\t<meta property=\"og:image:height\" content=\"1707\" \/>\n\t<meta property=\"og:image:type\" content=\"image\/jpeg\" \/>\n<meta name=\"twitter:card\" content=\"summary_large_image\" \/>\n<meta name=\"twitter:label1\" content=\"Estimated reading time\" \/>\n\t<meta name=\"twitter:data1\" content=\"1 minute\" \/>\n<script type=\"application\/ld+json\" class=\"yoast-schema-graph\">{\"@context\":\"https:\/\/schema.org\",\"@graph\":[{\"@type\":\"WebPage\",\"@id\":\"https:\/\/storhogna.se\/hallbarhet\/\",\"url\":\"https:\/\/storhogna.se\/hallbarhet\/\",\"name\":\"H\u00e5llbarhet - Storhogna H\u00f6gfj\u00e4llshotell &amp; Spa\",\"isPartOf\":{\"@id\":\"https:\/\/storhogna.se\/#website\"},\"primaryImageOfPage\":{\"@id\":\"https:\/\/storhogna.se\/hallbarhet\/#primaryimage\"},\"image\":{\"@id\":\"https:\/\/storhogna.se\/hallbarhet\/#primaryimage\"},\"thumbnailUrl\":\"https:\/\/storhogna.se\/wp-content\/uploads\/storhogna8004-utan-stormkok-1-scaled.jpg\",\"datePublished\":\"2025-10-15T11:28:09+00:00\",\"dateModified\":\"2025-10-21T13:35:44+00:00\",\"description\":\"Uppt\u00e4ck hur vi p\u00e5 Storhogna H\u00f6gfj\u00e4llshotell & Spa driver ett h\u00e5llbarhetsarbete som gynnar b\u00e5de nuvarande och kommande generationer.\",\"breadcrumb\":{\"@id\":\"https:\/\/storhogna.se\/hallbarhet\/#breadcrumb\"},\"inLanguage\":\"en-GB\",\"potentialAction\":[{\"@type\":\"ReadAction\",\"target\":[\"https:\/\/storhogna.se\/hallbarhet\/\"]}]},{\"@type\":\"ImageObject\",\"inLanguage\":\"en-GB\",\"@id\":\"https:\/\/storhogna.se\/hallbarhet\/#primaryimage\",\"url\":\"https:\/\/storhogna.se\/wp-content\/uploads\/storhogna8004-utan-stormkok-1-scaled.jpg\",\"contentUrl\":\"https:\/\/storhogna.se\/wp-content\/uploads\/storhogna8004-utan-stormkok-1-scaled.jpg\",\"width\":2560,\"height\":1707},{\"@type\":\"BreadcrumbList\",\"@id\":\"https:\/\/storhogna.se\/hallbarhet\/#breadcrumb\",\"itemListElement\":[{\"@type\":\"ListItem\",\"position\":1,\"name\":\"Hem\",\"item\":\"https:\/\/storhogna.se\/\"},{\"@type\":\"ListItem\",\"position\":2,\"name\":\"H\u00e5llbarhet\"}]},{\"@type\":\"WebSite\",\"@id\":\"https:\/\/storhogna.se\/#website\",\"url\":\"https:\/\/storhogna.se\/\",\"name\":\"Storhogna H\u00f6gfj\u00e4llshotell &amp; Spa\",\"description\":\"Ett genuint h\u00f6gfj\u00e4llshotell med spa\",\"potentialAction\":[{\"@type\":\"SearchAction\",\"target\":{\"@type\":\"EntryPoint\",\"urlTemplate\":\"https:\/\/storhogna.se\/?s={search_term_string}\"},\"query-input\":{\"@type\":\"PropertyValueSpecification\",\"valueRequired\":true,\"valueName\":\"search_term_string\"}}],\"inLanguage\":\"en-GB\"}]}<\/script>\n<!-- \/ Yoast SEO plugin. -->","yoast_head_json":{"title":"H\u00e5llbarhet - Storhogna H\u00f6gfj\u00e4llshotell &amp; Spa","description":"Uppt\u00e4ck hur vi p\u00e5 Storhogna H\u00f6gfj\u00e4llshotell & Spa driver ett h\u00e5llbarhetsarbete som gynnar b\u00e5de nuvarande och kommande generationer.","robots":{"index":"index","follow":"follow","max-snippet":"max-snippet:-1","max-image-preview":"max-image-preview:large","max-video-preview":"max-video-preview:-1"},"canonical":"https:\/\/storhogna.se\/en\/reversibility\/","og_locale":"en_GB","og_type":"article","og_title":"H\u00e5llbarhet - Storhogna H\u00f6gfj\u00e4llshotell &amp; Spa","og_description":"Uppt\u00e4ck hur vi p\u00e5 Storhogna H\u00f6gfj\u00e4llshotell & Spa driver ett h\u00e5llbarhetsarbete som gynnar b\u00e5de nuvarande och kommande generationer.","og_url":"https:\/\/storhogna.se\/en\/reversibility\/","og_site_name":"Storhogna H\u00f6gfj\u00e4llshotell &amp; Spa","article_publisher":"https:\/\/www.facebook.com\/storhogna","article_modified_time":"2025-10-21T13:35:44+00:00","og_image":[{"width":2560,"height":1707,"url":"https:\/\/storhogna.se\/wp-content\/uploads\/storhogna8004-utan-stormkok-1-scaled.jpg","type":"image\/jpeg"}],"twitter_card":"summary_large_image","twitter_misc":{"Estimated reading time":"1 minute"},"schema":{"@context":"https:\/\/schema.org","@graph":[{"@type":"WebPage","@id":"https:\/\/storhogna.se\/hallbarhet\/","url":"https:\/\/storhogna.se\/hallbarhet\/","name":"H\u00e5llbarhet - Storhogna H\u00f6gfj\u00e4llshotell &amp; Spa","isPartOf":{"@id":"https:\/\/storhogna.se\/#website"},"primaryImageOfPage":{"@id":"https:\/\/storhogna.se\/hallbarhet\/#primaryimage"},"image":{"@id":"https:\/\/storhogna.se\/hallbarhet\/#primaryimage"},"thumbnailUrl":"https:\/\/storhogna.se\/wp-content\/uploads\/storhogna8004-utan-stormkok-1-scaled.jpg","datePublished":"2025-10-15T11:28:09+00:00","dateModified":"2025-10-21T13:35:44+00:00","description":"Uppt\u00e4ck hur vi p\u00e5 Storhogna H\u00f6gfj\u00e4llshotell & Spa driver ett h\u00e5llbarhetsarbete som gynnar b\u00e5de nuvarande och kommande generationer.","breadcrumb":{"@id":"https:\/\/storhogna.se\/hallbarhet\/#breadcrumb"},"inLanguage":"en-GB","potentialAction":[{"@type":"ReadAction","target":["https:\/\/storhogna.se\/hallbarhet\/"]}]},{"@type":"ImageObject","inLanguage":"en-GB","@id":"https:\/\/storhogna.se\/hallbarhet\/#primaryimage","url":"https:\/\/storhogna.se\/wp-content\/uploads\/storhogna8004-utan-stormkok-1-scaled.jpg","contentUrl":"https:\/\/storhogna.se\/wp-content\/uploads\/storhogna8004-utan-stormkok-1-scaled.jpg","width":2560,"height":1707},{"@type":"BreadcrumbList","@id":"https:\/\/storhogna.se\/hallbarhet\/#breadcrumb","itemListElement":[{"@type":"ListItem","position":1,"name":"Hem","item":"https:\/\/storhogna.se\/"},{"@type":"ListItem","position":2,"name":"H\u00e5llbarhet"}]},{"@type":"WebSite","@id":"https:\/\/storhogna.se\/#website","url":"https:\/\/storhogna.se\/","name":"Storhogna H\u00f6gfj\u00e4llshotell &amp; Spa","description":"Ett genuint h\u00f6gfj\u00e4llshotell med spa","potentialAction":[{"@type":"SearchAction","target":{"@type":"EntryPoint","urlTemplate":"https:\/\/storhogna.se\/?s={search_term_string}"},"query-input":{"@type":"PropertyValueSpecification","valueRequired":true,"valueName":"search_term_string"}}],"inLanguage":"en-GB"}]}},"_links":{"self":[{"href":"https:\/\/storhogna.se\/en\/wp-json\/wp\/v2\/pages\/15467","targetHints":{"allow":["GET"]}}],"collection":[{"href":"https:\/\/storhogna.se\/en\/wp-json\/wp\/v2\/pages"}],"about":[{"href":"https:\/\/storhogna.se\/en\/wp-json\/wp\/v2\/types\/page"}],"author":[{"embeddable":true,"href":"https:\/\/storhogna.se\/en\/wp-json\/wp\/v2\/users\/8"}],"replies":[{"embeddable":true,"href":"https:\/\/storhogna.se\/en\/wp-json\/wp\/v2\/comments?post=15467"}],"version-history":[{"count":4,"href":"https:\/\/storhogna.se\/en\/wp-json\/wp\/v2\/pages\/15467\/revisions"}],"predecessor-version":[{"id":15486,"href":"https:\/\/storhogna.se\/en\/wp-json\/wp\/v2\/pages\/15467\/revisions\/15486"}],"wp:featuredmedia":[{"embeddable":true,"href":"https:\/\/storhogna.se\/en\/wp-json\/wp\/v2\/media\/11438"}],"wp:attachment":[{"href":"https:\/\/storhogna.se\/en\/wp-json\/wp\/v2\/media?parent=15467"}],"wp:term":[{"taxonomy":"category","embeddable":true,"href":"https:\/\/storhogna.se\/en\/wp-json\/wp\/v2\/categories?post=15467"},{"taxonomy":"post_tag","embeddable":true,"href":"https:\/\/storhogna.se\/en\/wp-json\/wp\/v2\/tags?post=15467"}],"curies":[{"name":"wp","href":"https:\/\/api.w.org\/{rel}","templated":true}]}}