{"id":16421,"date":"2026-02-20T14:33:43","date_gmt":"2026-02-20T12:33:43","guid":{"rendered":"https:\/\/storhogna.se\/?page_id=16421"},"modified":"2026-04-02T11:30:24","modified_gmt":"2026-04-02T09:30:24","slug":"passport-programme","status":"publish","type":"page","link":"https:\/\/storhogna.se\/en\/paskprogram\/","title":{"rendered":"Easter programme 2026"},"content":{"rendered":"<div class=\"hero-slider\"><div class=\"splide\" data-slider=\"hero\" data-arrows=\"true\" data-interval=\"5\" data-transition=\"loop\" data-start-index=\"0\" id=\"hero-slider_1775121965685\" data-id=\"hero-slider_1775121965685\" data-custom-arrows=\"true\"><div class=\"splide__track\"><ul class=\"splide__list\"><li class=\"splide__slide\"><picture><source media=\"(max-width: 340px)\" srcset=\"https:\/\/storhogna.se\/wp-content\/uploads\/Plupp-pa-skidor-1-1-scaled-1-300x195.jpg\"\/><source media=\"(min-width: 341px)\" srcset=\"https:\/\/storhogna.se\/wp-content\/uploads\/Plupp-pa-skidor-1-1-scaled-1.jpg\"\/><img fetchpriority=\"high\" decoding=\"async\" class=\"fullscreen-image\" src=\"https:\/\/storhogna.se\/wp-content\/uploads\/Plupp-pa-skidor-1-1-scaled-1.jpg\" alt=\"\" width=\"2560\" height=\"1660\" loading=\"eager\" style=\"object-position:50% 50%\"\/><\/picture><\/li><\/ul><\/div><\/div><div class=\"hero-slider__filter\" data-active=\"true\"><\/div><div class=\"hero-slider__fixed-content\"><div class=\"hero-slider__text-block\" data-visible=\"true\"><div class=\"hero-slider__text-block-inner\">\n<div class=\"wp-block-columns is-layout-flex wp-container-core-columns-is-layout-9d6595d7 wp-block-columns-is-layout-flex\">\n<div class=\"wp-block-column is-layout-flow wp-block-column-is-layout-flow\">\n<h1 class=\"wp-block-heading\">Easter programme 2026<\/h1>\n\n\n\n<p>A whole week of activities for young and old<\/p>\n<\/div>\n\n\n\n<div class=\"wp-block-column is-layout-flow wp-block-column-is-layout-flow\">\n<p>As usual, the programme is filled with fun activities throughout Easter. Have fun with crafts, cinema, meet Plupp and much more.<\/p>\n<\/div>\n<\/div>\n<\/div><\/div><\/div><\/div>\n\n\n\n<div style=\"height:50px\" aria-hidden=\"true\" class=\"wp-block-spacer\"><\/div>\n\n\n<div class=\"media-and-text\">\n    <div class=\"media-and-text__layout  default-color default-background media-and-text__layout--full-width-invert\">\n      <div class=\"media-and-text__media column-full-width\">\n                  <img decoding=\"async\"\n          class=\"media-and-text__single-image\"\n          src=\"https:\/\/storhogna.se\/wp-content\/uploads\/barn-i-badrock-pa-spa-1200x675.jpg\"\n          srcset=\"https:\/\/storhogna.se\/wp-content\/uploads\/barn-i-badrock-pa-spa-1200x675.jpg 1200w, https:\/\/storhogna.se\/wp-content\/uploads\/barn-i-badrock-pa-spa-1200x675.jpg 1200w\"\n          sizes=\"auto, (max-width: 500px) 1200px, 1200px\"\n          alt=\"Children in bathrobes at Storhogna H\u00f6gfj\u00e4llshotell &amp; Spa\"\n          width=\"1200\" \n          height=\"675\" \n          loading=\"lazy\"\n          \/>\n              <\/div>\n      <div class=\"media-and-text__content top column-full-width\">\n        <div class=\"media-and-text__content-container\">\n          <div class=\"media-and-text__text\">\n            <h3><span style=\"color: #800000;\"><strong>MONDAY 30 MARCH<\/strong><\/span><\/h3>\n<p>10:00-10:30 Plupps Spa session at the SPA, registration at the spa reception. Facial treatment for all children, cleansing, face mask and Plupps story in the spa area. Gather at the spa reception. Price 50 SEK\/child.<\/p>\n<p>14:00-15:00 Circuit training in the Wellness Centre, book your place at reception.<br \/>\nIncluded for hotel guests otherwise 150 SEK per time.<\/p>\n<h3><strong><span style=\"color: #800000;\">TUESDAY 31 MARCH<\/span><\/strong><\/h3>\n<p>10:00 Plupp greets all his friends at the bottom of Kalles hill above the Sports Centre.<\/p>\n<p>14:30-15:30 Snowmobile ride for children. On the reindeer-skin-covered sled, you will take a ride up the mountain to look out over the mountains and see the hotel \"from above\".<br \/>\nWe meet at the Sports Centre. Price: 50:-\/child.<\/p>\n<h3><strong><span style=\"color: #800000;\">WEDNESDAY 1 APRIL<\/span><\/strong><\/h3>\n<p>10:00-14:00 Plupp's Easter crafts down in Kalle's basement.<\/p>\n<p>15.00 Duck race in the Winter Garden. Buy your duck at the reception and win<br \/>\ngreat prices, 30 SEK\/per duck. Last registration 14:50.<\/p>\n<h3><span style=\"color: #800000;\"><strong>MAUNDY THURSDAY 2 APRIL<\/strong><\/span><\/h3>\n<p>10:00 Plupp greets all his friends at the bottom of Kalles hill above the Sports Centre.<\/p>\n<p>10:00-13:00 We light the barbecues at the shelters up at Plupps playground.<br \/>\nBuy sausage &amp; marshmallow packages from the KorvEtt restaurant down at Kalles backe.<\/p>\n<p>15:30-17.00 After ski with Pedersen &amp; Nilsson at Storhogna M.<\/p>\n<h3><span style=\"color: #800000;\"><strong>GOOD FRIDAY 3 APRIL<\/strong><\/span><\/h3>\n<p>09:00-16:00 Drive a Mile, Win a Car 2026<br \/>\nBig family skiing competition where all participants have the chance to win a Volkswagen<br \/>\nT-Roc. First start 11:00 &amp; prize giving 15:00.<\/p>\n<p>11.30-16.00 Pizza at Fj\u00e4llsidan.<\/p>\n<p>From 4.00 PM. After ski with Pedersen &amp; Nilsson at Storhogna M.<\/p>\n<h3><strong><span style=\"color: #800000;\">EASTER EVE 4 APRIL<\/span><\/strong><\/h3>\n<p>12:00 Easter egg hunt, gathering at the main entrance. Pre-registration at the reception is required no later than 3 April, hotel guests free of charge and external guests 50 SEK\/child.<\/p>\n<p>16:00-18:00 After ski Fj\u00e4llsidan with Towe Mango.<\/p>\n<p>From 18:00 to 21:00 we serve our classic Easter buffet. <a href=\"https:\/\/storhogna.se\/en\/paskbuffe\/\">Book here!<\/a><\/p>\n<p>12.00-14.00 Outdoor barbecue outside KorvEtt, sale of sausages, burgers and drinks.<\/p>\n<h3><span style=\"color: #800000;\"><strong>EASTER SUNDAY 5 APRIL<\/strong><\/span><\/h3>\n<p>07.30-08.30 Yoga in the Wellness Hall, book your place at reception.<br \/>\nIncluded for hotel guests otherwise 150 SEK per time.<\/p>\n<p>15.00-16.00 Paint lovely Easter eggs and Easter drawings in Lillhogna and hang them on our Easter tree in the Winter Garden.<\/p>\n<p>12.00-14.00 Outdoor barbecue outside KorvEtt, sale of sausages, burgers and drinks.<\/p>\n<h3><span style=\"color: #800000;\"><strong>EASTER MONDAY 6 APRIL<\/strong><\/span><\/h3>\n<p>16:30-17:30 Yinyoga in the Wellness Hall, book your place at the reception.<br \/>\nIncluded for hotel guests otherwise 150 SEK per time.<\/p>\n<h3><span style=\"color: #800000;\"><strong>TUESDAY 7 APRIL<\/strong><\/span><\/h3>\n<p>07:30-08:30 Yoga in the Wellness Centre, book your place at the reception.<br \/>\nIncluded for hotel guests otherwise 150 SEK per time.<\/p>\n<p>10:00 Plupp greets all his friends at the bottom of Kalles hill above the Sports Centre.<\/p>\n<p>14:30-15:30 Snowmobile ride for children. On the reindeer-skin-covered sled, you will take a ride up the mountain to look out over the mountains and see the hotel \"from above\".<br \/>\nWe meet at the Sports Centre. Price: 50:-\/child.<\/p>\n<h3><span style=\"color: #800000;\"><strong>WEDNESDAY 8 APRIL<\/strong><\/span><\/h3>\n<p>10:00-14:00 Plupp's Easter crafts down in Kalle's basement.<\/p>\n<p>15.00 Duck race in the Winter Garden. Buy your duck at the reception and win<br \/>\ngreat prices, 30 SEK\/per duck. Last registration 14:50.<\/p>\n<h3><span style=\"color: #800000;\"><strong>THURSDAY 9 APRIL<\/strong><\/span><\/h3>\n<p>10:00 Plupp greets all his friends at the bottom of Kalles hill above the Sports Centre.<\/p>\n<p>14:00-15:00 Circuit training in the Wellness Centre, book your place at reception.<br \/>\nIncluded for hotel guests otherwise 150 SEK per time.<\/p>\n<p>10:00-13:00 We light the barbecues at the shelters up at Plupps playground.<br \/>\nBuy sausage &amp; marshmallow packages from the KorvEtt restaurant down at Kalles backe.<\/p>\n<h3><span style=\"color: #800000;\"><strong>FRIDAY 10 APRIL<\/strong><\/span><\/h3>\n<p>14.00 Children's Little Vasalopp. Blueberry soup and prize waiting at the finish.<br \/>\nPrice: 50:-. Registration at the reception and gathering outside Fj\u00e4llvistet.<\/p>\n\n          <\/div>\n                              <div class=\"media-and-text__buttons\">\n                                        <a class=\"btn btn--fill media-and-text__button\" href=\"https:\/\/storhogna.se\/wp-content\/uploads\/Paskprogram-2026.docx.v7.pdf\" target=\"_blank style=\"\">See programme as PDF<\/a>\n                      <\/div>\n                  <\/div>\n      <\/div>\n    <\/div>\n  <\/div>\n\n\n\n<div style=\"height:50px\" aria-hidden=\"true\" class=\"wp-block-spacer\"><\/div>","protected":false},"excerpt":{"rendered":"<p>As usual, the programme is filled with fun activities throughout Easter. Have fun with crafts, cinema, meet Plupp and much more.<\/p>","protected":false},"author":12,"featured_media":11460,"parent":0,"menu_order":0,"comment_status":"closed","ping_status":"closed","template":"","meta":{"_acf_changed":false,"footnotes":""},"categories":[],"tags":[],"class_list":["post-16421","page","type-page","status-publish","has-post-thumbnail","hentry"],"acf":[],"yoast_head":"<!-- This site is optimized with the Yoast SEO plugin v27.3 - https:\/\/yoast.com\/product\/yoast-seo-wordpress\/ -->\n<title>P\u00e5skprogram 2026 - Storhogna H\u00f6gfj\u00e4llshotell &amp; Spa<\/title>\n<meta name=\"robots\" content=\"index, follow, max-snippet:-1, max-image-preview:large, max-video-preview:-1\" \/>\n<link rel=\"canonical\" href=\"https:\/\/storhogna.se\/en\/passport-programme\/\" \/>\n<meta property=\"og:locale\" content=\"en_GB\" \/>\n<meta property=\"og:type\" content=\"article\" \/>\n<meta property=\"og:title\" content=\"P\u00e5skprogram 2026 - Storhogna H\u00f6gfj\u00e4llshotell &amp; Spa\" \/>\n<meta property=\"og:description\" content=\"Programmet \u00e4r som vanligt fyllt med roliga aktiviteter under hela p\u00e5sken. Ha skoj med pyssel, bio, tr\u00e4ffa Plupp och mycket mer.\" \/>\n<meta property=\"og:url\" content=\"https:\/\/storhogna.se\/en\/passport-programme\/\" \/>\n<meta property=\"og:site_name\" content=\"Storhogna H\u00f6gfj\u00e4llshotell &amp; Spa\" \/>\n<meta property=\"article:publisher\" content=\"https:\/\/www.facebook.com\/storhogna\" \/>\n<meta property=\"article:modified_time\" content=\"2026-04-02T09:30:24+00:00\" \/>\n<meta property=\"og:image\" content=\"https:\/\/storhogna.se\/wp-content\/uploads\/Plupp-pa-skidor-1-1-scaled-1.jpg\" \/>\n\t<meta property=\"og:image:width\" content=\"2560\" \/>\n\t<meta property=\"og:image:height\" content=\"1660\" \/>\n\t<meta property=\"og:image:type\" content=\"image\/jpeg\" \/>\n<meta name=\"twitter:card\" content=\"summary_large_image\" \/>\n<meta name=\"twitter:label1\" content=\"Estimated reading time\" \/>\n\t<meta name=\"twitter:data1\" content=\"1 minute\" \/>\n<script type=\"application\/ld+json\" class=\"yoast-schema-graph\">{\"@context\":\"https:\\\/\\\/schema.org\",\"@graph\":[{\"@type\":\"WebPage\",\"@id\":\"https:\\\/\\\/storhogna.se\\\/paskprogram\\\/\",\"url\":\"https:\\\/\\\/storhogna.se\\\/paskprogram\\\/\",\"name\":\"P\u00e5skprogram 2026 - Storhogna H\u00f6gfj\u00e4llshotell &amp; Spa\",\"isPartOf\":{\"@id\":\"https:\\\/\\\/storhogna.se\\\/#website\"},\"primaryImageOfPage\":{\"@id\":\"https:\\\/\\\/storhogna.se\\\/paskprogram\\\/#primaryimage\"},\"image\":{\"@id\":\"https:\\\/\\\/storhogna.se\\\/paskprogram\\\/#primaryimage\"},\"thumbnailUrl\":\"https:\\\/\\\/storhogna.se\\\/wp-content\\\/uploads\\\/Plupp-pa-skidor-1-1-scaled-1.jpg\",\"datePublished\":\"2026-02-20T12:33:43+00:00\",\"dateModified\":\"2026-04-02T09:30:24+00:00\",\"breadcrumb\":{\"@id\":\"https:\\\/\\\/storhogna.se\\\/paskprogram\\\/#breadcrumb\"},\"inLanguage\":\"en-GB\",\"potentialAction\":[{\"@type\":\"ReadAction\",\"target\":[\"https:\\\/\\\/storhogna.se\\\/paskprogram\\\/\"]}]},{\"@type\":\"ImageObject\",\"inLanguage\":\"en-GB\",\"@id\":\"https:\\\/\\\/storhogna.se\\\/paskprogram\\\/#primaryimage\",\"url\":\"https:\\\/\\\/storhogna.se\\\/wp-content\\\/uploads\\\/Plupp-pa-skidor-1-1-scaled-1.jpg\",\"contentUrl\":\"https:\\\/\\\/storhogna.se\\\/wp-content\\\/uploads\\\/Plupp-pa-skidor-1-1-scaled-1.jpg\",\"width\":2560,\"height\":1660},{\"@type\":\"BreadcrumbList\",\"@id\":\"https:\\\/\\\/storhogna.se\\\/paskprogram\\\/#breadcrumb\",\"itemListElement\":[{\"@type\":\"ListItem\",\"position\":1,\"name\":\"Hem\",\"item\":\"https:\\\/\\\/storhogna.se\\\/\"},{\"@type\":\"ListItem\",\"position\":2,\"name\":\"P\u00e5skprogram 2026\"}]},{\"@type\":\"WebSite\",\"@id\":\"https:\\\/\\\/storhogna.se\\\/#website\",\"url\":\"https:\\\/\\\/storhogna.se\\\/\",\"name\":\"Storhogna H\u00f6gfj\u00e4llshotell &amp; Spa\",\"description\":\"Ett genuint h\u00f6gfj\u00e4llshotell med spa\",\"potentialAction\":[{\"@type\":\"SearchAction\",\"target\":{\"@type\":\"EntryPoint\",\"urlTemplate\":\"https:\\\/\\\/storhogna.se\\\/?s={search_term_string}\"},\"query-input\":{\"@type\":\"PropertyValueSpecification\",\"valueRequired\":true,\"valueName\":\"search_term_string\"}}],\"inLanguage\":\"en-GB\"}]}<\/script>\n<!-- \/ Yoast SEO plugin. -->","yoast_head_json":{"title":"Easter programme 2026 - Storhogna H\u00f6gfj\u00e4llshotell &amp; Spa","robots":{"index":"index","follow":"follow","max-snippet":"max-snippet:-1","max-image-preview":"max-image-preview:large","max-video-preview":"max-video-preview:-1"},"canonical":"https:\/\/storhogna.se\/en\/passport-programme\/","og_locale":"en_GB","og_type":"article","og_title":"P\u00e5skprogram 2026 - Storhogna H\u00f6gfj\u00e4llshotell &amp; Spa","og_description":"Programmet \u00e4r som vanligt fyllt med roliga aktiviteter under hela p\u00e5sken. Ha skoj med pyssel, bio, tr\u00e4ffa Plupp och mycket mer.","og_url":"https:\/\/storhogna.se\/en\/passport-programme\/","og_site_name":"Storhogna H\u00f6gfj\u00e4llshotell &amp; Spa","article_publisher":"https:\/\/www.facebook.com\/storhogna","article_modified_time":"2026-04-02T09:30:24+00:00","og_image":[{"width":2560,"height":1660,"url":"https:\/\/storhogna.se\/wp-content\/uploads\/Plupp-pa-skidor-1-1-scaled-1.jpg","type":"image\/jpeg"}],"twitter_card":"summary_large_image","twitter_misc":{"Estimated reading time":"1 minute"},"schema":{"@context":"https:\/\/schema.org","@graph":[{"@type":"WebPage","@id":"https:\/\/storhogna.se\/paskprogram\/","url":"https:\/\/storhogna.se\/paskprogram\/","name":"Easter programme 2026 - Storhogna H\u00f6gfj\u00e4llshotell &amp; Spa","isPartOf":{"@id":"https:\/\/storhogna.se\/#website"},"primaryImageOfPage":{"@id":"https:\/\/storhogna.se\/paskprogram\/#primaryimage"},"image":{"@id":"https:\/\/storhogna.se\/paskprogram\/#primaryimage"},"thumbnailUrl":"https:\/\/storhogna.se\/wp-content\/uploads\/Plupp-pa-skidor-1-1-scaled-1.jpg","datePublished":"2026-02-20T12:33:43+00:00","dateModified":"2026-04-02T09:30:24+00:00","breadcrumb":{"@id":"https:\/\/storhogna.se\/paskprogram\/#breadcrumb"},"inLanguage":"en-GB","potentialAction":[{"@type":"ReadAction","target":["https:\/\/storhogna.se\/paskprogram\/"]}]},{"@type":"ImageObject","inLanguage":"en-GB","@id":"https:\/\/storhogna.se\/paskprogram\/#primaryimage","url":"https:\/\/storhogna.se\/wp-content\/uploads\/Plupp-pa-skidor-1-1-scaled-1.jpg","contentUrl":"https:\/\/storhogna.se\/wp-content\/uploads\/Plupp-pa-skidor-1-1-scaled-1.jpg","width":2560,"height":1660},{"@type":"BreadcrumbList","@id":"https:\/\/storhogna.se\/paskprogram\/#breadcrumb","itemListElement":[{"@type":"ListItem","position":1,"name":"Hem","item":"https:\/\/storhogna.se\/"},{"@type":"ListItem","position":2,"name":"P\u00e5skprogram 2026"}]},{"@type":"WebSite","@id":"https:\/\/storhogna.se\/#website","url":"https:\/\/storhogna.se\/","name":"Storhogna High Mountain Hotel &amp; Spa","description":"A genuine high mountain hotel with spa","potentialAction":[{"@type":"SearchAction","target":{"@type":"EntryPoint","urlTemplate":"https:\/\/storhogna.se\/?s={search_term_string}"},"query-input":{"@type":"PropertyValueSpecification","valueRequired":true,"valueName":"search_term_string"}}],"inLanguage":"en-GB"}]}},"_links":{"self":[{"href":"https:\/\/storhogna.se\/en\/wp-json\/wp\/v2\/pages\/16421","targetHints":{"allow":["GET"]}}],"collection":[{"href":"https:\/\/storhogna.se\/en\/wp-json\/wp\/v2\/pages"}],"about":[{"href":"https:\/\/storhogna.se\/en\/wp-json\/wp\/v2\/types\/page"}],"author":[{"embeddable":true,"href":"https:\/\/storhogna.se\/en\/wp-json\/wp\/v2\/users\/12"}],"replies":[{"embeddable":true,"href":"https:\/\/storhogna.se\/en\/wp-json\/wp\/v2\/comments?post=16421"}],"version-history":[{"count":13,"href":"https:\/\/storhogna.se\/en\/wp-json\/wp\/v2\/pages\/16421\/revisions"}],"predecessor-version":[{"id":16946,"href":"https:\/\/storhogna.se\/en\/wp-json\/wp\/v2\/pages\/16421\/revisions\/16946"}],"wp:featuredmedia":[{"embeddable":true,"href":"https:\/\/storhogna.se\/en\/wp-json\/wp\/v2\/media\/11460"}],"wp:attachment":[{"href":"https:\/\/storhogna.se\/en\/wp-json\/wp\/v2\/media?parent=16421"}],"wp:term":[{"taxonomy":"category","embeddable":true,"href":"https:\/\/storhogna.se\/en\/wp-json\/wp\/v2\/categories?post=16421"},{"taxonomy":"post_tag","embeddable":true,"href":"https:\/\/storhogna.se\/en\/wp-json\/wp\/v2\/tags?post=16421"}],"curies":[{"name":"wp","href":"https:\/\/api.w.org\/{rel}","templated":true}]}}