{"id":16605,"date":"2026-03-02T15:49:24","date_gmt":"2026-03-02T13:49:24","guid":{"rendered":"https:\/\/storhogna.se\/?page_id=16605"},"modified":"2026-03-03T10:03:31","modified_gmt":"2026-03-03T08:03:31","slug":"after-hike","status":"publish","type":"page","link":"https:\/\/storhogna.se\/en\/after-hike\/","title":{"rendered":"After hike"},"content":{"rendered":"<div class=\"hero-slider\"><div class=\"splide\" data-slider=\"hero\" data-arrows=\"true\" data-interval=\"5\" data-transition=\"loop\" data-start-index=\"0\" id=\"hero-slider_1772524892763\" data-id=\"hero-slider_1772524892763\" data-custom-arrows=\"true\"><div class=\"splide__track\"><ul class=\"splide__list\"><li class=\"splide__slide\"><picture><source media=\"(max-width: 340px)\" srcset=\"https:\/\/storhogna.se\/wp-content\/uploads\/DSC_9690-300x200.jpg\"\/><source media=\"(min-width: 341px)\" srcset=\"https:\/\/storhogna.se\/wp-content\/uploads\/DSC_9690-scaled.jpg\"\/><img fetchpriority=\"high\" decoding=\"async\" class=\"fullscreen-image\" src=\"https:\/\/storhogna.se\/wp-content\/uploads\/DSC_9690-scaled.jpg\" alt=\"\" width=\"2560\" height=\"1707\" loading=\"eager\" style=\"object-position:50% 50%\"\/><\/picture><\/li><\/ul><\/div><\/div><div class=\"hero-slider__filter\" data-active=\"true\"><\/div><div class=\"hero-slider__fixed-content\"><div class=\"hero-slider__text-block\" data-visible=\"true\"><div class=\"hero-slider__text-block-inner\">\n<div class=\"wp-block-columns is-layout-flex wp-container-core-columns-is-layout-9d6595d7 wp-block-columns-is-layout-flex\">\n<div class=\"wp-block-column is-layout-flow wp-block-column-is-layout-flow\">\n<h1 class=\"wp-block-heading\">After hike<\/h1>\n\n\n\n<p><\/p>\n<\/div>\n\n\n\n<div class=\"wp-block-column is-layout-flow wp-block-column-is-layout-flow\">\n<p>Come and enjoy something good to drink and eat after a day in the mountains. Some days with troubadour.<\/p>\n<\/div>\n<\/div>\n<\/div><\/div><\/div><\/div><div class=\"breadcrumbs\"><span><span><a href=\"https:\/\/storhogna.se\/en\/\">Home<\/a><\/span><\/span><\/div>\n\n\n<div class=\"media-and-text\">\n    <div class=\"media-and-text__layout media-and-text__layout--invert  default-color default-background\">\n      <div class=\"media-and-text__media\">\n                  <img decoding=\"async\"\n          class=\"media-and-text__single-image\"\n          src=\"https:\/\/storhogna.se\/wp-content\/uploads\/DSC_9766-1200x800.jpg\"\n          srcset=\"https:\/\/storhogna.se\/wp-content\/uploads\/DSC_9766-1200x800.jpg 1200w, https:\/\/storhogna.se\/wp-content\/uploads\/DSC_9766-1200x800.jpg 1200w\"\n          sizes=\"auto, (max-width: 500px) 1200px, 1200px\"\n          alt=\"\"\n          width=\"1200\" \n          height=\"800\" \n          loading=\"lazy\"\n          \/>\n              <\/div>\n      <div class=\"media-and-text__content top\">\n        <div class=\"media-and-text__content-container\">\n          <div class=\"media-and-text__text\">\n            <h3>AFTER HIKE<\/h3>\n<p>Weeks 27-28 &amp; 30-33 we will organise After hike. Don't miss them!<\/p>\n<h3>TIME &amp; DATE<\/h3>\n<p>At 15:00<br \/>\n3 July, 10 July, 24 July, 31 July, 7 Aug &amp; 14 Aug.<\/p>\n<h2>BOKA<\/h2>\n<p>Book a table via the link below.<br \/>\n<em>The booking will be released shortly.<\/em><\/p>\n\n          <\/div>\n                            <\/div>\n      <\/div>\n    <\/div>\n  <\/div>","protected":false},"excerpt":{"rendered":"<p>Come and enjoy something good to drink and eat after a day in the mountains. Some days with troubadour.<\/p>","protected":false},"author":12,"featured_media":16607,"parent":0,"menu_order":0,"comment_status":"closed","ping_status":"closed","template":"","meta":{"_acf_changed":false,"footnotes":""},"categories":[],"tags":[],"class_list":["post-16605","page","type-page","status-publish","has-post-thumbnail","hentry"],"acf":[],"yoast_head":"<!-- This site is optimized with the Yoast SEO plugin v27.3 - https:\/\/yoast.com\/product\/yoast-seo-wordpress\/ -->\n<title>After hike - Storhogna H\u00f6gfj\u00e4llshotell &amp; Spa<\/title>\n<meta name=\"robots\" content=\"index, follow, max-snippet:-1, max-image-preview:large, max-video-preview:-1\" \/>\n<link rel=\"canonical\" href=\"https:\/\/storhogna.se\/en\/after-hike\/\" \/>\n<meta property=\"og:locale\" content=\"en_GB\" \/>\n<meta property=\"og:type\" content=\"article\" \/>\n<meta property=\"og:title\" content=\"After hike - Storhogna H\u00f6gfj\u00e4llshotell &amp; Spa\" \/>\n<meta property=\"og:description\" content=\"Kom och njut av n\u00e5got gott att dricka och \u00e4ta efter en dag p\u00e5 fj\u00e4llet. Vissa dagar med trubadur.\" \/>\n<meta property=\"og:url\" content=\"https:\/\/storhogna.se\/en\/after-hike\/\" \/>\n<meta property=\"og:site_name\" content=\"Storhogna H\u00f6gfj\u00e4llshotell &amp; Spa\" \/>\n<meta property=\"article:publisher\" content=\"https:\/\/www.facebook.com\/storhogna\" \/>\n<meta property=\"article:modified_time\" content=\"2026-03-03T08:03:31+00:00\" \/>\n<meta property=\"og:image\" content=\"https:\/\/storhogna.se\/wp-content\/uploads\/DSC_9690-scaled.jpg\" \/>\n\t<meta property=\"og:image:width\" content=\"2560\" \/>\n\t<meta property=\"og:image:height\" content=\"1707\" \/>\n\t<meta property=\"og:image:type\" content=\"image\/jpeg\" \/>\n<meta name=\"twitter:card\" content=\"summary_large_image\" \/>\n<meta name=\"twitter:label1\" content=\"Estimated reading time\" \/>\n\t<meta name=\"twitter:data1\" content=\"1 minute\" \/>\n<script type=\"application\/ld+json\" class=\"yoast-schema-graph\">{\"@context\":\"https:\\\/\\\/schema.org\",\"@graph\":[{\"@type\":\"WebPage\",\"@id\":\"https:\\\/\\\/storhogna.se\\\/after-hike\\\/\",\"url\":\"https:\\\/\\\/storhogna.se\\\/after-hike\\\/\",\"name\":\"After hike - Storhogna H\u00f6gfj\u00e4llshotell &amp; Spa\",\"isPartOf\":{\"@id\":\"https:\\\/\\\/storhogna.se\\\/#website\"},\"primaryImageOfPage\":{\"@id\":\"https:\\\/\\\/storhogna.se\\\/after-hike\\\/#primaryimage\"},\"image\":{\"@id\":\"https:\\\/\\\/storhogna.se\\\/after-hike\\\/#primaryimage\"},\"thumbnailUrl\":\"https:\\\/\\\/storhogna.se\\\/wp-content\\\/uploads\\\/DSC_9690-scaled.jpg\",\"datePublished\":\"2026-03-02T13:49:24+00:00\",\"dateModified\":\"2026-03-03T08:03:31+00:00\",\"breadcrumb\":{\"@id\":\"https:\\\/\\\/storhogna.se\\\/after-hike\\\/#breadcrumb\"},\"inLanguage\":\"en-GB\",\"potentialAction\":[{\"@type\":\"ReadAction\",\"target\":[\"https:\\\/\\\/storhogna.se\\\/after-hike\\\/\"]}]},{\"@type\":\"ImageObject\",\"inLanguage\":\"en-GB\",\"@id\":\"https:\\\/\\\/storhogna.se\\\/after-hike\\\/#primaryimage\",\"url\":\"https:\\\/\\\/storhogna.se\\\/wp-content\\\/uploads\\\/DSC_9690-scaled.jpg\",\"contentUrl\":\"https:\\\/\\\/storhogna.se\\\/wp-content\\\/uploads\\\/DSC_9690-scaled.jpg\",\"width\":2560,\"height\":1707},{\"@type\":\"BreadcrumbList\",\"@id\":\"https:\\\/\\\/storhogna.se\\\/after-hike\\\/#breadcrumb\",\"itemListElement\":[{\"@type\":\"ListItem\",\"position\":1,\"name\":\"Hem\",\"item\":\"https:\\\/\\\/storhogna.se\\\/\"},{\"@type\":\"ListItem\",\"position\":2,\"name\":\"After hike\"}]},{\"@type\":\"WebSite\",\"@id\":\"https:\\\/\\\/storhogna.se\\\/#website\",\"url\":\"https:\\\/\\\/storhogna.se\\\/\",\"name\":\"Storhogna H\u00f6gfj\u00e4llshotell &amp; Spa\",\"description\":\"Ett genuint h\u00f6gfj\u00e4llshotell med spa\",\"potentialAction\":[{\"@type\":\"SearchAction\",\"target\":{\"@type\":\"EntryPoint\",\"urlTemplate\":\"https:\\\/\\\/storhogna.se\\\/?s={search_term_string}\"},\"query-input\":{\"@type\":\"PropertyValueSpecification\",\"valueRequired\":true,\"valueName\":\"search_term_string\"}}],\"inLanguage\":\"en-GB\"}]}<\/script>\n<!-- \/ Yoast SEO plugin. -->","yoast_head_json":{"title":"After hike - Storhogna H\u00f6gfj\u00e4llshotell &amp; Spa","robots":{"index":"index","follow":"follow","max-snippet":"max-snippet:-1","max-image-preview":"max-image-preview:large","max-video-preview":"max-video-preview:-1"},"canonical":"https:\/\/storhogna.se\/en\/after-hike\/","og_locale":"en_GB","og_type":"article","og_title":"After hike - Storhogna H\u00f6gfj\u00e4llshotell &amp; Spa","og_description":"Kom och njut av n\u00e5got gott att dricka och \u00e4ta efter en dag p\u00e5 fj\u00e4llet. Vissa dagar med trubadur.","og_url":"https:\/\/storhogna.se\/en\/after-hike\/","og_site_name":"Storhogna H\u00f6gfj\u00e4llshotell &amp; Spa","article_publisher":"https:\/\/www.facebook.com\/storhogna","article_modified_time":"2026-03-03T08:03:31+00:00","og_image":[{"width":2560,"height":1707,"url":"https:\/\/storhogna.se\/wp-content\/uploads\/DSC_9690-scaled.jpg","type":"image\/jpeg"}],"twitter_card":"summary_large_image","twitter_misc":{"Estimated reading time":"1 minute"},"schema":{"@context":"https:\/\/schema.org","@graph":[{"@type":"WebPage","@id":"https:\/\/storhogna.se\/after-hike\/","url":"https:\/\/storhogna.se\/after-hike\/","name":"After hike - Storhogna H\u00f6gfj\u00e4llshotell &amp; Spa","isPartOf":{"@id":"https:\/\/storhogna.se\/#website"},"primaryImageOfPage":{"@id":"https:\/\/storhogna.se\/after-hike\/#primaryimage"},"image":{"@id":"https:\/\/storhogna.se\/after-hike\/#primaryimage"},"thumbnailUrl":"https:\/\/storhogna.se\/wp-content\/uploads\/DSC_9690-scaled.jpg","datePublished":"2026-03-02T13:49:24+00:00","dateModified":"2026-03-03T08:03:31+00:00","breadcrumb":{"@id":"https:\/\/storhogna.se\/after-hike\/#breadcrumb"},"inLanguage":"en-GB","potentialAction":[{"@type":"ReadAction","target":["https:\/\/storhogna.se\/after-hike\/"]}]},{"@type":"ImageObject","inLanguage":"en-GB","@id":"https:\/\/storhogna.se\/after-hike\/#primaryimage","url":"https:\/\/storhogna.se\/wp-content\/uploads\/DSC_9690-scaled.jpg","contentUrl":"https:\/\/storhogna.se\/wp-content\/uploads\/DSC_9690-scaled.jpg","width":2560,"height":1707},{"@type":"BreadcrumbList","@id":"https:\/\/storhogna.se\/after-hike\/#breadcrumb","itemListElement":[{"@type":"ListItem","position":1,"name":"Hem","item":"https:\/\/storhogna.se\/"},{"@type":"ListItem","position":2,"name":"After hike"}]},{"@type":"WebSite","@id":"https:\/\/storhogna.se\/#website","url":"https:\/\/storhogna.se\/","name":"Storhogna High Mountain Hotel &amp; Spa","description":"A genuine high mountain hotel with spa","potentialAction":[{"@type":"SearchAction","target":{"@type":"EntryPoint","urlTemplate":"https:\/\/storhogna.se\/?s={search_term_string}"},"query-input":{"@type":"PropertyValueSpecification","valueRequired":true,"valueName":"search_term_string"}}],"inLanguage":"en-GB"}]}},"_links":{"self":[{"href":"https:\/\/storhogna.se\/en\/wp-json\/wp\/v2\/pages\/16605","targetHints":{"allow":["GET"]}}],"collection":[{"href":"https:\/\/storhogna.se\/en\/wp-json\/wp\/v2\/pages"}],"about":[{"href":"https:\/\/storhogna.se\/en\/wp-json\/wp\/v2\/types\/page"}],"author":[{"embeddable":true,"href":"https:\/\/storhogna.se\/en\/wp-json\/wp\/v2\/users\/12"}],"replies":[{"embeddable":true,"href":"https:\/\/storhogna.se\/en\/wp-json\/wp\/v2\/comments?post=16605"}],"version-history":[{"count":2,"href":"https:\/\/storhogna.se\/en\/wp-json\/wp\/v2\/pages\/16605\/revisions"}],"predecessor-version":[{"id":16620,"href":"https:\/\/storhogna.se\/en\/wp-json\/wp\/v2\/pages\/16605\/revisions\/16620"}],"wp:featuredmedia":[{"embeddable":true,"href":"https:\/\/storhogna.se\/en\/wp-json\/wp\/v2\/media\/16607"}],"wp:attachment":[{"href":"https:\/\/storhogna.se\/en\/wp-json\/wp\/v2\/media?parent=16605"}],"wp:term":[{"taxonomy":"category","embeddable":true,"href":"https:\/\/storhogna.se\/en\/wp-json\/wp\/v2\/categories?post=16605"},{"taxonomy":"post_tag","embeddable":true,"href":"https:\/\/storhogna.se\/en\/wp-json\/wp\/v2\/tags?post=16605"}],"curies":[{"name":"wp","href":"https:\/\/api.w.org\/{rel}","templated":true}]}}