{"id":168,"date":"2022-03-25T13:36:27","date_gmt":"2022-03-25T13:36:27","guid":{"rendered":"https:\/\/stage.storhogna.se\/?page_id=168"},"modified":"2022-03-25T14:28:52","modified_gmt":"2022-03-25T14:28:52","slug":"blocklisting-test","status":"publish","type":"page","link":"https:\/\/storhogna.se\/en\/blocklisting-test\/","title":{"rendered":"Blocklisting test"},"content":{"rendered":"<div class=\"block-listing\">\n  <div class=\"block-listing__layout\">\n                  <div class=\"block-listing__card block-listing__card--default block-listing__card--0\">\n        <a class=\"block-listing__link\" href=\"https:\/\/storhogna.se\/en\/offers\/storhogna-hiking-package-summer\/\">\n          <div class=\"block-listing__filter\"><\/div>\n                    <img decoding=\"async\" class=\"block-listing__image\" src=\"https:\/\/storhogna.se\/wp-content\/uploads\/storhogna-vandring-sommar-barn-600x600.jpg\" width=\"600\" height=\"600\" alt=\"#\" loading=\"lazy\"\/>\n                              <h3 class=\"block-listing__title\">Storhogna Hiking Package summer  <\/h3>\n        <\/a>\n        \n        <div class=\"block-listing__hover-content\">\n          <div>\n            <div class=\"block-listing__hover-title\">\n              Storhogna Hiking Package summer\n                          <\/div>\n            <div class=\"block-listing__excerpt\">Varied hiking trails, lunch in the mountains, 3-course dinner and spa. A hotel package with great enjoyment, magnificent views, mountain streams and beautiful waterfalls.<\/div>                                   <\/div>\n          <div class=\"block-listing__buttons\">\n                        <span class=\"block-listing__splash\"><\/span>\n                                                            <a class=\"block-listing__button block-listing__button--red btn\" href=\"https:\/\/storhogna.se\/en\/offers\/storhogna-hiking-package-summer\/\" target=\"\">Book from 1 380 SEK\/person<\/a>\n                      <\/div>\n        <\/div>\n        \n      <\/div>\n                        <div class=\"block-listing__card block-listing__card--default block-listing__card--1\">\n        <a class=\"block-listing__link\" href=\"https:\/\/storhogna.se\/en\/offers\/hiking-package\/\">\n          <div class=\"block-listing__filter\"><\/div>\n                    <img decoding=\"async\" class=\"block-listing__image\" src=\"https:\/\/storhogna.se\/wp-content\/uploads\/fjallvandrare-utfor-fjallet-storhogna-host-600x600.jpg\" width=\"600\" height=\"600\" alt=\"#\" loading=\"lazy\"\/>\n                              <h3 class=\"block-listing__title\">Storhogna Hiking package autumn  <\/h3>\n        <\/a>\n        \n        <div class=\"block-listing__hover-content\">\n          <div>\n            <div class=\"block-listing__hover-title\">\n              Storhogna Hiking package autumn\n                          <\/div>\n            <div class=\"block-listing__excerpt\">Varied hiking trails, lunch in the mountains, 3-course dinner and spa. A hotel package with great enjoyment, magnificent views, mountain streams and beautiful waterfalls.<\/div>                                   <\/div>\n          <div class=\"block-listing__buttons\">\n                        <span class=\"block-listing__splash\"><\/span>\n                                                            <a class=\"block-listing__button block-listing__button--red btn\" href=\"https:\/\/storhogna.se\/en\/offers\/hiking-package\/\" target=\"\">Book from 1 380 SEK\/person<\/a>\n                      <\/div>\n        <\/div>\n        \n      <\/div>\n                        <div class=\"block-listing__card block-listing__card--default block-listing__card--2\">\n        <a class=\"block-listing__link\" href=\"https:\/\/storhogna.se\/en\/offers\/mountain-retreat\/\">\n          <div class=\"block-listing__filter\"><\/div>\n                    <img decoding=\"async\" class=\"block-listing__image\" src=\"https:\/\/storhogna.se\/wp-content\/uploads\/DSC03950-600x600.jpg\" width=\"600\" height=\"600\" alt=\"#\" loading=\"lazy\"\/>\n                              <h3 class=\"block-listing__title\">Mountain retreat  <\/h3>\n        <\/a>\n        \n        <div class=\"block-listing__hover-content\">\n          <div>\n            <div class=\"block-listing__hover-title\">\n              Mountain retreat\n                          <\/div>\n            <div class=\"block-listing__excerpt\">A weekend that feels like pressing the reset button of body and soul. Find presence and power through yoga, cold baths, movement and the challenging nature of the mountains.<\/div>                                   <\/div>\n          <div class=\"block-listing__buttons\">\n                        <span class=\"block-listing__splash\"><\/span>\n                                                            <a class=\"block-listing__button block-listing__button--red btn\" href=\"https:\/\/storhogna.se\/en\/offers\/mountain-retreat\/\" target=\"\">Book from 6500 SEK\/person<\/a>\n                      <\/div>\n        <\/div>\n        \n      <\/div>\n                        <div class=\"block-listing__card block-listing__card--default block-listing__card--3\">\n        <a class=\"block-listing__link\" href=\"https:\/\/storhogna.se\/en\/offers\/storhogna-golf-package\/\">\n          <div class=\"block-listing__filter\"><\/div>\n                    <img decoding=\"async\" class=\"block-listing__image\" src=\"https:\/\/storhogna.se\/wp-content\/uploads\/Storhogna-Vemdalen-Golf-4-Jocke-lagerkranz-600x600.jpg\" width=\"600\" height=\"600\" alt=\"#\" loading=\"lazy\"\/>\n                              <h3 class=\"block-listing__title\">Storhogna Golf Package  <\/h3>\n        <\/a>\n        \n        <div class=\"block-listing__hover-content\">\n          <div>\n            <div class=\"block-listing__hover-title\">\n              Storhogna Golf Package\n                          <\/div>\n            <div class=\"block-listing__excerpt\">A perfect combination of golf at top-ranked KVGK and \"after golf\" at Storhogna H\u00f6gfj\u00e4llshotell with a nice spa life, 3-course dinner and socialising.<\/div>                                   <\/div>\n          <div class=\"block-listing__buttons\">\n                        <span class=\"block-listing__splash\"><\/span>\n                                                            <a class=\"block-listing__button block-listing__button--red btn\" href=\"https:\/\/storhogna.se\/en\/offers\/storhogna-golf-package\/\" target=\"\">Book from SEK 1 575\/person<\/a>\n                      <\/div>\n        <\/div>\n        \n      <\/div>\n                        <div class=\"block-listing__card block-listing__card--info block-listing__card--4 gray-background\">\n        <div class=\"block-listing__info light\">\n          <h2>Lorem ipsum dolor sit amet<\/h2>\n<p>Lorem ipsum dolor sit amet, id graeci viderer minimum eos. Duo populo verear ne, ea eam case prompta accumsan. Vis justo debet nobis cu. Euismod placerat qui ut, est vocibus antiopam vulputate et.<\/p>\n\n          \n                      <a class=\"btn block-listing__info-button\" href=\"https:\/\/storhogna.se\/en\/restaurants\/testrestaurang\/\">link<\/a>\n                  <\/div>\n      <\/div>\n                        <div class=\"block-listing__card block-listing__card--info block-listing__card--5 tintedwhite-background\">\n        <div class=\"block-listing__info dark\">\n          <h2>Lorem ipsum dolor sit amet<\/h2>\n<p>Lorem ipsum dolor sit amet, id graeci viderer minimum eos. Duo populo verear ne, ea eam case prompta accumsan. Vis justo debet nobis cu. Euismod placerat qui ut, est vocibus antiopam vulputate et.<\/p>\n\n          \n                      <a class=\"btn block-listing__info-button\" href=\"https:\/\/storhogna.se\/en\/offers\/testerbjudande-ett\/\">Read more<\/a>\n                  <\/div>\n      <\/div>\n            <\/div>\n<\/div>","protected":false},"excerpt":{"rendered":"","protected":false},"author":1,"featured_media":0,"parent":0,"menu_order":0,"comment_status":"closed","ping_status":"closed","template":"","meta":{"_acf_changed":false,"footnotes":""},"categories":[],"tags":[],"class_list":["post-168","page","type-page","status-publish","hentry"],"acf":[],"yoast_head":"<!-- This site is optimized with the Yoast SEO plugin v25.6 - https:\/\/yoast.com\/wordpress\/plugins\/seo\/ -->\n<title>Blocklistingtest - Storhogna H\u00f6gfj\u00e4llshotell &amp; Spa<\/title>\n<meta name=\"robots\" content=\"index, follow, max-snippet:-1, max-image-preview:large, max-video-preview:-1\" \/>\n<link rel=\"canonical\" href=\"https:\/\/storhogna.se\/en\/blocklisting-test\/\" \/>\n<meta property=\"og:locale\" content=\"en_GB\" \/>\n<meta property=\"og:type\" content=\"article\" \/>\n<meta property=\"og:title\" content=\"Blocklistingtest - Storhogna H\u00f6gfj\u00e4llshotell &amp; Spa\" \/>\n<meta property=\"og:url\" content=\"https:\/\/storhogna.se\/en\/blocklisting-test\/\" \/>\n<meta property=\"og:site_name\" content=\"Storhogna H\u00f6gfj\u00e4llshotell &amp; Spa\" \/>\n<meta property=\"article:publisher\" content=\"https:\/\/www.facebook.com\/storhogna\" \/>\n<meta property=\"article:modified_time\" content=\"2022-03-25T14:28:52+00:00\" \/>\n<meta name=\"twitter:card\" content=\"summary_large_image\" \/>\n<script type=\"application\/ld+json\" class=\"yoast-schema-graph\">{\"@context\":\"https:\/\/schema.org\",\"@graph\":[{\"@type\":\"WebPage\",\"@id\":\"https:\/\/storhogna.se\/blocklistingtest\/\",\"url\":\"https:\/\/storhogna.se\/blocklistingtest\/\",\"name\":\"Blocklistingtest - Storhogna H\u00f6gfj\u00e4llshotell &amp; Spa\",\"isPartOf\":{\"@id\":\"https:\/\/storhogna.se\/#website\"},\"datePublished\":\"2022-03-25T13:36:27+00:00\",\"dateModified\":\"2022-03-25T14:28:52+00:00\",\"breadcrumb\":{\"@id\":\"https:\/\/storhogna.se\/blocklistingtest\/#breadcrumb\"},\"inLanguage\":\"en-GB\",\"potentialAction\":[{\"@type\":\"ReadAction\",\"target\":[\"https:\/\/storhogna.se\/blocklistingtest\/\"]}]},{\"@type\":\"BreadcrumbList\",\"@id\":\"https:\/\/storhogna.se\/blocklistingtest\/#breadcrumb\",\"itemListElement\":[{\"@type\":\"ListItem\",\"position\":1,\"name\":\"Hem\",\"item\":\"https:\/\/storhogna.se\/\"},{\"@type\":\"ListItem\",\"position\":2,\"name\":\"Blocklistingtest\"}]},{\"@type\":\"WebSite\",\"@id\":\"https:\/\/storhogna.se\/#website\",\"url\":\"https:\/\/storhogna.se\/\",\"name\":\"Storhogna H\u00f6gfj\u00e4llshotell &amp; Spa\",\"description\":\"Ett genuint h\u00f6gfj\u00e4llshotell med spa\",\"potentialAction\":[{\"@type\":\"SearchAction\",\"target\":{\"@type\":\"EntryPoint\",\"urlTemplate\":\"https:\/\/storhogna.se\/?s={search_term_string}\"},\"query-input\":{\"@type\":\"PropertyValueSpecification\",\"valueRequired\":true,\"valueName\":\"search_term_string\"}}],\"inLanguage\":\"en-GB\"}]}<\/script>\n<!-- \/ Yoast SEO plugin. -->","yoast_head_json":{"title":"Blocklistingtest - Storhogna H\u00f6gfj\u00e4llshotell &amp; Spa","robots":{"index":"index","follow":"follow","max-snippet":"max-snippet:-1","max-image-preview":"max-image-preview:large","max-video-preview":"max-video-preview:-1"},"canonical":"https:\/\/storhogna.se\/en\/blocklisting-test\/","og_locale":"en_GB","og_type":"article","og_title":"Blocklistingtest - Storhogna H\u00f6gfj\u00e4llshotell &amp; Spa","og_url":"https:\/\/storhogna.se\/en\/blocklisting-test\/","og_site_name":"Storhogna H\u00f6gfj\u00e4llshotell &amp; Spa","article_publisher":"https:\/\/www.facebook.com\/storhogna","article_modified_time":"2022-03-25T14:28:52+00:00","twitter_card":"summary_large_image","schema":{"@context":"https:\/\/schema.org","@graph":[{"@type":"WebPage","@id":"https:\/\/storhogna.se\/blocklistingtest\/","url":"https:\/\/storhogna.se\/blocklistingtest\/","name":"Blocklistingtest - Storhogna H\u00f6gfj\u00e4llshotell &amp; Spa","isPartOf":{"@id":"https:\/\/storhogna.se\/#website"},"datePublished":"2022-03-25T13:36:27+00:00","dateModified":"2022-03-25T14:28:52+00:00","breadcrumb":{"@id":"https:\/\/storhogna.se\/blocklistingtest\/#breadcrumb"},"inLanguage":"en-GB","potentialAction":[{"@type":"ReadAction","target":["https:\/\/storhogna.se\/blocklistingtest\/"]}]},{"@type":"BreadcrumbList","@id":"https:\/\/storhogna.se\/blocklistingtest\/#breadcrumb","itemListElement":[{"@type":"ListItem","position":1,"name":"Hem","item":"https:\/\/storhogna.se\/"},{"@type":"ListItem","position":2,"name":"Blocklistingtest"}]},{"@type":"WebSite","@id":"https:\/\/storhogna.se\/#website","url":"https:\/\/storhogna.se\/","name":"Storhogna H\u00f6gfj\u00e4llshotell &amp; Spa","description":"Ett genuint h\u00f6gfj\u00e4llshotell med spa","potentialAction":[{"@type":"SearchAction","target":{"@type":"EntryPoint","urlTemplate":"https:\/\/storhogna.se\/?s={search_term_string}"},"query-input":{"@type":"PropertyValueSpecification","valueRequired":true,"valueName":"search_term_string"}}],"inLanguage":"en-GB"}]}},"_links":{"self":[{"href":"https:\/\/storhogna.se\/en\/wp-json\/wp\/v2\/pages\/168","targetHints":{"allow":["GET"]}}],"collection":[{"href":"https:\/\/storhogna.se\/en\/wp-json\/wp\/v2\/pages"}],"about":[{"href":"https:\/\/storhogna.se\/en\/wp-json\/wp\/v2\/types\/page"}],"author":[{"embeddable":true,"href":"https:\/\/storhogna.se\/en\/wp-json\/wp\/v2\/users\/1"}],"replies":[{"embeddable":true,"href":"https:\/\/storhogna.se\/en\/wp-json\/wp\/v2\/comments?post=168"}],"version-history":[{"count":12,"href":"https:\/\/storhogna.se\/en\/wp-json\/wp\/v2\/pages\/168\/revisions"}],"predecessor-version":[{"id":181,"href":"https:\/\/storhogna.se\/en\/wp-json\/wp\/v2\/pages\/168\/revisions\/181"}],"wp:attachment":[{"href":"https:\/\/storhogna.se\/en\/wp-json\/wp\/v2\/media?parent=168"}],"wp:term":[{"taxonomy":"category","embeddable":true,"href":"https:\/\/storhogna.se\/en\/wp-json\/wp\/v2\/categories?post=168"},{"taxonomy":"post_tag","embeddable":true,"href":"https:\/\/storhogna.se\/en\/wp-json\/wp\/v2\/tags?post=168"}],"curies":[{"name":"wp","href":"https:\/\/api.w.org\/{rel}","templated":true}]}}