{"id":16848,"date":"2026-03-23T12:13:00","date_gmt":"2026-03-23T10:13:00","guid":{"rendered":"https:\/\/storhogna.se\/?page_id=16848"},"modified":"2026-03-23T12:13:00","modified_gmt":"2026-03-23T10:13:00","slug":"the-fjallvistet-suite","status":"publish","type":"page","link":"https:\/\/storhogna.se\/en\/info-och-inspo\/hotellrum\/fjallvistet-sviten\/","title":{"rendered":"Mountain lodge suite"},"content":{"rendered":"<div class=\"hero-slider\"><div class=\"splide\" data-slider=\"hero\" data-arrows=\"true\" data-interval=\"5\" data-transition=\"loop\" data-start-index=\"0\" id=\"hero-slider_1774260698206\" data-id=\"hero-slider_1774260698206\" data-custom-arrows=\"true\"><div class=\"splide__track\"><ul class=\"splide__list\"><li class=\"splide__slide\"><picture><source media=\"(max-width: 340px)\" srcset=\"https:\/\/storhogna.se\/wp-content\/uploads\/oppen-spis-dubbelsang-fjallvistet-300x200.jpg\"\/><source media=\"(min-width: 341px)\" srcset=\"https:\/\/storhogna.se\/wp-content\/uploads\/oppen-spis-dubbelsang-fjallvistet.jpg\"\/><img fetchpriority=\"high\" decoding=\"async\" class=\"fullscreen-image\" src=\"https:\/\/storhogna.se\/wp-content\/uploads\/oppen-spis-dubbelsang-fjallvistet.jpg\" alt=\"Fireplace and double bed in Fj\u00e4llvistet Suite\" width=\"1200\" height=\"800\" loading=\"eager\" style=\"object-position:50% 90%\"\/><\/picture><\/li><li class=\"splide__slide\"><picture><source media=\"(max-width: 340px)\" srcset=\"https:\/\/storhogna.se\/wp-content\/uploads\/Storhogna_oktober25_henrik_web66-200x300.jpg\"\/><source media=\"(min-width: 341px)\" srcset=\"https:\/\/storhogna.se\/wp-content\/uploads\/Storhogna_oktober25_henrik_web66.jpg\"\/><img decoding=\"async\" class=\"fullscreen-image\" src=\"https:\/\/storhogna.se\/wp-content\/uploads\/Storhogna_oktober25_henrik_web66.jpg\" alt=\"\" width=\"1365\" height=\"2048\" loading=\"eager\" style=\"object-position:50% 80%\"\/><\/picture><\/li><li class=\"splide__slide\"><picture><source media=\"(max-width: 340px)\" srcset=\"https:\/\/storhogna.se\/wp-content\/uploads\/Fjallvistet.Storhogna_januari26_Henrikljusberg_web145-300x200.jpg\"\/><source media=\"(min-width: 341px)\" srcset=\"https:\/\/storhogna.se\/wp-content\/uploads\/Fjallvistet.Storhogna_januari26_Henrikljusberg_web145.jpg\"\/><img decoding=\"async\" class=\"fullscreen-image\" src=\"https:\/\/storhogna.se\/wp-content\/uploads\/Fjallvistet.Storhogna_januari26_Henrikljusberg_web145.jpg\" alt=\"\" width=\"2048\" height=\"1365\" loading=\"eager\" style=\"object-position:50% 99%\"\/><\/picture><\/li><li class=\"splide__slide\"><picture><source media=\"(max-width: 340px)\" srcset=\"https:\/\/storhogna.se\/wp-content\/uploads\/Fjallvistet-lokal-300x200.jpg\"\/><source media=\"(min-width: 341px)\" srcset=\"https:\/\/storhogna.se\/wp-content\/uploads\/Fjallvistet-lokal-scaled.jpg\"\/><img decoding=\"async\" class=\"fullscreen-image\" src=\"https:\/\/storhogna.se\/wp-content\/uploads\/Fjallvistet-lokal-scaled.jpg\" alt=\"\" width=\"2560\" height=\"1707\" loading=\"eager\" style=\"object-position:50% 76%\"\/><\/picture><\/li><\/ul><\/div><\/div><div class=\"hero-slider__filter\" data-active=\"true\"><\/div><div class=\"hero-slider__fixed-content\"><div class=\"hero-slider__text-block\" data-visible=\"true\"><div class=\"hero-slider__text-block-inner\">\n<div class=\"wp-block-columns is-layout-flex wp-container-core-columns-is-layout-9d6595d7 wp-block-columns-is-layout-flex\">\n<div class=\"wp-block-column is-layout-flow wp-block-column-is-layout-flow\">\n<h1 class=\"wp-block-heading\">Fj\u00e4llvistet Suite<\/h1>\n\n\n\n<p>Exclusive and unique accommodation at the foot of the mountain.<\/p>\n<\/div>\n\n\n\n<div class=\"wp-block-column is-layout-flow wp-block-column-is-layout-flow\">\n<p>At the foot of the mountain, the luxurious Fj\u00e4llvistet stands proudly, opposite the hotel. Fj\u00e4llvistet has a large wood-fired sauna, and outside, a steaming hot tub and an ice-cold spring await. The main lodge has a spacious lounge with a fireplace, tables with seating, and sofas. <\/p>\n<\/div>\n<\/div>\n<\/div><\/div><\/div><\/div>\n\n\n<div class=\"media-and-text\">\n    <div class=\"media-and-text__layout media-and-text__layout--invert  invert-stack  default-color default-background\">\n      <div class=\"media-and-text__media\">\n                            <div class=\"splide article-slider\" data-slider=\"basic\" data-custom-arrows=\"true\" id=\"basic-slider_3aacf45f5573c83c7daef7476f7320\">\n            <div class=\"splide__track article-slider__track\">\n              <ul class=\"splide__list article-slider__list\">\n                                  <li class=\"splide__slide article-slider__slide\">\n                    <img decoding=\"async\"\n                      class=\"article-slider__image\"\n                      src=\"https:\/\/storhogna.se\/wp-content\/uploads\/smorgasar-frukt-bubbel-fjallvistet.jpg\"\n                      srcset=\"https:\/\/storhogna.se\/wp-content\/uploads\/smorgasar-frukt-bubbel-fjallvistet.jpg 1200w, https:\/\/storhogna.se\/wp-content\/uploads\/smorgasar-frukt-bubbel-fjallvistet-800x533.jpg 800w\"\n                      sizes=\"auto, (max-width: 600px), 1200px, 800px\"\n                      alt=\"Sandwiches, fruit and bubbly laid out in front of a man and a woman in dressing gowns\"\n                      width=\"1200\" \n                      height=\"800\" \n                      loading=\"lazy\"\n                      \/>\n                    <\/li>\n                                  <li class=\"splide__slide article-slider__slide\">\n                    <img decoding=\"async\"\n                      class=\"article-slider__image\"\n                      src=\"https:\/\/storhogna.se\/wp-content\/uploads\/fjallvistet-2-1-900x1200.jpg\"\n                      srcset=\"https:\/\/storhogna.se\/wp-content\/uploads\/fjallvistet-2-1-900x1200.jpg 900w, https:\/\/storhogna.se\/wp-content\/uploads\/fjallvistet-2-1-800x1067.jpg 800w\"\n                      sizes=\"auto, (max-width: 600px), 900px, 800px\"\n                      alt=\"\"\n                      width=\"900\" \n                      height=\"1200\" \n                      loading=\"lazy\"\n                      \/>\n                    <\/li>\n                              <\/ul>\n            <\/div>\n          <\/div>\n              <\/div>\n      <div class=\"media-and-text__content top\">\n        <div class=\"media-and-text__content-container\">\n          <div class=\"media-and-text__text\">\n            <p data-start=\"59\" data-end=\"296\">Celebrate your wedding night, an anniversary, or give each other an unforgettable break from everyday life at Fj\u00e4llvistet. Here, an exclusive and secluded experience awaits where you can enjoy each other, the tranquility and the magical mountain views \u2013 all at your own pace.<\/p>\n<p data-start=\"298\" data-end=\"472\">Wake up refreshed in a tranquil environment, let the morning begin slowly and gaze out over the magnificent landscape. Perhaps with a cup of coffee in hand and silence as your companion.<\/p>\n<p data-start=\"474\" data-end=\"819\">During your stay, you will have access to all of the hotel's amenities \u2013 from relaxing moments in the spa to culinary experiences in the restaurant \u2013 always with the same high level of service. Fj\u00e4llvistet is accessible year-round, and we are happy to tailor your stay to your wishes, to create an experience that feels personal, luxurious, and completely unique.<\/p>\n<p><strong>Welcome to book a very special and unique experience!<\/strong><\/p>\n<p><em>Book your stay at Fj\u00e4llvistet suite via <\/em><a href=\"mailto:bokningen@storhogna.com\">bokningen@storhogna.com<\/a>\u00a0|\u00a0<a href=\"tel:0682413030\">0682-413030<\/a><\/p>\n<p>&nbsp;<\/p>\n<p>&nbsp;<\/p>\n\n          <\/div>\n                            <\/div>\n      <\/div>\n    <\/div>\n  <\/div>","protected":false},"excerpt":{"rendered":"","protected":false},"author":12,"featured_media":2787,"parent":1831,"menu_order":2,"comment_status":"closed","ping_status":"closed","template":"","meta":{"_acf_changed":false,"footnotes":""},"categories":[39],"tags":[],"class_list":["post-16848","page","type-page","status-publish","has-post-thumbnail","hentry","category-hotellrum"],"acf":[],"yoast_head":"<!-- This site is optimized with the Yoast SEO plugin v27.3 - https:\/\/yoast.com\/product\/yoast-seo-wordpress\/ -->\n<title>Fj\u00e4llsuperior | Rymliga och trevligt inredda dubbelrum &amp; enkelrum<\/title>\n<meta name=\"description\" content=\"Hemtrevliga och rymliga dubbelrum med eller utan b\u00e4ddsoffa. Dubbelrummen \u00e4r inredda i nordisk stil och har alla traditionella bekv\u00e4mligheter samt utsikt.\" \/>\n<meta name=\"robots\" content=\"index, follow, max-snippet:-1, max-image-preview:large, max-video-preview:-1\" \/>\n<link rel=\"canonical\" href=\"https:\/\/storhogna.se\/en\/info-and-inspiration\/hotel-room\/the-fjallvistet-suite\/\" \/>\n<meta property=\"og:locale\" content=\"en_GB\" \/>\n<meta property=\"og:type\" content=\"article\" \/>\n<meta property=\"og:title\" content=\"Fj\u00e4llsuperior | Rymliga och trevligt inredda dubbelrum &amp; enkelrum\" \/>\n<meta property=\"og:description\" content=\"Hemtrevliga och rymliga dubbelrum med eller utan b\u00e4ddsoffa. Dubbelrummen \u00e4r inredda i nordisk stil och har alla traditionella bekv\u00e4mligheter samt utsikt.\" \/>\n<meta property=\"og:url\" content=\"https:\/\/storhogna.se\/en\/info-and-inspiration\/hotel-room\/the-fjallvistet-suite\/\" \/>\n<meta property=\"og:site_name\" content=\"Storhogna H\u00f6gfj\u00e4llshotell &amp; Spa\" \/>\n<meta property=\"article:publisher\" content=\"https:\/\/www.facebook.com\/storhogna\" \/>\n<meta property=\"og:image\" content=\"https:\/\/storhogna.se\/wp-content\/uploads\/oppen-spis-dubbelsang-fjallvistet.jpg\" \/>\n\t<meta property=\"og:image:width\" content=\"1200\" \/>\n\t<meta property=\"og:image:height\" content=\"800\" \/>\n\t<meta property=\"og:image:type\" content=\"image\/jpeg\" \/>\n<meta name=\"twitter:card\" content=\"summary_large_image\" \/>\n<meta name=\"twitter:label1\" content=\"Estimated reading time\" \/>\n\t<meta name=\"twitter:data1\" content=\"2 minutes\" \/>\n<script type=\"application\/ld+json\" class=\"yoast-schema-graph\">{\"@context\":\"https:\\\/\\\/schema.org\",\"@graph\":[{\"@type\":\"WebPage\",\"@id\":\"https:\\\/\\\/storhogna.se\\\/info-och-inspo\\\/hotellrum\\\/fjallvistet-sviten\\\/\",\"url\":\"https:\\\/\\\/storhogna.se\\\/info-och-inspo\\\/hotellrum\\\/fjallvistet-sviten\\\/\",\"name\":\"Fj\u00e4llsuperior | Rymliga och trevligt inredda dubbelrum & enkelrum\",\"isPartOf\":{\"@id\":\"https:\\\/\\\/storhogna.se\\\/#website\"},\"primaryImageOfPage\":{\"@id\":\"https:\\\/\\\/storhogna.se\\\/info-och-inspo\\\/hotellrum\\\/fjallvistet-sviten\\\/#primaryimage\"},\"image\":{\"@id\":\"https:\\\/\\\/storhogna.se\\\/info-och-inspo\\\/hotellrum\\\/fjallvistet-sviten\\\/#primaryimage\"},\"thumbnailUrl\":\"https:\\\/\\\/storhogna.se\\\/wp-content\\\/uploads\\\/oppen-spis-dubbelsang-fjallvistet.jpg\",\"datePublished\":\"2026-03-23T10:13:00+00:00\",\"description\":\"Hemtrevliga och rymliga dubbelrum med eller utan b\u00e4ddsoffa. Dubbelrummen \u00e4r inredda i nordisk stil och har alla traditionella bekv\u00e4mligheter samt utsikt.\",\"breadcrumb\":{\"@id\":\"https:\\\/\\\/storhogna.se\\\/info-och-inspo\\\/hotellrum\\\/fjallvistet-sviten\\\/#breadcrumb\"},\"inLanguage\":\"en-GB\",\"potentialAction\":[{\"@type\":\"ReadAction\",\"target\":[\"https:\\\/\\\/storhogna.se\\\/info-och-inspo\\\/hotellrum\\\/fjallvistet-sviten\\\/\"]}]},{\"@type\":\"ImageObject\",\"inLanguage\":\"en-GB\",\"@id\":\"https:\\\/\\\/storhogna.se\\\/info-och-inspo\\\/hotellrum\\\/fjallvistet-sviten\\\/#primaryimage\",\"url\":\"https:\\\/\\\/storhogna.se\\\/wp-content\\\/uploads\\\/oppen-spis-dubbelsang-fjallvistet.jpg\",\"contentUrl\":\"https:\\\/\\\/storhogna.se\\\/wp-content\\\/uploads\\\/oppen-spis-dubbelsang-fjallvistet.jpg\",\"width\":1200,\"height\":800,\"caption\":\"\u00d6ppenspis och dubbels\u00e4ng i Fj\u00e4llvistet Svit\"},{\"@type\":\"BreadcrumbList\",\"@id\":\"https:\\\/\\\/storhogna.se\\\/info-och-inspo\\\/hotellrum\\\/fjallvistet-sviten\\\/#breadcrumb\",\"itemListElement\":[{\"@type\":\"ListItem\",\"position\":1,\"name\":\"Hem\",\"item\":\"https:\\\/\\\/storhogna.se\\\/\"},{\"@type\":\"ListItem\",\"position\":2,\"name\":\"Info\",\"item\":\"https:\\\/\\\/storhogna.se\\\/info-och-inspo\\\/\"},{\"@type\":\"ListItem\",\"position\":3,\"name\":\"Hotellrum\",\"item\":\"https:\\\/\\\/storhogna.se\\\/info-och-inspo\\\/hotellrum\\\/\"},{\"@type\":\"ListItem\",\"position\":4,\"name\":\"Fj\u00e4llvistet sviten\"}]},{\"@type\":\"WebSite\",\"@id\":\"https:\\\/\\\/storhogna.se\\\/#website\",\"url\":\"https:\\\/\\\/storhogna.se\\\/\",\"name\":\"Storhogna H\u00f6gfj\u00e4llshotell &amp; Spa\",\"description\":\"Ett genuint h\u00f6gfj\u00e4llshotell med spa\",\"potentialAction\":[{\"@type\":\"SearchAction\",\"target\":{\"@type\":\"EntryPoint\",\"urlTemplate\":\"https:\\\/\\\/storhogna.se\\\/?s={search_term_string}\"},\"query-input\":{\"@type\":\"PropertyValueSpecification\",\"valueRequired\":true,\"valueName\":\"search_term_string\"}}],\"inLanguage\":\"en-GB\"}]}<\/script>\n<!-- \/ Yoast SEO plugin. -->","yoast_head_json":{"title":"Mountain Superiors | Spacious and nicely decorated double &amp; single rooms","description":"Cosy and spacious double rooms with or without a sofa bed. The double rooms are decorated in Nordic style and have all traditional amenities and views.","robots":{"index":"index","follow":"follow","max-snippet":"max-snippet:-1","max-image-preview":"max-image-preview:large","max-video-preview":"max-video-preview:-1"},"canonical":"https:\/\/storhogna.se\/en\/info-and-inspiration\/hotel-room\/the-fjallvistet-suite\/","og_locale":"en_GB","og_type":"article","og_title":"Fj\u00e4llsuperior | Rymliga och trevligt inredda dubbelrum & enkelrum","og_description":"Hemtrevliga och rymliga dubbelrum med eller utan b\u00e4ddsoffa. Dubbelrummen \u00e4r inredda i nordisk stil och har alla traditionella bekv\u00e4mligheter samt utsikt.","og_url":"https:\/\/storhogna.se\/en\/info-and-inspiration\/hotel-room\/the-fjallvistet-suite\/","og_site_name":"Storhogna H\u00f6gfj\u00e4llshotell &amp; Spa","article_publisher":"https:\/\/www.facebook.com\/storhogna","og_image":[{"width":1200,"height":800,"url":"https:\/\/storhogna.se\/wp-content\/uploads\/oppen-spis-dubbelsang-fjallvistet.jpg","type":"image\/jpeg"}],"twitter_card":"summary_large_image","twitter_misc":{"Estimated reading time":"2 minutes"},"schema":{"@context":"https:\/\/schema.org","@graph":[{"@type":"WebPage","@id":"https:\/\/storhogna.se\/info-och-inspo\/hotellrum\/fjallvistet-sviten\/","url":"https:\/\/storhogna.se\/info-och-inspo\/hotellrum\/fjallvistet-sviten\/","name":"Mountain Superiors | Spacious and nicely decorated double &amp; single rooms","isPartOf":{"@id":"https:\/\/storhogna.se\/#website"},"primaryImageOfPage":{"@id":"https:\/\/storhogna.se\/info-och-inspo\/hotellrum\/fjallvistet-sviten\/#primaryimage"},"image":{"@id":"https:\/\/storhogna.se\/info-och-inspo\/hotellrum\/fjallvistet-sviten\/#primaryimage"},"thumbnailUrl":"https:\/\/storhogna.se\/wp-content\/uploads\/oppen-spis-dubbelsang-fjallvistet.jpg","datePublished":"2026-03-23T10:13:00+00:00","description":"Cosy and spacious double rooms with or without a sofa bed. The double rooms are decorated in Nordic style and have all traditional amenities and views.","breadcrumb":{"@id":"https:\/\/storhogna.se\/info-och-inspo\/hotellrum\/fjallvistet-sviten\/#breadcrumb"},"inLanguage":"en-GB","potentialAction":[{"@type":"ReadAction","target":["https:\/\/storhogna.se\/info-och-inspo\/hotellrum\/fjallvistet-sviten\/"]}]},{"@type":"ImageObject","inLanguage":"en-GB","@id":"https:\/\/storhogna.se\/info-och-inspo\/hotellrum\/fjallvistet-sviten\/#primaryimage","url":"https:\/\/storhogna.se\/wp-content\/uploads\/oppen-spis-dubbelsang-fjallvistet.jpg","contentUrl":"https:\/\/storhogna.se\/wp-content\/uploads\/oppen-spis-dubbelsang-fjallvistet.jpg","width":1200,"height":800,"caption":"\u00d6ppenspis och dubbels\u00e4ng i Fj\u00e4llvistet Svit"},{"@type":"BreadcrumbList","@id":"https:\/\/storhogna.se\/info-och-inspo\/hotellrum\/fjallvistet-sviten\/#breadcrumb","itemListElement":[{"@type":"ListItem","position":1,"name":"Hem","item":"https:\/\/storhogna.se\/"},{"@type":"ListItem","position":2,"name":"Info","item":"https:\/\/storhogna.se\/info-och-inspo\/"},{"@type":"ListItem","position":3,"name":"Hotellrum","item":"https:\/\/storhogna.se\/info-och-inspo\/hotellrum\/"},{"@type":"ListItem","position":4,"name":"Fj\u00e4llvistet sviten"}]},{"@type":"WebSite","@id":"https:\/\/storhogna.se\/#website","url":"https:\/\/storhogna.se\/","name":"Storhogna High Mountain Hotel &amp; Spa","description":"A genuine high mountain hotel with spa","potentialAction":[{"@type":"SearchAction","target":{"@type":"EntryPoint","urlTemplate":"https:\/\/storhogna.se\/?s={search_term_string}"},"query-input":{"@type":"PropertyValueSpecification","valueRequired":true,"valueName":"search_term_string"}}],"inLanguage":"en-GB"}]}},"_links":{"self":[{"href":"https:\/\/storhogna.se\/en\/wp-json\/wp\/v2\/pages\/16848","targetHints":{"allow":["GET"]}}],"collection":[{"href":"https:\/\/storhogna.se\/en\/wp-json\/wp\/v2\/pages"}],"about":[{"href":"https:\/\/storhogna.se\/en\/wp-json\/wp\/v2\/types\/page"}],"author":[{"embeddable":true,"href":"https:\/\/storhogna.se\/en\/wp-json\/wp\/v2\/users\/12"}],"replies":[{"embeddable":true,"href":"https:\/\/storhogna.se\/en\/wp-json\/wp\/v2\/comments?post=16848"}],"version-history":[{"count":4,"href":"https:\/\/storhogna.se\/en\/wp-json\/wp\/v2\/pages\/16848\/revisions"}],"predecessor-version":[{"id":16852,"href":"https:\/\/storhogna.se\/en\/wp-json\/wp\/v2\/pages\/16848\/revisions\/16852"}],"up":[{"embeddable":true,"href":"https:\/\/storhogna.se\/en\/wp-json\/wp\/v2\/pages\/1831"}],"wp:featuredmedia":[{"embeddable":true,"href":"https:\/\/storhogna.se\/en\/wp-json\/wp\/v2\/media\/2787"}],"wp:attachment":[{"href":"https:\/\/storhogna.se\/en\/wp-json\/wp\/v2\/media?parent=16848"}],"wp:term":[{"taxonomy":"category","embeddable":true,"href":"https:\/\/storhogna.se\/en\/wp-json\/wp\/v2\/categories?post=16848"},{"taxonomy":"post_tag","embeddable":true,"href":"https:\/\/storhogna.se\/en\/wp-json\/wp\/v2\/tags?post=16848"}],"curies":[{"name":"wp","href":"https:\/\/api.w.org\/{rel}","templated":true}]}}