{"id":1831,"date":"2022-05-10T09:01:01","date_gmt":"2022-05-10T07:01:01","guid":{"rendered":"https:\/\/stage.storhogna.se\/?page_id=1831"},"modified":"2026-03-23T12:14:04","modified_gmt":"2026-03-23T10:14:04","slug":"hotel-room","status":"publish","type":"page","link":"https:\/\/storhogna.se\/en\/info-och-inspo\/hotellrum\/","title":{"rendered":"Hotel rooms"},"content":{"rendered":"<div class=\"hero-slider\"><div class=\"splide\" data-slider=\"hero\" data-arrows=\"false\" data-interval=\"5\" data-transition=\"loop\" data-start-index=\"0\" id=\"hero-slider_1774260801348\" data-id=\"hero-slider_1774260801348\" data-custom-arrows=\"true\"><div class=\"splide__track\"><ul class=\"splide__list\"><li class=\"splide__slide\"><picture><source media=\"(max-width: 340px)\" srcset=\"https:\/\/storhogna.se\/wp-content\/uploads\/Storhogna-fallmoran-rum-sang-300x200.jpg\"\/><source media=\"(min-width: 341px)\" srcset=\"https:\/\/storhogna.se\/wp-content\/uploads\/Storhogna-fallmoran-rum-sang-scaled.jpg\"\/><img fetchpriority=\"high\" decoding=\"async\" class=\"fullscreen-image\" src=\"https:\/\/storhogna.se\/wp-content\/uploads\/Storhogna-fallmoran-rum-sang-scaled.jpg\" alt=\"\" width=\"2560\" height=\"1707\" loading=\"eager\" style=\"object-position:50% 50%\"\/><\/picture><\/li><\/ul><\/div><\/div><div class=\"hero-slider__filter\" data-active=\"true\"><\/div><div class=\"hero-slider__fixed-content\"><div class=\"hero-slider__booking-widget\"><div class=\"loader\"><\/div><div id=\"hero_widgetContainer\" data-channel-id=\"836e1ab6-c2ae-4121-b2d4-8f75645610e3\" data-package-id=\"\" data-room-id=\"\"><\/div><\/div><div class=\"hero-slider__text-block\" data-visible=\"true\"><div class=\"hero-slider__text-block-inner\">\n<div class=\"wp-block-columns is-layout-flex wp-container-core-columns-is-layout-9d6595d7 wp-block-columns-is-layout-flex\">\n<div class=\"wp-block-column is-layout-flow wp-block-column-is-layout-flow\">\n<h1 class=\"wp-block-heading\">Hotel rooms<\/h1>\n\n\n\n<p>Our hotel rooms are comfortable and decorated in a cosy Nordic style<\/p>\n<\/div>\n\n\n\n<div class=\"wp-block-column is-layout-flow wp-block-column-is-layout-flow\">\n<p>Choose between larger family rooms, smaller double rooms, rooms with a private sauna or rooms with a balcony or terrace with mountain views. All rooms have shower\/WC, TV, hairdryer and WiFi. Dogs are welcome in some of our rooms.<\/p>\n<\/div>\n<\/div>\n<\/div><\/div><\/div><\/div><div class=\"breadcrumbs\"><span><span><a href=\"https:\/\/storhogna.se\/en\/\">Home<\/a><\/span><\/span><\/div>\n\n\n<div class=\"block-listing\">\n  <div class=\"block-listing__layout\">\n                  <div class=\"block-listing__card block-listing__card--default block-listing__card--0\">\n        <a class=\"block-listing__link\" href=\"https:\/\/storhogna.se\/en\/info-och-inspo\/hotellrum\/dubbelrum\/\">\n          <div class=\"block-listing__filter\"><\/div>\n                    <img decoding=\"async\" class=\"block-listing__image\" src=\"https:\/\/storhogna.se\/wp-content\/uploads\/Fjallsuperior-DRL-sang-storhogna-600x600.jpg\" width=\"600\" height=\"600\" alt=\"#\" loading=\"lazy\"\/>\n                              <h3 class=\"block-listing__title\">Mountain Superiors  <\/h3>\n        <\/a>\n        \n        <div class=\"block-listing__hover-content\">\n          <div>\n            <div class=\"block-listing__hover-title\">\n              Mountain Superiors\n                          <\/div>\n            <div class=\"block-listing__excerpt\">Cosy and spacious double rooms with or without a sofa bed. The double rooms are decorated in Nordic style and have all traditional amenities and views.<\/div>                                   <\/div>\n          <div class=\"block-listing__buttons\">\n                        <span class=\"block-listing__splash\"><\/span>\n                                                            <a class=\"block-listing__button block-listing__button--red btn\" href=\"https:\/\/storhogna.se\/en\/info-och-inspo\/hotellrum\/dubbelrum\/\" target=\"\">Find out more and book<\/a>\n                      <\/div>\n        <\/div>\n        \n      <\/div>\n                        <div class=\"block-listing__card block-listing__card--default block-listing__card--1\">\n        <a class=\"block-listing__link\" href=\"https:\/\/storhogna.se\/en\/info-och-inspo\/hotellrum\/familjerum\/\">\n          <div class=\"block-listing__filter\"><\/div>\n                    <img decoding=\"async\" class=\"block-listing__image\" src=\"https:\/\/storhogna.se\/wp-content\/uploads\/familjerum-med-vaningssang-600x600.jpg\" width=\"600\" height=\"600\" alt=\"#\" loading=\"lazy\"\/>\n                              <h3 class=\"block-listing__title\">Family room  <\/h3>\n        <\/a>\n        \n        <div class=\"block-listing__hover-content\">\n          <div>\n            <div class=\"block-listing__hover-title\">\n              Family room\n                          <\/div>\n            <div class=\"block-listing__excerpt\">Spacious and nicely decorated family\/multi-bed rooms with traditional amenities. The rooms have a desk, two beds and a 120\/90 cm bunk bed.<\/div>                                   <\/div>\n          <div class=\"block-listing__buttons\">\n                        <span class=\"block-listing__splash\"><\/span>\n                                                            <a class=\"block-listing__button block-listing__button--red btn\" href=\"https:\/\/storhogna.se\/en\/info-och-inspo\/hotellrum\/familjerum\/\" target=\"\">Find out more and book<\/a>\n                      <\/div>\n        <\/div>\n        \n      <\/div>\n                        <div class=\"block-listing__card block-listing__card--default block-listing__card--2\">\n        <a class=\"block-listing__link\" href=\"https:\/\/storhogna.se\/en\/info-och-inspo\/hotellrum\/familjerum-med-uteplats\/\">\n          <div class=\"block-listing__filter\"><\/div>\n                    <img decoding=\"async\" class=\"block-listing__image\" src=\"https:\/\/storhogna.se\/wp-content\/uploads\/kvinna-solar-pa-balkong-utsikt-fjallen-600x600.jpg\" width=\"600\" height=\"600\" alt=\"#\" loading=\"lazy\"\/>\n                              <h3 class=\"block-listing__title\">Family room with patio  <\/h3>\n        <\/a>\n        \n        <div class=\"block-listing__hover-content\">\n          <div>\n            <div class=\"block-listing__hover-title\">\n              Family room with patio\n                          <\/div>\n            <div class=\"block-listing__excerpt\">Family rooms with private terrace or balcony and mountain views. Spacious and cosily furnished shared rooms with two beds, a bunk bed and all amenities.<\/div>                                   <\/div>\n          <div class=\"block-listing__buttons\">\n                        <span class=\"block-listing__splash\"><\/span>\n                                                            <a class=\"block-listing__button block-listing__button--red btn\" href=\"https:\/\/storhogna.se\/en\/info-och-inspo\/hotellrum\/familjerum-med-uteplats\/\" target=\"\">Find out more and book<\/a>\n                      <\/div>\n        <\/div>\n        \n      <\/div>\n                        <div class=\"block-listing__card block-listing__card--default block-listing__card--3\">\n        <a class=\"block-listing__link\" href=\"https:\/\/storhogna.se\/en\/info-och-inspo\/hotellrum\/minisvit\/\">\n          <div class=\"block-listing__filter\"><\/div>\n                    <img decoding=\"async\" class=\"block-listing__image\" src=\"https:\/\/storhogna.se\/wp-content\/uploads\/minisvit-sallskapsrum-600x600.jpg\" width=\"600\" height=\"600\" alt=\"#\" loading=\"lazy\"\/>\n                              <h3 class=\"block-listing__title\">Mini suite  <\/h3>\n        <\/a>\n        \n        <div class=\"block-listing__hover-content\">\n          <div>\n            <div class=\"block-listing__hover-title\">\n              Mini suite\n                          <\/div>\n            <div class=\"block-listing__excerpt\">Both of our mini suites are 36m2 and have a lounge with a large comfortable sofa and bedroom upstairs. The bathroom has a double bath and shower and WC.<\/div>                                   <\/div>\n          <div class=\"block-listing__buttons\">\n                        <span class=\"block-listing__splash\"><\/span>\n                                                            <a class=\"block-listing__button block-listing__button--red btn\" href=\"https:\/\/storhogna.se\/en\/info-och-inspo\/hotellrum\/minisvit\/\" target=\"\">Find out more and book<\/a>\n                      <\/div>\n        <\/div>\n        \n      <\/div>\n                        <div class=\"block-listing__card block-listing__card--default block-listing__card--4\">\n        <a class=\"block-listing__link\" href=\"https:\/\/storhogna.se\/en\/info-och-inspo\/hotellrum\/svit\/\">\n          <div class=\"block-listing__filter\"><\/div>\n                    <img decoding=\"async\" class=\"block-listing__image\" src=\"https:\/\/storhogna.se\/wp-content\/uploads\/Storhogna_januari26_Henrikljusberg_web10-600x600.jpg\" width=\"600\" height=\"600\" alt=\"#\" loading=\"lazy\"\/>\n                              <h3 class=\"block-listing__title\">Suite  <\/h3>\n        <\/a>\n        \n        <div class=\"block-listing__hover-content\">\n          <div>\n            <div class=\"block-listing__hover-title\">\n              Suite\n                          <\/div>\n            <div class=\"block-listing__excerpt\">Spacious and bright 50m2 suite decorated in Nordic style. The suite has two bedrooms, a living room with sofa and dining area, a WC room and a bathroom with shower and bath.<\/div>                                   <\/div>\n          <div class=\"block-listing__buttons\">\n                        <span class=\"block-listing__splash\"><\/span>\n                                                            <a class=\"block-listing__button block-listing__button--red btn\" href=\"https:\/\/storhogna.se\/en\/info-och-inspo\/hotellrum\/svit\/\" target=\"\">Find out more and book<\/a>\n                      <\/div>\n        <\/div>\n        \n      <\/div>\n                        <div class=\"block-listing__card block-listing__card--default block-listing__card--5\">\n        <a class=\"block-listing__link\" href=\"https:\/\/storhogna.se\/en\/info-och-inspo\/hotellrum\/fjallvistet-sviten\/\">\n          <div class=\"block-listing__filter\"><\/div>\n                    <img decoding=\"async\" class=\"block-listing__image\" src=\"https:\/\/storhogna.se\/wp-content\/uploads\/oppen-spis-dubbelsang-fjallvistet-600x600.jpg\" width=\"600\" height=\"600\" alt=\"#\" loading=\"lazy\"\/>\n                              <h3 class=\"block-listing__title\">Mountain lodge suite  <\/h3>\n        <\/a>\n        \n        <div class=\"block-listing__hover-content\">\n          <div>\n            <div class=\"block-listing__hover-title\">\n              Mountain lodge suite\n                          <\/div>\n                                              <\/div>\n          <div class=\"block-listing__buttons\">\n                        <span class=\"block-listing__splash\"><\/span>\n                                                            <a class=\"block-listing__button block-listing__button--red btn\" href=\"https:\/\/storhogna.se\/en\/info-och-inspo\/hotellrum\/fjallvistet-sviten\/\" target=\"\">Find out more and book<\/a>\n                      <\/div>\n        <\/div>\n        \n      <\/div>\n                        <div class=\"block-listing__card block-listing__card--default block-listing__card--6\">\n        <a class=\"block-listing__link\" href=\"https:\/\/storhogna.se\/en\/info-och-inspo\/hotellrum\/hackasrumen\/\">\n          <div class=\"block-listing__filter\"><\/div>\n                    <img decoding=\"async\" class=\"block-listing__image\" src=\"https:\/\/storhogna.se\/wp-content\/uploads\/Storhogna-fallmoran-rum-sang-600x600.jpg\" width=\"600\" height=\"600\" alt=\"#\" loading=\"lazy\"\/>\n                              <h3 class=\"block-listing__title\">The Hack\u00e5s Rooms  <\/h3>\n        <\/a>\n        \n        <div class=\"block-listing__hover-content\">\n          <div>\n            <div class=\"block-listing__hover-title\">\n              The Hack\u00e5s Rooms\n                          <\/div>\n            <div class=\"block-listing__excerpt\">Discover the charm of our four unique rooms at Hack\u00e5s, located in the original part of the hotel. Each room offers all the comforts and a unique experience.<\/div>                                   <\/div>\n          <div class=\"block-listing__buttons\">\n                        <span class=\"block-listing__splash\"><\/span>\n                                                            <a class=\"block-listing__button block-listing__button--red btn\" href=\"https:\/\/storhogna.se\/en\/info-och-inspo\/hotellrum\/hackasrumen\/\" target=\"\">Find out more and book<\/a>\n                      <\/div>\n        <\/div>\n        \n      <\/div>\n                        <div class=\"block-listing__card block-listing__card--default block-listing__card--7\">\n        <a class=\"block-listing__link\" href=\"https:\/\/storhogna.se\/en\/info-och-inspo\/hotellrum\/hundvanliga-rum\/\">\n          <div class=\"block-listing__filter\"><\/div>\n                    <img decoding=\"async\" class=\"block-listing__image\" src=\"https:\/\/storhogna.se\/wp-content\/uploads\/hund_hotellrum-600x600.jpg\" width=\"600\" height=\"600\" alt=\"#\" loading=\"lazy\"\/>\n                              <h3 class=\"block-listing__title\">Dog-friendly rooms  <\/h3>\n        <\/a>\n        \n        <div class=\"block-listing__hover-content\">\n          <div>\n            <div class=\"block-listing__hover-title\">\n              Dog-friendly rooms\n                          <\/div>\n            <div class=\"block-listing__excerpt\">In several of our rooms you can bring your furry friend, so you can enjoy both hotel luxury and vast mountains together.<\/div>                                   <\/div>\n          <div class=\"block-listing__buttons\">\n                        <span class=\"block-listing__splash\"><\/span>\n                                                            <a class=\"block-listing__button block-listing__button--red btn\" href=\"https:\/\/storhogna.se\/en\/info-och-inspo\/hotellrum\/hundvanliga-rum\/\" target=\"\">Find out more and book<\/a>\n                      <\/div>\n        <\/div>\n        \n      <\/div>\n                        <div class=\"block-listing__card block-listing__card--default block-listing__card--8\">\n        <a class=\"block-listing__link\" href=\"https:\/\/storhogna.se\/en\/restaurants\/guldkant\/\">\n          <div class=\"block-listing__filter\"><\/div>\n                    <img decoding=\"async\" class=\"block-listing__image\" src=\"https:\/\/storhogna.se\/wp-content\/uploads\/Storgona-feb-2023_Saragardegard-177-1-600x600.jpg\" width=\"600\" height=\"600\" alt=\"#\" loading=\"lazy\"\/>\n                              <h3 class=\"block-listing__title\">Put the finishing touches to your stay  <\/h3>\n        <\/a>\n        \n        <div class=\"block-listing__hover-content\">\n          <div>\n            <div class=\"block-listing__hover-title\">\n              Put the finishing touches to your stay\n                          <\/div>\n            <div class=\"block-listing__excerpt\">Enrich your stay with surprises and delicious treats from our Gold Edge menu. We are happy to help make your days with us even more golden.<\/div>                                   <\/div>\n          <div class=\"block-listing__buttons\">\n                        <span class=\"block-listing__splash\"><\/span>\n                                                            <a class=\"block-listing__button block-listing__button--red btn\" href=\"https:\/\/storhogna.se\/en\/restaurants\/guldkant\/\" target=\"\">See Gold Edge menu<\/a>\n                      <\/div>\n        <\/div>\n        \n      <\/div>\n            <\/div>\n<\/div>","protected":false},"excerpt":{"rendered":"<p>Our hotel rooms are comfortable and decorated in a cosy Nordic style. All rooms have newly renovated bathrooms with shower\/WC, telephone, TV\/radio, hairdryer and WiFi.<\/p>","protected":false},"author":2,"featured_media":14929,"parent":224,"menu_order":2,"comment_status":"closed","ping_status":"closed","template":"","meta":{"_acf_changed":false,"footnotes":""},"categories":[42],"tags":[],"class_list":["post-1831","page","type-page","status-publish","has-post-thumbnail","hentry","category-info-inspo"],"acf":[],"yoast_head":"<!-- This site is optimized with the Yoast SEO plugin v27.3 - https:\/\/yoast.com\/product\/yoast-seo-wordpress\/ -->\n<title>Bekv\u00e4ma och hemtrevliga hotellrum<\/title>\n<meta name=\"description\" content=\"V\u00e5ra hotellrum \u00e4r bekv\u00e4ma och inredda i hemtrevlig nordisk stil. I alla rum finns badrum med dusch\/wc, telefon, TV\/radio, h\u00e5rtork samt WiFi.\" \/>\n<meta name=\"robots\" content=\"index, follow, max-snippet:-1, max-image-preview:large, max-video-preview:-1\" \/>\n<link rel=\"canonical\" href=\"https:\/\/storhogna.se\/en\/info-and-inspiration\/hotel-room\/\" \/>\n<meta property=\"og:locale\" content=\"en_GB\" \/>\n<meta property=\"og:type\" content=\"article\" \/>\n<meta property=\"og:title\" content=\"Bekv\u00e4ma och hemtrevliga hotellrum\" \/>\n<meta property=\"og:description\" content=\"V\u00e5ra hotellrum \u00e4r bekv\u00e4ma och inredda i hemtrevlig nordisk stil. I alla rum finns badrum med dusch\/wc, telefon, TV\/radio, h\u00e5rtork samt WiFi.\" \/>\n<meta property=\"og:url\" content=\"https:\/\/storhogna.se\/en\/info-and-inspiration\/hotel-room\/\" \/>\n<meta property=\"og:site_name\" content=\"Storhogna H\u00f6gfj\u00e4llshotell &amp; Spa\" \/>\n<meta property=\"article:publisher\" content=\"https:\/\/www.facebook.com\/storhogna\" \/>\n<meta property=\"article:modified_time\" content=\"2026-03-23T10:14:04+00:00\" \/>\n<meta property=\"og:image\" content=\"https:\/\/storhogna.se\/wp-content\/uploads\/Storhogna-fallmoran-rum-sang-scaled.jpg\" \/>\n\t<meta property=\"og:image:width\" content=\"2560\" \/>\n\t<meta property=\"og:image:height\" content=\"1707\" \/>\n\t<meta property=\"og:image:type\" content=\"image\/jpeg\" \/>\n<meta name=\"twitter:card\" content=\"summary_large_image\" \/>\n<meta name=\"twitter:label1\" content=\"Estimated reading time\" \/>\n\t<meta name=\"twitter:data1\" content=\"1 minute\" \/>\n<script type=\"application\/ld+json\" class=\"yoast-schema-graph\">{\"@context\":\"https:\\\/\\\/schema.org\",\"@graph\":[{\"@type\":\"WebPage\",\"@id\":\"https:\\\/\\\/storhogna.se\\\/info-och-inspo\\\/hotellrum\\\/\",\"url\":\"https:\\\/\\\/storhogna.se\\\/info-och-inspo\\\/hotellrum\\\/\",\"name\":\"Bekv\u00e4ma och hemtrevliga hotellrum\",\"isPartOf\":{\"@id\":\"https:\\\/\\\/storhogna.se\\\/#website\"},\"primaryImageOfPage\":{\"@id\":\"https:\\\/\\\/storhogna.se\\\/info-och-inspo\\\/hotellrum\\\/#primaryimage\"},\"image\":{\"@id\":\"https:\\\/\\\/storhogna.se\\\/info-och-inspo\\\/hotellrum\\\/#primaryimage\"},\"thumbnailUrl\":\"https:\\\/\\\/storhogna.se\\\/wp-content\\\/uploads\\\/Storhogna-fallmoran-rum-sang-scaled.jpg\",\"datePublished\":\"2022-05-10T07:01:01+00:00\",\"dateModified\":\"2026-03-23T10:14:04+00:00\",\"description\":\"V\u00e5ra hotellrum \u00e4r bekv\u00e4ma och inredda i hemtrevlig nordisk stil. I alla rum finns badrum med dusch\\\/wc, telefon, TV\\\/radio, h\u00e5rtork samt WiFi.\",\"breadcrumb\":{\"@id\":\"https:\\\/\\\/storhogna.se\\\/info-och-inspo\\\/hotellrum\\\/#breadcrumb\"},\"inLanguage\":\"en-GB\",\"potentialAction\":[{\"@type\":\"ReadAction\",\"target\":[\"https:\\\/\\\/storhogna.se\\\/info-och-inspo\\\/hotellrum\\\/\"]}]},{\"@type\":\"ImageObject\",\"inLanguage\":\"en-GB\",\"@id\":\"https:\\\/\\\/storhogna.se\\\/info-och-inspo\\\/hotellrum\\\/#primaryimage\",\"url\":\"https:\\\/\\\/storhogna.se\\\/wp-content\\\/uploads\\\/Storhogna-fallmoran-rum-sang-scaled.jpg\",\"contentUrl\":\"https:\\\/\\\/storhogna.se\\\/wp-content\\\/uploads\\\/Storhogna-fallmoran-rum-sang-scaled.jpg\",\"width\":2560,\"height\":1707},{\"@type\":\"BreadcrumbList\",\"@id\":\"https:\\\/\\\/storhogna.se\\\/info-och-inspo\\\/hotellrum\\\/#breadcrumb\",\"itemListElement\":[{\"@type\":\"ListItem\",\"position\":1,\"name\":\"Hem\",\"item\":\"https:\\\/\\\/storhogna.se\\\/\"},{\"@type\":\"ListItem\",\"position\":2,\"name\":\"Info\",\"item\":\"https:\\\/\\\/storhogna.se\\\/info-och-inspo\\\/\"},{\"@type\":\"ListItem\",\"position\":3,\"name\":\"Hotellrum\"}]},{\"@type\":\"WebSite\",\"@id\":\"https:\\\/\\\/storhogna.se\\\/#website\",\"url\":\"https:\\\/\\\/storhogna.se\\\/\",\"name\":\"Storhogna H\u00f6gfj\u00e4llshotell &amp; Spa\",\"description\":\"Ett genuint h\u00f6gfj\u00e4llshotell med spa\",\"potentialAction\":[{\"@type\":\"SearchAction\",\"target\":{\"@type\":\"EntryPoint\",\"urlTemplate\":\"https:\\\/\\\/storhogna.se\\\/?s={search_term_string}\"},\"query-input\":{\"@type\":\"PropertyValueSpecification\",\"valueRequired\":true,\"valueName\":\"search_term_string\"}}],\"inLanguage\":\"en-GB\"}]}<\/script>\n<!-- \/ Yoast SEO plugin. -->","yoast_head_json":{"title":"Comfortable and cosy hotel rooms","description":"Our hotel rooms are comfortable and decorated in a cosy Nordic style. All rooms have a bathroom with shower\/WC, telephone, TV\/radio, hairdryer and WiFi.","robots":{"index":"index","follow":"follow","max-snippet":"max-snippet:-1","max-image-preview":"max-image-preview:large","max-video-preview":"max-video-preview:-1"},"canonical":"https:\/\/storhogna.se\/en\/info-and-inspiration\/hotel-room\/","og_locale":"en_GB","og_type":"article","og_title":"Bekv\u00e4ma och hemtrevliga hotellrum","og_description":"V\u00e5ra hotellrum \u00e4r bekv\u00e4ma och inredda i hemtrevlig nordisk stil. I alla rum finns badrum med dusch\/wc, telefon, TV\/radio, h\u00e5rtork samt WiFi.","og_url":"https:\/\/storhogna.se\/en\/info-and-inspiration\/hotel-room\/","og_site_name":"Storhogna H\u00f6gfj\u00e4llshotell &amp; Spa","article_publisher":"https:\/\/www.facebook.com\/storhogna","article_modified_time":"2026-03-23T10:14:04+00:00","og_image":[{"width":2560,"height":1707,"url":"https:\/\/storhogna.se\/wp-content\/uploads\/Storhogna-fallmoran-rum-sang-scaled.jpg","type":"image\/jpeg"}],"twitter_card":"summary_large_image","twitter_misc":{"Estimated reading time":"1 minute"},"schema":{"@context":"https:\/\/schema.org","@graph":[{"@type":"WebPage","@id":"https:\/\/storhogna.se\/info-och-inspo\/hotellrum\/","url":"https:\/\/storhogna.se\/info-och-inspo\/hotellrum\/","name":"Comfortable and cosy hotel rooms","isPartOf":{"@id":"https:\/\/storhogna.se\/#website"},"primaryImageOfPage":{"@id":"https:\/\/storhogna.se\/info-och-inspo\/hotellrum\/#primaryimage"},"image":{"@id":"https:\/\/storhogna.se\/info-och-inspo\/hotellrum\/#primaryimage"},"thumbnailUrl":"https:\/\/storhogna.se\/wp-content\/uploads\/Storhogna-fallmoran-rum-sang-scaled.jpg","datePublished":"2022-05-10T07:01:01+00:00","dateModified":"2026-03-23T10:14:04+00:00","description":"Our hotel rooms are comfortable and decorated in a cosy Nordic style. All rooms have a bathroom with shower\/WC, telephone, TV\/radio, hairdryer and WiFi.","breadcrumb":{"@id":"https:\/\/storhogna.se\/info-och-inspo\/hotellrum\/#breadcrumb"},"inLanguage":"en-GB","potentialAction":[{"@type":"ReadAction","target":["https:\/\/storhogna.se\/info-och-inspo\/hotellrum\/"]}]},{"@type":"ImageObject","inLanguage":"en-GB","@id":"https:\/\/storhogna.se\/info-och-inspo\/hotellrum\/#primaryimage","url":"https:\/\/storhogna.se\/wp-content\/uploads\/Storhogna-fallmoran-rum-sang-scaled.jpg","contentUrl":"https:\/\/storhogna.se\/wp-content\/uploads\/Storhogna-fallmoran-rum-sang-scaled.jpg","width":2560,"height":1707},{"@type":"BreadcrumbList","@id":"https:\/\/storhogna.se\/info-och-inspo\/hotellrum\/#breadcrumb","itemListElement":[{"@type":"ListItem","position":1,"name":"Hem","item":"https:\/\/storhogna.se\/"},{"@type":"ListItem","position":2,"name":"Info","item":"https:\/\/storhogna.se\/info-och-inspo\/"},{"@type":"ListItem","position":3,"name":"Hotellrum"}]},{"@type":"WebSite","@id":"https:\/\/storhogna.se\/#website","url":"https:\/\/storhogna.se\/","name":"Storhogna High Mountain Hotel &amp; Spa","description":"A genuine high mountain hotel with spa","potentialAction":[{"@type":"SearchAction","target":{"@type":"EntryPoint","urlTemplate":"https:\/\/storhogna.se\/?s={search_term_string}"},"query-input":{"@type":"PropertyValueSpecification","valueRequired":true,"valueName":"search_term_string"}}],"inLanguage":"en-GB"}]}},"_links":{"self":[{"href":"https:\/\/storhogna.se\/en\/wp-json\/wp\/v2\/pages\/1831","targetHints":{"allow":["GET"]}}],"collection":[{"href":"https:\/\/storhogna.se\/en\/wp-json\/wp\/v2\/pages"}],"about":[{"href":"https:\/\/storhogna.se\/en\/wp-json\/wp\/v2\/types\/page"}],"author":[{"embeddable":true,"href":"https:\/\/storhogna.se\/en\/wp-json\/wp\/v2\/users\/2"}],"replies":[{"embeddable":true,"href":"https:\/\/storhogna.se\/en\/wp-json\/wp\/v2\/comments?post=1831"}],"version-history":[{"count":44,"href":"https:\/\/storhogna.se\/en\/wp-json\/wp\/v2\/pages\/1831\/revisions"}],"predecessor-version":[{"id":16853,"href":"https:\/\/storhogna.se\/en\/wp-json\/wp\/v2\/pages\/1831\/revisions\/16853"}],"up":[{"embeddable":true,"href":"https:\/\/storhogna.se\/en\/wp-json\/wp\/v2\/pages\/224"}],"wp:featuredmedia":[{"embeddable":true,"href":"https:\/\/storhogna.se\/en\/wp-json\/wp\/v2\/media\/14929"}],"wp:attachment":[{"href":"https:\/\/storhogna.se\/en\/wp-json\/wp\/v2\/media?parent=1831"}],"wp:term":[{"taxonomy":"category","embeddable":true,"href":"https:\/\/storhogna.se\/en\/wp-json\/wp\/v2\/categories?post=1831"},{"taxonomy":"post_tag","embeddable":true,"href":"https:\/\/storhogna.se\/en\/wp-json\/wp\/v2\/tags?post=1831"}],"curies":[{"name":"wp","href":"https:\/\/api.w.org\/{rel}","templated":true}]}}