{"id":1867,"date":"2022-05-10T12:01:13","date_gmt":"2022-05-10T10:01:13","guid":{"rendered":"https:\/\/stage.storhogna.se\/?page_id=1867"},"modified":"2023-10-12T14:47:35","modified_gmt":"2023-10-12T12:47:35","slug":"family-room","status":"publish","type":"page","link":"https:\/\/storhogna.se\/en\/info-och-inspo\/hotellrum\/familjerum\/","title":{"rendered":"Family room"},"content":{"rendered":"<div class=\"hero-slider\"><div class=\"splide\" data-slider=\"hero\" data-arrows=\"true\" data-interval=\"5\" data-transition=\"loop\" data-start-index=\"0\" id=\"hero-slider_1697114783970\" data-id=\"hero-slider_1697114783970\" data-custom-arrows=\"true\"><div class=\"splide__track\"><ul class=\"splide__list\"><li class=\"splide__slide\"><picture><source media=\"(max-width: 340px)\" srcset=\"https:\/\/storhogna.se\/wp-content\/uploads\/familjerum-med-vaningssang-300x169.jpg\"\/><source media=\"(min-width: 341px)\" srcset=\"https:\/\/storhogna.se\/wp-content\/uploads\/familjerum-med-vaningssang.jpg\"\/><img fetchpriority=\"high\" decoding=\"async\" class=\"fullscreen-image\" src=\"https:\/\/storhogna.se\/wp-content\/uploads\/familjerum-med-vaningssang.jpg\" alt=\"Family room with bunk beds at Storhogna H\u00f6gfj\u00e4llshotell &amp; Spa\" width=\"2560\" height=\"1440\" loading=\"eager\" style=\"object-position:50% 50%\"\/><\/picture><\/li><\/ul><\/div><\/div><div class=\"hero-slider__filter\" data-active=\"true\"><\/div><div class=\"hero-slider__fixed-content\"><div class=\"hero-slider__text-block\" data-visible=\"true\"><div class=\"hero-slider__text-block-inner\">\n<div class=\"wp-block-columns is-layout-flex wp-container-core-columns-is-layout-9d6595d7 wp-block-columns-is-layout-flex\">\n<div class=\"wp-block-column is-layout-flow wp-block-column-is-layout-flow\">\n<h1 class=\"wp-block-heading\">Family room<\/h1>\n\n\n\n<p>Family room with space for the whole family. <\/p>\n<\/div>\n\n\n\n<div class=\"wp-block-column is-layout-flow wp-block-column-is-layout-flow\">\n<p>Spacious and nicely decorated family\/multi-bed rooms with all traditional amenities. The family rooms have two beds and a bunk bed. The width of the bunk bed is 120 cm in the lower bed and 90 cm in the upper bed. The lower bedroom is also a cosy corner with pillows and built-in TV &amp; DVD.<\/p>\n<\/div>\n<\/div>\n<\/div><\/div><\/div><\/div>\n\n\n<div class=\"media-and-text\">\n    <div class=\"media-and-text__layout media-and-text__layout--invert  invert-stack  default-color default-background\">\n      <div class=\"media-and-text__media\">\n                  <img decoding=\"async\"\n          class=\"media-and-text__single-image\"\n          src=\"https:\/\/storhogna.se\/wp-content\/uploads\/dusch-wc-familjerum.jpg\"\n          srcset=\"https:\/\/storhogna.se\/wp-content\/uploads\/dusch-wc-familjerum.jpg 1200w, https:\/\/storhogna.se\/wp-content\/uploads\/dusch-wc-familjerum.jpg 1200w\"\n          sizes=\"auto, (max-width: 500px) 1200px, 1200px\"\n          alt=\"Shower and toilet in a family room at Storhogna H\u00f6gfj\u00e4llshotell &amp; Spa\"\n          width=\"1200\" \n          height=\"800\" \n          loading=\"lazy\"\n          \/>\n              <\/div>\n      <div class=\"media-and-text__content top\">\n        <div class=\"media-and-text__content-container\">\n          <div class=\"media-and-text__text\">\n            <h2>Facilities<\/h2>\n<ul>\n<li>Double bed<\/li>\n<li>Bunk bed 120\/90cm<\/li>\n<li>WC\/shower<\/li>\n<li>Flat screen TV<\/li>\n<li>Writing desk<\/li>\n<li>Hair dryer<\/li>\n<li>Free WiFi<\/li>\n<li>Bathrobe &amp; slippers<\/li>\n<\/ul>\n<p>Number of people: 3-4<br \/>\nExtra bed: No<\/p>\n<h2>Book online<\/h2>\n\n          <\/div>\n                    <div \n            class=\"single-booking-widget-block single-booking-widget-block--innerblock\" \n            data-module=\"booking-widget\" \n            data-id=\"media_text_widgetContainer\" \n            data-type=\"Standard2Columns\"\n            data-room-id=\"be99daaa-4ee8-481c-8812-08098b3584e0\"\n            data-promo-code=\"\"\n            data-package-id=\"\"> \n            <div id=\"media_text_widgetContainer\"><\/div>\n          <\/div>      \n                            <\/div>\n      <\/div>\n    <\/div>\n  <\/div>","protected":false},"excerpt":{"rendered":"<p>Spacious and nicely decorated family\/multi-bed rooms with traditional amenities. The rooms have a desk, two beds and a 120\/90 cm bunk bed.<\/p>","protected":false},"author":2,"featured_media":2643,"parent":1831,"menu_order":3,"comment_status":"closed","ping_status":"closed","template":"","meta":{"_acf_changed":false,"footnotes":""},"categories":[39],"tags":[],"class_list":["post-1867","page","type-page","status-publish","has-post-thumbnail","hentry","category-hotellrum"],"acf":[],"yoast_head":"<!-- This site is optimized with the Yoast SEO plugin v27.3 - https:\/\/yoast.com\/product\/yoast-seo-wordpress\/ -->\n<title>Familjerum med plats f\u00f6r hela familjen | Storhogna H\u00f6gfj\u00e4llshotell &amp; Spa<\/title>\n<meta name=\"description\" content=\"Rymliga och trevligt inredda familjerum\/flerb\u00e4ddsrum med traditionella bekv\u00e4mligheter. I rummen finns skrivbord, tv\u00e5 s\u00e4ngar samt en v\u00e5ningss\u00e4ng 120\/90 cm.\" \/>\n<meta name=\"robots\" content=\"index, follow, max-snippet:-1, max-image-preview:large, max-video-preview:-1\" \/>\n<link rel=\"canonical\" href=\"https:\/\/storhogna.se\/en\/info-and-inspiration\/hotel-room\/family-room\/\" \/>\n<meta property=\"og:locale\" content=\"en_GB\" \/>\n<meta property=\"og:type\" content=\"article\" \/>\n<meta property=\"og:title\" content=\"Familjerum med plats f\u00f6r hela familjen | Storhogna H\u00f6gfj\u00e4llshotell &amp; Spa\" \/>\n<meta property=\"og:description\" content=\"Rymliga och trevligt inredda familjerum\/flerb\u00e4ddsrum med traditionella bekv\u00e4mligheter. I rummen finns skrivbord, tv\u00e5 s\u00e4ngar samt en v\u00e5ningss\u00e4ng 120\/90 cm.\" \/>\n<meta property=\"og:url\" content=\"https:\/\/storhogna.se\/en\/info-and-inspiration\/hotel-room\/family-room\/\" \/>\n<meta property=\"og:site_name\" content=\"Storhogna H\u00f6gfj\u00e4llshotell &amp; Spa\" \/>\n<meta property=\"article:publisher\" content=\"https:\/\/www.facebook.com\/storhogna\" \/>\n<meta property=\"article:modified_time\" content=\"2023-10-12T12:47:35+00:00\" \/>\n<meta property=\"og:image\" content=\"https:\/\/storhogna.se\/wp-content\/uploads\/familjerum-med-vaningssang.jpg\" \/>\n\t<meta property=\"og:image:width\" content=\"2560\" \/>\n\t<meta property=\"og:image:height\" content=\"1440\" \/>\n\t<meta property=\"og:image:type\" content=\"image\/jpeg\" \/>\n<meta name=\"twitter:card\" content=\"summary_large_image\" \/>\n<meta name=\"twitter:label1\" content=\"Estimated reading time\" \/>\n\t<meta name=\"twitter:data1\" content=\"1 minute\" \/>\n<script type=\"application\/ld+json\" class=\"yoast-schema-graph\">{\"@context\":\"https:\\\/\\\/schema.org\",\"@graph\":[{\"@type\":\"WebPage\",\"@id\":\"https:\\\/\\\/storhogna.se\\\/info-och-inspo\\\/hotellrum\\\/familjerum\\\/\",\"url\":\"https:\\\/\\\/storhogna.se\\\/info-och-inspo\\\/hotellrum\\\/familjerum\\\/\",\"name\":\"Familjerum med plats f\u00f6r hela familjen | Storhogna H\u00f6gfj\u00e4llshotell & Spa\",\"isPartOf\":{\"@id\":\"https:\\\/\\\/storhogna.se\\\/#website\"},\"primaryImageOfPage\":{\"@id\":\"https:\\\/\\\/storhogna.se\\\/info-och-inspo\\\/hotellrum\\\/familjerum\\\/#primaryimage\"},\"image\":{\"@id\":\"https:\\\/\\\/storhogna.se\\\/info-och-inspo\\\/hotellrum\\\/familjerum\\\/#primaryimage\"},\"thumbnailUrl\":\"https:\\\/\\\/storhogna.se\\\/wp-content\\\/uploads\\\/familjerum-med-vaningssang.jpg\",\"datePublished\":\"2022-05-10T10:01:13+00:00\",\"dateModified\":\"2023-10-12T12:47:35+00:00\",\"description\":\"Rymliga och trevligt inredda familjerum\\\/flerb\u00e4ddsrum med traditionella bekv\u00e4mligheter. I rummen finns skrivbord, tv\u00e5 s\u00e4ngar samt en v\u00e5ningss\u00e4ng 120\\\/90 cm.\",\"breadcrumb\":{\"@id\":\"https:\\\/\\\/storhogna.se\\\/info-och-inspo\\\/hotellrum\\\/familjerum\\\/#breadcrumb\"},\"inLanguage\":\"en-GB\",\"potentialAction\":[{\"@type\":\"ReadAction\",\"target\":[\"https:\\\/\\\/storhogna.se\\\/info-och-inspo\\\/hotellrum\\\/familjerum\\\/\"]}]},{\"@type\":\"ImageObject\",\"inLanguage\":\"en-GB\",\"@id\":\"https:\\\/\\\/storhogna.se\\\/info-och-inspo\\\/hotellrum\\\/familjerum\\\/#primaryimage\",\"url\":\"https:\\\/\\\/storhogna.se\\\/wp-content\\\/uploads\\\/familjerum-med-vaningssang.jpg\",\"contentUrl\":\"https:\\\/\\\/storhogna.se\\\/wp-content\\\/uploads\\\/familjerum-med-vaningssang.jpg\",\"width\":2560,\"height\":1440,\"caption\":\"Familjerum med v\u00e5ningss\u00e4ng p\u00e5 Storhogna H\u00f6gfj\u00e4llshotell & Spa\"},{\"@type\":\"BreadcrumbList\",\"@id\":\"https:\\\/\\\/storhogna.se\\\/info-och-inspo\\\/hotellrum\\\/familjerum\\\/#breadcrumb\",\"itemListElement\":[{\"@type\":\"ListItem\",\"position\":1,\"name\":\"Hem\",\"item\":\"https:\\\/\\\/storhogna.se\\\/\"},{\"@type\":\"ListItem\",\"position\":2,\"name\":\"Info\",\"item\":\"https:\\\/\\\/storhogna.se\\\/info-och-inspo\\\/\"},{\"@type\":\"ListItem\",\"position\":3,\"name\":\"Hotellrum\",\"item\":\"https:\\\/\\\/storhogna.se\\\/info-och-inspo\\\/hotellrum\\\/\"},{\"@type\":\"ListItem\",\"position\":4,\"name\":\"Familjerum\"}]},{\"@type\":\"WebSite\",\"@id\":\"https:\\\/\\\/storhogna.se\\\/#website\",\"url\":\"https:\\\/\\\/storhogna.se\\\/\",\"name\":\"Storhogna H\u00f6gfj\u00e4llshotell &amp; Spa\",\"description\":\"Ett genuint h\u00f6gfj\u00e4llshotell med spa\",\"potentialAction\":[{\"@type\":\"SearchAction\",\"target\":{\"@type\":\"EntryPoint\",\"urlTemplate\":\"https:\\\/\\\/storhogna.se\\\/?s={search_term_string}\"},\"query-input\":{\"@type\":\"PropertyValueSpecification\",\"valueRequired\":true,\"valueName\":\"search_term_string\"}}],\"inLanguage\":\"en-GB\"}]}<\/script>\n<!-- \/ Yoast SEO plugin. -->","yoast_head_json":{"title":"Family rooms with room for the whole family | Storhogna H\u00f6gfj\u00e4llshotell &amp; Spa","description":"Spacious and nicely decorated family\/multi-bed rooms with traditional amenities. The rooms have a desk, two beds and a 120\/90 cm bunk bed.","robots":{"index":"index","follow":"follow","max-snippet":"max-snippet:-1","max-image-preview":"max-image-preview:large","max-video-preview":"max-video-preview:-1"},"canonical":"https:\/\/storhogna.se\/en\/info-and-inspiration\/hotel-room\/family-room\/","og_locale":"en_GB","og_type":"article","og_title":"Familjerum med plats f\u00f6r hela familjen | Storhogna H\u00f6gfj\u00e4llshotell & Spa","og_description":"Rymliga och trevligt inredda familjerum\/flerb\u00e4ddsrum med traditionella bekv\u00e4mligheter. I rummen finns skrivbord, tv\u00e5 s\u00e4ngar samt en v\u00e5ningss\u00e4ng 120\/90 cm.","og_url":"https:\/\/storhogna.se\/en\/info-and-inspiration\/hotel-room\/family-room\/","og_site_name":"Storhogna H\u00f6gfj\u00e4llshotell &amp; Spa","article_publisher":"https:\/\/www.facebook.com\/storhogna","article_modified_time":"2023-10-12T12:47:35+00:00","og_image":[{"width":2560,"height":1440,"url":"https:\/\/storhogna.se\/wp-content\/uploads\/familjerum-med-vaningssang.jpg","type":"image\/jpeg"}],"twitter_card":"summary_large_image","twitter_misc":{"Estimated reading time":"1 minute"},"schema":{"@context":"https:\/\/schema.org","@graph":[{"@type":"WebPage","@id":"https:\/\/storhogna.se\/info-och-inspo\/hotellrum\/familjerum\/","url":"https:\/\/storhogna.se\/info-och-inspo\/hotellrum\/familjerum\/","name":"Family rooms with room for the whole family | Storhogna H\u00f6gfj\u00e4llshotell &amp; Spa","isPartOf":{"@id":"https:\/\/storhogna.se\/#website"},"primaryImageOfPage":{"@id":"https:\/\/storhogna.se\/info-och-inspo\/hotellrum\/familjerum\/#primaryimage"},"image":{"@id":"https:\/\/storhogna.se\/info-och-inspo\/hotellrum\/familjerum\/#primaryimage"},"thumbnailUrl":"https:\/\/storhogna.se\/wp-content\/uploads\/familjerum-med-vaningssang.jpg","datePublished":"2022-05-10T10:01:13+00:00","dateModified":"2023-10-12T12:47:35+00:00","description":"Spacious and nicely decorated family\/multi-bed rooms with traditional amenities. The rooms have a desk, two beds and a 120\/90 cm bunk bed.","breadcrumb":{"@id":"https:\/\/storhogna.se\/info-och-inspo\/hotellrum\/familjerum\/#breadcrumb"},"inLanguage":"en-GB","potentialAction":[{"@type":"ReadAction","target":["https:\/\/storhogna.se\/info-och-inspo\/hotellrum\/familjerum\/"]}]},{"@type":"ImageObject","inLanguage":"en-GB","@id":"https:\/\/storhogna.se\/info-och-inspo\/hotellrum\/familjerum\/#primaryimage","url":"https:\/\/storhogna.se\/wp-content\/uploads\/familjerum-med-vaningssang.jpg","contentUrl":"https:\/\/storhogna.se\/wp-content\/uploads\/familjerum-med-vaningssang.jpg","width":2560,"height":1440,"caption":"Familjerum med v\u00e5ningss\u00e4ng p\u00e5 Storhogna H\u00f6gfj\u00e4llshotell & Spa"},{"@type":"BreadcrumbList","@id":"https:\/\/storhogna.se\/info-och-inspo\/hotellrum\/familjerum\/#breadcrumb","itemListElement":[{"@type":"ListItem","position":1,"name":"Hem","item":"https:\/\/storhogna.se\/"},{"@type":"ListItem","position":2,"name":"Info","item":"https:\/\/storhogna.se\/info-och-inspo\/"},{"@type":"ListItem","position":3,"name":"Hotellrum","item":"https:\/\/storhogna.se\/info-och-inspo\/hotellrum\/"},{"@type":"ListItem","position":4,"name":"Familjerum"}]},{"@type":"WebSite","@id":"https:\/\/storhogna.se\/#website","url":"https:\/\/storhogna.se\/","name":"Storhogna High Mountain Hotel &amp; Spa","description":"A genuine high mountain hotel with spa","potentialAction":[{"@type":"SearchAction","target":{"@type":"EntryPoint","urlTemplate":"https:\/\/storhogna.se\/?s={search_term_string}"},"query-input":{"@type":"PropertyValueSpecification","valueRequired":true,"valueName":"search_term_string"}}],"inLanguage":"en-GB"}]}},"_links":{"self":[{"href":"https:\/\/storhogna.se\/en\/wp-json\/wp\/v2\/pages\/1867","targetHints":{"allow":["GET"]}}],"collection":[{"href":"https:\/\/storhogna.se\/en\/wp-json\/wp\/v2\/pages"}],"about":[{"href":"https:\/\/storhogna.se\/en\/wp-json\/wp\/v2\/types\/page"}],"author":[{"embeddable":true,"href":"https:\/\/storhogna.se\/en\/wp-json\/wp\/v2\/users\/2"}],"replies":[{"embeddable":true,"href":"https:\/\/storhogna.se\/en\/wp-json\/wp\/v2\/comments?post=1867"}],"version-history":[{"count":28,"href":"https:\/\/storhogna.se\/en\/wp-json\/wp\/v2\/pages\/1867\/revisions"}],"predecessor-version":[{"id":8912,"href":"https:\/\/storhogna.se\/en\/wp-json\/wp\/v2\/pages\/1867\/revisions\/8912"}],"up":[{"embeddable":true,"href":"https:\/\/storhogna.se\/en\/wp-json\/wp\/v2\/pages\/1831"}],"wp:featuredmedia":[{"embeddable":true,"href":"https:\/\/storhogna.se\/en\/wp-json\/wp\/v2\/media\/2643"}],"wp:attachment":[{"href":"https:\/\/storhogna.se\/en\/wp-json\/wp\/v2\/media?parent=1867"}],"wp:term":[{"taxonomy":"category","embeddable":true,"href":"https:\/\/storhogna.se\/en\/wp-json\/wp\/v2\/categories?post=1867"},{"taxonomy":"post_tag","embeddable":true,"href":"https:\/\/storhogna.se\/en\/wp-json\/wp\/v2\/tags?post=1867"}],"curies":[{"name":"wp","href":"https:\/\/api.w.org\/{rel}","templated":true}]}}