{"id":1895,"date":"2022-05-10T13:12:57","date_gmt":"2022-05-10T11:12:57","guid":{"rendered":"https:\/\/stage.storhogna.se\/?page_id=1895"},"modified":"2024-02-12T14:14:45","modified_gmt":"2024-02-12T12:14:45","slug":"family-room-with-patio","status":"publish","type":"page","link":"https:\/\/storhogna.se\/en\/info-och-inspo\/hotellrum\/familjerum-med-uteplats\/","title":{"rendered":"Family room with patio"},"content":{"rendered":"<div class=\"hero-slider\"><div class=\"splide\" data-slider=\"hero\" data-arrows=\"true\" data-interval=\"5\" data-transition=\"loop\" data-start-index=\"0\" id=\"hero-slider_1707740057657\" data-id=\"hero-slider_1707740057657\" data-custom-arrows=\"true\"><div class=\"splide__track\"><ul class=\"splide__list\"><li class=\"splide__slide\"><picture><source media=\"(max-width: 340px)\" srcset=\"https:\/\/storhogna.se\/wp-content\/uploads\/kvinna-solar-pa-balkong-utsikt-fjallen-300x169.jpg\"\/><source media=\"(min-width: 341px)\" srcset=\"https:\/\/storhogna.se\/wp-content\/uploads\/kvinna-solar-pa-balkong-utsikt-fjallen.jpg\"\/><img fetchpriority=\"high\" decoding=\"async\" class=\"fullscreen-image\" src=\"https:\/\/storhogna.se\/wp-content\/uploads\/kvinna-solar-pa-balkong-utsikt-fjallen.jpg\" alt=\"Woman sunbathing on the family room balcony overlooking the mountains\" width=\"2560\" height=\"1440\" loading=\"eager\" style=\"object-position:50% 50%\"\/><\/picture><\/li><\/ul><\/div><\/div><div class=\"hero-slider__filter\" data-active=\"true\"><\/div><div class=\"hero-slider__fixed-content\"><div class=\"hero-slider__text-block\" data-visible=\"true\"><div class=\"hero-slider__text-block-inner\">\n<div class=\"wp-block-columns is-layout-flex wp-container-core-columns-is-layout-9d6595d7 wp-block-columns-is-layout-flex\">\n<div class=\"wp-block-column is-layout-flow wp-block-column-is-layout-flow\">\n<h1 class=\"wp-block-heading\">Family room with patio<\/h1>\n\n\n\n<p>Family room with private terrace or balcony and mountain views.\u00a0<\/p>\n<\/div>\n\n\n\n<div class=\"wp-block-column is-layout-flow wp-block-column-is-layout-flow\">\n<p>Spacious and nicely decorated shared rooms with all traditional amenities. The room has two beds and a bunk bed. The width of the bunk bed is 120 cm in the lower bed and 90 cm in the upper bed. The lower bedroom is also a cosy corner with pillows and built-in TV &amp; DVD.<\/p>\n<\/div>\n<\/div>\n<\/div><\/div><\/div><\/div>\n\n\n<div class=\"media-and-text\">\n    <div class=\"media-and-text__layout media-and-text__layout--invert  invert-stack  default-color default-background\">\n      <div class=\"media-and-text__media\">\n                  <img decoding=\"async\"\n          class=\"media-and-text__single-image\"\n          src=\"https:\/\/storhogna.se\/wp-content\/uploads\/familjerum-med-enkelsangar-fatolj.jpg\"\n          srcset=\"https:\/\/storhogna.se\/wp-content\/uploads\/familjerum-med-enkelsangar-fatolj.jpg 1200w, https:\/\/storhogna.se\/wp-content\/uploads\/familjerum-med-enkelsangar-fatolj.jpg 1200w\"\n          sizes=\"auto, (max-width: 500px) 1200px, 1200px\"\n          alt=\"Two single beds and an armchair in a family room at Storhogna H\u00f6gfj\u00e4llshotell &amp; Spa\"\n          width=\"1200\" \n          height=\"800\" \n          loading=\"lazy\"\n          \/>\n              <\/div>\n      <div class=\"media-and-text__content top\">\n        <div class=\"media-and-text__content-container\">\n          <div class=\"media-and-text__text\">\n            <h2>Facilities<\/h2>\n<ul>\n<li>Outdoor space (balcony or terrace)<\/li>\n<li>View of the mountains<\/li>\n<li>Double bed<\/li>\n<li>Bunk bed 120\/90cm<\/li>\n<li>WC\/shower<\/li>\n<li>Flat screen TV<\/li>\n<li>Writing desk<\/li>\n<li>Hair dryer<\/li>\n<li>Free WiFi<\/li>\n<li>Bathrobe &amp; slippers<\/li>\n<\/ul>\n<p>Number of people: 2-4<br \/>\nExtra bed: No<\/p>\n<h2>Book online<\/h2>\n\n          <\/div>\n                    <div \n            class=\"single-booking-widget-block single-booking-widget-block--innerblock\" \n            data-module=\"booking-widget\" \n            data-id=\"media_text_widgetContainer\" \n            data-type=\"Standard2Columns\"\n            data-room-id=\"f07c8843-60af-40ed-b164-5254512e67b9\"\n            data-promo-code=\"\"\n            data-package-id=\"\"> \n            <div id=\"media_text_widgetContainer\"><\/div>\n          <\/div>      \n                            <\/div>\n      <\/div>\n    <\/div>\n  <\/div>","protected":false},"excerpt":{"rendered":"<p>Family rooms with private terrace or balcony and mountain views. Spacious and cosily furnished shared rooms with two beds, a bunk bed and all amenities.<\/p>","protected":false},"author":2,"featured_media":2660,"parent":1831,"menu_order":4,"comment_status":"closed","ping_status":"closed","template":"","meta":{"_acf_changed":false,"footnotes":""},"categories":[39],"tags":[],"class_list":["post-1895","page","type-page","status-publish","has-post-thumbnail","hentry","category-hotellrum"],"acf":[],"yoast_head":"<!-- This site is optimized with the Yoast SEO plugin v27.3 - https:\/\/yoast.com\/product\/yoast-seo-wordpress\/ -->\n<title>Familjerum med uteplats och fj\u00e4llutsikt | Storhogna H\u00f6gfj\u00e4llshotell &amp; Spa<\/title>\n<meta name=\"description\" content=\"Familjerum med egen terass eller balkong och fj\u00e4llutsikt. Rymliga och trevligt inredda flerb\u00e4ddsrum med tv\u00e5 s\u00e4ngar, en v\u00e5ningss\u00e4ng och alla bekv\u00e4mligheter.\" \/>\n<meta name=\"robots\" content=\"index, follow, max-snippet:-1, max-image-preview:large, max-video-preview:-1\" \/>\n<link rel=\"canonical\" href=\"https:\/\/storhogna.se\/en\/info-and-inspiration\/hotel-room\/family-room-with-patio\/\" \/>\n<meta property=\"og:locale\" content=\"en_GB\" \/>\n<meta property=\"og:type\" content=\"article\" \/>\n<meta property=\"og:title\" content=\"Familjerum med uteplats och fj\u00e4llutsikt | Storhogna H\u00f6gfj\u00e4llshotell &amp; Spa\" \/>\n<meta property=\"og:description\" content=\"Familjerum med egen terass eller balkong och fj\u00e4llutsikt. Rymliga och trevligt inredda flerb\u00e4ddsrum med tv\u00e5 s\u00e4ngar, en v\u00e5ningss\u00e4ng och alla bekv\u00e4mligheter.\" \/>\n<meta property=\"og:url\" content=\"https:\/\/storhogna.se\/en\/info-and-inspiration\/hotel-room\/family-room-with-patio\/\" \/>\n<meta property=\"og:site_name\" content=\"Storhogna H\u00f6gfj\u00e4llshotell &amp; Spa\" \/>\n<meta property=\"article:publisher\" content=\"https:\/\/www.facebook.com\/storhogna\" \/>\n<meta property=\"article:modified_time\" content=\"2024-02-12T12:14:45+00:00\" \/>\n<meta property=\"og:image\" content=\"https:\/\/storhogna.se\/wp-content\/uploads\/kvinna-solar-pa-balkong-utsikt-fjallen.jpg\" \/>\n\t<meta property=\"og:image:width\" content=\"2560\" \/>\n\t<meta property=\"og:image:height\" content=\"1440\" \/>\n\t<meta property=\"og:image:type\" content=\"image\/jpeg\" \/>\n<meta name=\"twitter:card\" content=\"summary_large_image\" \/>\n<meta name=\"twitter:label1\" content=\"Estimated reading time\" \/>\n\t<meta name=\"twitter:data1\" content=\"1 minute\" \/>\n<script type=\"application\/ld+json\" class=\"yoast-schema-graph\">{\"@context\":\"https:\\\/\\\/schema.org\",\"@graph\":[{\"@type\":\"WebPage\",\"@id\":\"https:\\\/\\\/storhogna.se\\\/info-och-inspo\\\/hotellrum\\\/familjerum-med-uteplats\\\/\",\"url\":\"https:\\\/\\\/storhogna.se\\\/info-och-inspo\\\/hotellrum\\\/familjerum-med-uteplats\\\/\",\"name\":\"Familjerum med uteplats och fj\u00e4llutsikt | Storhogna H\u00f6gfj\u00e4llshotell & Spa\",\"isPartOf\":{\"@id\":\"https:\\\/\\\/storhogna.se\\\/#website\"},\"primaryImageOfPage\":{\"@id\":\"https:\\\/\\\/storhogna.se\\\/info-och-inspo\\\/hotellrum\\\/familjerum-med-uteplats\\\/#primaryimage\"},\"image\":{\"@id\":\"https:\\\/\\\/storhogna.se\\\/info-och-inspo\\\/hotellrum\\\/familjerum-med-uteplats\\\/#primaryimage\"},\"thumbnailUrl\":\"https:\\\/\\\/storhogna.se\\\/wp-content\\\/uploads\\\/kvinna-solar-pa-balkong-utsikt-fjallen.jpg\",\"datePublished\":\"2022-05-10T11:12:57+00:00\",\"dateModified\":\"2024-02-12T12:14:45+00:00\",\"description\":\"Familjerum med egen terass eller balkong och fj\u00e4llutsikt. Rymliga och trevligt inredda flerb\u00e4ddsrum med tv\u00e5 s\u00e4ngar, en v\u00e5ningss\u00e4ng och alla bekv\u00e4mligheter.\",\"breadcrumb\":{\"@id\":\"https:\\\/\\\/storhogna.se\\\/info-och-inspo\\\/hotellrum\\\/familjerum-med-uteplats\\\/#breadcrumb\"},\"inLanguage\":\"en-GB\",\"potentialAction\":[{\"@type\":\"ReadAction\",\"target\":[\"https:\\\/\\\/storhogna.se\\\/info-och-inspo\\\/hotellrum\\\/familjerum-med-uteplats\\\/\"]}]},{\"@type\":\"ImageObject\",\"inLanguage\":\"en-GB\",\"@id\":\"https:\\\/\\\/storhogna.se\\\/info-och-inspo\\\/hotellrum\\\/familjerum-med-uteplats\\\/#primaryimage\",\"url\":\"https:\\\/\\\/storhogna.se\\\/wp-content\\\/uploads\\\/kvinna-solar-pa-balkong-utsikt-fjallen.jpg\",\"contentUrl\":\"https:\\\/\\\/storhogna.se\\\/wp-content\\\/uploads\\\/kvinna-solar-pa-balkong-utsikt-fjallen.jpg\",\"width\":2560,\"height\":1440,\"caption\":\"Kvinna solar p\u00e5 familjerummets balkong med utsikt \u00f6ver fj\u00e4llen\"},{\"@type\":\"BreadcrumbList\",\"@id\":\"https:\\\/\\\/storhogna.se\\\/info-och-inspo\\\/hotellrum\\\/familjerum-med-uteplats\\\/#breadcrumb\",\"itemListElement\":[{\"@type\":\"ListItem\",\"position\":1,\"name\":\"Hem\",\"item\":\"https:\\\/\\\/storhogna.se\\\/\"},{\"@type\":\"ListItem\",\"position\":2,\"name\":\"Info\",\"item\":\"https:\\\/\\\/storhogna.se\\\/info-och-inspo\\\/\"},{\"@type\":\"ListItem\",\"position\":3,\"name\":\"Hotellrum\",\"item\":\"https:\\\/\\\/storhogna.se\\\/info-och-inspo\\\/hotellrum\\\/\"},{\"@type\":\"ListItem\",\"position\":4,\"name\":\"Familjerum med uteplats\"}]},{\"@type\":\"WebSite\",\"@id\":\"https:\\\/\\\/storhogna.se\\\/#website\",\"url\":\"https:\\\/\\\/storhogna.se\\\/\",\"name\":\"Storhogna H\u00f6gfj\u00e4llshotell &amp; Spa\",\"description\":\"Ett genuint h\u00f6gfj\u00e4llshotell med spa\",\"potentialAction\":[{\"@type\":\"SearchAction\",\"target\":{\"@type\":\"EntryPoint\",\"urlTemplate\":\"https:\\\/\\\/storhogna.se\\\/?s={search_term_string}\"},\"query-input\":{\"@type\":\"PropertyValueSpecification\",\"valueRequired\":true,\"valueName\":\"search_term_string\"}}],\"inLanguage\":\"en-GB\"}]}<\/script>\n<!-- \/ Yoast SEO plugin. -->","yoast_head_json":{"title":"Family room with patio and mountain view | Storhogna H\u00f6gfj\u00e4llshotell &amp; Spa","description":"Family rooms with private terrace or balcony and mountain views. Spacious and cosily furnished shared rooms with two beds, a bunk bed and all amenities.","robots":{"index":"index","follow":"follow","max-snippet":"max-snippet:-1","max-image-preview":"max-image-preview:large","max-video-preview":"max-video-preview:-1"},"canonical":"https:\/\/storhogna.se\/en\/info-and-inspiration\/hotel-room\/family-room-with-patio\/","og_locale":"en_GB","og_type":"article","og_title":"Familjerum med uteplats och fj\u00e4llutsikt | Storhogna H\u00f6gfj\u00e4llshotell & Spa","og_description":"Familjerum med egen terass eller balkong och fj\u00e4llutsikt. Rymliga och trevligt inredda flerb\u00e4ddsrum med tv\u00e5 s\u00e4ngar, en v\u00e5ningss\u00e4ng och alla bekv\u00e4mligheter.","og_url":"https:\/\/storhogna.se\/en\/info-and-inspiration\/hotel-room\/family-room-with-patio\/","og_site_name":"Storhogna H\u00f6gfj\u00e4llshotell &amp; Spa","article_publisher":"https:\/\/www.facebook.com\/storhogna","article_modified_time":"2024-02-12T12:14:45+00:00","og_image":[{"width":2560,"height":1440,"url":"https:\/\/storhogna.se\/wp-content\/uploads\/kvinna-solar-pa-balkong-utsikt-fjallen.jpg","type":"image\/jpeg"}],"twitter_card":"summary_large_image","twitter_misc":{"Estimated reading time":"1 minute"},"schema":{"@context":"https:\/\/schema.org","@graph":[{"@type":"WebPage","@id":"https:\/\/storhogna.se\/info-och-inspo\/hotellrum\/familjerum-med-uteplats\/","url":"https:\/\/storhogna.se\/info-och-inspo\/hotellrum\/familjerum-med-uteplats\/","name":"Family room with patio and mountain view | Storhogna H\u00f6gfj\u00e4llshotell &amp; Spa","isPartOf":{"@id":"https:\/\/storhogna.se\/#website"},"primaryImageOfPage":{"@id":"https:\/\/storhogna.se\/info-och-inspo\/hotellrum\/familjerum-med-uteplats\/#primaryimage"},"image":{"@id":"https:\/\/storhogna.se\/info-och-inspo\/hotellrum\/familjerum-med-uteplats\/#primaryimage"},"thumbnailUrl":"https:\/\/storhogna.se\/wp-content\/uploads\/kvinna-solar-pa-balkong-utsikt-fjallen.jpg","datePublished":"2022-05-10T11:12:57+00:00","dateModified":"2024-02-12T12:14:45+00:00","description":"Family rooms with private terrace or balcony and mountain views. Spacious and cosily furnished shared rooms with two beds, a bunk bed and all amenities.","breadcrumb":{"@id":"https:\/\/storhogna.se\/info-och-inspo\/hotellrum\/familjerum-med-uteplats\/#breadcrumb"},"inLanguage":"en-GB","potentialAction":[{"@type":"ReadAction","target":["https:\/\/storhogna.se\/info-och-inspo\/hotellrum\/familjerum-med-uteplats\/"]}]},{"@type":"ImageObject","inLanguage":"en-GB","@id":"https:\/\/storhogna.se\/info-och-inspo\/hotellrum\/familjerum-med-uteplats\/#primaryimage","url":"https:\/\/storhogna.se\/wp-content\/uploads\/kvinna-solar-pa-balkong-utsikt-fjallen.jpg","contentUrl":"https:\/\/storhogna.se\/wp-content\/uploads\/kvinna-solar-pa-balkong-utsikt-fjallen.jpg","width":2560,"height":1440,"caption":"Kvinna solar p\u00e5 familjerummets balkong med utsikt \u00f6ver fj\u00e4llen"},{"@type":"BreadcrumbList","@id":"https:\/\/storhogna.se\/info-och-inspo\/hotellrum\/familjerum-med-uteplats\/#breadcrumb","itemListElement":[{"@type":"ListItem","position":1,"name":"Hem","item":"https:\/\/storhogna.se\/"},{"@type":"ListItem","position":2,"name":"Info","item":"https:\/\/storhogna.se\/info-och-inspo\/"},{"@type":"ListItem","position":3,"name":"Hotellrum","item":"https:\/\/storhogna.se\/info-och-inspo\/hotellrum\/"},{"@type":"ListItem","position":4,"name":"Familjerum med uteplats"}]},{"@type":"WebSite","@id":"https:\/\/storhogna.se\/#website","url":"https:\/\/storhogna.se\/","name":"Storhogna High Mountain Hotel &amp; Spa","description":"A genuine high mountain hotel with spa","potentialAction":[{"@type":"SearchAction","target":{"@type":"EntryPoint","urlTemplate":"https:\/\/storhogna.se\/?s={search_term_string}"},"query-input":{"@type":"PropertyValueSpecification","valueRequired":true,"valueName":"search_term_string"}}],"inLanguage":"en-GB"}]}},"_links":{"self":[{"href":"https:\/\/storhogna.se\/en\/wp-json\/wp\/v2\/pages\/1895","targetHints":{"allow":["GET"]}}],"collection":[{"href":"https:\/\/storhogna.se\/en\/wp-json\/wp\/v2\/pages"}],"about":[{"href":"https:\/\/storhogna.se\/en\/wp-json\/wp\/v2\/types\/page"}],"author":[{"embeddable":true,"href":"https:\/\/storhogna.se\/en\/wp-json\/wp\/v2\/users\/2"}],"replies":[{"embeddable":true,"href":"https:\/\/storhogna.se\/en\/wp-json\/wp\/v2\/comments?post=1895"}],"version-history":[{"count":22,"href":"https:\/\/storhogna.se\/en\/wp-json\/wp\/v2\/pages\/1895\/revisions"}],"predecessor-version":[{"id":10974,"href":"https:\/\/storhogna.se\/en\/wp-json\/wp\/v2\/pages\/1895\/revisions\/10974"}],"up":[{"embeddable":true,"href":"https:\/\/storhogna.se\/en\/wp-json\/wp\/v2\/pages\/1831"}],"wp:featuredmedia":[{"embeddable":true,"href":"https:\/\/storhogna.se\/en\/wp-json\/wp\/v2\/media\/2660"}],"wp:attachment":[{"href":"https:\/\/storhogna.se\/en\/wp-json\/wp\/v2\/media?parent=1895"}],"wp:term":[{"taxonomy":"category","embeddable":true,"href":"https:\/\/storhogna.se\/en\/wp-json\/wp\/v2\/categories?post=1895"},{"taxonomy":"post_tag","embeddable":true,"href":"https:\/\/storhogna.se\/en\/wp-json\/wp\/v2\/tags?post=1895"}],"curies":[{"name":"wp","href":"https:\/\/api.w.org\/{rel}","templated":true}]}}