{"id":1929,"date":"2022-05-10T14:00:35","date_gmt":"2022-05-10T12:00:35","guid":{"rendered":"https:\/\/stage.storhogna.se\/?page_id=1929"},"modified":"2026-02-18T11:58:07","modified_gmt":"2026-02-18T09:58:07","slug":"suite","status":"publish","type":"page","link":"https:\/\/storhogna.se\/en\/info-och-inspo\/hotellrum\/svit\/","title":{"rendered":"Suite"},"content":{"rendered":"<div class=\"hero-slider\"><div class=\"splide\" data-slider=\"hero\" data-arrows=\"true\" data-interval=\"5\" data-transition=\"loop\" data-start-index=\"0\" id=\"hero-slider_1771408682716\" data-id=\"hero-slider_1771408682716\" data-custom-arrows=\"true\"><div class=\"splide__track\"><ul class=\"splide__list\"><li class=\"splide__slide\"><picture><source media=\"(max-width: 340px)\" srcset=\"https:\/\/storhogna.se\/wp-content\/uploads\/Storhogna_januari26_Henrikljusberg_web10-300x236.jpg\"\/><source media=\"(min-width: 341px)\" srcset=\"https:\/\/storhogna.se\/wp-content\/uploads\/Storhogna_januari26_Henrikljusberg_web10.jpg\"\/><img fetchpriority=\"high\" decoding=\"async\" class=\"fullscreen-image\" src=\"https:\/\/storhogna.se\/wp-content\/uploads\/Storhogna_januari26_Henrikljusberg_web10.jpg\" alt=\"\" width=\"1733\" height=\"1365\" loading=\"eager\" style=\"object-position:51% 72%\"\/><\/picture><\/li><li class=\"splide__slide\"><picture><source media=\"(max-width: 340px)\" srcset=\"https:\/\/storhogna.se\/wp-content\/uploads\/Storhogna_januari26_Henrikljusberg_web8-300x200.jpg\"\/><source media=\"(min-width: 341px)\" srcset=\"https:\/\/storhogna.se\/wp-content\/uploads\/Storhogna_januari26_Henrikljusberg_web8.jpg\"\/><img decoding=\"async\" class=\"fullscreen-image\" src=\"https:\/\/storhogna.se\/wp-content\/uploads\/Storhogna_januari26_Henrikljusberg_web8.jpg\" alt=\"\" width=\"2048\" height=\"1365\" loading=\"eager\" style=\"object-position:50% 93%\"\/><\/picture><\/li><li class=\"splide__slide\"><picture><source media=\"(max-width: 340px)\" srcset=\"https:\/\/storhogna.se\/wp-content\/uploads\/Storhogna_januari26_Henrikljusberg_web30-300x200.jpg\"\/><source media=\"(min-width: 341px)\" srcset=\"https:\/\/storhogna.se\/wp-content\/uploads\/Storhogna_januari26_Henrikljusberg_web30.jpg\"\/><img decoding=\"async\" class=\"fullscreen-image\" src=\"https:\/\/storhogna.se\/wp-content\/uploads\/Storhogna_januari26_Henrikljusberg_web30.jpg\" alt=\"\" width=\"2048\" height=\"1365\" loading=\"eager\" style=\"object-position:58% 100%\"\/><\/picture><\/li><\/ul><\/div><\/div><div class=\"hero-slider__filter\" data-active=\"true\"><\/div><div class=\"hero-slider__fixed-content\"><div class=\"hero-slider__text-block\" data-visible=\"true\"><div class=\"hero-slider__text-block-inner\">\n<div class=\"wp-block-columns is-layout-flex wp-container-core-columns-is-layout-9d6595d7 wp-block-columns-is-layout-flex\">\n<div class=\"wp-block-column is-layout-flow wp-block-column-is-layout-flow\">\n<h1 class=\"wp-block-heading\">Suite<\/h1>\n\n\n\n<p>Suite with two bedrooms and a lounge.<\/p>\n<\/div>\n\n\n\n<div class=\"wp-block-column is-layout-flow wp-block-column-is-layout-flow\">\n<p>Our suite is a spacious bright suite decorated in Nordic style with two bedrooms with double beds or separate single beds. There is a lounge with a sofa group and dining area, a small toilet room and a spacious bathroom with shower and bath. The suite has a view of the mountain and a balcony facing the Winter Garden.<\/p>\n<\/div>\n<\/div>\n<\/div><\/div><\/div><\/div>\n\n\n<div class=\"media-and-text\">\n    <div class=\"media-and-text__layout media-and-text__layout--invert  invert-stack  default-color default-background\">\n      <div class=\"media-and-text__media\">\n                            <div class=\"splide article-slider\" data-slider=\"basic\" data-custom-arrows=\"true\" id=\"basic-slider_8213e1359eb2a91043207386749d20\">\n            <div class=\"splide__track article-slider__track\">\n              <ul class=\"splide__list article-slider__list\">\n                                  <li class=\"splide__slide article-slider__slide\">\n                    <img decoding=\"async\"\n                      class=\"article-slider__image\"\n                      src=\"https:\/\/storhogna.se\/wp-content\/uploads\/Storhogna_januari26_Henrikljusberg_web9-1200x800.jpg\"\n                      srcset=\"https:\/\/storhogna.se\/wp-content\/uploads\/Storhogna_januari26_Henrikljusberg_web9-1200x800.jpg 1200w, https:\/\/storhogna.se\/wp-content\/uploads\/Storhogna_januari26_Henrikljusberg_web9-800x533.jpg 800w\"\n                      sizes=\"auto, (max-width: 600px), 1200px, 800px\"\n                      alt=\"\"\n                      width=\"1200\" \n                      height=\"800\" \n                      loading=\"lazy\"\n                      \/>\n                    <\/li>\n                                  <li class=\"splide__slide article-slider__slide\">\n                    <img decoding=\"async\"\n                      class=\"article-slider__image\"\n                      src=\"https:\/\/storhogna.se\/wp-content\/uploads\/Storhogna_januari26_Henrikljusberg_web14-800x1200.jpg\"\n                      srcset=\"https:\/\/storhogna.se\/wp-content\/uploads\/Storhogna_januari26_Henrikljusberg_web14-800x1200.jpg 800w, https:\/\/storhogna.se\/wp-content\/uploads\/Storhogna_januari26_Henrikljusberg_web14-800x1200.jpg 800w\"\n                      sizes=\"auto, (max-width: 600px), 800px, 800px\"\n                      alt=\"\"\n                      width=\"800\" \n                      height=\"1200\" \n                      loading=\"lazy\"\n                      \/>\n                    <\/li>\n                                  <li class=\"splide__slide article-slider__slide\">\n                    <img decoding=\"async\"\n                      class=\"article-slider__image\"\n                      src=\"https:\/\/storhogna.se\/wp-content\/uploads\/Storhogna_januari26_Henrikljusberg_web12-800x1200.jpg\"\n                      srcset=\"https:\/\/storhogna.se\/wp-content\/uploads\/Storhogna_januari26_Henrikljusberg_web12-800x1200.jpg 800w, https:\/\/storhogna.se\/wp-content\/uploads\/Storhogna_januari26_Henrikljusberg_web12-800x1200.jpg 800w\"\n                      sizes=\"auto, (max-width: 600px), 800px, 800px\"\n                      alt=\"\"\n                      width=\"800\" \n                      height=\"1200\" \n                      loading=\"lazy\"\n                      \/>\n                    <\/li>\n                                  <li class=\"splide__slide article-slider__slide\">\n                    <img decoding=\"async\"\n                      class=\"article-slider__image\"\n                      src=\"https:\/\/storhogna.se\/wp-content\/uploads\/Storhogna_januari26_Henrikljusberg_web22-800x1200.jpg\"\n                      srcset=\"https:\/\/storhogna.se\/wp-content\/uploads\/Storhogna_januari26_Henrikljusberg_web22-800x1200.jpg 800w, https:\/\/storhogna.se\/wp-content\/uploads\/Storhogna_januari26_Henrikljusberg_web22-800x1200.jpg 800w\"\n                      sizes=\"auto, (max-width: 600px), 800px, 800px\"\n                      alt=\"\"\n                      width=\"800\" \n                      height=\"1200\" \n                      loading=\"lazy\"\n                      \/>\n                    <\/li>\n                              <\/ul>\n            <\/div>\n          <\/div>\n              <\/div>\n      <div class=\"media-and-text__content top\">\n        <div class=\"media-and-text__content-container\">\n          <div class=\"media-and-text__text\">\n            <h2>Facilities<\/h2>\n<ul>\n<li>Double bed<\/li>\n<li>WC\/shower\/bath<\/li>\n<li>Flat screen TV<\/li>\n<li>Sofa bed<\/li>\n<li>Hair dryer<\/li>\n<li>Free WiFi<\/li>\n<li>Bathrobe &amp; slippers<\/li>\n<\/ul>\n<p>Size 36m2<br \/>\nNumber of persons: 2<br \/>\nExtra bed: No<\/p>\n<h2>Book online<\/h2>\n\n          <\/div>\n                    <div \n            class=\"single-booking-widget-block single-booking-widget-block--innerblock\" \n            data-module=\"booking-widget\" \n            data-id=\"media_text_widgetContainer\" \n            data-type=\"Standard2Columns\"\n            data-room-id=\"545ccfe4-1f57-42d0-91ce-4c843b7cc4b7\"\n            data-promo-code=\"\"\n            data-package-id=\"\"> \n            <div id=\"media_text_widgetContainer\"><\/div>\n          <\/div>      \n                            <\/div>\n      <\/div>\n    <\/div>\n  <\/div>","protected":false},"excerpt":{"rendered":"<p>Spacious and bright 50m2 suite decorated in Nordic style. The suite has two bedrooms, a living room with sofa and dining area, a WC room and a bathroom with shower and bath.<\/p>","protected":false},"author":2,"featured_media":16314,"parent":1831,"menu_order":6,"comment_status":"closed","ping_status":"closed","template":"","meta":{"_acf_changed":false,"footnotes":""},"categories":[39],"tags":[],"class_list":["post-1929","page","type-page","status-publish","has-post-thumbnail","hentry","category-hotellrum"],"acf":[],"yoast_head":"<!-- This site is optimized with the Yoast SEO plugin v27.3 - https:\/\/yoast.com\/product\/yoast-seo-wordpress\/ -->\n<title>Svit med tv\u00e5 sovrum och s\u00e4llskapsrum | Storhogna H\u00f6gfj\u00e4llshotell &amp; Spa<\/title>\n<meta name=\"description\" content=\"Rymlig och ljus 50m2 svit inredd i nordisk stil. Sviten har tv\u00e5 sovrum, s\u00e4llskapsrum med soffa och matplats, ett WC-rum och ett badrum med dusch och badkar.\" \/>\n<meta name=\"robots\" content=\"index, follow, max-snippet:-1, max-image-preview:large, max-video-preview:-1\" \/>\n<link rel=\"canonical\" href=\"https:\/\/storhogna.se\/en\/info-and-inspiration\/hotel-room\/suite\/\" \/>\n<meta property=\"og:locale\" content=\"en_GB\" \/>\n<meta property=\"og:type\" content=\"article\" \/>\n<meta property=\"og:title\" content=\"Svit med tv\u00e5 sovrum och s\u00e4llskapsrum | Storhogna H\u00f6gfj\u00e4llshotell &amp; Spa\" \/>\n<meta property=\"og:description\" content=\"Rymlig och ljus 50m2 svit inredd i nordisk stil. Sviten har tv\u00e5 sovrum, s\u00e4llskapsrum med soffa och matplats, ett WC-rum och ett badrum med dusch och badkar.\" \/>\n<meta property=\"og:url\" content=\"https:\/\/storhogna.se\/en\/info-and-inspiration\/hotel-room\/suite\/\" \/>\n<meta property=\"og:site_name\" content=\"Storhogna H\u00f6gfj\u00e4llshotell &amp; Spa\" \/>\n<meta property=\"article:publisher\" content=\"https:\/\/www.facebook.com\/storhogna\" \/>\n<meta property=\"article:modified_time\" content=\"2026-02-18T09:58:07+00:00\" \/>\n<meta property=\"og:image\" content=\"https:\/\/storhogna.se\/wp-content\/uploads\/Storhogna_januari26_Henrikljusberg_web10-1024x807.jpg\" \/>\n\t<meta property=\"og:image:width\" content=\"1024\" \/>\n\t<meta property=\"og:image:height\" content=\"807\" \/>\n\t<meta property=\"og:image:type\" content=\"image\/jpeg\" \/>\n<meta name=\"twitter:card\" content=\"summary_large_image\" \/>\n<meta name=\"twitter:label1\" content=\"Estimated reading time\" \/>\n\t<meta name=\"twitter:data1\" content=\"2 minutes\" \/>\n<script type=\"application\/ld+json\" class=\"yoast-schema-graph\">{\"@context\":\"https:\\\/\\\/schema.org\",\"@graph\":[{\"@type\":\"WebPage\",\"@id\":\"https:\\\/\\\/storhogna.se\\\/info-och-inspo\\\/hotellrum\\\/svit\\\/\",\"url\":\"https:\\\/\\\/storhogna.se\\\/info-och-inspo\\\/hotellrum\\\/svit\\\/\",\"name\":\"Svit med tv\u00e5 sovrum och s\u00e4llskapsrum | Storhogna H\u00f6gfj\u00e4llshotell & Spa\",\"isPartOf\":{\"@id\":\"https:\\\/\\\/storhogna.se\\\/#website\"},\"primaryImageOfPage\":{\"@id\":\"https:\\\/\\\/storhogna.se\\\/info-och-inspo\\\/hotellrum\\\/svit\\\/#primaryimage\"},\"image\":{\"@id\":\"https:\\\/\\\/storhogna.se\\\/info-och-inspo\\\/hotellrum\\\/svit\\\/#primaryimage\"},\"thumbnailUrl\":\"https:\\\/\\\/storhogna.se\\\/wp-content\\\/uploads\\\/Storhogna_januari26_Henrikljusberg_web10.jpg\",\"datePublished\":\"2022-05-10T12:00:35+00:00\",\"dateModified\":\"2026-02-18T09:58:07+00:00\",\"description\":\"Rymlig och ljus 50m2 svit inredd i nordisk stil. Sviten har tv\u00e5 sovrum, s\u00e4llskapsrum med soffa och matplats, ett WC-rum och ett badrum med dusch och badkar.\",\"breadcrumb\":{\"@id\":\"https:\\\/\\\/storhogna.se\\\/info-och-inspo\\\/hotellrum\\\/svit\\\/#breadcrumb\"},\"inLanguage\":\"en-GB\",\"potentialAction\":[{\"@type\":\"ReadAction\",\"target\":[\"https:\\\/\\\/storhogna.se\\\/info-och-inspo\\\/hotellrum\\\/svit\\\/\"]}]},{\"@type\":\"ImageObject\",\"inLanguage\":\"en-GB\",\"@id\":\"https:\\\/\\\/storhogna.se\\\/info-och-inspo\\\/hotellrum\\\/svit\\\/#primaryimage\",\"url\":\"https:\\\/\\\/storhogna.se\\\/wp-content\\\/uploads\\\/Storhogna_januari26_Henrikljusberg_web10.jpg\",\"contentUrl\":\"https:\\\/\\\/storhogna.se\\\/wp-content\\\/uploads\\\/Storhogna_januari26_Henrikljusberg_web10.jpg\",\"width\":1733,\"height\":1365},{\"@type\":\"BreadcrumbList\",\"@id\":\"https:\\\/\\\/storhogna.se\\\/info-och-inspo\\\/hotellrum\\\/svit\\\/#breadcrumb\",\"itemListElement\":[{\"@type\":\"ListItem\",\"position\":1,\"name\":\"Hem\",\"item\":\"https:\\\/\\\/storhogna.se\\\/\"},{\"@type\":\"ListItem\",\"position\":2,\"name\":\"Info\",\"item\":\"https:\\\/\\\/storhogna.se\\\/info-och-inspo\\\/\"},{\"@type\":\"ListItem\",\"position\":3,\"name\":\"Hotellrum\",\"item\":\"https:\\\/\\\/storhogna.se\\\/info-och-inspo\\\/hotellrum\\\/\"},{\"@type\":\"ListItem\",\"position\":4,\"name\":\"Svit\"}]},{\"@type\":\"WebSite\",\"@id\":\"https:\\\/\\\/storhogna.se\\\/#website\",\"url\":\"https:\\\/\\\/storhogna.se\\\/\",\"name\":\"Storhogna H\u00f6gfj\u00e4llshotell &amp; Spa\",\"description\":\"Ett genuint h\u00f6gfj\u00e4llshotell med spa\",\"potentialAction\":[{\"@type\":\"SearchAction\",\"target\":{\"@type\":\"EntryPoint\",\"urlTemplate\":\"https:\\\/\\\/storhogna.se\\\/?s={search_term_string}\"},\"query-input\":{\"@type\":\"PropertyValueSpecification\",\"valueRequired\":true,\"valueName\":\"search_term_string\"}}],\"inLanguage\":\"en-GB\"}]}<\/script>\n<!-- \/ Yoast SEO plugin. -->","yoast_head_json":{"title":"Two-bedroom suite with lounge | Storhogna H\u00f6gfj\u00e4llshotell &amp; Spa","description":"Spacious and bright 50m2 suite decorated in Nordic style. The suite has two bedrooms, a living room with sofa and dining area, a WC room and a bathroom with shower and bath.","robots":{"index":"index","follow":"follow","max-snippet":"max-snippet:-1","max-image-preview":"max-image-preview:large","max-video-preview":"max-video-preview:-1"},"canonical":"https:\/\/storhogna.se\/en\/info-and-inspiration\/hotel-room\/suite\/","og_locale":"en_GB","og_type":"article","og_title":"Svit med tv\u00e5 sovrum och s\u00e4llskapsrum | Storhogna H\u00f6gfj\u00e4llshotell & Spa","og_description":"Rymlig och ljus 50m2 svit inredd i nordisk stil. Sviten har tv\u00e5 sovrum, s\u00e4llskapsrum med soffa och matplats, ett WC-rum och ett badrum med dusch och badkar.","og_url":"https:\/\/storhogna.se\/en\/info-and-inspiration\/hotel-room\/suite\/","og_site_name":"Storhogna H\u00f6gfj\u00e4llshotell &amp; Spa","article_publisher":"https:\/\/www.facebook.com\/storhogna","article_modified_time":"2026-02-18T09:58:07+00:00","og_image":[{"width":1024,"height":807,"url":"https:\/\/storhogna.se\/wp-content\/uploads\/Storhogna_januari26_Henrikljusberg_web10-1024x807.jpg","type":"image\/jpeg"}],"twitter_card":"summary_large_image","twitter_misc":{"Estimated reading time":"2 minutes"},"schema":{"@context":"https:\/\/schema.org","@graph":[{"@type":"WebPage","@id":"https:\/\/storhogna.se\/info-och-inspo\/hotellrum\/svit\/","url":"https:\/\/storhogna.se\/info-och-inspo\/hotellrum\/svit\/","name":"Two-bedroom suite with lounge | Storhogna H\u00f6gfj\u00e4llshotell &amp; Spa","isPartOf":{"@id":"https:\/\/storhogna.se\/#website"},"primaryImageOfPage":{"@id":"https:\/\/storhogna.se\/info-och-inspo\/hotellrum\/svit\/#primaryimage"},"image":{"@id":"https:\/\/storhogna.se\/info-och-inspo\/hotellrum\/svit\/#primaryimage"},"thumbnailUrl":"https:\/\/storhogna.se\/wp-content\/uploads\/Storhogna_januari26_Henrikljusberg_web10.jpg","datePublished":"2022-05-10T12:00:35+00:00","dateModified":"2026-02-18T09:58:07+00:00","description":"Spacious and bright 50m2 suite decorated in Nordic style. The suite has two bedrooms, a living room with sofa and dining area, a WC room and a bathroom with shower and bath.","breadcrumb":{"@id":"https:\/\/storhogna.se\/info-och-inspo\/hotellrum\/svit\/#breadcrumb"},"inLanguage":"en-GB","potentialAction":[{"@type":"ReadAction","target":["https:\/\/storhogna.se\/info-och-inspo\/hotellrum\/svit\/"]}]},{"@type":"ImageObject","inLanguage":"en-GB","@id":"https:\/\/storhogna.se\/info-och-inspo\/hotellrum\/svit\/#primaryimage","url":"https:\/\/storhogna.se\/wp-content\/uploads\/Storhogna_januari26_Henrikljusberg_web10.jpg","contentUrl":"https:\/\/storhogna.se\/wp-content\/uploads\/Storhogna_januari26_Henrikljusberg_web10.jpg","width":1733,"height":1365},{"@type":"BreadcrumbList","@id":"https:\/\/storhogna.se\/info-och-inspo\/hotellrum\/svit\/#breadcrumb","itemListElement":[{"@type":"ListItem","position":1,"name":"Hem","item":"https:\/\/storhogna.se\/"},{"@type":"ListItem","position":2,"name":"Info","item":"https:\/\/storhogna.se\/info-och-inspo\/"},{"@type":"ListItem","position":3,"name":"Hotellrum","item":"https:\/\/storhogna.se\/info-och-inspo\/hotellrum\/"},{"@type":"ListItem","position":4,"name":"Svit"}]},{"@type":"WebSite","@id":"https:\/\/storhogna.se\/#website","url":"https:\/\/storhogna.se\/","name":"Storhogna High Mountain Hotel &amp; Spa","description":"A genuine high mountain hotel with spa","potentialAction":[{"@type":"SearchAction","target":{"@type":"EntryPoint","urlTemplate":"https:\/\/storhogna.se\/?s={search_term_string}"},"query-input":{"@type":"PropertyValueSpecification","valueRequired":true,"valueName":"search_term_string"}}],"inLanguage":"en-GB"}]}},"_links":{"self":[{"href":"https:\/\/storhogna.se\/en\/wp-json\/wp\/v2\/pages\/1929","targetHints":{"allow":["GET"]}}],"collection":[{"href":"https:\/\/storhogna.se\/en\/wp-json\/wp\/v2\/pages"}],"about":[{"href":"https:\/\/storhogna.se\/en\/wp-json\/wp\/v2\/types\/page"}],"author":[{"embeddable":true,"href":"https:\/\/storhogna.se\/en\/wp-json\/wp\/v2\/users\/2"}],"replies":[{"embeddable":true,"href":"https:\/\/storhogna.se\/en\/wp-json\/wp\/v2\/comments?post=1929"}],"version-history":[{"count":17,"href":"https:\/\/storhogna.se\/en\/wp-json\/wp\/v2\/pages\/1929\/revisions"}],"predecessor-version":[{"id":16337,"href":"https:\/\/storhogna.se\/en\/wp-json\/wp\/v2\/pages\/1929\/revisions\/16337"}],"up":[{"embeddable":true,"href":"https:\/\/storhogna.se\/en\/wp-json\/wp\/v2\/pages\/1831"}],"wp:featuredmedia":[{"embeddable":true,"href":"https:\/\/storhogna.se\/en\/wp-json\/wp\/v2\/media\/16314"}],"wp:attachment":[{"href":"https:\/\/storhogna.se\/en\/wp-json\/wp\/v2\/media?parent=1929"}],"wp:term":[{"taxonomy":"category","embeddable":true,"href":"https:\/\/storhogna.se\/en\/wp-json\/wp\/v2\/categories?post=1929"},{"taxonomy":"post_tag","embeddable":true,"href":"https:\/\/storhogna.se\/en\/wp-json\/wp\/v2\/tags?post=1929"}],"curies":[{"name":"wp","href":"https:\/\/api.w.org\/{rel}","templated":true}]}}