{"id":224,"date":"2022-03-28T11:47:36","date_gmt":"2022-03-28T11:47:36","guid":{"rendered":"https:\/\/stage.storhogna.se\/?page_id=224"},"modified":"2025-08-08T15:09:01","modified_gmt":"2025-08-08T13:09:01","slug":"info-and-inspiration","status":"publish","type":"page","link":"https:\/\/storhogna.se\/en\/info-och-inspo\/","title":{"rendered":"More info"},"content":{"rendered":"<div class=\"hero-slider\"><div class=\"splide\" data-slider=\"hero\" data-arrows=\"true\" data-interval=\"5\" data-transition=\"loop\" data-start-index=\"0\" id=\"hero-slider_1754658508320\" data-id=\"hero-slider_1754658508320\" data-custom-arrows=\"true\"><div class=\"splide__track\"><ul class=\"splide__list\"><li class=\"splide__slide\"><picture><source media=\"(max-width: 340px)\" srcset=\"https:\/\/storhogna.se\/wp-content\/uploads\/vandringsleder-bla-informationsskyltar-300x169.jpg\"\/><source media=\"(min-width: 341px)\" srcset=\"https:\/\/storhogna.se\/wp-content\/uploads\/vandringsleder-bla-informationsskyltar.jpg\"\/><img fetchpriority=\"high\" decoding=\"async\" class=\"fullscreen-image\" src=\"https:\/\/storhogna.se\/wp-content\/uploads\/vandringsleder-bla-informationsskyltar.jpg\" alt=\"Blue information signs informing about hiking trails around Storhogna H\u00f6gfj\u00e4llshotell &amp; Spa\" width=\"2560\" height=\"1440\" loading=\"eager\" style=\"object-position:50% 50%\"\/><\/picture><\/li><\/ul><\/div><\/div><div class=\"hero-slider__filter\" data-active=\"true\"><\/div><div class=\"hero-slider__fixed-content\"><div class=\"hero-slider__text-block\" data-visible=\"true\"><div class=\"hero-slider__text-block-inner\">\n<div class=\"wp-block-columns is-layout-flex wp-container-core-columns-is-layout-9d6595d7 wp-block-columns-is-layout-flex\">\n<div class=\"wp-block-column is-layout-flow wp-block-column-is-layout-flow\">\n<h1 class=\"wp-block-heading\">More info<\/h1>\n\n\n\n<p><\/p>\n<\/div>\n\n\n\n<div class=\"wp-block-column is-layout-flow wp-block-column-is-layout-flow\">\n<p>Storhogna H\u00f6gfj\u00e4llshotell &amp; Spa is beautifully situated in Vemdalen, on the edge of the 755 m high mountain, with ski-in ski-out access to alpine skiing on 100% of natural snow and well-prepared cross-country trails that in summer and autumn are fabulous hiking trails.<\/p>\n<\/div>\n<\/div>\n<\/div><\/div><\/div><\/div>\n\n\n<div class=\"block-listing\">\n  <div class=\"block-listing__layout\">\n                  <div class=\"block-listing__card block-listing__card--default block-listing__card--0\">\n        <a class=\"block-listing__link\" href=\"https:\/\/storhogna.se\/en\/moten-och-event\/\">\n          <div class=\"block-listing__filter\"><\/div>\n                    <img decoding=\"async\" class=\"block-listing__image\" src=\"https:\/\/storhogna.se\/wp-content\/uploads\/talare-pa-scen-konferens-vintertradgarden-600x600.jpg\" width=\"600\" height=\"600\" alt=\"#\" loading=\"lazy\"\/>\n                              <h3 class=\"block-listing__title\">Meetings &amp; events  <\/h3>\n        <\/a>\n        \n        <div class=\"block-listing__hover-content\">\n          <div>\n            <div class=\"block-listing__hover-title\">\n              Meetings &amp; events\n                          <\/div>\n            <div class=\"block-listing__excerpt\">With the mountains as an arena for adventure and experiences, a conference or meeting at Storhogna H\u00f6gfj\u00e4llshotell &amp; Spa provides cohesion, energy and creativity.<\/div>                                   <\/div>\n          <div class=\"block-listing__buttons\">\n                        <span class=\"block-listing__splash\"><\/span>\n                                                            <a class=\"block-listing__button block-listing__button--red btn\" href=\"https:\/\/storhogna.se\/en\/moten-och-event\/\" target=\"\">Read more about Meetings &amp; Events<\/a>\n                      <\/div>\n        <\/div>\n        \n      <\/div>\n                        <div class=\"block-listing__card block-listing__card--default block-listing__card--1\">\n        <a class=\"block-listing__link\" href=\"https:\/\/storhogna.se\/en\/info-och-inspo\/vart-systerhotell\/\">\n          <div class=\"block-listing__filter\"><\/div>\n                    <img decoding=\"async\" class=\"block-listing__image\" src=\"https:\/\/storhogna.se\/wp-content\/uploads\/spa5-600x600.jpg\" width=\"600\" height=\"600\" alt=\"#\" loading=\"lazy\"\/>\n                              <h3 class=\"block-listing__title\">Our sister hotel  <\/h3>\n        <\/a>\n        \n        <div class=\"block-listing__hover-content\">\n          <div>\n            <div class=\"block-listing__hover-title\">\n              Our sister hotel\n                          <\/div>\n            <div class=\"block-listing__excerpt\">Fr\u00f6s\u00f6 Park Hotel is all about re-energising. It is a place where the pulse is given time to go up - but also time to land. A place that allows you to disconnect from everyday life and replenish your energy.<\/div>                                   <\/div>\n          <div class=\"block-listing__buttons\">\n                        <span class=\"block-listing__splash\"><\/span>\n                                                            <a class=\"block-listing__button block-listing__button--red btn\" href=\"https:\/\/storhogna.se\/en\/info-och-inspo\/vart-systerhotell\/\" target=\"\">Read more<\/a>\n                      <\/div>\n        <\/div>\n        \n      <\/div>\n                        <div class=\"block-listing__card block-listing__card--default block-listing__card--2\">\n        <a class=\"block-listing__link\" href=\"https:\/\/storhogna.se\/en\/info-och-inspo\/historia\/\">\n          <div class=\"block-listing__filter\"><\/div>\n                    <img decoding=\"async\" class=\"block-listing__image\" src=\"https:\/\/storhogna.se\/wp-content\/uploads\/storhogna-uppbyggnad-60-talet-600x600.jpg\" width=\"600\" height=\"600\" alt=\"#\" loading=\"lazy\"\/>\n                              <h3 class=\"block-listing__title\">History  <\/h3>\n        <\/a>\n        \n        <div class=\"block-listing__hover-content\">\n          <div>\n            <div class=\"block-listing__hover-title\">\n              History\n                          <\/div>\n            <div class=\"block-listing__excerpt\">The story of Storhogna H\u00f6gfj\u00e4llshotell &amp; Spa began in the 1960s when a farmer in Kl\u00f6vsj\u00f6 bought land and started to build a road and the first coffee house.<\/div>                                   <\/div>\n          <div class=\"block-listing__buttons\">\n                        <span class=\"block-listing__splash\"><\/span>\n                                                            <a class=\"block-listing__button block-listing__button--red btn\" href=\"https:\/\/storhogna.se\/en\/info-och-inspo\/historia\/\" target=\"\">Read more about our History<\/a>\n                      <\/div>\n        <\/div>\n        \n      <\/div>\n                        <div class=\"block-listing__card block-listing__card--default block-listing__card--3\">\n        <a class=\"block-listing__link\" href=\"https:\/\/storhogna.se\/en\/info-och-inspo\/hotellrum\/\">\n          <div class=\"block-listing__filter\"><\/div>\n                    <img decoding=\"async\" class=\"block-listing__image\" src=\"https:\/\/storhogna.se\/wp-content\/uploads\/Storhogna-fallmoran-rum-sang-600x600.jpg\" width=\"600\" height=\"600\" alt=\"#\" loading=\"lazy\"\/>\n                              <h3 class=\"block-listing__title\">Hotel rooms  <\/h3>\n        <\/a>\n        \n        <div class=\"block-listing__hover-content\">\n          <div>\n            <div class=\"block-listing__hover-title\">\n              Hotel rooms\n                          <\/div>\n            <div class=\"block-listing__excerpt\">Our hotel rooms are comfortable and decorated in a cosy Nordic style. All rooms have newly renovated bathrooms with shower\/WC, telephone, TV\/radio, hairdryer and WiFi.<\/div>                                   <\/div>\n          <div class=\"block-listing__buttons\">\n                        <span class=\"block-listing__splash\"><\/span>\n                                                            <a class=\"block-listing__button block-listing__button--red btn\" href=\"https:\/\/storhogna.se\/en\/info-och-inspo\/hotellrum\/\" target=\"\">Find out more and book a hotel room<\/a>\n                      <\/div>\n        <\/div>\n        \n      <\/div>\n                        <div class=\"block-listing__card block-listing__card--default block-listing__card--4\">\n        <a class=\"block-listing__link\" href=\"https:\/\/storhogna.se\/en\/info-och-inspo\/resan-hit\/\">\n          <div class=\"block-listing__filter\"><\/div>\n                    <img decoding=\"async\" class=\"block-listing__image\" src=\"https:\/\/storhogna.se\/wp-content\/uploads\/snalltaget-enafors-600x600.jpg\" width=\"600\" height=\"600\" alt=\"#\" loading=\"lazy\"\/>\n                              <h3 class=\"block-listing__title\">The journey here  <\/h3>\n        <\/a>\n        \n        <div class=\"block-listing__hover-content\">\n          <div>\n            <div class=\"block-listing__hover-title\">\n              The journey here\n                          <\/div>\n            <div class=\"block-listing__excerpt\">There are many options for travelling to Storhogna and Vemdalsfj\u00e4llen. The journey planner can help you find the closest route by car, train, plane and bus.<\/div>                                   <\/div>\n          <div class=\"block-listing__buttons\">\n                        <span class=\"block-listing__splash\"><\/span>\n                                                            <a class=\"block-listing__button block-listing__button--red btn\" href=\"https:\/\/storhogna.se\/en\/info-och-inspo\/resan-hit\/\" target=\"\">Read more about travelling here<\/a>\n                      <\/div>\n        <\/div>\n        \n      <\/div>\n                        <div class=\"block-listing__card block-listing__card--default block-listing__card--5\">\n        <a class=\"block-listing__link\" href=\"https:\/\/storhogna.se\/en\/info-och-inspo\/bokningsvillkor\/\">\n          <div class=\"block-listing__filter\"><\/div>\n                    <img decoding=\"async\" class=\"block-listing__image\" src=\"https:\/\/storhogna.se\/wp-content\/uploads\/vandringsleder-bla-informationsskyltar-600x600.jpg\" width=\"600\" height=\"600\" alt=\"#\" loading=\"lazy\"\/>\n                              <h3 class=\"block-listing__title\">Booking conditions  <\/h3>\n        <\/a>\n        \n        <div class=\"block-listing__hover-content\">\n          <div>\n            <div class=\"block-listing__hover-title\">\n              Booking conditions\n                          <\/div>\n            <div class=\"block-listing__excerpt\">You can read our full booking conditions for private individuals here.<\/div>                                   <\/div>\n          <div class=\"block-listing__buttons\">\n                        <span class=\"block-listing__splash\"><\/span>\n                                                            <a class=\"block-listing__button block-listing__button--red btn\" href=\"https:\/\/storhogna.se\/en\/info-och-inspo\/bokningsvillkor\/\" target=\"\">Read more<\/a>\n                      <\/div>\n        <\/div>\n        \n      <\/div>\n                        <div class=\"block-listing__card block-listing__card--default block-listing__card--6\">\n        <a class=\"block-listing__link\" href=\"https:\/\/storhogna.se\/en\/info-och-inspo\/policyer\/\">\n          <div class=\"block-listing__filter\"><\/div>\n                    <img decoding=\"async\" class=\"block-listing__image\" src=\"https:\/\/storhogna.se\/wp-content\/uploads\/entre-ute-storhogna-hogfjallshotell-och-spa-600x600.jpg\" width=\"600\" height=\"600\" alt=\"#\" loading=\"lazy\"\/>\n                              <h3 class=\"block-listing__title\">Policies  <\/h3>\n        <\/a>\n        \n        <div class=\"block-listing__hover-content\">\n          <div>\n            <div class=\"block-listing__hover-title\">\n              Policies\n                          <\/div>\n            <div class=\"block-listing__excerpt\">For us at Storhogna H\u00f6gfj\u00e4llshotell &amp; Spa, confidentiality and sustainability work that benefits both current and future generations are important.<\/div>                                   <\/div>\n          <div class=\"block-listing__buttons\">\n                        <span class=\"block-listing__splash\"><\/span>\n                                                            <a class=\"block-listing__button block-listing__button--red btn\" href=\"https:\/\/storhogna.se\/en\/info-och-inspo\/policyer\/\" target=\"\">Read more<\/a>\n                      <\/div>\n        <\/div>\n        \n      <\/div>\n                        <div class=\"block-listing__card block-listing__card--default block-listing__card--7\">\n        <a class=\"block-listing__link\" href=\"https:\/\/storhogna.se\/en\/info-och-inspo\/lediga-tjanster\/\">\n          <div class=\"block-listing__filter\"><\/div>\n                    <img decoding=\"async\" class=\"block-listing__image\" src=\"https:\/\/storhogna.se\/wp-content\/uploads\/Storhogna-58-1-600x600.jpg\" width=\"600\" height=\"600\" alt=\"#\" loading=\"lazy\"\/>\n                              <h3 class=\"block-listing__title\">Job openings  <\/h3>\n        <\/a>\n        \n        <div class=\"block-listing__hover-content\">\n          <div>\n            <div class=\"block-listing__hover-title\">\n              Job openings\n                          <\/div>\n            <div class=\"block-listing__excerpt\">Do you like to deliver great guest service? Do you want to live in the mountains? Then you are welcome with your job application to us at Storhogna H\u00f6gfj\u00e4llshotell &amp; Spa.<\/div>                                   <\/div>\n          <div class=\"block-listing__buttons\">\n                        <span class=\"block-listing__splash\"><\/span>\n                                                            <a class=\"block-listing__button block-listing__button--red btn\" href=\"https:\/\/storhogna.se\/en\/info-och-inspo\/lediga-tjanster\/\" target=\"\">See job openings<\/a>\n                      <\/div>\n        <\/div>\n        \n      <\/div>\n                        <div class=\"block-listing__card block-listing__card--default block-listing__card--8\">\n        <a class=\"block-listing__link\" href=\"https:\/\/storhogna.se\/en\/offers\/brollop-i-fjallen\/\">\n          <div class=\"block-listing__filter\"><\/div>\n                    <img decoding=\"async\" class=\"block-listing__image\" src=\"https:\/\/storhogna.se\/wp-content\/uploads\/Nina_Emil_180414_Brollopsfotograf_YohannaMartensson-110-600x600.jpg\" width=\"600\" height=\"600\" alt=\"#\" loading=\"lazy\"\/>\n                              <h3 class=\"block-listing__title\">Weddings in the mountains  <\/h3>\n        <\/a>\n        \n        <div class=\"block-listing__hover-content\">\n          <div>\n            <div class=\"block-listing__hover-title\">\n              Weddings in the mountains\n                          <\/div>\n            <div class=\"block-listing__excerpt\">What does your dream wedding look like? Frosty winter wedding or colourful autumn wedding? A wedding in the mountains, in a tent, in the Sport &amp; Event Centre or in a nearby church?<\/div>                                   <\/div>\n          <div class=\"block-listing__buttons\">\n                        <span class=\"block-listing__splash\"><\/span>\n                                                            <a class=\"block-listing__button block-listing__button--red btn\" href=\"https:\/\/storhogna.se\/en\/offers\/brollop-i-fjallen\/\" target=\"\">Read more<\/a>\n                      <\/div>\n        <\/div>\n        \n      <\/div>\n                        <div class=\"block-listing__card block-listing__card--default block-listing__card--9\">\n        <a class=\"block-listing__link\" href=\"https:\/\/www.roxx.se\/v\/luw6h#page\/1\">\n          <div class=\"block-listing__filter\"><\/div>\n                    <img decoding=\"async\" class=\"block-listing__image\" src=\"https:\/\/storhogna.se\/wp-content\/uploads\/fjallkonferens-vt-600x600.jpg\" width=\"600\" height=\"600\" alt=\"#\" loading=\"lazy\"\/>\n                              <h3 class=\"block-listing__title\">Get to know Storhogna  <\/h3>\n        <\/a>\n        \n        <div class=\"block-listing__hover-content\">\n          <div>\n            <div class=\"block-listing__hover-title\">\n              Get to know Storhogna\n                          <\/div>\n            <div class=\"block-listing__excerpt\">Are you curious about us at Storhogna? Read more about us and our history in our digital magazine.<\/div>                                   <\/div>\n          <div class=\"block-listing__buttons\">\n                                                            <a class=\"block-listing__button block-listing__button--red btn\" href=\"https:\/\/www.roxx.se\/v\/luw6h#page\/1\" target=\"_blank\">Read the magazine<\/a>\n                      <\/div>\n        <\/div>\n        \n      <\/div>\n            <\/div>\n<\/div>","protected":false},"excerpt":{"rendered":"<p>Storhogna h\u00f6gfj\u00e4llshotell &amp; Spa is beautifully situated in the Vemdals mountains. Here you have the opportunity for experiences that provide great memories and pleasant impressions in everyday life.<\/p>","protected":false},"author":2,"featured_media":2821,"parent":0,"menu_order":0,"comment_status":"closed","ping_status":"closed","template":"","meta":{"_acf_changed":false,"footnotes":""},"categories":[],"tags":[],"class_list":["post-224","page","type-page","status-publish","has-post-thumbnail","hentry"],"acf":[],"yoast_head":"<!-- This site is optimized with the Yoast SEO plugin v27.3 - https:\/\/yoast.com\/product\/yoast-seo-wordpress\/ -->\n<title>Information &amp; inspiration | Storhogna H\u00f6gfj\u00e4llshotell &amp; Spa<\/title>\n<meta name=\"description\" content=\"Storhogna h\u00f6gfj\u00e4llshotell &amp; Spa \u00e4r vackert bel\u00e4get i Vemdalsfj\u00e4llen. H\u00e4r finns m\u00f6jlighet till upplevelser som ger fina minnen och sk\u00f6na avtryck i vardagen.\" \/>\n<meta name=\"robots\" content=\"index, follow, max-snippet:-1, max-image-preview:large, max-video-preview:-1\" \/>\n<link rel=\"canonical\" href=\"https:\/\/storhogna.se\/en\/info-and-inspiration\/\" \/>\n<meta property=\"og:locale\" content=\"en_GB\" \/>\n<meta property=\"og:type\" content=\"article\" \/>\n<meta property=\"og:title\" content=\"Information &amp; inspiration | Storhogna H\u00f6gfj\u00e4llshotell &amp; Spa\" \/>\n<meta property=\"og:description\" content=\"Storhogna h\u00f6gfj\u00e4llshotell &amp; Spa \u00e4r vackert bel\u00e4get i Vemdalsfj\u00e4llen. H\u00e4r finns m\u00f6jlighet till upplevelser som ger fina minnen och sk\u00f6na avtryck i vardagen.\" \/>\n<meta property=\"og:url\" content=\"https:\/\/storhogna.se\/en\/info-and-inspiration\/\" \/>\n<meta property=\"og:site_name\" content=\"Storhogna H\u00f6gfj\u00e4llshotell &amp; Spa\" \/>\n<meta property=\"article:publisher\" content=\"https:\/\/www.facebook.com\/storhogna\" \/>\n<meta property=\"article:modified_time\" content=\"2025-08-08T13:09:01+00:00\" \/>\n<meta property=\"og:image\" content=\"https:\/\/storhogna.se\/wp-content\/uploads\/vandringsleder-bla-informationsskyltar.jpg\" \/>\n\t<meta property=\"og:image:width\" content=\"2560\" \/>\n\t<meta property=\"og:image:height\" content=\"1440\" \/>\n\t<meta property=\"og:image:type\" content=\"image\/jpeg\" \/>\n<meta name=\"twitter:card\" content=\"summary_large_image\" \/>\n<meta name=\"twitter:label1\" content=\"Estimated reading time\" \/>\n\t<meta name=\"twitter:data1\" content=\"1 minute\" \/>\n<script type=\"application\/ld+json\" class=\"yoast-schema-graph\">{\"@context\":\"https:\\\/\\\/schema.org\",\"@graph\":[{\"@type\":\"WebPage\",\"@id\":\"https:\\\/\\\/storhogna.se\\\/info-och-inspo\\\/\",\"url\":\"https:\\\/\\\/storhogna.se\\\/info-och-inspo\\\/\",\"name\":\"Information & inspiration | Storhogna H\u00f6gfj\u00e4llshotell & Spa\",\"isPartOf\":{\"@id\":\"https:\\\/\\\/storhogna.se\\\/#website\"},\"primaryImageOfPage\":{\"@id\":\"https:\\\/\\\/storhogna.se\\\/info-och-inspo\\\/#primaryimage\"},\"image\":{\"@id\":\"https:\\\/\\\/storhogna.se\\\/info-och-inspo\\\/#primaryimage\"},\"thumbnailUrl\":\"https:\\\/\\\/storhogna.se\\\/wp-content\\\/uploads\\\/vandringsleder-bla-informationsskyltar.jpg\",\"datePublished\":\"2022-03-28T11:47:36+00:00\",\"dateModified\":\"2025-08-08T13:09:01+00:00\",\"description\":\"Storhogna h\u00f6gfj\u00e4llshotell & Spa \u00e4r vackert bel\u00e4get i Vemdalsfj\u00e4llen. H\u00e4r finns m\u00f6jlighet till upplevelser som ger fina minnen och sk\u00f6na avtryck i vardagen.\",\"breadcrumb\":{\"@id\":\"https:\\\/\\\/storhogna.se\\\/info-och-inspo\\\/#breadcrumb\"},\"inLanguage\":\"en-GB\",\"potentialAction\":[{\"@type\":\"ReadAction\",\"target\":[\"https:\\\/\\\/storhogna.se\\\/info-och-inspo\\\/\"]}]},{\"@type\":\"ImageObject\",\"inLanguage\":\"en-GB\",\"@id\":\"https:\\\/\\\/storhogna.se\\\/info-och-inspo\\\/#primaryimage\",\"url\":\"https:\\\/\\\/storhogna.se\\\/wp-content\\\/uploads\\\/vandringsleder-bla-informationsskyltar.jpg\",\"contentUrl\":\"https:\\\/\\\/storhogna.se\\\/wp-content\\\/uploads\\\/vandringsleder-bla-informationsskyltar.jpg\",\"width\":2560,\"height\":1440,\"caption\":\"Bl\u00e5 informationsskyltar som informerar om vandringsleder runt omkring Storhogna H\u00f6gfj\u00e4llshotell & Spa\"},{\"@type\":\"BreadcrumbList\",\"@id\":\"https:\\\/\\\/storhogna.se\\\/info-och-inspo\\\/#breadcrumb\",\"itemListElement\":[{\"@type\":\"ListItem\",\"position\":1,\"name\":\"Hem\",\"item\":\"https:\\\/\\\/storhogna.se\\\/\"},{\"@type\":\"ListItem\",\"position\":2,\"name\":\"Info\"}]},{\"@type\":\"WebSite\",\"@id\":\"https:\\\/\\\/storhogna.se\\\/#website\",\"url\":\"https:\\\/\\\/storhogna.se\\\/\",\"name\":\"Storhogna H\u00f6gfj\u00e4llshotell &amp; Spa\",\"description\":\"Ett genuint h\u00f6gfj\u00e4llshotell med spa\",\"potentialAction\":[{\"@type\":\"SearchAction\",\"target\":{\"@type\":\"EntryPoint\",\"urlTemplate\":\"https:\\\/\\\/storhogna.se\\\/?s={search_term_string}\"},\"query-input\":{\"@type\":\"PropertyValueSpecification\",\"valueRequired\":true,\"valueName\":\"search_term_string\"}}],\"inLanguage\":\"en-GB\"}]}<\/script>\n<!-- \/ Yoast SEO plugin. -->","yoast_head_json":{"title":"Information &amp; inspiration | Storhogna H\u00f6gfj\u00e4llshotell &amp; Spa","description":"Storhogna h\u00f6gfj\u00e4llshotell &amp; Spa is beautifully situated in the Vemdals mountains. Here you have the opportunity for experiences that provide great memories and pleasant impressions in everyday life.","robots":{"index":"index","follow":"follow","max-snippet":"max-snippet:-1","max-image-preview":"max-image-preview:large","max-video-preview":"max-video-preview:-1"},"canonical":"https:\/\/storhogna.se\/en\/info-and-inspiration\/","og_locale":"en_GB","og_type":"article","og_title":"Information & inspiration | Storhogna H\u00f6gfj\u00e4llshotell & Spa","og_description":"Storhogna h\u00f6gfj\u00e4llshotell & Spa \u00e4r vackert bel\u00e4get i Vemdalsfj\u00e4llen. H\u00e4r finns m\u00f6jlighet till upplevelser som ger fina minnen och sk\u00f6na avtryck i vardagen.","og_url":"https:\/\/storhogna.se\/en\/info-and-inspiration\/","og_site_name":"Storhogna H\u00f6gfj\u00e4llshotell &amp; Spa","article_publisher":"https:\/\/www.facebook.com\/storhogna","article_modified_time":"2025-08-08T13:09:01+00:00","og_image":[{"width":2560,"height":1440,"url":"https:\/\/storhogna.se\/wp-content\/uploads\/vandringsleder-bla-informationsskyltar.jpg","type":"image\/jpeg"}],"twitter_card":"summary_large_image","twitter_misc":{"Estimated reading time":"1 minute"},"schema":{"@context":"https:\/\/schema.org","@graph":[{"@type":"WebPage","@id":"https:\/\/storhogna.se\/info-och-inspo\/","url":"https:\/\/storhogna.se\/info-och-inspo\/","name":"Information &amp; inspiration | Storhogna H\u00f6gfj\u00e4llshotell &amp; Spa","isPartOf":{"@id":"https:\/\/storhogna.se\/#website"},"primaryImageOfPage":{"@id":"https:\/\/storhogna.se\/info-och-inspo\/#primaryimage"},"image":{"@id":"https:\/\/storhogna.se\/info-och-inspo\/#primaryimage"},"thumbnailUrl":"https:\/\/storhogna.se\/wp-content\/uploads\/vandringsleder-bla-informationsskyltar.jpg","datePublished":"2022-03-28T11:47:36+00:00","dateModified":"2025-08-08T13:09:01+00:00","description":"Storhogna h\u00f6gfj\u00e4llshotell &amp; Spa is beautifully situated in the Vemdals mountains. Here you have the opportunity for experiences that provide great memories and pleasant impressions in everyday life.","breadcrumb":{"@id":"https:\/\/storhogna.se\/info-och-inspo\/#breadcrumb"},"inLanguage":"en-GB","potentialAction":[{"@type":"ReadAction","target":["https:\/\/storhogna.se\/info-och-inspo\/"]}]},{"@type":"ImageObject","inLanguage":"en-GB","@id":"https:\/\/storhogna.se\/info-och-inspo\/#primaryimage","url":"https:\/\/storhogna.se\/wp-content\/uploads\/vandringsleder-bla-informationsskyltar.jpg","contentUrl":"https:\/\/storhogna.se\/wp-content\/uploads\/vandringsleder-bla-informationsskyltar.jpg","width":2560,"height":1440,"caption":"Bl\u00e5 informationsskyltar som informerar om vandringsleder runt omkring Storhogna H\u00f6gfj\u00e4llshotell & Spa"},{"@type":"BreadcrumbList","@id":"https:\/\/storhogna.se\/info-och-inspo\/#breadcrumb","itemListElement":[{"@type":"ListItem","position":1,"name":"Hem","item":"https:\/\/storhogna.se\/"},{"@type":"ListItem","position":2,"name":"Info"}]},{"@type":"WebSite","@id":"https:\/\/storhogna.se\/#website","url":"https:\/\/storhogna.se\/","name":"Storhogna High Mountain Hotel &amp; Spa","description":"A genuine high mountain hotel with spa","potentialAction":[{"@type":"SearchAction","target":{"@type":"EntryPoint","urlTemplate":"https:\/\/storhogna.se\/?s={search_term_string}"},"query-input":{"@type":"PropertyValueSpecification","valueRequired":true,"valueName":"search_term_string"}}],"inLanguage":"en-GB"}]}},"_links":{"self":[{"href":"https:\/\/storhogna.se\/en\/wp-json\/wp\/v2\/pages\/224","targetHints":{"allow":["GET"]}}],"collection":[{"href":"https:\/\/storhogna.se\/en\/wp-json\/wp\/v2\/pages"}],"about":[{"href":"https:\/\/storhogna.se\/en\/wp-json\/wp\/v2\/types\/page"}],"author":[{"embeddable":true,"href":"https:\/\/storhogna.se\/en\/wp-json\/wp\/v2\/users\/2"}],"replies":[{"embeddable":true,"href":"https:\/\/storhogna.se\/en\/wp-json\/wp\/v2\/comments?post=224"}],"version-history":[{"count":12,"href":"https:\/\/storhogna.se\/en\/wp-json\/wp\/v2\/pages\/224\/revisions"}],"predecessor-version":[{"id":15180,"href":"https:\/\/storhogna.se\/en\/wp-json\/wp\/v2\/pages\/224\/revisions\/15180"}],"wp:featuredmedia":[{"embeddable":true,"href":"https:\/\/storhogna.se\/en\/wp-json\/wp\/v2\/media\/2821"}],"wp:attachment":[{"href":"https:\/\/storhogna.se\/en\/wp-json\/wp\/v2\/media?parent=224"}],"wp:term":[{"taxonomy":"category","embeddable":true,"href":"https:\/\/storhogna.se\/en\/wp-json\/wp\/v2\/categories?post=224"},{"taxonomy":"post_tag","embeddable":true,"href":"https:\/\/storhogna.se\/en\/wp-json\/wp\/v2\/tags?post=224"}],"curies":[{"name":"wp","href":"https:\/\/api.w.org\/{rel}","templated":true}]}}