{"id":2702,"date":"2022-05-23T14:46:05","date_gmt":"2022-05-23T12:46:05","guid":{"rendered":"https:\/\/stage.storhogna.se\/?page_id=2702"},"modified":"2026-04-13T09:57:25","modified_gmt":"2026-04-13T07:57:25","slug":"the-journey-here","status":"publish","type":"page","link":"https:\/\/storhogna.se\/en\/info-och-inspo\/resan-hit\/","title":{"rendered":"The journey here"},"content":{"rendered":"<div class=\"hero-slider\"><div class=\"splide\" data-slider=\"hero\" data-arrows=\"true\" data-interval=\"5\" data-transition=\"loop\" data-start-index=\"0\" id=\"hero-slider_1776066393573\" data-id=\"hero-slider_1776066393573\" data-custom-arrows=\"true\"><div class=\"splide__track\"><ul class=\"splide__list\"><li class=\"splide__slide\"><picture><source media=\"(max-width: 340px)\" srcset=\"https:\/\/storhogna.se\/wp-content\/uploads\/snalltaget-enafors-300x169.jpg\"\/><source media=\"(min-width: 341px)\" srcset=\"https:\/\/storhogna.se\/wp-content\/uploads\/snalltaget-enafors.jpg\"\/><img fetchpriority=\"high\" decoding=\"async\" class=\"fullscreen-image\" src=\"https:\/\/storhogna.se\/wp-content\/uploads\/snalltaget-enafors.jpg\" alt=\"Enafors fast train\" width=\"2560\" height=\"1440\" loading=\"eager\" style=\"object-position:50% 50%\"\/><\/picture><\/li><\/ul><\/div><\/div><div class=\"hero-slider__filter\" data-active=\"true\"><\/div><div class=\"hero-slider__fixed-content\"><div class=\"hero-slider__text-block\" data-visible=\"true\"><div class=\"hero-slider__text-block-inner\">\n<div class=\"wp-block-columns is-layout-flex wp-container-core-columns-is-layout-9d6595d7 wp-block-columns-is-layout-flex\">\n<div class=\"wp-block-column is-layout-flow wp-block-column-is-layout-flow\">\n<h1 class=\"wp-block-heading\">The journey here<\/h1>\n\n\n\n<p>All roads lead to Storhogna<\/p>\n<\/div>\n\n\n\n<div class=\"wp-block-column is-layout-flow wp-block-column-is-layout-flow\">\n<p>There are many options for travelling to Storhogna and Vemdalsfj\u00e4llen. The journey planner can help you find the closest route by car, train, plane and bus.<\/p>\n<\/div>\n<\/div>\n<\/div><\/div><\/div><\/div>\n\n\n<div class=\"media-and-text\">\n    <div class=\"media-and-text__layout media-and-text__layout--invert  default-color default-background\">\n      <div class=\"media-and-text__media\">\n                  <img decoding=\"async\"\n          class=\"media-and-text__single-image\"\n          src=\"https:\/\/storhogna.se\/wp-content\/uploads\/snalltaget-station-1200x844.jpg\"\n          srcset=\"https:\/\/storhogna.se\/wp-content\/uploads\/snalltaget-station-1200x844.jpg 1200w, https:\/\/storhogna.se\/wp-content\/uploads\/snalltaget-station-1200x844.jpg 1200w\"\n          sizes=\"auto, (max-width: 500px) 1200px, 1200px\"\n          alt=\"Snow train standing at a station in winter landscape\"\n          width=\"1200\" \n          height=\"844\" \n          loading=\"lazy\"\n          \/>\n              <\/div>\n      <div class=\"media-and-text__content top\">\n        <div class=\"media-and-text__content-container\">\n          <div class=\"media-and-text__text\">\n            <h2>Information<\/h2>\n<p>Distances: Stockholm 47 miles, Gothenburg 65 miles, Oslo 47 miles, Sundsvall 20 miles, \u00d6stersund 11 miles, Sveg 8 miles, R\u00f6jan 2 miles.<\/p>\n<h3>By train<\/h3>\n<p>Take the train to R\u00f6jan Station or \u00d6stersund C and take a bus or taxi to Storhogna.<\/p>\n<p><strong>SNOW TRAIN<\/strong> - select destination \"Storhogna Hotell\" (December-April).<br \/>\n<a href=\"https:\/\/www.snalltaget.se\/\" target=\"_blank\" rel=\"noopener\">Book the Sn\u00e4llt\u00e5get train &gt;&gt;<\/a><\/p>\n<p><strong>SEA AND INLAND WATERWAY<\/strong> - choose destination \"Storhogna Hotell\" (Dec-April) or \"R\u00f6jan Station\" (Jul-Aug)<strong><br \/>\n<\/strong><a href=\"https:\/\/www.sj.se\/#\/\" target=\"_blank\" rel=\"noopener\">Book SJ &gt;&gt;<\/a><br \/>\n<a href=\"https:\/\/inlandsbanan.se\/\" target=\"_blank\" rel=\"noopener\">Book the inland railway &gt;&gt; (summer only)<\/a><\/p>\n<h3>TAXITRANSFER R\u00f6jan Station - Storhogna<\/h3>\n<p><a href=\"https:\/\/taxiklovsjovemdalen.se\/\" target=\"_blank\" rel=\"noopener\">Book directly with Taxi Kl\u00f6vsj\u00f6 Vemdalen &gt;&gt;<\/a><\/p>\n\n          <\/div>\n                            <\/div>\n      <\/div>\n    <\/div>\n  <\/div>\n\n\n<div class=\"media-and-text\">\n    <div class=\"media-and-text__layout  default-color default-background\">\n      <div class=\"media-and-text__media\">\n                  <img decoding=\"async\"\n          class=\"media-and-text__single-image\"\n          src=\"https:\/\/storhogna.se\/wp-content\/uploads\/harjedalingen.jpg\"\n          srcset=\"https:\/\/storhogna.se\/wp-content\/uploads\/harjedalingen.jpg 640w, https:\/\/storhogna.se\/wp-content\/uploads\/harjedalingen.jpg 640w\"\n          sizes=\"auto, (max-width: 500px) 640px, 640px\"\n          alt=\"bus tour with H\u00e4rjedalingen\"\n          width=\"640\" \n          height=\"427\" \n          loading=\"lazy\"\n          \/>\n              <\/div>\n      <div class=\"media-and-text__content top\">\n        <div class=\"media-and-text__content-container\">\n          <div class=\"media-and-text__text\">\n            <h2>BY BUS<\/h2>\n<p><strong>THE HEREDITARY VALLEY<\/strong><\/p>\n<p><!-- \/wp:paragraph --><\/p>\n<p><!-- wp:paragraph --><\/p>\n<p>Daily services from Stockholm City and Arlanda Terminal 5, among others.<\/p>\n<p><!-- \/wp:paragraph --><\/p>\n<p><!-- wp:paragraph --><\/p>\n<p><a href=\"https:\/\/harjedalingen.se\/\" target=\"_blank\" rel=\"noopener\">Book H\u00e4rjedalingen &gt;&gt;<\/a><\/p>\n<p><!-- \/wp:paragraph --><\/p>\n<p><!-- wp:paragraph --><\/p>\n<p><strong>TAXITRANSFER Bus station Vemdalen By - Storhogna<br \/>\n<\/strong>Transfer for the latest guests:<\/p>\n<p><!-- \/wp:paragraph --><\/p>\n<p><!-- wp:paragraph --><\/p>\n<p>Small car 1-4 people \u00a36.89<br \/>\nLarge car 5-7 people \u00a3954<\/p>\n<p><!-- \/wp:paragraph --><\/p>\n<p><!-- wp:paragraph --><\/p>\n<p><!-- \/wp:paragraph --><\/p>\n<p><!-- wp:paragraph --><\/p>\n<p><!-- \/wp:paragraph --><\/p>\n<p><!-- wp:paragraph --><\/p>\n<p><!-- \/wp:paragraph --><\/p>\n<p><!-- wp:paragraph --><\/p>\n<p>Book directly with Taxi Kl\u00f6vsj\u00f6 Vemdalen and enter your booking reference number.<br \/>\n<a href=\"https:\/\/taxiklovsjovemdalen.se\/\" target=\"_blank\" rel=\"noopener\">Book a taxi<\/a> or call 0706-225226.<\/p>\n<p><!-- \/wp:paragraph --><\/p>\n<p><!-- wp:paragraph --><\/p>\n<p><strong>SKISTAR BUS<\/strong><\/p>\n<p><!-- \/wp:paragraph --><\/p>\n<p><!-- wp:paragraph --><\/p>\n<p>Local bus between ski resorts<\/p>\n<p><!-- \/wp:paragraph --><\/p>\n<p><!-- wp:paragraph --><\/p>\n<p>Between Dec-Apr, the \"SkiStar bus\" serves Vemdalen with departures between Storhogna, Bj\u00f6rnrike, Vemdalsskalet, Kl\u00f6vsj\u00f6 and R\u00f6jan station. <a href=\"https:\/\/www.skistar.com\/sv\/vara-skidorter\/vemdalen\/vinter-i-vemdalen\/servicetjanster\/skidbuss\/\" target=\"_blank\" rel=\"noopener\">Read more about SkiStar bus &gt;&gt;<\/a><\/p>\n<p><!-- \/wp:paragraph --><\/p>\n\n          <\/div>\n                            <\/div>\n      <\/div>\n    <\/div>\n  <\/div>\n\n\n<div class=\"media-and-text\">\n    <div class=\"media-and-text__layout media-and-text__layout--invert  default-color default-background\">\n      <div class=\"media-and-text__media\">\n                  <img decoding=\"async\"\n          class=\"media-and-text__single-image\"\n          src=\"https:\/\/storhogna.se\/wp-content\/uploads\/bee-charging.jpg\"\n          srcset=\"https:\/\/storhogna.se\/wp-content\/uploads\/bee-charging.jpg 1200w, https:\/\/storhogna.se\/wp-content\/uploads\/bee-charging.jpg 1200w\"\n          sizes=\"auto, (max-width: 500px) 1200px, 1200px\"\n          alt=\"Charge your car with us with Bee Charging\"\n          width=\"1200\" \n          height=\"600\" \n          loading=\"lazy\"\n          \/>\n              <\/div>\n      <div class=\"media-and-text__content top\">\n        <div class=\"media-and-text__content-container\">\n          <div class=\"media-and-text__text\">\n            <h2>BY CAR<\/h2>\n<p><!-- \/wp:paragraph --><\/p>\n<p><!-- wp:paragraph --><\/p>\n<p><strong>From Stockholm via T\u00f6nnebro<\/strong><\/p>\n<p><!-- \/wp:paragraph --><\/p>\n<p><!-- wp:paragraph --><\/p>\n<p>Drive the E4 northwards to T\u00f6nnebro. Take road 83 via Bolln\u00e4s-J\u00e4rvs\u00f6 to Ljusdal-K\u00e5rb\u00f6le. Take road 296 to E45 towards \u00d6stersund, at R\u00e4tan turn left onto 315 towards Storhogna \/ Vemdalen \/ Kl\u00f6vsj\u00f6.<\/p>\n<p><!-- \/wp:paragraph --><\/p>\n<p><!-- wp:paragraph --><\/p>\n<p>Follow 315 to the Storhogna sign, turn left onto Storhognav\u00e4gen and follow it until the road almost ends where Storhogna H\u00f6gfj\u00e4llshotell &amp; Spa is located.<\/p>\n<p><!-- \/wp:paragraph --><\/p>\n<p><!-- wp:paragraph --><\/p>\n<p><strong>From Stockholm via Hudiksvall<\/strong><\/p>\n<p><!-- \/wp:paragraph --><\/p>\n<p><!-- wp:paragraph --><\/p>\n<p>Drive the E4 northwards to Hudiksvall. Take road 84 via Hudiksvall-Delsbo-Ljusdal-K\u00e5rb\u00f6le. Take road 296 to E45 towards \u00d6stersund, at R\u00e4tan turn left onto 315 towards Storhogna \/ Vemdalen \/ Kl\u00f6vsj\u00f6.<\/p>\n<p><!-- \/wp:paragraph --><\/p>\n<p><!-- wp:paragraph --><\/p>\n<p>Follow 315 to the Storhogna sign, turn left onto Storhognav\u00e4gen and follow it until the road almost ends where Storhogna H\u00f6gfj\u00e4llshotell &amp; Spa is located.<\/p>\n<p><!-- \/wp:paragraph --><\/p>\n<p><!-- wp:paragraph --><\/p>\n<p><strong>From Gothenburg and Malm\u00f6<\/strong><\/p>\n<p><!-- \/wp:paragraph --><\/p>\n<p><!-- wp:paragraph --><\/p>\n<p>Take road 45 to Sveg. Take road 84 towards Fun\u00e4sdalen, turn towards Vemdalen and then take road 315 to Storhogna. Follow 315 until the sign Storhogna, turn left on Storhognav\u00e4gen and follow it until the road almost ends where Storhogna H\u00f6gfj\u00e4llshotell &amp; Spa is located.<\/p>\n<p><!-- \/wp:paragraph --><\/p>\n<p><!-- wp:paragraph --><\/p>\n<p><strong>Charging points for electric cars:<\/strong><\/p>\n<p><!-- \/wp:paragraph --><\/p>\n<p><!-- wp:paragraph --><\/p>\n<p>At the hotel there are 4 charging points from the supplier Chargeode. Download the ChargeNode app. Read more about it <a href=\"https:\/\/chargenode.eu\/ladda\/\">here &gt;&gt;<\/a>. The charging points are not bookable. More charging points are available at Storhogna M, Vemdalsskalet, Vemdalen and Kl\u00f6vsj\u00f6.\u00a0<a href=\"https:\/\/chargefinder.com\/se\" target=\"_blank\" rel=\"noopener\">See loading map &gt;&gt;\u00a0<\/a><\/p>\n<p><!-- \/wp:paragraph --><\/p>\n<p><!-- wp:paragraph --><\/p>\n<p><!-- \/wp:paragraph --><\/p>\n<p><!-- wp:paragraph --><\/p>\n<p><!-- \/wp:paragraph --><\/p>\n\n          <\/div>\n                            <\/div>\n      <\/div>\n    <\/div>\n  <\/div>\n\n\n<div class=\"media-and-text\">\n    <div class=\"media-and-text__layout  default-color default-background\">\n      <div class=\"media-and-text__media\">\n                  <img decoding=\"async\"\n          class=\"media-and-text__single-image\"\n          src=\"https:\/\/storhogna.se\/wp-content\/uploads\/are-ostersund.jpg\"\n          srcset=\"https:\/\/storhogna.se\/wp-content\/uploads\/are-ostersund.jpg 960w, https:\/\/storhogna.se\/wp-content\/uploads\/are-ostersund.jpg 960w\"\n          sizes=\"auto, (max-width: 500px) 960px, 960px\"\n          alt=\"\u00c5re \u00d6stersund Airport\"\n          width=\"960\" \n          height=\"720\" \n          loading=\"lazy\"\n          \/>\n              <\/div>\n      <div class=\"media-and-text__content top\">\n        <div class=\"media-and-text__content-container\">\n          <div class=\"media-and-text__text\">\n            <p><!-- wp:paragraph --><\/p>\n<h2>BY AIR<\/h2>\n<p><strong>Fly to Sveg and take a rental car with Hertz to Storhogna (86 km) or transfer\u00a0<\/strong><\/p>\n<p><strong>Jonair<\/strong> - Flights from Arlanda with a stopover in Mora to Sveg Airport<br \/>\n<a href=\"https:\/\/jonair.se\/\" target=\"_blank\" rel=\"noopener\">Book Jonair.se &gt;&gt;<\/a><\/p>\n<p><strong>Sveg Airport<br \/>\n<\/strong>At Sveg Airport, you can rent a car from Hertz.<br \/>\n<a href=\"https:\/\/www.hertz.se\/p\/biluthyrning\/sverige\/sveg\" target=\"_blank\" rel=\"noopener\">Find a hire car &gt;&gt;<\/a><\/p>\n<p><strong>TAXITRANSFER \u00d6stersund Airport \u2013 Storhogna<br \/>\n<\/strong>Transfer to use the guests:<br \/>\nSmall car 1-4 people 2385 kr<br \/>\nLarge car 5-7 people 3339 kr<\/p>\n<p><!-- \/wp:paragraph --><\/p>\n<p><!-- wp:paragraph --><\/p>\n<p><!-- \/wp:paragraph --><\/p>\n<p><!-- wp:paragraph --><\/p>\n<p><!-- \/wp:paragraph --><\/p>\n<p><!-- wp:paragraph --><\/p>\n<p><!-- \/wp:paragraph --><\/p>\n<p><!-- wp:paragraph --><\/p>\n<p><!-- \/wp:paragraph --><\/p>\n<p><!-- wp:paragraph --><\/p>\n<p>Book directly with Taxi Kl\u00f6vsj\u00f6 Vemdalen and enter your booking reference number.<br \/>\n<a href=\"https:\/\/taxiklovsjovemdalen.se\/\" target=\"_blank\" rel=\"noopener\">Book a taxi<\/a> or call 0706-225226<\/p>\n<p><!-- \/wp:paragraph --><\/p>\n<p><!-- wp:paragraph --><\/p>\n<p><!-- \/wp:paragraph --><\/p>\n<p><!-- wp:paragraph --><\/p>\n<p><strong>Fly to \u00d6stersund and take a transfer or hire car to Storhogna (110 km).<\/strong><\/p>\n<p><!-- \/wp:paragraph --><\/p>\n<p><!-- wp:paragraph --><\/p>\n<p><strong>SAS<\/strong> - Direct flights Stockholm Arlanda - \u00d6stersund<br \/>\n<a href=\"https:\/\/www.sas.se\/\" target=\"_blank\" rel=\"noopener\">Book SAS &gt;&gt;<\/a><\/p>\n<p><!-- \/wp:paragraph --><\/p>\n<p><!-- wp:paragraph --><\/p>\n<p><!-- \/wp:paragraph --><\/p>\n<p><!-- wp:paragraph --><\/p>\n<p><!-- \/wp:paragraph --><\/p>\n<p><!-- wp:paragraph --><\/p>\n<p><!-- \/wp:paragraph --><\/p>\n<p><!-- wp:paragraph --><\/p>\n<p><strong>CAR HIRE \u00d6stersund Airport<br \/>\n<\/strong>At \u00d6stersund Airport you can rent a car from Avis, Europcar, Hertz and Sixt.<br \/>\n<a href=\"https:\/\/www.swedavia.se\/ostersund\/hyrbil\/\" target=\"_blank\" rel=\"noopener\">Find a hire car &gt;&gt;<\/a><\/p>\n<p><!-- \/wp:paragraph --><\/p>\n<p><!-- wp:paragraph --><\/p>\n<p><!-- \/wp:paragraph --><\/p>\n<p><!-- wp:paragraph --><\/p>\n<p><!-- \/wp:paragraph --><\/p>\n<p><!-- wp:paragraph --><\/p>\n<p><strong>TAXIT TRANSFER \u00d6stersund airport - Storhogna<br \/>\n<\/strong>Transfer to use the guests:<br \/>\nSmall car 1-4 people 2676 kr<br \/>\nLarge car 5-7 people 4107 kr<\/p>\n<p><!-- \/wp:paragraph --><\/p>\n<p><!-- wp:paragraph --><\/p>\n<p><!-- \/wp:paragraph --><\/p>\n<p><!-- wp:paragraph --><\/p>\n<p><!-- \/wp:paragraph --><\/p>\n<p><!-- wp:paragraph --><\/p>\n<p><!-- \/wp:paragraph --><\/p>\n<p><!-- wp:paragraph --><\/p>\n<p><!-- \/wp:paragraph --><\/p>\n<p><!-- wp:paragraph --><\/p>\n<p>Book directly with Taxi Kl\u00f6vsj\u00f6 Vemdalen and enter your booking reference number.<br \/>\n<a href=\"https:\/\/taxiklovsjovemdalen.se\/\" target=\"_blank\" rel=\"noopener\">Book a taxi<\/a> or call 0706-225226<\/p>\n<p><!-- \/wp:paragraph --><\/p>\n<p><!-- wp:paragraph --><\/p>\n<p><!-- \/wp:paragraph --><\/p>\n<p><!-- wp:paragraph --><\/p>\n<p><!-- \/wp:paragraph --><\/p>\n<p><!-- wp:paragraph --><\/p>\n<p><!-- \/wp:paragraph --><\/p>\n<p><!-- wp:paragraph --><\/p>\n<p><!-- \/wp:paragraph --><\/p>\n\n          <\/div>\n                            <\/div>\n      <\/div>\n    <\/div>\n  <\/div>","protected":false},"excerpt":{"rendered":"<p>There are many options for travelling to Storhogna and Vemdalsfj\u00e4llen. The journey planner can help you find the closest route by car, train, plane and bus.<\/p>","protected":false},"author":2,"featured_media":2837,"parent":224,"menu_order":4,"comment_status":"closed","ping_status":"closed","template":"","meta":{"_acf_changed":false,"footnotes":""},"categories":[42],"tags":[],"class_list":["post-2702","page","type-page","status-publish","has-post-thumbnail","hentry","category-info-inspo"],"acf":[],"yoast_head":"<!-- This site is optimized with the Yoast SEO plugin v27.3 - https:\/\/yoast.com\/product\/yoast-seo-wordpress\/ -->\n<title>Resan hit - Alternativ att resa hit | Storhogna H\u00f6gfj\u00e4llshotell &amp; Spa<\/title>\n<meta name=\"description\" content=\"Det finns m\u00e5nga alternativ att resa till Storhogna och Vemdalsfj\u00e4llen. Reseplaneraren kan hj\u00e4lpa dig att hitta n\u00e4rmaste v\u00e4g med bil, t\u00e5g, flyg och buss.\" \/>\n<meta name=\"robots\" content=\"index, follow, max-snippet:-1, max-image-preview:large, max-video-preview:-1\" \/>\n<link rel=\"canonical\" href=\"https:\/\/storhogna.se\/en\/info-and-inspiration\/the-journey-here\/\" \/>\n<meta property=\"og:locale\" content=\"en_GB\" \/>\n<meta property=\"og:type\" content=\"article\" \/>\n<meta property=\"og:title\" content=\"Resan hit - Alternativ att resa hit | Storhogna H\u00f6gfj\u00e4llshotell &amp; Spa\" \/>\n<meta property=\"og:description\" content=\"Det finns m\u00e5nga alternativ att resa till Storhogna och Vemdalsfj\u00e4llen. Reseplaneraren kan hj\u00e4lpa dig att hitta n\u00e4rmaste v\u00e4g med bil, t\u00e5g, flyg och buss.\" \/>\n<meta property=\"og:url\" content=\"https:\/\/storhogna.se\/en\/info-and-inspiration\/the-journey-here\/\" \/>\n<meta property=\"og:site_name\" content=\"Storhogna H\u00f6gfj\u00e4llshotell &amp; Spa\" \/>\n<meta property=\"article:publisher\" content=\"https:\/\/www.facebook.com\/storhogna\" \/>\n<meta property=\"article:modified_time\" content=\"2026-04-13T07:57:25+00:00\" \/>\n<meta property=\"og:image\" content=\"https:\/\/storhogna.se\/wp-content\/uploads\/snalltaget-enafors.jpg\" \/>\n\t<meta property=\"og:image:width\" content=\"2560\" \/>\n\t<meta property=\"og:image:height\" content=\"1440\" \/>\n\t<meta property=\"og:image:type\" content=\"image\/jpeg\" \/>\n<meta name=\"twitter:card\" content=\"summary_large_image\" \/>\n<meta name=\"twitter:label1\" content=\"Estimated reading time\" \/>\n\t<meta name=\"twitter:data1\" content=\"1 minute\" \/>\n<script type=\"application\/ld+json\" class=\"yoast-schema-graph\">{\"@context\":\"https:\\\/\\\/schema.org\",\"@graph\":[{\"@type\":\"WebPage\",\"@id\":\"https:\\\/\\\/storhogna.se\\\/info-och-inspo\\\/resan-hit\\\/\",\"url\":\"https:\\\/\\\/storhogna.se\\\/info-och-inspo\\\/resan-hit\\\/\",\"name\":\"Resan hit - Alternativ att resa hit | Storhogna H\u00f6gfj\u00e4llshotell & Spa\",\"isPartOf\":{\"@id\":\"https:\\\/\\\/storhogna.se\\\/#website\"},\"primaryImageOfPage\":{\"@id\":\"https:\\\/\\\/storhogna.se\\\/info-och-inspo\\\/resan-hit\\\/#primaryimage\"},\"image\":{\"@id\":\"https:\\\/\\\/storhogna.se\\\/info-och-inspo\\\/resan-hit\\\/#primaryimage\"},\"thumbnailUrl\":\"https:\\\/\\\/storhogna.se\\\/wp-content\\\/uploads\\\/snalltaget-enafors.jpg\",\"datePublished\":\"2022-05-23T12:46:05+00:00\",\"dateModified\":\"2026-04-13T07:57:25+00:00\",\"description\":\"Det finns m\u00e5nga alternativ att resa till Storhogna och Vemdalsfj\u00e4llen. Reseplaneraren kan hj\u00e4lpa dig att hitta n\u00e4rmaste v\u00e4g med bil, t\u00e5g, flyg och buss.\",\"breadcrumb\":{\"@id\":\"https:\\\/\\\/storhogna.se\\\/info-och-inspo\\\/resan-hit\\\/#breadcrumb\"},\"inLanguage\":\"en-GB\",\"potentialAction\":[{\"@type\":\"ReadAction\",\"target\":[\"https:\\\/\\\/storhogna.se\\\/info-och-inspo\\\/resan-hit\\\/\"]}]},{\"@type\":\"ImageObject\",\"inLanguage\":\"en-GB\",\"@id\":\"https:\\\/\\\/storhogna.se\\\/info-och-inspo\\\/resan-hit\\\/#primaryimage\",\"url\":\"https:\\\/\\\/storhogna.se\\\/wp-content\\\/uploads\\\/snalltaget-enafors.jpg\",\"contentUrl\":\"https:\\\/\\\/storhogna.se\\\/wp-content\\\/uploads\\\/snalltaget-enafors.jpg\",\"width\":2560,\"height\":1440,\"caption\":\"Sn\u00e4llt\u00e5get Enafors\"},{\"@type\":\"BreadcrumbList\",\"@id\":\"https:\\\/\\\/storhogna.se\\\/info-och-inspo\\\/resan-hit\\\/#breadcrumb\",\"itemListElement\":[{\"@type\":\"ListItem\",\"position\":1,\"name\":\"Hem\",\"item\":\"https:\\\/\\\/storhogna.se\\\/\"},{\"@type\":\"ListItem\",\"position\":2,\"name\":\"Info\",\"item\":\"https:\\\/\\\/storhogna.se\\\/info-och-inspo\\\/\"},{\"@type\":\"ListItem\",\"position\":3,\"name\":\"Resan hit\"}]},{\"@type\":\"WebSite\",\"@id\":\"https:\\\/\\\/storhogna.se\\\/#website\",\"url\":\"https:\\\/\\\/storhogna.se\\\/\",\"name\":\"Storhogna H\u00f6gfj\u00e4llshotell &amp; Spa\",\"description\":\"Ett genuint h\u00f6gfj\u00e4llshotell med spa\",\"potentialAction\":[{\"@type\":\"SearchAction\",\"target\":{\"@type\":\"EntryPoint\",\"urlTemplate\":\"https:\\\/\\\/storhogna.se\\\/?s={search_term_string}\"},\"query-input\":{\"@type\":\"PropertyValueSpecification\",\"valueRequired\":true,\"valueName\":\"search_term_string\"}}],\"inLanguage\":\"en-GB\"}]}<\/script>\n<!-- \/ Yoast SEO plugin. -->","yoast_head_json":{"title":"Travelling here - Alternatives to travelling here | Storhogna H\u00f6gfj\u00e4llshotell &amp; Spa","description":"There are many options for travelling to Storhogna and Vemdalsfj\u00e4llen. The journey planner can help you find the closest route by car, train, plane and bus.","robots":{"index":"index","follow":"follow","max-snippet":"max-snippet:-1","max-image-preview":"max-image-preview:large","max-video-preview":"max-video-preview:-1"},"canonical":"https:\/\/storhogna.se\/en\/info-and-inspiration\/the-journey-here\/","og_locale":"en_GB","og_type":"article","og_title":"Resan hit - Alternativ att resa hit | Storhogna H\u00f6gfj\u00e4llshotell & Spa","og_description":"Det finns m\u00e5nga alternativ att resa till Storhogna och Vemdalsfj\u00e4llen. Reseplaneraren kan hj\u00e4lpa dig att hitta n\u00e4rmaste v\u00e4g med bil, t\u00e5g, flyg och buss.","og_url":"https:\/\/storhogna.se\/en\/info-and-inspiration\/the-journey-here\/","og_site_name":"Storhogna H\u00f6gfj\u00e4llshotell &amp; Spa","article_publisher":"https:\/\/www.facebook.com\/storhogna","article_modified_time":"2026-04-13T07:57:25+00:00","og_image":[{"width":2560,"height":1440,"url":"https:\/\/storhogna.se\/wp-content\/uploads\/snalltaget-enafors.jpg","type":"image\/jpeg"}],"twitter_card":"summary_large_image","twitter_misc":{"Estimated reading time":"1 minute"},"schema":{"@context":"https:\/\/schema.org","@graph":[{"@type":"WebPage","@id":"https:\/\/storhogna.se\/info-och-inspo\/resan-hit\/","url":"https:\/\/storhogna.se\/info-och-inspo\/resan-hit\/","name":"Travelling here - Alternatives to travelling here | Storhogna H\u00f6gfj\u00e4llshotell &amp; Spa","isPartOf":{"@id":"https:\/\/storhogna.se\/#website"},"primaryImageOfPage":{"@id":"https:\/\/storhogna.se\/info-och-inspo\/resan-hit\/#primaryimage"},"image":{"@id":"https:\/\/storhogna.se\/info-och-inspo\/resan-hit\/#primaryimage"},"thumbnailUrl":"https:\/\/storhogna.se\/wp-content\/uploads\/snalltaget-enafors.jpg","datePublished":"2022-05-23T12:46:05+00:00","dateModified":"2026-04-13T07:57:25+00:00","description":"There are many options for travelling to Storhogna and Vemdalsfj\u00e4llen. The journey planner can help you find the closest route by car, train, plane and bus.","breadcrumb":{"@id":"https:\/\/storhogna.se\/info-och-inspo\/resan-hit\/#breadcrumb"},"inLanguage":"en-GB","potentialAction":[{"@type":"ReadAction","target":["https:\/\/storhogna.se\/info-och-inspo\/resan-hit\/"]}]},{"@type":"ImageObject","inLanguage":"en-GB","@id":"https:\/\/storhogna.se\/info-och-inspo\/resan-hit\/#primaryimage","url":"https:\/\/storhogna.se\/wp-content\/uploads\/snalltaget-enafors.jpg","contentUrl":"https:\/\/storhogna.se\/wp-content\/uploads\/snalltaget-enafors.jpg","width":2560,"height":1440,"caption":"Sn\u00e4llt\u00e5get Enafors"},{"@type":"BreadcrumbList","@id":"https:\/\/storhogna.se\/info-och-inspo\/resan-hit\/#breadcrumb","itemListElement":[{"@type":"ListItem","position":1,"name":"Hem","item":"https:\/\/storhogna.se\/"},{"@type":"ListItem","position":2,"name":"Info","item":"https:\/\/storhogna.se\/info-och-inspo\/"},{"@type":"ListItem","position":3,"name":"Resan hit"}]},{"@type":"WebSite","@id":"https:\/\/storhogna.se\/#website","url":"https:\/\/storhogna.se\/","name":"Storhogna High Mountain Hotel &amp; Spa","description":"A genuine high mountain hotel with spa","potentialAction":[{"@type":"SearchAction","target":{"@type":"EntryPoint","urlTemplate":"https:\/\/storhogna.se\/?s={search_term_string}"},"query-input":{"@type":"PropertyValueSpecification","valueRequired":true,"valueName":"search_term_string"}}],"inLanguage":"en-GB"}]}},"_links":{"self":[{"href":"https:\/\/storhogna.se\/en\/wp-json\/wp\/v2\/pages\/2702","targetHints":{"allow":["GET"]}}],"collection":[{"href":"https:\/\/storhogna.se\/en\/wp-json\/wp\/v2\/pages"}],"about":[{"href":"https:\/\/storhogna.se\/en\/wp-json\/wp\/v2\/types\/page"}],"author":[{"embeddable":true,"href":"https:\/\/storhogna.se\/en\/wp-json\/wp\/v2\/users\/2"}],"replies":[{"embeddable":true,"href":"https:\/\/storhogna.se\/en\/wp-json\/wp\/v2\/comments?post=2702"}],"version-history":[{"count":51,"href":"https:\/\/storhogna.se\/en\/wp-json\/wp\/v2\/pages\/2702\/revisions"}],"predecessor-version":[{"id":17006,"href":"https:\/\/storhogna.se\/en\/wp-json\/wp\/v2\/pages\/2702\/revisions\/17006"}],"up":[{"embeddable":true,"href":"https:\/\/storhogna.se\/en\/wp-json\/wp\/v2\/pages\/224"}],"wp:featuredmedia":[{"embeddable":true,"href":"https:\/\/storhogna.se\/en\/wp-json\/wp\/v2\/media\/2837"}],"wp:attachment":[{"href":"https:\/\/storhogna.se\/en\/wp-json\/wp\/v2\/media?parent=2702"}],"wp:term":[{"taxonomy":"category","embeddable":true,"href":"https:\/\/storhogna.se\/en\/wp-json\/wp\/v2\/categories?post=2702"},{"taxonomy":"post_tag","embeddable":true,"href":"https:\/\/storhogna.se\/en\/wp-json\/wp\/v2\/tags?post=2702"}],"curies":[{"name":"wp","href":"https:\/\/api.w.org\/{rel}","templated":true}]}}