{"id":2879,"date":"2022-05-24T09:25:53","date_gmt":"2022-05-24T07:25:53","guid":{"rendered":"https:\/\/stage.storhogna.se\/?page_id=2879"},"modified":"2026-03-05T16:03:24","modified_gmt":"2026-03-05T14:03:24","slug":"policing","status":"publish","type":"page","link":"https:\/\/storhogna.se\/en\/info-och-inspo\/policyer\/","title":{"rendered":"Policies"},"content":{"rendered":"<div class=\"hero-slider\"><div class=\"splide\" data-slider=\"hero\" data-arrows=\"true\" data-interval=\"5\" data-transition=\"loop\" data-start-index=\"0\" id=\"hero-slider_1772718953815\" data-id=\"hero-slider_1772718953815\" data-custom-arrows=\"true\"><div class=\"splide__track\"><ul class=\"splide__list\"><li class=\"splide__slide\"><picture><source media=\"(max-width: 340px)\" srcset=\"https:\/\/storhogna.se\/wp-content\/uploads\/entre-ute-storhogna-hogfjallshotell-och-spa-300x169.jpg\"\/><source media=\"(min-width: 341px)\" srcset=\"https:\/\/storhogna.se\/wp-content\/uploads\/entre-ute-storhogna-hogfjallshotell-och-spa.jpg\"\/><img fetchpriority=\"high\" decoding=\"async\" class=\"fullscreen-image\" src=\"https:\/\/storhogna.se\/wp-content\/uploads\/entre-ute-storhogna-hogfjallshotell-och-spa.jpg\" alt=\"Enter Storhogna H\u00f6gfj\u00e4llshotell &amp; Spa from outside\" width=\"2560\" height=\"1440\" loading=\"eager\" style=\"object-position:50% 50%\"\/><\/picture><\/li><\/ul><\/div><\/div><div class=\"hero-slider__filter\" data-active=\"true\"><\/div><div class=\"hero-slider__fixed-content\"><div class=\"hero-slider__text-block\" data-visible=\"true\"><div class=\"hero-slider__text-block-inner\">\n<div class=\"wp-block-columns is-layout-flex wp-container-core-columns-is-layout-9d6595d7 wp-block-columns-is-layout-flex\">\n<div class=\"wp-block-column is-layout-flow wp-block-column-is-layout-flow\">\n<h1 class=\"wp-block-heading\">Policies<\/h1>\n\n\n\n<p><\/p>\n<\/div>\n\n\n\n<div class=\"wp-block-column is-layout-flow wp-block-column-is-layout-flow\">\n<p>For us at Storhogna H\u00f6gfj\u00e4llshotell &amp; Spa, confidentiality and sustainability work that benefits both current and future generations are important.<\/p>\n<\/div>\n<\/div>\n<\/div><\/div><\/div><\/div>\n\n\n<div class=\"block-listing\">\n  <div class=\"block-listing__layout\">\n                  <div class=\"block-listing__card block-listing__card--default block-listing__card--0\">\n        <a class=\"block-listing__link\" href=\"https:\/\/storhogna.se\/wp-content\/uploads\/pdf\/sekretesspolicy-2022-storhogna-hogfjallshotell-och-spa.pdf\">\n          <div class=\"block-listing__filter\"><\/div>\n                    <img decoding=\"async\" class=\"block-listing__image\" src=\"https:\/\/storhogna.se\/wp-content\/uploads\/DSC_7878-600x600.jpg\" width=\"600\" height=\"600\" alt=\"#\" loading=\"lazy\"\/>\n                              <h3 class=\"block-listing__title\">Privacy policy  <\/h3>\n        <\/a>\n        \n        <div class=\"block-listing__hover-content\">\n          <div>\n            <div class=\"block-listing__hover-title\">\n              Privacy policy\n                          <\/div>\n            <div class=\"block-listing__excerpt\">The GDPR has been developed to ensure that you as a guest feel secure about your rights regarding the handling and dissemination of your personal data and that your data is not used inappropriately.<\/div>                                   <\/div>\n          <div class=\"block-listing__buttons\">\n                                                            <a class=\"block-listing__button block-listing__button--red btn\" href=\"https:\/\/storhogna.se\/wp-content\/uploads\/pdf\/sekretesspolicy-2022-storhogna-hogfjallshotell-och-spa.pdf\" target=\"_blank\">Download our Privacy Policy (pdf)<\/a>\n                      <\/div>\n        <\/div>\n        \n      <\/div>\n                        <div class=\"block-listing__card block-listing__card--default block-listing__card--1\">\n        <a class=\"block-listing__link\" href=\"https:\/\/storhogna.se\/en\/reversibility\/\">\n          <div class=\"block-listing__filter\"><\/div>\n                    <img decoding=\"async\" class=\"block-listing__image\" src=\"https:\/\/storhogna.se\/wp-content\/uploads\/storhogna8004-utan-stormkok-1-600x600.jpg\" width=\"600\" height=\"600\" alt=\"#\" loading=\"lazy\"\/>\n                              <h3 class=\"block-listing__title\">Green Key sustainability work  <\/h3>\n        <\/a>\n        \n        <div class=\"block-listing__hover-content\">\n          <div>\n            <div class=\"block-listing__hover-title\">\n              Green Key sustainability work\n                          <\/div>\n            <div class=\"block-listing__excerpt\">For us at Storhogna H\u00f6gfj\u00e4llshotell &amp; Spa, it is important to work with sustainability that benefits both current and future generations. We operate in a beautiful mountain environment that reminds us daily of the fantastic planet we live on and which we must also protect.<\/div>                                   <\/div>\n          <div class=\"block-listing__buttons\">\n                                                            <a class=\"block-listing__button block-listing__button--red btn\" href=\"https:\/\/storhogna.se\/en\/reversibility\/\" target=\"_blank\">Read more about Green Key<\/a>\n                      <\/div>\n        <\/div>\n        \n      <\/div>\n            <\/div>\n<\/div>","protected":false},"excerpt":{"rendered":"<p>For us at Storhogna H\u00f6gfj\u00e4llshotell &amp; Spa, confidentiality and sustainability work that benefits both current and future generations are important.<\/p>","protected":false},"author":2,"featured_media":1230,"parent":224,"menu_order":6,"comment_status":"closed","ping_status":"closed","template":"","meta":{"_acf_changed":false,"footnotes":""},"categories":[42],"tags":[],"class_list":["post-2879","page","type-page","status-publish","has-post-thumbnail","hentry","category-info-inspo"],"acf":[],"yoast_head":"<!-- This site is optimized with the Yoast SEO plugin v27.3 - https:\/\/yoast.com\/product\/yoast-seo-wordpress\/ -->\n<title>Policyer - Info om GDPR och policyer | Storhogna H\u00f6gfj\u00e4llshotell &amp; Spa<\/title>\n<meta name=\"description\" content=\"F\u00f6r oss p\u00e5 Storhogna H\u00f6gfj\u00e4llshotell &amp; Spa \u00e4r det viktigt med sekretess och ett h\u00e5llbarhetsarbete som gynnar b\u00e5de nuvarande och kommande generationer.\" \/>\n<meta name=\"robots\" content=\"index, follow, max-snippet:-1, max-image-preview:large, max-video-preview:-1\" \/>\n<link rel=\"canonical\" href=\"https:\/\/storhogna.se\/en\/info-and-inspiration\/policing\/\" \/>\n<meta property=\"og:locale\" content=\"en_GB\" \/>\n<meta property=\"og:type\" content=\"article\" \/>\n<meta property=\"og:title\" content=\"Policyer - Info om GDPR och policyer | Storhogna H\u00f6gfj\u00e4llshotell &amp; Spa\" \/>\n<meta property=\"og:description\" content=\"F\u00f6r oss p\u00e5 Storhogna H\u00f6gfj\u00e4llshotell &amp; Spa \u00e4r det viktigt med sekretess och ett h\u00e5llbarhetsarbete som gynnar b\u00e5de nuvarande och kommande generationer.\" \/>\n<meta property=\"og:url\" content=\"https:\/\/storhogna.se\/en\/info-and-inspiration\/policing\/\" \/>\n<meta property=\"og:site_name\" content=\"Storhogna H\u00f6gfj\u00e4llshotell &amp; Spa\" \/>\n<meta property=\"article:publisher\" content=\"https:\/\/www.facebook.com\/storhogna\" \/>\n<meta property=\"article:modified_time\" content=\"2026-03-05T14:03:24+00:00\" \/>\n<meta property=\"og:image\" content=\"https:\/\/storhogna.se\/wp-content\/uploads\/entre-ute-storhogna-hogfjallshotell-och-spa.jpg\" \/>\n\t<meta property=\"og:image:width\" content=\"2560\" \/>\n\t<meta property=\"og:image:height\" content=\"1440\" \/>\n\t<meta property=\"og:image:type\" content=\"image\/jpeg\" \/>\n<meta name=\"twitter:card\" content=\"summary_large_image\" \/>\n<meta name=\"twitter:label1\" content=\"Estimated reading time\" \/>\n\t<meta name=\"twitter:data1\" content=\"1 minute\" \/>\n<script type=\"application\/ld+json\" class=\"yoast-schema-graph\">{\"@context\":\"https:\\\/\\\/schema.org\",\"@graph\":[{\"@type\":\"WebPage\",\"@id\":\"https:\\\/\\\/storhogna.se\\\/info-och-inspo\\\/policyer\\\/\",\"url\":\"https:\\\/\\\/storhogna.se\\\/info-och-inspo\\\/policyer\\\/\",\"name\":\"Policyer - Info om GDPR och policyer | Storhogna H\u00f6gfj\u00e4llshotell & Spa\",\"isPartOf\":{\"@id\":\"https:\\\/\\\/storhogna.se\\\/#website\"},\"primaryImageOfPage\":{\"@id\":\"https:\\\/\\\/storhogna.se\\\/info-och-inspo\\\/policyer\\\/#primaryimage\"},\"image\":{\"@id\":\"https:\\\/\\\/storhogna.se\\\/info-och-inspo\\\/policyer\\\/#primaryimage\"},\"thumbnailUrl\":\"https:\\\/\\\/storhogna.se\\\/wp-content\\\/uploads\\\/entre-ute-storhogna-hogfjallshotell-och-spa.jpg\",\"datePublished\":\"2022-05-24T07:25:53+00:00\",\"dateModified\":\"2026-03-05T14:03:24+00:00\",\"description\":\"F\u00f6r oss p\u00e5 Storhogna H\u00f6gfj\u00e4llshotell & Spa \u00e4r det viktigt med sekretess och ett h\u00e5llbarhetsarbete som gynnar b\u00e5de nuvarande och kommande generationer.\",\"breadcrumb\":{\"@id\":\"https:\\\/\\\/storhogna.se\\\/info-och-inspo\\\/policyer\\\/#breadcrumb\"},\"inLanguage\":\"en-GB\",\"potentialAction\":[{\"@type\":\"ReadAction\",\"target\":[\"https:\\\/\\\/storhogna.se\\\/info-och-inspo\\\/policyer\\\/\"]}]},{\"@type\":\"ImageObject\",\"inLanguage\":\"en-GB\",\"@id\":\"https:\\\/\\\/storhogna.se\\\/info-och-inspo\\\/policyer\\\/#primaryimage\",\"url\":\"https:\\\/\\\/storhogna.se\\\/wp-content\\\/uploads\\\/entre-ute-storhogna-hogfjallshotell-och-spa.jpg\",\"contentUrl\":\"https:\\\/\\\/storhogna.se\\\/wp-content\\\/uploads\\\/entre-ute-storhogna-hogfjallshotell-och-spa.jpg\",\"width\":2560,\"height\":1440,\"caption\":\"Entre Storhogna H\u00f6gfj\u00e4llshotell & Spa utifr\u00e5n\"},{\"@type\":\"BreadcrumbList\",\"@id\":\"https:\\\/\\\/storhogna.se\\\/info-och-inspo\\\/policyer\\\/#breadcrumb\",\"itemListElement\":[{\"@type\":\"ListItem\",\"position\":1,\"name\":\"Hem\",\"item\":\"https:\\\/\\\/storhogna.se\\\/\"},{\"@type\":\"ListItem\",\"position\":2,\"name\":\"Info\",\"item\":\"https:\\\/\\\/storhogna.se\\\/info-och-inspo\\\/\"},{\"@type\":\"ListItem\",\"position\":3,\"name\":\"Policyer\"}]},{\"@type\":\"WebSite\",\"@id\":\"https:\\\/\\\/storhogna.se\\\/#website\",\"url\":\"https:\\\/\\\/storhogna.se\\\/\",\"name\":\"Storhogna H\u00f6gfj\u00e4llshotell &amp; Spa\",\"description\":\"Ett genuint h\u00f6gfj\u00e4llshotell med spa\",\"potentialAction\":[{\"@type\":\"SearchAction\",\"target\":{\"@type\":\"EntryPoint\",\"urlTemplate\":\"https:\\\/\\\/storhogna.se\\\/?s={search_term_string}\"},\"query-input\":{\"@type\":\"PropertyValueSpecification\",\"valueRequired\":true,\"valueName\":\"search_term_string\"}}],\"inLanguage\":\"en-GB\"}]}<\/script>\n<!-- \/ Yoast SEO plugin. -->","yoast_head_json":{"title":"Policies - Info about GDPR and policies | Storhogna H\u00f6gfj\u00e4llshotell &amp; Spa","description":"For us at Storhogna H\u00f6gfj\u00e4llshotell &amp; Spa, confidentiality and sustainability work that benefits both current and future generations are important.","robots":{"index":"index","follow":"follow","max-snippet":"max-snippet:-1","max-image-preview":"max-image-preview:large","max-video-preview":"max-video-preview:-1"},"canonical":"https:\/\/storhogna.se\/en\/info-and-inspiration\/policing\/","og_locale":"en_GB","og_type":"article","og_title":"Policyer - Info om GDPR och policyer | Storhogna H\u00f6gfj\u00e4llshotell & Spa","og_description":"F\u00f6r oss p\u00e5 Storhogna H\u00f6gfj\u00e4llshotell & Spa \u00e4r det viktigt med sekretess och ett h\u00e5llbarhetsarbete som gynnar b\u00e5de nuvarande och kommande generationer.","og_url":"https:\/\/storhogna.se\/en\/info-and-inspiration\/policing\/","og_site_name":"Storhogna H\u00f6gfj\u00e4llshotell &amp; Spa","article_publisher":"https:\/\/www.facebook.com\/storhogna","article_modified_time":"2026-03-05T14:03:24+00:00","og_image":[{"width":2560,"height":1440,"url":"https:\/\/storhogna.se\/wp-content\/uploads\/entre-ute-storhogna-hogfjallshotell-och-spa.jpg","type":"image\/jpeg"}],"twitter_card":"summary_large_image","twitter_misc":{"Estimated reading time":"1 minute"},"schema":{"@context":"https:\/\/schema.org","@graph":[{"@type":"WebPage","@id":"https:\/\/storhogna.se\/info-och-inspo\/policyer\/","url":"https:\/\/storhogna.se\/info-och-inspo\/policyer\/","name":"Policies - Info about GDPR and policies | Storhogna H\u00f6gfj\u00e4llshotell &amp; Spa","isPartOf":{"@id":"https:\/\/storhogna.se\/#website"},"primaryImageOfPage":{"@id":"https:\/\/storhogna.se\/info-och-inspo\/policyer\/#primaryimage"},"image":{"@id":"https:\/\/storhogna.se\/info-och-inspo\/policyer\/#primaryimage"},"thumbnailUrl":"https:\/\/storhogna.se\/wp-content\/uploads\/entre-ute-storhogna-hogfjallshotell-och-spa.jpg","datePublished":"2022-05-24T07:25:53+00:00","dateModified":"2026-03-05T14:03:24+00:00","description":"For us at Storhogna H\u00f6gfj\u00e4llshotell &amp; Spa, confidentiality and sustainability work that benefits both current and future generations are important.","breadcrumb":{"@id":"https:\/\/storhogna.se\/info-och-inspo\/policyer\/#breadcrumb"},"inLanguage":"en-GB","potentialAction":[{"@type":"ReadAction","target":["https:\/\/storhogna.se\/info-och-inspo\/policyer\/"]}]},{"@type":"ImageObject","inLanguage":"en-GB","@id":"https:\/\/storhogna.se\/info-och-inspo\/policyer\/#primaryimage","url":"https:\/\/storhogna.se\/wp-content\/uploads\/entre-ute-storhogna-hogfjallshotell-och-spa.jpg","contentUrl":"https:\/\/storhogna.se\/wp-content\/uploads\/entre-ute-storhogna-hogfjallshotell-och-spa.jpg","width":2560,"height":1440,"caption":"Entre Storhogna H\u00f6gfj\u00e4llshotell & Spa utifr\u00e5n"},{"@type":"BreadcrumbList","@id":"https:\/\/storhogna.se\/info-och-inspo\/policyer\/#breadcrumb","itemListElement":[{"@type":"ListItem","position":1,"name":"Hem","item":"https:\/\/storhogna.se\/"},{"@type":"ListItem","position":2,"name":"Info","item":"https:\/\/storhogna.se\/info-och-inspo\/"},{"@type":"ListItem","position":3,"name":"Policyer"}]},{"@type":"WebSite","@id":"https:\/\/storhogna.se\/#website","url":"https:\/\/storhogna.se\/","name":"Storhogna High Mountain Hotel &amp; Spa","description":"A genuine high mountain hotel with spa","potentialAction":[{"@type":"SearchAction","target":{"@type":"EntryPoint","urlTemplate":"https:\/\/storhogna.se\/?s={search_term_string}"},"query-input":{"@type":"PropertyValueSpecification","valueRequired":true,"valueName":"search_term_string"}}],"inLanguage":"en-GB"}]}},"_links":{"self":[{"href":"https:\/\/storhogna.se\/en\/wp-json\/wp\/v2\/pages\/2879","targetHints":{"allow":["GET"]}}],"collection":[{"href":"https:\/\/storhogna.se\/en\/wp-json\/wp\/v2\/pages"}],"about":[{"href":"https:\/\/storhogna.se\/en\/wp-json\/wp\/v2\/types\/page"}],"author":[{"embeddable":true,"href":"https:\/\/storhogna.se\/en\/wp-json\/wp\/v2\/users\/2"}],"replies":[{"embeddable":true,"href":"https:\/\/storhogna.se\/en\/wp-json\/wp\/v2\/comments?post=2879"}],"version-history":[{"count":26,"href":"https:\/\/storhogna.se\/en\/wp-json\/wp\/v2\/pages\/2879\/revisions"}],"predecessor-version":[{"id":16652,"href":"https:\/\/storhogna.se\/en\/wp-json\/wp\/v2\/pages\/2879\/revisions\/16652"}],"up":[{"embeddable":true,"href":"https:\/\/storhogna.se\/en\/wp-json\/wp\/v2\/pages\/224"}],"wp:featuredmedia":[{"embeddable":true,"href":"https:\/\/storhogna.se\/en\/wp-json\/wp\/v2\/media\/1230"}],"wp:attachment":[{"href":"https:\/\/storhogna.se\/en\/wp-json\/wp\/v2\/media?parent=2879"}],"wp:term":[{"taxonomy":"category","embeddable":true,"href":"https:\/\/storhogna.se\/en\/wp-json\/wp\/v2\/categories?post=2879"},{"taxonomy":"post_tag","embeddable":true,"href":"https:\/\/storhogna.se\/en\/wp-json\/wp\/v2\/tags?post=2879"}],"curies":[{"name":"wp","href":"https:\/\/api.w.org\/{rel}","templated":true}]}}