{"id":2890,"date":"2022-05-24T09:40:15","date_gmt":"2022-05-24T07:40:15","guid":{"rendered":"https:\/\/stage.storhogna.se\/?page_id=2890"},"modified":"2026-03-03T13:53:09","modified_gmt":"2026-03-03T11:53:09","slug":"booking-conditions","status":"publish","type":"page","link":"https:\/\/storhogna.se\/en\/info-och-inspo\/bokningsvillkor\/","title":{"rendered":"Booking conditions"},"content":{"rendered":"<div class=\"hero-slider\"><div class=\"splide\" data-slider=\"hero\" data-arrows=\"true\" data-interval=\"5\" data-transition=\"loop\" data-start-index=\"0\" id=\"hero-slider_1772536739385\" data-id=\"hero-slider_1772536739385\" data-custom-arrows=\"true\"><div class=\"splide__track\"><ul class=\"splide__list\"><li class=\"splide__slide\"><picture><source media=\"(max-width: 340px)\" srcset=\"https:\/\/storhogna.se\/wp-content\/uploads\/ledskyltning-utanfor-storhogna-hogfjallshotell-300x200.jpg\"\/><source media=\"(min-width: 341px)\" srcset=\"https:\/\/storhogna.se\/wp-content\/uploads\/ledskyltning-utanfor-storhogna-hogfjallshotell.jpg\"\/><img fetchpriority=\"high\" decoding=\"async\" class=\"fullscreen-image\" src=\"https:\/\/storhogna.se\/wp-content\/uploads\/ledskyltning-utanfor-storhogna-hogfjallshotell.jpg\" alt=\"Signposting outside Storhogna H\u00f6gfj\u00e4llshotell &amp; Spa\" width=\"1200\" height=\"800\" loading=\"eager\" style=\"object-position:50% 50%\"\/><\/picture><\/li><\/ul><\/div><\/div><div class=\"hero-slider__filter\" data-active=\"true\"><\/div><div class=\"hero-slider__fixed-content\"><div class=\"hero-slider__text-block\" data-visible=\"true\"><div class=\"hero-slider__text-block-inner\">\n<div class=\"wp-block-columns is-layout-flex wp-container-core-columns-is-layout-9d6595d7 wp-block-columns-is-layout-flex\">\n<div class=\"wp-block-column is-layout-flow wp-block-column-is-layout-flow\">\n<h1 class=\"wp-block-heading\">Booking conditions<\/h1>\n\n\n\n<p>See our terms and conditions below<\/p>\n<\/div>\n\n\n\n<div class=\"wp-block-column is-layout-flow wp-block-column-is-layout-flow\">\n<p>You can read our full booking conditions for private individuals here.<\/p>\n<\/div>\n<\/div>\n<\/div><\/div><\/div><\/div>\n\n\n<div class=\"media-and-text\">\n    <div class=\"media-and-text__layout media-and-text__layout--invert  default-color default-background\">\n      <div class=\"media-and-text__media\">\n                  <img decoding=\"async\"\n          class=\"media-and-text__single-image\"\n          src=\"https:\/\/storhogna.se\/wp-content\/uploads\/image00007-800x1200.jpg\"\n          srcset=\"https:\/\/storhogna.se\/wp-content\/uploads\/image00007-800x1200.jpg 800w, https:\/\/storhogna.se\/wp-content\/uploads\/image00007-800x1200.jpg 800w\"\n          sizes=\"auto, (max-width: 500px) 800px, 800px\"\n          alt=\"\"\n          width=\"800\" \n          height=\"1200\" \n          loading=\"lazy\"\n          \/>\n              <\/div>\n      <div class=\"media-and-text__content top\">\n        <div class=\"media-and-text__content-container\">\n          <div class=\"media-and-text__text\">\n            <p><!-- wp:heading --><\/p>\n<h2 class=\"wp-block-heading\">Booking conditions for overnight stays<\/h2>\n<p><!-- \/wp:heading --> <!-- wp:paragraph --><\/p>\n<p><a href=\"https:\/\/storhogna.se\/wp-content\/uploads\/Bokningsvillkor-privat-2.0-.docx.pdf\" target=\"_blank\" rel=\"noreferrer noopener\"><strong>Here you can read our full booking conditions (pdf). <\/strong><\/a><\/p>\n<p><!-- \/wp:paragraph --> <!-- wp:paragraph --><\/p>\n<p>With our cancellation insurance, the stay can be cancelled up to the day of arrival on presentation of a valid medical certificate. Cancellation cover costs SEK 500.<\/p>\n<p><!-- \/wp:paragraph --> <!-- wp:heading {\"level\":3} --><\/p>\n<h2 class=\"wp-block-heading\">Generous booking conditions<\/h2>\n<p><!-- \/wp:heading --> <!-- wp:paragraph --><\/p>\n<p>During the period<strong> 29\/6-18\/12-2026<\/strong> we have generous booking conditions for private guests. Cancellations can be made until <strong>24 hours before arrival<\/strong> without giving a reason, and we will refund the full cost of the stay except for the cost of any cancellation insurance. Cancellations made less than 24 hours before arrival will be charged in full, unless <strong data-start=\"339\" data-end=\"411\">cancellation insurance has been taken out and a valid medical certificate can be presented<\/strong>.<\/p>\n<p><!-- \/wp:paragraph --> <!-- wp:heading --><\/p>\n<h2 class=\"wp-block-heading\">Terms and conditions for spa treatment bookings<\/h2>\n<p class=\"wp-block-heading\">Spa treatment bookings <strong>can be cancelled free of charge up to 24 hours before the scheduled treatment.<br \/>\n<\/strong>For cancellation or rebooking please contact the Spar reception by phone <a href=\"tel:+46682413045\">0682-413045<\/a>.<\/p>\n<p><!-- \/wp:paragraph --> <!-- wp:paragraph --><\/p>\n<p><strong>CONTACT DETAILS &amp; ADDRESS<\/strong><br \/>\nOrg nr: 559332-5649<br \/>\nV\u00e4rdshusv\u00e4gen 4,<br \/>\n846 94 Storh\u00e5gna<br \/>\n<a href=\"tel:+46682413030\">0682-413030<\/a><br \/>\n<a href=\"mailto:info@storhogna.com\">info@storhogna.com<\/a><\/p>\n\n          <\/div>\n                            <\/div>\n      <\/div>\n    <\/div>\n  <\/div>\n\n\n\n<p><\/p>","protected":false},"excerpt":{"rendered":"<p>You can read our full booking conditions for private individuals here.<\/p>","protected":false},"author":2,"featured_media":2821,"parent":224,"menu_order":5,"comment_status":"closed","ping_status":"closed","template":"","meta":{"_acf_changed":false,"footnotes":""},"categories":[42],"tags":[],"class_list":["post-2890","page","type-page","status-publish","has-post-thumbnail","hentry","category-info-inspo"],"acf":[],"yoast_head":"<!-- This site is optimized with the Yoast SEO plugin v27.3 - https:\/\/yoast.com\/product\/yoast-seo-wordpress\/ -->\n<title>Bokningsvillkor f\u00f6r privatbokningar<\/title>\n<meta name=\"description\" content=\"H\u00e4r kan du l\u00e4sa v\u00e5ra fullst\u00e4ndiga bokningsvillkor f\u00f6r privatpersoner.\" \/>\n<meta name=\"robots\" content=\"index, follow, max-snippet:-1, max-image-preview:large, max-video-preview:-1\" \/>\n<link rel=\"canonical\" href=\"https:\/\/storhogna.se\/en\/info-and-inspiration\/booking-conditions\/\" \/>\n<meta property=\"og:locale\" content=\"en_GB\" \/>\n<meta property=\"og:type\" content=\"article\" \/>\n<meta property=\"og:title\" content=\"Bokningsvillkor f\u00f6r privatbokningar\" \/>\n<meta property=\"og:description\" content=\"H\u00e4r kan du l\u00e4sa v\u00e5ra fullst\u00e4ndiga bokningsvillkor f\u00f6r privatpersoner.\" \/>\n<meta property=\"og:url\" content=\"https:\/\/storhogna.se\/en\/info-and-inspiration\/booking-conditions\/\" \/>\n<meta property=\"og:site_name\" content=\"Storhogna H\u00f6gfj\u00e4llshotell &amp; Spa\" \/>\n<meta property=\"article:publisher\" content=\"https:\/\/www.facebook.com\/storhogna\" \/>\n<meta property=\"article:modified_time\" content=\"2026-03-03T11:53:09+00:00\" \/>\n<meta property=\"og:image\" content=\"https:\/\/storhogna.se\/wp-content\/uploads\/vandringsleder-bla-informationsskyltar.jpg\" \/>\n\t<meta property=\"og:image:width\" content=\"2560\" \/>\n\t<meta property=\"og:image:height\" content=\"1440\" \/>\n\t<meta property=\"og:image:type\" content=\"image\/jpeg\" \/>\n<meta name=\"twitter:card\" content=\"summary_large_image\" \/>\n<meta name=\"twitter:label1\" content=\"Estimated reading time\" \/>\n\t<meta name=\"twitter:data1\" content=\"1 minute\" \/>\n<script type=\"application\/ld+json\" class=\"yoast-schema-graph\">{\"@context\":\"https:\\\/\\\/schema.org\",\"@graph\":[{\"@type\":\"WebPage\",\"@id\":\"https:\\\/\\\/storhogna.se\\\/info-och-inspo\\\/bokningsvillkor\\\/\",\"url\":\"https:\\\/\\\/storhogna.se\\\/info-och-inspo\\\/bokningsvillkor\\\/\",\"name\":\"Bokningsvillkor f\u00f6r privatbokningar\",\"isPartOf\":{\"@id\":\"https:\\\/\\\/storhogna.se\\\/#website\"},\"primaryImageOfPage\":{\"@id\":\"https:\\\/\\\/storhogna.se\\\/info-och-inspo\\\/bokningsvillkor\\\/#primaryimage\"},\"image\":{\"@id\":\"https:\\\/\\\/storhogna.se\\\/info-och-inspo\\\/bokningsvillkor\\\/#primaryimage\"},\"thumbnailUrl\":\"https:\\\/\\\/storhogna.se\\\/wp-content\\\/uploads\\\/vandringsleder-bla-informationsskyltar.jpg\",\"datePublished\":\"2022-05-24T07:40:15+00:00\",\"dateModified\":\"2026-03-03T11:53:09+00:00\",\"description\":\"H\u00e4r kan du l\u00e4sa v\u00e5ra fullst\u00e4ndiga bokningsvillkor f\u00f6r privatpersoner.\",\"breadcrumb\":{\"@id\":\"https:\\\/\\\/storhogna.se\\\/info-och-inspo\\\/bokningsvillkor\\\/#breadcrumb\"},\"inLanguage\":\"en-GB\",\"potentialAction\":[{\"@type\":\"ReadAction\",\"target\":[\"https:\\\/\\\/storhogna.se\\\/info-och-inspo\\\/bokningsvillkor\\\/\"]}]},{\"@type\":\"ImageObject\",\"inLanguage\":\"en-GB\",\"@id\":\"https:\\\/\\\/storhogna.se\\\/info-och-inspo\\\/bokningsvillkor\\\/#primaryimage\",\"url\":\"https:\\\/\\\/storhogna.se\\\/wp-content\\\/uploads\\\/vandringsleder-bla-informationsskyltar.jpg\",\"contentUrl\":\"https:\\\/\\\/storhogna.se\\\/wp-content\\\/uploads\\\/vandringsleder-bla-informationsskyltar.jpg\",\"width\":2560,\"height\":1440,\"caption\":\"Bl\u00e5 informationsskyltar som informerar om vandringsleder runt omkring Storhogna H\u00f6gfj\u00e4llshotell & Spa\"},{\"@type\":\"BreadcrumbList\",\"@id\":\"https:\\\/\\\/storhogna.se\\\/info-och-inspo\\\/bokningsvillkor\\\/#breadcrumb\",\"itemListElement\":[{\"@type\":\"ListItem\",\"position\":1,\"name\":\"Hem\",\"item\":\"https:\\\/\\\/storhogna.se\\\/\"},{\"@type\":\"ListItem\",\"position\":2,\"name\":\"Info\",\"item\":\"https:\\\/\\\/storhogna.se\\\/info-och-inspo\\\/\"},{\"@type\":\"ListItem\",\"position\":3,\"name\":\"Bokningsvillkor\"}]},{\"@type\":\"WebSite\",\"@id\":\"https:\\\/\\\/storhogna.se\\\/#website\",\"url\":\"https:\\\/\\\/storhogna.se\\\/\",\"name\":\"Storhogna H\u00f6gfj\u00e4llshotell &amp; Spa\",\"description\":\"Ett genuint h\u00f6gfj\u00e4llshotell med spa\",\"potentialAction\":[{\"@type\":\"SearchAction\",\"target\":{\"@type\":\"EntryPoint\",\"urlTemplate\":\"https:\\\/\\\/storhogna.se\\\/?s={search_term_string}\"},\"query-input\":{\"@type\":\"PropertyValueSpecification\",\"valueRequired\":true,\"valueName\":\"search_term_string\"}}],\"inLanguage\":\"en-GB\"}]}<\/script>\n<!-- \/ Yoast SEO plugin. -->","yoast_head_json":{"title":"Booking conditions for private bookings","description":"You can read our full booking conditions for private individuals here.","robots":{"index":"index","follow":"follow","max-snippet":"max-snippet:-1","max-image-preview":"max-image-preview:large","max-video-preview":"max-video-preview:-1"},"canonical":"https:\/\/storhogna.se\/en\/info-and-inspiration\/booking-conditions\/","og_locale":"en_GB","og_type":"article","og_title":"Bokningsvillkor f\u00f6r privatbokningar","og_description":"H\u00e4r kan du l\u00e4sa v\u00e5ra fullst\u00e4ndiga bokningsvillkor f\u00f6r privatpersoner.","og_url":"https:\/\/storhogna.se\/en\/info-and-inspiration\/booking-conditions\/","og_site_name":"Storhogna H\u00f6gfj\u00e4llshotell &amp; Spa","article_publisher":"https:\/\/www.facebook.com\/storhogna","article_modified_time":"2026-03-03T11:53:09+00:00","og_image":[{"width":2560,"height":1440,"url":"https:\/\/storhogna.se\/wp-content\/uploads\/vandringsleder-bla-informationsskyltar.jpg","type":"image\/jpeg"}],"twitter_card":"summary_large_image","twitter_misc":{"Estimated reading time":"1 minute"},"schema":{"@context":"https:\/\/schema.org","@graph":[{"@type":"WebPage","@id":"https:\/\/storhogna.se\/info-och-inspo\/bokningsvillkor\/","url":"https:\/\/storhogna.se\/info-och-inspo\/bokningsvillkor\/","name":"Booking conditions for private bookings","isPartOf":{"@id":"https:\/\/storhogna.se\/#website"},"primaryImageOfPage":{"@id":"https:\/\/storhogna.se\/info-och-inspo\/bokningsvillkor\/#primaryimage"},"image":{"@id":"https:\/\/storhogna.se\/info-och-inspo\/bokningsvillkor\/#primaryimage"},"thumbnailUrl":"https:\/\/storhogna.se\/wp-content\/uploads\/vandringsleder-bla-informationsskyltar.jpg","datePublished":"2022-05-24T07:40:15+00:00","dateModified":"2026-03-03T11:53:09+00:00","description":"You can read our full booking conditions for private individuals here.","breadcrumb":{"@id":"https:\/\/storhogna.se\/info-och-inspo\/bokningsvillkor\/#breadcrumb"},"inLanguage":"en-GB","potentialAction":[{"@type":"ReadAction","target":["https:\/\/storhogna.se\/info-och-inspo\/bokningsvillkor\/"]}]},{"@type":"ImageObject","inLanguage":"en-GB","@id":"https:\/\/storhogna.se\/info-och-inspo\/bokningsvillkor\/#primaryimage","url":"https:\/\/storhogna.se\/wp-content\/uploads\/vandringsleder-bla-informationsskyltar.jpg","contentUrl":"https:\/\/storhogna.se\/wp-content\/uploads\/vandringsleder-bla-informationsskyltar.jpg","width":2560,"height":1440,"caption":"Bl\u00e5 informationsskyltar som informerar om vandringsleder runt omkring Storhogna H\u00f6gfj\u00e4llshotell & Spa"},{"@type":"BreadcrumbList","@id":"https:\/\/storhogna.se\/info-och-inspo\/bokningsvillkor\/#breadcrumb","itemListElement":[{"@type":"ListItem","position":1,"name":"Hem","item":"https:\/\/storhogna.se\/"},{"@type":"ListItem","position":2,"name":"Info","item":"https:\/\/storhogna.se\/info-och-inspo\/"},{"@type":"ListItem","position":3,"name":"Bokningsvillkor"}]},{"@type":"WebSite","@id":"https:\/\/storhogna.se\/#website","url":"https:\/\/storhogna.se\/","name":"Storhogna High Mountain Hotel &amp; Spa","description":"A genuine high mountain hotel with spa","potentialAction":[{"@type":"SearchAction","target":{"@type":"EntryPoint","urlTemplate":"https:\/\/storhogna.se\/?s={search_term_string}"},"query-input":{"@type":"PropertyValueSpecification","valueRequired":true,"valueName":"search_term_string"}}],"inLanguage":"en-GB"}]}},"_links":{"self":[{"href":"https:\/\/storhogna.se\/en\/wp-json\/wp\/v2\/pages\/2890","targetHints":{"allow":["GET"]}}],"collection":[{"href":"https:\/\/storhogna.se\/en\/wp-json\/wp\/v2\/pages"}],"about":[{"href":"https:\/\/storhogna.se\/en\/wp-json\/wp\/v2\/types\/page"}],"author":[{"embeddable":true,"href":"https:\/\/storhogna.se\/en\/wp-json\/wp\/v2\/users\/2"}],"replies":[{"embeddable":true,"href":"https:\/\/storhogna.se\/en\/wp-json\/wp\/v2\/comments?post=2890"}],"version-history":[{"count":40,"href":"https:\/\/storhogna.se\/en\/wp-json\/wp\/v2\/pages\/2890\/revisions"}],"predecessor-version":[{"id":16624,"href":"https:\/\/storhogna.se\/en\/wp-json\/wp\/v2\/pages\/2890\/revisions\/16624"}],"up":[{"embeddable":true,"href":"https:\/\/storhogna.se\/en\/wp-json\/wp\/v2\/pages\/224"}],"wp:featuredmedia":[{"embeddable":true,"href":"https:\/\/storhogna.se\/en\/wp-json\/wp\/v2\/media\/2821"}],"wp:attachment":[{"href":"https:\/\/storhogna.se\/en\/wp-json\/wp\/v2\/media?parent=2890"}],"wp:term":[{"taxonomy":"category","embeddable":true,"href":"https:\/\/storhogna.se\/en\/wp-json\/wp\/v2\/categories?post=2890"},{"taxonomy":"post_tag","embeddable":true,"href":"https:\/\/storhogna.se\/en\/wp-json\/wp\/v2\/tags?post=2890"}],"curies":[{"name":"wp","href":"https:\/\/api.w.org\/{rel}","templated":true}]}}