{"id":2988,"date":"2022-05-25T13:52:28","date_gmt":"2022-05-25T11:52:28","guid":{"rendered":"https:\/\/storhogna.se\/?page_id=2988"},"modified":"2026-03-05T09:04:58","modified_gmt":"2026-03-05T07:04:58","slug":"vacant-positions","status":"publish","type":"page","link":"https:\/\/storhogna.se\/en\/info-and-inspiration\/vacant-positions\/","title":{"rendered":"Job openings"},"content":{"rendered":"<div class=\"hero-slider\"><div class=\"splide\" data-slider=\"hero\" data-arrows=\"true\" data-interval=\"5\" data-transition=\"loop\" data-start-index=\"0\" id=\"hero-slider_1772694204207\" data-id=\"hero-slider_1772694204207\" data-custom-arrows=\"true\"><div class=\"splide__track\"><ul class=\"splide__list\"><li class=\"splide__slide\"><picture><source media=\"(max-width: 340px)\" srcset=\"https:\/\/storhogna.se\/wp-content\/uploads\/Storhogna-6-200x300.jpg\"\/><source media=\"(min-width: 341px)\" srcset=\"https:\/\/storhogna.se\/wp-content\/uploads\/Storhogna-6-scaled.jpg\"\/><img fetchpriority=\"high\" decoding=\"async\" class=\"fullscreen-image\" src=\"https:\/\/storhogna.se\/wp-content\/uploads\/Storhogna-6-scaled.jpg\" alt=\"\" width=\"1708\" height=\"2560\" loading=\"eager\" style=\"object-position:50% 50%\"\/><\/picture><\/li><li class=\"splide__slide\"><picture><source media=\"(max-width: 340px)\" srcset=\"https:\/\/storhogna.se\/wp-content\/uploads\/Storhogna-58-1-200x300.jpg\"\/><source media=\"(min-width: 341px)\" srcset=\"https:\/\/storhogna.se\/wp-content\/uploads\/Storhogna-58-1-scaled.jpg\"\/><img decoding=\"async\" class=\"fullscreen-image\" src=\"https:\/\/storhogna.se\/wp-content\/uploads\/Storhogna-58-1-scaled.jpg\" alt=\"\" width=\"1708\" height=\"2560\" loading=\"eager\" style=\"object-position:50% 50%\"\/><\/picture><\/li><\/ul><\/div><\/div><div class=\"hero-slider__filter\" data-active=\"true\"><\/div><div class=\"hero-slider__fixed-content\"><div class=\"hero-slider__text-block\" data-visible=\"true\"><div class=\"hero-slider__text-block-inner\">\n<div class=\"wp-block-columns is-layout-flex wp-container-core-columns-is-layout-9d6595d7 wp-block-columns-is-layout-flex\">\n<div class=\"wp-block-column is-layout-flow wp-block-column-is-layout-flow\">\n<h1 class=\"wp-block-heading\">Job openings<\/h1>\n\n\n\n<p><\/p>\n<\/div>\n\n\n\n<div class=\"wp-block-column is-layout-flow wp-block-column-is-layout-flow\">\n<p>Do you like to deliver great guest service? Do you want to live and work in the mountains? Then you are welcome to apply to us at Storhogna H\u00f6gfj\u00e4llshotell &amp; Spa! See our vacancies below.<\/p>\n<\/div>\n<\/div>\n<\/div><\/div><\/div><\/div>\n\n\n<div class=\"media-and-text\">\n    <div class=\"media-and-text__layout media-and-text__layout--invert  default-color default-background\">\n      <div class=\"media-and-text__media\">\n                            <div class=\"splide article-slider\" data-slider=\"basic\" data-custom-arrows=\"true\" id=\"basic-slider_c96d47c7a03d18c6970b07f9a38126\">\n            <div class=\"splide__track article-slider__track\">\n              <ul class=\"splide__list article-slider__list\">\n                                  <li class=\"splide__slide article-slider__slide\">\n                    <img decoding=\"async\"\n                      class=\"article-slider__image\"\n                      src=\"https:\/\/storhogna.se\/wp-content\/uploads\/Storhogna-124-1-800x1200.jpg\"\n                      srcset=\"https:\/\/storhogna.se\/wp-content\/uploads\/Storhogna-124-1-800x1200.jpg 800w, https:\/\/storhogna.se\/wp-content\/uploads\/Storhogna-124-1-800x1200.jpg 800w\"\n                      sizes=\"auto, (max-width: 600px), 800px, 800px\"\n                      alt=\"\"\n                      width=\"800\" \n                      height=\"1200\" \n                      loading=\"lazy\"\n                      \/>\n                    <\/li>\n                                  <li class=\"splide__slide article-slider__slide\">\n                    <img decoding=\"async\"\n                      class=\"article-slider__image\"\n                      src=\"https:\/\/storhogna.se\/wp-content\/uploads\/Receptionist-storhogna-800x1200.jpg\"\n                      srcset=\"https:\/\/storhogna.se\/wp-content\/uploads\/Receptionist-storhogna-800x1200.jpg 800w, https:\/\/storhogna.se\/wp-content\/uploads\/Receptionist-storhogna-800x1200.jpg 800w\"\n                      sizes=\"auto, (max-width: 600px), 800px, 800px\"\n                      alt=\"\"\n                      width=\"800\" \n                      height=\"1200\" \n                      loading=\"lazy\"\n                      \/>\n                    <\/li>\n                              <\/ul>\n            <\/div>\n          <\/div>\n              <\/div>\n      <div class=\"media-and-text__content top\">\n        <div class=\"media-and-text__content-container\">\n          <div class=\"media-and-text__text\">\n            <p><!-- wp:heading --><\/p>\n<h2>A unique mountain resort with mountain experiences in a fantastic environment<\/h2>\n<p><!-- \/wp:heading --><\/p>\n<p><!-- wp:paragraph --><\/p>\n<p>Storhogna H\u00f6gfj\u00e4llshotell &amp; SPA in Vemdalen is a unique mountain resort with mountain experiences in a fantastic environment all year round. We offer a wonderful workplace with the possibility of a winter season on the slopes or on the trail and a summer season with hiking, cycling or some other fast-paced activity. Close to the mountain, but also to Kl\u00f6vsj\u00f6, Vemdalen (about 1.5 miles in each direction) and 11 miles from \u00d6stersund.<\/p>\n<p><!-- \/wp:paragraph --><\/p>\n<p><!-- wp:paragraph --><\/p>\n<p>Staff accommodation is available and we have collective agreements as well as the possibility of great staff benefits with gym, pool, ski hire, discounted prices on food, spa and shop.<\/p>\n<p><!-- \/wp:paragraph --><\/p>\n<p><!-- wp:heading --><\/p>\n<h3>Our core values<\/h3>\n<p><!-- \/wp:heading --><\/p>\n<p><!-- wp:paragraph --><\/p>\n<p>Our core value words that you need to be able to identify with are <strong>caring, responsible <\/strong>and<strong> service-minded<\/strong>.<\/p>\n<h3>Benefits at Storhogna<\/h3>\n<p>At Storhogna, you'll not only have a meaningful job, you'll also have the mountains on your doorstep and plenty of great benefits:<\/p>\n<ul>\n<li>\ud83c\udfe1 Staff accommodation available<\/li>\n<li>\ud83e\udd1dCollective agreements<\/li>\n<li>\ud83d\udc5fAccess to gym, swimming pool and sauna<\/li>\n<li>\ud83c\udf5dDiscounts on food, spa, shop<\/li>\n<li>\u2668\ufe0fRabatt in other Swedish Spa Hotels<\/li>\n<\/ul>\n<p><!-- \/wp:paragraph --><\/p>\n<p><!-- wp:heading --><\/p>\n<p><!-- \/wp:paragraph --><\/p>\n<p><!-- wp:heading --><\/p>\n<p><!-- \/wp:paragraph --><\/p>\n\n          <\/div>\n                            <\/div>\n      <\/div>\n    <\/div>\n  <\/div>\n\n\n\n<div class=\"wp-block-cover\"><img loading=\"lazy\" decoding=\"async\" width=\"1024\" height=\"683\" class=\"wp-block-cover__image-background wp-image-15121 size-large\" alt=\"\" src=\"https:\/\/storhogna.se\/wp-content\/uploads\/Fjallsuperior-DRL-sang-storhogna-1024x683.jpg\" data-object-fit=\"cover\" srcset=\"https:\/\/storhogna.se\/wp-content\/uploads\/Fjallsuperior-DRL-sang-storhogna-1024x683.jpg 1024w, https:\/\/storhogna.se\/wp-content\/uploads\/Fjallsuperior-DRL-sang-storhogna-300x200.jpg 300w, https:\/\/storhogna.se\/wp-content\/uploads\/Fjallsuperior-DRL-sang-storhogna-768x512.jpg 768w, https:\/\/storhogna.se\/wp-content\/uploads\/Fjallsuperior-DRL-sang-storhogna-1536x1024.jpg 1536w, https:\/\/storhogna.se\/wp-content\/uploads\/Fjallsuperior-DRL-sang-storhogna-2048x1365.jpg 2048w, https:\/\/storhogna.se\/wp-content\/uploads\/Fjallsuperior-DRL-sang-storhogna-18x12.jpg 18w, https:\/\/storhogna.se\/wp-content\/uploads\/Fjallsuperior-DRL-sang-storhogna-400x267.jpg 400w, https:\/\/storhogna.se\/wp-content\/uploads\/Fjallsuperior-DRL-sang-storhogna-800x533.jpg 800w, https:\/\/storhogna.se\/wp-content\/uploads\/Fjallsuperior-DRL-sang-storhogna-1200x800.jpg 1200w, https:\/\/storhogna.se\/wp-content\/uploads\/Fjallsuperior-DRL-sang-storhogna-1800x1200.jpg 1800w, https:\/\/storhogna.se\/wp-content\/uploads\/Fjallsuperior-DRL-sang-storhogna-1400x933.jpg 1400w, https:\/\/storhogna.se\/wp-content\/uploads\/Fjallsuperior-DRL-sang-storhogna-900x600.jpg 900w, https:\/\/storhogna.se\/wp-content\/uploads\/Fjallsuperior-DRL-sang-storhogna-1023x682.jpg 1023w, https:\/\/storhogna.se\/wp-content\/uploads\/Fjallsuperior-DRL-sang-storhogna-1013x675.jpg 1013w\" sizes=\"auto, (max-width: 1024px) 100vw, 1024px\" \/><span aria-hidden=\"true\" class=\"wp-block-cover__background has-black-background-color has-background-dim-60 has-background-dim\"><\/span><div class=\"wp-block-cover__inner-container is-layout-constrained wp-block-cover-is-layout-constrained\">\n<h2 class=\"wp-block-heading has-text-align-center\">Job openings<\/h2>\n\n\n\n<p class=\"has-text-align-center has-white-color has-text-color has-link-color wp-elements-9e16c5a5dd91fc01b087c8af88ac34ab\">See our current vacancies below. Any questions about the position and\/or the process should be directed to Site Manager Linda Ringdahl by phone <span style=\"text-decoration: underline;\"><a href=\"tel:070-512 30 66\">070-6313225<\/a> <\/span>or by e-mail <a href=\"mailto:linda.ringdahl@storhogna.com\" target=\"_blank\" rel=\"noreferrer noopener\">linda.ringdahl@storhogna.com<\/a>. A warm welcome to your application!<\/p>\n<\/div><\/div>\n\n\n\n<p><div id=\"cruitive-root\"><\/div>\n    <script> \n      \n    (function (w,d,s,o,f,js,fjs) {\n      w['JS-Widget']=o;w[o] = w[o] || function () { (w[o].q = w[o].q || []).push(arguments) };\n      js = d.createElement(s), fjs = d.getElementsByTagName(s)[0];\n      js.id = o; js.src = f; js.async = 1; fjs.parentNode.insertBefore(js, fjs);\n    }(window, document, 'script', 'mw', 'https:\/\/widget.cruitive.com\/dist\/cruitive-widget.js'));\n    mw('init', {});\n    mw('adsList', { companyId: \"ckmvvljzwwe1w0783djmmb35n\", color: \"rgb(232, 154, 113)\", showChildCompanies: false, enableSorting: true, variant: \"BASIC\" })\n  \n    <\/script><\/p>","protected":false},"excerpt":{"rendered":"<p>Do you like to deliver great guest service? Do you want to live in the mountains? Then you are welcome with your job application to us at Storhogna H\u00f6gfj\u00e4llshotell &amp; Spa.<\/p>","protected":false},"author":2,"featured_media":11434,"parent":224,"menu_order":7,"comment_status":"closed","ping_status":"closed","template":"","meta":{"_acf_changed":false,"footnotes":""},"categories":[42],"tags":[],"class_list":["post-2988","page","type-page","status-publish","has-post-thumbnail","hentry","category-info-inspo"],"acf":[],"yoast_head":"<!-- This site is optimized with the Yoast SEO plugin v25.6 - https:\/\/yoast.com\/wordpress\/plugins\/seo\/ -->\n<title>Lediga tj\u00e4nster - Jobb i unik fj\u00e4llmilj\u00f6 | Storhogna H\u00f6gfj\u00e4llshotell &amp; Spa<\/title>\n<meta name=\"description\" content=\"Tycker du om att leverera fantastisk g\u00e4stservice? Vill du bo och verka i fj\u00e4llen? D\u00e5 \u00e4r du v\u00e4lkommen med din ans\u00f6kan till oss p\u00e5 Storhogna H\u00f6gfj\u00e4llshotell &amp; Spa! Se v\u00e5ra lediga tj\u00e4nster nedan.\" \/>\n<meta name=\"robots\" content=\"index, follow, max-snippet:-1, max-image-preview:large, max-video-preview:-1\" \/>\n<link rel=\"canonical\" href=\"https:\/\/storhogna.se\/en\/info-and-inspiration\/vacant-positions\/\" \/>\n<meta property=\"og:locale\" content=\"en_GB\" \/>\n<meta property=\"og:type\" content=\"article\" \/>\n<meta property=\"og:title\" content=\"Lediga tj\u00e4nster - Jobb i unik fj\u00e4llmilj\u00f6 | Storhogna H\u00f6gfj\u00e4llshotell &amp; Spa\" \/>\n<meta property=\"og:description\" content=\"Tycker du om att leverera fantastisk g\u00e4stservice? Vill du bo och verka i fj\u00e4llen? D\u00e5 \u00e4r du v\u00e4lkommen med din ans\u00f6kan till oss p\u00e5 Storhogna H\u00f6gfj\u00e4llshotell &amp; Spa! Se v\u00e5ra lediga tj\u00e4nster nedan.\" \/>\n<meta property=\"og:url\" content=\"https:\/\/storhogna.se\/en\/info-and-inspiration\/vacant-positions\/\" \/>\n<meta property=\"og:site_name\" content=\"Storhogna H\u00f6gfj\u00e4llshotell &amp; Spa\" \/>\n<meta property=\"article:publisher\" content=\"https:\/\/www.facebook.com\/storhogna\" \/>\n<meta property=\"article:modified_time\" content=\"2026-03-05T07:04:58+00:00\" \/>\n<meta property=\"og:image\" content=\"https:\/\/storhogna.se\/wp-content\/uploads\/Storhogna-58-1-scaled.jpg\" \/>\n\t<meta property=\"og:image:width\" content=\"1708\" \/>\n\t<meta property=\"og:image:height\" content=\"2560\" \/>\n\t<meta property=\"og:image:type\" content=\"image\/jpeg\" \/>\n<meta name=\"twitter:card\" content=\"summary_large_image\" \/>\n<meta name=\"twitter:label1\" content=\"Estimated reading time\" \/>\n\t<meta name=\"twitter:data1\" content=\"2 minutes\" \/>\n<script type=\"application\/ld+json\" class=\"yoast-schema-graph\">{\"@context\":\"https:\/\/schema.org\",\"@graph\":[{\"@type\":\"WebPage\",\"@id\":\"https:\/\/storhogna.se\/info-och-inspo\/lediga-tjanster\/\",\"url\":\"https:\/\/storhogna.se\/info-och-inspo\/lediga-tjanster\/\",\"name\":\"Lediga tj\u00e4nster - Jobb i unik fj\u00e4llmilj\u00f6 | Storhogna H\u00f6gfj\u00e4llshotell & Spa\",\"isPartOf\":{\"@id\":\"https:\/\/storhogna.se\/#website\"},\"primaryImageOfPage\":{\"@id\":\"https:\/\/storhogna.se\/info-och-inspo\/lediga-tjanster\/#primaryimage\"},\"image\":{\"@id\":\"https:\/\/storhogna.se\/info-och-inspo\/lediga-tjanster\/#primaryimage\"},\"thumbnailUrl\":\"https:\/\/storhogna.se\/wp-content\/uploads\/Storhogna-58-1-scaled.jpg\",\"datePublished\":\"2022-05-25T11:52:28+00:00\",\"dateModified\":\"2026-03-05T07:04:58+00:00\",\"description\":\"Tycker du om att leverera fantastisk g\u00e4stservice? Vill du bo och verka i fj\u00e4llen? D\u00e5 \u00e4r du v\u00e4lkommen med din ans\u00f6kan till oss p\u00e5 Storhogna H\u00f6gfj\u00e4llshotell & Spa! Se v\u00e5ra lediga tj\u00e4nster nedan.\",\"breadcrumb\":{\"@id\":\"https:\/\/storhogna.se\/info-och-inspo\/lediga-tjanster\/#breadcrumb\"},\"inLanguage\":\"en-GB\",\"potentialAction\":[{\"@type\":\"ReadAction\",\"target\":[\"https:\/\/storhogna.se\/info-och-inspo\/lediga-tjanster\/\"]}]},{\"@type\":\"ImageObject\",\"inLanguage\":\"en-GB\",\"@id\":\"https:\/\/storhogna.se\/info-och-inspo\/lediga-tjanster\/#primaryimage\",\"url\":\"https:\/\/storhogna.se\/wp-content\/uploads\/Storhogna-58-1-scaled.jpg\",\"contentUrl\":\"https:\/\/storhogna.se\/wp-content\/uploads\/Storhogna-58-1-scaled.jpg\",\"width\":1708,\"height\":2560},{\"@type\":\"BreadcrumbList\",\"@id\":\"https:\/\/storhogna.se\/info-och-inspo\/lediga-tjanster\/#breadcrumb\",\"itemListElement\":[{\"@type\":\"ListItem\",\"position\":1,\"name\":\"Hem\",\"item\":\"https:\/\/storhogna.se\/\"},{\"@type\":\"ListItem\",\"position\":2,\"name\":\"Info\",\"item\":\"https:\/\/storhogna.se\/info-och-inspo\/\"},{\"@type\":\"ListItem\",\"position\":3,\"name\":\"Lediga tj\u00e4nster\"}]},{\"@type\":\"WebSite\",\"@id\":\"https:\/\/storhogna.se\/#website\",\"url\":\"https:\/\/storhogna.se\/\",\"name\":\"Storhogna H\u00f6gfj\u00e4llshotell &amp; Spa\",\"description\":\"Ett genuint h\u00f6gfj\u00e4llshotell med spa\",\"potentialAction\":[{\"@type\":\"SearchAction\",\"target\":{\"@type\":\"EntryPoint\",\"urlTemplate\":\"https:\/\/storhogna.se\/?s={search_term_string}\"},\"query-input\":{\"@type\":\"PropertyValueSpecification\",\"valueRequired\":true,\"valueName\":\"search_term_string\"}}],\"inLanguage\":\"en-GB\"}]}<\/script>\n<!-- \/ Yoast SEO plugin. -->","yoast_head_json":{"title":"Lediga tj\u00e4nster - Jobb i unik fj\u00e4llmilj\u00f6 | Storhogna H\u00f6gfj\u00e4llshotell & Spa","description":"Tycker du om att leverera fantastisk g\u00e4stservice? Vill du bo och verka i fj\u00e4llen? D\u00e5 \u00e4r du v\u00e4lkommen med din ans\u00f6kan till oss p\u00e5 Storhogna H\u00f6gfj\u00e4llshotell & Spa! Se v\u00e5ra lediga tj\u00e4nster nedan.","robots":{"index":"index","follow":"follow","max-snippet":"max-snippet:-1","max-image-preview":"max-image-preview:large","max-video-preview":"max-video-preview:-1"},"canonical":"https:\/\/storhogna.se\/en\/info-and-inspiration\/vacant-positions\/","og_locale":"en_GB","og_type":"article","og_title":"Lediga tj\u00e4nster - Jobb i unik fj\u00e4llmilj\u00f6 | Storhogna H\u00f6gfj\u00e4llshotell & Spa","og_description":"Tycker du om att leverera fantastisk g\u00e4stservice? Vill du bo och verka i fj\u00e4llen? D\u00e5 \u00e4r du v\u00e4lkommen med din ans\u00f6kan till oss p\u00e5 Storhogna H\u00f6gfj\u00e4llshotell & Spa! Se v\u00e5ra lediga tj\u00e4nster nedan.","og_url":"https:\/\/storhogna.se\/en\/info-and-inspiration\/vacant-positions\/","og_site_name":"Storhogna H\u00f6gfj\u00e4llshotell &amp; Spa","article_publisher":"https:\/\/www.facebook.com\/storhogna","article_modified_time":"2026-03-05T07:04:58+00:00","og_image":[{"width":1708,"height":2560,"url":"https:\/\/storhogna.se\/wp-content\/uploads\/Storhogna-58-1-scaled.jpg","type":"image\/jpeg"}],"twitter_card":"summary_large_image","twitter_misc":{"Estimated reading time":"2 minutes"},"schema":{"@context":"https:\/\/schema.org","@graph":[{"@type":"WebPage","@id":"https:\/\/storhogna.se\/info-och-inspo\/lediga-tjanster\/","url":"https:\/\/storhogna.se\/info-och-inspo\/lediga-tjanster\/","name":"Lediga tj\u00e4nster - Jobb i unik fj\u00e4llmilj\u00f6 | Storhogna H\u00f6gfj\u00e4llshotell & Spa","isPartOf":{"@id":"https:\/\/storhogna.se\/#website"},"primaryImageOfPage":{"@id":"https:\/\/storhogna.se\/info-och-inspo\/lediga-tjanster\/#primaryimage"},"image":{"@id":"https:\/\/storhogna.se\/info-och-inspo\/lediga-tjanster\/#primaryimage"},"thumbnailUrl":"https:\/\/storhogna.se\/wp-content\/uploads\/Storhogna-58-1-scaled.jpg","datePublished":"2022-05-25T11:52:28+00:00","dateModified":"2026-03-05T07:04:58+00:00","description":"Tycker du om att leverera fantastisk g\u00e4stservice? Vill du bo och verka i fj\u00e4llen? D\u00e5 \u00e4r du v\u00e4lkommen med din ans\u00f6kan till oss p\u00e5 Storhogna H\u00f6gfj\u00e4llshotell & Spa! Se v\u00e5ra lediga tj\u00e4nster nedan.","breadcrumb":{"@id":"https:\/\/storhogna.se\/info-och-inspo\/lediga-tjanster\/#breadcrumb"},"inLanguage":"en-GB","potentialAction":[{"@type":"ReadAction","target":["https:\/\/storhogna.se\/info-och-inspo\/lediga-tjanster\/"]}]},{"@type":"ImageObject","inLanguage":"en-GB","@id":"https:\/\/storhogna.se\/info-och-inspo\/lediga-tjanster\/#primaryimage","url":"https:\/\/storhogna.se\/wp-content\/uploads\/Storhogna-58-1-scaled.jpg","contentUrl":"https:\/\/storhogna.se\/wp-content\/uploads\/Storhogna-58-1-scaled.jpg","width":1708,"height":2560},{"@type":"BreadcrumbList","@id":"https:\/\/storhogna.se\/info-och-inspo\/lediga-tjanster\/#breadcrumb","itemListElement":[{"@type":"ListItem","position":1,"name":"Hem","item":"https:\/\/storhogna.se\/"},{"@type":"ListItem","position":2,"name":"Info","item":"https:\/\/storhogna.se\/info-och-inspo\/"},{"@type":"ListItem","position":3,"name":"Lediga tj\u00e4nster"}]},{"@type":"WebSite","@id":"https:\/\/storhogna.se\/#website","url":"https:\/\/storhogna.se\/","name":"Storhogna H\u00f6gfj\u00e4llshotell &amp; Spa","description":"Ett genuint h\u00f6gfj\u00e4llshotell med spa","potentialAction":[{"@type":"SearchAction","target":{"@type":"EntryPoint","urlTemplate":"https:\/\/storhogna.se\/?s={search_term_string}"},"query-input":{"@type":"PropertyValueSpecification","valueRequired":true,"valueName":"search_term_string"}}],"inLanguage":"en-GB"}]}},"_links":{"self":[{"href":"https:\/\/storhogna.se\/en\/wp-json\/wp\/v2\/pages\/2988","targetHints":{"allow":["GET"]}}],"collection":[{"href":"https:\/\/storhogna.se\/en\/wp-json\/wp\/v2\/pages"}],"about":[{"href":"https:\/\/storhogna.se\/en\/wp-json\/wp\/v2\/types\/page"}],"author":[{"embeddable":true,"href":"https:\/\/storhogna.se\/en\/wp-json\/wp\/v2\/users\/2"}],"replies":[{"embeddable":true,"href":"https:\/\/storhogna.se\/en\/wp-json\/wp\/v2\/comments?post=2988"}],"version-history":[{"count":79,"href":"https:\/\/storhogna.se\/en\/wp-json\/wp\/v2\/pages\/2988\/revisions"}],"predecessor-version":[{"id":16636,"href":"https:\/\/storhogna.se\/en\/wp-json\/wp\/v2\/pages\/2988\/revisions\/16636"}],"up":[{"embeddable":true,"href":"https:\/\/storhogna.se\/en\/wp-json\/wp\/v2\/pages\/224"}],"wp:featuredmedia":[{"embeddable":true,"href":"https:\/\/storhogna.se\/en\/wp-json\/wp\/v2\/media\/11434"}],"wp:attachment":[{"href":"https:\/\/storhogna.se\/en\/wp-json\/wp\/v2\/media?parent=2988"}],"wp:term":[{"taxonomy":"category","embeddable":true,"href":"https:\/\/storhogna.se\/en\/wp-json\/wp\/v2\/categories?post=2988"},{"taxonomy":"post_tag","embeddable":true,"href":"https:\/\/storhogna.se\/en\/wp-json\/wp\/v2\/tags?post=2988"}],"curies":[{"name":"wp","href":"https:\/\/api.w.org\/{rel}","templated":true}]}}