{"id":3042,"date":"2022-05-25T14:51:19","date_gmt":"2022-05-25T12:51:19","guid":{"rendered":"https:\/\/storhogna.se\/?page_id=3042"},"modified":"2022-05-25T14:55:22","modified_gmt":"2022-05-25T12:55:22","slug":"en2","status":"publish","type":"page","link":"https:\/\/storhogna.se\/en\/en2\/","title":{"rendered":"English"},"content":{"rendered":"<div class=\"hero-slider\"><div class=\"splide\" data-slider=\"hero\" data-arrows=\"true\" data-interval=\"5\" data-transition=\"loop\" data-start-index=\"0\" id=\"hero-slider_1653482888203\" data-id=\"hero-slider_1653482888203\" data-custom-arrows=\"true\"><div class=\"splide__track\"><ul class=\"splide__list\"><li class=\"splide__slide\"><picture><source media=\"(max-width: 340px)\" srcset=\"https:\/\/storhogna.se\/wp-content\/uploads\/fjallopning-ledkryss-300x169.jpg\"\/><source media=\"(min-width: 341px)\" srcset=\"https:\/\/storhogna.se\/wp-content\/uploads\/fjallopning-ledkryss.jpg\"\/><img fetchpriority=\"high\" decoding=\"async\" class=\"fullscreen-image\" src=\"https:\/\/storhogna.se\/wp-content\/uploads\/fjallopning-ledkryss.jpg\" alt=\"Running in mountainous terrain, trail cross in the foreground\" width=\"2560\" height=\"1440\" loading=\"eager\" style=\"object-position:50% 50%\"\/><\/picture><\/li><li class=\"splide__slide\"><picture><source media=\"(max-width: 340px)\" srcset=\"https:\/\/storhogna.se\/wp-content\/uploads\/tva-glada-fjallvandrare-300x169.jpg\"\/><source media=\"(min-width: 341px)\" srcset=\"https:\/\/storhogna.se\/wp-content\/uploads\/tva-glada-fjallvandrare.jpg\"\/><img decoding=\"async\" class=\"fullscreen-image\" src=\"https:\/\/storhogna.se\/wp-content\/uploads\/tva-glada-fjallvandrare.jpg\" alt=\"Two happy mountain walkers\" width=\"2560\" height=\"1440\" loading=\"eager\" style=\"object-position:50% 50%\"\/><\/picture><\/li><li class=\"splide__slide\"><picture><source media=\"(max-width: 340px)\" srcset=\"https:\/\/storhogna.se\/wp-content\/uploads\/vintertradgarden-storhogna-hogfjallshotell-300x169.jpg\"\/><source media=\"(min-width: 341px)\" srcset=\"https:\/\/storhogna.se\/wp-content\/uploads\/vintertradgarden-storhogna-hogfjallshotell.jpg\"\/><img decoding=\"async\" class=\"fullscreen-image\" src=\"https:\/\/storhogna.se\/wp-content\/uploads\/vintertradgarden-storhogna-hogfjallshotell.jpg\" alt=\"Winter garden Storhogna H\u00f6gfj\u00e4llshotell\" width=\"2560\" height=\"1440\" loading=\"eager\" style=\"object-position:50% 50%\"\/><\/picture><\/li><li class=\"splide__slide\"><picture><source media=\"(max-width: 340px)\" srcset=\"https:\/\/storhogna.se\/wp-content\/uploads\/restauranggaster-laser-meny-2-300x169.jpg\"\/><source media=\"(min-width: 341px)\" srcset=\"https:\/\/storhogna.se\/wp-content\/uploads\/restauranggaster-laser-meny-2.jpg\"\/><img decoding=\"async\" class=\"fullscreen-image\" src=\"https:\/\/storhogna.se\/wp-content\/uploads\/restauranggaster-laser-meny-2.jpg\" alt=\"Restaurant guests sitting at the table reading the menu\" width=\"2560\" height=\"1440\" loading=\"eager\" style=\"object-position:50% 50%\"\/><\/picture><\/li><\/ul><\/div><\/div><div class=\"hero-slider__filter\" data-active=\"true\"><\/div><div class=\"hero-slider__fixed-content\"><div class=\"hero-slider__booking-widget\"><div class=\"loader\"><\/div><div id=\"hero_widgetContainer\" data-channel-id=\"d51591a1-ac68-4349-807d-7fd97c72fa2e\" data-package-id=\"\" data-room-id=\"\"><\/div><\/div><div class=\"hero-slider__text-block\" data-visible=\"true\"><div class=\"hero-slider__text-block-inner\">\n<h1 class=\"wp-block-heading\">Welcome to memorable experiences in the Scandinavian Mountains<\/h1>\n\n\n\n<p>Storhogna H\u00f6gfj\u00e4llshotell &amp; Spa is a real mountain resort in Vemdalen in northern Sweden, with a unique location at the foot of the fell peaks at 755 metres above sea level. We offer a range of activities all the year round, and you can enjoy our excellent spa facilities and pool area. You can also enjoy dinner served in our lush Winter Garden. Welcome to the mountains!<\/p>\n<\/div><\/div><\/div><\/div>","protected":false},"excerpt":{"rendered":"<p>Welcome to a real mountain resort in Vemdalen in northern Sweden, with a unique location at the foot of the fell peaks at 755 m above sea level.<\/p>","protected":false},"author":2,"featured_media":2932,"parent":0,"menu_order":0,"comment_status":"closed","ping_status":"closed","template":"","meta":{"_acf_changed":false,"footnotes":""},"categories":[],"tags":[],"class_list":["post-3042","page","type-page","status-publish","has-post-thumbnail","hentry"],"acf":[],"yoast_head":"<!-- This site is optimized with the Yoast SEO plugin v25.6 - https:\/\/yoast.com\/wordpress\/plugins\/seo\/ -->\n<title>Welcome to the mountains | Storhogna H\u00f6gfj\u00e4llshotell &amp; Spa<\/title>\n<meta name=\"description\" content=\"Welcome to a real mountain resort in Vemdalen in northern Sweden, with a unique location at the foot of the fell peaks at 755 m above sea level.\" \/>\n<meta name=\"robots\" content=\"index, follow, max-snippet:-1, max-image-preview:large, max-video-preview:-1\" \/>\n<link rel=\"canonical\" href=\"https:\/\/storhogna.se\/en\/en2\/\" \/>\n<meta property=\"og:locale\" content=\"en_GB\" \/>\n<meta property=\"og:type\" content=\"article\" \/>\n<meta property=\"og:title\" content=\"Welcome to the mountains | Storhogna H\u00f6gfj\u00e4llshotell &amp; Spa\" \/>\n<meta property=\"og:description\" content=\"Welcome to a real mountain resort in Vemdalen in northern Sweden, with a unique location at the foot of the fell peaks at 755 m above sea level.\" \/>\n<meta property=\"og:url\" content=\"https:\/\/storhogna.se\/en\/en2\/\" \/>\n<meta property=\"og:site_name\" content=\"Storhogna H\u00f6gfj\u00e4llshotell &amp; Spa\" \/>\n<meta property=\"article:publisher\" content=\"https:\/\/www.facebook.com\/storhogna\" \/>\n<meta property=\"article:modified_time\" content=\"2022-05-25T12:55:22+00:00\" \/>\n<meta property=\"og:image\" content=\"https:\/\/storhogna.se\/wp-content\/uploads\/fjallopning-ledkryss.jpg\" \/>\n\t<meta property=\"og:image:width\" content=\"2560\" \/>\n\t<meta property=\"og:image:height\" content=\"1440\" \/>\n\t<meta property=\"og:image:type\" content=\"image\/jpeg\" \/>\n<meta name=\"twitter:card\" content=\"summary_large_image\" \/>\n<meta name=\"twitter:label1\" content=\"Estimated reading time\" \/>\n\t<meta name=\"twitter:data1\" content=\"2 minutes\" \/>\n<script type=\"application\/ld+json\" class=\"yoast-schema-graph\">{\"@context\":\"https:\/\/schema.org\",\"@graph\":[{\"@type\":\"WebPage\",\"@id\":\"https:\/\/storhogna.se\/en2\/\",\"url\":\"https:\/\/storhogna.se\/en2\/\",\"name\":\"Welcome to the mountains | Storhogna H\u00f6gfj\u00e4llshotell & Spa\",\"isPartOf\":{\"@id\":\"https:\/\/storhogna.se\/#website\"},\"primaryImageOfPage\":{\"@id\":\"https:\/\/storhogna.se\/en2\/#primaryimage\"},\"image\":{\"@id\":\"https:\/\/storhogna.se\/en2\/#primaryimage\"},\"thumbnailUrl\":\"https:\/\/storhogna.se\/wp-content\/uploads\/fjallopning-ledkryss.jpg\",\"datePublished\":\"2022-05-25T12:51:19+00:00\",\"dateModified\":\"2022-05-25T12:55:22+00:00\",\"description\":\"Welcome to a real mountain resort in Vemdalen in northern Sweden, with a unique location at the foot of the fell peaks at 755 m above sea level.\",\"breadcrumb\":{\"@id\":\"https:\/\/storhogna.se\/en2\/#breadcrumb\"},\"inLanguage\":\"en-GB\",\"potentialAction\":[{\"@type\":\"ReadAction\",\"target\":[\"https:\/\/storhogna.se\/en2\/\"]}]},{\"@type\":\"ImageObject\",\"inLanguage\":\"en-GB\",\"@id\":\"https:\/\/storhogna.se\/en2\/#primaryimage\",\"url\":\"https:\/\/storhogna.se\/wp-content\/uploads\/fjallopning-ledkryss.jpg\",\"contentUrl\":\"https:\/\/storhogna.se\/wp-content\/uploads\/fjallopning-ledkryss.jpg\",\"width\":2560,\"height\":1440,\"caption\":\"L\u00f6pning i fj\u00e4llterr\u00e4ng, ledkryss i f\u00f6rgrunden\"},{\"@type\":\"BreadcrumbList\",\"@id\":\"https:\/\/storhogna.se\/en2\/#breadcrumb\",\"itemListElement\":[{\"@type\":\"ListItem\",\"position\":1,\"name\":\"Hem\",\"item\":\"https:\/\/storhogna.se\/\"},{\"@type\":\"ListItem\",\"position\":2,\"name\":\"English\"}]},{\"@type\":\"WebSite\",\"@id\":\"https:\/\/storhogna.se\/#website\",\"url\":\"https:\/\/storhogna.se\/\",\"name\":\"Storhogna H\u00f6gfj\u00e4llshotell &amp; Spa\",\"description\":\"Ett genuint h\u00f6gfj\u00e4llshotell med spa\",\"potentialAction\":[{\"@type\":\"SearchAction\",\"target\":{\"@type\":\"EntryPoint\",\"urlTemplate\":\"https:\/\/storhogna.se\/?s={search_term_string}\"},\"query-input\":{\"@type\":\"PropertyValueSpecification\",\"valueRequired\":true,\"valueName\":\"search_term_string\"}}],\"inLanguage\":\"en-GB\"}]}<\/script>\n<!-- \/ Yoast SEO plugin. -->","yoast_head_json":{"title":"Welcome to the mountains | Storhogna H\u00f6gfj\u00e4llshotell & Spa","description":"Welcome to a real mountain resort in Vemdalen in northern Sweden, with a unique location at the foot of the fell peaks at 755 m above sea level.","robots":{"index":"index","follow":"follow","max-snippet":"max-snippet:-1","max-image-preview":"max-image-preview:large","max-video-preview":"max-video-preview:-1"},"canonical":"https:\/\/storhogna.se\/en\/en2\/","og_locale":"en_GB","og_type":"article","og_title":"Welcome to the mountains | Storhogna H\u00f6gfj\u00e4llshotell & Spa","og_description":"Welcome to a real mountain resort in Vemdalen in northern Sweden, with a unique location at the foot of the fell peaks at 755 m above sea level.","og_url":"https:\/\/storhogna.se\/en\/en2\/","og_site_name":"Storhogna H\u00f6gfj\u00e4llshotell &amp; Spa","article_publisher":"https:\/\/www.facebook.com\/storhogna","article_modified_time":"2022-05-25T12:55:22+00:00","og_image":[{"width":2560,"height":1440,"url":"https:\/\/storhogna.se\/wp-content\/uploads\/fjallopning-ledkryss.jpg","type":"image\/jpeg"}],"twitter_card":"summary_large_image","twitter_misc":{"Estimated reading time":"2 minutes"},"schema":{"@context":"https:\/\/schema.org","@graph":[{"@type":"WebPage","@id":"https:\/\/storhogna.se\/en2\/","url":"https:\/\/storhogna.se\/en2\/","name":"Welcome to the mountains | Storhogna H\u00f6gfj\u00e4llshotell & Spa","isPartOf":{"@id":"https:\/\/storhogna.se\/#website"},"primaryImageOfPage":{"@id":"https:\/\/storhogna.se\/en2\/#primaryimage"},"image":{"@id":"https:\/\/storhogna.se\/en2\/#primaryimage"},"thumbnailUrl":"https:\/\/storhogna.se\/wp-content\/uploads\/fjallopning-ledkryss.jpg","datePublished":"2022-05-25T12:51:19+00:00","dateModified":"2022-05-25T12:55:22+00:00","description":"Welcome to a real mountain resort in Vemdalen in northern Sweden, with a unique location at the foot of the fell peaks at 755 m above sea level.","breadcrumb":{"@id":"https:\/\/storhogna.se\/en2\/#breadcrumb"},"inLanguage":"en-GB","potentialAction":[{"@type":"ReadAction","target":["https:\/\/storhogna.se\/en2\/"]}]},{"@type":"ImageObject","inLanguage":"en-GB","@id":"https:\/\/storhogna.se\/en2\/#primaryimage","url":"https:\/\/storhogna.se\/wp-content\/uploads\/fjallopning-ledkryss.jpg","contentUrl":"https:\/\/storhogna.se\/wp-content\/uploads\/fjallopning-ledkryss.jpg","width":2560,"height":1440,"caption":"L\u00f6pning i fj\u00e4llterr\u00e4ng, ledkryss i f\u00f6rgrunden"},{"@type":"BreadcrumbList","@id":"https:\/\/storhogna.se\/en2\/#breadcrumb","itemListElement":[{"@type":"ListItem","position":1,"name":"Hem","item":"https:\/\/storhogna.se\/"},{"@type":"ListItem","position":2,"name":"English"}]},{"@type":"WebSite","@id":"https:\/\/storhogna.se\/#website","url":"https:\/\/storhogna.se\/","name":"Storhogna H\u00f6gfj\u00e4llshotell &amp; Spa","description":"Ett genuint h\u00f6gfj\u00e4llshotell med spa","potentialAction":[{"@type":"SearchAction","target":{"@type":"EntryPoint","urlTemplate":"https:\/\/storhogna.se\/?s={search_term_string}"},"query-input":{"@type":"PropertyValueSpecification","valueRequired":true,"valueName":"search_term_string"}}],"inLanguage":"en-GB"}]}},"_links":{"self":[{"href":"https:\/\/storhogna.se\/en\/wp-json\/wp\/v2\/pages\/3042","targetHints":{"allow":["GET"]}}],"collection":[{"href":"https:\/\/storhogna.se\/en\/wp-json\/wp\/v2\/pages"}],"about":[{"href":"https:\/\/storhogna.se\/en\/wp-json\/wp\/v2\/types\/page"}],"author":[{"embeddable":true,"href":"https:\/\/storhogna.se\/en\/wp-json\/wp\/v2\/users\/2"}],"replies":[{"embeddable":true,"href":"https:\/\/storhogna.se\/en\/wp-json\/wp\/v2\/comments?post=3042"}],"version-history":[{"count":1,"href":"https:\/\/storhogna.se\/en\/wp-json\/wp\/v2\/pages\/3042\/revisions"}],"predecessor-version":[{"id":3044,"href":"https:\/\/storhogna.se\/en\/wp-json\/wp\/v2\/pages\/3042\/revisions\/3044"}],"wp:featuredmedia":[{"embeddable":true,"href":"https:\/\/storhogna.se\/en\/wp-json\/wp\/v2\/media\/2932"}],"wp:attachment":[{"href":"https:\/\/storhogna.se\/en\/wp-json\/wp\/v2\/media?parent=3042"}],"wp:term":[{"taxonomy":"category","embeddable":true,"href":"https:\/\/storhogna.se\/en\/wp-json\/wp\/v2\/categories?post=3042"},{"taxonomy":"post_tag","embeddable":true,"href":"https:\/\/storhogna.se\/en\/wp-json\/wp\/v2\/tags?post=3042"}],"curies":[{"name":"wp","href":"https:\/\/api.w.org\/{rel}","templated":true}]}}