{"id":32,"date":"2022-03-23T13:18:28","date_gmt":"2022-03-23T11:18:28","guid":{"rendered":"https:\/\/stage.storhogna.se\/?page_id=32"},"modified":"2026-03-16T12:07:40","modified_gmt":"2026-03-16T10:07:40","slug":"history","status":"publish","type":"page","link":"https:\/\/storhogna.se\/en\/info-och-inspo\/historia\/","title":{"rendered":"History"},"content":{"rendered":"<div class=\"hero-slider\"><div class=\"splide\" data-slider=\"hero\" data-arrows=\"true\" data-interval=\"5\" data-transition=\"loop\" data-start-index=\"0\" id=\"hero-slider_1773655283659\" data-id=\"hero-slider_1773655283659\" data-custom-arrows=\"true\"><div class=\"splide__track\"><ul class=\"splide__list\"><li class=\"splide__slide\"><picture><source media=\"(max-width: 340px)\" srcset=\"https:\/\/storhogna.se\/wp-content\/uploads\/storhogna-hogfjallshotell-ute-gammal-300x169.jpg\"\/><source media=\"(min-width: 341px)\" srcset=\"https:\/\/storhogna.se\/wp-content\/uploads\/storhogna-hogfjallshotell-ute-gammal.jpg\"\/><img fetchpriority=\"high\" decoding=\"async\" class=\"fullscreen-image\" src=\"https:\/\/storhogna.se\/wp-content\/uploads\/storhogna-hogfjallshotell-ute-gammal.jpg\" alt=\"Outdoor picture at Storhogna H\u00f6gfj\u00e4llshotell at an early stage\" width=\"2560\" height=\"1440\" loading=\"eager\" style=\"object-position:50% 50%\"\/><\/picture><\/li><\/ul><\/div><\/div><div class=\"hero-slider__filter\" data-active=\"true\"><\/div><div class=\"hero-slider__fixed-content\"><div class=\"hero-slider__text-block\" data-visible=\"true\"><div class=\"hero-slider__text-block-inner\">\n<div class=\"wp-block-columns is-layout-flex wp-container-core-columns-is-layout-9d6595d7 wp-block-columns-is-layout-flex\">\n<div class=\"wp-block-column is-layout-flow wp-block-column-is-layout-flow\">\n<h1 class=\"wp-block-heading\">History<\/h1>\n\n\n\n<p>Read about our mountain history dating back to 1965<\/p>\n<\/div>\n\n\n\n<div class=\"wp-block-column is-layout-flow wp-block-column-is-layout-flow\">\n<p>The story of Storhogna H\u00f6gfj\u00e4llshotell &amp; Spa began in the 1960s when a farmer in Kl\u00f6vsj\u00f6 bought land and started to build a road and the first coffee house.<\/p>\n<\/div>\n<\/div>\n<\/div><\/div><\/div><\/div>\n\n\n<div class=\"media-and-text\">\n    <div class=\"media-and-text__layout media-and-text__layout--invert  default-color default-background\">\n      <div class=\"media-and-text__media\">\n                  <img decoding=\"async\"\n          class=\"media-and-text__single-image\"\n          src=\"https:\/\/storhogna.se\/wp-content\/uploads\/storhogna-hogfjallshotell-ute-gammal-1200x675.jpg\"\n          srcset=\"https:\/\/storhogna.se\/wp-content\/uploads\/storhogna-hogfjallshotell-ute-gammal-1200x675.jpg 1200w, https:\/\/storhogna.se\/wp-content\/uploads\/storhogna-hogfjallshotell-ute-gammal-1200x675.jpg 1200w\"\n          sizes=\"auto, (max-width: 500px) 1200px, 1200px\"\n          alt=\"Outdoor picture at Storhogna H\u00f6gfj\u00e4llshotell at an early stage\"\n          width=\"1200\" \n          height=\"675\" \n          loading=\"lazy\"\n          \/>\n              <\/div>\n      <div class=\"media-and-text__content top\">\n        <div class=\"media-and-text__content-container\">\n          <div class=\"media-and-text__text\">\n            <h2>1965<\/h2>\n<p>Vemdalsskalet was the first in the area to have a lift back in the thirties.<\/p>\n<p>Brundell &amp; Jonsson took the hotel plans seriously and owned it between 1965 and 1970.<\/p>\n<p>Kopparsalen was built in 1967, it actually consists of two lodges that were moved from Ytterhogdal and assembled. A kitchen was built and soon a lift was also built where the road up here now goes, from the caravan park up to the car park. The valley lift. They also built the Storhogdal lift from the hotel up to the top, the foundation is at the top.<\/p>\n<p>In the same year, 1967, the timber frames were lifted and they dug out a cellar, Kalle's cellar, under Kopparsalen, the masses were laid around what is now the pond. The rest of the rubble was given to the campsite.<\/p>\n<p>In 1968-69 Hack\u00e5sg\u00e5rden was added, another lodge was moved, this time from Hack\u00e5s and then public areas were also built outside Kopparsalen with a library, a fireplace room, an office and 4 bedrooms upstairs.<\/p>\n<p>The reception and conference room, now the Wellness Centre, were added after that. The reception also housed an Ica store.<\/p>\n\n          <\/div>\n                            <\/div>\n      <\/div>\n    <\/div>\n  <\/div>\n\n\n<div class=\"media-and-text\">\n    <div class=\"media-and-text__layout  default-color default-background\">\n      <div class=\"media-and-text__media\">\n                  <img decoding=\"async\"\n          class=\"media-and-text__single-image\"\n          src=\"https:\/\/storhogna.se\/wp-content\/uploads\/STORHOGNA_19-801x1200.jpg\"\n          srcset=\"https:\/\/storhogna.se\/wp-content\/uploads\/STORHOGNA_19-801x1200.jpg 801w, https:\/\/storhogna.se\/wp-content\/uploads\/STORHOGNA_19-801x1200.jpg 801w\"\n          sizes=\"auto, (max-width: 500px) 801px, 801px\"\n          alt=\"\"\n          width=\"801\" \n          height=\"1200\" \n          loading=\"lazy\"\n          \/>\n              <\/div>\n      <div class=\"media-and-text__content top\">\n        <div class=\"media-and-text__content-container\">\n          <div class=\"media-and-text__text\">\n            <h2>1970<\/h2>\n<p>Storhogna was bought in 1970 by Nils Lindgren who had started both Skalet and Bj\u00f6rnrike. Nils' son, Bertil, then took over Storhogna and owned it until 1999, during which time Nils built Ulrikag\u00e5rden with rooms 5-31, including the pentryn.<\/p>\n<p>The spa area and 2 jacuzzis were added in the mid-70s, and 10 years later the first spa treatment room was installed and Storhogna started offering treatments. The first spa in the mountains!<\/p>\n<p>The old sports centre was built and operated from 1986-2016. The new sports centre was built in 2017.<\/p>\n<p>In 1989, our beautiful Winter Garden, the swimming pool and the Lovisa Corridor with 16 double rooms were built. Ingvar Borg took it upon himself to do this construction. 15 people from the hotel were involved in the construction and in total there were at most 80 people involved. It started in May, the pool was built as well as the Lovisa corridor. Everything was finished in December except for the pool wall, which was added in January 1990.<\/p>\n<p>All the trees came in a large lorry and were taken through a sluice. Cow dung, sand and bog soil were mixed and the trees were planted.<\/p>\n<p>The garden has names for all the trees and plants. There is a stream running through the garden. The fish at the moment are only char from Ljusnan - 34 of them.<\/p>\n<p>Bertil Lindgren, who owned Storhogna at the time, was initially dissatisfied with the garden, which he thought was too small.<\/p>\n\n          <\/div>\n                            <\/div>\n      <\/div>\n    <\/div>\n  <\/div>\n\n\n<div class=\"media-and-text\">\n    <div class=\"media-and-text__layout media-and-text__layout--invert  default-color default-background\">\n      <div class=\"media-and-text__media\">\n                  <img decoding=\"async\"\n          class=\"media-and-text__single-image\"\n          src=\"https:\/\/storhogna.se\/wp-content\/uploads\/Behandling-800x1200.jpg\"\n          srcset=\"https:\/\/storhogna.se\/wp-content\/uploads\/Behandling-800x1200.jpg 800w, https:\/\/storhogna.se\/wp-content\/uploads\/Behandling-800x1200.jpg 800w\"\n          sizes=\"auto, (max-width: 500px) 800px, 800px\"\n          alt=\"\"\n          width=\"800\" \n          height=\"1200\" \n          loading=\"lazy\"\n          \/>\n              <\/div>\n      <div class=\"media-and-text__content top\">\n        <div class=\"media-and-text__content-container\">\n          <div class=\"media-and-text__text\">\n            <h2>1999<\/h2>\n<p><strong>Mats Wallin bought the hotel in April 1999 and developed it further:<\/strong><\/p>\n<p>2000 - Built wine cellar, Showkitchen<br \/>\n2004 - Mountain sauna completed. Wood-fired sauna, relaxation room and fireplace - a snowball's throw from the hotel, it later burned down.<br \/>\n2006 - The hotel is named the 5th facility in Sweden to be certified by Vasaloppet.<br \/>\n2008-09 - The hotel is named Sweden's leading spa hotel by the World Travel Awards (the travel industry's equivalent of the Oscars).<\/p>\n\n          <\/div>\n                            <\/div>\n      <\/div>\n    <\/div>\n  <\/div>\n\n\n<div class=\"media-and-text\">\n    <div class=\"media-and-text__layout  default-color default-background\">\n      <div class=\"media-and-text__media\">\n                  <img decoding=\"async\"\n          class=\"media-and-text__single-image\"\n          src=\"https:\/\/storhogna.se\/wp-content\/uploads\/fjallvistet-exterior-vinter-1200x675.jpg\"\n          srcset=\"https:\/\/storhogna.se\/wp-content\/uploads\/fjallvistet-exterior-vinter-1200x675.jpg 1200w, https:\/\/storhogna.se\/wp-content\/uploads\/fjallvistet-exterior-vinter-1200x675.jpg 1200w\"\n          sizes=\"auto, (max-width: 500px) 1200px, 1200px\"\n          alt=\"Mountain living in the sun in winter\"\n          width=\"1200\" \n          height=\"675\" \n          loading=\"lazy\"\n          \/>\n              <\/div>\n      <div class=\"media-and-text__content top\">\n        <div class=\"media-and-text__content-container\">\n          <div class=\"media-and-text__text\">\n            <h2>2010<\/h2>\n<p><strong>Charlotte Mannerson and Anders Treschow acquired Storhogna h\u00f6gfj\u00e4llshotell &amp; Spa in 2010.<\/strong><\/p>\n<p>2015 - New mountain bivouac completed<br \/>\n2017 - Storhogna Sport &amp; Event Centre is completed<br \/>\n2021 - Energy efficiency<br \/>\n2021 - Boules court and first bare ground season with summer opening<\/p>\n\n          <\/div>\n                            <\/div>\n      <\/div>\n    <\/div>\n  <\/div>\n\n\n<div class=\"media-and-text\">\n    <div class=\"media-and-text__layout media-and-text__layout--invert  default-color default-background\">\n      <div class=\"media-and-text__media\">\n                  <img decoding=\"async\"\n          class=\"media-and-text__single-image\"\n          src=\"https:\/\/storhogna.se\/wp-content\/uploads\/StorhognaFjallsidan-1200x675.png\"\n          srcset=\"https:\/\/storhogna.se\/wp-content\/uploads\/StorhognaFjallsidan-1200x675.png 1200w, https:\/\/storhogna.se\/wp-content\/uploads\/StorhognaFjallsidan-1200x675.png 1200w\"\n          sizes=\"auto, (max-width: 500px) 1200px, 1200px\"\n          alt=\"\"\n          width=\"1200\" \n          height=\"675\" \n          loading=\"lazy\"\n          \/>\n              <\/div>\n      <div class=\"media-and-text__content top\">\n        <div class=\"media-and-text__content-container\">\n          <div class=\"media-and-text__text\">\n            <h2>2021<\/h2>\n<p><strong>Ciboola Holding AB will acquire the hotel on 1 September 2021 from Cibola Holding AB.<\/strong>\u00a0<strong>Cibola Holding already owns Fr\u00f6s\u00f6 Park Hotel and Dalecarlia.<\/strong><\/p>\n<p>2022 - Storhogna gets a new website<br \/>\n2022 - Pop up restaurant in the old sun side - summer 2022 Deli &amp; Pizzeria<br \/>\n2024 - SkiStar Vemdalen operates the Sporthuset from season 24\/25 with their concept SkiStar Concepts Store<br \/>\n2025 - A filling novelty for the 2026 winter season, KorvEtt is the best stop on the slopes for an energy boost. Drink something hot, grab a sausage or two with your ski boots on and fuel up for your next run.<\/p>\n\n          <\/div>\n                            <\/div>\n      <\/div>\n    <\/div>\n  <\/div>\n\n\n<div class=\"media-and-text\">\n    <div class=\"media-and-text__layout  default-color default-background\">\n      <div class=\"media-and-text__media\">\n                  <img decoding=\"async\"\n          class=\"media-and-text__single-image\"\n          src=\"https:\/\/storhogna.se\/wp-content\/uploads\/Storhogna_oktober25_henrik_web80-1200x800.jpg\"\n          srcset=\"https:\/\/storhogna.se\/wp-content\/uploads\/Storhogna_oktober25_henrik_web80-1200x800.jpg 1200w, https:\/\/storhogna.se\/wp-content\/uploads\/Storhogna_oktober25_henrik_web80-1200x800.jpg 1200w\"\n          sizes=\"auto, (max-width: 500px) 1200px, 1200px\"\n          alt=\"\"\n          width=\"1200\" \n          height=\"800\" \n          loading=\"lazy\"\n          \/>\n              <\/div>\n      <div class=\"media-and-text__content top\">\n        <div class=\"media-and-text__content-container\">\n          <div class=\"media-and-text__text\">\n            <h2>HISTORY<\/h2>\n<p>The hotel was originally called Karl den XI V\u00e4rdshus, and in 1983-1984 it was called Karl den XI H\u00f6gfj\u00e4llshotell. Since the mid-90s it became Storhogna H\u00f6gfj\u00e4llshotell.<\/p>\n<p>Charles XI ordered in 1686 that the road should be repaired when he was going to inspect a fortress in J\u00e4rpen and L\u00e5ng\u00e5, the road went from J\u00e4rpen, past Kl\u00f6vsj\u00f6n and when he rode past, the road was also named after him. Erik Dahlberg (conference hall) was field marshal to Charles XI. Ulrika (Ulrikakorridoren) was Charles XI's wife.<\/p>\n<p><strong>Fettjantorpet<\/strong> - Spearheads and other flint objects have been found there. The Stone Age people probably travelled along the coast and into Ljungan. It was warm here after the last ice age and there were lots of fish in the lakes. Bertil Lindgren built a dance floor at Fettjan and had dances with fiddlers. Food and drink were consumed inside the croft. Storhogna has also had guided tours ending in Fettjan with lunch. It has mainly been relevant for conference groups. Fettjan means fat earth.<\/p>\n<p><strong>Samevistet<\/strong> was built by Brundell and Jonsson as an excursion destination in the sixties. It was taken over by private individuals who owned it until Storhogna H\u00f6gfj\u00e4llshotell bought it back in the 2000s. Samevistet is only open in winter when the mountain is frozen, as this is the only time you can bring goods up. There is no electricity or water connected. Gas and a generator are used, and the goods are kept cold in a storage room during the winter and all the water is brought up.<\/p>\n\n          <\/div>\n                            <\/div>\n      <\/div>\n    <\/div>\n  <\/div>\n\n\n\n<p><\/p>","protected":false},"excerpt":{"rendered":"<p>The story of Storhogna H\u00f6gfj\u00e4llshotell &amp; Spa began in the 1960s when a farmer in Kl\u00f6vsj\u00f6 bought land and started to build a road and the first coffee house.<\/p>","protected":false},"author":1,"featured_media":2817,"parent":224,"menu_order":1,"comment_status":"closed","ping_status":"closed","template":"","meta":{"_acf_changed":false,"footnotes":""},"categories":[42],"tags":[],"class_list":["post-32","page","type-page","status-publish","has-post-thumbnail","hentry","category-info-inspo"],"acf":[],"yoast_head":"<!-- This site is optimized with the Yoast SEO plugin v27.3 - https:\/\/yoast.com\/product\/yoast-seo-wordpress\/ -->\n<title>Historien om hotellet | Storhogna H\u00f6gfj\u00e4llshotell &amp; Spa<\/title>\n<meta name=\"description\" content=\"Historien om Storhogna H\u00f6gfj\u00e4llshotell &amp; Spa b\u00f6rjade p\u00e5 sextiotalet d\u00e5 en bonde i Kl\u00f6vsj\u00f6 k\u00f6pte mark och b\u00f6rjade bygga en v\u00e4g och den f\u00f6rsta kaffestugan.\" \/>\n<meta name=\"robots\" content=\"index, follow, max-snippet:-1, max-image-preview:large, max-video-preview:-1\" \/>\n<link rel=\"canonical\" href=\"https:\/\/storhogna.se\/en\/info-and-inspiration\/history\/\" \/>\n<meta property=\"og:locale\" content=\"en_GB\" \/>\n<meta property=\"og:type\" content=\"article\" \/>\n<meta property=\"og:title\" content=\"Historien om hotellet | Storhogna H\u00f6gfj\u00e4llshotell &amp; Spa\" \/>\n<meta property=\"og:description\" content=\"Historien om Storhogna H\u00f6gfj\u00e4llshotell &amp; Spa b\u00f6rjade p\u00e5 sextiotalet d\u00e5 en bonde i Kl\u00f6vsj\u00f6 k\u00f6pte mark och b\u00f6rjade bygga en v\u00e4g och den f\u00f6rsta kaffestugan.\" \/>\n<meta property=\"og:url\" content=\"https:\/\/storhogna.se\/en\/info-and-inspiration\/history\/\" \/>\n<meta property=\"og:site_name\" content=\"Storhogna H\u00f6gfj\u00e4llshotell &amp; Spa\" \/>\n<meta property=\"article:publisher\" content=\"https:\/\/www.facebook.com\/storhogna\" \/>\n<meta property=\"article:modified_time\" content=\"2026-03-16T10:07:40+00:00\" \/>\n<meta property=\"og:image\" content=\"https:\/\/storhogna.se\/wp-content\/uploads\/storhogna-uppbyggnad-60-talet.jpg\" \/>\n\t<meta property=\"og:image:width\" content=\"2560\" \/>\n\t<meta property=\"og:image:height\" content=\"1440\" \/>\n\t<meta property=\"og:image:type\" content=\"image\/jpeg\" \/>\n<meta name=\"twitter:card\" content=\"summary_large_image\" \/>\n<meta name=\"twitter:label1\" content=\"Estimated reading time\" \/>\n\t<meta name=\"twitter:data1\" content=\"1 minute\" \/>\n<script type=\"application\/ld+json\" class=\"yoast-schema-graph\">{\"@context\":\"https:\\\/\\\/schema.org\",\"@graph\":[{\"@type\":\"WebPage\",\"@id\":\"https:\\\/\\\/storhogna.se\\\/info-och-inspo\\\/historia\\\/\",\"url\":\"https:\\\/\\\/storhogna.se\\\/info-och-inspo\\\/historia\\\/\",\"name\":\"Historien om hotellet | Storhogna H\u00f6gfj\u00e4llshotell & Spa\",\"isPartOf\":{\"@id\":\"https:\\\/\\\/storhogna.se\\\/#website\"},\"primaryImageOfPage\":{\"@id\":\"https:\\\/\\\/storhogna.se\\\/info-och-inspo\\\/historia\\\/#primaryimage\"},\"image\":{\"@id\":\"https:\\\/\\\/storhogna.se\\\/info-och-inspo\\\/historia\\\/#primaryimage\"},\"thumbnailUrl\":\"https:\\\/\\\/storhogna.se\\\/wp-content\\\/uploads\\\/storhogna-uppbyggnad-60-talet.jpg\",\"datePublished\":\"2022-03-23T11:18:28+00:00\",\"dateModified\":\"2026-03-16T10:07:40+00:00\",\"description\":\"Historien om Storhogna H\u00f6gfj\u00e4llshotell & Spa b\u00f6rjade p\u00e5 sextiotalet d\u00e5 en bonde i Kl\u00f6vsj\u00f6 k\u00f6pte mark och b\u00f6rjade bygga en v\u00e4g och den f\u00f6rsta kaffestugan.\",\"breadcrumb\":{\"@id\":\"https:\\\/\\\/storhogna.se\\\/info-och-inspo\\\/historia\\\/#breadcrumb\"},\"inLanguage\":\"en-GB\",\"potentialAction\":[{\"@type\":\"ReadAction\",\"target\":[\"https:\\\/\\\/storhogna.se\\\/info-och-inspo\\\/historia\\\/\"]}]},{\"@type\":\"ImageObject\",\"inLanguage\":\"en-GB\",\"@id\":\"https:\\\/\\\/storhogna.se\\\/info-och-inspo\\\/historia\\\/#primaryimage\",\"url\":\"https:\\\/\\\/storhogna.se\\\/wp-content\\\/uploads\\\/storhogna-uppbyggnad-60-talet.jpg\",\"contentUrl\":\"https:\\\/\\\/storhogna.se\\\/wp-content\\\/uploads\\\/storhogna-uppbyggnad-60-talet.jpg\",\"width\":2560,\"height\":1440,\"caption\":\"Uppbyggnad av Storhogna H\u00f6gfj\u00e4llshotell under 1960-talet\"},{\"@type\":\"BreadcrumbList\",\"@id\":\"https:\\\/\\\/storhogna.se\\\/info-och-inspo\\\/historia\\\/#breadcrumb\",\"itemListElement\":[{\"@type\":\"ListItem\",\"position\":1,\"name\":\"Hem\",\"item\":\"https:\\\/\\\/storhogna.se\\\/\"},{\"@type\":\"ListItem\",\"position\":2,\"name\":\"Info\",\"item\":\"https:\\\/\\\/storhogna.se\\\/info-och-inspo\\\/\"},{\"@type\":\"ListItem\",\"position\":3,\"name\":\"Historia\"}]},{\"@type\":\"WebSite\",\"@id\":\"https:\\\/\\\/storhogna.se\\\/#website\",\"url\":\"https:\\\/\\\/storhogna.se\\\/\",\"name\":\"Storhogna H\u00f6gfj\u00e4llshotell &amp; Spa\",\"description\":\"Ett genuint h\u00f6gfj\u00e4llshotell med spa\",\"potentialAction\":[{\"@type\":\"SearchAction\",\"target\":{\"@type\":\"EntryPoint\",\"urlTemplate\":\"https:\\\/\\\/storhogna.se\\\/?s={search_term_string}\"},\"query-input\":{\"@type\":\"PropertyValueSpecification\",\"valueRequired\":true,\"valueName\":\"search_term_string\"}}],\"inLanguage\":\"en-GB\"}]}<\/script>\n<!-- \/ Yoast SEO plugin. -->","yoast_head_json":{"title":"History of the hotel | Storhogna H\u00f6gfj\u00e4llshotell &amp; Spa","description":"The story of Storhogna H\u00f6gfj\u00e4llshotell &amp; Spa began in the 1960s when a farmer in Kl\u00f6vsj\u00f6 bought land and started to build a road and the first coffee house.","robots":{"index":"index","follow":"follow","max-snippet":"max-snippet:-1","max-image-preview":"max-image-preview:large","max-video-preview":"max-video-preview:-1"},"canonical":"https:\/\/storhogna.se\/en\/info-and-inspiration\/history\/","og_locale":"en_GB","og_type":"article","og_title":"Historien om hotellet | Storhogna H\u00f6gfj\u00e4llshotell & Spa","og_description":"Historien om Storhogna H\u00f6gfj\u00e4llshotell & Spa b\u00f6rjade p\u00e5 sextiotalet d\u00e5 en bonde i Kl\u00f6vsj\u00f6 k\u00f6pte mark och b\u00f6rjade bygga en v\u00e4g och den f\u00f6rsta kaffestugan.","og_url":"https:\/\/storhogna.se\/en\/info-and-inspiration\/history\/","og_site_name":"Storhogna H\u00f6gfj\u00e4llshotell &amp; Spa","article_publisher":"https:\/\/www.facebook.com\/storhogna","article_modified_time":"2026-03-16T10:07:40+00:00","og_image":[{"width":2560,"height":1440,"url":"https:\/\/storhogna.se\/wp-content\/uploads\/storhogna-uppbyggnad-60-talet.jpg","type":"image\/jpeg"}],"twitter_card":"summary_large_image","twitter_misc":{"Estimated reading time":"1 minute"},"schema":{"@context":"https:\/\/schema.org","@graph":[{"@type":"WebPage","@id":"https:\/\/storhogna.se\/info-och-inspo\/historia\/","url":"https:\/\/storhogna.se\/info-och-inspo\/historia\/","name":"History of the hotel | Storhogna H\u00f6gfj\u00e4llshotell &amp; Spa","isPartOf":{"@id":"https:\/\/storhogna.se\/#website"},"primaryImageOfPage":{"@id":"https:\/\/storhogna.se\/info-och-inspo\/historia\/#primaryimage"},"image":{"@id":"https:\/\/storhogna.se\/info-och-inspo\/historia\/#primaryimage"},"thumbnailUrl":"https:\/\/storhogna.se\/wp-content\/uploads\/storhogna-uppbyggnad-60-talet.jpg","datePublished":"2022-03-23T11:18:28+00:00","dateModified":"2026-03-16T10:07:40+00:00","description":"The story of Storhogna H\u00f6gfj\u00e4llshotell &amp; Spa began in the 1960s when a farmer in Kl\u00f6vsj\u00f6 bought land and started to build a road and the first coffee house.","breadcrumb":{"@id":"https:\/\/storhogna.se\/info-och-inspo\/historia\/#breadcrumb"},"inLanguage":"en-GB","potentialAction":[{"@type":"ReadAction","target":["https:\/\/storhogna.se\/info-och-inspo\/historia\/"]}]},{"@type":"ImageObject","inLanguage":"en-GB","@id":"https:\/\/storhogna.se\/info-och-inspo\/historia\/#primaryimage","url":"https:\/\/storhogna.se\/wp-content\/uploads\/storhogna-uppbyggnad-60-talet.jpg","contentUrl":"https:\/\/storhogna.se\/wp-content\/uploads\/storhogna-uppbyggnad-60-talet.jpg","width":2560,"height":1440,"caption":"Uppbyggnad av Storhogna H\u00f6gfj\u00e4llshotell under 1960-talet"},{"@type":"BreadcrumbList","@id":"https:\/\/storhogna.se\/info-och-inspo\/historia\/#breadcrumb","itemListElement":[{"@type":"ListItem","position":1,"name":"Hem","item":"https:\/\/storhogna.se\/"},{"@type":"ListItem","position":2,"name":"Info","item":"https:\/\/storhogna.se\/info-och-inspo\/"},{"@type":"ListItem","position":3,"name":"Historia"}]},{"@type":"WebSite","@id":"https:\/\/storhogna.se\/#website","url":"https:\/\/storhogna.se\/","name":"Storhogna High Mountain Hotel &amp; Spa","description":"A genuine high mountain hotel with spa","potentialAction":[{"@type":"SearchAction","target":{"@type":"EntryPoint","urlTemplate":"https:\/\/storhogna.se\/?s={search_term_string}"},"query-input":{"@type":"PropertyValueSpecification","valueRequired":true,"valueName":"search_term_string"}}],"inLanguage":"en-GB"}]}},"_links":{"self":[{"href":"https:\/\/storhogna.se\/en\/wp-json\/wp\/v2\/pages\/32","targetHints":{"allow":["GET"]}}],"collection":[{"href":"https:\/\/storhogna.se\/en\/wp-json\/wp\/v2\/pages"}],"about":[{"href":"https:\/\/storhogna.se\/en\/wp-json\/wp\/v2\/types\/page"}],"author":[{"embeddable":true,"href":"https:\/\/storhogna.se\/en\/wp-json\/wp\/v2\/users\/1"}],"replies":[{"embeddable":true,"href":"https:\/\/storhogna.se\/en\/wp-json\/wp\/v2\/comments?post=32"}],"version-history":[{"count":49,"href":"https:\/\/storhogna.se\/en\/wp-json\/wp\/v2\/pages\/32\/revisions"}],"predecessor-version":[{"id":16776,"href":"https:\/\/storhogna.se\/en\/wp-json\/wp\/v2\/pages\/32\/revisions\/16776"}],"up":[{"embeddable":true,"href":"https:\/\/storhogna.se\/en\/wp-json\/wp\/v2\/pages\/224"}],"wp:featuredmedia":[{"embeddable":true,"href":"https:\/\/storhogna.se\/en\/wp-json\/wp\/v2\/media\/2817"}],"wp:attachment":[{"href":"https:\/\/storhogna.se\/en\/wp-json\/wp\/v2\/media?parent=32"}],"wp:term":[{"taxonomy":"category","embeddable":true,"href":"https:\/\/storhogna.se\/en\/wp-json\/wp\/v2\/categories?post=32"},{"taxonomy":"post_tag","embeddable":true,"href":"https:\/\/storhogna.se\/en\/wp-json\/wp\/v2\/tags?post=32"}],"curies":[{"name":"wp","href":"https:\/\/api.w.org\/{rel}","templated":true}]}}