{"id":3201,"date":"2022-06-08T15:03:49","date_gmt":"2022-06-08T13:03:49","guid":{"rendered":"https:\/\/storhogna.se\/?page_id=3201"},"modified":"2026-04-20T13:46:00","modified_gmt":"2026-04-20T11:46:00","slug":"hotel-info","status":"publish","type":"page","link":"https:\/\/storhogna.se\/en\/hotellinfo\/","title":{"rendered":"Hotel info"},"content":{"rendered":"<div class=\"hero-slider\"><div class=\"splide\" data-slider=\"hero\" data-arrows=\"true\" data-interval=\"5\" data-transition=\"loop\" data-start-index=\"0\" id=\"hero-slider_1776685427939\" data-id=\"hero-slider_1776685427939\" data-custom-arrows=\"true\"><div class=\"splide__track\"><ul class=\"splide__list\"><li class=\"splide__slide\"><picture><source media=\"(max-width: 340px)\" srcset=\"https:\/\/storhogna.se\/wp-content\/uploads\/storhogna-hogfjallshotell-utomhus-vatten-sommar-2-300x169.jpg\"\/><source media=\"(min-width: 341px)\" srcset=\"https:\/\/storhogna.se\/wp-content\/uploads\/storhogna-hogfjallshotell-utomhus-vatten-sommar-2.jpg\"\/><img fetchpriority=\"high\" decoding=\"async\" class=\"fullscreen-image\" src=\"https:\/\/storhogna.se\/wp-content\/uploads\/storhogna-hogfjallshotell-utomhus-vatten-sommar-2.jpg\" alt=\"\" width=\"2560\" height=\"1440\" loading=\"eager\" style=\"object-position:50% 50%\"\/><\/picture><\/li><\/ul><\/div><\/div><div class=\"hero-slider__filter\" data-active=\"true\"><\/div><div class=\"hero-slider__fixed-content\"><div class=\"hero-slider__text-block\" data-visible=\"true\"><div class=\"hero-slider__text-block-inner\">\n<div class=\"wp-block-columns is-layout-flex wp-container-core-columns-is-layout-9d6595d7 wp-block-columns-is-layout-flex\">\n<div class=\"wp-block-column is-layout-flow wp-block-column-is-layout-flow\">\n<h1 class=\"wp-block-heading\">Hotel info<\/h1>\n\n\n\n<p>Find info about hotel, spa &amp; restaurant<\/p>\n<\/div>\n\n\n\n<div class=\"wp-block-column is-layout-flow wp-block-column-is-layout-flow\">\n<p><\/p>\n<\/div>\n<\/div>\n<\/div><\/div><\/div><\/div>\n\n\n<div class=\"media-and-text\">\n    <div class=\"media-and-text__layout media-and-text__layout--invert  default-color default-background\">\n      <div class=\"media-and-text__media\">\n                  <img decoding=\"async\"\n          class=\"media-and-text__single-image\"\n          src=\"https:\/\/storhogna.se\/wp-content\/uploads\/STORHOGNA_19-801x1200.jpg\"\n          srcset=\"https:\/\/storhogna.se\/wp-content\/uploads\/STORHOGNA_19-801x1200.jpg 801w, https:\/\/storhogna.se\/wp-content\/uploads\/STORHOGNA_19-801x1200.jpg 801w\"\n          sizes=\"auto, (max-width: 500px) 801px, 801px\"\n          alt=\"\"\n          width=\"801\" \n          height=\"1200\" \n          loading=\"lazy\"\n          \/>\n              <\/div>\n      <div class=\"media-and-text__content top\">\n        <div class=\"media-and-text__content-container\">\n          <div class=\"media-and-text__text\">\n            <h2>WELCOME<\/h2>\n<p>to us at Storhogna H\u00f6gfj\u00e4llshotell &amp; Spa.<br \/>\nBelow you will find useful information on hotels, restaurants and spas.<\/p>\n<h4><strong>REGULAR OPENING HOURS<\/strong><\/h4>\n<p>G\u00e4ller t.o.m l\u00f6rdag den 18 april 15.00 2026, hotellet har sedan v\u00e5rst\u00e4ngt f\u00f6r att sedan \u00f6ppna \u00e5ter m\u00e5ndag 29 juni 12.00 2026 och h\u00e5ller \u00f6ppet till slutet av april 2027.<\/p>\n<p><strong>RECEPTION<br \/>\n<\/strong>All days 08.00-20.00<br \/>\nCheck-in at 16.00<br \/>\nCheck-out 11.00<br \/>\n<em>Do you wish to check out later? Please contact the reception.\u00a0<\/em><\/p>\n<p><strong>BREAKFAST<br \/>\n<\/strong>Every day 07.00-09.30<\/p>\n<p><strong>RESTAURANT<br \/>\n<\/strong>Lunch 11.30-14.00<br \/>\n2-r\u00e4ttersmiddag 18.00-21.00<br \/>\nBar &amp; caf\u00e9 11.30-22.00<\/p>\n<p><strong>FJ\u00c4LLSIDAN<br \/>\n<\/strong>See opening hours <a href=\"https:\/\/storhogna.se\/en\/the-mountain-side\/#oppettider\">here<\/a>.<\/p>\n<p><strong>POOL, SAUNA &amp; GYM<br \/>\n<\/strong>07.00-21.00<br \/>\nFor children under 16 years 09.00-17.00.<br \/>\n<em>Holiday weeks Christmas &amp; New Year, Sports holidays v.7-10, Easter holidays and Autumn holidays 09.00-18.00<\/em><br \/>\nPool &amp; sauna for external guests: 09:00-20:00, <a href=\"https:\/\/book.storhogna.se\/extras?channelid=d51591a1-ac68-4349-807d-7fd97c72fa2e&amp;category=Se+alla+kategorier&amp;langid=2\">book here<\/a>.<\/p>\n<p><strong>DAILY CLEANING<\/strong><br \/>\nDaily cleaning takes place every day during your stay with us. Hang out the sign; Do Not Disturb if you do not wish to have your room cleaned. Bed linen is changed every 4th day.<\/p>\n<p><strong>WIFI<\/strong><br \/>\nSHHGUEST - no password required<\/p>\n<p><strong>ENTRY CODE<\/strong><br \/>\nThe entrance doors are locked at approximately 21:00, use the tag on the hotel key to enter after 21:00.<\/p>\n<p><strong>SOURCE SORTING<\/strong><br \/>\nWe are happy to help you recycle, please put paper and plastic aside and we will take care of it!<\/p>\n\n          <\/div>\n                            <\/div>\n      <\/div>\n    <\/div>\n  <\/div>\n\n\n<div class=\"media-and-text\">\n    <div class=\"media-and-text__layout  default-color default-background\">\n      <div class=\"media-and-text__media\">\n                  <img decoding=\"async\"\n          class=\"media-and-text__single-image\"\n          src=\"https:\/\/storhogna.se\/wp-content\/uploads\/vandring-kvinna-1200x675.jpg\"\n          srcset=\"https:\/\/storhogna.se\/wp-content\/uploads\/vandring-kvinna-1200x675.jpg 1200w, https:\/\/storhogna.se\/wp-content\/uploads\/vandring-kvinna-1200x675.jpg 1200w\"\n          sizes=\"auto, (max-width: 500px) 1200px, 1200px\"\n          alt=\"hiking woman summer\"\n          width=\"1200\" \n          height=\"675\" \n          loading=\"lazy\"\n          \/>\n              <\/div>\n      <div class=\"media-and-text__content top\">\n        <div class=\"media-and-text__content-container\">\n          <div class=\"media-and-text__text\">\n            <h2><strong>Excursions &amp; activities in a fantastic mountain environment\u00a0<\/strong><\/h2>\n<p>Mountain hiking, maps of hiking trails are for sale at the reception. There are also walking sticks to borrow, MTB bikes for hire and picnic bags to order for your mountain trip. Other wonderful summer activities during the bare ground season to choose from are golf, Kl\u00f6vsj\u00f6 Vemdalens GK 10 km away with 18-hole &amp; short hole course, Hede Vemdalens GK 42 km with 18-hole course, fishing, canoeing, kayaking and horse riding.<\/p>\n<p><strong><em>Tips<\/em><\/strong><strong>!<\/strong><\/p>\n<p><strong>Plupp's ladder<\/strong>This is a simple children's walk with Pluppy activities and adventures all along the trail. Here you can walk a tightrope, jump on stumps and stones, taste the mountain water from a babbling brook and of course the highlight of the hike - visiting Plupp's hut to try out Plupp's chair and check out the fireplace. At the start of the Plupp trail there is also a playground with a slide, climbing frame and swing.<\/p>\n<p><strong>The hotel loop, <\/strong>nice walk up the bare mountain from the hotel, follow orange markings, a total of about 2.5 km.<\/p>\n<p><strong>Samevistet<\/strong>, our popular waffle hut 3.5 km out on the mountain. A nice excursion destination, winter and summer. <em>Open for dining only in winter, contact reception for current opening hours.<\/em><\/p>\n<p><strong>Fallmorafallen, <\/strong>head towards Samevistet and continue downhill for about 800 metres.<\/p>\n<p><strong>Outdoor gym<\/strong>, below the hotel you will find our outdoor gym. Free to use.<\/p>\n<p><strong>Boule court<\/strong>, outside Kopparsalen is our nice boules court. Balls are available to borrow at the reception.<\/p>\n\n          <\/div>\n                            <\/div>\n      <\/div>\n    <\/div>\n  <\/div>\n\n\n<div class=\"media-and-text\">\n    <div class=\"media-and-text__layout media-and-text__layout--invert  default-color default-background\">\n      <div class=\"media-and-text__media\">\n                  <img decoding=\"async\"\n          class=\"media-and-text__single-image\"\n          src=\"https:\/\/storhogna.se\/wp-content\/uploads\/barn-i-badrock-pa-spa-1200x675.jpg\"\n          srcset=\"https:\/\/storhogna.se\/wp-content\/uploads\/barn-i-badrock-pa-spa-1200x675.jpg 1200w, https:\/\/storhogna.se\/wp-content\/uploads\/barn-i-badrock-pa-spa-1200x675.jpg 1200w\"\n          sizes=\"auto, (max-width: 500px) 1200px, 1200px\"\n          alt=\"Children in bathrobes at Storhogna H\u00f6gfj\u00e4llshotell &amp; Spa\"\n          width=\"1200\" \n          height=\"675\" \n          loading=\"lazy\"\n          \/>\n              <\/div>\n      <div class=\"media-and-text__content top\">\n        <div class=\"media-and-text__content-container\">\n          <div class=\"media-and-text__text\">\n            <h2>Children's Storhogna<\/h2>\n<p><strong>Plupp's hut\u00a0<\/strong><br \/>\nPlupp lives in the hut in our Winter Garden. Sometimes he is visited by his friends Hermelin and L\u00e4mmel. All children are always welcome in the hut and it is well visited. Next to Plupp's hut, our stream runs through the Winter Garden and there are live trout swimming there!<\/p>\n<p><strong>Games &amp; cinema rooms<br \/>\n<\/strong>The hotel also has a table tennis table, football &amp; hockey games and a cinema room. Borrow a racket from reception or ask us to start a children's film.<\/p>\n<p><strong>Plupp's ladder<\/strong><br \/>\nOn the mountainside outside the hotel winds Plupp's trail, an easy 1km discovery walk for kids with adventures along the path. Walk the tightrope, jump on tree stumps, follow the babbling brook and crawl into Plupp's mountain hut.<\/p>\n<p><strong>Plupps playground<br \/>\n<\/strong>At the end of the mountain above Skistar Sporthus and right at the start of Plupp's trail you will find Plupp's playground. Here you will find a playground with a slide, climbing frame and swing.<\/p>\n\n          <\/div>\n                            <\/div>\n      <\/div>\n    <\/div>\n  <\/div>\n\n\n<div class=\"media-and-text\">\n    <div class=\"media-and-text__layout  default-color default-background\">\n      <div class=\"media-and-text__media\">\n                  <img decoding=\"async\"\n          class=\"media-and-text__single-image\"\n          src=\"https:\/\/storhogna.se\/wp-content\/uploads\/kvinna-hund-vid-altandorr-hotellrum-1200x675.jpg\"\n          srcset=\"https:\/\/storhogna.se\/wp-content\/uploads\/kvinna-hund-vid-altandorr-hotellrum-1200x675.jpg 1200w, https:\/\/storhogna.se\/wp-content\/uploads\/kvinna-hund-vid-altandorr-hotellrum-1200x675.jpg 1200w\"\n          sizes=\"auto, (max-width: 500px) 1200px, 1200px\"\n          alt=\"Woman and dog at the patio door of a dog-friendly hotel room at Storhogna H\u00f6gfj\u00e4llshotell &amp; Spa\"\n          width=\"1200\" \n          height=\"675\" \n          loading=\"lazy\"\n          \/>\n              <\/div>\n      <div class=\"media-and-text__content top\">\n        <div class=\"media-and-text__content-container\">\n          <div class=\"media-and-text__text\">\n            <h2>Dog friendly Storhogna<\/h2>\n<p>What fun that you brought your four-legged friend! Here at Storhogna, our four-legged friends get their own corner on the floor &amp; our wish is that the pets do not stay in beds, sofas &amp; armchairs.<\/p>\n<p>If you wish to bring your dog to eat in our restaurant, we will set a table for you in the Karl XI room, please inform us in the restaurant before your booked time.<\/p>\n<p>When you wish to have your room cleaned during your stay, you will find a sign in your room that you can hang on the door while you are out with your dog. If the sign is not on the door, we will not enter and disturb the dog.<\/p>\n\n          <\/div>\n                            <\/div>\n      <\/div>\n    <\/div>\n  <\/div>","protected":false},"excerpt":{"rendered":"","protected":false},"author":2,"featured_media":2821,"parent":0,"menu_order":0,"comment_status":"closed","ping_status":"closed","template":"","meta":{"_acf_changed":false,"footnotes":""},"categories":[],"tags":[],"class_list":["post-3201","page","type-page","status-publish","has-post-thumbnail","hentry"],"acf":[],"yoast_head":"<!-- This site is optimized with the Yoast SEO plugin v27.3 - https:\/\/yoast.com\/product\/yoast-seo-wordpress\/ -->\n<title>Hotellinfo - Storhogna H\u00f6gfj\u00e4llshotell &amp; Spa<\/title>\n<meta name=\"robots\" content=\"index, follow, max-snippet:-1, max-image-preview:large, max-video-preview:-1\" \/>\n<link rel=\"canonical\" href=\"https:\/\/storhogna.se\/en\/hotel-info\/\" \/>\n<meta property=\"og:locale\" content=\"en_GB\" \/>\n<meta property=\"og:type\" content=\"article\" \/>\n<meta property=\"og:title\" content=\"Hotellinfo - Storhogna H\u00f6gfj\u00e4llshotell &amp; Spa\" \/>\n<meta property=\"og:url\" content=\"https:\/\/storhogna.se\/en\/hotel-info\/\" \/>\n<meta property=\"og:site_name\" content=\"Storhogna H\u00f6gfj\u00e4llshotell &amp; Spa\" \/>\n<meta property=\"article:publisher\" content=\"https:\/\/www.facebook.com\/storhogna\" \/>\n<meta property=\"article:modified_time\" content=\"2026-04-20T11:46:00+00:00\" \/>\n<meta property=\"og:image\" content=\"https:\/\/storhogna.se\/wp-content\/uploads\/vandringsleder-bla-informationsskyltar.jpg\" \/>\n\t<meta property=\"og:image:width\" content=\"2560\" \/>\n\t<meta property=\"og:image:height\" content=\"1440\" \/>\n\t<meta property=\"og:image:type\" content=\"image\/jpeg\" \/>\n<meta name=\"twitter:card\" content=\"summary_large_image\" \/>\n<meta name=\"twitter:label1\" content=\"Estimated reading time\" \/>\n\t<meta name=\"twitter:data1\" content=\"1 minute\" \/>\n<script type=\"application\/ld+json\" class=\"yoast-schema-graph\">{\"@context\":\"https:\\\/\\\/schema.org\",\"@graph\":[{\"@type\":\"WebPage\",\"@id\":\"https:\\\/\\\/storhogna.se\\\/hotellinfo\\\/\",\"url\":\"https:\\\/\\\/storhogna.se\\\/hotellinfo\\\/\",\"name\":\"Hotellinfo - Storhogna H\u00f6gfj\u00e4llshotell &amp; Spa\",\"isPartOf\":{\"@id\":\"https:\\\/\\\/storhogna.se\\\/#website\"},\"primaryImageOfPage\":{\"@id\":\"https:\\\/\\\/storhogna.se\\\/hotellinfo\\\/#primaryimage\"},\"image\":{\"@id\":\"https:\\\/\\\/storhogna.se\\\/hotellinfo\\\/#primaryimage\"},\"thumbnailUrl\":\"https:\\\/\\\/storhogna.se\\\/wp-content\\\/uploads\\\/vandringsleder-bla-informationsskyltar.jpg\",\"datePublished\":\"2022-06-08T13:03:49+00:00\",\"dateModified\":\"2026-04-20T11:46:00+00:00\",\"breadcrumb\":{\"@id\":\"https:\\\/\\\/storhogna.se\\\/hotellinfo\\\/#breadcrumb\"},\"inLanguage\":\"en-GB\",\"potentialAction\":[{\"@type\":\"ReadAction\",\"target\":[\"https:\\\/\\\/storhogna.se\\\/hotellinfo\\\/\"]}]},{\"@type\":\"ImageObject\",\"inLanguage\":\"en-GB\",\"@id\":\"https:\\\/\\\/storhogna.se\\\/hotellinfo\\\/#primaryimage\",\"url\":\"https:\\\/\\\/storhogna.se\\\/wp-content\\\/uploads\\\/vandringsleder-bla-informationsskyltar.jpg\",\"contentUrl\":\"https:\\\/\\\/storhogna.se\\\/wp-content\\\/uploads\\\/vandringsleder-bla-informationsskyltar.jpg\",\"width\":2560,\"height\":1440,\"caption\":\"Bl\u00e5 informationsskyltar som informerar om vandringsleder runt omkring Storhogna H\u00f6gfj\u00e4llshotell & Spa\"},{\"@type\":\"BreadcrumbList\",\"@id\":\"https:\\\/\\\/storhogna.se\\\/hotellinfo\\\/#breadcrumb\",\"itemListElement\":[{\"@type\":\"ListItem\",\"position\":1,\"name\":\"Hem\",\"item\":\"https:\\\/\\\/storhogna.se\\\/\"},{\"@type\":\"ListItem\",\"position\":2,\"name\":\"Hotellinfo\"}]},{\"@type\":\"WebSite\",\"@id\":\"https:\\\/\\\/storhogna.se\\\/#website\",\"url\":\"https:\\\/\\\/storhogna.se\\\/\",\"name\":\"Storhogna H\u00f6gfj\u00e4llshotell &amp; Spa\",\"description\":\"Ett genuint h\u00f6gfj\u00e4llshotell med spa\",\"potentialAction\":[{\"@type\":\"SearchAction\",\"target\":{\"@type\":\"EntryPoint\",\"urlTemplate\":\"https:\\\/\\\/storhogna.se\\\/?s={search_term_string}\"},\"query-input\":{\"@type\":\"PropertyValueSpecification\",\"valueRequired\":true,\"valueName\":\"search_term_string\"}}],\"inLanguage\":\"en-GB\"}]}<\/script>\n<!-- \/ Yoast SEO plugin. -->","yoast_head_json":{"title":"Hotel info - Storhogna H\u00f6gfj\u00e4llshotell &amp; Spa","robots":{"index":"index","follow":"follow","max-snippet":"max-snippet:-1","max-image-preview":"max-image-preview:large","max-video-preview":"max-video-preview:-1"},"canonical":"https:\/\/storhogna.se\/en\/hotel-info\/","og_locale":"en_GB","og_type":"article","og_title":"Hotellinfo - Storhogna H\u00f6gfj\u00e4llshotell &amp; Spa","og_url":"https:\/\/storhogna.se\/en\/hotel-info\/","og_site_name":"Storhogna H\u00f6gfj\u00e4llshotell &amp; Spa","article_publisher":"https:\/\/www.facebook.com\/storhogna","article_modified_time":"2026-04-20T11:46:00+00:00","og_image":[{"width":2560,"height":1440,"url":"https:\/\/storhogna.se\/wp-content\/uploads\/vandringsleder-bla-informationsskyltar.jpg","type":"image\/jpeg"}],"twitter_card":"summary_large_image","twitter_misc":{"Estimated reading time":"1 minute"},"schema":{"@context":"https:\/\/schema.org","@graph":[{"@type":"WebPage","@id":"https:\/\/storhogna.se\/hotellinfo\/","url":"https:\/\/storhogna.se\/hotellinfo\/","name":"Hotel info - Storhogna H\u00f6gfj\u00e4llshotell &amp; Spa","isPartOf":{"@id":"https:\/\/storhogna.se\/#website"},"primaryImageOfPage":{"@id":"https:\/\/storhogna.se\/hotellinfo\/#primaryimage"},"image":{"@id":"https:\/\/storhogna.se\/hotellinfo\/#primaryimage"},"thumbnailUrl":"https:\/\/storhogna.se\/wp-content\/uploads\/vandringsleder-bla-informationsskyltar.jpg","datePublished":"2022-06-08T13:03:49+00:00","dateModified":"2026-04-20T11:46:00+00:00","breadcrumb":{"@id":"https:\/\/storhogna.se\/hotellinfo\/#breadcrumb"},"inLanguage":"en-GB","potentialAction":[{"@type":"ReadAction","target":["https:\/\/storhogna.se\/hotellinfo\/"]}]},{"@type":"ImageObject","inLanguage":"en-GB","@id":"https:\/\/storhogna.se\/hotellinfo\/#primaryimage","url":"https:\/\/storhogna.se\/wp-content\/uploads\/vandringsleder-bla-informationsskyltar.jpg","contentUrl":"https:\/\/storhogna.se\/wp-content\/uploads\/vandringsleder-bla-informationsskyltar.jpg","width":2560,"height":1440,"caption":"Bl\u00e5 informationsskyltar som informerar om vandringsleder runt omkring Storhogna H\u00f6gfj\u00e4llshotell & Spa"},{"@type":"BreadcrumbList","@id":"https:\/\/storhogna.se\/hotellinfo\/#breadcrumb","itemListElement":[{"@type":"ListItem","position":1,"name":"Hem","item":"https:\/\/storhogna.se\/"},{"@type":"ListItem","position":2,"name":"Hotellinfo"}]},{"@type":"WebSite","@id":"https:\/\/storhogna.se\/#website","url":"https:\/\/storhogna.se\/","name":"Storhogna High Mountain Hotel &amp; Spa","description":"A genuine high mountain hotel with spa","potentialAction":[{"@type":"SearchAction","target":{"@type":"EntryPoint","urlTemplate":"https:\/\/storhogna.se\/?s={search_term_string}"},"query-input":{"@type":"PropertyValueSpecification","valueRequired":true,"valueName":"search_term_string"}}],"inLanguage":"en-GB"}]}},"_links":{"self":[{"href":"https:\/\/storhogna.se\/en\/wp-json\/wp\/v2\/pages\/3201","targetHints":{"allow":["GET"]}}],"collection":[{"href":"https:\/\/storhogna.se\/en\/wp-json\/wp\/v2\/pages"}],"about":[{"href":"https:\/\/storhogna.se\/en\/wp-json\/wp\/v2\/types\/page"}],"author":[{"embeddable":true,"href":"https:\/\/storhogna.se\/en\/wp-json\/wp\/v2\/users\/2"}],"replies":[{"embeddable":true,"href":"https:\/\/storhogna.se\/en\/wp-json\/wp\/v2\/comments?post=3201"}],"version-history":[{"count":159,"href":"https:\/\/storhogna.se\/en\/wp-json\/wp\/v2\/pages\/3201\/revisions"}],"predecessor-version":[{"id":17061,"href":"https:\/\/storhogna.se\/en\/wp-json\/wp\/v2\/pages\/3201\/revisions\/17061"}],"wp:featuredmedia":[{"embeddable":true,"href":"https:\/\/storhogna.se\/en\/wp-json\/wp\/v2\/media\/2821"}],"wp:attachment":[{"href":"https:\/\/storhogna.se\/en\/wp-json\/wp\/v2\/media?parent=3201"}],"wp:term":[{"taxonomy":"category","embeddable":true,"href":"https:\/\/storhogna.se\/en\/wp-json\/wp\/v2\/categories?post=3201"},{"taxonomy":"post_tag","embeddable":true,"href":"https:\/\/storhogna.se\/en\/wp-json\/wp\/v2\/tags?post=3201"}],"curies":[{"name":"wp","href":"https:\/\/api.w.org\/{rel}","templated":true}]}}