{"id":4106,"date":"2022-06-21T11:58:34","date_gmt":"2022-06-21T09:58:34","guid":{"rendered":"https:\/\/storhogna.se\/?page_id=4106"},"modified":"2023-10-12T13:51:20","modified_gmt":"2023-10-12T11:51:20","slug":"our-sister-hotel","status":"publish","type":"page","link":"https:\/\/storhogna.se\/en\/info-och-inspo\/vart-systerhotell\/","title":{"rendered":"Our sister hotel"},"content":{"rendered":"<div class=\"hero-slider\"><div class=\"splide\" data-slider=\"hero\" data-arrows=\"true\" data-interval=\"5\" data-transition=\"loop\" data-start-index=\"0\" id=\"hero-slider_1697111476731\" data-id=\"hero-slider_1697111476731\" data-custom-arrows=\"true\"><div class=\"splide__track\"><ul class=\"splide__list\"><li class=\"splide__slide\"><picture><source media=\"(max-width: 340px)\" srcset=\"https:\/\/storhogna.se\/wp-content\/uploads\/spa5-300x167.jpg\"\/><source media=\"(min-width: 341px)\" srcset=\"https:\/\/storhogna.se\/wp-content\/uploads\/spa5.jpg\"\/><img fetchpriority=\"high\" decoding=\"async\" class=\"fullscreen-image\" src=\"https:\/\/storhogna.se\/wp-content\/uploads\/spa5.jpg\" alt=\"Large indoor pool at Fr\u00f6s\u00f6 Park Hotel\" width=\"2500\" height=\"1391\" loading=\"eager\" style=\"object-position:50% 50%\"\/><\/picture><\/li><li class=\"splide__slide\"><picture><source media=\"(max-width: 340px)\" srcset=\"https:\/\/storhogna.se\/wp-content\/uploads\/lobby2-300x192.jpg\"\/><source media=\"(min-width: 341px)\" srcset=\"https:\/\/storhogna.se\/wp-content\/uploads\/lobby2.jpg\"\/><img decoding=\"async\" class=\"fullscreen-image\" src=\"https:\/\/storhogna.se\/wp-content\/uploads\/lobby2.jpg\" alt=\"Gold-chrome bar in the lobby of Fr\u00f6s\u00f6 Park Hotel\" width=\"2500\" height=\"1601\" loading=\"eager\" style=\"object-position:50% 50%\"\/><\/picture><\/li><li class=\"splide__slide\"><picture><source media=\"(max-width: 340px)\" srcset=\"https:\/\/storhogna.se\/wp-content\/uploads\/spa12-300x206.jpg\"\/><source media=\"(min-width: 341px)\" srcset=\"https:\/\/storhogna.se\/wp-content\/uploads\/spa12.jpg\"\/><img decoding=\"async\" class=\"fullscreen-image\" src=\"https:\/\/storhogna.se\/wp-content\/uploads\/spa12.jpg\" alt=\"Satisfied resting spa guests at Fr\u00f6s\u00f6 Park Hotel\" width=\"2500\" height=\"1720\" loading=\"eager\" style=\"object-position:50% 50%\"\/><\/picture><\/li><\/ul><\/div><\/div><div class=\"hero-slider__filter\" data-active=\"true\"><\/div><div class=\"hero-slider__fixed-content\"><div class=\"hero-slider__text-block\" data-visible=\"true\"><div class=\"hero-slider__text-block-inner\">\n<div class=\"wp-block-columns is-layout-flex wp-container-core-columns-is-layout-9d6595d7 wp-block-columns-is-layout-flex\">\n<div class=\"wp-block-column is-layout-flow wp-block-column-is-layout-flow\">\n<h1 class=\"wp-block-heading\">Fr\u00f6s\u00f6 Park Hotel<\/h1>\n\n\n\n<p>Visit our sister hotel in \u00d6stersund.<\/p>\n<\/div>\n\n\n\n<div class=\"wp-block-column is-layout-flow wp-block-column-is-layout-flow\">\n<p>Fr\u00f6s\u00f6 Park Hotel is all about re-energising. It is a place where the pulse is given time to go up - but also time to land. A place that allows you to disconnect from everyday life and replenish your energy.<\/p>\n<\/div>\n<\/div>\n<\/div><\/div><\/div><\/div>\n\n\n<div class=\"media-and-text\">\n    <div class=\"media-and-text__layout media-and-text__layout--invert  default-color default-background\">\n      <div class=\"media-and-text__media\">\n                  <img decoding=\"async\"\n          class=\"media-and-text__single-image\"\n          src=\"https:\/\/storhogna.se\/wp-content\/uploads\/spa3-1200x725.jpg\"\n          srcset=\"https:\/\/storhogna.se\/wp-content\/uploads\/spa3-1200x725.jpg 1200w, https:\/\/storhogna.se\/wp-content\/uploads\/spa3-1200x725.jpg 1200w\"\n          sizes=\"auto, (max-width: 500px) 1200px, 1200px\"\n          alt=\"Spa visitors bathing in the outdoor pool in the middle of the dark winter\"\n          width=\"1200\" \n          height=\"725\" \n          loading=\"lazy\"\n          \/>\n              <\/div>\n      <div class=\"media-and-text__content top\">\n        <div class=\"media-and-text__content-container\">\n          <div class=\"media-and-text__text\">\n            <p>Anyone who has been to J\u00e4mtland understands that this place is worth fighting for. J\u00e4mtland, with its beautiful nature and sources of both energy and relaxation, has historically belonged to Norway, Denmark and Sweden.<img decoding=\"async\" id=\"__mcenew\" src=\"https:\/\/storhogna-web.azurewebsites.net\/nothing.jpg\" alt=\"\" data-udi=\"umb:\/\/media\/9500d209cd2a43ee928ee4888357eb3e\" \/><\/p>\n<p><span class=\"dark-gold\"><strong>Comfortable beds and quiet rooms<\/strong><br \/>\n<\/span>Fr\u00f6s\u00f6 Park Hotel in \u00d6stersund offers 330 hotel beds in 139 double rooms, family rooms and suites. With an enchanting view of Lake Storsj\u00f6n and the mountains, the sports hotel is where outdoor life, health and gym meet privacy, spa and well-prepared food. It is often visited by those who love golf or winter sports, but just as often by those who want to enjoy flavoursome cuisine, exotic surroundings and a relaxing spa. Always close to the airport.<\/p>\n<p><span class=\"dark-gold\"><strong>The story that stirs emotions<\/strong><br \/>\n<\/span>Fr\u00f6s\u00f6 Park is so much more than the rooms you can sleep in. The place we are located on carries a history that we try to manage in the best way possible, and it starts all the way back to the Middle Ages. It was here that the inhabitants gathered on 12 March each year to take joint action and decisions on J\u00e4mtland's development, during what was called the Jamtamot.<\/p>\n<p>For over 300 years, this site was a military base, first with a field hunter regiment and then as the J\u00e4mtland Air Wing. One of the hangars has become a congress arena, the barracks houses several large companies and we have been honoured to take over the old mess hall. Where the military used to be catered for, we now serve high quality food to our guests. It is also in this building that you will find our reception, bar, spa, gym and conference rooms.<\/p>\n<p>Fr\u00f6s\u00f6 Park Hotel is part of Nordic Choice Hotels, one of the largest hotel chains in the Nordic region, with around 190 hotels in Scandinavia and the Baltic countries.<\/p>\n\n          <\/div>\n                              <div class=\"media-and-text__buttons\">\n                                        <a class=\"btn btn--fill media-and-text__button\" href=\"https:\/\/www.frosoparkhotel.se\/\" target=\"_blank style=\"\">Visit Fr\u00f6s\u00f6 Park Hotel<\/a>\n                      <\/div>\n                  <\/div>\n      <\/div>\n    <\/div>\n  <\/div>","protected":false},"excerpt":{"rendered":"<p>Fr\u00f6s\u00f6 Park Hotel is all about re-energising. It is a place where the pulse is given time to go up - but also time to land. A place that allows you to disconnect from everyday life and replenish your energy.<\/p>","protected":false},"author":1,"featured_media":4120,"parent":224,"menu_order":0,"comment_status":"closed","ping_status":"closed","template":"","meta":{"_acf_changed":false,"footnotes":""},"categories":[42],"tags":[],"class_list":["post-4106","page","type-page","status-publish","has-post-thumbnail","hentry","category-info-inspo"],"acf":[],"yoast_head":"<!-- This site is optimized with the Yoast SEO plugin v27.3 - https:\/\/yoast.com\/product\/yoast-seo-wordpress\/ -->\n<title>V\u00e5rt systerhotell - Storhogna H\u00f6gfj\u00e4llshotell &amp; Spa<\/title>\n<meta name=\"description\" content=\"Fr\u00f6s\u00f6 Park hotell handlar om att h\u00e4mta ny kraft. Det \u00e4r en plats d\u00e4r pulsen f\u00e5r tid att g\u00e5 upp \u2013 Men ocks\u00e5 tid att landa. En plats som l\u00e5ter dig koppla bort vardagen och fylla p\u00e5 med energi.\" \/>\n<meta name=\"robots\" content=\"index, follow, max-snippet:-1, max-image-preview:large, max-video-preview:-1\" \/>\n<link rel=\"canonical\" href=\"https:\/\/storhogna.se\/en\/info-and-inspiration\/our-sister-hotel\/\" \/>\n<meta property=\"og:locale\" content=\"en_GB\" \/>\n<meta property=\"og:type\" content=\"article\" \/>\n<meta property=\"og:title\" content=\"V\u00e5rt systerhotell - Storhogna H\u00f6gfj\u00e4llshotell &amp; Spa\" \/>\n<meta property=\"og:description\" content=\"Fr\u00f6s\u00f6 Park hotell handlar om att h\u00e4mta ny kraft. Det \u00e4r en plats d\u00e4r pulsen f\u00e5r tid att g\u00e5 upp \u2013 Men ocks\u00e5 tid att landa. En plats som l\u00e5ter dig koppla bort vardagen och fylla p\u00e5 med energi.\" \/>\n<meta property=\"og:url\" content=\"https:\/\/storhogna.se\/en\/info-and-inspiration\/our-sister-hotel\/\" \/>\n<meta property=\"og:site_name\" content=\"Storhogna H\u00f6gfj\u00e4llshotell &amp; Spa\" \/>\n<meta property=\"article:publisher\" content=\"https:\/\/www.facebook.com\/storhogna\" \/>\n<meta property=\"article:modified_time\" content=\"2023-10-12T11:51:20+00:00\" \/>\n<meta property=\"og:image\" content=\"https:\/\/storhogna.se\/wp-content\/uploads\/spa5.jpg\" \/>\n\t<meta property=\"og:image:width\" content=\"2500\" \/>\n\t<meta property=\"og:image:height\" content=\"1391\" \/>\n\t<meta property=\"og:image:type\" content=\"image\/jpeg\" \/>\n<meta name=\"twitter:card\" content=\"summary_large_image\" \/>\n<meta name=\"twitter:label1\" content=\"Estimated reading time\" \/>\n\t<meta name=\"twitter:data1\" content=\"1 minute\" \/>\n<script type=\"application\/ld+json\" class=\"yoast-schema-graph\">{\"@context\":\"https:\\\/\\\/schema.org\",\"@graph\":[{\"@type\":\"WebPage\",\"@id\":\"https:\\\/\\\/storhogna.se\\\/info-och-inspo\\\/vart-systerhotell\\\/\",\"url\":\"https:\\\/\\\/storhogna.se\\\/info-och-inspo\\\/vart-systerhotell\\\/\",\"name\":\"V\u00e5rt systerhotell - Storhogna H\u00f6gfj\u00e4llshotell &amp; Spa\",\"isPartOf\":{\"@id\":\"https:\\\/\\\/storhogna.se\\\/#website\"},\"primaryImageOfPage\":{\"@id\":\"https:\\\/\\\/storhogna.se\\\/info-och-inspo\\\/vart-systerhotell\\\/#primaryimage\"},\"image\":{\"@id\":\"https:\\\/\\\/storhogna.se\\\/info-och-inspo\\\/vart-systerhotell\\\/#primaryimage\"},\"thumbnailUrl\":\"https:\\\/\\\/storhogna.se\\\/wp-content\\\/uploads\\\/spa5.jpg\",\"datePublished\":\"2022-06-21T09:58:34+00:00\",\"dateModified\":\"2023-10-12T11:51:20+00:00\",\"description\":\"Fr\u00f6s\u00f6 Park hotell handlar om att h\u00e4mta ny kraft. Det \u00e4r en plats d\u00e4r pulsen f\u00e5r tid att g\u00e5 upp \u2013 Men ocks\u00e5 tid att landa. En plats som l\u00e5ter dig koppla bort vardagen och fylla p\u00e5 med energi.\",\"breadcrumb\":{\"@id\":\"https:\\\/\\\/storhogna.se\\\/info-och-inspo\\\/vart-systerhotell\\\/#breadcrumb\"},\"inLanguage\":\"en-GB\",\"potentialAction\":[{\"@type\":\"ReadAction\",\"target\":[\"https:\\\/\\\/storhogna.se\\\/info-och-inspo\\\/vart-systerhotell\\\/\"]}]},{\"@type\":\"ImageObject\",\"inLanguage\":\"en-GB\",\"@id\":\"https:\\\/\\\/storhogna.se\\\/info-och-inspo\\\/vart-systerhotell\\\/#primaryimage\",\"url\":\"https:\\\/\\\/storhogna.se\\\/wp-content\\\/uploads\\\/spa5.jpg\",\"contentUrl\":\"https:\\\/\\\/storhogna.se\\\/wp-content\\\/uploads\\\/spa5.jpg\",\"width\":2500,\"height\":1391,\"caption\":\"Stor inomhuspool hos Fr\u00f6s\u00f6 Park Hotell\"},{\"@type\":\"BreadcrumbList\",\"@id\":\"https:\\\/\\\/storhogna.se\\\/info-och-inspo\\\/vart-systerhotell\\\/#breadcrumb\",\"itemListElement\":[{\"@type\":\"ListItem\",\"position\":1,\"name\":\"Hem\",\"item\":\"https:\\\/\\\/storhogna.se\\\/\"},{\"@type\":\"ListItem\",\"position\":2,\"name\":\"Info\",\"item\":\"https:\\\/\\\/storhogna.se\\\/info-och-inspo\\\/\"},{\"@type\":\"ListItem\",\"position\":3,\"name\":\"V\u00e5rt systerhotell\"}]},{\"@type\":\"WebSite\",\"@id\":\"https:\\\/\\\/storhogna.se\\\/#website\",\"url\":\"https:\\\/\\\/storhogna.se\\\/\",\"name\":\"Storhogna H\u00f6gfj\u00e4llshotell &amp; Spa\",\"description\":\"Ett genuint h\u00f6gfj\u00e4llshotell med spa\",\"potentialAction\":[{\"@type\":\"SearchAction\",\"target\":{\"@type\":\"EntryPoint\",\"urlTemplate\":\"https:\\\/\\\/storhogna.se\\\/?s={search_term_string}\"},\"query-input\":{\"@type\":\"PropertyValueSpecification\",\"valueRequired\":true,\"valueName\":\"search_term_string\"}}],\"inLanguage\":\"en-GB\"}]}<\/script>\n<!-- \/ Yoast SEO plugin. -->","yoast_head_json":{"title":"Our sister hotel - Storhogna H\u00f6gfj\u00e4llshotell &amp; Spa","description":"Fr\u00f6s\u00f6 Park Hotel is all about re-energising. It is a place where the pulse is given time to go up - but also time to land. A place that allows you to disconnect from everyday life and replenish your energy.","robots":{"index":"index","follow":"follow","max-snippet":"max-snippet:-1","max-image-preview":"max-image-preview:large","max-video-preview":"max-video-preview:-1"},"canonical":"https:\/\/storhogna.se\/en\/info-and-inspiration\/our-sister-hotel\/","og_locale":"en_GB","og_type":"article","og_title":"V\u00e5rt systerhotell - Storhogna H\u00f6gfj\u00e4llshotell &amp; Spa","og_description":"Fr\u00f6s\u00f6 Park hotell handlar om att h\u00e4mta ny kraft. Det \u00e4r en plats d\u00e4r pulsen f\u00e5r tid att g\u00e5 upp \u2013 Men ocks\u00e5 tid att landa. En plats som l\u00e5ter dig koppla bort vardagen och fylla p\u00e5 med energi.","og_url":"https:\/\/storhogna.se\/en\/info-and-inspiration\/our-sister-hotel\/","og_site_name":"Storhogna H\u00f6gfj\u00e4llshotell &amp; Spa","article_publisher":"https:\/\/www.facebook.com\/storhogna","article_modified_time":"2023-10-12T11:51:20+00:00","og_image":[{"width":2500,"height":1391,"url":"https:\/\/storhogna.se\/wp-content\/uploads\/spa5.jpg","type":"image\/jpeg"}],"twitter_card":"summary_large_image","twitter_misc":{"Estimated reading time":"1 minute"},"schema":{"@context":"https:\/\/schema.org","@graph":[{"@type":"WebPage","@id":"https:\/\/storhogna.se\/info-och-inspo\/vart-systerhotell\/","url":"https:\/\/storhogna.se\/info-och-inspo\/vart-systerhotell\/","name":"Our sister hotel - Storhogna H\u00f6gfj\u00e4llshotell &amp; Spa","isPartOf":{"@id":"https:\/\/storhogna.se\/#website"},"primaryImageOfPage":{"@id":"https:\/\/storhogna.se\/info-och-inspo\/vart-systerhotell\/#primaryimage"},"image":{"@id":"https:\/\/storhogna.se\/info-och-inspo\/vart-systerhotell\/#primaryimage"},"thumbnailUrl":"https:\/\/storhogna.se\/wp-content\/uploads\/spa5.jpg","datePublished":"2022-06-21T09:58:34+00:00","dateModified":"2023-10-12T11:51:20+00:00","description":"Fr\u00f6s\u00f6 Park Hotel is all about re-energising. It is a place where the pulse is given time to go up - but also time to land. A place that allows you to disconnect from everyday life and replenish your energy.","breadcrumb":{"@id":"https:\/\/storhogna.se\/info-och-inspo\/vart-systerhotell\/#breadcrumb"},"inLanguage":"en-GB","potentialAction":[{"@type":"ReadAction","target":["https:\/\/storhogna.se\/info-och-inspo\/vart-systerhotell\/"]}]},{"@type":"ImageObject","inLanguage":"en-GB","@id":"https:\/\/storhogna.se\/info-och-inspo\/vart-systerhotell\/#primaryimage","url":"https:\/\/storhogna.se\/wp-content\/uploads\/spa5.jpg","contentUrl":"https:\/\/storhogna.se\/wp-content\/uploads\/spa5.jpg","width":2500,"height":1391,"caption":"Stor inomhuspool hos Fr\u00f6s\u00f6 Park Hotell"},{"@type":"BreadcrumbList","@id":"https:\/\/storhogna.se\/info-och-inspo\/vart-systerhotell\/#breadcrumb","itemListElement":[{"@type":"ListItem","position":1,"name":"Hem","item":"https:\/\/storhogna.se\/"},{"@type":"ListItem","position":2,"name":"Info","item":"https:\/\/storhogna.se\/info-och-inspo\/"},{"@type":"ListItem","position":3,"name":"V\u00e5rt systerhotell"}]},{"@type":"WebSite","@id":"https:\/\/storhogna.se\/#website","url":"https:\/\/storhogna.se\/","name":"Storhogna High Mountain Hotel &amp; Spa","description":"A genuine high mountain hotel with spa","potentialAction":[{"@type":"SearchAction","target":{"@type":"EntryPoint","urlTemplate":"https:\/\/storhogna.se\/?s={search_term_string}"},"query-input":{"@type":"PropertyValueSpecification","valueRequired":true,"valueName":"search_term_string"}}],"inLanguage":"en-GB"}]}},"_links":{"self":[{"href":"https:\/\/storhogna.se\/en\/wp-json\/wp\/v2\/pages\/4106","targetHints":{"allow":["GET"]}}],"collection":[{"href":"https:\/\/storhogna.se\/en\/wp-json\/wp\/v2\/pages"}],"about":[{"href":"https:\/\/storhogna.se\/en\/wp-json\/wp\/v2\/types\/page"}],"author":[{"embeddable":true,"href":"https:\/\/storhogna.se\/en\/wp-json\/wp\/v2\/users\/1"}],"replies":[{"embeddable":true,"href":"https:\/\/storhogna.se\/en\/wp-json\/wp\/v2\/comments?post=4106"}],"version-history":[{"count":9,"href":"https:\/\/storhogna.se\/en\/wp-json\/wp\/v2\/pages\/4106\/revisions"}],"predecessor-version":[{"id":8881,"href":"https:\/\/storhogna.se\/en\/wp-json\/wp\/v2\/pages\/4106\/revisions\/8881"}],"up":[{"embeddable":true,"href":"https:\/\/storhogna.se\/en\/wp-json\/wp\/v2\/pages\/224"}],"wp:featuredmedia":[{"embeddable":true,"href":"https:\/\/storhogna.se\/en\/wp-json\/wp\/v2\/media\/4120"}],"wp:attachment":[{"href":"https:\/\/storhogna.se\/en\/wp-json\/wp\/v2\/media?parent=4106"}],"wp:term":[{"taxonomy":"category","embeddable":true,"href":"https:\/\/storhogna.se\/en\/wp-json\/wp\/v2\/categories?post=4106"},{"taxonomy":"post_tag","embeddable":true,"href":"https:\/\/storhogna.se\/en\/wp-json\/wp\/v2\/tags?post=4106"}],"curies":[{"name":"wp","href":"https:\/\/api.w.org\/{rel}","templated":true}]}}