{"id":42,"date":"2022-03-23T13:19:39","date_gmt":"2022-03-23T13:19:39","guid":{"rendered":"https:\/\/stage.storhogna.se\/?page_id=42"},"modified":"2024-11-11T22:29:05","modified_gmt":"2024-11-11T20:29:05","slug":"to-do","status":"publish","type":"page","link":"https:\/\/storhogna.se\/en\/att-gora\/","title":{"rendered":"To do"},"content":{"rendered":"<div class=\"hero-slider\"><div class=\"splide\" data-slider=\"hero\" data-arrows=\"true\" data-interval=\"5\" data-transition=\"loop\" data-start-index=\"0\" id=\"hero-slider_1731356943560\" data-id=\"hero-slider_1731356943560\" data-custom-arrows=\"true\"><div class=\"splide__track\"><ul class=\"splide__list\"><li class=\"splide__slide\"><picture><source media=\"(max-width: 340px)\" srcset=\"https:\/\/storhogna.se\/wp-content\/uploads\/Storgona-feb-2023_Saragardegard-84-2-300x200.jpg\"\/><source media=\"(min-width: 341px)\" srcset=\"https:\/\/storhogna.se\/wp-content\/uploads\/Storgona-feb-2023_Saragardegard-84-2-scaled.jpg\"\/><img fetchpriority=\"high\" decoding=\"async\" class=\"fullscreen-image\" src=\"https:\/\/storhogna.se\/wp-content\/uploads\/Storgona-feb-2023_Saragardegard-84-2-scaled.jpg\" alt=\"\" width=\"2560\" height=\"1707\" loading=\"eager\" style=\"object-position:50% 50%\"\/><\/picture><\/li><li class=\"splide__slide\"><picture><source media=\"(max-width: 340px)\" srcset=\"https:\/\/storhogna.se\/wp-content\/uploads\/DSC_9092-300x169.jpg\"\/><source media=\"(min-width: 341px)\" srcset=\"https:\/\/storhogna.se\/wp-content\/uploads\/DSC_9092.jpg\"\/><img decoding=\"async\" class=\"fullscreen-image\" src=\"https:\/\/storhogna.se\/wp-content\/uploads\/DSC_9092.jpg\" alt=\"Mountain hikers\" width=\"2560\" height=\"1439\" loading=\"eager\" style=\"object-position:50% 50%\"\/><\/picture><\/li><li class=\"splide__slide\"><picture><source media=\"(max-width: 340px)\" srcset=\"https:\/\/storhogna.se\/wp-content\/uploads\/Storgona-feb-2023_Saragardegard-128-1-300x200.jpg\"\/><source media=\"(min-width: 341px)\" srcset=\"https:\/\/storhogna.se\/wp-content\/uploads\/Storgona-feb-2023_Saragardegard-128-1-scaled.jpg\"\/><img decoding=\"async\" class=\"fullscreen-image\" src=\"https:\/\/storhogna.se\/wp-content\/uploads\/Storgona-feb-2023_Saragardegard-128-1-scaled.jpg\" alt=\"\" width=\"2560\" height=\"1707\" loading=\"eager\" style=\"object-position:50% 50%\"\/><\/picture><\/li><\/ul><\/div><\/div><div class=\"hero-slider__filter\" data-active=\"true\"><\/div><div class=\"hero-slider__fixed-content\"><div class=\"hero-slider__text-block\" data-visible=\"true\"><div class=\"hero-slider__text-block-inner\">\n<div class=\"wp-block-columns is-layout-flex wp-container-core-columns-is-layout-9d6595d7 wp-block-columns-is-layout-flex\">\n<div class=\"wp-block-column is-layout-flow wp-block-column-is-layout-flow\">\n<h1 class=\"wp-block-heading\">To do<\/h1>\n\n\n\n<p>Always with the mountain as a starting point.<\/p>\n<\/div>\n\n\n\n<div class=\"wp-block-column is-layout-flow wp-block-column-is-layout-flow\">\n<p>At Storhogna you choose how you want to organise your days. Get inspiration and ideas from our wide range of activities that vary according to the season; for the family, for the kick-off or for the group of friends.<\/p>\n<\/div>\n<\/div>\n<\/div><\/div><\/div><\/div>\n\n\n<div class=\"offers\" data-module=\"offers-filter\">\n    <div class=\"offers__filters\">\n                  <span class=\"offers__filter-btn\" data-category=\"vinter\">Winter<\/span>\n              <span class=\"offers__filter-btn\" data-category=\"sommar\">Summer<\/span>\n                    <span class=\"offers__filter-btn active\" data-category=\"all\">View all<\/span>\n      <\/div>\n  <div class=\"offers__cards\">\n    <span class=\"offers__loader loader\"><\/span>\n    <ul class=\"offers__list\">\n                          <li class=\"offers__list-item active\" data-categories=\"golf,host,sommar\">\n          <div class=\"offers__card\">\n                        <div class=\"offers__image\">\n              <img decoding=\"async\" \n                src=\"https:\/\/storhogna.se\/wp-content\/uploads\/Storhogna-Vemdalen-Golf-5-Jocke-Lagerkranz-400x600.jpg\"\n                width=\"400\"\n                height=\"600\"\n                loading=\"lazy\"\n                \/>\n            <\/div>\n            <div class=\"offers__body\">\n              <div class=\"offers__title\">\n                <h3>Play Golf<\/h3>\n              <\/div>\n              <div class=\"offers__excerpt\">\n                At Storhogna, golf is close at hand. Here you can spend long days on the golf course in a fantastic mountain environment.\n                \n                                              <\/div>\n            <\/div>\n            <div class=\"offers__button\">\n              <a class=\"btn btn--border\" href=\"https:\/\/storhogna.se\/en\/activities\/spela-golf\/\">Read more about golf here<\/a>\n            <\/div>\n          <\/div>\n        <\/li>\n                                  <li class=\"offers__list-item active\" data-categories=\"skidakning,vinter\">\n          <div class=\"offers__card\">\n                        <div class=\"offers__image\">\n              <img decoding=\"async\" \n                src=\"https:\/\/storhogna.se\/wp-content\/uploads\/alpin-skidakning-storhogna-hogfjallshotell-400x600.jpg\"\n                width=\"400\"\n                height=\"600\"\n                loading=\"lazy\"\n                \/>\n            <\/div>\n            <div class=\"offers__body\">\n              <div class=\"offers__title\">\n                <h3>Alpine skiing<\/h3>\n              <\/div>\n              <div class=\"offers__excerpt\">\n                The ski season in Storhogna is both snowy and long due to its location on the bare mountain. Here you will find ski-in-ski-out with family-friendly alpine skiing on 100% natural snow.\n                \n                                              <\/div>\n            <\/div>\n            <div class=\"offers__button\">\n              <a class=\"btn btn--border\" href=\"https:\/\/storhogna.se\/en\/activities\/alpin-skidakning\/\">Read more about alpine skiing<\/a>\n            <\/div>\n          <\/div>\n        <\/li>\n                                  <li class=\"offers__list-item active\" data-categories=\"cykling,host,sommar,var\">\n          <div class=\"offers__card\">\n                        <div class=\"offers__image\">\n              <img decoding=\"async\" \n                src=\"https:\/\/storhogna.se\/wp-content\/uploads\/DSC_0089-400x600.jpg\"\n                width=\"400\"\n                height=\"600\"\n                loading=\"lazy\"\n                \/>\n            <\/div>\n            <div class=\"offers__body\">\n              <div class=\"offers__title\">\n                <h3>Cycling &amp; MTB<\/h3>\n              <\/div>\n              <div class=\"offers__excerpt\">\n                Discover magical places by bike! There are cycle paths for gravel biking and road cycling.\n                \n                                              <\/div>\n            <\/div>\n            <div class=\"offers__button\">\n              <a class=\"btn btn--border\" href=\"https:\/\/storhogna.se\/en\/activities\/cykling-och-mtb\/\">Read more about cycling &amp; MTB<\/a>\n            <\/div>\n          <\/div>\n        <\/li>\n                                  <li class=\"offers__list-item active\" data-categories=\"fjallvandring,host,lopning,sommar,var\">\n          <div class=\"offers__card\">\n                        <div class=\"offers__image\">\n              <img decoding=\"async\" \n                src=\"https:\/\/storhogna.se\/wp-content\/uploads\/vandring-kvinna-400x600.jpg\"\n                width=\"400\"\n                height=\"600\"\n                loading=\"lazy\"\n                \/>\n            <\/div>\n            <div class=\"offers__body\">\n              <div class=\"offers__title\">\n                <h3>Mountain hiking &amp; running<\/h3>\n              <\/div>\n              <div class=\"offers__excerpt\">\n                Beautiful hikes in magnificent mountain environments or trail running for those who want to run far but skip extreme altitude metres. Enjoyment for both body and mind\n                \n                                              <\/div>\n            <\/div>\n            <div class=\"offers__button\">\n              <a class=\"btn btn--border\" href=\"https:\/\/storhogna.se\/en\/activities\/fjallvandring-och-lopning\/\">Read more about hiking and running<\/a>\n            <\/div>\n          <\/div>\n        <\/li>\n                                  <li class=\"offers__list-item active\" data-categories=\"skidakning,vinter\">\n          <div class=\"offers__card\">\n                        <div class=\"offers__image\">\n              <img decoding=\"async\" \n                src=\"https:\/\/storhogna.se\/wp-content\/uploads\/langdskidakning-skidspar-kalfjallet-400x600.jpg\"\n                width=\"400\"\n                height=\"600\"\n                loading=\"lazy\"\n                \/>\n            <\/div>\n            <div class=\"offers__body\">\n              <div class=\"offers__title\">\n                <h3>Cross-country skiing<\/h3>\n              <\/div>\n              <div class=\"offers__excerpt\">\n                Ultimate training opportunities, groomed ski trails, cosy accommodation and good food make Storhogna one of Sweden's best facilities for cross-country skiing.\n                \n                                              <\/div>\n            <\/div>\n            <div class=\"offers__button\">\n              <a class=\"btn btn--border\" href=\"https:\/\/storhogna.se\/en\/activities\/langdskidakning\/\">Read more about cross-country skiing<\/a>\n            <\/div>\n          <\/div>\n        <\/li>\n                  <\/ul>\n  <\/div>\n<\/div>","protected":false},"excerpt":{"rendered":"<p>Get inspiration and ideas from our wide range of activities that vary according to the season. With the mountains as a starting point, there is always something to do here.<\/p>","protected":false},"author":1,"featured_media":2742,"parent":0,"menu_order":0,"comment_status":"closed","ping_status":"closed","template":"","meta":{"_acf_changed":false,"footnotes":""},"categories":[],"tags":[],"class_list":["post-42","page","type-page","status-publish","has-post-thumbnail","hentry"],"acf":[],"yoast_head":"<!-- This site is optimized with the Yoast SEO plugin v27.3 - https:\/\/yoast.com\/product\/yoast-seo-wordpress\/ -->\n<title>Att g\u00f6ra - Fj\u00e4llet som utg\u00e5ngspunkt | Storhogna H\u00f6gfj\u00e4llshotell &amp; Spa<\/title>\n<meta name=\"description\" content=\"F\u00e5 inspiration och id\u00e9er av v\u00e5rt stora aktivitetsutbud som varierar utefter \u00e5rstid. Med fj\u00e4llet som utg\u00e5ngspunkt finns h\u00e4r alltid n\u00e5got att g\u00f6ra.\" \/>\n<meta name=\"robots\" content=\"index, follow, max-snippet:-1, max-image-preview:large, max-video-preview:-1\" \/>\n<link rel=\"canonical\" href=\"https:\/\/storhogna.se\/en\/to-do\/\" \/>\n<meta property=\"og:locale\" content=\"en_GB\" \/>\n<meta property=\"og:type\" content=\"article\" \/>\n<meta property=\"og:title\" content=\"Att g\u00f6ra - Fj\u00e4llet som utg\u00e5ngspunkt | Storhogna H\u00f6gfj\u00e4llshotell &amp; Spa\" \/>\n<meta property=\"og:description\" content=\"F\u00e5 inspiration och id\u00e9er av v\u00e5rt stora aktivitetsutbud som varierar utefter \u00e5rstid. Med fj\u00e4llet som utg\u00e5ngspunkt finns h\u00e4r alltid n\u00e5got att g\u00f6ra.\" \/>\n<meta property=\"og:url\" content=\"https:\/\/storhogna.se\/en\/to-do\/\" \/>\n<meta property=\"og:site_name\" content=\"Storhogna H\u00f6gfj\u00e4llshotell &amp; Spa\" \/>\n<meta property=\"article:publisher\" content=\"https:\/\/www.facebook.com\/storhogna\" \/>\n<meta property=\"article:modified_time\" content=\"2024-11-11T20:29:05+00:00\" \/>\n<meta property=\"og:image\" content=\"https:\/\/storhogna.se\/wp-content\/uploads\/fjall_familj.jpg\" \/>\n\t<meta property=\"og:image:width\" content=\"2560\" \/>\n\t<meta property=\"og:image:height\" content=\"1440\" \/>\n\t<meta property=\"og:image:type\" content=\"image\/jpeg\" \/>\n<meta name=\"twitter:card\" content=\"summary_large_image\" \/>\n<meta name=\"twitter:label1\" content=\"Estimated reading time\" \/>\n\t<meta name=\"twitter:data1\" content=\"1 minute\" \/>\n<script type=\"application\/ld+json\" class=\"yoast-schema-graph\">{\"@context\":\"https:\\\/\\\/schema.org\",\"@graph\":[{\"@type\":\"WebPage\",\"@id\":\"https:\\\/\\\/storhogna.se\\\/att-gora\\\/\",\"url\":\"https:\\\/\\\/storhogna.se\\\/att-gora\\\/\",\"name\":\"Att g\u00f6ra - Fj\u00e4llet som utg\u00e5ngspunkt | Storhogna H\u00f6gfj\u00e4llshotell & Spa\",\"isPartOf\":{\"@id\":\"https:\\\/\\\/storhogna.se\\\/#website\"},\"primaryImageOfPage\":{\"@id\":\"https:\\\/\\\/storhogna.se\\\/att-gora\\\/#primaryimage\"},\"image\":{\"@id\":\"https:\\\/\\\/storhogna.se\\\/att-gora\\\/#primaryimage\"},\"thumbnailUrl\":\"https:\\\/\\\/storhogna.se\\\/wp-content\\\/uploads\\\/fjall_familj.jpg\",\"datePublished\":\"2022-03-23T13:19:39+00:00\",\"dateModified\":\"2024-11-11T20:29:05+00:00\",\"description\":\"F\u00e5 inspiration och id\u00e9er av v\u00e5rt stora aktivitetsutbud som varierar utefter \u00e5rstid. Med fj\u00e4llet som utg\u00e5ngspunkt finns h\u00e4r alltid n\u00e5got att g\u00f6ra.\",\"breadcrumb\":{\"@id\":\"https:\\\/\\\/storhogna.se\\\/att-gora\\\/#breadcrumb\"},\"inLanguage\":\"en-GB\",\"potentialAction\":[{\"@type\":\"ReadAction\",\"target\":[\"https:\\\/\\\/storhogna.se\\\/att-gora\\\/\"]}]},{\"@type\":\"ImageObject\",\"inLanguage\":\"en-GB\",\"@id\":\"https:\\\/\\\/storhogna.se\\\/att-gora\\\/#primaryimage\",\"url\":\"https:\\\/\\\/storhogna.se\\\/wp-content\\\/uploads\\\/fjall_familj.jpg\",\"contentUrl\":\"https:\\\/\\\/storhogna.se\\\/wp-content\\\/uploads\\\/fjall_familj.jpg\",\"width\":2560,\"height\":1440},{\"@type\":\"BreadcrumbList\",\"@id\":\"https:\\\/\\\/storhogna.se\\\/att-gora\\\/#breadcrumb\",\"itemListElement\":[{\"@type\":\"ListItem\",\"position\":1,\"name\":\"Hem\",\"item\":\"https:\\\/\\\/storhogna.se\\\/\"},{\"@type\":\"ListItem\",\"position\":2,\"name\":\"Att g\u00f6ra\"}]},{\"@type\":\"WebSite\",\"@id\":\"https:\\\/\\\/storhogna.se\\\/#website\",\"url\":\"https:\\\/\\\/storhogna.se\\\/\",\"name\":\"Storhogna H\u00f6gfj\u00e4llshotell &amp; Spa\",\"description\":\"Ett genuint h\u00f6gfj\u00e4llshotell med spa\",\"potentialAction\":[{\"@type\":\"SearchAction\",\"target\":{\"@type\":\"EntryPoint\",\"urlTemplate\":\"https:\\\/\\\/storhogna.se\\\/?s={search_term_string}\"},\"query-input\":{\"@type\":\"PropertyValueSpecification\",\"valueRequired\":true,\"valueName\":\"search_term_string\"}}],\"inLanguage\":\"en-GB\"}]}<\/script>\n<!-- \/ Yoast SEO plugin. -->","yoast_head_json":{"title":"Things to do - The mountain as a starting point | Storhogna H\u00f6gfj\u00e4llshotell &amp; Spa","description":"Get inspiration and ideas from our wide range of activities that vary according to the season. With the mountains as a starting point, there is always something to do here.","robots":{"index":"index","follow":"follow","max-snippet":"max-snippet:-1","max-image-preview":"max-image-preview:large","max-video-preview":"max-video-preview:-1"},"canonical":"https:\/\/storhogna.se\/en\/to-do\/","og_locale":"en_GB","og_type":"article","og_title":"Att g\u00f6ra - Fj\u00e4llet som utg\u00e5ngspunkt | Storhogna H\u00f6gfj\u00e4llshotell & Spa","og_description":"F\u00e5 inspiration och id\u00e9er av v\u00e5rt stora aktivitetsutbud som varierar utefter \u00e5rstid. Med fj\u00e4llet som utg\u00e5ngspunkt finns h\u00e4r alltid n\u00e5got att g\u00f6ra.","og_url":"https:\/\/storhogna.se\/en\/to-do\/","og_site_name":"Storhogna H\u00f6gfj\u00e4llshotell &amp; Spa","article_publisher":"https:\/\/www.facebook.com\/storhogna","article_modified_time":"2024-11-11T20:29:05+00:00","og_image":[{"width":2560,"height":1440,"url":"https:\/\/storhogna.se\/wp-content\/uploads\/fjall_familj.jpg","type":"image\/jpeg"}],"twitter_card":"summary_large_image","twitter_misc":{"Estimated reading time":"1 minute"},"schema":{"@context":"https:\/\/schema.org","@graph":[{"@type":"WebPage","@id":"https:\/\/storhogna.se\/att-gora\/","url":"https:\/\/storhogna.se\/att-gora\/","name":"Things to do - The mountain as a starting point | Storhogna H\u00f6gfj\u00e4llshotell &amp; Spa","isPartOf":{"@id":"https:\/\/storhogna.se\/#website"},"primaryImageOfPage":{"@id":"https:\/\/storhogna.se\/att-gora\/#primaryimage"},"image":{"@id":"https:\/\/storhogna.se\/att-gora\/#primaryimage"},"thumbnailUrl":"https:\/\/storhogna.se\/wp-content\/uploads\/fjall_familj.jpg","datePublished":"2022-03-23T13:19:39+00:00","dateModified":"2024-11-11T20:29:05+00:00","description":"Get inspiration and ideas from our wide range of activities that vary according to the season. With the mountains as a starting point, there is always something to do here.","breadcrumb":{"@id":"https:\/\/storhogna.se\/att-gora\/#breadcrumb"},"inLanguage":"en-GB","potentialAction":[{"@type":"ReadAction","target":["https:\/\/storhogna.se\/att-gora\/"]}]},{"@type":"ImageObject","inLanguage":"en-GB","@id":"https:\/\/storhogna.se\/att-gora\/#primaryimage","url":"https:\/\/storhogna.se\/wp-content\/uploads\/fjall_familj.jpg","contentUrl":"https:\/\/storhogna.se\/wp-content\/uploads\/fjall_familj.jpg","width":2560,"height":1440},{"@type":"BreadcrumbList","@id":"https:\/\/storhogna.se\/att-gora\/#breadcrumb","itemListElement":[{"@type":"ListItem","position":1,"name":"Hem","item":"https:\/\/storhogna.se\/"},{"@type":"ListItem","position":2,"name":"Att g\u00f6ra"}]},{"@type":"WebSite","@id":"https:\/\/storhogna.se\/#website","url":"https:\/\/storhogna.se\/","name":"Storhogna High Mountain Hotel &amp; Spa","description":"A genuine high mountain hotel with spa","potentialAction":[{"@type":"SearchAction","target":{"@type":"EntryPoint","urlTemplate":"https:\/\/storhogna.se\/?s={search_term_string}"},"query-input":{"@type":"PropertyValueSpecification","valueRequired":true,"valueName":"search_term_string"}}],"inLanguage":"en-GB"}]}},"_links":{"self":[{"href":"https:\/\/storhogna.se\/en\/wp-json\/wp\/v2\/pages\/42","targetHints":{"allow":["GET"]}}],"collection":[{"href":"https:\/\/storhogna.se\/en\/wp-json\/wp\/v2\/pages"}],"about":[{"href":"https:\/\/storhogna.se\/en\/wp-json\/wp\/v2\/types\/page"}],"author":[{"embeddable":true,"href":"https:\/\/storhogna.se\/en\/wp-json\/wp\/v2\/users\/1"}],"replies":[{"embeddable":true,"href":"https:\/\/storhogna.se\/en\/wp-json\/wp\/v2\/comments?post=42"}],"version-history":[{"count":45,"href":"https:\/\/storhogna.se\/en\/wp-json\/wp\/v2\/pages\/42\/revisions"}],"predecessor-version":[{"id":16487,"href":"https:\/\/storhogna.se\/en\/wp-json\/wp\/v2\/pages\/42\/revisions\/16487"}],"wp:featuredmedia":[{"embeddable":true,"href":"https:\/\/storhogna.se\/en\/wp-json\/wp\/v2\/media\/2742"}],"wp:attachment":[{"href":"https:\/\/storhogna.se\/en\/wp-json\/wp\/v2\/media?parent=42"}],"wp:term":[{"taxonomy":"category","embeddable":true,"href":"https:\/\/storhogna.se\/en\/wp-json\/wp\/v2\/categories?post=42"},{"taxonomy":"post_tag","embeddable":true,"href":"https:\/\/storhogna.se\/en\/wp-json\/wp\/v2\/tags?post=42"}],"curies":[{"name":"wp","href":"https:\/\/api.w.org\/{rel}","templated":true}]}}