{"id":4426,"date":"2022-06-29T11:03:18","date_gmt":"2022-06-29T09:03:18","guid":{"rendered":"https:\/\/storhogna.se\/?page_id=4426"},"modified":"2025-10-01T16:06:06","modified_gmt":"2025-10-01T14:06:06","slug":"dog-friendly-rooms","status":"publish","type":"page","link":"https:\/\/storhogna.se\/en\/info-och-inspo\/hotellrum\/hundvanliga-rum\/","title":{"rendered":"Dog-friendly rooms"},"content":{"rendered":"<div class=\"hero-slider\"><div class=\"splide\" data-slider=\"hero\" data-arrows=\"true\" data-interval=\"5\" data-transition=\"loop\" data-start-index=\"0\" id=\"hero-slider_1759327532764\" data-id=\"hero-slider_1759327532764\" data-custom-arrows=\"true\"><div class=\"splide__track\"><ul class=\"splide__list\"><li class=\"splide__slide\"><picture><source media=\"(max-width: 340px)\" srcset=\"https:\/\/storhogna.se\/wp-content\/uploads\/hund_hotell_bed-300x169.jpg\"\/><source media=\"(min-width: 341px)\" srcset=\"https:\/\/storhogna.se\/wp-content\/uploads\/hund_hotell_bed.jpg\"\/><img fetchpriority=\"high\" decoding=\"async\" class=\"fullscreen-image\" src=\"https:\/\/storhogna.se\/wp-content\/uploads\/hund_hotell_bed.jpg\" alt=\"\" width=\"2560\" height=\"1440\" loading=\"eager\" style=\"object-position:50% 50%\"\/><\/picture><\/li><li class=\"splide__slide\"><picture><source media=\"(max-width: 340px)\" srcset=\"https:\/\/storhogna.se\/wp-content\/uploads\/Hund-karl-den-11-200x300.jpg\"\/><source media=\"(min-width: 341px)\" srcset=\"https:\/\/storhogna.se\/wp-content\/uploads\/Hund-karl-den-11.jpg\"\/><img decoding=\"async\" class=\"fullscreen-image\" src=\"https:\/\/storhogna.se\/wp-content\/uploads\/Hund-karl-den-11.jpg\" alt=\"\" width=\"1365\" height=\"2048\" loading=\"eager\" style=\"object-position:45% 40%\"\/><\/picture><\/li><\/ul><\/div><\/div><div class=\"hero-slider__filter\" data-active=\"true\"><\/div><div class=\"hero-slider__fixed-content\"><div class=\"hero-slider__text-block\" data-visible=\"true\"><div class=\"hero-slider__text-block-inner\">\n<div class=\"wp-block-columns is-layout-flex wp-container-core-columns-is-layout-9d6595d7 wp-block-columns-is-layout-flex\">\n<div class=\"wp-block-column is-layout-flow wp-block-column-is-layout-flow\">\n<h1 class=\"wp-block-heading\">Dog-friendly rooms<\/h1>\n\n\n\n<p>Of course you should bring your dog along for the visit!<\/p>\n<\/div>\n\n\n\n<div class=\"wp-block-column is-layout-flow wp-block-column-is-layout-flow\">\n<p>In several of our rooms you can bring your furry friend, so you can enjoy both hotel luxury and vast mountains together.<\/p>\n<\/div>\n<\/div>\n<\/div><\/div><\/div><\/div>\n\n\n<div class=\"media-and-text\">\n    <div class=\"media-and-text__layout media-and-text__layout--invert  invert-stack  default-color default-background\">\n      <div class=\"media-and-text__media\">\n                            <div class=\"splide article-slider\" data-slider=\"basic\" data-custom-arrows=\"true\" id=\"basic-slider_ba5b7d0bd75a8ad6c44e892c6a7b00\">\n            <div class=\"splide__track article-slider__track\">\n              <ul class=\"splide__list article-slider__list\">\n                                  <li class=\"splide__slide article-slider__slide\">\n                    <img decoding=\"async\"\n                      class=\"article-slider__image\"\n                      src=\"https:\/\/storhogna.se\/wp-content\/uploads\/hund_lopning_fjall-1200x675.jpg\"\n                      srcset=\"https:\/\/storhogna.se\/wp-content\/uploads\/hund_lopning_fjall-1200x675.jpg 1200w, https:\/\/storhogna.se\/wp-content\/uploads\/hund_lopning_fjall-800x450.jpg 800w\"\n                      sizes=\"auto, (max-width: 600px), 1200px, 800px\"\n                      alt=\"\"\n                      width=\"1200\" \n                      height=\"675\" \n                      loading=\"lazy\"\n                      \/>\n                    <\/li>\n                                  <li class=\"splide__slide article-slider__slide\">\n                    <img decoding=\"async\"\n                      class=\"article-slider__image\"\n                      src=\"https:\/\/storhogna.se\/wp-content\/uploads\/Hundfika-800x1200.jpg\"\n                      srcset=\"https:\/\/storhogna.se\/wp-content\/uploads\/Hundfika-800x1200.jpg 800w, https:\/\/storhogna.se\/wp-content\/uploads\/Hundfika-800x1200.jpg 800w\"\n                      sizes=\"auto, (max-width: 600px), 800px, 800px\"\n                      alt=\"\"\n                      width=\"800\" \n                      height=\"1200\" \n                      loading=\"lazy\"\n                      \/>\n                    <\/li>\n                                  <li class=\"splide__slide article-slider__slide\">\n                    <img decoding=\"async\"\n                      class=\"article-slider__image\"\n                      src=\"https:\/\/storhogna.se\/wp-content\/uploads\/20220907_150826662_iOS-scaled-e1662579458570-900x1200.jpg\"\n                      srcset=\"https:\/\/storhogna.se\/wp-content\/uploads\/20220907_150826662_iOS-scaled-e1662579458570-900x1200.jpg 900w, https:\/\/storhogna.se\/wp-content\/uploads\/20220907_150826662_iOS-scaled-e1662579458570-800x1067.jpg 800w\"\n                      sizes=\"auto, (max-width: 600px), 900px, 800px\"\n                      alt=\"\"\n                      width=\"900\" \n                      height=\"1200\" \n                      loading=\"lazy\"\n                      \/>\n                    <\/li>\n                                  <li class=\"splide__slide article-slider__slide\">\n                    <img decoding=\"async\"\n                      class=\"article-slider__image\"\n                      src=\"https:\/\/storhogna.se\/wp-content\/uploads\/Middag-hund-800x1200.jpg\"\n                      srcset=\"https:\/\/storhogna.se\/wp-content\/uploads\/Middag-hund-800x1200.jpg 800w, https:\/\/storhogna.se\/wp-content\/uploads\/Middag-hund-800x1200.jpg 800w\"\n                      sizes=\"auto, (max-width: 600px), 800px, 800px\"\n                      alt=\"\"\n                      width=\"800\" \n                      height=\"1200\" \n                      loading=\"lazy\"\n                      \/>\n                    <\/li>\n                              <\/ul>\n            <\/div>\n          <\/div>\n              <\/div>\n      <div class=\"media-and-text__content top\">\n        <div class=\"media-and-text__content-container\">\n          <div class=\"media-and-text__text\">\n            <h2>Dog-friendly facilities &amp; rooms<\/h2>\n<p>Bringing your dog on holiday feels natural to us at Storhogna and as much as we like to welcome you, we also like to take care of your furry friend. When you bring your dog to us, you can stay in our pet-friendly room categories; mountain superiors and standard multi-bed rooms.<br \/>\nDogs are welcome in the hotel, but not in the restaurant (Winter Garden and Copper Room) and not at the spa or pool.<\/p>\n<p>If you want to eat together with your dog, we will set the table for you in the fireplace room or Karl XI's room (breakfast, lunch, dinner, coffee). Order drinks and coffee in the bar in the Winter Garden or pick up breakfast in Kopparsalen and take it with you to Karl XI's room, if you want to have dinner together, we will set up a table and serve you there.<\/p>\n<p>And best of all, right on your doorstep, there are plenty of lovely walks and trails to explore together.<\/p>\n<p>Add dog in the last step when you make your booking +250 SEK\/night.<\/p>\n<h2>Book online<\/h2>\n\n          <\/div>\n                    <div \n            class=\"single-booking-widget-block single-booking-widget-block--innerblock\" \n            data-module=\"booking-widget\" \n            data-id=\"media_text_widgetContainer\" \n            data-type=\"Standard2Columns\"\n            data-room-id=\"6dbd1156-4558-4e69-9c75-325110c16736\"\n            data-promo-code=\"\"\n            data-package-id=\"\"> \n            <div id=\"media_text_widgetContainer\"><\/div>\n          <\/div>      \n                            <\/div>\n      <\/div>\n    <\/div>\n  <\/div>","protected":false},"excerpt":{"rendered":"<p>In several of our rooms you can bring your furry friend, so you can enjoy both hotel luxury and vast mountains together.<\/p>","protected":false},"author":3,"featured_media":4427,"parent":1831,"menu_order":5,"comment_status":"closed","ping_status":"closed","template":"","meta":{"_acf_changed":false,"footnotes":""},"categories":[39],"tags":[],"class_list":["post-4426","page","type-page","status-publish","has-post-thumbnail","hentry","category-hotellrum"],"acf":[],"yoast_head":"<!-- This site is optimized with the Yoast SEO plugin v27.3 - https:\/\/yoast.com\/product\/yoast-seo-wordpress\/ -->\n<title>Hundv\u00e4nliga hotellrum - Storhogna H\u00f6gfj\u00e4llshotell &amp; Spa<\/title>\n<meta name=\"description\" content=\"I flera av v\u00e5ra rum kan du ta med din p\u00e4lskling, s\u00e5 att ni kan njuta av b\u00e5de hotellyx och vidstr\u00e4ckta fj\u00e4ll tillsammans.\" \/>\n<meta name=\"robots\" content=\"index, follow, max-snippet:-1, max-image-preview:large, max-video-preview:-1\" \/>\n<link rel=\"canonical\" href=\"https:\/\/storhogna.se\/en\/info-and-inspiration\/hotel-room\/dog-friendly-rooms\/\" \/>\n<meta property=\"og:locale\" content=\"en_GB\" \/>\n<meta property=\"og:type\" content=\"article\" \/>\n<meta property=\"og:title\" content=\"Hundv\u00e4nliga hotellrum - Storhogna H\u00f6gfj\u00e4llshotell &amp; Spa\" \/>\n<meta property=\"og:description\" content=\"I flera av v\u00e5ra rum kan du ta med din p\u00e4lskling, s\u00e5 att ni kan njuta av b\u00e5de hotellyx och vidstr\u00e4ckta fj\u00e4ll tillsammans.\" \/>\n<meta property=\"og:url\" content=\"https:\/\/storhogna.se\/en\/info-and-inspiration\/hotel-room\/dog-friendly-rooms\/\" \/>\n<meta property=\"og:site_name\" content=\"Storhogna H\u00f6gfj\u00e4llshotell &amp; Spa\" \/>\n<meta property=\"article:publisher\" content=\"https:\/\/www.facebook.com\/storhogna\" \/>\n<meta property=\"article:modified_time\" content=\"2025-10-01T14:06:06+00:00\" \/>\n<meta property=\"og:image\" content=\"https:\/\/storhogna.se\/wp-content\/uploads\/hund_hotellrum.jpg\" \/>\n\t<meta property=\"og:image:width\" content=\"2560\" \/>\n\t<meta property=\"og:image:height\" content=\"1440\" \/>\n\t<meta property=\"og:image:type\" content=\"image\/jpeg\" \/>\n<meta name=\"twitter:card\" content=\"summary_large_image\" \/>\n<meta name=\"twitter:label1\" content=\"Estimated reading time\" \/>\n\t<meta name=\"twitter:data1\" content=\"1 minute\" \/>\n<script type=\"application\/ld+json\" class=\"yoast-schema-graph\">{\"@context\":\"https:\\\/\\\/schema.org\",\"@graph\":[{\"@type\":\"WebPage\",\"@id\":\"https:\\\/\\\/storhogna.se\\\/info-och-inspo\\\/hotellrum\\\/hundvanliga-rum\\\/\",\"url\":\"https:\\\/\\\/storhogna.se\\\/info-och-inspo\\\/hotellrum\\\/hundvanliga-rum\\\/\",\"name\":\"Hundv\u00e4nliga hotellrum - Storhogna H\u00f6gfj\u00e4llshotell &amp; Spa\",\"isPartOf\":{\"@id\":\"https:\\\/\\\/storhogna.se\\\/#website\"},\"primaryImageOfPage\":{\"@id\":\"https:\\\/\\\/storhogna.se\\\/info-och-inspo\\\/hotellrum\\\/hundvanliga-rum\\\/#primaryimage\"},\"image\":{\"@id\":\"https:\\\/\\\/storhogna.se\\\/info-och-inspo\\\/hotellrum\\\/hundvanliga-rum\\\/#primaryimage\"},\"thumbnailUrl\":\"https:\\\/\\\/storhogna.se\\\/wp-content\\\/uploads\\\/hund_hotellrum.jpg\",\"datePublished\":\"2022-06-29T09:03:18+00:00\",\"dateModified\":\"2025-10-01T14:06:06+00:00\",\"description\":\"I flera av v\u00e5ra rum kan du ta med din p\u00e4lskling, s\u00e5 att ni kan njuta av b\u00e5de hotellyx och vidstr\u00e4ckta fj\u00e4ll tillsammans.\",\"breadcrumb\":{\"@id\":\"https:\\\/\\\/storhogna.se\\\/info-och-inspo\\\/hotellrum\\\/hundvanliga-rum\\\/#breadcrumb\"},\"inLanguage\":\"en-GB\",\"potentialAction\":[{\"@type\":\"ReadAction\",\"target\":[\"https:\\\/\\\/storhogna.se\\\/info-och-inspo\\\/hotellrum\\\/hundvanliga-rum\\\/\"]}]},{\"@type\":\"ImageObject\",\"inLanguage\":\"en-GB\",\"@id\":\"https:\\\/\\\/storhogna.se\\\/info-och-inspo\\\/hotellrum\\\/hundvanliga-rum\\\/#primaryimage\",\"url\":\"https:\\\/\\\/storhogna.se\\\/wp-content\\\/uploads\\\/hund_hotellrum.jpg\",\"contentUrl\":\"https:\\\/\\\/storhogna.se\\\/wp-content\\\/uploads\\\/hund_hotellrum.jpg\",\"width\":2560,\"height\":1440},{\"@type\":\"BreadcrumbList\",\"@id\":\"https:\\\/\\\/storhogna.se\\\/info-och-inspo\\\/hotellrum\\\/hundvanliga-rum\\\/#breadcrumb\",\"itemListElement\":[{\"@type\":\"ListItem\",\"position\":1,\"name\":\"Hem\",\"item\":\"https:\\\/\\\/storhogna.se\\\/\"},{\"@type\":\"ListItem\",\"position\":2,\"name\":\"Info\",\"item\":\"https:\\\/\\\/storhogna.se\\\/info-och-inspo\\\/\"},{\"@type\":\"ListItem\",\"position\":3,\"name\":\"Hotellrum\",\"item\":\"https:\\\/\\\/storhogna.se\\\/info-och-inspo\\\/hotellrum\\\/\"},{\"@type\":\"ListItem\",\"position\":4,\"name\":\"Hundv\u00e4nliga rum\"}]},{\"@type\":\"WebSite\",\"@id\":\"https:\\\/\\\/storhogna.se\\\/#website\",\"url\":\"https:\\\/\\\/storhogna.se\\\/\",\"name\":\"Storhogna H\u00f6gfj\u00e4llshotell &amp; Spa\",\"description\":\"Ett genuint h\u00f6gfj\u00e4llshotell med spa\",\"potentialAction\":[{\"@type\":\"SearchAction\",\"target\":{\"@type\":\"EntryPoint\",\"urlTemplate\":\"https:\\\/\\\/storhogna.se\\\/?s={search_term_string}\"},\"query-input\":{\"@type\":\"PropertyValueSpecification\",\"valueRequired\":true,\"valueName\":\"search_term_string\"}}],\"inLanguage\":\"en-GB\"}]}<\/script>\n<!-- \/ Yoast SEO plugin. -->","yoast_head_json":{"title":"Dog friendly hotel rooms - Storhogna H\u00f6gfj\u00e4llshotell &amp; Spa","description":"In several of our rooms you can bring your furry friend, so you can enjoy both hotel luxury and vast mountains together.","robots":{"index":"index","follow":"follow","max-snippet":"max-snippet:-1","max-image-preview":"max-image-preview:large","max-video-preview":"max-video-preview:-1"},"canonical":"https:\/\/storhogna.se\/en\/info-and-inspiration\/hotel-room\/dog-friendly-rooms\/","og_locale":"en_GB","og_type":"article","og_title":"Hundv\u00e4nliga hotellrum - Storhogna H\u00f6gfj\u00e4llshotell &amp; Spa","og_description":"I flera av v\u00e5ra rum kan du ta med din p\u00e4lskling, s\u00e5 att ni kan njuta av b\u00e5de hotellyx och vidstr\u00e4ckta fj\u00e4ll tillsammans.","og_url":"https:\/\/storhogna.se\/en\/info-and-inspiration\/hotel-room\/dog-friendly-rooms\/","og_site_name":"Storhogna H\u00f6gfj\u00e4llshotell &amp; Spa","article_publisher":"https:\/\/www.facebook.com\/storhogna","article_modified_time":"2025-10-01T14:06:06+00:00","og_image":[{"width":2560,"height":1440,"url":"https:\/\/storhogna.se\/wp-content\/uploads\/hund_hotellrum.jpg","type":"image\/jpeg"}],"twitter_card":"summary_large_image","twitter_misc":{"Estimated reading time":"1 minute"},"schema":{"@context":"https:\/\/schema.org","@graph":[{"@type":"WebPage","@id":"https:\/\/storhogna.se\/info-och-inspo\/hotellrum\/hundvanliga-rum\/","url":"https:\/\/storhogna.se\/info-och-inspo\/hotellrum\/hundvanliga-rum\/","name":"Dog friendly hotel rooms - Storhogna H\u00f6gfj\u00e4llshotell &amp; Spa","isPartOf":{"@id":"https:\/\/storhogna.se\/#website"},"primaryImageOfPage":{"@id":"https:\/\/storhogna.se\/info-och-inspo\/hotellrum\/hundvanliga-rum\/#primaryimage"},"image":{"@id":"https:\/\/storhogna.se\/info-och-inspo\/hotellrum\/hundvanliga-rum\/#primaryimage"},"thumbnailUrl":"https:\/\/storhogna.se\/wp-content\/uploads\/hund_hotellrum.jpg","datePublished":"2022-06-29T09:03:18+00:00","dateModified":"2025-10-01T14:06:06+00:00","description":"In several of our rooms you can bring your furry friend, so you can enjoy both hotel luxury and vast mountains together.","breadcrumb":{"@id":"https:\/\/storhogna.se\/info-och-inspo\/hotellrum\/hundvanliga-rum\/#breadcrumb"},"inLanguage":"en-GB","potentialAction":[{"@type":"ReadAction","target":["https:\/\/storhogna.se\/info-och-inspo\/hotellrum\/hundvanliga-rum\/"]}]},{"@type":"ImageObject","inLanguage":"en-GB","@id":"https:\/\/storhogna.se\/info-och-inspo\/hotellrum\/hundvanliga-rum\/#primaryimage","url":"https:\/\/storhogna.se\/wp-content\/uploads\/hund_hotellrum.jpg","contentUrl":"https:\/\/storhogna.se\/wp-content\/uploads\/hund_hotellrum.jpg","width":2560,"height":1440},{"@type":"BreadcrumbList","@id":"https:\/\/storhogna.se\/info-och-inspo\/hotellrum\/hundvanliga-rum\/#breadcrumb","itemListElement":[{"@type":"ListItem","position":1,"name":"Hem","item":"https:\/\/storhogna.se\/"},{"@type":"ListItem","position":2,"name":"Info","item":"https:\/\/storhogna.se\/info-och-inspo\/"},{"@type":"ListItem","position":3,"name":"Hotellrum","item":"https:\/\/storhogna.se\/info-och-inspo\/hotellrum\/"},{"@type":"ListItem","position":4,"name":"Hundv\u00e4nliga rum"}]},{"@type":"WebSite","@id":"https:\/\/storhogna.se\/#website","url":"https:\/\/storhogna.se\/","name":"Storhogna High Mountain Hotel &amp; Spa","description":"A genuine high mountain hotel with spa","potentialAction":[{"@type":"SearchAction","target":{"@type":"EntryPoint","urlTemplate":"https:\/\/storhogna.se\/?s={search_term_string}"},"query-input":{"@type":"PropertyValueSpecification","valueRequired":true,"valueName":"search_term_string"}}],"inLanguage":"en-GB"}]}},"_links":{"self":[{"href":"https:\/\/storhogna.se\/en\/wp-json\/wp\/v2\/pages\/4426","targetHints":{"allow":["GET"]}}],"collection":[{"href":"https:\/\/storhogna.se\/en\/wp-json\/wp\/v2\/pages"}],"about":[{"href":"https:\/\/storhogna.se\/en\/wp-json\/wp\/v2\/types\/page"}],"author":[{"embeddable":true,"href":"https:\/\/storhogna.se\/en\/wp-json\/wp\/v2\/users\/3"}],"replies":[{"embeddable":true,"href":"https:\/\/storhogna.se\/en\/wp-json\/wp\/v2\/comments?post=4426"}],"version-history":[{"count":31,"href":"https:\/\/storhogna.se\/en\/wp-json\/wp\/v2\/pages\/4426\/revisions"}],"predecessor-version":[{"id":15428,"href":"https:\/\/storhogna.se\/en\/wp-json\/wp\/v2\/pages\/4426\/revisions\/15428"}],"up":[{"embeddable":true,"href":"https:\/\/storhogna.se\/en\/wp-json\/wp\/v2\/pages\/1831"}],"wp:featuredmedia":[{"embeddable":true,"href":"https:\/\/storhogna.se\/en\/wp-json\/wp\/v2\/media\/4427"}],"wp:attachment":[{"href":"https:\/\/storhogna.se\/en\/wp-json\/wp\/v2\/media?parent=4426"}],"wp:term":[{"taxonomy":"category","embeddable":true,"href":"https:\/\/storhogna.se\/en\/wp-json\/wp\/v2\/categories?post=4426"},{"taxonomy":"post_tag","embeddable":true,"href":"https:\/\/storhogna.se\/en\/wp-json\/wp\/v2\/tags?post=4426"}],"curies":[{"name":"wp","href":"https:\/\/api.w.org\/{rel}","templated":true}]}}