{"id":5373,"date":"2023-03-11T00:37:00","date_gmt":"2023-03-10T22:37:00","guid":{"rendered":"https:\/\/storhogna.se\/?page_id=5373"},"modified":"2026-03-31T14:04:01","modified_gmt":"2026-03-31T12:04:01","slug":"the-mountain-side","status":"publish","type":"page","link":"https:\/\/storhogna.se\/en\/the-mountain-side\/","title":{"rendered":"Fj\u00e4llsidan"},"content":{"rendered":"<div class=\"wp-block-image fjallsidan-top\">\n<figure class=\"aligncenter size-medium is-resized\"><img loading=\"lazy\" decoding=\"async\" width=\"300\" height=\"169\" src=\"https:\/\/storhogna.se\/wp-content\/uploads\/Fjallsidan-vit_-300x169.png\" alt=\"\" class=\"wp-image-15094\" style=\"width:auto;height:200px\" srcset=\"https:\/\/storhogna.se\/wp-content\/uploads\/Fjallsidan-vit_-300x169.png 300w, https:\/\/storhogna.se\/wp-content\/uploads\/Fjallsidan-vit_-1024x576.png 1024w, https:\/\/storhogna.se\/wp-content\/uploads\/Fjallsidan-vit_-768x432.png 768w, https:\/\/storhogna.se\/wp-content\/uploads\/Fjallsidan-vit_-1536x864.png 1536w, https:\/\/storhogna.se\/wp-content\/uploads\/Fjallsidan-vit_-2048x1152.png 2048w, https:\/\/storhogna.se\/wp-content\/uploads\/Fjallsidan-vit_-18x10.png 18w, https:\/\/storhogna.se\/wp-content\/uploads\/Fjallsidan-vit_-400x225.png 400w, https:\/\/storhogna.se\/wp-content\/uploads\/Fjallsidan-vit_-800x450.png 800w, https:\/\/storhogna.se\/wp-content\/uploads\/Fjallsidan-vit_-1200x675.png 1200w, https:\/\/storhogna.se\/wp-content\/uploads\/Fjallsidan-vit_-1800x1013.png 1800w, https:\/\/storhogna.se\/wp-content\/uploads\/Fjallsidan-vit_-1400x788.png 1400w, https:\/\/storhogna.se\/wp-content\/uploads\/Fjallsidan-vit_-1659x933.png 1659w, https:\/\/storhogna.se\/wp-content\/uploads\/Fjallsidan-vit_-900x506.png 900w, https:\/\/storhogna.se\/wp-content\/uploads\/Fjallsidan-vit_-1212x682.png 1212w\" sizes=\"auto, (max-width: 300px) 100vw, 300px\" \/><\/figure><\/div>\n\n\n<p class=\"has-text-align-center fjallsidan-premiere\">Welcome to the warmth!<\/p>\n\n\n\n<p><\/p>\n\n\n<div class=\"media-and-text\">\n    <div class=\"media-and-text__layout media-and-text__layout--invert  default-color default-background\">\n      <div class=\"media-and-text__media\">\n                            <div class=\"splide article-slider\" data-slider=\"basic\" data-custom-arrows=\"true\" id=\"basic-slider_ca0e6620487d4af8014f0b3bfe9989\">\n            <div class=\"splide__track article-slider__track\">\n              <ul class=\"splide__list article-slider__list\">\n                                  <li class=\"splide__slide article-slider__slide\">\n                    <img decoding=\"async\"\n                      class=\"article-slider__image\"\n                      src=\"https:\/\/storhogna.se\/wp-content\/uploads\/Storgona-feb-2023_Saragardegard-179-1-800x1200.jpg\"\n                      srcset=\"https:\/\/storhogna.se\/wp-content\/uploads\/Storgona-feb-2023_Saragardegard-179-1-800x1200.jpg 800w, https:\/\/storhogna.se\/wp-content\/uploads\/Storgona-feb-2023_Saragardegard-179-1-800x1200.jpg 800w\"\n                      sizes=\"auto, (max-width: 600px), 800px, 800px\"\n                      alt=\"\"\n                      width=\"800\" \n                      height=\"1200\" \n                      loading=\"lazy\"\n                      \/>\n                    <\/li>\n                              <\/ul>\n            <\/div>\n          <\/div>\n              <\/div>\n      <div class=\"media-and-text__content top\">\n        <div class=\"media-and-text__content-container\">\n          <div class=\"media-and-text__text\">\n            <h2><span style=\"font-weight: 400;\">Fj\u00e4llsidan<\/span><\/h2>\n<p data-start=\"211\" data-end=\"490\"><strong data-start=\"152\" data-end=\"315\">Where classic bistro dishes meet tough wines from Mezzacorona and Borgogno - or an ice-cold beer if you prefer. <\/strong>After a day on the slopes, when your cheeks still bear traces of snow and sun.<\/p>\n<p data-start=\"399\" data-end=\"697\">Experience the bistro feeling with dishes that are uncomplicated but well-prepared, where ingredients and craftsmanship take centre stage. A place for <strong data-start=\"585\" data-end=\"644\">romantic evenings, business dinners or family reunions<\/strong> - in peace and quiet, with the food and company in focus.<\/p>\n<p data-start=\"693\" data-end=\"896\">A place where you can land after skiing, hike in after the autumn tour, take a break from the summer heat or just enjoy. Deli, bistro or wine tavern? You name it - we call it Fj\u00e4llsidan.<\/p>\n\n          <\/div>\n                              <div class=\"media-and-text__buttons\">\n                                        <a class=\"btn btn--fill media-and-text__button\" href=\"#oppettider\" target=\" style=\"\">See opening hours<\/a>\n                                        <a class=\"btn btn--fill media-and-text__button\" href=\"https:\/\/booking.resdiary.com\/widget\/Standard\/Fj\u00e4llsidan\/66503\" target=\"_blank style=\"\">Book a table<\/a>\n                                        <a class=\"btn btn--fill media-and-text__button\" href=\"https:\/\/storhogna.se\/en\/restaurants\/bistro-menu\/\" target=\" style=\"\">Menu<\/a>\n                      <\/div>\n                  <\/div>\n      <\/div>\n    <\/div>\n  <\/div>\n\n\n<div class=\"media-and-text\">\n    <div class=\"media-and-text__layout  default-color default-background\">\n      <div class=\"media-and-text__media\">\n                            <div class=\"splide article-slider\" data-slider=\"basic\" data-custom-arrows=\"true\" id=\"basic-slider_757b8a481538992d2d93ee5208d7a2\">\n            <div class=\"splide__track article-slider__track\">\n              <ul class=\"splide__list article-slider__list\">\n                                  <li class=\"splide__slide article-slider__slide\">\n                    <img decoding=\"async\"\n                      class=\"article-slider__image\"\n                      src=\"https:\/\/storhogna.se\/wp-content\/uploads\/Fjallsidan-pizza-800x1200.jpg\"\n                      srcset=\"https:\/\/storhogna.se\/wp-content\/uploads\/Fjallsidan-pizza-800x1200.jpg 800w, https:\/\/storhogna.se\/wp-content\/uploads\/Fjallsidan-pizza-800x1200.jpg 800w\"\n                      sizes=\"auto, (max-width: 600px), 800px, 800px\"\n                      alt=\"\"\n                      width=\"800\" \n                      height=\"1200\" \n                      loading=\"lazy\"\n                      \/>\n                    <\/li>\n                              <\/ul>\n            <\/div>\n          <\/div>\n              <\/div>\n      <div class=\"media-and-text__content top\">\n        <div class=\"media-and-text__content-container\">\n          <div class=\"media-and-text__text\">\n            <h2>Pizza p\u00e5 Fj\u00e4llsidan \u2013 L\u00e5ngfredagen 3 april<\/h2>\n<p><strong>Time:<\/strong> 11.30\u201316.00<\/p>\n<p>Fira L\u00e5ngfredagen med en h\u00e4rlig pizzastund p\u00e5 Fj\u00e4llsidan \u2013 sl\u00e5 dig ner inomhus eller njut ute p\u00e5 v\u00e5r soliga terrass med fj\u00e4llen som kuliss. Vi serverar nybakade, smakrika pizzor som passar perfekt som en paus mitt i dagens \u00e4ventyr.<\/p>\n<p><strong>Kanske har du redan varit med i \u00c5k en mil \u2013 vinn en bil?<\/strong> Om inte, passa p\u00e5 att l\u00e4sa mer och anm\u00e4l dig \u2013 det \u00e4r inte f\u00f6r sent! <a href=\"https:\/\/storhogna.se\/en\/ak-en-mil-win-a-car\/\">L\u00e4s mer h\u00e4r.<\/a><\/p>\n<p><em>Fr\u00e5n kl. 18.00 \u00e4r du varmt v\u00e4lkommen tillbaka, d\u00e5 vi serverar v\u00e5r bistromeny som vanligt.<\/em><\/p>\n\n          <\/div>\n                            <\/div>\n      <\/div>\n    <\/div>\n  <\/div>\n\n\n<div class=\"media-and-text\">\n    <div class=\"media-and-text__layout media-and-text__layout--invert  default-color default-background\">\n      <div class=\"media-and-text__media\">\n                            <div class=\"splide article-slider\" data-slider=\"basic\" data-custom-arrows=\"true\" id=\"basic-slider_5c62ec15b649b247189120521a305e\">\n            <div class=\"splide__track article-slider__track\">\n              <ul class=\"splide__list article-slider__list\">\n                                  <li class=\"splide__slide article-slider__slide\">\n                    <img decoding=\"async\"\n                      class=\"article-slider__image\"\n                      src=\"https:\/\/storhogna.se\/wp-content\/uploads\/655670223_953024457267170_313995458652934273_n.jpg\"\n                      srcset=\"https:\/\/storhogna.se\/wp-content\/uploads\/655670223_953024457267170_313995458652934273_n.jpg 720w, https:\/\/storhogna.se\/wp-content\/uploads\/655670223_953024457267170_313995458652934273_n.jpg 720w\"\n                      sizes=\"auto, (max-width: 600px), 720px, 720px\"\n                      alt=\"\"\n                      width=\"720\" \n                      height=\"900\" \n                      loading=\"lazy\"\n                      \/>\n                    <\/li>\n                                  <li class=\"splide__slide article-slider__slide\">\n                    <img decoding=\"async\"\n                      class=\"article-slider__image\"\n                      src=\"https:\/\/storhogna.se\/wp-content\/uploads\/Storgona-feb-2023_Saragardegard-169-800x1200.jpg\"\n                      srcset=\"https:\/\/storhogna.se\/wp-content\/uploads\/Storgona-feb-2023_Saragardegard-169-800x1200.jpg 800w, https:\/\/storhogna.se\/wp-content\/uploads\/Storgona-feb-2023_Saragardegard-169-800x1200.jpg 800w\"\n                      sizes=\"auto, (max-width: 600px), 800px, 800px\"\n                      alt=\"\"\n                      width=\"800\" \n                      height=\"1200\" \n                      loading=\"lazy\"\n                      \/>\n                    <\/li>\n                              <\/ul>\n            <\/div>\n          <\/div>\n              <\/div>\n      <div class=\"media-and-text__content top\">\n        <div class=\"media-and-text__content-container\">\n          <div class=\"media-and-text__text\">\n            <h2>After Ski on Easter Eve with Towe Mango<\/h2>\n<p>Celebrate Easter Eve with a great after-ski hangout with Towe Mango at our place! From 16.00 to 18.00.<\/p>\n<p>When the weather is sunny, we move to our sunny veranda - the perfect place to enjoy the spring sunshine, good drinks, snacks and a cosy atmosphere after a day in the mountains.<\/p>\n<p>Bring your friends, sit back and enjoy live music, mountain air and a great Easter atmosphere.<\/p>\n<p><strong>See you for a relaxed and atmospheric after ski hangout!\u00a0<\/strong><\/p>\n\n          <\/div>\n                            <\/div>\n      <\/div>\n    <\/div>\n  <\/div>\n\n\n\n<div style=\"height:50px\" aria-hidden=\"true\" class=\"wp-block-spacer\"><\/div>\n\n\n\n<div style=\"height:50px\" aria-hidden=\"true\" class=\"wp-block-spacer\"><\/div>\n\n\n\n<div class=\"wp-block-cover custom-oppet\" style=\"min-height:638px;aspect-ratio:unset;\" id=\"oppettider\"><img loading=\"lazy\" decoding=\"async\" width=\"1365\" height=\"2048\" class=\"wp-block-cover__image-background wp-image-7166\" alt=\"\" src=\"https:\/\/storhogna.se\/wp-content\/uploads\/DSC03765-Edit.jpg\" data-object-fit=\"cover\" srcset=\"https:\/\/storhogna.se\/wp-content\/uploads\/DSC03765-Edit.jpg 1365w, https:\/\/storhogna.se\/wp-content\/uploads\/DSC03765-Edit-200x300.jpg 200w, https:\/\/storhogna.se\/wp-content\/uploads\/DSC03765-Edit-683x1024.jpg 683w, https:\/\/storhogna.se\/wp-content\/uploads\/DSC03765-Edit-768x1152.jpg 768w, https:\/\/storhogna.se\/wp-content\/uploads\/DSC03765-Edit-1024x1536.jpg 1024w, https:\/\/storhogna.se\/wp-content\/uploads\/DSC03765-Edit-400x600.jpg 400w, https:\/\/storhogna.se\/wp-content\/uploads\/DSC03765-Edit-800x1200.jpg 800w, https:\/\/storhogna.se\/wp-content\/uploads\/DSC03765-Edit-533x800.jpg 533w, https:\/\/storhogna.se\/wp-content\/uploads\/DSC03765-Edit-1200x1800.jpg 1200w, https:\/\/storhogna.se\/wp-content\/uploads\/DSC03765-Edit-300x450.jpg 300w, https:\/\/storhogna.se\/wp-content\/uploads\/DSC03765-Edit-600x900.jpg 600w, https:\/\/storhogna.se\/wp-content\/uploads\/DSC03765-Edit-622x933.jpg 622w, https:\/\/storhogna.se\/wp-content\/uploads\/DSC03765-Edit-455x682.jpg 455w, https:\/\/storhogna.se\/wp-content\/uploads\/DSC03765-Edit-450x675.jpg 450w\" sizes=\"auto, (max-width: 1365px) 100vw, 1365px\" \/><span aria-hidden=\"true\" class=\"wp-block-cover__background has-black-background-color has-background-dim\"><\/span><div class=\"wp-block-cover__inner-container is-layout-flow wp-block-cover-is-layout-flow\">\n<h1 class=\"wp-block-heading\">OPENING HOURS<\/h1>\n\n\n\n<p><strong>2 February \u2013 12 April<br><\/strong>Every day 11.30-21.00<\/p>\n<\/div><\/div>\n\n\n\n<p><\/p>","protected":false},"excerpt":{"rendered":"<p>Welcome to the warmth!<\/p>","protected":false},"author":1,"featured_media":11405,"parent":0,"menu_order":0,"comment_status":"closed","ping_status":"closed","template":"","meta":{"_acf_changed":false,"footnotes":""},"categories":[],"tags":[],"class_list":["post-5373","page","type-page","status-publish","has-post-thumbnail","hentry"],"acf":[],"yoast_head":"<!-- This site is optimized with the Yoast SEO plugin v25.6 - https:\/\/yoast.com\/wordpress\/plugins\/seo\/ -->\n<title>Fj\u00e4llsidan - Storhogna H\u00f6gfj\u00e4llshotell &amp; Spa<\/title>\n<meta name=\"description\" content=\"D\u00e4r italienskt mj\u00f6l m\u00f6ter lokala charkuterier \u2013 och d\u00e4r pizzan f\u00e5r s\u00e4llskap av h\u00e4rbakade bakverk, tuffa viner fr\u00e5n Mezzacorona och Borgogno.\" \/>\n<meta name=\"robots\" content=\"index, follow, max-snippet:-1, max-image-preview:large, max-video-preview:-1\" \/>\n<link rel=\"canonical\" href=\"https:\/\/storhogna.se\/en\/the-mountain-side\/\" \/>\n<meta property=\"og:locale\" content=\"en_GB\" \/>\n<meta property=\"og:type\" content=\"article\" \/>\n<meta property=\"og:title\" content=\"Fj\u00e4llsidan - Storhogna H\u00f6gfj\u00e4llshotell &amp; Spa\" \/>\n<meta property=\"og:description\" content=\"D\u00e4r italienskt mj\u00f6l m\u00f6ter lokala charkuterier \u2013 och d\u00e4r pizzan f\u00e5r s\u00e4llskap av h\u00e4rbakade bakverk, tuffa viner fr\u00e5n Mezzacorona och Borgogno.\" \/>\n<meta property=\"og:url\" content=\"https:\/\/storhogna.se\/en\/the-mountain-side\/\" \/>\n<meta property=\"og:site_name\" content=\"Storhogna H\u00f6gfj\u00e4llshotell &amp; Spa\" \/>\n<meta property=\"article:publisher\" content=\"https:\/\/www.facebook.com\/storhogna\" \/>\n<meta property=\"article:modified_time\" content=\"2026-03-31T12:04:01+00:00\" \/>\n<meta property=\"og:image\" content=\"https:\/\/storhogna.se\/wp-content\/uploads\/STORHOGNA_39-ljusare-1-scaled.jpg\" \/>\n\t<meta property=\"og:image:width\" content=\"2560\" \/>\n\t<meta property=\"og:image:height\" content=\"1650\" \/>\n\t<meta property=\"og:image:type\" content=\"image\/jpeg\" \/>\n<meta name=\"twitter:card\" content=\"summary_large_image\" \/>\n<meta name=\"twitter:label1\" content=\"Estimated reading time\" \/>\n\t<meta name=\"twitter:data1\" content=\"1 minute\" \/>\n<script type=\"application\/ld+json\" class=\"yoast-schema-graph\">{\"@context\":\"https:\/\/schema.org\",\"@graph\":[{\"@type\":\"WebPage\",\"@id\":\"https:\/\/storhogna.se\/fjallsidan\/\",\"url\":\"https:\/\/storhogna.se\/fjallsidan\/\",\"name\":\"Fj\u00e4llsidan - Storhogna H\u00f6gfj\u00e4llshotell &amp; Spa\",\"isPartOf\":{\"@id\":\"https:\/\/storhogna.se\/#website\"},\"primaryImageOfPage\":{\"@id\":\"https:\/\/storhogna.se\/fjallsidan\/#primaryimage\"},\"image\":{\"@id\":\"https:\/\/storhogna.se\/fjallsidan\/#primaryimage\"},\"thumbnailUrl\":\"https:\/\/storhogna.se\/wp-content\/uploads\/STORHOGNA_39-ljusare-1-scaled.jpg\",\"datePublished\":\"2023-03-10T22:37:00+00:00\",\"dateModified\":\"2026-03-31T12:04:01+00:00\",\"description\":\"D\u00e4r italienskt mj\u00f6l m\u00f6ter lokala charkuterier \u2013 och d\u00e4r pizzan f\u00e5r s\u00e4llskap av h\u00e4rbakade bakverk, tuffa viner fr\u00e5n Mezzacorona och Borgogno.\",\"breadcrumb\":{\"@id\":\"https:\/\/storhogna.se\/fjallsidan\/#breadcrumb\"},\"inLanguage\":\"en-GB\",\"potentialAction\":[{\"@type\":\"ReadAction\",\"target\":[\"https:\/\/storhogna.se\/fjallsidan\/\"]}]},{\"@type\":\"ImageObject\",\"inLanguage\":\"en-GB\",\"@id\":\"https:\/\/storhogna.se\/fjallsidan\/#primaryimage\",\"url\":\"https:\/\/storhogna.se\/wp-content\/uploads\/STORHOGNA_39-ljusare-1-scaled.jpg\",\"contentUrl\":\"https:\/\/storhogna.se\/wp-content\/uploads\/STORHOGNA_39-ljusare-1-scaled.jpg\",\"width\":2560,\"height\":1650},{\"@type\":\"BreadcrumbList\",\"@id\":\"https:\/\/storhogna.se\/fjallsidan\/#breadcrumb\",\"itemListElement\":[{\"@type\":\"ListItem\",\"position\":1,\"name\":\"Hem\",\"item\":\"https:\/\/storhogna.se\/\"},{\"@type\":\"ListItem\",\"position\":2,\"name\":\"Fj\u00e4llsidan\"}]},{\"@type\":\"WebSite\",\"@id\":\"https:\/\/storhogna.se\/#website\",\"url\":\"https:\/\/storhogna.se\/\",\"name\":\"Storhogna H\u00f6gfj\u00e4llshotell &amp; Spa\",\"description\":\"Ett genuint h\u00f6gfj\u00e4llshotell med spa\",\"potentialAction\":[{\"@type\":\"SearchAction\",\"target\":{\"@type\":\"EntryPoint\",\"urlTemplate\":\"https:\/\/storhogna.se\/?s={search_term_string}\"},\"query-input\":{\"@type\":\"PropertyValueSpecification\",\"valueRequired\":true,\"valueName\":\"search_term_string\"}}],\"inLanguage\":\"en-GB\"}]}<\/script>\n<!-- \/ Yoast SEO plugin. -->","yoast_head_json":{"title":"Fj\u00e4llsidan - Storhogna H\u00f6gfj\u00e4llshotell &amp; Spa","description":"D\u00e4r italienskt mj\u00f6l m\u00f6ter lokala charkuterier \u2013 och d\u00e4r pizzan f\u00e5r s\u00e4llskap av h\u00e4rbakade bakverk, tuffa viner fr\u00e5n Mezzacorona och Borgogno.","robots":{"index":"index","follow":"follow","max-snippet":"max-snippet:-1","max-image-preview":"max-image-preview:large","max-video-preview":"max-video-preview:-1"},"canonical":"https:\/\/storhogna.se\/en\/the-mountain-side\/","og_locale":"en_GB","og_type":"article","og_title":"Fj\u00e4llsidan - Storhogna H\u00f6gfj\u00e4llshotell &amp; Spa","og_description":"D\u00e4r italienskt mj\u00f6l m\u00f6ter lokala charkuterier \u2013 och d\u00e4r pizzan f\u00e5r s\u00e4llskap av h\u00e4rbakade bakverk, tuffa viner fr\u00e5n Mezzacorona och Borgogno.","og_url":"https:\/\/storhogna.se\/en\/the-mountain-side\/","og_site_name":"Storhogna H\u00f6gfj\u00e4llshotell &amp; Spa","article_publisher":"https:\/\/www.facebook.com\/storhogna","article_modified_time":"2026-03-31T12:04:01+00:00","og_image":[{"width":2560,"height":1650,"url":"https:\/\/storhogna.se\/wp-content\/uploads\/STORHOGNA_39-ljusare-1-scaled.jpg","type":"image\/jpeg"}],"twitter_card":"summary_large_image","twitter_misc":{"Estimated reading time":"1 minute"},"schema":{"@context":"https:\/\/schema.org","@graph":[{"@type":"WebPage","@id":"https:\/\/storhogna.se\/fjallsidan\/","url":"https:\/\/storhogna.se\/fjallsidan\/","name":"Fj\u00e4llsidan - Storhogna H\u00f6gfj\u00e4llshotell &amp; Spa","isPartOf":{"@id":"https:\/\/storhogna.se\/#website"},"primaryImageOfPage":{"@id":"https:\/\/storhogna.se\/fjallsidan\/#primaryimage"},"image":{"@id":"https:\/\/storhogna.se\/fjallsidan\/#primaryimage"},"thumbnailUrl":"https:\/\/storhogna.se\/wp-content\/uploads\/STORHOGNA_39-ljusare-1-scaled.jpg","datePublished":"2023-03-10T22:37:00+00:00","dateModified":"2026-03-31T12:04:01+00:00","description":"D\u00e4r italienskt mj\u00f6l m\u00f6ter lokala charkuterier \u2013 och d\u00e4r pizzan f\u00e5r s\u00e4llskap av h\u00e4rbakade bakverk, tuffa viner fr\u00e5n Mezzacorona och Borgogno.","breadcrumb":{"@id":"https:\/\/storhogna.se\/fjallsidan\/#breadcrumb"},"inLanguage":"en-GB","potentialAction":[{"@type":"ReadAction","target":["https:\/\/storhogna.se\/fjallsidan\/"]}]},{"@type":"ImageObject","inLanguage":"en-GB","@id":"https:\/\/storhogna.se\/fjallsidan\/#primaryimage","url":"https:\/\/storhogna.se\/wp-content\/uploads\/STORHOGNA_39-ljusare-1-scaled.jpg","contentUrl":"https:\/\/storhogna.se\/wp-content\/uploads\/STORHOGNA_39-ljusare-1-scaled.jpg","width":2560,"height":1650},{"@type":"BreadcrumbList","@id":"https:\/\/storhogna.se\/fjallsidan\/#breadcrumb","itemListElement":[{"@type":"ListItem","position":1,"name":"Hem","item":"https:\/\/storhogna.se\/"},{"@type":"ListItem","position":2,"name":"Fj\u00e4llsidan"}]},{"@type":"WebSite","@id":"https:\/\/storhogna.se\/#website","url":"https:\/\/storhogna.se\/","name":"Storhogna H\u00f6gfj\u00e4llshotell &amp; Spa","description":"Ett genuint h\u00f6gfj\u00e4llshotell med spa","potentialAction":[{"@type":"SearchAction","target":{"@type":"EntryPoint","urlTemplate":"https:\/\/storhogna.se\/?s={search_term_string}"},"query-input":{"@type":"PropertyValueSpecification","valueRequired":true,"valueName":"search_term_string"}}],"inLanguage":"en-GB"}]}},"_links":{"self":[{"href":"https:\/\/storhogna.se\/en\/wp-json\/wp\/v2\/pages\/5373","targetHints":{"allow":["GET"]}}],"collection":[{"href":"https:\/\/storhogna.se\/en\/wp-json\/wp\/v2\/pages"}],"about":[{"href":"https:\/\/storhogna.se\/en\/wp-json\/wp\/v2\/types\/page"}],"author":[{"embeddable":true,"href":"https:\/\/storhogna.se\/en\/wp-json\/wp\/v2\/users\/1"}],"replies":[{"embeddable":true,"href":"https:\/\/storhogna.se\/en\/wp-json\/wp\/v2\/comments?post=5373"}],"version-history":[{"count":353,"href":"https:\/\/storhogna.se\/en\/wp-json\/wp\/v2\/pages\/5373\/revisions"}],"predecessor-version":[{"id":16925,"href":"https:\/\/storhogna.se\/en\/wp-json\/wp\/v2\/pages\/5373\/revisions\/16925"}],"wp:featuredmedia":[{"embeddable":true,"href":"https:\/\/storhogna.se\/en\/wp-json\/wp\/v2\/media\/11405"}],"wp:attachment":[{"href":"https:\/\/storhogna.se\/en\/wp-json\/wp\/v2\/media?parent=5373"}],"wp:term":[{"taxonomy":"category","embeddable":true,"href":"https:\/\/storhogna.se\/en\/wp-json\/wp\/v2\/categories?post=5373"},{"taxonomy":"post_tag","embeddable":true,"href":"https:\/\/storhogna.se\/en\/wp-json\/wp\/v2\/tags?post=5373"}],"curies":[{"name":"wp","href":"https:\/\/api.w.org\/{rel}","templated":true}]}}