{"id":5848,"date":"2022-10-17T09:18:17","date_gmt":"2022-10-17T07:18:17","guid":{"rendered":"https:\/\/storhogna.se\/?page_id=5848"},"modified":"2025-09-10T14:52:10","modified_gmt":"2025-09-10T12:52:10","slug":"sham","status":"publish","type":"page","link":"https:\/\/storhogna.se\/en\/fikabuffe\/","title":{"rendered":"Fika buffet"},"content":{"rendered":"<div class=\"hero-slider\"><div class=\"splide\" data-slider=\"hero\" data-arrows=\"true\" data-interval=\"5\" data-transition=\"loop\" data-start-index=\"0\" id=\"hero-slider_1757508695763\" data-id=\"hero-slider_1757508695763\" data-custom-arrows=\"true\"><div class=\"splide__track\"><ul class=\"splide__list\"><li class=\"splide__slide\"><picture><source media=\"(max-width: 340px)\" srcset=\"https:\/\/storhogna.se\/wp-content\/uploads\/Fikabuffe-1-300x200.jpg\"\/><source media=\"(min-width: 341px)\" srcset=\"https:\/\/storhogna.se\/wp-content\/uploads\/Fikabuffe-1.jpg\"\/><img fetchpriority=\"high\" decoding=\"async\" class=\"fullscreen-image\" src=\"https:\/\/storhogna.se\/wp-content\/uploads\/Fikabuffe-1.jpg\" alt=\"\" width=\"1280\" height=\"853\" loading=\"eager\" style=\"object-position:50% 50%\"\/><\/picture><\/li><\/ul><\/div><\/div><div class=\"hero-slider__filter\" data-active=\"true\"><\/div><div class=\"hero-slider__fixed-content\"><div class=\"hero-slider__text-block\" data-visible=\"true\"><div class=\"hero-slider__text-block-inner\">\n<div class=\"wp-block-columns is-layout-flex wp-container-core-columns-is-layout-9d6595d7 wp-block-columns-is-layout-flex\">\n<div class=\"wp-block-column is-layout-flow wp-block-column-is-layout-flow\">\n<h1 class=\"wp-block-heading\" style=\"text-transform:none\">Fika buffet<\/h1>\n\n\n\n<p>A delicious coffee break with our fantastic mountain baker!<\/p>\n<\/div>\n\n\n\n<div class=\"wp-block-column is-layout-flow wp-block-column-is-layout-flow\">\n<p>Cookies, buns, pastries &amp; much more. Enjoy our Swedish tradition to the max - book your place at our coffee buffet!<\/p>\n<\/div>\n<\/div>\n<\/div><\/div><\/div><\/div>\n\n\n<div class=\"breadcrumbs\">\n  <span><span><a href=\"https:\/\/storhogna.se\/en\/\">Home<\/a><\/span><\/span><\/div>\n\n<div class=\"media-and-text\">\n    <div class=\"media-and-text__layout media-and-text__layout--invert  default-color default-background\">\n      <div class=\"media-and-text__media\">\n                  <img decoding=\"async\"\n          class=\"media-and-text__single-image\"\n          src=\"https:\/\/storhogna.se\/wp-content\/uploads\/Storhogna-M-Bageri-och-Bistro-1200x800.jpg\"\n          srcset=\"https:\/\/storhogna.se\/wp-content\/uploads\/Storhogna-M-Bageri-och-Bistro-1200x800.jpg 1200w, https:\/\/storhogna.se\/wp-content\/uploads\/Storhogna-M-Bageri-och-Bistro-1200x800.jpg 1200w\"\n          sizes=\"auto, (max-width: 500px) 1200px, 1200px\"\n          alt=\"\"\n          width=\"1200\" \n          height=\"800\" \n          loading=\"lazy\"\n          \/>\n              <\/div>\n      <div class=\"media-and-text__content top\">\n        <div class=\"media-and-text__content-container\">\n          <div class=\"media-and-text__text\">\n            <h2>We set up the coffee table<\/h2>\n<p>At regular intervals, we set the table for the baker's fantastic coffee buffet filled with buns, cookies, pastries, cakes and chocolate truffles.<br \/>\nBring your loved ones and relax during a decadent coffee break. Coffee and tea included of course!<\/p>\n<h4>DATE<\/h4>\n<p class=\"cvGsUA direction-ltr align-start para-style-body\">Keep an eye out on our <a href=\"https:\/\/www.instagram.com\/storhogna\/\" target=\"_blank\" rel=\"noopener\">Instagram<\/a> and <a href=\"https:\/\/www.facebook.com\/storhogna\" target=\"_blank\" rel=\"noopener\">Facebook<\/a> when we release new opportunities for our coffee buffet.<\/p>\n\n          <\/div>\n                              <div class=\"media-and-text__buttons\">\n                                        <a class=\"btn btn--fill media-and-text__button\" href=\"https:\/\/app.bokabord.se\/reservation\/?app_type=&amp;lang=en&amp;hash=c236eddd4ed422df531404a697eea403&amp;version=new&amp;date=2025-05-20\" target=\" style=\"\">Book Fika Buffet<\/a>\n                      <\/div>\n                  <\/div>\n      <\/div>\n    <\/div>\n  <\/div>\n\n\n\n<p><\/p>","protected":false},"excerpt":{"rendered":"<p>Cookies, buns, pastries &amp; much more. Enjoy our Swedish tradition to the max - book your place at our coffee buffet on 15 &amp; 22 July!<\/p>","protected":false},"author":8,"featured_media":14569,"parent":0,"menu_order":0,"comment_status":"closed","ping_status":"closed","template":"","meta":{"_acf_changed":false,"footnotes":""},"categories":[],"tags":[],"class_list":["post-5848","page","type-page","status-publish","has-post-thumbnail","hentry"],"acf":[],"yoast_head":"<!-- This site is optimized with the Yoast SEO plugin v27.3 - https:\/\/yoast.com\/product\/yoast-seo-wordpress\/ -->\n<title>Fikabuff\u00e9 - Storhogna H\u00f6gfj\u00e4llshotell &amp; Spa<\/title>\n<meta name=\"description\" content=\"Sm\u00e5kakor, bullar, bakelser &amp; mycket mer. Njut av v\u00e5r svenska tradition till max - boka din plats p\u00e5 v\u00e5r fikabuff\u00e9!\" \/>\n<meta name=\"robots\" content=\"index, follow, max-snippet:-1, max-image-preview:large, max-video-preview:-1\" \/>\n<link rel=\"canonical\" href=\"https:\/\/storhogna.se\/en\/sham\/\" \/>\n<meta property=\"og:locale\" content=\"en_GB\" \/>\n<meta property=\"og:type\" content=\"article\" \/>\n<meta property=\"og:title\" content=\"Fikabuff\u00e9 - Storhogna H\u00f6gfj\u00e4llshotell &amp; Spa\" \/>\n<meta property=\"og:description\" content=\"Sm\u00e5kakor, bullar, bakelser &amp; mycket mer. Njut av v\u00e5r svenska tradition till max - boka din plats p\u00e5 v\u00e5r fikabuff\u00e9!\" \/>\n<meta property=\"og:url\" content=\"https:\/\/storhogna.se\/en\/sham\/\" \/>\n<meta property=\"og:site_name\" content=\"Storhogna H\u00f6gfj\u00e4llshotell &amp; Spa\" \/>\n<meta property=\"article:publisher\" content=\"https:\/\/www.facebook.com\/storhogna\" \/>\n<meta property=\"article:modified_time\" content=\"2025-09-10T12:52:10+00:00\" \/>\n<meta property=\"og:image\" content=\"https:\/\/storhogna.se\/wp-content\/uploads\/Storhogna-M-Bageri-och-Bistro.jpg\" \/>\n\t<meta property=\"og:image:width\" content=\"2500\" \/>\n\t<meta property=\"og:image:height\" content=\"1667\" \/>\n\t<meta property=\"og:image:type\" content=\"image\/jpeg\" \/>\n<meta name=\"twitter:card\" content=\"summary_large_image\" \/>\n<meta name=\"twitter:label1\" content=\"Estimated reading time\" \/>\n\t<meta name=\"twitter:data1\" content=\"1 minute\" \/>\n<script type=\"application\/ld+json\" class=\"yoast-schema-graph\">{\"@context\":\"https:\\\/\\\/schema.org\",\"@graph\":[{\"@type\":\"WebPage\",\"@id\":\"https:\\\/\\\/storhogna.se\\\/fikabuffe\\\/\",\"url\":\"https:\\\/\\\/storhogna.se\\\/fikabuffe\\\/\",\"name\":\"Fikabuff\u00e9 - Storhogna H\u00f6gfj\u00e4llshotell &amp; Spa\",\"isPartOf\":{\"@id\":\"https:\\\/\\\/storhogna.se\\\/#website\"},\"primaryImageOfPage\":{\"@id\":\"https:\\\/\\\/storhogna.se\\\/fikabuffe\\\/#primaryimage\"},\"image\":{\"@id\":\"https:\\\/\\\/storhogna.se\\\/fikabuffe\\\/#primaryimage\"},\"thumbnailUrl\":\"https:\\\/\\\/storhogna.se\\\/wp-content\\\/uploads\\\/Storhogna-M-Bageri-och-Bistro.jpg\",\"datePublished\":\"2022-10-17T07:18:17+00:00\",\"dateModified\":\"2025-09-10T12:52:10+00:00\",\"description\":\"Sm\u00e5kakor, bullar, bakelser & mycket mer. Njut av v\u00e5r svenska tradition till max - boka din plats p\u00e5 v\u00e5r fikabuff\u00e9!\",\"breadcrumb\":{\"@id\":\"https:\\\/\\\/storhogna.se\\\/fikabuffe\\\/#breadcrumb\"},\"inLanguage\":\"en-GB\",\"potentialAction\":[{\"@type\":\"ReadAction\",\"target\":[\"https:\\\/\\\/storhogna.se\\\/fikabuffe\\\/\"]}]},{\"@type\":\"ImageObject\",\"inLanguage\":\"en-GB\",\"@id\":\"https:\\\/\\\/storhogna.se\\\/fikabuffe\\\/#primaryimage\",\"url\":\"https:\\\/\\\/storhogna.se\\\/wp-content\\\/uploads\\\/Storhogna-M-Bageri-och-Bistro.jpg\",\"contentUrl\":\"https:\\\/\\\/storhogna.se\\\/wp-content\\\/uploads\\\/Storhogna-M-Bageri-och-Bistro.jpg\",\"width\":2500,\"height\":1667},{\"@type\":\"BreadcrumbList\",\"@id\":\"https:\\\/\\\/storhogna.se\\\/fikabuffe\\\/#breadcrumb\",\"itemListElement\":[{\"@type\":\"ListItem\",\"position\":1,\"name\":\"Hem\",\"item\":\"https:\\\/\\\/storhogna.se\\\/\"},{\"@type\":\"ListItem\",\"position\":2,\"name\":\"Fikabuff\u00e9\"}]},{\"@type\":\"WebSite\",\"@id\":\"https:\\\/\\\/storhogna.se\\\/#website\",\"url\":\"https:\\\/\\\/storhogna.se\\\/\",\"name\":\"Storhogna H\u00f6gfj\u00e4llshotell &amp; Spa\",\"description\":\"Ett genuint h\u00f6gfj\u00e4llshotell med spa\",\"potentialAction\":[{\"@type\":\"SearchAction\",\"target\":{\"@type\":\"EntryPoint\",\"urlTemplate\":\"https:\\\/\\\/storhogna.se\\\/?s={search_term_string}\"},\"query-input\":{\"@type\":\"PropertyValueSpecification\",\"valueRequired\":true,\"valueName\":\"search_term_string\"}}],\"inLanguage\":\"en-GB\"}]}<\/script>\n<!-- \/ Yoast SEO plugin. -->","yoast_head_json":{"title":"Fika buffet - Storhogna H\u00f6gfj\u00e4llshotell &amp; Spa","description":"Cookies, buns, pastries &amp; much more. Enjoy our Swedish tradition to the max - book your place at our coffee buffet!","robots":{"index":"index","follow":"follow","max-snippet":"max-snippet:-1","max-image-preview":"max-image-preview:large","max-video-preview":"max-video-preview:-1"},"canonical":"https:\/\/storhogna.se\/en\/sham\/","og_locale":"en_GB","og_type":"article","og_title":"Fikabuff\u00e9 - Storhogna H\u00f6gfj\u00e4llshotell &amp; Spa","og_description":"Sm\u00e5kakor, bullar, bakelser & mycket mer. Njut av v\u00e5r svenska tradition till max - boka din plats p\u00e5 v\u00e5r fikabuff\u00e9!","og_url":"https:\/\/storhogna.se\/en\/sham\/","og_site_name":"Storhogna H\u00f6gfj\u00e4llshotell &amp; Spa","article_publisher":"https:\/\/www.facebook.com\/storhogna","article_modified_time":"2025-09-10T12:52:10+00:00","og_image":[{"width":2500,"height":1667,"url":"https:\/\/storhogna.se\/wp-content\/uploads\/Storhogna-M-Bageri-och-Bistro.jpg","type":"image\/jpeg"}],"twitter_card":"summary_large_image","twitter_misc":{"Estimated reading time":"1 minute"},"schema":{"@context":"https:\/\/schema.org","@graph":[{"@type":"WebPage","@id":"https:\/\/storhogna.se\/fikabuffe\/","url":"https:\/\/storhogna.se\/fikabuffe\/","name":"Fika buffet - Storhogna H\u00f6gfj\u00e4llshotell &amp; Spa","isPartOf":{"@id":"https:\/\/storhogna.se\/#website"},"primaryImageOfPage":{"@id":"https:\/\/storhogna.se\/fikabuffe\/#primaryimage"},"image":{"@id":"https:\/\/storhogna.se\/fikabuffe\/#primaryimage"},"thumbnailUrl":"https:\/\/storhogna.se\/wp-content\/uploads\/Storhogna-M-Bageri-och-Bistro.jpg","datePublished":"2022-10-17T07:18:17+00:00","dateModified":"2025-09-10T12:52:10+00:00","description":"Cookies, buns, pastries &amp; much more. Enjoy our Swedish tradition to the max - book your place at our coffee buffet!","breadcrumb":{"@id":"https:\/\/storhogna.se\/fikabuffe\/#breadcrumb"},"inLanguage":"en-GB","potentialAction":[{"@type":"ReadAction","target":["https:\/\/storhogna.se\/fikabuffe\/"]}]},{"@type":"ImageObject","inLanguage":"en-GB","@id":"https:\/\/storhogna.se\/fikabuffe\/#primaryimage","url":"https:\/\/storhogna.se\/wp-content\/uploads\/Storhogna-M-Bageri-och-Bistro.jpg","contentUrl":"https:\/\/storhogna.se\/wp-content\/uploads\/Storhogna-M-Bageri-och-Bistro.jpg","width":2500,"height":1667},{"@type":"BreadcrumbList","@id":"https:\/\/storhogna.se\/fikabuffe\/#breadcrumb","itemListElement":[{"@type":"ListItem","position":1,"name":"Hem","item":"https:\/\/storhogna.se\/"},{"@type":"ListItem","position":2,"name":"Fikabuff\u00e9"}]},{"@type":"WebSite","@id":"https:\/\/storhogna.se\/#website","url":"https:\/\/storhogna.se\/","name":"Storhogna High Mountain Hotel &amp; Spa","description":"A genuine high mountain hotel with spa","potentialAction":[{"@type":"SearchAction","target":{"@type":"EntryPoint","urlTemplate":"https:\/\/storhogna.se\/?s={search_term_string}"},"query-input":{"@type":"PropertyValueSpecification","valueRequired":true,"valueName":"search_term_string"}}],"inLanguage":"en-GB"}]}},"_links":{"self":[{"href":"https:\/\/storhogna.se\/en\/wp-json\/wp\/v2\/pages\/5848","targetHints":{"allow":["GET"]}}],"collection":[{"href":"https:\/\/storhogna.se\/en\/wp-json\/wp\/v2\/pages"}],"about":[{"href":"https:\/\/storhogna.se\/en\/wp-json\/wp\/v2\/types\/page"}],"author":[{"embeddable":true,"href":"https:\/\/storhogna.se\/en\/wp-json\/wp\/v2\/users\/8"}],"replies":[{"embeddable":true,"href":"https:\/\/storhogna.se\/en\/wp-json\/wp\/v2\/comments?post=5848"}],"version-history":[{"count":70,"href":"https:\/\/storhogna.se\/en\/wp-json\/wp\/v2\/pages\/5848\/revisions"}],"predecessor-version":[{"id":15369,"href":"https:\/\/storhogna.se\/en\/wp-json\/wp\/v2\/pages\/5848\/revisions\/15369"}],"wp:featuredmedia":[{"embeddable":true,"href":"https:\/\/storhogna.se\/en\/wp-json\/wp\/v2\/media\/14569"}],"wp:attachment":[{"href":"https:\/\/storhogna.se\/en\/wp-json\/wp\/v2\/media?parent=5848"}],"wp:term":[{"taxonomy":"category","embeddable":true,"href":"https:\/\/storhogna.se\/en\/wp-json\/wp\/v2\/categories?post=5848"},{"taxonomy":"post_tag","embeddable":true,"href":"https:\/\/storhogna.se\/en\/wp-json\/wp\/v2\/tags?post=5848"}],"curies":[{"name":"wp","href":"https:\/\/api.w.org\/{rel}","templated":true}]}}