{"id":6038,"date":"2022-10-26T09:05:20","date_gmt":"2022-10-26T07:05:20","guid":{"rendered":"https:\/\/storhogna.se\/?page_id=6038"},"modified":"2026-04-14T08:23:32","modified_gmt":"2026-04-14T06:23:32","slug":"condominium","status":"publish","type":"page","link":"https:\/\/storhogna.se\/en\/samevistet\/","title":{"rendered":"Samevistet"},"content":{"rendered":"<div class=\"hero-slider\"><div class=\"splide\" data-slider=\"hero\" data-arrows=\"true\" data-interval=\"5\" data-transition=\"loop\" data-start-index=\"0\" id=\"hero-slider_1776147783404\" data-id=\"hero-slider_1776147783404\" data-custom-arrows=\"true\"><div class=\"splide__track\"><ul class=\"splide__list\"><li class=\"splide__slide\"><picture><source media=\"(max-width: 340px)\" srcset=\"https:\/\/storhogna.se\/wp-content\/uploads\/Storgona-feb-2023_Saragardegard-116-300x200.jpg\"\/><source media=\"(min-width: 341px)\" srcset=\"https:\/\/storhogna.se\/wp-content\/uploads\/Storgona-feb-2023_Saragardegard-116-scaled.jpg\"\/><img fetchpriority=\"high\" decoding=\"async\" class=\"fullscreen-image\" src=\"https:\/\/storhogna.se\/wp-content\/uploads\/Storgona-feb-2023_Saragardegard-116-scaled.jpg\" alt=\"\" width=\"2560\" height=\"1707\" loading=\"eager\" style=\"object-position:50% 50%\"\/><\/picture><\/li><li class=\"splide__slide\"><picture><source media=\"(max-width: 340px)\" srcset=\"https:\/\/storhogna.se\/wp-content\/uploads\/Storgona-feb-2023_Saragardegard-110-1-300x200.jpg\"\/><source media=\"(min-width: 341px)\" srcset=\"https:\/\/storhogna.se\/wp-content\/uploads\/Storgona-feb-2023_Saragardegard-110-1-scaled.jpg\"\/><img decoding=\"async\" class=\"fullscreen-image\" src=\"https:\/\/storhogna.se\/wp-content\/uploads\/Storgona-feb-2023_Saragardegard-110-1-scaled.jpg\" alt=\"\" width=\"2560\" height=\"1707\" loading=\"eager\" style=\"object-position:50% 50%\"\/><\/picture><\/li><li class=\"splide__slide\"><picture><source media=\"(max-width: 340px)\" srcset=\"https:\/\/storhogna.se\/wp-content\/uploads\/Storgona-feb-2023_Saragardegard-103-1-300x200.jpg\"\/><source media=\"(min-width: 341px)\" srcset=\"https:\/\/storhogna.se\/wp-content\/uploads\/Storgona-feb-2023_Saragardegard-103-1-scaled.jpg\"\/><img decoding=\"async\" class=\"fullscreen-image\" src=\"https:\/\/storhogna.se\/wp-content\/uploads\/Storgona-feb-2023_Saragardegard-103-1-scaled.jpg\" alt=\"\" width=\"2560\" height=\"1707\" loading=\"eager\" style=\"object-position:50% 50%\"\/><\/picture><\/li><li class=\"splide__slide\"><picture><source media=\"(max-width: 340px)\" srcset=\"https:\/\/storhogna.se\/wp-content\/uploads\/Storgona-feb-2023_Saragardegard-127-1-300x200.jpg\"\/><source media=\"(min-width: 341px)\" srcset=\"https:\/\/storhogna.se\/wp-content\/uploads\/Storgona-feb-2023_Saragardegard-127-1-scaled.jpg\"\/><img decoding=\"async\" class=\"fullscreen-image\" src=\"https:\/\/storhogna.se\/wp-content\/uploads\/Storgona-feb-2023_Saragardegard-127-1-scaled.jpg\" alt=\"\" width=\"2560\" height=\"1707\" loading=\"eager\" style=\"object-position:50% 50%\"\/><\/picture><\/li><\/ul><\/div><\/div><div class=\"hero-slider__filter\" data-active=\"true\"><\/div><div class=\"hero-slider__fixed-content\"><div class=\"hero-slider__text-block\" data-visible=\"true\"><div class=\"hero-slider__text-block-inner\">\n<div class=\"wp-block-columns is-layout-flex wp-container-core-columns-is-layout-9d6595d7 wp-block-columns-is-layout-flex\">\n<div class=\"wp-block-column is-layout-flow wp-block-column-is-layout-flow\">\n<h1 class=\"wp-block-heading\">Samevistet<\/h1>\n\n\n\n<p>Take a seat in our cosy waffle house<\/p>\n<\/div>\n\n\n\n<div class=\"wp-block-column is-layout-flow wp-block-column-is-layout-flow\">\n<p>Samevistet is at its best on those magically beautiful days, when you don't really want to leave the mountain even when darkness falls - these are the days when the waffle irons are hot, and the goulash tastes the best - when the weather permits and the sun peeks out, we turn on the gas and heat the irons.<\/p>\n<\/div>\n<\/div>\n<\/div><\/div><\/div><\/div>\n\n\n\n<div style=\"height:20px\" aria-hidden=\"true\" class=\"wp-block-spacer\"><\/div>\n\n\n\n<div style=\"height:50px\" aria-hidden=\"true\" class=\"wp-block-spacer\"><\/div>\n\n\n<div class=\"media-and-text\">\n    <div class=\"media-and-text__layout media-and-text__layout--invert  default-color default-background\">\n      <div class=\"media-and-text__media\">\n                  <img decoding=\"async\"\n          class=\"media-and-text__single-image\"\n          src=\"https:\/\/storhogna.se\/wp-content\/uploads\/Storhogna-124-1-800x1200.jpg\"\n          srcset=\"https:\/\/storhogna.se\/wp-content\/uploads\/Storhogna-124-1-800x1200.jpg 800w, https:\/\/storhogna.se\/wp-content\/uploads\/Storhogna-124-1-800x1200.jpg 800w\"\n          sizes=\"auto, (max-width: 500px) 800px, 800px\"\n          alt=\"\"\n          width=\"800\" \n          height=\"1200\" \n          loading=\"lazy\"\n          \/>\n              <\/div>\n      <div class=\"media-and-text__content top\">\n        <div class=\"media-and-text__content-container\">\n          <div class=\"media-and-text__text\">\n            <h2>Samevistet - our waffle hut in the mountains<\/h2>\n<p style=\"font-weight: 400;\">Welcome to Samevistet, run by us, Anna-Karin and Marita. Samevistet is a cosy waffle hut up on the mountain 3.5 km from the hotel. Here we serve waffles on our own recipe, good soups and hot and cold drinks. Some other small and good things are always available and can vary from day to day.<\/p>\n<p style=\"font-weight: 400;\">Come to us by weasel, skis, snowshoes or perhaps with a dog sled at full speed. During summer and autumn, a hiking trip to Samevistet and on to the waterfalls in Fallmoran is a wonderful nature experience. Leaning against the log wall in the sun is always possible even if it is not open.<\/p>\n<h3>Opening hours<\/h3>\n<p><strong>All days<\/strong> 10:00 \u2013 15:00 until 12 April.<br \/>\nWeek 16 open Friday-Sunday.<br \/>\n<strong>Closing for the season 19 April.<\/strong><\/p>\n<p style=\"font-weight: 400;\">Follow us on our Instagram account for updates on any other events, changes in opening hours, or if bad weather makes it difficult to stay open.<\/p>\n<p><a class=\"btn btn--fill\" href=\"https:\/\/www.instagram.com\/samevistet\/\" target=\"_blank\" rel=\"noopener\">Follow @Samevistet<\/a><\/p>\n<h3>Track status towards Samevistet<\/h3>\n<p>Members last paid: 14 April 2026<\/p>\n<p>Other ski trails in the area, both cross-country and touring, can be found at <a href=\"https:\/\/www.xn--lngdspr-5wao.se\/?fbclid=IwY2xjawQSZaZleHRuA2FlbQIxMABicmlkETAwWnhvcXVxTnE2MnJ3VTlVc3J0YwZhcHBfaWQPNTE0NzcxNTY5MjI4MDYxAAEeJWwTSgnFjVMZ2tW7e1n5IHKm-hjEn0mmsVf-pJrIaoumvit3nS9N2F6SyZQ_aem_1TAYrFG0Y5VcVJLRI2VDRw&amp;lat=62.50035959077189&amp;lng=14.075343540301446&amp;zoom=12.332936374210515\" target=\"_blank\" rel=\"noopener\">langdspar.se<\/a><\/p>\n<h3>Ride with the weasel<\/h3>\n<p>Weasel, which is available for transport, <strong>During Samevistet, open days are held between 11:00 and 14:00, every half hour and as needed.<\/strong>T<strong>and with effect from 19 April 2026).<\/strong> You can find the weasel behind the hotel car park up by the trail sign\/scooter parking. If there is no weasel on site, look at the clock for information on the next departure, with departures every half hour.<\/p>\n<p>If there is insufficient snow on the mountain, the Samevistet may have to be closed and planned tours with Vesslan cancelled.<\/p>\n<p>Prices for weasel tours are as follows:<\/p>\n<ul>\n<li>Adult single journey: 60:-<\/li>\n<li>Adult return journey: 100:-<\/li>\n<li>Children one way: 40:-<\/li>\n<li>Children round trip: 70:-<\/li>\n<\/ul>\n<p>For further tours or arrangements with the weasel, visitors are invited to contact Christer on telephone number 070-2496654.<\/p>\n\n          <\/div>\n                            <\/div>\n      <\/div>\n    <\/div>\n  <\/div>\n\n\n\n<div style=\"height:50px\" aria-hidden=\"true\" class=\"wp-block-spacer\"><\/div>","protected":false},"excerpt":{"rendered":"<p>Samevistet is at its best on those magically beautiful days, when you don't really want to leave the mountain even when darkness falls - these are the days when the waffle irons are hot, and the goulash tastes the best - when the weather permits and the sun peeks out, we turn on the gas and heat the irons.<\/p>","protected":false},"author":8,"featured_media":11418,"parent":0,"menu_order":0,"comment_status":"closed","ping_status":"closed","template":"","meta":{"_acf_changed":false,"footnotes":""},"categories":[],"tags":[],"class_list":["post-6038","page","type-page","status-publish","has-post-thumbnail","hentry"],"acf":[],"yoast_head":"<!-- This site is optimized with the Yoast SEO plugin v27.3 - https:\/\/yoast.com\/product\/yoast-seo-wordpress\/ -->\n<title>Samevistet - Storhogna H\u00f6gfj\u00e4llshotell &amp; Spa<\/title>\n<meta name=\"robots\" content=\"index, follow, max-snippet:-1, max-image-preview:large, max-video-preview:-1\" \/>\n<link rel=\"canonical\" href=\"https:\/\/storhogna.se\/en\/condominium\/\" \/>\n<meta property=\"og:locale\" content=\"en_GB\" \/>\n<meta property=\"og:type\" content=\"article\" \/>\n<meta property=\"og:title\" content=\"Samevistet - Storhogna H\u00f6gfj\u00e4llshotell &amp; Spa\" \/>\n<meta property=\"og:description\" content=\"Samevistet \u00e4r som allra b\u00e4st de d\u00e4r magiskt vackra dagarna, n\u00e4r man inte riktigt vill l\u00e4mna fj\u00e4llet ens n\u00e4r m\u00f6rkret faller - det \u00e4r dessa dagar v\u00e5ffelj\u00e4rnen g\u00e5r varma, och gulaschen smakar som b\u00e4st - n\u00e4r v\u00e4dret till\u00e5ter och solen kikar fram, sl\u00e5r vi p\u00e5 gasen och v\u00e4rmer j\u00e4rnen.\" \/>\n<meta property=\"og:url\" content=\"https:\/\/storhogna.se\/en\/condominium\/\" \/>\n<meta property=\"og:site_name\" content=\"Storhogna H\u00f6gfj\u00e4llshotell &amp; Spa\" \/>\n<meta property=\"article:publisher\" content=\"https:\/\/www.facebook.com\/storhogna\" \/>\n<meta property=\"article:modified_time\" content=\"2026-04-14T06:23:32+00:00\" \/>\n<meta property=\"og:image\" content=\"https:\/\/storhogna.se\/wp-content\/uploads\/Storhogna-114-1-scaled.jpg\" \/>\n\t<meta property=\"og:image:width\" content=\"2560\" \/>\n\t<meta property=\"og:image:height\" content=\"1707\" \/>\n\t<meta property=\"og:image:type\" content=\"image\/jpeg\" \/>\n<meta name=\"twitter:card\" content=\"summary_large_image\" \/>\n<meta name=\"twitter:label1\" content=\"Estimated reading time\" \/>\n\t<meta name=\"twitter:data1\" content=\"2 minutes\" \/>\n<script type=\"application\/ld+json\" class=\"yoast-schema-graph\">{\"@context\":\"https:\\\/\\\/schema.org\",\"@graph\":[{\"@type\":\"WebPage\",\"@id\":\"https:\\\/\\\/storhogna.se\\\/samevistet\\\/\",\"url\":\"https:\\\/\\\/storhogna.se\\\/samevistet\\\/\",\"name\":\"Samevistet - Storhogna H\u00f6gfj\u00e4llshotell &amp; Spa\",\"isPartOf\":{\"@id\":\"https:\\\/\\\/storhogna.se\\\/#website\"},\"primaryImageOfPage\":{\"@id\":\"https:\\\/\\\/storhogna.se\\\/samevistet\\\/#primaryimage\"},\"image\":{\"@id\":\"https:\\\/\\\/storhogna.se\\\/samevistet\\\/#primaryimage\"},\"thumbnailUrl\":\"https:\\\/\\\/storhogna.se\\\/wp-content\\\/uploads\\\/Storhogna-114-1-scaled.jpg\",\"datePublished\":\"2022-10-26T07:05:20+00:00\",\"dateModified\":\"2026-04-14T06:23:32+00:00\",\"breadcrumb\":{\"@id\":\"https:\\\/\\\/storhogna.se\\\/samevistet\\\/#breadcrumb\"},\"inLanguage\":\"en-GB\",\"potentialAction\":[{\"@type\":\"ReadAction\",\"target\":[\"https:\\\/\\\/storhogna.se\\\/samevistet\\\/\"]}]},{\"@type\":\"ImageObject\",\"inLanguage\":\"en-GB\",\"@id\":\"https:\\\/\\\/storhogna.se\\\/samevistet\\\/#primaryimage\",\"url\":\"https:\\\/\\\/storhogna.se\\\/wp-content\\\/uploads\\\/Storhogna-114-1-scaled.jpg\",\"contentUrl\":\"https:\\\/\\\/storhogna.se\\\/wp-content\\\/uploads\\\/Storhogna-114-1-scaled.jpg\",\"width\":2560,\"height\":1707},{\"@type\":\"BreadcrumbList\",\"@id\":\"https:\\\/\\\/storhogna.se\\\/samevistet\\\/#breadcrumb\",\"itemListElement\":[{\"@type\":\"ListItem\",\"position\":1,\"name\":\"Hem\",\"item\":\"https:\\\/\\\/storhogna.se\\\/\"},{\"@type\":\"ListItem\",\"position\":2,\"name\":\"Samevistet\"}]},{\"@type\":\"WebSite\",\"@id\":\"https:\\\/\\\/storhogna.se\\\/#website\",\"url\":\"https:\\\/\\\/storhogna.se\\\/\",\"name\":\"Storhogna H\u00f6gfj\u00e4llshotell &amp; Spa\",\"description\":\"Ett genuint h\u00f6gfj\u00e4llshotell med spa\",\"potentialAction\":[{\"@type\":\"SearchAction\",\"target\":{\"@type\":\"EntryPoint\",\"urlTemplate\":\"https:\\\/\\\/storhogna.se\\\/?s={search_term_string}\"},\"query-input\":{\"@type\":\"PropertyValueSpecification\",\"valueRequired\":true,\"valueName\":\"search_term_string\"}}],\"inLanguage\":\"en-GB\"}]}<\/script>\n<!-- \/ Yoast SEO plugin. -->","yoast_head_json":{"title":"Samevistet - Storhogna H\u00f6gfj\u00e4llshotell &amp; Spa","robots":{"index":"index","follow":"follow","max-snippet":"max-snippet:-1","max-image-preview":"max-image-preview:large","max-video-preview":"max-video-preview:-1"},"canonical":"https:\/\/storhogna.se\/en\/condominium\/","og_locale":"en_GB","og_type":"article","og_title":"Samevistet - Storhogna H\u00f6gfj\u00e4llshotell &amp; Spa","og_description":"Samevistet \u00e4r som allra b\u00e4st de d\u00e4r magiskt vackra dagarna, n\u00e4r man inte riktigt vill l\u00e4mna fj\u00e4llet ens n\u00e4r m\u00f6rkret faller - det \u00e4r dessa dagar v\u00e5ffelj\u00e4rnen g\u00e5r varma, och gulaschen smakar som b\u00e4st - n\u00e4r v\u00e4dret till\u00e5ter och solen kikar fram, sl\u00e5r vi p\u00e5 gasen och v\u00e4rmer j\u00e4rnen.","og_url":"https:\/\/storhogna.se\/en\/condominium\/","og_site_name":"Storhogna H\u00f6gfj\u00e4llshotell &amp; Spa","article_publisher":"https:\/\/www.facebook.com\/storhogna","article_modified_time":"2026-04-14T06:23:32+00:00","og_image":[{"width":2560,"height":1707,"url":"https:\/\/storhogna.se\/wp-content\/uploads\/Storhogna-114-1-scaled.jpg","type":"image\/jpeg"}],"twitter_card":"summary_large_image","twitter_misc":{"Estimated reading time":"2 minutes"},"schema":{"@context":"https:\/\/schema.org","@graph":[{"@type":"WebPage","@id":"https:\/\/storhogna.se\/samevistet\/","url":"https:\/\/storhogna.se\/samevistet\/","name":"Samevistet - Storhogna H\u00f6gfj\u00e4llshotell &amp; Spa","isPartOf":{"@id":"https:\/\/storhogna.se\/#website"},"primaryImageOfPage":{"@id":"https:\/\/storhogna.se\/samevistet\/#primaryimage"},"image":{"@id":"https:\/\/storhogna.se\/samevistet\/#primaryimage"},"thumbnailUrl":"https:\/\/storhogna.se\/wp-content\/uploads\/Storhogna-114-1-scaled.jpg","datePublished":"2022-10-26T07:05:20+00:00","dateModified":"2026-04-14T06:23:32+00:00","breadcrumb":{"@id":"https:\/\/storhogna.se\/samevistet\/#breadcrumb"},"inLanguage":"en-GB","potentialAction":[{"@type":"ReadAction","target":["https:\/\/storhogna.se\/samevistet\/"]}]},{"@type":"ImageObject","inLanguage":"en-GB","@id":"https:\/\/storhogna.se\/samevistet\/#primaryimage","url":"https:\/\/storhogna.se\/wp-content\/uploads\/Storhogna-114-1-scaled.jpg","contentUrl":"https:\/\/storhogna.se\/wp-content\/uploads\/Storhogna-114-1-scaled.jpg","width":2560,"height":1707},{"@type":"BreadcrumbList","@id":"https:\/\/storhogna.se\/samevistet\/#breadcrumb","itemListElement":[{"@type":"ListItem","position":1,"name":"Hem","item":"https:\/\/storhogna.se\/"},{"@type":"ListItem","position":2,"name":"Samevistet"}]},{"@type":"WebSite","@id":"https:\/\/storhogna.se\/#website","url":"https:\/\/storhogna.se\/","name":"Storhogna High Mountain Hotel &amp; Spa","description":"A genuine high mountain hotel with spa","potentialAction":[{"@type":"SearchAction","target":{"@type":"EntryPoint","urlTemplate":"https:\/\/storhogna.se\/?s={search_term_string}"},"query-input":{"@type":"PropertyValueSpecification","valueRequired":true,"valueName":"search_term_string"}}],"inLanguage":"en-GB"}]}},"_links":{"self":[{"href":"https:\/\/storhogna.se\/en\/wp-json\/wp\/v2\/pages\/6038","targetHints":{"allow":["GET"]}}],"collection":[{"href":"https:\/\/storhogna.se\/en\/wp-json\/wp\/v2\/pages"}],"about":[{"href":"https:\/\/storhogna.se\/en\/wp-json\/wp\/v2\/types\/page"}],"author":[{"embeddable":true,"href":"https:\/\/storhogna.se\/en\/wp-json\/wp\/v2\/users\/8"}],"replies":[{"embeddable":true,"href":"https:\/\/storhogna.se\/en\/wp-json\/wp\/v2\/comments?post=6038"}],"version-history":[{"count":115,"href":"https:\/\/storhogna.se\/en\/wp-json\/wp\/v2\/pages\/6038\/revisions"}],"predecessor-version":[{"id":17030,"href":"https:\/\/storhogna.se\/en\/wp-json\/wp\/v2\/pages\/6038\/revisions\/17030"}],"wp:featuredmedia":[{"embeddable":true,"href":"https:\/\/storhogna.se\/en\/wp-json\/wp\/v2\/media\/11418"}],"wp:attachment":[{"href":"https:\/\/storhogna.se\/en\/wp-json\/wp\/v2\/media?parent=6038"}],"wp:term":[{"taxonomy":"category","embeddable":true,"href":"https:\/\/storhogna.se\/en\/wp-json\/wp\/v2\/categories?post=6038"},{"taxonomy":"post_tag","embeddable":true,"href":"https:\/\/storhogna.se\/en\/wp-json\/wp\/v2\/tags?post=6038"}],"curies":[{"name":"wp","href":"https:\/\/api.w.org\/{rel}","templated":true}]}}