{"id":65,"date":"2022-03-23T14:04:06","date_gmt":"2022-03-23T14:04:06","guid":{"rendered":"https:\/\/stage.storhogna.se\/?page_id=65"},"modified":"2026-03-13T14:44:37","modified_gmt":"2026-03-13T12:44:37","slug":"sissy","status":"publish","type":"page","link":"https:\/\/storhogna.se\/en\/fjallvistet\/","title":{"rendered":"Fj\u00e4llvistet"},"content":{"rendered":"<div class=\"hero-slider\"><div class=\"splide\" data-slider=\"hero\" data-arrows=\"true\" data-interval=\"5\" data-transition=\"loop\" data-start-index=\"0\" id=\"hero-slider_1773405858306\" data-id=\"hero-slider_1773405858306\" data-custom-arrows=\"true\"><div class=\"splide__track\"><ul class=\"splide__list\"><li class=\"splide__slide\"><picture><source media=\"(max-width: 340px)\" srcset=\"https:\/\/storhogna.se\/wp-content\/uploads\/Fjallvistet.Storhogna_januari26_Henrikljusberg_web145-300x200.jpg\"\/><source media=\"(min-width: 341px)\" srcset=\"https:\/\/storhogna.se\/wp-content\/uploads\/Fjallvistet.Storhogna_januari26_Henrikljusberg_web145.jpg\"\/><img fetchpriority=\"high\" decoding=\"async\" class=\"fullscreen-image\" src=\"https:\/\/storhogna.se\/wp-content\/uploads\/Fjallvistet.Storhogna_januari26_Henrikljusberg_web145.jpg\" alt=\"\" width=\"2048\" height=\"1365\" loading=\"eager\" style=\"object-position:50% 81%\"\/><\/picture><\/li><li class=\"splide__slide\"><picture><source media=\"(max-width: 340px)\" srcset=\"https:\/\/storhogna.se\/wp-content\/uploads\/storhogna.vemdalen.fjallen_1159-1-300x191.jpg\"\/><source media=\"(min-width: 341px)\" srcset=\"https:\/\/storhogna.se\/wp-content\/uploads\/storhogna.vemdalen.fjallen_1159-1-scaled.jpg\"\/><img decoding=\"async\" class=\"fullscreen-image\" src=\"https:\/\/storhogna.se\/wp-content\/uploads\/storhogna.vemdalen.fjallen_1159-1-scaled.jpg\" alt=\"\" width=\"2560\" height=\"1628\" loading=\"eager\" style=\"object-position:50% 50%\"\/><\/picture><\/li><li class=\"splide__slide\"><picture><source media=\"(max-width: 340px)\" srcset=\"https:\/\/storhogna.se\/wp-content\/uploads\/oppen-spis-dubbelsang-fjallvistet-300x200.jpg\"\/><source media=\"(min-width: 341px)\" srcset=\"https:\/\/storhogna.se\/wp-content\/uploads\/oppen-spis-dubbelsang-fjallvistet.jpg\"\/><img decoding=\"async\" class=\"fullscreen-image\" src=\"https:\/\/storhogna.se\/wp-content\/uploads\/oppen-spis-dubbelsang-fjallvistet.jpg\" alt=\"Fireplace and double bed in Fj\u00e4llvistet Suite\" width=\"1200\" height=\"800\" loading=\"eager\" style=\"object-position:50% 50%\"\/><\/picture><\/li><li class=\"splide__slide\"><picture><source media=\"(max-width: 340px)\" srcset=\"https:\/\/storhogna.se\/wp-content\/uploads\/storhogna.vemdalen.fjallen_1148-300x169.jpg\"\/><source media=\"(min-width: 341px)\" srcset=\"https:\/\/storhogna.se\/wp-content\/uploads\/storhogna.vemdalen.fjallen_1148-scaled.jpg\"\/><img decoding=\"async\" class=\"fullscreen-image\" src=\"https:\/\/storhogna.se\/wp-content\/uploads\/storhogna.vemdalen.fjallen_1148-scaled.jpg\" alt=\"\" width=\"2560\" height=\"1444\" loading=\"eager\" style=\"object-position:50% 50%\"\/><\/picture><\/li><\/ul><\/div><\/div><div class=\"hero-slider__filter\" data-active=\"true\"><\/div><div class=\"hero-slider__fixed-content\"><div class=\"hero-slider__text-block\" data-visible=\"true\"><div class=\"hero-slider__text-block-inner\">\n<div class=\"wp-block-columns is-layout-flex wp-container-core-columns-is-layout-9d6595d7 wp-block-columns-is-layout-flex\">\n<div class=\"wp-block-column is-layout-flow wp-block-column-is-layout-flow\">\n<h1 class=\"wp-block-heading\" style=\"text-transform:none\">Fj\u00e4llvistet <\/h1>\n\n\n\n<p>At the foot of the mountain<\/p>\n<\/div>\n\n\n\n<div class=\"wp-block-column is-layout-flow wp-block-column-is-layout-flow\">\n<p>At the foot of the mountain boasts the luxurious Fj\u00e4llvistet, perfect for the small conference group or a sauna and dinner experience with family and friends.<\/p>\n<\/div>\n<\/div>\n<\/div><\/div><\/div><\/div><div class=\"breadcrumbs\"><span><span><a href=\"https:\/\/storhogna.se\/en\/\">Home<\/a><\/span><\/span><\/div>\n\n\n<div class=\"media-and-text\">\n    <div class=\"media-and-text__layout media-and-text__layout--invert  default-color default-background\">\n      <div class=\"media-and-text__media\">\n                            <div class=\"splide article-slider\" data-slider=\"basic\" data-custom-arrows=\"true\" id=\"basic-slider_74d96a19ac07ff499b40da09e7f291\">\n            <div class=\"splide__track article-slider__track\">\n              <ul class=\"splide__list article-slider__list\">\n                                  <li class=\"splide__slide article-slider__slide\">\n                    <img decoding=\"async\"\n                      class=\"article-slider__image\"\n                      src=\"https:\/\/storhogna.se\/wp-content\/uploads\/66c6cd19-1b9c-4bd4-b575-16169f475b5b-1200x864.jpg\"\n                      srcset=\"https:\/\/storhogna.se\/wp-content\/uploads\/66c6cd19-1b9c-4bd4-b575-16169f475b5b-1200x864.jpg 1200w, https:\/\/storhogna.se\/wp-content\/uploads\/66c6cd19-1b9c-4bd4-b575-16169f475b5b-800x576.jpg 800w\"\n                      sizes=\"auto, (max-width: 600px), 1200px, 800px\"\n                      alt=\"\"\n                      width=\"1200\" \n                      height=\"864\" \n                      loading=\"lazy\"\n                      \/>\n                    <\/li>\n                                  <li class=\"splide__slide article-slider__slide\">\n                    <img decoding=\"async\"\n                      class=\"article-slider__image\"\n                      src=\"https:\/\/storhogna.se\/wp-content\/uploads\/Storhogna_januari26_Henrikljusberg_web151-1200x800.jpg\"\n                      srcset=\"https:\/\/storhogna.se\/wp-content\/uploads\/Storhogna_januari26_Henrikljusberg_web151-1200x800.jpg 1200w, https:\/\/storhogna.se\/wp-content\/uploads\/Storhogna_januari26_Henrikljusberg_web151-800x533.jpg 800w\"\n                      sizes=\"auto, (max-width: 600px), 1200px, 800px\"\n                      alt=\"\"\n                      width=\"1200\" \n                      height=\"800\" \n                      loading=\"lazy\"\n                      \/>\n                    <\/li>\n                                  <li class=\"splide__slide article-slider__slide\">\n                    <img decoding=\"async\"\n                      class=\"article-slider__image\"\n                      src=\"https:\/\/storhogna.se\/wp-content\/uploads\/899a355d-ea5b-4bb9-b804-b1bf69744fdb-1200x864.jpg\"\n                      srcset=\"https:\/\/storhogna.se\/wp-content\/uploads\/899a355d-ea5b-4bb9-b804-b1bf69744fdb-1200x864.jpg 1200w, https:\/\/storhogna.se\/wp-content\/uploads\/899a355d-ea5b-4bb9-b804-b1bf69744fdb-800x576.jpg 800w\"\n                      sizes=\"auto, (max-width: 600px), 1200px, 800px\"\n                      alt=\"\"\n                      width=\"1200\" \n                      height=\"864\" \n                      loading=\"lazy\"\n                      \/>\n                    <\/li>\n                              <\/ul>\n            <\/div>\n          <\/div>\n              <\/div>\n      <div class=\"media-and-text__content top\">\n        <div class=\"media-and-text__content-container\">\n          <div class=\"media-and-text__text\">\n            <h2>A very special and unique experience<\/h2>\n<p>Our luxurious Mountain Lodge is located right at the foot of the mountain, opposite the hotel. The Fj\u00e4llvist has a large wood-fired sauna and outside awaits a steaming hot whirlpool and an ice-cold cold spring. The main cabin has a spacious fireplace room with a fireplace, table with seating and sofa groups. Welcome to book a very special and unique experience!<\/p>\n<p>12.00-15.00 3500 kr<br \/>\n16.00-19.00 4500 kr<br \/>\n20.00-23.00 4500 kr<\/p>\n<p>The price includes up to 10 people. Loan of towel, bathrobe and slippers included.<br \/>\nThe mountain stay can be booked for up to 25 people.<\/p>\n\n          <\/div>\n                              <div class=\"media-and-text__buttons\">\n                                        <a class=\"btn btn--fill media-and-text__button\" href=\"https:\/\/book.storhogna.se\/extras?channelid=d51591a1-ac68-4349-807d-7fd97c72fa2e&amp;category=Fjllvistet&amp;langid=2\" target=\"_blank style=\"\">Book Fj\u00e4llvistet<\/a>\n                      <\/div>\n                  <\/div>\n      <\/div>\n    <\/div>\n  <\/div>\n\n\n<div class=\"media-and-text\">\n    <div class=\"media-and-text__layout  default-color default-background\">\n      <div class=\"media-and-text__media\">\n                  <img decoding=\"async\"\n          class=\"media-and-text__single-image\"\n          src=\"https:\/\/storhogna.se\/wp-content\/uploads\/konferens-fjallvistet.jpg\"\n          srcset=\"https:\/\/storhogna.se\/wp-content\/uploads\/konferens-fjallvistet.jpg 1200w, https:\/\/storhogna.se\/wp-content\/uploads\/konferens-fjallvistet.jpg 1200w\"\n          sizes=\"auto, (max-width: 500px) 1200px, 1200px\"\n          alt=\"Group sitting at the table having a conference in Fj\u00e4llvistet\"\n          width=\"1200\" \n          height=\"800\" \n          loading=\"lazy\"\n          \/>\n              <\/div>\n      <div class=\"media-and-text__content top\">\n        <div class=\"media-and-text__content-container\">\n          <div class=\"media-and-text__text\">\n            <h2>Conference in a secluded and exclusive mountain environment<\/h2>\n<p>Our private Fj\u00e4llviste is a timber-framed display in luxury packaging and our most exclusive meeting room. Perfect for smaller conferences or meetings for up to 15 people. An excellent choice for those who want to work completely undisturbed and at the same time experience the mountains and wilderness with all their senses.<\/p>\n<p>Book a full or half day with lunch and sauna time. Choose a spa treatment for the whole group or why not finish with a 3-course dinner?<\/p>\n\n          <\/div>\n                            <\/div>\n      <\/div>\n    <\/div>\n  <\/div>\n\n\n<div class=\"media-and-text\">\n    <div class=\"media-and-text__layout media-and-text__layout--invert  default-color default-background\">\n      <div class=\"media-and-text__media\">\n                  <img decoding=\"async\"\n          class=\"media-and-text__single-image\"\n          src=\"https:\/\/storhogna.se\/wp-content\/uploads\/oppen-spis-dubbelsang-fjallvistet.jpg\"\n          srcset=\"https:\/\/storhogna.se\/wp-content\/uploads\/oppen-spis-dubbelsang-fjallvistet.jpg 1200w, https:\/\/storhogna.se\/wp-content\/uploads\/oppen-spis-dubbelsang-fjallvistet.jpg 1200w\"\n          sizes=\"auto, (max-width: 500px) 1200px, 1200px\"\n          alt=\"Fireplace and double bed in Fj\u00e4llvistet Suite\"\n          width=\"1200\" \n          height=\"800\" \n          loading=\"lazy\"\n          \/>\n              <\/div>\n      <div class=\"media-and-text__content top\">\n        <div class=\"media-and-text__content-container\">\n          <div class=\"media-and-text__text\">\n            <h2>Accommodation in Fj\u00e4llvistet Svit<\/h2>\n<p>Celebrate your wedding night, anniversary or treat yourselves to an extra romantic night and stay exclusively in Fj\u00e4llvistet. Wake up rested and look out over the fantastic nature of the mountains. Have breakfast in peace and quiet and leave us with new energy.<\/p>\n<p>&nbsp;<\/p>\n\n          <\/div>\n                            <\/div>\n      <\/div>\n    <\/div>\n  <\/div>\n\n\n<div class=\"media-and-text\">\n    <div class=\"media-and-text__layout  default-color default-background\">\n      <div class=\"media-and-text__media\">\n                  <img decoding=\"async\"\n          class=\"media-and-text__single-image\"\n          src=\"https:\/\/storhogna.se\/wp-content\/uploads\/smorgasar-frukt-bubbel-fjallvistet.jpg\"\n          srcset=\"https:\/\/storhogna.se\/wp-content\/uploads\/smorgasar-frukt-bubbel-fjallvistet.jpg 1200w, https:\/\/storhogna.se\/wp-content\/uploads\/smorgasar-frukt-bubbel-fjallvistet.jpg 1200w\"\n          sizes=\"auto, (max-width: 500px) 1200px, 1200px\"\n          alt=\"Sandwiches, fruit and bubbly laid out in front of a man and a woman in dressing gowns\"\n          width=\"1200\" \n          height=\"800\" \n          loading=\"lazy\"\n          \/>\n              <\/div>\n      <div class=\"media-and-text__content top\">\n        <div class=\"media-and-text__content-container\">\n          <div class=\"media-and-text__text\">\n            <h2>Eating in Fj\u00e4llvistet<\/h2>\n<p>Your time in Fj\u00e4llvistet, whether with friends, family, colleagues or your partner, is best spent with something good to drink and eat. Pre-order drinks, snacks or why not a sauna tray before your visit to Fj\u00e4llvistet.<\/p>\n\n          <\/div>\n                              <div class=\"media-and-text__buttons\">\n                                        <a class=\"btn btn--fill media-and-text__button\" href=\"https:\/\/storhogna.se\/en\/restaurants\/gold-edge\/\" target=\" style=\"\">See menu<\/a>\n                                        <a class=\"btn btn--fill media-and-text__button\" href=\"https:\/\/book.storhogna.se\/extras?channelid=d51591a1-ac68-4349-807d-7fd97c72fa2e&amp;category=Fjllvistet&amp;langid=2\" target=\"_blank style=\"background: var(--color-red);color: var(--color-white);\">Book Fj\u00e4llvistet<\/a>\n                      <\/div>\n                  <\/div>\n      <\/div>\n    <\/div>\n  <\/div>","protected":false},"excerpt":{"rendered":"<p>At the foot of the mountain boasts the luxurious Fj\u00e4llvistet, perfect for the small conference group or a sauna and dinner experience with family and friends.<\/p>","protected":false},"author":1,"featured_media":14073,"parent":0,"menu_order":0,"comment_status":"closed","ping_status":"closed","template":"","meta":{"_acf_changed":false,"footnotes":""},"categories":[39,23],"tags":[],"class_list":["post-65","page","type-page","status-publish","has-post-thumbnail","hentry","category-hotellrum","category-spa"],"acf":[],"yoast_head":"<!-- This site is optimized with the Yoast SEO plugin v27.3 - https:\/\/yoast.com\/product\/yoast-seo-wordpress\/ -->\n<title>Fj\u00e4llvistet - Lyxigt viste i fj\u00e4llmilj\u00f6 | Storhogna H\u00f6gfj\u00e4llshotell &amp; Spa<\/title>\n<meta name=\"description\" content=\"Vid fj\u00e4llets fot st\u00e5tar lyxiga Fj\u00e4llvistet, perfekt f\u00f6r den lilla konferensgruppen eller en bastu- och middagsupplevelse tillsammans med familj och v\u00e4nner.\" \/>\n<meta name=\"robots\" content=\"index, follow, max-snippet:-1, max-image-preview:large, max-video-preview:-1\" \/>\n<link rel=\"canonical\" href=\"https:\/\/storhogna.se\/en\/sissy\/\" \/>\n<meta property=\"og:locale\" content=\"en_GB\" \/>\n<meta property=\"og:type\" content=\"article\" \/>\n<meta property=\"og:title\" content=\"Fj\u00e4llvistet - Lyxigt viste i fj\u00e4llmilj\u00f6 | Storhogna H\u00f6gfj\u00e4llshotell &amp; Spa\" \/>\n<meta property=\"og:description\" content=\"Vid fj\u00e4llets fot st\u00e5tar lyxiga Fj\u00e4llvistet, perfekt f\u00f6r den lilla konferensgruppen eller en bastu- och middagsupplevelse tillsammans med familj och v\u00e4nner.\" \/>\n<meta property=\"og:url\" content=\"https:\/\/storhogna.se\/en\/sissy\/\" \/>\n<meta property=\"og:site_name\" content=\"Storhogna H\u00f6gfj\u00e4llshotell &amp; Spa\" \/>\n<meta property=\"article:publisher\" content=\"https:\/\/www.facebook.com\/storhogna\" \/>\n<meta property=\"article:modified_time\" content=\"2026-03-13T12:44:37+00:00\" \/>\n<meta property=\"og:image\" content=\"https:\/\/storhogna.se\/wp-content\/uploads\/Fjallviste-bad-ute-scaled.jpg\" \/>\n\t<meta property=\"og:image:width\" content=\"2560\" \/>\n\t<meta property=\"og:image:height\" content=\"1707\" \/>\n\t<meta property=\"og:image:type\" content=\"image\/jpeg\" \/>\n<meta name=\"twitter:card\" content=\"summary_large_image\" \/>\n<meta name=\"twitter:label1\" content=\"Estimated reading time\" \/>\n\t<meta name=\"twitter:data1\" content=\"2 minutes\" \/>\n<script type=\"application\/ld+json\" class=\"yoast-schema-graph\">{\"@context\":\"https:\\\/\\\/schema.org\",\"@graph\":[{\"@type\":\"WebPage\",\"@id\":\"https:\\\/\\\/storhogna.se\\\/fjallvistet\\\/\",\"url\":\"https:\\\/\\\/storhogna.se\\\/fjallvistet\\\/\",\"name\":\"Fj\u00e4llvistet - Lyxigt viste i fj\u00e4llmilj\u00f6 | Storhogna H\u00f6gfj\u00e4llshotell & Spa\",\"isPartOf\":{\"@id\":\"https:\\\/\\\/storhogna.se\\\/#website\"},\"primaryImageOfPage\":{\"@id\":\"https:\\\/\\\/storhogna.se\\\/fjallvistet\\\/#primaryimage\"},\"image\":{\"@id\":\"https:\\\/\\\/storhogna.se\\\/fjallvistet\\\/#primaryimage\"},\"thumbnailUrl\":\"https:\\\/\\\/storhogna.se\\\/wp-content\\\/uploads\\\/Fjallviste-bad-ute-scaled.jpg\",\"datePublished\":\"2022-03-23T14:04:06+00:00\",\"dateModified\":\"2026-03-13T12:44:37+00:00\",\"description\":\"Vid fj\u00e4llets fot st\u00e5tar lyxiga Fj\u00e4llvistet, perfekt f\u00f6r den lilla konferensgruppen eller en bastu- och middagsupplevelse tillsammans med familj och v\u00e4nner.\",\"breadcrumb\":{\"@id\":\"https:\\\/\\\/storhogna.se\\\/fjallvistet\\\/#breadcrumb\"},\"inLanguage\":\"en-GB\",\"potentialAction\":[{\"@type\":\"ReadAction\",\"target\":[\"https:\\\/\\\/storhogna.se\\\/fjallvistet\\\/\"]}]},{\"@type\":\"ImageObject\",\"inLanguage\":\"en-GB\",\"@id\":\"https:\\\/\\\/storhogna.se\\\/fjallvistet\\\/#primaryimage\",\"url\":\"https:\\\/\\\/storhogna.se\\\/wp-content\\\/uploads\\\/Fjallviste-bad-ute-scaled.jpg\",\"contentUrl\":\"https:\\\/\\\/storhogna.se\\\/wp-content\\\/uploads\\\/Fjallviste-bad-ute-scaled.jpg\",\"width\":2560,\"height\":1707},{\"@type\":\"BreadcrumbList\",\"@id\":\"https:\\\/\\\/storhogna.se\\\/fjallvistet\\\/#breadcrumb\",\"itemListElement\":[{\"@type\":\"ListItem\",\"position\":1,\"name\":\"Hem\",\"item\":\"https:\\\/\\\/storhogna.se\\\/\"},{\"@type\":\"ListItem\",\"position\":2,\"name\":\"Fj\u00e4llvistet\"}]},{\"@type\":\"WebSite\",\"@id\":\"https:\\\/\\\/storhogna.se\\\/#website\",\"url\":\"https:\\\/\\\/storhogna.se\\\/\",\"name\":\"Storhogna H\u00f6gfj\u00e4llshotell &amp; Spa\",\"description\":\"Ett genuint h\u00f6gfj\u00e4llshotell med spa\",\"potentialAction\":[{\"@type\":\"SearchAction\",\"target\":{\"@type\":\"EntryPoint\",\"urlTemplate\":\"https:\\\/\\\/storhogna.se\\\/?s={search_term_string}\"},\"query-input\":{\"@type\":\"PropertyValueSpecification\",\"valueRequired\":true,\"valueName\":\"search_term_string\"}}],\"inLanguage\":\"en-GB\"}]}<\/script>\n<!-- \/ Yoast SEO plugin. -->","yoast_head_json":{"title":"Fj\u00e4llvistet - Luxury in the mountains | Storhogna H\u00f6gfj\u00e4llshotell &amp; Spa","description":"At the foot of the mountain boasts the luxurious Fj\u00e4llvistet, perfect for the small conference group or a sauna and dinner experience with family and friends.","robots":{"index":"index","follow":"follow","max-snippet":"max-snippet:-1","max-image-preview":"max-image-preview:large","max-video-preview":"max-video-preview:-1"},"canonical":"https:\/\/storhogna.se\/en\/sissy\/","og_locale":"en_GB","og_type":"article","og_title":"Fj\u00e4llvistet - Lyxigt viste i fj\u00e4llmilj\u00f6 | Storhogna H\u00f6gfj\u00e4llshotell & Spa","og_description":"Vid fj\u00e4llets fot st\u00e5tar lyxiga Fj\u00e4llvistet, perfekt f\u00f6r den lilla konferensgruppen eller en bastu- och middagsupplevelse tillsammans med familj och v\u00e4nner.","og_url":"https:\/\/storhogna.se\/en\/sissy\/","og_site_name":"Storhogna H\u00f6gfj\u00e4llshotell &amp; Spa","article_publisher":"https:\/\/www.facebook.com\/storhogna","article_modified_time":"2026-03-13T12:44:37+00:00","og_image":[{"width":2560,"height":1707,"url":"https:\/\/storhogna.se\/wp-content\/uploads\/Fjallviste-bad-ute-scaled.jpg","type":"image\/jpeg"}],"twitter_card":"summary_large_image","twitter_misc":{"Estimated reading time":"2 minutes"},"schema":{"@context":"https:\/\/schema.org","@graph":[{"@type":"WebPage","@id":"https:\/\/storhogna.se\/fjallvistet\/","url":"https:\/\/storhogna.se\/fjallvistet\/","name":"Fj\u00e4llvistet - Luxury in the mountains | Storhogna H\u00f6gfj\u00e4llshotell &amp; Spa","isPartOf":{"@id":"https:\/\/storhogna.se\/#website"},"primaryImageOfPage":{"@id":"https:\/\/storhogna.se\/fjallvistet\/#primaryimage"},"image":{"@id":"https:\/\/storhogna.se\/fjallvistet\/#primaryimage"},"thumbnailUrl":"https:\/\/storhogna.se\/wp-content\/uploads\/Fjallviste-bad-ute-scaled.jpg","datePublished":"2022-03-23T14:04:06+00:00","dateModified":"2026-03-13T12:44:37+00:00","description":"At the foot of the mountain boasts the luxurious Fj\u00e4llvistet, perfect for the small conference group or a sauna and dinner experience with family and friends.","breadcrumb":{"@id":"https:\/\/storhogna.se\/fjallvistet\/#breadcrumb"},"inLanguage":"en-GB","potentialAction":[{"@type":"ReadAction","target":["https:\/\/storhogna.se\/fjallvistet\/"]}]},{"@type":"ImageObject","inLanguage":"en-GB","@id":"https:\/\/storhogna.se\/fjallvistet\/#primaryimage","url":"https:\/\/storhogna.se\/wp-content\/uploads\/Fjallviste-bad-ute-scaled.jpg","contentUrl":"https:\/\/storhogna.se\/wp-content\/uploads\/Fjallviste-bad-ute-scaled.jpg","width":2560,"height":1707},{"@type":"BreadcrumbList","@id":"https:\/\/storhogna.se\/fjallvistet\/#breadcrumb","itemListElement":[{"@type":"ListItem","position":1,"name":"Hem","item":"https:\/\/storhogna.se\/"},{"@type":"ListItem","position":2,"name":"Fj\u00e4llvistet"}]},{"@type":"WebSite","@id":"https:\/\/storhogna.se\/#website","url":"https:\/\/storhogna.se\/","name":"Storhogna High Mountain Hotel &amp; Spa","description":"A genuine high mountain hotel with spa","potentialAction":[{"@type":"SearchAction","target":{"@type":"EntryPoint","urlTemplate":"https:\/\/storhogna.se\/?s={search_term_string}"},"query-input":{"@type":"PropertyValueSpecification","valueRequired":true,"valueName":"search_term_string"}}],"inLanguage":"en-GB"}]}},"_links":{"self":[{"href":"https:\/\/storhogna.se\/en\/wp-json\/wp\/v2\/pages\/65","targetHints":{"allow":["GET"]}}],"collection":[{"href":"https:\/\/storhogna.se\/en\/wp-json\/wp\/v2\/pages"}],"about":[{"href":"https:\/\/storhogna.se\/en\/wp-json\/wp\/v2\/types\/page"}],"author":[{"embeddable":true,"href":"https:\/\/storhogna.se\/en\/wp-json\/wp\/v2\/users\/1"}],"replies":[{"embeddable":true,"href":"https:\/\/storhogna.se\/en\/wp-json\/wp\/v2\/comments?post=65"}],"version-history":[{"count":91,"href":"https:\/\/storhogna.se\/en\/wp-json\/wp\/v2\/pages\/65\/revisions"}],"predecessor-version":[{"id":16748,"href":"https:\/\/storhogna.se\/en\/wp-json\/wp\/v2\/pages\/65\/revisions\/16748"}],"wp:featuredmedia":[{"embeddable":true,"href":"https:\/\/storhogna.se\/en\/wp-json\/wp\/v2\/media\/14073"}],"wp:attachment":[{"href":"https:\/\/storhogna.se\/en\/wp-json\/wp\/v2\/media?parent=65"}],"wp:term":[{"taxonomy":"category","embeddable":true,"href":"https:\/\/storhogna.se\/en\/wp-json\/wp\/v2\/categories?post=65"},{"taxonomy":"post_tag","embeddable":true,"href":"https:\/\/storhogna.se\/en\/wp-json\/wp\/v2\/tags?post=65"}],"curies":[{"name":"wp","href":"https:\/\/api.w.org\/{rel}","templated":true}]}}