{"id":6552,"date":"2022-12-21T12:30:53","date_gmt":"2022-12-21T10:30:53","guid":{"rendered":"https:\/\/storhogna.se\/?page_id=6552"},"modified":"2026-03-31T13:35:41","modified_gmt":"2026-03-31T11:35:41","slug":"ak-en-mil-win-a-car","status":"publish","type":"page","link":"https:\/\/storhogna.se\/en\/ak-en-mil-vinn-en-bil\/","title":{"rendered":"Drive a Mile - Win a Car 2026"},"content":{"rendered":"<div class=\"hero-slider\"><div class=\"splide\" data-slider=\"hero\" data-arrows=\"true\" data-interval=\"5\" data-transition=\"slide\" data-start-index=\"0\" id=\"hero-slider_1774956858340\" data-id=\"hero-slider_1774956858340\" data-custom-arrows=\"true\"><div class=\"splide__track\"><ul class=\"splide__list\"><li class=\"splide__slide\"><picture><source media=\"(max-width: 340px)\" srcset=\"https:\/\/storhogna.se\/wp-content\/uploads\/hogfjallet-ak-en-mil-300x200.jpg\"\/><source media=\"(min-width: 341px)\" srcset=\"https:\/\/storhogna.se\/wp-content\/uploads\/hogfjallet-ak-en-mil.jpg\"\/><img fetchpriority=\"high\" decoding=\"async\" class=\"fullscreen-image\" src=\"https:\/\/storhogna.se\/wp-content\/uploads\/hogfjallet-ak-en-mil.jpg\" alt=\"\" width=\"1500\" height=\"1000\" loading=\"eager\" style=\"object-position:50% 50%\"\/><\/picture><\/li><li class=\"splide__slide\"><picture><source media=\"(max-width: 340px)\" srcset=\"https:\/\/storhogna.se\/wp-content\/uploads\/ak-en-mil-300x200.jpg\"\/><source media=\"(min-width: 341px)\" srcset=\"https:\/\/storhogna.se\/wp-content\/uploads\/ak-en-mil.jpg\"\/><img decoding=\"async\" class=\"fullscreen-image\" src=\"https:\/\/storhogna.se\/wp-content\/uploads\/ak-en-mil.jpg\" alt=\"\" width=\"1500\" height=\"1000\" loading=\"eager\" style=\"object-position:50% 50%\"\/><\/picture><\/li><li class=\"splide__slide\"><picture><source media=\"(max-width: 340px)\" srcset=\"https:\/\/storhogna.se\/wp-content\/uploads\/ak-en-mil-vinn-en-bil-300x200.jpg\"\/><source media=\"(min-width: 341px)\" srcset=\"https:\/\/storhogna.se\/wp-content\/uploads\/ak-en-mil-vinn-en-bil.jpg\"\/><img decoding=\"async\" class=\"fullscreen-image\" src=\"https:\/\/storhogna.se\/wp-content\/uploads\/ak-en-mil-vinn-en-bil.jpg\" alt=\"\" width=\"1500\" height=\"1000\" loading=\"eager\" style=\"object-position:50% 50%\"\/><\/picture><\/li><li class=\"splide__slide\"><picture><source media=\"(max-width: 340px)\" srcset=\"https:\/\/storhogna.se\/wp-content\/uploads\/tavling-300x200.jpg\"\/><source media=\"(min-width: 341px)\" srcset=\"https:\/\/storhogna.se\/wp-content\/uploads\/tavling.jpg\"\/><img decoding=\"async\" class=\"fullscreen-image\" src=\"https:\/\/storhogna.se\/wp-content\/uploads\/tavling.jpg\" alt=\"\" width=\"1500\" height=\"1000\" loading=\"eager\" style=\"object-position:50% 50%\"\/><\/picture><\/li><\/ul><\/div><\/div><div class=\"hero-slider__filter\" data-active=\"true\"><\/div><div class=\"hero-slider__fixed-content\"><div class=\"hero-slider__text-block\" data-visible=\"true\"><div class=\"hero-slider__text-block-inner\">\n<div class=\"wp-block-columns is-layout-flex wp-container-core-columns-is-layout-9d6595d7 wp-block-columns-is-layout-flex\">\n<div class=\"wp-block-column is-layout-flow wp-block-column-is-layout-flow\">\n<h1 class=\"wp-block-heading\">Drive a Mile - Win a Car 2026<\/h1>\n\n\n\n<p>A competition for the whole family, young and old, and everyone is entered into a prize draw for the car.<\/p>\n<\/div>\n\n\n\n<div class=\"wp-block-column is-layout-flow wp-block-column-is-layout-flow\">\n<p>On Good Friday, 3 April, this year's family festival kicks off again at Storhogna.<\/p>\n<\/div>\n<\/div>\n<\/div><\/div><\/div><\/div>\n\n\n<div id=\"two-columns-block-0\" class=\"two-columns-block\">\n    \n\n<div class=\"wp-block-columns two-columns is-layout-flex wp-container-core-columns-is-layout-9d6595d7 wp-block-columns-is-layout-flex\">\n<div class=\"wp-block-column columns-block-1 is-layout-flow wp-block-column-is-layout-flow\" style=\"flex-basis:65%\">\n<p>On Good Friday, 3 April 2026, it's once again time for the big winter family party at Storhogna. You go alone or with the whole family on an easy mile loop from the hotel and up the mountain. Everyone who reaches the finish line is entered into the draw for a VW T-roc and a number of other great prizes.<\/p>\n\n\n\n<p><strong>Start-up fee:<\/strong> The cost per participant is SEK 450 until 16 December 2025, SEK 500 until 16 March 2026 and then SEK 550. Please leave a contribution to Bris in connection with your registration.<\/p>\n\n\n\n<div class=\"wp-block-buttons is-layout-flex wp-block-buttons-is-layout-flex\">\n<div class=\"wp-block-button\"><a class=\"wp-block-button__link wp-element-button\" href=\"https:\/\/signup.eqtiming.com\/anmalan\/ak-en-mil-vinn-en-bil-2026\/g295.54473?event=ak_en_mil\">Sign up here<\/a><\/div>\n<\/div>\n\n\n\n<p>During the day there will be a party tent with food and drinks. There will also be a waxing service, cross-country ski hire and sales on site.<\/p>\n\n\n\n<p>Good to know is that you cannot bring your dog to the race and that the competition is in freestyle.<\/p>\n\n\n\n<p><strong><em>Partners of the competition<\/em><\/strong><br><a href=\"https:\/\/asarnaik.se\/arrangemang\/akenmilvinnenbil\">EQ Timing<\/a>, <a href=\"https:\/\/www.berners.se\/\">Bernese<\/a>, <a href=\"https:\/\/www.volkswagen.se\/sv.html?gclid=Cj0KCQjwocShBhCOARIsAFVYq0hqfYDtauYKTfmJNoFqtBEmRPbDNbOs60CeBWa26rPXp2BlGTLniP4aArACEALw_wcB&amp;gclsrc=aw.ds\">Volkswagen<\/a><a href=\"https:\/\/www.volkswagen.se\/sv.html?gclid=Cj0KCQjwocShBhCOARIsAFVYq0hqfYDtauYKTfmJNoFqtBEmRPbDNbOs60CeBWa26rPXp2BlGTLniP4aArACEALw_wcB&amp;gclsrc=aw.ds\" target=\"_blank\" rel=\"noreferrer noopener\"><em>,<\/em><\/a><a href=\"https:\/\/asarnaik.se\/arrangemang\/akenmilvinnenbil\"> \u00c5sarna IK<\/a> and <a href=\"https:\/\/www.bris.se\/\">BRIS<\/a>, <a href=\"https:\/\/storhogna.se\/en\/\">Storhogna High Mountain Hotel &amp; Spa<\/a>.<\/p>\n\n\n\n<p><\/p>\n\n\n\n<div style=\"height:20px\" aria-hidden=\"true\" class=\"wp-block-spacer\"><\/div>\n<\/div>\n<\/div>\n\n\n<\/div>\n\n\n\n\n<div style=\"height:50px\" aria-hidden=\"true\" class=\"wp-block-spacer\"><\/div>","protected":false},"excerpt":{"rendered":"","protected":false},"author":8,"featured_media":14302,"parent":0,"menu_order":0,"comment_status":"closed","ping_status":"closed","template":"","meta":{"_acf_changed":false,"footnotes":""},"categories":[],"tags":[],"class_list":["post-6552","page","type-page","status-publish","has-post-thumbnail","hentry"],"acf":[],"yoast_head":"<!-- This site is optimized with the Yoast SEO plugin v27.3 - https:\/\/yoast.com\/product\/yoast-seo-wordpress\/ -->\n<title>\u00c5k en mil - Vinn en Bil 2026 - Storhogna H\u00f6gfj\u00e4llshotell &amp; Spa<\/title>\n<meta name=\"robots\" content=\"index, follow, max-snippet:-1, max-image-preview:large, max-video-preview:-1\" \/>\n<link rel=\"canonical\" href=\"https:\/\/storhogna.se\/en\/ak-en-mil-win-a-car\/\" \/>\n<meta property=\"og:locale\" content=\"en_GB\" \/>\n<meta property=\"og:type\" content=\"article\" \/>\n<meta property=\"og:title\" content=\"\u00c5k en mil - Vinn en Bil 2026 - Storhogna H\u00f6gfj\u00e4llshotell &amp; Spa\" \/>\n<meta property=\"og:url\" content=\"https:\/\/storhogna.se\/en\/ak-en-mil-win-a-car\/\" \/>\n<meta property=\"og:site_name\" content=\"Storhogna H\u00f6gfj\u00e4llshotell &amp; Spa\" \/>\n<meta property=\"article:publisher\" content=\"https:\/\/www.facebook.com\/storhogna\" \/>\n<meta property=\"article:modified_time\" content=\"2026-03-31T11:35:41+00:00\" \/>\n<meta property=\"og:image\" content=\"https:\/\/storhogna.se\/wp-content\/uploads\/hogfjallet-ak-en-mil.jpg\" \/>\n\t<meta property=\"og:image:width\" content=\"1500\" \/>\n\t<meta property=\"og:image:height\" content=\"1000\" \/>\n\t<meta property=\"og:image:type\" content=\"image\/jpeg\" \/>\n<meta name=\"twitter:card\" content=\"summary_large_image\" \/>\n<meta name=\"twitter:label1\" content=\"Estimated reading time\" \/>\n\t<meta name=\"twitter:data1\" content=\"2 minutes\" \/>\n<script type=\"application\/ld+json\" class=\"yoast-schema-graph\">{\"@context\":\"https:\\\/\\\/schema.org\",\"@graph\":[{\"@type\":\"WebPage\",\"@id\":\"https:\\\/\\\/storhogna.se\\\/ak-en-mil-vinn-en-bil\\\/\",\"url\":\"https:\\\/\\\/storhogna.se\\\/ak-en-mil-vinn-en-bil\\\/\",\"name\":\"\u00c5k en mil - Vinn en Bil 2026 - Storhogna H\u00f6gfj\u00e4llshotell &amp; Spa\",\"isPartOf\":{\"@id\":\"https:\\\/\\\/storhogna.se\\\/#website\"},\"primaryImageOfPage\":{\"@id\":\"https:\\\/\\\/storhogna.se\\\/ak-en-mil-vinn-en-bil\\\/#primaryimage\"},\"image\":{\"@id\":\"https:\\\/\\\/storhogna.se\\\/ak-en-mil-vinn-en-bil\\\/#primaryimage\"},\"thumbnailUrl\":\"https:\\\/\\\/storhogna.se\\\/wp-content\\\/uploads\\\/hogfjallet-ak-en-mil.jpg\",\"datePublished\":\"2022-12-21T10:30:53+00:00\",\"dateModified\":\"2026-03-31T11:35:41+00:00\",\"breadcrumb\":{\"@id\":\"https:\\\/\\\/storhogna.se\\\/ak-en-mil-vinn-en-bil\\\/#breadcrumb\"},\"inLanguage\":\"en-GB\",\"potentialAction\":[{\"@type\":\"ReadAction\",\"target\":[\"https:\\\/\\\/storhogna.se\\\/ak-en-mil-vinn-en-bil\\\/\"]}]},{\"@type\":\"ImageObject\",\"inLanguage\":\"en-GB\",\"@id\":\"https:\\\/\\\/storhogna.se\\\/ak-en-mil-vinn-en-bil\\\/#primaryimage\",\"url\":\"https:\\\/\\\/storhogna.se\\\/wp-content\\\/uploads\\\/hogfjallet-ak-en-mil.jpg\",\"contentUrl\":\"https:\\\/\\\/storhogna.se\\\/wp-content\\\/uploads\\\/hogfjallet-ak-en-mil.jpg\",\"width\":1500,\"height\":1000},{\"@type\":\"BreadcrumbList\",\"@id\":\"https:\\\/\\\/storhogna.se\\\/ak-en-mil-vinn-en-bil\\\/#breadcrumb\",\"itemListElement\":[{\"@type\":\"ListItem\",\"position\":1,\"name\":\"Hem\",\"item\":\"https:\\\/\\\/storhogna.se\\\/\"},{\"@type\":\"ListItem\",\"position\":2,\"name\":\"\u00c5k en mil &#8211; Vinn en Bil 2026\"}]},{\"@type\":\"WebSite\",\"@id\":\"https:\\\/\\\/storhogna.se\\\/#website\",\"url\":\"https:\\\/\\\/storhogna.se\\\/\",\"name\":\"Storhogna H\u00f6gfj\u00e4llshotell &amp; Spa\",\"description\":\"Ett genuint h\u00f6gfj\u00e4llshotell med spa\",\"potentialAction\":[{\"@type\":\"SearchAction\",\"target\":{\"@type\":\"EntryPoint\",\"urlTemplate\":\"https:\\\/\\\/storhogna.se\\\/?s={search_term_string}\"},\"query-input\":{\"@type\":\"PropertyValueSpecification\",\"valueRequired\":true,\"valueName\":\"search_term_string\"}}],\"inLanguage\":\"en-GB\"}]}<\/script>\n<!-- \/ Yoast SEO plugin. -->","yoast_head_json":{"title":"Drive a Mile - Win a Car 2026 - Storhogna H\u00f6gfj\u00e4llshotell &amp; Spa","robots":{"index":"index","follow":"follow","max-snippet":"max-snippet:-1","max-image-preview":"max-image-preview:large","max-video-preview":"max-video-preview:-1"},"canonical":"https:\/\/storhogna.se\/en\/ak-en-mil-win-a-car\/","og_locale":"en_GB","og_type":"article","og_title":"\u00c5k en mil - Vinn en Bil 2026 - Storhogna H\u00f6gfj\u00e4llshotell &amp; Spa","og_url":"https:\/\/storhogna.se\/en\/ak-en-mil-win-a-car\/","og_site_name":"Storhogna H\u00f6gfj\u00e4llshotell &amp; Spa","article_publisher":"https:\/\/www.facebook.com\/storhogna","article_modified_time":"2026-03-31T11:35:41+00:00","og_image":[{"width":1500,"height":1000,"url":"https:\/\/storhogna.se\/wp-content\/uploads\/hogfjallet-ak-en-mil.jpg","type":"image\/jpeg"}],"twitter_card":"summary_large_image","twitter_misc":{"Estimated reading time":"2 minutes"},"schema":{"@context":"https:\/\/schema.org","@graph":[{"@type":"WebPage","@id":"https:\/\/storhogna.se\/ak-en-mil-vinn-en-bil\/","url":"https:\/\/storhogna.se\/ak-en-mil-vinn-en-bil\/","name":"Drive a Mile - Win a Car 2026 - Storhogna H\u00f6gfj\u00e4llshotell &amp; Spa","isPartOf":{"@id":"https:\/\/storhogna.se\/#website"},"primaryImageOfPage":{"@id":"https:\/\/storhogna.se\/ak-en-mil-vinn-en-bil\/#primaryimage"},"image":{"@id":"https:\/\/storhogna.se\/ak-en-mil-vinn-en-bil\/#primaryimage"},"thumbnailUrl":"https:\/\/storhogna.se\/wp-content\/uploads\/hogfjallet-ak-en-mil.jpg","datePublished":"2022-12-21T10:30:53+00:00","dateModified":"2026-03-31T11:35:41+00:00","breadcrumb":{"@id":"https:\/\/storhogna.se\/ak-en-mil-vinn-en-bil\/#breadcrumb"},"inLanguage":"en-GB","potentialAction":[{"@type":"ReadAction","target":["https:\/\/storhogna.se\/ak-en-mil-vinn-en-bil\/"]}]},{"@type":"ImageObject","inLanguage":"en-GB","@id":"https:\/\/storhogna.se\/ak-en-mil-vinn-en-bil\/#primaryimage","url":"https:\/\/storhogna.se\/wp-content\/uploads\/hogfjallet-ak-en-mil.jpg","contentUrl":"https:\/\/storhogna.se\/wp-content\/uploads\/hogfjallet-ak-en-mil.jpg","width":1500,"height":1000},{"@type":"BreadcrumbList","@id":"https:\/\/storhogna.se\/ak-en-mil-vinn-en-bil\/#breadcrumb","itemListElement":[{"@type":"ListItem","position":1,"name":"Hem","item":"https:\/\/storhogna.se\/"},{"@type":"ListItem","position":2,"name":"\u00c5k en mil &#8211; Vinn en Bil 2026"}]},{"@type":"WebSite","@id":"https:\/\/storhogna.se\/#website","url":"https:\/\/storhogna.se\/","name":"Storhogna High Mountain Hotel &amp; Spa","description":"A genuine high mountain hotel with spa","potentialAction":[{"@type":"SearchAction","target":{"@type":"EntryPoint","urlTemplate":"https:\/\/storhogna.se\/?s={search_term_string}"},"query-input":{"@type":"PropertyValueSpecification","valueRequired":true,"valueName":"search_term_string"}}],"inLanguage":"en-GB"}]}},"_links":{"self":[{"href":"https:\/\/storhogna.se\/en\/wp-json\/wp\/v2\/pages\/6552","targetHints":{"allow":["GET"]}}],"collection":[{"href":"https:\/\/storhogna.se\/en\/wp-json\/wp\/v2\/pages"}],"about":[{"href":"https:\/\/storhogna.se\/en\/wp-json\/wp\/v2\/types\/page"}],"author":[{"embeddable":true,"href":"https:\/\/storhogna.se\/en\/wp-json\/wp\/v2\/users\/8"}],"replies":[{"embeddable":true,"href":"https:\/\/storhogna.se\/en\/wp-json\/wp\/v2\/comments?post=6552"}],"version-history":[{"count":37,"href":"https:\/\/storhogna.se\/en\/wp-json\/wp\/v2\/pages\/6552\/revisions"}],"predecessor-version":[{"id":16922,"href":"https:\/\/storhogna.se\/en\/wp-json\/wp\/v2\/pages\/6552\/revisions\/16922"}],"wp:featuredmedia":[{"embeddable":true,"href":"https:\/\/storhogna.se\/en\/wp-json\/wp\/v2\/media\/14302"}],"wp:attachment":[{"href":"https:\/\/storhogna.se\/en\/wp-json\/wp\/v2\/media?parent=6552"}],"wp:term":[{"taxonomy":"category","embeddable":true,"href":"https:\/\/storhogna.se\/en\/wp-json\/wp\/v2\/categories?post=6552"},{"taxonomy":"post_tag","embeddable":true,"href":"https:\/\/storhogna.se\/en\/wp-json\/wp\/v2\/tags?post=6552"}],"curies":[{"name":"wp","href":"https:\/\/api.w.org\/{rel}","templated":true}]}}