{"id":7113,"date":"2023-02-17T16:09:55","date_gmt":"2023-02-17T14:09:55","guid":{"rendered":"https:\/\/storhogna.se\/?page_id=7113"},"modified":"2024-09-30T12:40:02","modified_gmt":"2024-09-30T10:40:02","slug":"thank-you-for-subscribing","status":"publish","type":"page","link":"https:\/\/storhogna.se\/en\/tack-for-att-du-prenumerar\/","title":{"rendered":"Thank you for subscribing"},"content":{"rendered":"<div class=\"hero-slider\"><div class=\"splide\" data-slider=\"hero\" data-arrows=\"true\" data-interval=\"5\" data-transition=\"loop\" data-start-index=\"0\" id=\"hero-slider_1727692741045\" data-id=\"hero-slider_1727692741045\" data-custom-arrows=\"true\"><div class=\"splide__track\"><ul class=\"splide__list\"><li class=\"splide__slide\"><picture><source media=\"(max-width: 340px)\" srcset=\"https:\/\/storhogna.se\/wp-content\/uploads\/storhogna7381-2650x1440-1-300x168.jpg\"\/><source media=\"(min-width: 341px)\" srcset=\"https:\/\/storhogna.se\/wp-content\/uploads\/storhogna7381-2650x1440-1-scaled.jpg\"\/><img fetchpriority=\"high\" decoding=\"async\" class=\"fullscreen-image\" src=\"https:\/\/storhogna.se\/wp-content\/uploads\/storhogna7381-2650x1440-1-scaled.jpg\" alt=\"Two reindeer roaming in the mountains\" width=\"2560\" height=\"1437\" loading=\"eager\" style=\"object-position:50% 50%\"\/><\/picture><\/li><\/ul><\/div><\/div><div class=\"hero-slider__filter\" data-active=\"true\"><\/div><div class=\"hero-slider__fixed-content\"><div class=\"hero-slider__text-block\" data-visible=\"true\"><div class=\"hero-slider__text-block-inner\">\n<div class=\"wp-block-columns is-layout-flex wp-container-core-columns-is-layout-9d6595d7 wp-block-columns-is-layout-flex\">\n<div class=\"wp-block-column is-layout-flow wp-block-column-is-layout-flow\">\n<h1 class=\"wp-block-heading\">Thank you for subscribing!<\/h1>\n\n\n\n<p>Look forward to mountain inspiration in your inbox<\/p>\n<\/div>\n\n\n\n<div class=\"wp-block-column is-layout-flow wp-block-column-is-layout-flow\">\n<p>We are delighted that you have chosen to subscribe to our mountain newsletter. We hope you look forward to receiving inspiration and offers from us. <\/p>\n<\/div>\n<\/div>\n<\/div><\/div><\/div><\/div>\n\n\n<div class=\"block-listing\">\n  <div class=\"block-listing__layout\">\n                  <div class=\"block-listing__card block-listing__card--default block-listing__card--0\">\n        <a class=\"block-listing__link\" href=\"https:\/\/storhogna.se\/en\/erbjudanden\/\">\n          <div class=\"block-listing__filter\"><\/div>\n                    <img decoding=\"async\" class=\"block-listing__image\" src=\"https:\/\/storhogna.se\/wp-content\/uploads\/STORHOGNA_17-600x600.jpg\" width=\"600\" height=\"600\" alt=\"#\" loading=\"lazy\"\/>\n                              <h3 class=\"block-listing__title\">Packages &amp; Offers  <\/h3>\n        <\/a>\n        \n        <div class=\"block-listing__hover-content\">\n          <div>\n            <div class=\"block-listing__hover-title\">\n              Packages &amp; Offers\n                          <\/div>\n            <div class=\"block-listing__excerpt\">Book one of our great value offers or hotel packages right now. As our guest, you have access to the swimming pool, hot tub and sauna, as well as your own fitness centre.<\/div>                                   <\/div>\n          <div class=\"block-listing__buttons\">\n                        <span class=\"block-listing__splash\"><\/span>\n                                                            <a class=\"block-listing__button block-listing__button--red btn\" href=\"https:\/\/storhogna.se\/en\/erbjudanden\/\" target=\"\">See our offers<\/a>\n                      <\/div>\n        <\/div>\n        \n      <\/div>\n                        <div class=\"block-listing__card block-listing__card--default block-listing__card--1\">\n        <a class=\"block-listing__link\" href=\"https:\/\/storhogna.se\/en\/att-gora\/spa-och-pool\/\">\n          <div class=\"block-listing__filter\"><\/div>\n                    <img decoding=\"async\" class=\"block-listing__image\" src=\"https:\/\/storhogna.se\/wp-content\/uploads\/spa-och-pool-storhogna-hogfjallshotell-600x600.jpg\" width=\"600\" height=\"600\" alt=\"#\" loading=\"lazy\"\/>\n                              <h3 class=\"block-listing__title\">Spa &amp; Pool  <\/h3>\n        <\/a>\n        \n        <div class=\"block-listing__hover-content\">\n          <div>\n            <div class=\"block-listing__hover-title\">\n              Spa &amp; Pool\n                          <\/div>\n            <div class=\"block-listing__excerpt\">Welcome to our award-winning Spa with Vemdalen's only pool. Enjoy energising spa treatments and relaxation with sauna, pool and whirlpool.<\/div>                                   <\/div>\n          <div class=\"block-listing__buttons\">\n                        <span class=\"block-listing__splash\"><\/span>\n                                                            <a class=\"block-listing__button block-listing__button--red btn\" href=\"https:\/\/storhogna.se\/en\/att-gora\/spa-och-pool\/\" target=\"\">Read more about Spa &amp; Pool<\/a>\n                      <\/div>\n        <\/div>\n        \n      <\/div>\n                        <div class=\"block-listing__card block-listing__card--default block-listing__card--2\">\n        <a class=\"block-listing__link\" href=\"https:\/\/storhogna.se\/en\/att-gora\/\">\n          <div class=\"block-listing__filter\"><\/div>\n                    <img decoding=\"async\" class=\"block-listing__image\" src=\"https:\/\/storhogna.se\/wp-content\/uploads\/fjall_familj-600x600.jpg\" width=\"600\" height=\"600\" alt=\"#\" loading=\"lazy\"\/>\n                              <h3 class=\"block-listing__title\">To do  <\/h3>\n        <\/a>\n        \n        <div class=\"block-listing__hover-content\">\n          <div>\n            <div class=\"block-listing__hover-title\">\n              To do\n                          <\/div>\n            <div class=\"block-listing__excerpt\">Get inspiration and ideas from our wide range of activities that vary according to the season. With the mountains as a starting point, there is always something to do here.<\/div>                                   <\/div>\n          <div class=\"block-listing__buttons\">\n                        <span class=\"block-listing__splash\"><\/span>\n                                                            <a class=\"block-listing__button block-listing__button--red btn\" href=\"https:\/\/storhogna.se\/en\/att-gora\/\" target=\"\">Read more here<\/a>\n                      <\/div>\n        <\/div>\n        \n      <\/div>\n                        <div class=\"block-listing__card block-listing__card--default block-listing__card--3\">\n        <a class=\"block-listing__link\" href=\"https:\/\/storhogna.se\/en\/att-ata\/\">\n          <div class=\"block-listing__filter\"><\/div>\n                    <img decoding=\"async\" class=\"block-listing__image\" src=\"https:\/\/storhogna.se\/wp-content\/uploads\/bordsdukning-vintertradgarden-600x600.jpg\" width=\"600\" height=\"600\" alt=\"#\" loading=\"lazy\"\/>\n                              <h3 class=\"block-listing__title\">Eating  <\/h3>\n        <\/a>\n        \n        <div class=\"block-listing__hover-content\">\n          <div>\n            <div class=\"block-listing__hover-title\">\n              Eating\n                          <\/div>\n            <div class=\"block-listing__excerpt\">Welcome to eat in the restaurant Vintertr\u00e4dg\u00e5rden or in one of our mountain lodges out in nature. We have options for both small and large groups.<\/div>                                   <\/div>\n          <div class=\"block-listing__buttons\">\n                        <span class=\"block-listing__splash\"><\/span>\n                                                            <a class=\"block-listing__button block-listing__button--red btn\" href=\"https:\/\/storhogna.se\/en\/att-ata\/\" target=\"\">Read more about eating<\/a>\n                      <\/div>\n        <\/div>\n        \n      <\/div>\n                        <div class=\"block-listing__card block-listing__card--default block-listing__card--4\">\n        <a class=\"block-listing__link\" href=\"https:\/\/storhogna.se\/en\/ge-bort-en-fjallupplevelse\/\">\n          <div class=\"block-listing__filter\"><\/div>\n                    <img decoding=\"async\" class=\"block-listing__image\" src=\"https:\/\/storhogna.se\/wp-content\/uploads\/fjallvandrare-utfor-fjallet-storhogna-host-600x600.jpg\" width=\"600\" height=\"600\" alt=\"#\" loading=\"lazy\"\/>\n                              <h3 class=\"block-listing__title\">Give the gift of a mountain experience  <\/h3>\n        <\/a>\n        \n        <div class=\"block-listing__hover-content\">\n          <div>\n            <div class=\"block-listing__hover-title\">\n              Give the gift of a mountain experience\n                          <\/div>\n            <div class=\"block-listing__excerpt\">Experiences at Storhogna H\u00f6gfj\u00e4llshotell &amp; Spa are even more enjoyable when you have a gift voucher to use.<\/div>                                   <\/div>\n          <div class=\"block-listing__buttons\">\n                        <span class=\"block-listing__splash\"><\/span>\n                                                            <a class=\"block-listing__button block-listing__button--red btn\" href=\"https:\/\/storhogna.se\/en\/ge-bort-en-fjallupplevelse\/\" target=\"\">Read more<\/a>\n                      <\/div>\n        <\/div>\n        \n      <\/div>\n                        <div class=\"block-listing__card block-listing__card--default block-listing__card--5\">\n        <a class=\"block-listing__link\" href=\"https:\/\/storhogna.se\/en\/fjallinspo\/\">\n          <div class=\"block-listing__filter\"><\/div>\n                    <img decoding=\"async\" class=\"block-listing__image\" src=\"https:\/\/storhogna.se\/wp-content\/uploads\/fjallvandrare-paus-host-kalfjallet-600x600.jpeg\" width=\"600\" height=\"600\" alt=\"#\" loading=\"lazy\"\/>\n                              <h3 class=\"block-listing__title\">Mountain inspiration  <\/h3>\n        <\/a>\n        \n        <div class=\"block-listing__hover-content\">\n          <div>\n            <div class=\"block-listing__hover-title\">\n              Mountain inspiration\n                          <\/div>\n            <div class=\"block-listing__excerpt\">Find inspiration and ideas for your stay in the mountains. Here we have collected all our inspiring mountain inspiration articles.<\/div>                                   <\/div>\n          <div class=\"block-listing__buttons\">\n                        <span class=\"block-listing__splash\"><\/span>\n                                                            <a class=\"block-listing__button block-listing__button--red btn\" href=\"https:\/\/storhogna.se\/en\/fjallinspo\/\" target=\"\">Read more<\/a>\n                      <\/div>\n        <\/div>\n        \n      <\/div>\n            <\/div>\n<\/div>","protected":false},"excerpt":{"rendered":"","protected":false},"author":8,"featured_media":0,"parent":0,"menu_order":0,"comment_status":"closed","ping_status":"closed","template":"","meta":{"_acf_changed":false,"footnotes":""},"categories":[],"tags":[],"class_list":["post-7113","page","type-page","status-publish","hentry"],"acf":[],"yoast_head":"<!-- This site is optimized with the Yoast SEO plugin v27.3 - https:\/\/yoast.com\/product\/yoast-seo-wordpress\/ -->\n<title>Tack f\u00f6r att du prenumerar - Storhogna H\u00f6gfj\u00e4llshotell &amp; Spa<\/title>\n<meta name=\"robots\" content=\"index, follow, max-snippet:-1, max-image-preview:large, max-video-preview:-1\" \/>\n<link rel=\"canonical\" href=\"https:\/\/storhogna.se\/en\/thank-you-for-subscribing\/\" \/>\n<meta property=\"og:locale\" content=\"en_GB\" \/>\n<meta property=\"og:type\" content=\"article\" \/>\n<meta property=\"og:title\" content=\"Tack f\u00f6r att du prenumerar - Storhogna H\u00f6gfj\u00e4llshotell &amp; Spa\" \/>\n<meta property=\"og:url\" content=\"https:\/\/storhogna.se\/en\/thank-you-for-subscribing\/\" \/>\n<meta property=\"og:site_name\" content=\"Storhogna H\u00f6gfj\u00e4llshotell &amp; Spa\" \/>\n<meta property=\"article:publisher\" content=\"https:\/\/www.facebook.com\/storhogna\" \/>\n<meta property=\"article:modified_time\" content=\"2024-09-30T10:40:02+00:00\" \/>\n<meta property=\"og:image\" content=\"https:\/\/storhogna.se\/wp-content\/uploads\/storhogna7381-2650x1440-1-scaled.jpg\" \/>\n<meta name=\"twitter:card\" content=\"summary_large_image\" \/>\n<meta name=\"twitter:label1\" content=\"Estimated reading time\" \/>\n\t<meta name=\"twitter:data1\" content=\"1 minute\" \/>\n<script type=\"application\/ld+json\" class=\"yoast-schema-graph\">{\"@context\":\"https:\\\/\\\/schema.org\",\"@graph\":[{\"@type\":\"WebPage\",\"@id\":\"https:\\\/\\\/storhogna.se\\\/tack-for-att-du-prenumerar\\\/\",\"url\":\"https:\\\/\\\/storhogna.se\\\/tack-for-att-du-prenumerar\\\/\",\"name\":\"Tack f\u00f6r att du prenumerar - Storhogna H\u00f6gfj\u00e4llshotell &amp; Spa\",\"isPartOf\":{\"@id\":\"https:\\\/\\\/storhogna.se\\\/#website\"},\"primaryImageOfPage\":{\"@id\":\"https:\\\/\\\/storhogna.se\\\/tack-for-att-du-prenumerar\\\/#primaryimage\"},\"image\":{\"@id\":\"https:\\\/\\\/storhogna.se\\\/tack-for-att-du-prenumerar\\\/#primaryimage\"},\"thumbnailUrl\":\"https:\\\/\\\/storhogna.se\\\/wp-content\\\/uploads\\\/storhogna7381-2650x1440-1-scaled.jpg\",\"datePublished\":\"2023-02-17T14:09:55+00:00\",\"dateModified\":\"2024-09-30T10:40:02+00:00\",\"breadcrumb\":{\"@id\":\"https:\\\/\\\/storhogna.se\\\/tack-for-att-du-prenumerar\\\/#breadcrumb\"},\"inLanguage\":\"en-GB\",\"potentialAction\":[{\"@type\":\"ReadAction\",\"target\":[\"https:\\\/\\\/storhogna.se\\\/tack-for-att-du-prenumerar\\\/\"]}]},{\"@type\":\"ImageObject\",\"inLanguage\":\"en-GB\",\"@id\":\"https:\\\/\\\/storhogna.se\\\/tack-for-att-du-prenumerar\\\/#primaryimage\",\"url\":\"https:\\\/\\\/storhogna.se\\\/wp-content\\\/uploads\\\/storhogna7381-2650x1440-1-scaled.jpg\",\"contentUrl\":\"https:\\\/\\\/storhogna.se\\\/wp-content\\\/uploads\\\/storhogna7381-2650x1440-1-scaled.jpg\"},{\"@type\":\"BreadcrumbList\",\"@id\":\"https:\\\/\\\/storhogna.se\\\/tack-for-att-du-prenumerar\\\/#breadcrumb\",\"itemListElement\":[{\"@type\":\"ListItem\",\"position\":1,\"name\":\"Hem\",\"item\":\"https:\\\/\\\/storhogna.se\\\/\"},{\"@type\":\"ListItem\",\"position\":2,\"name\":\"Tack f\u00f6r att du prenumerar\"}]},{\"@type\":\"WebSite\",\"@id\":\"https:\\\/\\\/storhogna.se\\\/#website\",\"url\":\"https:\\\/\\\/storhogna.se\\\/\",\"name\":\"Storhogna H\u00f6gfj\u00e4llshotell &amp; Spa\",\"description\":\"Ett genuint h\u00f6gfj\u00e4llshotell med spa\",\"potentialAction\":[{\"@type\":\"SearchAction\",\"target\":{\"@type\":\"EntryPoint\",\"urlTemplate\":\"https:\\\/\\\/storhogna.se\\\/?s={search_term_string}\"},\"query-input\":{\"@type\":\"PropertyValueSpecification\",\"valueRequired\":true,\"valueName\":\"search_term_string\"}}],\"inLanguage\":\"en-GB\"}]}<\/script>\n<!-- \/ Yoast SEO plugin. -->","yoast_head_json":{"title":"Thank you for subscribing - Storhogna H\u00f6gfj\u00e4llshotell &amp; Spa","robots":{"index":"index","follow":"follow","max-snippet":"max-snippet:-1","max-image-preview":"max-image-preview:large","max-video-preview":"max-video-preview:-1"},"canonical":"https:\/\/storhogna.se\/en\/thank-you-for-subscribing\/","og_locale":"en_GB","og_type":"article","og_title":"Tack f\u00f6r att du prenumerar - Storhogna H\u00f6gfj\u00e4llshotell &amp; Spa","og_url":"https:\/\/storhogna.se\/en\/thank-you-for-subscribing\/","og_site_name":"Storhogna H\u00f6gfj\u00e4llshotell &amp; Spa","article_publisher":"https:\/\/www.facebook.com\/storhogna","article_modified_time":"2024-09-30T10:40:02+00:00","og_image":[{"url":"https:\/\/storhogna.se\/wp-content\/uploads\/storhogna7381-2650x1440-1-scaled.jpg","type":"","width":"","height":""}],"twitter_card":"summary_large_image","twitter_misc":{"Estimated reading time":"1 minute"},"schema":{"@context":"https:\/\/schema.org","@graph":[{"@type":"WebPage","@id":"https:\/\/storhogna.se\/tack-for-att-du-prenumerar\/","url":"https:\/\/storhogna.se\/tack-for-att-du-prenumerar\/","name":"Thank you for subscribing - Storhogna H\u00f6gfj\u00e4llshotell &amp; Spa","isPartOf":{"@id":"https:\/\/storhogna.se\/#website"},"primaryImageOfPage":{"@id":"https:\/\/storhogna.se\/tack-for-att-du-prenumerar\/#primaryimage"},"image":{"@id":"https:\/\/storhogna.se\/tack-for-att-du-prenumerar\/#primaryimage"},"thumbnailUrl":"https:\/\/storhogna.se\/wp-content\/uploads\/storhogna7381-2650x1440-1-scaled.jpg","datePublished":"2023-02-17T14:09:55+00:00","dateModified":"2024-09-30T10:40:02+00:00","breadcrumb":{"@id":"https:\/\/storhogna.se\/tack-for-att-du-prenumerar\/#breadcrumb"},"inLanguage":"en-GB","potentialAction":[{"@type":"ReadAction","target":["https:\/\/storhogna.se\/tack-for-att-du-prenumerar\/"]}]},{"@type":"ImageObject","inLanguage":"en-GB","@id":"https:\/\/storhogna.se\/tack-for-att-du-prenumerar\/#primaryimage","url":"https:\/\/storhogna.se\/wp-content\/uploads\/storhogna7381-2650x1440-1-scaled.jpg","contentUrl":"https:\/\/storhogna.se\/wp-content\/uploads\/storhogna7381-2650x1440-1-scaled.jpg"},{"@type":"BreadcrumbList","@id":"https:\/\/storhogna.se\/tack-for-att-du-prenumerar\/#breadcrumb","itemListElement":[{"@type":"ListItem","position":1,"name":"Hem","item":"https:\/\/storhogna.se\/"},{"@type":"ListItem","position":2,"name":"Tack f\u00f6r att du prenumerar"}]},{"@type":"WebSite","@id":"https:\/\/storhogna.se\/#website","url":"https:\/\/storhogna.se\/","name":"Storhogna High Mountain Hotel &amp; Spa","description":"A genuine high mountain hotel with spa","potentialAction":[{"@type":"SearchAction","target":{"@type":"EntryPoint","urlTemplate":"https:\/\/storhogna.se\/?s={search_term_string}"},"query-input":{"@type":"PropertyValueSpecification","valueRequired":true,"valueName":"search_term_string"}}],"inLanguage":"en-GB"}]}},"_links":{"self":[{"href":"https:\/\/storhogna.se\/en\/wp-json\/wp\/v2\/pages\/7113","targetHints":{"allow":["GET"]}}],"collection":[{"href":"https:\/\/storhogna.se\/en\/wp-json\/wp\/v2\/pages"}],"about":[{"href":"https:\/\/storhogna.se\/en\/wp-json\/wp\/v2\/types\/page"}],"author":[{"embeddable":true,"href":"https:\/\/storhogna.se\/en\/wp-json\/wp\/v2\/users\/8"}],"replies":[{"embeddable":true,"href":"https:\/\/storhogna.se\/en\/wp-json\/wp\/v2\/comments?post=7113"}],"version-history":[{"count":10,"href":"https:\/\/storhogna.se\/en\/wp-json\/wp\/v2\/pages\/7113\/revisions"}],"predecessor-version":[{"id":13727,"href":"https:\/\/storhogna.se\/en\/wp-json\/wp\/v2\/pages\/7113\/revisions\/13727"}],"wp:attachment":[{"href":"https:\/\/storhogna.se\/en\/wp-json\/wp\/v2\/media?parent=7113"}],"wp:term":[{"taxonomy":"category","embeddable":true,"href":"https:\/\/storhogna.se\/en\/wp-json\/wp\/v2\/categories?post=7113"},{"taxonomy":"post_tag","embeddable":true,"href":"https:\/\/storhogna.se\/en\/wp-json\/wp\/v2\/tags?post=7113"}],"curies":[{"name":"wp","href":"https:\/\/api.w.org\/{rel}","templated":true}]}}