{"id":7379,"date":"2023-03-16T15:24:05","date_gmt":"2023-03-16T13:24:05","guid":{"rendered":"https:\/\/storhogna.se\/?page_id=7379"},"modified":"2026-03-02T15:13:17","modified_gmt":"2026-03-02T13:13:17","slug":"waffle-thursdays","status":"publish","type":"page","link":"https:\/\/storhogna.se\/en\/vaffeltorsdagar\/","title":{"rendered":"Summer Waffle Thursdays"},"content":{"rendered":"<div class=\"hero-slider\"><div class=\"splide\" data-slider=\"hero\" data-arrows=\"true\" data-interval=\"5\" data-transition=\"loop\" data-start-index=\"0\" id=\"hero-slider_1772457070722\" data-id=\"hero-slider_1772457070722\" data-custom-arrows=\"true\"><div class=\"splide__track\"><ul class=\"splide__list\"><li class=\"splide__slide\"><picture><source media=\"(max-width: 340px)\" srcset=\"https:\/\/storhogna.se\/wp-content\/uploads\/vaffeltorsdag-300x225.jpg\"\/><source media=\"(min-width: 341px)\" srcset=\"https:\/\/storhogna.se\/wp-content\/uploads\/vaffeltorsdag.jpg\"\/><img fetchpriority=\"high\" decoding=\"async\" class=\"fullscreen-image\" src=\"https:\/\/storhogna.se\/wp-content\/uploads\/vaffeltorsdag.jpg\" alt=\"\" width=\"1365\" height=\"1024\" loading=\"eager\" style=\"object-position:50% 79%\"\/><\/picture><\/li><\/ul><\/div><\/div><div class=\"hero-slider__filter\" data-active=\"true\"><\/div><div class=\"hero-slider__fixed-content\"><div class=\"hero-slider__text-block\" data-visible=\"true\"><div class=\"hero-slider__text-block-inner\">\n<div class=\"wp-block-columns is-layout-flex wp-container-core-columns-is-layout-9d6595d7 wp-block-columns-is-layout-flex\">\n<div class=\"wp-block-column is-layout-flow wp-block-column-is-layout-flow\">\n<h1 class=\"wp-block-heading\">Summer Waffle Thursdays<\/h1>\n\n\n\n<p>With cream &amp; jam and lots of tasty accompaniments.<\/p>\n<\/div>\n\n\n\n<div class=\"wp-block-column is-layout-flow wp-block-column-is-layout-flow\">\n<p>Welcome to us this summer during our Waffle Thursdays. Invite friends and family and eat freshly baked waffles with cream and jam as much as you can.<\/p>\n<\/div>\n<\/div>\n<\/div><\/div><\/div><\/div><div class=\"breadcrumbs\"><span><span><a href=\"https:\/\/storhogna.se\/en\/\">Home<\/a><\/span><\/span><\/div>\n\n\n<div class=\"media-and-text\">\n    <div class=\"media-and-text__layout media-and-text__layout--invert  default-color default-background\">\n      <div class=\"media-and-text__media\">\n                  <img decoding=\"async\"\n          class=\"media-and-text__single-image\"\n          src=\"https:\/\/storhogna.se\/wp-content\/uploads\/Storhogna-42-2-1200x800.jpg\"\n          srcset=\"https:\/\/storhogna.se\/wp-content\/uploads\/Storhogna-42-2-1200x800.jpg 1200w, https:\/\/storhogna.se\/wp-content\/uploads\/Storhogna-42-2-1200x800.jpg 1200w\"\n          sizes=\"auto, (max-width: 500px) 1200px, 1200px\"\n          alt=\"\"\n          width=\"1200\" \n          height=\"800\" \n          loading=\"lazy\"\n          \/>\n              <\/div>\n      <div class=\"media-and-text__content top\">\n        <div class=\"media-and-text__content-container\">\n          <div class=\"media-and-text__text\">\n            <h2><strong>Summer Waffle Thursdays<\/strong><\/h2>\n<p>Weeks 28-30 we will serve our waffle buffet in Kopparsalen. Don't miss it!<\/p>\n<h3>TIME &amp; DATE<\/h3>\n<p>11:00 to 16:00<br \/>\n9 July, 16 July &amp; 23 July<\/p>\n<h3>PRICE<\/h3>\n<p>Price per person 225:-<br \/>\nChildren up to 12 years 125:-<\/p>\n<h2>BOKA<\/h2>\n<p>Book your table between 11:00-16:00 via the link below.<br \/>\n<em>The booking will be released shortly.<\/em><\/p>\n\n          <\/div>\n                            <\/div>\n      <\/div>\n    <\/div>\n  <\/div>","protected":false},"excerpt":{"rendered":"<p>Welcome to us this summer during our Waffle Thursdays. Invite friends and family and eat freshly baked waffles with cream and jam.<\/p>","protected":false},"author":8,"featured_media":14910,"parent":0,"menu_order":0,"comment_status":"closed","ping_status":"closed","template":"","meta":{"_acf_changed":false,"footnotes":""},"categories":[],"tags":[],"class_list":["post-7379","page","type-page","status-publish","has-post-thumbnail","hentry"],"acf":[],"yoast_head":"<!-- This site is optimized with the Yoast SEO plugin v27.3 - https:\/\/yoast.com\/product\/yoast-seo-wordpress\/ -->\n<title>Sommarens v\u00e5ffeltorsdagar - Storhogna H\u00f6gfj\u00e4llshotell &amp; Spa<\/title>\n<meta name=\"robots\" content=\"index, follow, max-snippet:-1, max-image-preview:large, max-video-preview:-1\" \/>\n<link rel=\"canonical\" href=\"https:\/\/storhogna.se\/en\/waffle-thursdays\/\" \/>\n<meta property=\"og:locale\" content=\"en_GB\" \/>\n<meta property=\"og:type\" content=\"article\" \/>\n<meta property=\"og:title\" content=\"Sommarens v\u00e5ffeltorsdagar - Storhogna H\u00f6gfj\u00e4llshotell &amp; Spa\" \/>\n<meta property=\"og:description\" content=\"V\u00e4lkommen till oss i sommar under v\u00e5ra v\u00e5ffeltorsdagar. Bjud in v\u00e4nner och familj och \u00e4t nygr\u00e4ddade v\u00e5fflor med gr\u00e4dde och sylt.\" \/>\n<meta property=\"og:url\" content=\"https:\/\/storhogna.se\/en\/waffle-thursdays\/\" \/>\n<meta property=\"og:site_name\" content=\"Storhogna H\u00f6gfj\u00e4llshotell &amp; Spa\" \/>\n<meta property=\"article:publisher\" content=\"https:\/\/www.facebook.com\/storhogna\" \/>\n<meta property=\"article:modified_time\" content=\"2026-03-02T13:13:17+00:00\" \/>\n<meta property=\"og:image\" content=\"https:\/\/storhogna.se\/wp-content\/uploads\/vaffeltorsdag.jpg\" \/>\n\t<meta property=\"og:image:width\" content=\"1365\" \/>\n\t<meta property=\"og:image:height\" content=\"1024\" \/>\n\t<meta property=\"og:image:type\" content=\"image\/jpeg\" \/>\n<meta name=\"twitter:card\" content=\"summary_large_image\" \/>\n<meta name=\"twitter:label1\" content=\"Estimated reading time\" \/>\n\t<meta name=\"twitter:data1\" content=\"1 minute\" \/>\n<script type=\"application\/ld+json\" class=\"yoast-schema-graph\">{\"@context\":\"https:\\\/\\\/schema.org\",\"@graph\":[{\"@type\":\"WebPage\",\"@id\":\"https:\\\/\\\/storhogna.se\\\/vaffeltorsdagar\\\/\",\"url\":\"https:\\\/\\\/storhogna.se\\\/vaffeltorsdagar\\\/\",\"name\":\"Sommarens v\u00e5ffeltorsdagar - Storhogna H\u00f6gfj\u00e4llshotell &amp; Spa\",\"isPartOf\":{\"@id\":\"https:\\\/\\\/storhogna.se\\\/#website\"},\"primaryImageOfPage\":{\"@id\":\"https:\\\/\\\/storhogna.se\\\/vaffeltorsdagar\\\/#primaryimage\"},\"image\":{\"@id\":\"https:\\\/\\\/storhogna.se\\\/vaffeltorsdagar\\\/#primaryimage\"},\"thumbnailUrl\":\"https:\\\/\\\/storhogna.se\\\/wp-content\\\/uploads\\\/vaffeltorsdag.jpg\",\"datePublished\":\"2023-03-16T13:24:05+00:00\",\"dateModified\":\"2026-03-02T13:13:17+00:00\",\"breadcrumb\":{\"@id\":\"https:\\\/\\\/storhogna.se\\\/vaffeltorsdagar\\\/#breadcrumb\"},\"inLanguage\":\"en-GB\",\"potentialAction\":[{\"@type\":\"ReadAction\",\"target\":[\"https:\\\/\\\/storhogna.se\\\/vaffeltorsdagar\\\/\"]}]},{\"@type\":\"ImageObject\",\"inLanguage\":\"en-GB\",\"@id\":\"https:\\\/\\\/storhogna.se\\\/vaffeltorsdagar\\\/#primaryimage\",\"url\":\"https:\\\/\\\/storhogna.se\\\/wp-content\\\/uploads\\\/vaffeltorsdag.jpg\",\"contentUrl\":\"https:\\\/\\\/storhogna.se\\\/wp-content\\\/uploads\\\/vaffeltorsdag.jpg\",\"width\":1365,\"height\":1024},{\"@type\":\"BreadcrumbList\",\"@id\":\"https:\\\/\\\/storhogna.se\\\/vaffeltorsdagar\\\/#breadcrumb\",\"itemListElement\":[{\"@type\":\"ListItem\",\"position\":1,\"name\":\"Hem\",\"item\":\"https:\\\/\\\/storhogna.se\\\/\"},{\"@type\":\"ListItem\",\"position\":2,\"name\":\"Sommarens v\u00e5ffeltorsdagar\"}]},{\"@type\":\"WebSite\",\"@id\":\"https:\\\/\\\/storhogna.se\\\/#website\",\"url\":\"https:\\\/\\\/storhogna.se\\\/\",\"name\":\"Storhogna H\u00f6gfj\u00e4llshotell &amp; Spa\",\"description\":\"Ett genuint h\u00f6gfj\u00e4llshotell med spa\",\"potentialAction\":[{\"@type\":\"SearchAction\",\"target\":{\"@type\":\"EntryPoint\",\"urlTemplate\":\"https:\\\/\\\/storhogna.se\\\/?s={search_term_string}\"},\"query-input\":{\"@type\":\"PropertyValueSpecification\",\"valueRequired\":true,\"valueName\":\"search_term_string\"}}],\"inLanguage\":\"en-GB\"}]}<\/script>\n<!-- \/ Yoast SEO plugin. -->","yoast_head_json":{"title":"Summer Waffle Thursdays - Storhogna H\u00f6gfj\u00e4llshotell &amp; Spa","robots":{"index":"index","follow":"follow","max-snippet":"max-snippet:-1","max-image-preview":"max-image-preview:large","max-video-preview":"max-video-preview:-1"},"canonical":"https:\/\/storhogna.se\/en\/waffle-thursdays\/","og_locale":"en_GB","og_type":"article","og_title":"Sommarens v\u00e5ffeltorsdagar - Storhogna H\u00f6gfj\u00e4llshotell &amp; Spa","og_description":"V\u00e4lkommen till oss i sommar under v\u00e5ra v\u00e5ffeltorsdagar. Bjud in v\u00e4nner och familj och \u00e4t nygr\u00e4ddade v\u00e5fflor med gr\u00e4dde och sylt.","og_url":"https:\/\/storhogna.se\/en\/waffle-thursdays\/","og_site_name":"Storhogna H\u00f6gfj\u00e4llshotell &amp; Spa","article_publisher":"https:\/\/www.facebook.com\/storhogna","article_modified_time":"2026-03-02T13:13:17+00:00","og_image":[{"width":1365,"height":1024,"url":"https:\/\/storhogna.se\/wp-content\/uploads\/vaffeltorsdag.jpg","type":"image\/jpeg"}],"twitter_card":"summary_large_image","twitter_misc":{"Estimated reading time":"1 minute"},"schema":{"@context":"https:\/\/schema.org","@graph":[{"@type":"WebPage","@id":"https:\/\/storhogna.se\/vaffeltorsdagar\/","url":"https:\/\/storhogna.se\/vaffeltorsdagar\/","name":"Summer Waffle Thursdays - Storhogna H\u00f6gfj\u00e4llshotell &amp; Spa","isPartOf":{"@id":"https:\/\/storhogna.se\/#website"},"primaryImageOfPage":{"@id":"https:\/\/storhogna.se\/vaffeltorsdagar\/#primaryimage"},"image":{"@id":"https:\/\/storhogna.se\/vaffeltorsdagar\/#primaryimage"},"thumbnailUrl":"https:\/\/storhogna.se\/wp-content\/uploads\/vaffeltorsdag.jpg","datePublished":"2023-03-16T13:24:05+00:00","dateModified":"2026-03-02T13:13:17+00:00","breadcrumb":{"@id":"https:\/\/storhogna.se\/vaffeltorsdagar\/#breadcrumb"},"inLanguage":"en-GB","potentialAction":[{"@type":"ReadAction","target":["https:\/\/storhogna.se\/vaffeltorsdagar\/"]}]},{"@type":"ImageObject","inLanguage":"en-GB","@id":"https:\/\/storhogna.se\/vaffeltorsdagar\/#primaryimage","url":"https:\/\/storhogna.se\/wp-content\/uploads\/vaffeltorsdag.jpg","contentUrl":"https:\/\/storhogna.se\/wp-content\/uploads\/vaffeltorsdag.jpg","width":1365,"height":1024},{"@type":"BreadcrumbList","@id":"https:\/\/storhogna.se\/vaffeltorsdagar\/#breadcrumb","itemListElement":[{"@type":"ListItem","position":1,"name":"Hem","item":"https:\/\/storhogna.se\/"},{"@type":"ListItem","position":2,"name":"Sommarens v\u00e5ffeltorsdagar"}]},{"@type":"WebSite","@id":"https:\/\/storhogna.se\/#website","url":"https:\/\/storhogna.se\/","name":"Storhogna High Mountain Hotel &amp; Spa","description":"A genuine high mountain hotel with spa","potentialAction":[{"@type":"SearchAction","target":{"@type":"EntryPoint","urlTemplate":"https:\/\/storhogna.se\/?s={search_term_string}"},"query-input":{"@type":"PropertyValueSpecification","valueRequired":true,"valueName":"search_term_string"}}],"inLanguage":"en-GB"}]}},"_links":{"self":[{"href":"https:\/\/storhogna.se\/en\/wp-json\/wp\/v2\/pages\/7379","targetHints":{"allow":["GET"]}}],"collection":[{"href":"https:\/\/storhogna.se\/en\/wp-json\/wp\/v2\/pages"}],"about":[{"href":"https:\/\/storhogna.se\/en\/wp-json\/wp\/v2\/types\/page"}],"author":[{"embeddable":true,"href":"https:\/\/storhogna.se\/en\/wp-json\/wp\/v2\/users\/8"}],"replies":[{"embeddable":true,"href":"https:\/\/storhogna.se\/en\/wp-json\/wp\/v2\/comments?post=7379"}],"version-history":[{"count":44,"href":"https:\/\/storhogna.se\/en\/wp-json\/wp\/v2\/pages\/7379\/revisions"}],"predecessor-version":[{"id":16598,"href":"https:\/\/storhogna.se\/en\/wp-json\/wp\/v2\/pages\/7379\/revisions\/16598"}],"wp:featuredmedia":[{"embeddable":true,"href":"https:\/\/storhogna.se\/en\/wp-json\/wp\/v2\/media\/14910"}],"wp:attachment":[{"href":"https:\/\/storhogna.se\/en\/wp-json\/wp\/v2\/media?parent=7379"}],"wp:term":[{"taxonomy":"category","embeddable":true,"href":"https:\/\/storhogna.se\/en\/wp-json\/wp\/v2\/categories?post=7379"},{"taxonomy":"post_tag","embeddable":true,"href":"https:\/\/storhogna.se\/en\/wp-json\/wp\/v2\/tags?post=7379"}],"curies":[{"name":"wp","href":"https:\/\/api.w.org\/{rel}","templated":true}]}}