{"id":8137,"date":"2023-08-07T11:17:43","date_gmt":"2023-08-07T09:17:43","guid":{"rendered":"https:\/\/storhogna.se\/?page_id=8137"},"modified":"2024-11-18T14:04:14","modified_gmt":"2024-11-18T12:04:14","slug":"plop-on-storhogna","status":"publish","type":"page","link":"https:\/\/storhogna.se\/en\/plupp-pa-storhogna\/","title":{"rendered":"Plupp at Storhogna"},"content":{"rendered":"<div class=\"hero-slider\"><div class=\"splide\" data-slider=\"hero\" data-arrows=\"true\" data-interval=\"5\" data-transition=\"loop\" data-start-index=\"0\" id=\"hero-slider_1731931441661\" data-id=\"hero-slider_1731931441661\" data-custom-arrows=\"true\"><div class=\"splide__track\"><ul class=\"splide__list\"><li class=\"splide__slide\"><picture><source media=\"(max-width: 340px)\" srcset=\"https:\/\/storhogna.se\/wp-content\/uploads\/Storhogna-plupp-300x200.jpg\"\/><source media=\"(min-width: 341px)\" srcset=\"https:\/\/storhogna.se\/wp-content\/uploads\/Storhogna-plupp.jpg\"\/><img fetchpriority=\"high\" decoding=\"async\" class=\"fullscreen-image\" src=\"https:\/\/storhogna.se\/wp-content\/uploads\/Storhogna-plupp.jpg\" alt=\"\" width=\"2048\" height=\"1365\" loading=\"eager\" style=\"object-position:26% 60%\"\/><\/picture><\/li><li class=\"splide__slide\"><picture><source media=\"(max-width: 340px)\" srcset=\"https:\/\/storhogna.se\/wp-content\/uploads\/Glad-plupp-i-vintertradgarden-300x200.jpg\"\/><source media=\"(min-width: 341px)\" srcset=\"https:\/\/storhogna.se\/wp-content\/uploads\/Glad-plupp-i-vintertradgarden-scaled.jpg\"\/><img decoding=\"async\" class=\"fullscreen-image\" src=\"https:\/\/storhogna.se\/wp-content\/uploads\/Glad-plupp-i-vintertradgarden-scaled.jpg\" alt=\"\" width=\"2560\" height=\"1707\" loading=\"eager\" style=\"object-position:51% 69%\"\/><\/picture><\/li><li class=\"splide__slide\"><picture><source media=\"(max-width: 340px)\" srcset=\"https:\/\/storhogna.se\/wp-content\/uploads\/plupp-och-barn-300x200.jpg\"\/><source media=\"(min-width: 341px)\" srcset=\"https:\/\/storhogna.se\/wp-content\/uploads\/plupp-och-barn-scaled.jpg\"\/><img decoding=\"async\" class=\"fullscreen-image\" src=\"https:\/\/storhogna.se\/wp-content\/uploads\/plupp-och-barn-scaled.jpg\" alt=\"\" width=\"2560\" height=\"1707\" loading=\"eager\" style=\"object-position:50% 50%\"\/><\/picture><\/li><\/ul><\/div><\/div><div class=\"hero-slider__filter\" data-active=\"true\"><\/div><div class=\"hero-slider__fixed-content\"><div class=\"hero-slider__text-block\" data-visible=\"true\"><div class=\"hero-slider__text-block-inner\">\n<div class=\"wp-block-columns is-layout-flex wp-container-core-columns-is-layout-9d6595d7 wp-block-columns-is-layout-flex\">\n<div class=\"wp-block-column is-layout-flow wp-block-column-is-layout-flow\">\n<h1 class=\"wp-block-heading\">Plupp at Storhogna<\/h1>\n\n\n\n<p>Meet Plupp at Storhogna<\/p>\n<\/div>\n\n\n\n<div class=\"wp-block-column is-layout-flow wp-block-column-is-layout-flow\">\n<p>The little children's book character Plupp lives at Storhogna in both the hut inside the hotel and the outdoor hut on the children's slope. <br><\/p>\n<\/div>\n<\/div>\n<\/div><\/div><\/div><\/div>\n\n\n<div class=\"media-and-text\">\n    <div class=\"media-and-text__layout media-and-text__layout--invert  default-color default-background\">\n      <div class=\"media-and-text__media\">\n                            <div class=\"splide article-slider\" data-slider=\"basic\" data-custom-arrows=\"true\" id=\"basic-slider_e1c2ae4b5bad1bb22588052430d802\">\n            <div class=\"splide__track article-slider__track\">\n              <ul class=\"splide__list article-slider__list\">\n                                  <li class=\"splide__slide article-slider__slide\">\n                    <img decoding=\"async\"\n                      class=\"article-slider__image\"\n                      src=\"https:\/\/storhogna.se\/wp-content\/uploads\/har-bor-plupp-tradkata-fonster-675x1200.jpg\"\n                      srcset=\"https:\/\/storhogna.se\/wp-content\/uploads\/har-bor-plupp-tradkata-fonster-675x1200.jpg 675w, https:\/\/storhogna.se\/wp-content\/uploads\/har-bor-plupp-tradkata-fonster-675x1200.jpg 675w\"\n                      sizes=\"auto, (max-width: 600px), 675px, 675px\"\n                      alt=\"Plupp&#039;s tree house with windows and a sign saying &quot;Plupp lives here&quot;\"\n                      width=\"675\" \n                      height=\"1200\" \n                      loading=\"lazy\"\n                      \/>\n                    <\/li>\n                                  <li class=\"splide__slide article-slider__slide\">\n                    <img decoding=\"async\"\n                      class=\"article-slider__image\"\n                      src=\"https:\/\/storhogna.se\/wp-content\/uploads\/plupp-ute-barn-agg-1200x995.jpg\"\n                      srcset=\"https:\/\/storhogna.se\/wp-content\/uploads\/plupp-ute-barn-agg-1200x995.jpg 1200w, https:\/\/storhogna.se\/wp-content\/uploads\/plupp-ute-barn-agg-800x663.jpg 800w\"\n                      sizes=\"auto, (max-width: 600px), 1200px, 800px\"\n                      alt=\"Plupp gives Easter eggs to children\"\n                      width=\"1200\" \n                      height=\"995\" \n                      loading=\"lazy\"\n                      \/>\n                    <\/li>\n                              <\/ul>\n            <\/div>\n          <\/div>\n              <\/div>\n      <div class=\"media-and-text__content top\">\n        <div class=\"media-and-text__content-container\">\n          <div class=\"media-and-text__text\">\n            <h2>Who is Plupp?<\/h2>\n<p>Plupp is Storhogna's mascot and the children's favourite. Plupp is a small figure with blue hair and a red nose, who lives in a peat hut by a lake called Bl\u00e5vattnet somewhere far up north. Plupp is not a troll but an unsynling, which means that Plupp is invisible to humans. Plupp can only talk to children and animals. Two of his closest friends are L\u00e4mmel the lemming and Hermelin the stoat.<\/p>\n<h2>Activities with Plupp<\/h2>\n<p>In our Winter Garden you'll find Plupp's hut, where children can play in my house. The restaurant serves Plupp drinks and just outside the hotel is Plupp's trail, a 1-kilometre discovery walk with adventures for children. Plupp is keen to teach children about the mountains, nature and how to look after it.<\/p>\n<h2>Would you like to meet Plupp?<\/h2>\n<p>During our autumn, sports and Easter holiday weeks and other special occasions, you can get the chance to meet Plupp in person. Keep an eye on our social media channels to make sure you don't miss the next Plupp appearance! Or under the tab <a href=\"https:\/\/storhogna.se\/en\/weekly-programme\/\">Events at Storhogna<\/a>.<\/p>\n<hr \/>\n<p><strong>Take Plupp home with you<\/strong><br \/>\nAt reception you will find Plupp t-shirts, books and other fun things to buy to take home.<\/p>\n<p><img loading=\"lazy\" decoding=\"async\" class=\"alignnone size-medium wp-image-8130\" src=\"https:\/\/storhogna.se\/wp-content\/uploads\/Plupp-approved-300x300.png\" alt=\"\" width=\"300\" height=\"300\" srcset=\"https:\/\/storhogna.se\/wp-content\/uploads\/Plupp-approved-300x300.png 300w, https:\/\/storhogna.se\/wp-content\/uploads\/Plupp-approved-150x150.png 150w, https:\/\/storhogna.se\/wp-content\/uploads\/Plupp-approved-100x100.png 100w, https:\/\/storhogna.se\/wp-content\/uploads\/Plupp-approved-400x400.png 400w, https:\/\/storhogna.se\/wp-content\/uploads\/Plupp-approved.png 500w\" sizes=\"auto, (max-width: 300px) 100vw, 300px\" \/><\/p>\n\n          <\/div>\n                            <\/div>\n      <\/div>\n    <\/div>\n  <\/div>","protected":false},"excerpt":{"rendered":"<p>The little children's book character Plupp has moved into Storhogna, both in the hut inside the hotel and the outdoor hut on the children's slope.  <\/p>","protected":false},"author":8,"featured_media":0,"parent":0,"menu_order":0,"comment_status":"closed","ping_status":"closed","template":"","meta":{"_acf_changed":false,"footnotes":""},"categories":[],"tags":[],"class_list":["post-8137","page","type-page","status-publish","hentry"],"acf":[],"yoast_head":"<!-- This site is optimized with the Yoast SEO plugin v27.3 - https:\/\/yoast.com\/product\/yoast-seo-wordpress\/ -->\n<title>Plupp p\u00e5 Storhogna - Storhogna H\u00f6gfj\u00e4llshotell &amp; Spa<\/title>\n<meta name=\"description\" content=\"Den lille barnboksfiguren Plupp har flyttat in p\u00e5 Storhogna b\u00e5de i k\u00e5tan inne p\u00e5 hotellet och utomhusk\u00e5tan uppe i barnbacken.\" \/>\n<meta name=\"robots\" content=\"index, follow, max-snippet:-1, max-image-preview:large, max-video-preview:-1\" \/>\n<link rel=\"canonical\" href=\"https:\/\/storhogna.se\/en\/plop-on-storhogna\/\" \/>\n<meta property=\"og:locale\" content=\"en_GB\" \/>\n<meta property=\"og:type\" content=\"article\" \/>\n<meta property=\"og:title\" content=\"Plupp p\u00e5 Storhogna - Storhogna H\u00f6gfj\u00e4llshotell &amp; Spa\" \/>\n<meta property=\"og:description\" content=\"Den lille barnboksfiguren Plupp har flyttat in p\u00e5 Storhogna b\u00e5de i k\u00e5tan inne p\u00e5 hotellet och utomhusk\u00e5tan uppe i barnbacken.\" \/>\n<meta property=\"og:url\" content=\"https:\/\/storhogna.se\/en\/plop-on-storhogna\/\" \/>\n<meta property=\"og:site_name\" content=\"Storhogna H\u00f6gfj\u00e4llshotell &amp; Spa\" \/>\n<meta property=\"article:publisher\" content=\"https:\/\/www.facebook.com\/storhogna\" \/>\n<meta property=\"article:modified_time\" content=\"2024-11-18T12:04:14+00:00\" \/>\n<meta property=\"og:image\" content=\"https:\/\/storhogna.se\/wp-content\/uploads\/Storhogna-plupp.jpg\" \/>\n<meta name=\"twitter:card\" content=\"summary_large_image\" \/>\n<meta name=\"twitter:label1\" content=\"Estimated reading time\" \/>\n\t<meta name=\"twitter:data1\" content=\"1 minute\" \/>\n<script type=\"application\/ld+json\" class=\"yoast-schema-graph\">{\"@context\":\"https:\\\/\\\/schema.org\",\"@graph\":[{\"@type\":\"WebPage\",\"@id\":\"https:\\\/\\\/storhogna.se\\\/plupp-pa-storhogna\\\/\",\"url\":\"https:\\\/\\\/storhogna.se\\\/plupp-pa-storhogna\\\/\",\"name\":\"Plupp p\u00e5 Storhogna - Storhogna H\u00f6gfj\u00e4llshotell &amp; Spa\",\"isPartOf\":{\"@id\":\"https:\\\/\\\/storhogna.se\\\/#website\"},\"primaryImageOfPage\":{\"@id\":\"https:\\\/\\\/storhogna.se\\\/plupp-pa-storhogna\\\/#primaryimage\"},\"image\":{\"@id\":\"https:\\\/\\\/storhogna.se\\\/plupp-pa-storhogna\\\/#primaryimage\"},\"thumbnailUrl\":\"https:\\\/\\\/storhogna.se\\\/wp-content\\\/uploads\\\/Storhogna-plupp.jpg\",\"datePublished\":\"2023-08-07T09:17:43+00:00\",\"dateModified\":\"2024-11-18T12:04:14+00:00\",\"description\":\"Den lille barnboksfiguren Plupp har flyttat in p\u00e5 Storhogna b\u00e5de i k\u00e5tan inne p\u00e5 hotellet och utomhusk\u00e5tan uppe i barnbacken.\",\"breadcrumb\":{\"@id\":\"https:\\\/\\\/storhogna.se\\\/plupp-pa-storhogna\\\/#breadcrumb\"},\"inLanguage\":\"en-GB\",\"potentialAction\":[{\"@type\":\"ReadAction\",\"target\":[\"https:\\\/\\\/storhogna.se\\\/plupp-pa-storhogna\\\/\"]}]},{\"@type\":\"ImageObject\",\"inLanguage\":\"en-GB\",\"@id\":\"https:\\\/\\\/storhogna.se\\\/plupp-pa-storhogna\\\/#primaryimage\",\"url\":\"https:\\\/\\\/storhogna.se\\\/wp-content\\\/uploads\\\/Storhogna-plupp.jpg\",\"contentUrl\":\"https:\\\/\\\/storhogna.se\\\/wp-content\\\/uploads\\\/Storhogna-plupp.jpg\"},{\"@type\":\"BreadcrumbList\",\"@id\":\"https:\\\/\\\/storhogna.se\\\/plupp-pa-storhogna\\\/#breadcrumb\",\"itemListElement\":[{\"@type\":\"ListItem\",\"position\":1,\"name\":\"Hem\",\"item\":\"https:\\\/\\\/storhogna.se\\\/\"},{\"@type\":\"ListItem\",\"position\":2,\"name\":\"Plupp p\u00e5 Storhogna\"}]},{\"@type\":\"WebSite\",\"@id\":\"https:\\\/\\\/storhogna.se\\\/#website\",\"url\":\"https:\\\/\\\/storhogna.se\\\/\",\"name\":\"Storhogna H\u00f6gfj\u00e4llshotell &amp; Spa\",\"description\":\"Ett genuint h\u00f6gfj\u00e4llshotell med spa\",\"potentialAction\":[{\"@type\":\"SearchAction\",\"target\":{\"@type\":\"EntryPoint\",\"urlTemplate\":\"https:\\\/\\\/storhogna.se\\\/?s={search_term_string}\"},\"query-input\":{\"@type\":\"PropertyValueSpecification\",\"valueRequired\":true,\"valueName\":\"search_term_string\"}}],\"inLanguage\":\"en-GB\"}]}<\/script>\n<!-- \/ Yoast SEO plugin. -->","yoast_head_json":{"title":"Plup at Storhogna - Storhogna H\u00f6gfj\u00e4llshotell &amp; Spa","description":"The little children's book character Plupp has moved into Storhogna, both in the hut inside the hotel and the outdoor hut on the children's slope.","robots":{"index":"index","follow":"follow","max-snippet":"max-snippet:-1","max-image-preview":"max-image-preview:large","max-video-preview":"max-video-preview:-1"},"canonical":"https:\/\/storhogna.se\/en\/plop-on-storhogna\/","og_locale":"en_GB","og_type":"article","og_title":"Plupp p\u00e5 Storhogna - Storhogna H\u00f6gfj\u00e4llshotell &amp; Spa","og_description":"Den lille barnboksfiguren Plupp har flyttat in p\u00e5 Storhogna b\u00e5de i k\u00e5tan inne p\u00e5 hotellet och utomhusk\u00e5tan uppe i barnbacken.","og_url":"https:\/\/storhogna.se\/en\/plop-on-storhogna\/","og_site_name":"Storhogna H\u00f6gfj\u00e4llshotell &amp; Spa","article_publisher":"https:\/\/www.facebook.com\/storhogna","article_modified_time":"2024-11-18T12:04:14+00:00","og_image":[{"url":"https:\/\/storhogna.se\/wp-content\/uploads\/Storhogna-plupp.jpg","type":"","width":"","height":""}],"twitter_card":"summary_large_image","twitter_misc":{"Estimated reading time":"1 minute"},"schema":{"@context":"https:\/\/schema.org","@graph":[{"@type":"WebPage","@id":"https:\/\/storhogna.se\/plupp-pa-storhogna\/","url":"https:\/\/storhogna.se\/plupp-pa-storhogna\/","name":"Plup at Storhogna - Storhogna H\u00f6gfj\u00e4llshotell &amp; Spa","isPartOf":{"@id":"https:\/\/storhogna.se\/#website"},"primaryImageOfPage":{"@id":"https:\/\/storhogna.se\/plupp-pa-storhogna\/#primaryimage"},"image":{"@id":"https:\/\/storhogna.se\/plupp-pa-storhogna\/#primaryimage"},"thumbnailUrl":"https:\/\/storhogna.se\/wp-content\/uploads\/Storhogna-plupp.jpg","datePublished":"2023-08-07T09:17:43+00:00","dateModified":"2024-11-18T12:04:14+00:00","description":"The little children's book character Plupp has moved into Storhogna, both in the hut inside the hotel and the outdoor hut on the children's slope.","breadcrumb":{"@id":"https:\/\/storhogna.se\/plupp-pa-storhogna\/#breadcrumb"},"inLanguage":"en-GB","potentialAction":[{"@type":"ReadAction","target":["https:\/\/storhogna.se\/plupp-pa-storhogna\/"]}]},{"@type":"ImageObject","inLanguage":"en-GB","@id":"https:\/\/storhogna.se\/plupp-pa-storhogna\/#primaryimage","url":"https:\/\/storhogna.se\/wp-content\/uploads\/Storhogna-plupp.jpg","contentUrl":"https:\/\/storhogna.se\/wp-content\/uploads\/Storhogna-plupp.jpg"},{"@type":"BreadcrumbList","@id":"https:\/\/storhogna.se\/plupp-pa-storhogna\/#breadcrumb","itemListElement":[{"@type":"ListItem","position":1,"name":"Hem","item":"https:\/\/storhogna.se\/"},{"@type":"ListItem","position":2,"name":"Plupp p\u00e5 Storhogna"}]},{"@type":"WebSite","@id":"https:\/\/storhogna.se\/#website","url":"https:\/\/storhogna.se\/","name":"Storhogna High Mountain Hotel &amp; Spa","description":"A genuine high mountain hotel with spa","potentialAction":[{"@type":"SearchAction","target":{"@type":"EntryPoint","urlTemplate":"https:\/\/storhogna.se\/?s={search_term_string}"},"query-input":{"@type":"PropertyValueSpecification","valueRequired":true,"valueName":"search_term_string"}}],"inLanguage":"en-GB"}]}},"_links":{"self":[{"href":"https:\/\/storhogna.se\/en\/wp-json\/wp\/v2\/pages\/8137","targetHints":{"allow":["GET"]}}],"collection":[{"href":"https:\/\/storhogna.se\/en\/wp-json\/wp\/v2\/pages"}],"about":[{"href":"https:\/\/storhogna.se\/en\/wp-json\/wp\/v2\/types\/page"}],"author":[{"embeddable":true,"href":"https:\/\/storhogna.se\/en\/wp-json\/wp\/v2\/users\/8"}],"replies":[{"embeddable":true,"href":"https:\/\/storhogna.se\/en\/wp-json\/wp\/v2\/comments?post=8137"}],"version-history":[{"count":30,"href":"https:\/\/storhogna.se\/en\/wp-json\/wp\/v2\/pages\/8137\/revisions"}],"predecessor-version":[{"id":14365,"href":"https:\/\/storhogna.se\/en\/wp-json\/wp\/v2\/pages\/8137\/revisions\/14365"}],"wp:attachment":[{"href":"https:\/\/storhogna.se\/en\/wp-json\/wp\/v2\/media?parent=8137"}],"wp:term":[{"taxonomy":"category","embeddable":true,"href":"https:\/\/storhogna.se\/en\/wp-json\/wp\/v2\/categories?post=8137"},{"taxonomy":"post_tag","embeddable":true,"href":"https:\/\/storhogna.se\/en\/wp-json\/wp\/v2\/tags?post=8137"}],"curies":[{"name":"wp","href":"https:\/\/api.w.org\/{rel}","templated":true}]}}