{"id":8204,"date":"2023-08-04T09:56:44","date_gmt":"2023-08-04T07:56:44","guid":{"rendered":"https:\/\/storhogna.se\/?page_id=8204"},"modified":"2025-12-22T14:16:08","modified_gmt":"2025-12-22T12:16:08","slug":"the-mountainside-newsagents","status":"publish","type":"page","link":"https:\/\/storhogna.se\/en\/the-mountainside-newsagents\/","title":{"rendered":"Mountainside New Year's box"},"content":{"rendered":"<div class=\"hero-slider\"><div class=\"splide\" data-slider=\"hero\" data-arrows=\"true\" data-interval=\"5\" data-transition=\"loop\" data-start-index=\"0\" id=\"hero-slider_1766405274743\" data-id=\"hero-slider_1766405274743\" data-custom-arrows=\"true\"><div class=\"splide__track\"><ul class=\"splide__list\"><li class=\"splide__slide\"><picture><source media=\"(max-width: 340px)\" srcset=\"https:\/\/storhogna.se\/wp-content\/uploads\/Storgona-feb-2023_Saragardegard-178-200x300.jpg\"\/><source media=\"(min-width: 341px)\" srcset=\"https:\/\/storhogna.se\/wp-content\/uploads\/Storgona-feb-2023_Saragardegard-178-scaled.jpg\"\/><img fetchpriority=\"high\" decoding=\"async\" class=\"fullscreen-image\" src=\"https:\/\/storhogna.se\/wp-content\/uploads\/Storgona-feb-2023_Saragardegard-178-scaled.jpg\" alt=\"\" width=\"1707\" height=\"2560\" loading=\"eager\" style=\"object-position:50% 47%\"\/><\/picture><\/li><\/ul><\/div><\/div><div class=\"hero-slider__filter\" data-active=\"true\"><\/div><div class=\"hero-slider__fixed-content\"><div class=\"hero-slider__text-block\" data-visible=\"true\"><div class=\"hero-slider__text-block-inner\">\n<div class=\"wp-block-columns is-layout-flex wp-container-core-columns-is-layout-9d6595d7 wp-block-columns-is-layout-flex\">\n<div class=\"wp-block-column is-layout-flow wp-block-column-is-layout-flow\">\n<h1 class=\"wp-block-heading\">Mountainside New Year's box<\/h1>\n\n\n\n<p>Get more time to celebrate the New Year with your loved ones.<\/p>\n<\/div>\n\n\n\n<div class=\"wp-block-column is-layout-flow wp-block-column-is-layout-flow\">\n<p>Celebrate the New Year with your loved ones and bring the restaurant feeling home with our New Year's Eve hamper. The box contains everything you need to serve a festive three-course menu.<\/p>\n<\/div>\n<\/div>\n<\/div><\/div><\/div><\/div>\n\n\n<div class=\"media-and-text\">\n    <div class=\"media-and-text__layout media-and-text__layout--invert  default-color default-background\">\n      <div class=\"media-and-text__media\">\n                            <div class=\"splide article-slider\" data-slider=\"basic\" data-custom-arrows=\"true\" id=\"basic-slider_1fcc3843732301e2829c4625116056\">\n            <div class=\"splide__track article-slider__track\">\n              <ul class=\"splide__list article-slider__list\">\n                                  <li class=\"splide__slide article-slider__slide\">\n                    <img decoding=\"async\"\n                      class=\"article-slider__image\"\n                      src=\"https:\/\/storhogna.se\/wp-content\/uploads\/new-years-eve-1283521_1920-1200x800.jpg\"\n                      srcset=\"https:\/\/storhogna.se\/wp-content\/uploads\/new-years-eve-1283521_1920-1200x800.jpg 1200w, https:\/\/storhogna.se\/wp-content\/uploads\/new-years-eve-1283521_1920-800x533.jpg 800w\"\n                      sizes=\"auto, (max-width: 600px), 1200px, 800px\"\n                      alt=\"Sparklers on fire\"\n                      width=\"1200\" \n                      height=\"800\" \n                      loading=\"lazy\"\n                      \/>\n                    <\/li>\n                              <\/ul>\n            <\/div>\n          <\/div>\n              <\/div>\n      <div class=\"media-and-text__content top\">\n        <div class=\"media-and-text__content-container\">\n          <div class=\"media-and-text__text\">\n            <h2 data-pm-slice=\"1 1 []\">Get rid of the mess in the kitchen<\/h2>\n<p data-pm-slice=\"1 1 []\">All you have to do is set the table and prepare the main course. Starter, dessert and side dishes are ready to be enjoyed. More time to celebrate the New Year with your loved ones.<\/p>\n<p data-pm-slice=\"1 1 []\">Price 750 kr\/person<\/p>\n<p data-pm-slice=\"1 1 []\">Can be pre-booked by 13.00 the day before. The box is collected between 09:00-11:00 on New Year's Eve at Fj\u00e4llsidan. Payment is made on site. The contents of the bag cannot be changed.<\/p>\n\n          <\/div>\n                              <div class=\"media-and-text__buttons\">\n                                        <a class=\"btn btn--fill media-and-text__button\" href=\"https:\/\/booking.resdiary.com\/widget\/Standard\/Fj\u00e4llsidan\/66502\" target=\" style=\"\">Book here<\/a>\n                      <\/div>\n                  <\/div>\n      <\/div>\n    <\/div>\n  <\/div>\n\n\n\n<div class=\"wp-block-cover is-light\"><span aria-hidden=\"true\" class=\"wp-block-cover__background has-background-dim-100 has-background-dim\" style=\"background-color:#eee2da\"><\/span><div class=\"wp-block-cover__inner-container is-layout-constrained wp-block-cover-is-layout-constrained\">\n<h3 class=\"wp-block-heading has-text-align-center has-large-font-size\"><strong>Menu 202<\/strong>5<\/h3>\n\n\n\n<p class=\"has-text-align-center\"><strong>&nbsp;&nbsp;Reindeer scrambled eggs<\/strong> <br>on rye bread with lingonberry metana &amp; pickled chanterelles<\/p>\n\n\n\n<p class=\"has-text-align-center\"><strong>Fillet of beef tournedos<\/strong> <br>with truffle sauce, oven-roasted tomato salad and potato cake with V\u00e4sterbotten cheese<\/p>\n\n\n\n<p class=\"has-text-align-center\"><strong>Chocolate fondant <\/strong><br>with rum marinated blueberries and roasted white chocolate<\/p>\n\n\n\n<p class=\"has-text-align-center\">&nbsp;&nbsp;&nbsp;&nbsp;&nbsp;&nbsp;&nbsp;&nbsp;<\/p>\n<\/div><\/div>\n\n\n\n<div style=\"height:30px\" aria-hidden=\"true\" class=\"wp-block-spacer\"><\/div>","protected":false},"excerpt":{"rendered":"<p>Celebrate the New Year with your loved ones and bring the restaurant feeling home with our New Year's Eve hamper. The box contains everything you need to serve a festive three-course menu.<\/p>","protected":false},"author":8,"featured_media":3686,"parent":0,"menu_order":0,"comment_status":"closed","ping_status":"closed","template":"","meta":{"_acf_changed":false,"footnotes":""},"categories":[],"tags":[],"class_list":["post-8204","page","type-page","status-publish","has-post-thumbnail","hentry"],"acf":[],"yoast_head":"<!-- This site is optimized with the Yoast SEO plugin v25.6 - https:\/\/yoast.com\/wordpress\/plugins\/seo\/ -->\n<title>Fj\u00e4llsidans Ny\u00e5rskasse - Storhogna H\u00f6gfj\u00e4llshotell &amp; Spa<\/title>\n<meta name=\"description\" content=\"Fira in det nya \u00e5ret med n\u00e4ra och k\u00e4ra och ta restaurangk\u00e4nslan hem med v\u00e5r Ny\u00e5rskasse. Kassen inneh\u00e5ller allt du beh\u00f6ver f\u00f6r att servera en festlig trer\u00e4ttersmeny.\" \/>\n<meta name=\"robots\" content=\"index, follow, max-snippet:-1, max-image-preview:large, max-video-preview:-1\" \/>\n<link rel=\"canonical\" href=\"https:\/\/storhogna.se\/en\/the-mountainside-newsagents\/\" \/>\n<meta property=\"og:locale\" content=\"en_GB\" \/>\n<meta property=\"og:type\" content=\"article\" \/>\n<meta property=\"og:title\" content=\"Fj\u00e4llsidans Ny\u00e5rskasse - Storhogna H\u00f6gfj\u00e4llshotell &amp; Spa\" \/>\n<meta property=\"og:description\" content=\"Fira in det nya \u00e5ret med n\u00e4ra och k\u00e4ra och ta restaurangk\u00e4nslan hem med v\u00e5r Ny\u00e5rskasse. Kassen inneh\u00e5ller allt du beh\u00f6ver f\u00f6r att servera en festlig trer\u00e4ttersmeny.\" \/>\n<meta property=\"og:url\" content=\"https:\/\/storhogna.se\/en\/the-mountainside-newsagents\/\" \/>\n<meta property=\"og:site_name\" content=\"Storhogna H\u00f6gfj\u00e4llshotell &amp; Spa\" \/>\n<meta property=\"article:publisher\" content=\"https:\/\/www.facebook.com\/storhogna\" \/>\n<meta property=\"article:modified_time\" content=\"2025-12-22T12:16:08+00:00\" \/>\n<meta property=\"og:image\" content=\"https:\/\/storhogna.se\/wp-content\/uploads\/new-years-eve-1283521_1920.jpg\" \/>\n\t<meta property=\"og:image:width\" content=\"1920\" \/>\n\t<meta property=\"og:image:height\" content=\"1280\" \/>\n\t<meta property=\"og:image:type\" content=\"image\/jpeg\" \/>\n<meta name=\"twitter:card\" content=\"summary_large_image\" \/>\n<meta name=\"twitter:label1\" content=\"Estimated reading time\" \/>\n\t<meta name=\"twitter:data1\" content=\"1 minute\" \/>\n<script type=\"application\/ld+json\" class=\"yoast-schema-graph\">{\"@context\":\"https:\/\/schema.org\",\"@graph\":[{\"@type\":\"WebPage\",\"@id\":\"https:\/\/storhogna.se\/fjallsidans-nyarskasse\/\",\"url\":\"https:\/\/storhogna.se\/fjallsidans-nyarskasse\/\",\"name\":\"Fj\u00e4llsidans Ny\u00e5rskasse - Storhogna H\u00f6gfj\u00e4llshotell &amp; Spa\",\"isPartOf\":{\"@id\":\"https:\/\/storhogna.se\/#website\"},\"primaryImageOfPage\":{\"@id\":\"https:\/\/storhogna.se\/fjallsidans-nyarskasse\/#primaryimage\"},\"image\":{\"@id\":\"https:\/\/storhogna.se\/fjallsidans-nyarskasse\/#primaryimage\"},\"thumbnailUrl\":\"https:\/\/storhogna.se\/wp-content\/uploads\/new-years-eve-1283521_1920.jpg\",\"datePublished\":\"2023-08-04T07:56:44+00:00\",\"dateModified\":\"2025-12-22T12:16:08+00:00\",\"description\":\"Fira in det nya \u00e5ret med n\u00e4ra och k\u00e4ra och ta restaurangk\u00e4nslan hem med v\u00e5r Ny\u00e5rskasse. Kassen inneh\u00e5ller allt du beh\u00f6ver f\u00f6r att servera en festlig trer\u00e4ttersmeny.\",\"breadcrumb\":{\"@id\":\"https:\/\/storhogna.se\/fjallsidans-nyarskasse\/#breadcrumb\"},\"inLanguage\":\"en-GB\",\"potentialAction\":[{\"@type\":\"ReadAction\",\"target\":[\"https:\/\/storhogna.se\/fjallsidans-nyarskasse\/\"]}]},{\"@type\":\"ImageObject\",\"inLanguage\":\"en-GB\",\"@id\":\"https:\/\/storhogna.se\/fjallsidans-nyarskasse\/#primaryimage\",\"url\":\"https:\/\/storhogna.se\/wp-content\/uploads\/new-years-eve-1283521_1920.jpg\",\"contentUrl\":\"https:\/\/storhogna.se\/wp-content\/uploads\/new-years-eve-1283521_1920.jpg\",\"width\":1920,\"height\":1280,\"caption\":\"Tomtebloss som brinner\"},{\"@type\":\"BreadcrumbList\",\"@id\":\"https:\/\/storhogna.se\/fjallsidans-nyarskasse\/#breadcrumb\",\"itemListElement\":[{\"@type\":\"ListItem\",\"position\":1,\"name\":\"Hem\",\"item\":\"https:\/\/storhogna.se\/\"},{\"@type\":\"ListItem\",\"position\":2,\"name\":\"Fj\u00e4llsidans Ny\u00e5rskasse\"}]},{\"@type\":\"WebSite\",\"@id\":\"https:\/\/storhogna.se\/#website\",\"url\":\"https:\/\/storhogna.se\/\",\"name\":\"Storhogna H\u00f6gfj\u00e4llshotell &amp; Spa\",\"description\":\"Ett genuint h\u00f6gfj\u00e4llshotell med spa\",\"potentialAction\":[{\"@type\":\"SearchAction\",\"target\":{\"@type\":\"EntryPoint\",\"urlTemplate\":\"https:\/\/storhogna.se\/?s={search_term_string}\"},\"query-input\":{\"@type\":\"PropertyValueSpecification\",\"valueRequired\":true,\"valueName\":\"search_term_string\"}}],\"inLanguage\":\"en-GB\"}]}<\/script>\n<!-- \/ Yoast SEO plugin. -->","yoast_head_json":{"title":"Fj\u00e4llsidans Ny\u00e5rskasse - Storhogna H\u00f6gfj\u00e4llshotell &amp; Spa","description":"Fira in det nya \u00e5ret med n\u00e4ra och k\u00e4ra och ta restaurangk\u00e4nslan hem med v\u00e5r Ny\u00e5rskasse. Kassen inneh\u00e5ller allt du beh\u00f6ver f\u00f6r att servera en festlig trer\u00e4ttersmeny.","robots":{"index":"index","follow":"follow","max-snippet":"max-snippet:-1","max-image-preview":"max-image-preview:large","max-video-preview":"max-video-preview:-1"},"canonical":"https:\/\/storhogna.se\/en\/the-mountainside-newsagents\/","og_locale":"en_GB","og_type":"article","og_title":"Fj\u00e4llsidans Ny\u00e5rskasse - Storhogna H\u00f6gfj\u00e4llshotell &amp; Spa","og_description":"Fira in det nya \u00e5ret med n\u00e4ra och k\u00e4ra och ta restaurangk\u00e4nslan hem med v\u00e5r Ny\u00e5rskasse. Kassen inneh\u00e5ller allt du beh\u00f6ver f\u00f6r att servera en festlig trer\u00e4ttersmeny.","og_url":"https:\/\/storhogna.se\/en\/the-mountainside-newsagents\/","og_site_name":"Storhogna H\u00f6gfj\u00e4llshotell &amp; Spa","article_publisher":"https:\/\/www.facebook.com\/storhogna","article_modified_time":"2025-12-22T12:16:08+00:00","og_image":[{"width":1920,"height":1280,"url":"https:\/\/storhogna.se\/wp-content\/uploads\/new-years-eve-1283521_1920.jpg","type":"image\/jpeg"}],"twitter_card":"summary_large_image","twitter_misc":{"Estimated reading time":"1 minute"},"schema":{"@context":"https:\/\/schema.org","@graph":[{"@type":"WebPage","@id":"https:\/\/storhogna.se\/fjallsidans-nyarskasse\/","url":"https:\/\/storhogna.se\/fjallsidans-nyarskasse\/","name":"Fj\u00e4llsidans Ny\u00e5rskasse - Storhogna H\u00f6gfj\u00e4llshotell &amp; Spa","isPartOf":{"@id":"https:\/\/storhogna.se\/#website"},"primaryImageOfPage":{"@id":"https:\/\/storhogna.se\/fjallsidans-nyarskasse\/#primaryimage"},"image":{"@id":"https:\/\/storhogna.se\/fjallsidans-nyarskasse\/#primaryimage"},"thumbnailUrl":"https:\/\/storhogna.se\/wp-content\/uploads\/new-years-eve-1283521_1920.jpg","datePublished":"2023-08-04T07:56:44+00:00","dateModified":"2025-12-22T12:16:08+00:00","description":"Fira in det nya \u00e5ret med n\u00e4ra och k\u00e4ra och ta restaurangk\u00e4nslan hem med v\u00e5r Ny\u00e5rskasse. Kassen inneh\u00e5ller allt du beh\u00f6ver f\u00f6r att servera en festlig trer\u00e4ttersmeny.","breadcrumb":{"@id":"https:\/\/storhogna.se\/fjallsidans-nyarskasse\/#breadcrumb"},"inLanguage":"en-GB","potentialAction":[{"@type":"ReadAction","target":["https:\/\/storhogna.se\/fjallsidans-nyarskasse\/"]}]},{"@type":"ImageObject","inLanguage":"en-GB","@id":"https:\/\/storhogna.se\/fjallsidans-nyarskasse\/#primaryimage","url":"https:\/\/storhogna.se\/wp-content\/uploads\/new-years-eve-1283521_1920.jpg","contentUrl":"https:\/\/storhogna.se\/wp-content\/uploads\/new-years-eve-1283521_1920.jpg","width":1920,"height":1280,"caption":"Tomtebloss som brinner"},{"@type":"BreadcrumbList","@id":"https:\/\/storhogna.se\/fjallsidans-nyarskasse\/#breadcrumb","itemListElement":[{"@type":"ListItem","position":1,"name":"Hem","item":"https:\/\/storhogna.se\/"},{"@type":"ListItem","position":2,"name":"Fj\u00e4llsidans Ny\u00e5rskasse"}]},{"@type":"WebSite","@id":"https:\/\/storhogna.se\/#website","url":"https:\/\/storhogna.se\/","name":"Storhogna H\u00f6gfj\u00e4llshotell &amp; Spa","description":"Ett genuint h\u00f6gfj\u00e4llshotell med spa","potentialAction":[{"@type":"SearchAction","target":{"@type":"EntryPoint","urlTemplate":"https:\/\/storhogna.se\/?s={search_term_string}"},"query-input":{"@type":"PropertyValueSpecification","valueRequired":true,"valueName":"search_term_string"}}],"inLanguage":"en-GB"}]}},"_links":{"self":[{"href":"https:\/\/storhogna.se\/en\/wp-json\/wp\/v2\/pages\/8204","targetHints":{"allow":["GET"]}}],"collection":[{"href":"https:\/\/storhogna.se\/en\/wp-json\/wp\/v2\/pages"}],"about":[{"href":"https:\/\/storhogna.se\/en\/wp-json\/wp\/v2\/types\/page"}],"author":[{"embeddable":true,"href":"https:\/\/storhogna.se\/en\/wp-json\/wp\/v2\/users\/8"}],"replies":[{"embeddable":true,"href":"https:\/\/storhogna.se\/en\/wp-json\/wp\/v2\/comments?post=8204"}],"version-history":[{"count":33,"href":"https:\/\/storhogna.se\/en\/wp-json\/wp\/v2\/pages\/8204\/revisions"}],"predecessor-version":[{"id":15793,"href":"https:\/\/storhogna.se\/en\/wp-json\/wp\/v2\/pages\/8204\/revisions\/15793"}],"wp:featuredmedia":[{"embeddable":true,"href":"https:\/\/storhogna.se\/en\/wp-json\/wp\/v2\/media\/3686"}],"wp:attachment":[{"href":"https:\/\/storhogna.se\/en\/wp-json\/wp\/v2\/media?parent=8204"}],"wp:term":[{"taxonomy":"category","embeddable":true,"href":"https:\/\/storhogna.se\/en\/wp-json\/wp\/v2\/categories?post=8204"},{"taxonomy":"post_tag","embeddable":true,"href":"https:\/\/storhogna.se\/en\/wp-json\/wp\/v2\/tags?post=8204"}],"curies":[{"name":"wp","href":"https:\/\/api.w.org\/{rel}","templated":true}]}}