{"id":8603,"date":"2023-10-03T15:27:33","date_gmt":"2023-10-03T13:27:33","guid":{"rendered":"https:\/\/storhogna.se\/?page_id=8603"},"modified":"2026-03-02T14:16:28","modified_gmt":"2026-03-02T12:16:28","slug":"mountain-inspo","status":"publish","type":"page","link":"https:\/\/storhogna.se\/en\/fjallinspo\/","title":{"rendered":"Mountain inspiration"},"content":{"rendered":"<div class=\"hero-slider\"><div class=\"splide\" data-slider=\"hero\" data-arrows=\"true\" data-interval=\"5\" data-transition=\"loop\" data-start-index=\"0\" id=\"hero-slider_1772453769162\" data-id=\"hero-slider_1772453769162\" data-custom-arrows=\"true\"><div class=\"splide__track\"><ul class=\"splide__list\"><li class=\"splide__slide\"><picture><source media=\"(max-width: 340px)\" srcset=\"https:\/\/storhogna.se\/wp-content\/uploads\/DSC_2096-3-300x200.jpg\"\/><source media=\"(min-width: 341px)\" srcset=\"https:\/\/storhogna.se\/wp-content\/uploads\/DSC_2096-3-scaled.jpg\"\/><img fetchpriority=\"high\" decoding=\"async\" class=\"fullscreen-image\" src=\"https:\/\/storhogna.se\/wp-content\/uploads\/DSC_2096-3-scaled.jpg\" alt=\"\" width=\"2560\" height=\"1707\" loading=\"eager\" style=\"object-position:50% 50%\"\/><\/picture><\/li><\/ul><\/div><\/div><div class=\"hero-slider__filter\" data-active=\"true\"><\/div><div class=\"hero-slider__fixed-content\"><div class=\"hero-slider__text-block\" data-visible=\"true\"><div class=\"hero-slider__text-block-inner\">\n<div class=\"wp-block-columns is-layout-flex wp-container-core-columns-is-layout-9d6595d7 wp-block-columns-is-layout-flex\">\n<div class=\"wp-block-column is-layout-flow wp-block-column-is-layout-flow\">\n<h1 class=\"wp-block-heading\">Mountain inspiration<\/h1>\n\n\n\n<p>Find inspiration and ideas for your stay in the mountains<\/p>\n<\/div>\n\n\n\n<div class=\"wp-block-column is-layout-flow wp-block-column-is-layout-flow\">\n<p>Here we have collected all our inspiring mountain inspiration articles. <\/p>\n<\/div>\n<\/div>\n<\/div><\/div><\/div><\/div><div class=\"breadcrumbs\"><span><span><a href=\"https:\/\/storhogna.se\/en\/\">Home<\/a><\/span><\/span><\/div>\n\n\n<div class=\"block-listing\">\n  <div class=\"block-listing__layout\">\n                  <div class=\"block-listing__card block-listing__card--default block-listing__card--0\">\n        <a class=\"block-listing__link\" href=\"https:\/\/storhogna.se\/en\/info\/njut-av-femte-arstiden-varvintern\/\">\n          <div class=\"block-listing__filter\"><\/div>\n                    <img decoding=\"async\" class=\"block-listing__image\" src=\"https:\/\/storhogna.se\/wp-content\/uploads\/Storgona-feb-2023_Saragardegard-127-1-600x600.jpg\" width=\"600\" height=\"600\" alt=\"#\" loading=\"lazy\"\/>\n                              <h3 class=\"block-listing__title\">Enjoy the fifth season, spring-winter  <\/h3>\n        <\/a>\n        \n        <div class=\"block-listing__hover-content\">\n          <div>\n            <div class=\"block-listing__hover-title\">\n              Enjoy the fifth season, spring-winter\n                          <\/div>\n            <div class=\"block-listing__excerpt\">Sunrise and calm before Easter then full speed ahead at Easter - the glorious spring winter is the time after all the sports holidays and until winter says goodbye!<\/div>                                   <\/div>\n          <div class=\"block-listing__buttons\">\n                        <span class=\"block-listing__splash\"><\/span>\n                                                            <a class=\"block-listing__button block-listing__button--red btn\" href=\"https:\/\/storhogna.se\/en\/info\/njut-av-femte-arstiden-varvintern\/\" target=\"\">Read more<\/a>\n                      <\/div>\n        <\/div>\n        \n      <\/div>\n                        <div class=\"block-listing__card block-listing__card--default block-listing__card--1\">\n        <a class=\"block-listing__link\" href=\"https:\/\/storhogna.se\/en\/info\/vett-etikett-i-skidparet\/\">\n          <div class=\"block-listing__filter\"><\/div>\n                    <img decoding=\"async\" class=\"block-listing__image\" src=\"https:\/\/storhogna.se\/wp-content\/uploads\/Storhogna_januari26_Henrikljusberg_web88-1-600x600.jpg\" width=\"600\" height=\"600\" alt=\"#\" loading=\"lazy\"\/>\n                              <h3 class=\"block-listing__title\">Etiquette on the ski slopes  <\/h3>\n        <\/a>\n        \n        <div class=\"block-listing__hover-content\">\n          <div>\n            <div class=\"block-listing__hover-title\">\n              Etiquette on the ski slopes\n                          <\/div>\n            <div class=\"block-listing__excerpt\">Behind each freshly laid metre are many hours of work, often early in the morning or late at night. To make the trails last long and work for everyone, especially when there are many people out at the same time, we need to show consideration. By following a few simple rules, we can contribute to both enjoyment and sustainable trails.<\/div>                                   <\/div>\n          <div class=\"block-listing__buttons\">\n                        <span class=\"block-listing__splash\"><\/span>\n                                                            <a class=\"block-listing__button block-listing__button--red btn\" href=\"https:\/\/storhogna.se\/en\/info\/vett-etikett-i-skidparet\/\" target=\"\">Read more<\/a>\n                      <\/div>\n        <\/div>\n        \n      <\/div>\n                        <div class=\"block-listing__card block-listing__card--default block-listing__card--2\">\n        <a class=\"block-listing__link\" href=\"https:\/\/storhogna.se\/en\/hogfjallsrundan\/\">\n          <div class=\"block-listing__filter\"><\/div>\n                    <img decoding=\"async\" class=\"block-listing__image\" src=\"https:\/\/storhogna.se\/wp-content\/uploads\/Storgona-feb-2023_Saragardegard-103-1-600x600.jpg\" width=\"600\" height=\"600\" alt=\"#\" loading=\"lazy\"\/>\n                              <h3 class=\"block-listing__title\">High mountain round trip  <\/h3>\n        <\/a>\n        \n        <div class=\"block-listing__hover-content\">\n          <div>\n            <div class=\"block-listing__hover-title\">\n              High mountain round trip\n                          <\/div>\n            <div class=\"block-listing__excerpt\">The hotel's own machine-made tracks on Sl\u00e4ttfj\u00e4llet for both classic and skate skiing.<\/div>                                   <\/div>\n          <div class=\"block-listing__buttons\">\n                        <span class=\"block-listing__splash\"><\/span>\n                                                            <a class=\"block-listing__button block-listing__button--red btn\" href=\"https:\/\/storhogna.se\/en\/hogfjallsrundan\/\" target=\"\">Read more<\/a>\n                      <\/div>\n        <\/div>\n        \n      <\/div>\n                        <div class=\"block-listing__card block-listing__card--default block-listing__card--3\">\n        <a class=\"block-listing__link\" href=\"https:\/\/storhogna.se\/en\/info\/hitta-din-vandringstur-i-storhogna\/\">\n          <div class=\"block-listing__filter\"><\/div>\n                    <img decoding=\"async\" class=\"block-listing__image\" src=\"https:\/\/storhogna.se\/wp-content\/uploads\/storhogna5551-600x600.jpg\" width=\"600\" height=\"600\" alt=\"#\" loading=\"lazy\"\/>\n                              <h3 class=\"block-listing__title\">Find your walking tour in Storhogna  <\/h3>\n        <\/a>\n        \n        <div class=\"block-listing__hover-content\">\n          <div>\n            <div class=\"block-listing__hover-title\">\n              Find your walking tour in Storhogna\n                          <\/div>\n            <div class=\"block-listing__excerpt\">In Storhogna, the hiking trails are right on the doorstep and in Destination Vemdalen there is a variety of trails of different difficulty and character. Discover our top three hiking tours.<\/div>                                   <\/div>\n          <div class=\"block-listing__buttons\">\n                        <span class=\"block-listing__splash\"><\/span>\n                                                            <a class=\"block-listing__button block-listing__button--red btn\" href=\"https:\/\/storhogna.se\/en\/info\/hitta-din-vandringstur-i-storhogna\/\" target=\"\">Read more<\/a>\n                      <\/div>\n        <\/div>\n        \n      <\/div>\n                        <div class=\"block-listing__card block-listing__card--default block-listing__card--4\">\n        <a class=\"block-listing__link\" href=\"https:\/\/storhogna.se\/en\/info\/fira-hostlovet-i-fjallen\/\">\n          <div class=\"block-listing__filter\"><\/div>\n                    <img decoding=\"async\" class=\"block-listing__image\" src=\"https:\/\/storhogna.se\/wp-content\/uploads\/plupp-2-600x600.jpg\" width=\"600\" height=\"600\" alt=\"#\" loading=\"lazy\"\/>\n                              <h3 class=\"block-listing__title\">Celebrate the autumn holidays in the mountains  <\/h3>\n        <\/a>\n        \n        <div class=\"block-listing__hover-content\">\n          <div>\n            <div class=\"block-listing__hover-title\">\n              Celebrate the autumn holidays in the mountains\n                          <\/div>\n            <div class=\"block-listing__excerpt\">Welcome to celebrate a magical autumn holiday with us at Storhogna H\u00f6gfj\u00e4llshotell &amp; Spa, in the middle of the beautiful mountain world<\/div>                                   <\/div>\n          <div class=\"block-listing__buttons\">\n                        <span class=\"block-listing__splash\"><\/span>\n                                                            <a class=\"block-listing__button block-listing__button--red btn\" href=\"https:\/\/storhogna.se\/en\/info\/fira-hostlovet-i-fjallen\/\" target=\"\">Read more<\/a>\n                      <\/div>\n        <\/div>\n        \n      <\/div>\n                        <div class=\"block-listing__card block-listing__card--default block-listing__card--5\">\n        <a class=\"block-listing__link\" href=\"https:\/\/storhogna.se\/en\/info\/fem-anledningar-att-fira-nyar-i-fjallen\/\">\n          <div class=\"block-listing__filter\"><\/div>\n                    <img decoding=\"async\" class=\"block-listing__image\" src=\"https:\/\/storhogna.se\/wp-content\/uploads\/new-years-eve-1283521_1920-600x600.jpg\" width=\"600\" height=\"600\" alt=\"#\" loading=\"lazy\"\/>\n                              <h3 class=\"block-listing__title\">Five reasons to celebrate New Year in the mountains!  <\/h3>\n        <\/a>\n        \n        <div class=\"block-listing__hover-content\">\n          <div>\n            <div class=\"block-listing__hover-title\">\n              Five reasons to celebrate New Year in the mountains!\n                          <\/div>\n            <div class=\"block-listing__excerpt\">In Storhogna, the hiking trails are right on the doorstep and in Destination Vemdalen there is a variety of trails of different difficulty and character. Discover our top three hiking tours.<\/div>                                   <\/div>\n          <div class=\"block-listing__buttons\">\n                        <span class=\"block-listing__splash\"><\/span>\n                                                            <a class=\"block-listing__button block-listing__button--red btn\" href=\"https:\/\/storhogna.se\/en\/info\/fem-anledningar-att-fira-nyar-i-fjallen\/\" target=\"\">Read more<\/a>\n                      <\/div>\n        <\/div>\n        \n      <\/div>\n                        <div class=\"block-listing__card block-listing__card--default block-listing__card--6\">\n        <a class=\"block-listing__link\" href=\"https:\/\/storhogna.se\/en\/info\/njut-av-spotlovet-i-fjallen-med-hela-familjen\/\">\n          <div class=\"block-listing__filter\"><\/div>\n                    <img decoding=\"async\" class=\"block-listing__image\" src=\"https:\/\/storhogna.se\/wp-content\/uploads\/Storgona-feb-2023_Saragardegard-204-1-600x600.jpg\" width=\"600\" height=\"600\" alt=\"#\" loading=\"lazy\"\/>\n                              <h3 class=\"block-listing__title\">Enjoy a spot holiday in the mountains with the whole family  <\/h3>\n        <\/a>\n        \n        <div class=\"block-listing__hover-content\">\n          <div>\n            <div class=\"block-listing__hover-title\">\n              Enjoy a spot holiday in the mountains with the whole family\n                          <\/div>\n            <div class=\"block-listing__excerpt\">Sports holidays are the long-awaited break in the middle of winter, giving families the chance to make memories together and enjoy winter adventures.<\/div>                                   <\/div>\n          <div class=\"block-listing__buttons\">\n                        <span class=\"block-listing__splash\"><\/span>\n                                                            <a class=\"block-listing__button block-listing__button--red btn\" href=\"https:\/\/storhogna.se\/en\/info\/njut-av-spotlovet-i-fjallen-med-hela-familjen\/\" target=\"\">Read more<\/a>\n                      <\/div>\n        <\/div>\n        \n      <\/div>\n            <\/div>\n<\/div>\n\n\n\n\n<div id=\"two-columns-block-0\" class=\"two-columns-block\">\n    \n\n<div class=\"wp-block-columns two-columns is-layout-flex wp-container-core-columns-is-layout-9d6595d7 wp-block-columns-is-layout-flex\">\n<div class=\"wp-block-column columns-block-1 is-layout-flow wp-block-column-is-layout-flow\" style=\"flex-basis:65%\"><\/div>\n\n\n\n<div class=\"wp-block-column columns-block-2 is-layout-flow wp-block-column-is-layout-flow\" style=\"flex-basis:35%\">\n<p><\/p>\n<\/div>\n<\/div>\n\n\n<\/div>","protected":false},"excerpt":{"rendered":"<p>Find inspiration and ideas for your stay in the mountains. Here we have collected all our inspiring mountain inspiration articles.<\/p>","protected":false},"author":8,"featured_media":11051,"parent":0,"menu_order":0,"comment_status":"closed","ping_status":"closed","template":"","meta":{"_acf_changed":false,"footnotes":""},"categories":[],"tags":[],"class_list":["post-8603","page","type-page","status-publish","has-post-thumbnail","hentry"],"acf":[],"yoast_head":"<!-- This site is optimized with the Yoast SEO plugin v27.3 - https:\/\/yoast.com\/product\/yoast-seo-wordpress\/ -->\n<title>Fj\u00e4llinspo - Storhogna H\u00f6gfj\u00e4llshotell &amp; Spa<\/title>\n<meta name=\"robots\" content=\"index, follow, max-snippet:-1, max-image-preview:large, max-video-preview:-1\" \/>\n<link rel=\"canonical\" href=\"https:\/\/storhogna.se\/en\/mountain-inspo\/\" \/>\n<meta property=\"og:locale\" content=\"en_GB\" \/>\n<meta property=\"og:type\" content=\"article\" \/>\n<meta property=\"og:title\" content=\"Fj\u00e4llinspo - Storhogna H\u00f6gfj\u00e4llshotell &amp; Spa\" \/>\n<meta property=\"og:description\" content=\"Hitta inspiration och id\u00e9er till din fj\u00e4llvistelse. H\u00e4r har vi samlat alla v\u00e5ra inspirerande fj\u00e4llinspoartiklar.\" \/>\n<meta property=\"og:url\" content=\"https:\/\/storhogna.se\/en\/mountain-inspo\/\" \/>\n<meta property=\"og:site_name\" content=\"Storhogna H\u00f6gfj\u00e4llshotell &amp; Spa\" \/>\n<meta property=\"article:publisher\" content=\"https:\/\/www.facebook.com\/storhogna\" \/>\n<meta property=\"article:modified_time\" content=\"2026-03-02T12:16:28+00:00\" \/>\n<meta property=\"og:image\" content=\"https:\/\/storhogna.se\/wp-content\/uploads\/fjallvandrare-paus-host-kalfjallet.jpeg\" \/>\n\t<meta property=\"og:image:width\" content=\"2560\" \/>\n\t<meta property=\"og:image:height\" content=\"1440\" \/>\n\t<meta property=\"og:image:type\" content=\"image\/jpeg\" \/>\n<meta name=\"twitter:card\" content=\"summary_large_image\" \/>\n<meta name=\"twitter:label1\" content=\"Estimated reading time\" \/>\n\t<meta name=\"twitter:data1\" content=\"1 minute\" \/>\n<script type=\"application\/ld+json\" class=\"yoast-schema-graph\">{\"@context\":\"https:\\\/\\\/schema.org\",\"@graph\":[{\"@type\":\"WebPage\",\"@id\":\"https:\\\/\\\/storhogna.se\\\/fjallinspo\\\/\",\"url\":\"https:\\\/\\\/storhogna.se\\\/fjallinspo\\\/\",\"name\":\"Fj\u00e4llinspo - Storhogna H\u00f6gfj\u00e4llshotell &amp; Spa\",\"isPartOf\":{\"@id\":\"https:\\\/\\\/storhogna.se\\\/#website\"},\"primaryImageOfPage\":{\"@id\":\"https:\\\/\\\/storhogna.se\\\/fjallinspo\\\/#primaryimage\"},\"image\":{\"@id\":\"https:\\\/\\\/storhogna.se\\\/fjallinspo\\\/#primaryimage\"},\"thumbnailUrl\":\"https:\\\/\\\/storhogna.se\\\/wp-content\\\/uploads\\\/fjallvandrare-paus-host-kalfjallet.jpeg\",\"datePublished\":\"2023-10-03T13:27:33+00:00\",\"dateModified\":\"2026-03-02T12:16:28+00:00\",\"breadcrumb\":{\"@id\":\"https:\\\/\\\/storhogna.se\\\/fjallinspo\\\/#breadcrumb\"},\"inLanguage\":\"en-GB\",\"potentialAction\":[{\"@type\":\"ReadAction\",\"target\":[\"https:\\\/\\\/storhogna.se\\\/fjallinspo\\\/\"]}]},{\"@type\":\"ImageObject\",\"inLanguage\":\"en-GB\",\"@id\":\"https:\\\/\\\/storhogna.se\\\/fjallinspo\\\/#primaryimage\",\"url\":\"https:\\\/\\\/storhogna.se\\\/wp-content\\\/uploads\\\/fjallvandrare-paus-host-kalfjallet.jpeg\",\"contentUrl\":\"https:\\\/\\\/storhogna.se\\\/wp-content\\\/uploads\\\/fjallvandrare-paus-host-kalfjallet.jpeg\",\"width\":2560,\"height\":1440,\"caption\":\"Fj\u00e4llvandrare tar en paus p\u00e5 h\u00f6stligt kalfj\u00e4ll\"},{\"@type\":\"BreadcrumbList\",\"@id\":\"https:\\\/\\\/storhogna.se\\\/fjallinspo\\\/#breadcrumb\",\"itemListElement\":[{\"@type\":\"ListItem\",\"position\":1,\"name\":\"Hem\",\"item\":\"https:\\\/\\\/storhogna.se\\\/\"},{\"@type\":\"ListItem\",\"position\":2,\"name\":\"Fj\u00e4llinspo\"}]},{\"@type\":\"WebSite\",\"@id\":\"https:\\\/\\\/storhogna.se\\\/#website\",\"url\":\"https:\\\/\\\/storhogna.se\\\/\",\"name\":\"Storhogna H\u00f6gfj\u00e4llshotell &amp; Spa\",\"description\":\"Ett genuint h\u00f6gfj\u00e4llshotell med spa\",\"potentialAction\":[{\"@type\":\"SearchAction\",\"target\":{\"@type\":\"EntryPoint\",\"urlTemplate\":\"https:\\\/\\\/storhogna.se\\\/?s={search_term_string}\"},\"query-input\":{\"@type\":\"PropertyValueSpecification\",\"valueRequired\":true,\"valueName\":\"search_term_string\"}}],\"inLanguage\":\"en-GB\"}]}<\/script>\n<!-- \/ Yoast SEO plugin. -->","yoast_head_json":{"title":"Mountain inspiration - Storhogna H\u00f6gfj\u00e4llshotell &amp; Spa","robots":{"index":"index","follow":"follow","max-snippet":"max-snippet:-1","max-image-preview":"max-image-preview:large","max-video-preview":"max-video-preview:-1"},"canonical":"https:\/\/storhogna.se\/en\/mountain-inspo\/","og_locale":"en_GB","og_type":"article","og_title":"Fj\u00e4llinspo - Storhogna H\u00f6gfj\u00e4llshotell &amp; Spa","og_description":"Hitta inspiration och id\u00e9er till din fj\u00e4llvistelse. H\u00e4r har vi samlat alla v\u00e5ra inspirerande fj\u00e4llinspoartiklar.","og_url":"https:\/\/storhogna.se\/en\/mountain-inspo\/","og_site_name":"Storhogna H\u00f6gfj\u00e4llshotell &amp; Spa","article_publisher":"https:\/\/www.facebook.com\/storhogna","article_modified_time":"2026-03-02T12:16:28+00:00","og_image":[{"width":2560,"height":1440,"url":"https:\/\/storhogna.se\/wp-content\/uploads\/fjallvandrare-paus-host-kalfjallet.jpeg","type":"image\/jpeg"}],"twitter_card":"summary_large_image","twitter_misc":{"Estimated reading time":"1 minute"},"schema":{"@context":"https:\/\/schema.org","@graph":[{"@type":"WebPage","@id":"https:\/\/storhogna.se\/fjallinspo\/","url":"https:\/\/storhogna.se\/fjallinspo\/","name":"Mountain inspiration - Storhogna H\u00f6gfj\u00e4llshotell &amp; Spa","isPartOf":{"@id":"https:\/\/storhogna.se\/#website"},"primaryImageOfPage":{"@id":"https:\/\/storhogna.se\/fjallinspo\/#primaryimage"},"image":{"@id":"https:\/\/storhogna.se\/fjallinspo\/#primaryimage"},"thumbnailUrl":"https:\/\/storhogna.se\/wp-content\/uploads\/fjallvandrare-paus-host-kalfjallet.jpeg","datePublished":"2023-10-03T13:27:33+00:00","dateModified":"2026-03-02T12:16:28+00:00","breadcrumb":{"@id":"https:\/\/storhogna.se\/fjallinspo\/#breadcrumb"},"inLanguage":"en-GB","potentialAction":[{"@type":"ReadAction","target":["https:\/\/storhogna.se\/fjallinspo\/"]}]},{"@type":"ImageObject","inLanguage":"en-GB","@id":"https:\/\/storhogna.se\/fjallinspo\/#primaryimage","url":"https:\/\/storhogna.se\/wp-content\/uploads\/fjallvandrare-paus-host-kalfjallet.jpeg","contentUrl":"https:\/\/storhogna.se\/wp-content\/uploads\/fjallvandrare-paus-host-kalfjallet.jpeg","width":2560,"height":1440,"caption":"Fj\u00e4llvandrare tar en paus p\u00e5 h\u00f6stligt kalfj\u00e4ll"},{"@type":"BreadcrumbList","@id":"https:\/\/storhogna.se\/fjallinspo\/#breadcrumb","itemListElement":[{"@type":"ListItem","position":1,"name":"Hem","item":"https:\/\/storhogna.se\/"},{"@type":"ListItem","position":2,"name":"Fj\u00e4llinspo"}]},{"@type":"WebSite","@id":"https:\/\/storhogna.se\/#website","url":"https:\/\/storhogna.se\/","name":"Storhogna High Mountain Hotel &amp; Spa","description":"A genuine high mountain hotel with spa","potentialAction":[{"@type":"SearchAction","target":{"@type":"EntryPoint","urlTemplate":"https:\/\/storhogna.se\/?s={search_term_string}"},"query-input":{"@type":"PropertyValueSpecification","valueRequired":true,"valueName":"search_term_string"}}],"inLanguage":"en-GB"}]}},"_links":{"self":[{"href":"https:\/\/storhogna.se\/en\/wp-json\/wp\/v2\/pages\/8603","targetHints":{"allow":["GET"]}}],"collection":[{"href":"https:\/\/storhogna.se\/en\/wp-json\/wp\/v2\/pages"}],"about":[{"href":"https:\/\/storhogna.se\/en\/wp-json\/wp\/v2\/types\/page"}],"author":[{"embeddable":true,"href":"https:\/\/storhogna.se\/en\/wp-json\/wp\/v2\/users\/8"}],"replies":[{"embeddable":true,"href":"https:\/\/storhogna.se\/en\/wp-json\/wp\/v2\/comments?post=8603"}],"version-history":[{"count":28,"href":"https:\/\/storhogna.se\/en\/wp-json\/wp\/v2\/pages\/8603\/revisions"}],"predecessor-version":[{"id":16589,"href":"https:\/\/storhogna.se\/en\/wp-json\/wp\/v2\/pages\/8603\/revisions\/16589"}],"wp:featuredmedia":[{"embeddable":true,"href":"https:\/\/storhogna.se\/en\/wp-json\/wp\/v2\/media\/11051"}],"wp:attachment":[{"href":"https:\/\/storhogna.se\/en\/wp-json\/wp\/v2\/media?parent=8603"}],"wp:term":[{"taxonomy":"category","embeddable":true,"href":"https:\/\/storhogna.se\/en\/wp-json\/wp\/v2\/categories?post=8603"},{"taxonomy":"post_tag","embeddable":true,"href":"https:\/\/storhogna.se\/en\/wp-json\/wp\/v2\/tags?post=8603"}],"curies":[{"name":"wp","href":"https:\/\/api.w.org\/{rel}","templated":true}]}}