{"id":9019,"date":"2023-10-17T22:31:55","date_gmt":"2023-10-17T20:31:55","guid":{"rendered":"https:\/\/storhogna.se\/?page_id=9019"},"modified":"2025-10-23T13:28:42","modified_gmt":"2025-10-23T11:28:42","slug":"cessation-programme","status":"publish","type":"page","link":"https:\/\/storhogna.se\/en\/hostlovsprogram\/","title":{"rendered":"Autumn holiday programme"},"content":{"rendered":"<div class=\"hero-slider\"><div class=\"splide\" data-slider=\"hero\" data-arrows=\"true\" data-interval=\"5\" data-transition=\"loop\" data-start-index=\"0\" id=\"hero-slider_1761218884801\" data-id=\"hero-slider_1761218884801\" data-custom-arrows=\"true\"><div class=\"splide__track\"><ul class=\"splide__list\"><li class=\"splide__slide\"><picture><source media=\"(max-width: 340px)\" srcset=\"https:\/\/storhogna.se\/wp-content\/uploads\/Boksignering-plupps-naturbok-300x147.jpg\"\/><source media=\"(min-width: 341px)\" srcset=\"https:\/\/storhogna.se\/wp-content\/uploads\/Boksignering-plupps-naturbok-scaled.jpg\"\/><img fetchpriority=\"high\" decoding=\"async\" class=\"fullscreen-image\" src=\"https:\/\/storhogna.se\/wp-content\/uploads\/Boksignering-plupps-naturbok-scaled.jpg\" alt=\"\" width=\"2560\" height=\"1254\" loading=\"eager\" style=\"object-position:50% 50%\"\/><\/picture><\/li><\/ul><\/div><\/div><div class=\"hero-slider__filter\" data-active=\"true\"><\/div><div class=\"hero-slider__fixed-content\"><div class=\"hero-slider__text-block\" data-visible=\"true\"><div class=\"hero-slider__text-block-inner\">\n<div class=\"wp-block-columns is-layout-flex wp-container-core-columns-is-layout-9d6595d7 wp-block-columns-is-layout-flex\">\n<div class=\"wp-block-column is-layout-flow wp-block-column-is-layout-flow\">\n<h1 class=\"wp-block-heading\">Autumn holiday programme 2025<\/h1>\n\n\n\n<p>A whole week of activities for young and old.<\/p>\n<\/div>\n\n\n\n<div class=\"wp-block-column is-layout-flow wp-block-column-is-layout-flow\">\n<p>As usual, the programme is filled with fun activities throughout the Easter holidays. Have fun with crafts, cinema, meet Plupp and much more.<\/p>\n<\/div>\n<\/div>\n<\/div><\/div><\/div><\/div>\n\n\n\n<div style=\"height:50px\" aria-hidden=\"true\" class=\"wp-block-spacer\"><\/div>\n\n\n<div class=\"media-and-text\">\n    <div class=\"media-and-text__layout  default-color default-background media-and-text__layout--full-width-invert\">\n      <div class=\"media-and-text__media column-full-width\">\n                  <img decoding=\"async\"\n          class=\"media-and-text__single-image\"\n          src=\"https:\/\/storhogna.se\/wp-content\/uploads\/barn-i-badrock-pa-spa-1200x675.jpg\"\n          srcset=\"https:\/\/storhogna.se\/wp-content\/uploads\/barn-i-badrock-pa-spa-1200x675.jpg 1200w, https:\/\/storhogna.se\/wp-content\/uploads\/barn-i-badrock-pa-spa-1200x675.jpg 1200w\"\n          sizes=\"auto, (max-width: 500px) 1200px, 1200px\"\n          alt=\"Children in bathrobes at Storhogna H\u00f6gfj\u00e4llshotell &amp; Spa\"\n          width=\"1200\" \n          height=\"675\" \n          loading=\"lazy\"\n          \/>\n              <\/div>\n      <div class=\"media-and-text__content top column-full-width\">\n        <div class=\"media-and-text__content-container\">\n          <div class=\"media-and-text__text\">\n            <h4><img loading=\"lazy\" decoding=\"async\" class=\"alignnone  wp-image-8130\" src=\"https:\/\/storhogna.se\/wp-content\/uploads\/Plupp-approved-300x300.png\" alt=\"\" width=\"185\" height=\"185\" srcset=\"https:\/\/storhogna.se\/wp-content\/uploads\/Plupp-approved-300x300.png 300w, https:\/\/storhogna.se\/wp-content\/uploads\/Plupp-approved-150x150.png 150w, https:\/\/storhogna.se\/wp-content\/uploads\/Plupp-approved-100x100.png 100w, https:\/\/storhogna.se\/wp-content\/uploads\/Plupp-approved-400x400.png 400w, https:\/\/storhogna.se\/wp-content\/uploads\/Plupp-approved.png 500w\" sizes=\"auto, (max-width: 185px) 100vw, 185px\" \/><\/h4>\n<h4>Monday 27 October<\/h4>\n<p class=\"cvGsUA direction-ltr align-start para-style-body\"><strong><span class=\"a_GcMg font-feature-liga-off font-feature-clig-off font-feature-calt-off text-decoration-none text-strikethrough-none\">11-11.30<\/span>\u00a0MEETING PEOPLE<span class=\"a_GcMg font-feature-liga-off font-feature-clig-off font-feature-calt-off text-decoration-none text-strikethrough-none\">\u00a0|\u00a0<\/span><\/strong><span class=\"a_GcMg font-feature-liga-off font-feature-clig-off font-feature-calt-off text-decoration-none text-strikethrough-none\">Plupp greets the children at his hut on the edge of the mountain and tells them about his and his friends' adventures.<\/span><\/p>\n<p class=\"cvGsUA direction-ltr align-start para-style-body\"><strong><span class=\"a_GcMg font-feature-liga-off font-feature-clig-off font-feature-calt-off text-decoration-none text-strikethrough-none\">13.00<\/span>\u00a0<span class=\"a_GcMg font-feature-liga-off font-feature-clig-off font-feature-calt-off text-decoration-none text-strikethrough-none\">PLUPPS TREASURE HUNT |\u00a0<\/span><\/strong><span class=\"a_GcMg font-feature-liga-off font-feature-clig-off font-feature-calt-off text-decoration-none text-strikethrough-none\">Meet at the reception desk,\u00a0<\/span><span class=\"a_GcMg font-feature-liga-off font-feature-clig-off font-feature-calt-off text-decoration-none text-strikethrough-none\">50 kr\/child.<\/span><\/p>\n<h4>Tuesday 28 October<\/h4>\n<p class=\"cvGsUA direction-ltr align-start para-style-body\"><span class=\"a_GcMg font-feature-liga-off font-feature-clig-off font-feature-calt-off text-decoration-none text-strikethrough-none\"><strong>13.00 FISHING COMPETITION |<\/strong>\u00a0<\/span><span class=\"a_GcMg font-feature-liga-off font-feature-clig-off font-feature-calt-off text-decoration-none text-strikethrough-none\">Registration at the reception, last registration at 12:45. Price 50 SEK\/child.<\/span><\/p>\n<p class=\"cvGsUA direction-ltr align-start para-style-body\"><strong><span class=\"a_GcMg font-feature-liga-off font-feature-clig-off font-feature-calt-off text-decoration-none text-strikethrough-none\">15.30<\/span>\u00a0<span class=\"a_GcMg font-feature-liga-off font-feature-clig-off font-feature-calt-off text-decoration-none text-strikethrough-none\">ANKRACE IN THE WINTER GARDEN |\u00a0<\/span><\/strong><span class=\"a_GcMg font-feature-liga-off font-feature-clig-off font-feature-calt-off text-decoration-none text-strikethrough-none\">Buy your duck at the reception and win great prizes, SEK 30\/per duck. Last registration at 15.20.<\/span><\/p>\n<p>&nbsp;<\/p>\n<h4>Wednesday 29 October<\/h4>\n<p class=\"cvGsUA direction-ltr align-start para-style-body\"><strong><span class=\"a_GcMg font-feature-liga-off font-feature-clig-off font-feature-calt-off text-decoration-none text-strikethrough-none\">11-11.30<\/span>\u00a0<span class=\"a_GcMg font-feature-liga-off font-feature-clig-off font-feature-calt-off text-decoration-none text-strikethrough-none\">MEET THE PEOPLE |\u00a0<\/span><\/strong><span class=\"a_GcMg font-feature-liga-off font-feature-clig-off font-feature-calt-off text-decoration-none text-strikethrough-none\">Plupp greets the children at his hut on the edge of the mountain and tells them about his and his friends' adventures.<\/span><\/p>\n<p class=\"cvGsUA direction-ltr align-start para-style-body\"><strong><span class=\"a_GcMg font-feature-liga-off font-feature-clig-off font-feature-calt-off text-decoration-none text-strikethrough-none\">17.00<\/span>\u00a0<span class=\"a_GcMg font-feature-liga-off font-feature-clig-off font-feature-calt-off text-decoration-none text-strikethrough-none\">REFLEX WALK |\u00a0<\/span><\/strong><span class=\"a_GcMg font-feature-liga-off font-feature-clig-off font-feature-calt-off text-decoration-none text-strikethrough-none\">Walk after dusk on Plupp's trail for all children and parents.<\/span>\u00a0<span class=\"a_GcMg font-feature-liga-off font-feature-clig-off font-feature-calt-off text-decoration-none text-strikethrough-none\">Ending with hot juice up by the shelters. Price for external guests 50 SEK.\u00a0<\/span><em><span class=\"a_GcMg font-feature-liga-off font-feature-clig-off font-feature-calt-off text-decoration-none text-strikethrough-none\">NOTE! some torches are available to borrow, please bring your own.<\/span><\/em><\/p>\n<p>&nbsp;<\/p>\n<h4>Thursday 30 October<\/h4>\n<p class=\"cvGsUA direction-ltr align-start para-style-body\"><strong><span class=\"a_GcMg font-feature-liga-off font-feature-clig-off font-feature-calt-off text-decoration-none text-strikethrough-none\">14-16.30<\/span>\u00a0<\/strong><span class=\"a_GcMg font-feature-liga-off font-feature-clig-off font-feature-calt-off text-decoration-none text-strikethrough-none\"><strong>FACE PAINTING |<\/strong>\u00a0F<\/span><span class=\"a_GcMg font-feature-liga-off font-feature-clig-off font-feature-calt-off text-decoration-none text-strikethrough-none\">For children in the cr\u00e8che, 50 SEK\/child.<\/span><\/p>\n<p class=\"cvGsUA direction-ltr align-start para-style-body\"><strong><span class=\"a_GcMg font-feature-liga-off font-feature-clig-off font-feature-calt-off text-decoration-none text-strikethrough-none\">17-19 HALLOWEEN DISCO |\u00a0<\/span><\/strong><span class=\"a_GcMg font-feature-liga-off font-feature-clig-off font-feature-calt-off text-decoration-none text-strikethrough-none\">In the Wellness Centre for all children, 50 SEK\/child.<\/span><\/p>\n<p>&nbsp;<\/p>\n<h4>Friday 31 October<\/h4>\n<p class=\"cvGsUA direction-ltr align-start para-style-body\"><strong><span class=\"a_GcMg font-feature-liga-off font-feature-clig-off font-feature-calt-off text-decoration-none text-strikethrough-none\">10-13<\/span>\u00a0<span class=\"a_GcMg font-feature-liga-off font-feature-clig-off font-feature-calt-off text-decoration-none text-strikethrough-none\">GRILLMYS |\u00a0<\/span><\/strong><span class=\"a_GcMg font-feature-liga-off font-feature-clig-off font-feature-calt-off text-decoration-none text-strikethrough-none\">We light the barbecues at the shelters up at Plupps playground. Buy sausage packages &amp; marshmallows packages at the reception.<\/span><\/p>\n<p class=\"cvGsUA direction-ltr align-start para-style-body\"><strong><span class=\"a_GcMg font-feature-liga-off font-feature-clig-off font-feature-calt-off text-decoration-none text-strikethrough-none\">10-13 AIR RIFLE SHOOTING |\u00a0<\/span><\/strong><span class=\"a_GcMg font-feature-liga-off font-feature-clig-off font-feature-calt-off text-decoration-none text-strikethrough-none\">Meet at the Sports Centre, 50 SEK\/child.<\/span><\/p>\n<p class=\"cvGsUA direction-ltr align-start para-style-body\"><strong><span class=\"a_GcMg font-feature-liga-off font-feature-clig-off font-feature-calt-off text-decoration-none text-strikethrough-none\">11-11.30<\/span>\u00a0<span class=\"a_GcMg font-feature-liga-off font-feature-clig-off font-feature-calt-off text-decoration-none text-strikethrough-none\">MEET THE PEOPLE |\u00a0<\/span><\/strong><span class=\"a_GcMg font-feature-liga-off font-feature-clig-off font-feature-calt-off text-decoration-none text-strikethrough-none\">Plupp greets the children at his hut on the mountainside and tells them about his and his friends' adventures<\/span><span class=\"a_GcMg font-feature-liga-off font-feature-clig-off font-feature-calt-off text-decoration-none text-strikethrough-none\">.<\/span><\/p>\n<p class=\"cvGsUA direction-ltr align-start para-style-body\"><strong><span class=\"a_GcMg font-feature-liga-off font-feature-clig-off font-feature-calt-off text-decoration-none text-strikethrough-none\">11.00 SMALL SPRING-VASALOPPET |<\/span><\/strong><span class=\"a_GcMg font-feature-liga-off font-feature-clig-off font-feature-calt-off text-decoration-none text-strikethrough-none\">\u00a0<\/span><span class=\"a_GcMg font-feature-liga-off font-feature-clig-off font-feature-calt-off text-decoration-none text-strikethrough-none\">Registration at the reception on the same day by 10.45 am,<\/span>\u00a0<span class=\"a_GcMg font-feature-liga-off font-feature-clig-off font-feature-calt-off text-decoration-none text-strikethrough-none\">50 kr\/child.<\/span><\/p>\n<p>&nbsp;<\/p>\n<h4>Saturday 1 November<\/h4>\n<p class=\"cvGsUA direction-ltr align-start para-style-body\"><strong><span class=\"a_GcMg font-feature-liga-off font-feature-clig-off font-feature-calt-off text-decoration-none text-strikethrough-none\">10-13 GRILLMYS |\u00a0<\/span><\/strong><span class=\"a_GcMg font-feature-liga-off font-feature-clig-off font-feature-calt-off text-decoration-none text-strikethrough-none\">We light the barbecues at the shelters up at Plupps playground. Buy sausage packages &amp; marshmallows packages at the reception.<\/span><\/p>\n<p class=\"cvGsUA direction-ltr align-start para-style-body\"><strong><span class=\"a_GcMg font-feature-liga-off font-feature-clig-off font-feature-calt-off text-decoration-none text-strikethrough-none\">10-13.00 PONY RIDES |\u00a0<\/span><\/strong><span class=\"a_GcMg font-feature-liga-off font-feature-clig-off font-feature-calt-off text-decoration-none text-strikethrough-none\">Outside the hotel, 50 SEK\/child.<\/span><\/p>\n<p class=\"cvGsUA direction-ltr align-start para-style-body\"><strong><span class=\"a_GcMg font-feature-liga-off font-feature-clig-off font-feature-calt-off text-decoration-none text-strikethrough-none\">11-11.30 MEET PLUPP |\u00a0<\/span><\/strong><span class=\"a_GcMg font-feature-liga-off font-feature-clig-off font-feature-calt-off text-decoration-none text-strikethrough-none\">Plupp greets the children at his hut on the edge of the mountain and tells them about his and his friends' adventures.<\/span><\/p>\n<p class=\"cvGsUA direction-ltr align-start para-style-body\"><strong><span class=\"a_GcMg font-feature-liga-off font-feature-clig-off font-feature-calt-off text-decoration-none text-strikethrough-none\">12.00<\/span>\u00a0<span class=\"a_GcMg font-feature-liga-off font-feature-clig-off font-feature-calt-off text-decoration-none text-strikethrough-none\">FISKEDAMM |\u00a0<\/span><\/strong><span class=\"a_GcMg font-feature-liga-off font-feature-clig-off font-feature-calt-off text-decoration-none text-strikethrough-none\">U<\/span><span class=\"a_GcMg font-feature-liga-off font-feature-clig-off font-feature-calt-off text-decoration-none text-strikethrough-none\">in front of the hotel with tasty catch, 30 SEK\/child.<\/span><\/p>\n<p class=\"cvGsUA direction-ltr align-start para-style-body\"><strong><span class=\"a_GcMg font-feature-liga-off font-feature-clig-off font-feature-calt-off text-decoration-none text-strikethrough-none\">13.30<\/span>\u00a0<span class=\"a_GcMg font-feature-liga-off font-feature-clig-off font-feature-calt-off text-decoration-none text-strikethrough-none\">PLUPPS TREASURE HUNT |\u00a0<\/span><\/strong><span class=\"a_GcMg font-feature-liga-off font-feature-clig-off font-feature-calt-off text-decoration-none text-strikethrough-none\">collection at the reception, 50 SEK\/child.<\/span><\/p>\n<p>&nbsp;<\/p>\n<h4>All days<\/h4>\n<p><strong>7-21 WELLNESS CENTRES\u00a0<\/strong>Open to self-paced training and scheduled sessions for the whole family.<br \/>\nPasses are pre-booked at reception, see separate schedule at reception.<\/p>\n<p><strong>7-21 POOL &amp; SAUNA |<\/strong>\u00a0For children under 16 years, the bath is open 09:00-18:00. You are welcome to contact the reception on tel. 0682-41 30 30 for questions about the bath and spa.<\/p>\n<p><strong>10-16 PLUPPS TIP ROUND |\u00a0<\/strong>Pick up a reply coupon at the reception desk.<\/p>\n<p><strong>10-16 PLUPPS GUESSING COMPETITION AT THE RECEPTION<\/strong>\u00a0| Enter to win great prizes. The winner will be contacted on 4 November.<\/p>\n<p><strong>10-18 PYSSELTORGET |\u00a0<\/strong>Open for autumn crafts unmanned in Kalles K\u00e4llare.<\/p>\n<p><strong>15.30 &amp; 18.30 FILM SCREENING IN OUR CINEMA<\/strong>\u00a0Cinema programmes are available at reception. You can buy your cinema snacks, crisps, sweets and soft drinks at the reception or bar.<\/p>\n\n          <\/div>\n                              <div class=\"media-and-text__buttons\">\n                                        <a class=\"btn btn--fill media-and-text__button\" href=\"https:\/\/storhogna.se\/wp-content\/uploads\/hostlovsprogram.pdf\" target=\"_blank style=\"\">See programme as PDF<\/a>\n                                        <a class=\"btn btn--border media-and-text__button\" href=\"https:\/\/storhogna.se\/en\/offers\/hostlov-pa-storhogna\/\" target=\" style=\"\">To the autumn holiday package<\/a>\n                      <\/div>\n                  <\/div>\n      <\/div>\n    <\/div>\n  <\/div>\n\n\n\n<div style=\"height:50px\" aria-hidden=\"true\" class=\"wp-block-spacer\"><\/div>","protected":false},"excerpt":{"rendered":"<p>As usual, the programme is filled with fun activities throughout the Easter holidays. Have fun with crafts, cinema, meet Plupp and much more.<\/p>","protected":false},"author":12,"featured_media":14817,"parent":0,"menu_order":0,"comment_status":"closed","ping_status":"closed","template":"","meta":{"_acf_changed":false,"footnotes":""},"categories":[],"tags":[],"class_list":["post-9019","page","type-page","status-publish","has-post-thumbnail","hentry"],"acf":[],"yoast_head":"<!-- This site is optimized with the Yoast SEO plugin v27.3 - https:\/\/yoast.com\/product\/yoast-seo-wordpress\/ -->\n<title>H\u00f6stlovsprogram - Storhogna H\u00f6gfj\u00e4llshotell &amp; Spa<\/title>\n<meta name=\"robots\" content=\"index, follow, max-snippet:-1, max-image-preview:large, max-video-preview:-1\" \/>\n<link rel=\"canonical\" href=\"https:\/\/storhogna.se\/en\/cessation-programme\/\" \/>\n<meta property=\"og:locale\" content=\"en_GB\" \/>\n<meta property=\"og:type\" content=\"article\" \/>\n<meta property=\"og:title\" content=\"H\u00f6stlovsprogram - Storhogna H\u00f6gfj\u00e4llshotell &amp; Spa\" \/>\n<meta property=\"og:description\" content=\"Programmet \u00e4r som vanligt fyllt med roliga aktiviteter under hela p\u00e5sklovet. Ha skoj med pyssel, bio, tr\u00e4ffa Plupp och mycket mer.\" \/>\n<meta property=\"og:url\" content=\"https:\/\/storhogna.se\/en\/cessation-programme\/\" \/>\n<meta property=\"og:site_name\" content=\"Storhogna H\u00f6gfj\u00e4llshotell &amp; Spa\" \/>\n<meta property=\"article:publisher\" content=\"https:\/\/www.facebook.com\/storhogna\" \/>\n<meta property=\"article:modified_time\" content=\"2025-10-23T11:28:42+00:00\" \/>\n<meta property=\"og:image\" content=\"https:\/\/storhogna.se\/wp-content\/uploads\/Boksignering-plupps-naturbok-scaled.jpg\" \/>\n\t<meta property=\"og:image:width\" content=\"2560\" \/>\n\t<meta property=\"og:image:height\" content=\"1254\" \/>\n\t<meta property=\"og:image:type\" content=\"image\/jpeg\" \/>\n<meta name=\"twitter:card\" content=\"summary_large_image\" \/>\n<meta name=\"twitter:label1\" content=\"Estimated reading time\" \/>\n\t<meta name=\"twitter:data1\" content=\"1 minute\" \/>\n<script type=\"application\/ld+json\" class=\"yoast-schema-graph\">{\"@context\":\"https:\\\/\\\/schema.org\",\"@graph\":[{\"@type\":\"WebPage\",\"@id\":\"https:\\\/\\\/storhogna.se\\\/hostlovsprogram\\\/\",\"url\":\"https:\\\/\\\/storhogna.se\\\/hostlovsprogram\\\/\",\"name\":\"H\u00f6stlovsprogram - Storhogna H\u00f6gfj\u00e4llshotell &amp; Spa\",\"isPartOf\":{\"@id\":\"https:\\\/\\\/storhogna.se\\\/#website\"},\"primaryImageOfPage\":{\"@id\":\"https:\\\/\\\/storhogna.se\\\/hostlovsprogram\\\/#primaryimage\"},\"image\":{\"@id\":\"https:\\\/\\\/storhogna.se\\\/hostlovsprogram\\\/#primaryimage\"},\"thumbnailUrl\":\"https:\\\/\\\/storhogna.se\\\/wp-content\\\/uploads\\\/Boksignering-plupps-naturbok-scaled.jpg\",\"datePublished\":\"2023-10-17T20:31:55+00:00\",\"dateModified\":\"2025-10-23T11:28:42+00:00\",\"breadcrumb\":{\"@id\":\"https:\\\/\\\/storhogna.se\\\/hostlovsprogram\\\/#breadcrumb\"},\"inLanguage\":\"en-GB\",\"potentialAction\":[{\"@type\":\"ReadAction\",\"target\":[\"https:\\\/\\\/storhogna.se\\\/hostlovsprogram\\\/\"]}]},{\"@type\":\"ImageObject\",\"inLanguage\":\"en-GB\",\"@id\":\"https:\\\/\\\/storhogna.se\\\/hostlovsprogram\\\/#primaryimage\",\"url\":\"https:\\\/\\\/storhogna.se\\\/wp-content\\\/uploads\\\/Boksignering-plupps-naturbok-scaled.jpg\",\"contentUrl\":\"https:\\\/\\\/storhogna.se\\\/wp-content\\\/uploads\\\/Boksignering-plupps-naturbok-scaled.jpg\",\"width\":2560,\"height\":1254},{\"@type\":\"BreadcrumbList\",\"@id\":\"https:\\\/\\\/storhogna.se\\\/hostlovsprogram\\\/#breadcrumb\",\"itemListElement\":[{\"@type\":\"ListItem\",\"position\":1,\"name\":\"Hem\",\"item\":\"https:\\\/\\\/storhogna.se\\\/\"},{\"@type\":\"ListItem\",\"position\":2,\"name\":\"H\u00f6stlovsprogram\"}]},{\"@type\":\"WebSite\",\"@id\":\"https:\\\/\\\/storhogna.se\\\/#website\",\"url\":\"https:\\\/\\\/storhogna.se\\\/\",\"name\":\"Storhogna H\u00f6gfj\u00e4llshotell &amp; Spa\",\"description\":\"Ett genuint h\u00f6gfj\u00e4llshotell med spa\",\"potentialAction\":[{\"@type\":\"SearchAction\",\"target\":{\"@type\":\"EntryPoint\",\"urlTemplate\":\"https:\\\/\\\/storhogna.se\\\/?s={search_term_string}\"},\"query-input\":{\"@type\":\"PropertyValueSpecification\",\"valueRequired\":true,\"valueName\":\"search_term_string\"}}],\"inLanguage\":\"en-GB\"}]}<\/script>\n<!-- \/ Yoast SEO plugin. -->","yoast_head_json":{"title":"Autumn holiday programme - Storhogna H\u00f6gfj\u00e4llshotell &amp; Spa","robots":{"index":"index","follow":"follow","max-snippet":"max-snippet:-1","max-image-preview":"max-image-preview:large","max-video-preview":"max-video-preview:-1"},"canonical":"https:\/\/storhogna.se\/en\/cessation-programme\/","og_locale":"en_GB","og_type":"article","og_title":"H\u00f6stlovsprogram - Storhogna H\u00f6gfj\u00e4llshotell &amp; Spa","og_description":"Programmet \u00e4r som vanligt fyllt med roliga aktiviteter under hela p\u00e5sklovet. Ha skoj med pyssel, bio, tr\u00e4ffa Plupp och mycket mer.","og_url":"https:\/\/storhogna.se\/en\/cessation-programme\/","og_site_name":"Storhogna H\u00f6gfj\u00e4llshotell &amp; Spa","article_publisher":"https:\/\/www.facebook.com\/storhogna","article_modified_time":"2025-10-23T11:28:42+00:00","og_image":[{"width":2560,"height":1254,"url":"https:\/\/storhogna.se\/wp-content\/uploads\/Boksignering-plupps-naturbok-scaled.jpg","type":"image\/jpeg"}],"twitter_card":"summary_large_image","twitter_misc":{"Estimated reading time":"1 minute"},"schema":{"@context":"https:\/\/schema.org","@graph":[{"@type":"WebPage","@id":"https:\/\/storhogna.se\/hostlovsprogram\/","url":"https:\/\/storhogna.se\/hostlovsprogram\/","name":"Autumn holiday programme - Storhogna H\u00f6gfj\u00e4llshotell &amp; Spa","isPartOf":{"@id":"https:\/\/storhogna.se\/#website"},"primaryImageOfPage":{"@id":"https:\/\/storhogna.se\/hostlovsprogram\/#primaryimage"},"image":{"@id":"https:\/\/storhogna.se\/hostlovsprogram\/#primaryimage"},"thumbnailUrl":"https:\/\/storhogna.se\/wp-content\/uploads\/Boksignering-plupps-naturbok-scaled.jpg","datePublished":"2023-10-17T20:31:55+00:00","dateModified":"2025-10-23T11:28:42+00:00","breadcrumb":{"@id":"https:\/\/storhogna.se\/hostlovsprogram\/#breadcrumb"},"inLanguage":"en-GB","potentialAction":[{"@type":"ReadAction","target":["https:\/\/storhogna.se\/hostlovsprogram\/"]}]},{"@type":"ImageObject","inLanguage":"en-GB","@id":"https:\/\/storhogna.se\/hostlovsprogram\/#primaryimage","url":"https:\/\/storhogna.se\/wp-content\/uploads\/Boksignering-plupps-naturbok-scaled.jpg","contentUrl":"https:\/\/storhogna.se\/wp-content\/uploads\/Boksignering-plupps-naturbok-scaled.jpg","width":2560,"height":1254},{"@type":"BreadcrumbList","@id":"https:\/\/storhogna.se\/hostlovsprogram\/#breadcrumb","itemListElement":[{"@type":"ListItem","position":1,"name":"Hem","item":"https:\/\/storhogna.se\/"},{"@type":"ListItem","position":2,"name":"H\u00f6stlovsprogram"}]},{"@type":"WebSite","@id":"https:\/\/storhogna.se\/#website","url":"https:\/\/storhogna.se\/","name":"Storhogna High Mountain Hotel &amp; Spa","description":"A genuine high mountain hotel with spa","potentialAction":[{"@type":"SearchAction","target":{"@type":"EntryPoint","urlTemplate":"https:\/\/storhogna.se\/?s={search_term_string}"},"query-input":{"@type":"PropertyValueSpecification","valueRequired":true,"valueName":"search_term_string"}}],"inLanguage":"en-GB"}]}},"_links":{"self":[{"href":"https:\/\/storhogna.se\/en\/wp-json\/wp\/v2\/pages\/9019","targetHints":{"allow":["GET"]}}],"collection":[{"href":"https:\/\/storhogna.se\/en\/wp-json\/wp\/v2\/pages"}],"about":[{"href":"https:\/\/storhogna.se\/en\/wp-json\/wp\/v2\/types\/page"}],"author":[{"embeddable":true,"href":"https:\/\/storhogna.se\/en\/wp-json\/wp\/v2\/users\/12"}],"replies":[{"embeddable":true,"href":"https:\/\/storhogna.se\/en\/wp-json\/wp\/v2\/comments?post=9019"}],"version-history":[{"count":17,"href":"https:\/\/storhogna.se\/en\/wp-json\/wp\/v2\/pages\/9019\/revisions"}],"predecessor-version":[{"id":15503,"href":"https:\/\/storhogna.se\/en\/wp-json\/wp\/v2\/pages\/9019\/revisions\/15503"}],"wp:featuredmedia":[{"embeddable":true,"href":"https:\/\/storhogna.se\/en\/wp-json\/wp\/v2\/media\/14817"}],"wp:attachment":[{"href":"https:\/\/storhogna.se\/en\/wp-json\/wp\/v2\/media?parent=9019"}],"wp:term":[{"taxonomy":"category","embeddable":true,"href":"https:\/\/storhogna.se\/en\/wp-json\/wp\/v2\/categories?post=9019"},{"taxonomy":"post_tag","embeddable":true,"href":"https:\/\/storhogna.se\/en\/wp-json\/wp\/v2\/tags?post=9019"}],"curies":[{"name":"wp","href":"https:\/\/api.w.org\/{rel}","templated":true}]}}