{"id":980,"date":"2022-04-22T10:41:51","date_gmt":"2022-04-22T08:41:51","guid":{"rendered":"https:\/\/stage.storhogna.se\/?page_id=980"},"modified":"2026-02-06T10:24:13","modified_gmt":"2026-02-06T08:24:13","slug":"spa-shop","status":"publish","type":"page","link":"https:\/\/storhogna.se\/en\/att-gora\/spa-och-pool\/spabutik\/","title":{"rendered":"Spa shop"},"content":{"rendered":"<div class=\"hero-slider\"><div class=\"splide\" data-slider=\"hero\" data-arrows=\"true\" data-interval=\"1\" data-transition=\"slide\" data-start-index=\"0\" id=\"hero-slider_1770366250499\" data-id=\"hero-slider_1770366250499\" data-custom-arrows=\"true\"><div class=\"splide__track\"><ul class=\"splide__list\"><li class=\"splide__slide\"><picture><source media=\"(max-width: 340px)\" srcset=\"https:\/\/storhogna.se\/wp-content\/uploads\/DSC00826-200x300.jpg\"\/><source media=\"(min-width: 341px)\" srcset=\"https:\/\/storhogna.se\/wp-content\/uploads\/DSC00826-scaled.jpg\"\/><img fetchpriority=\"high\" decoding=\"async\" class=\"fullscreen-image\" src=\"https:\/\/storhogna.se\/wp-content\/uploads\/DSC00826-scaled.jpg\" alt=\"\" width=\"1707\" height=\"2560\" loading=\"eager\" style=\"object-position:50% 70%\"\/><\/picture><\/li><\/ul><\/div><\/div><div class=\"hero-slider__filter\" data-active=\"true\"><\/div><div class=\"hero-slider__fixed-content\"><div class=\"hero-slider__text-block\" data-visible=\"true\"><div class=\"hero-slider__text-block-inner\">\n<div class=\"wp-block-columns is-layout-flex wp-container-core-columns-is-layout-9d6595d7 wp-block-columns-is-layout-flex\">\n<div class=\"wp-block-column is-layout-flow wp-block-column-is-layout-flow\">\n<h1 class=\"wp-block-heading\">Spa shop<\/h1>\n\n\n\n<p>In our spa shop we sell products from Gerd c\/o.<\/p>\n<\/div>\n\n\n\n<div class=\"wp-block-column is-layout-flow wp-block-column-is-layout-flow\">\n<p>Our therapists are authorised\/certified and can help you find products that suit you and your skin type. In addition to skin care products, we also have a small snack &amp; drink shop where our guests can buy something good to enjoy on our bathing terrace. A warm welcome!<\/p>\n<\/div>\n<\/div>\n<\/div><\/div><\/div><\/div>\n\n\n<div class=\"media-and-text\">\n    <div class=\"media-and-text__layout media-and-text__layout--invert  default-color default-background\">\n      <div class=\"media-and-text__media\">\n                  <img decoding=\"async\"\n          class=\"media-and-text__single-image\"\n          src=\"https:\/\/storhogna.se\/wp-content\/uploads\/storhogna7471-1200x842.jpg\"\n          srcset=\"https:\/\/storhogna.se\/wp-content\/uploads\/storhogna7471-1200x842.jpg 1200w, https:\/\/storhogna.se\/wp-content\/uploads\/storhogna7471-1200x842.jpg 1200w\"\n          sizes=\"auto, (max-width: 500px) 1200px, 1200px\"\n          alt=\"A woman in the whirlpool\"\n          width=\"1200\" \n          height=\"842\" \n          loading=\"lazy\"\n          \/>\n              <\/div>\n      <div class=\"media-and-text__content top\">\n        <div class=\"media-and-text__content-container\">\n          <div class=\"media-and-text__text\">\n            <h1>Spa shop with Swedish quality<\/h1>\n<p>Explore our spa shop and take the spa feeling home with you. Here you will find products we use from c\/o Gerd, organic Swedish quality products that we use both in our spa and during our treatments.<\/p>\n<p><strong>Need help finding something to suit your skin's needs?<\/strong> Please ask us and we will help you.<\/p>\n<p>&nbsp;<\/p>\n<p><img decoding=\"async\" src=\"https:\/\/storhogna.se\/wp-content\/uploads\/x2_COGERD_LOGOTYPE-1024x267-1-300x78.webp\" \/><\/p>\n<p><strong>About c\/o Gerd<br \/>\n<\/strong>Organic and natural skincare from Jokkmokk created with raw materials that have as little environmental impact as possible on nature, animals and humans. The majority of the products are based on the super berries blueberries, cloudberries and lingonberries.<strong><br \/>\n<\/strong><\/p>\n<p>&nbsp;<\/p>\n<p><strong>Contact us<\/strong><br \/>\n<a href=\"tel:+46682413032\">0682-413032<\/a><a href=\"mailto:spa@storhogna.com\">\u00a0 spa@storhogna.com<\/a><\/p>\n\n          <\/div>\n                            <\/div>\n      <\/div>\n    <\/div>\n  <\/div>","protected":false},"excerpt":{"rendered":"<p>In the Spa Shop, we sell products from Kerstin Florian and Rituals, among others. Our therapists are certified and will help you find products that suit you.<\/p>","protected":false},"author":2,"featured_media":4529,"parent":36,"menu_order":2,"comment_status":"closed","ping_status":"closed","template":"","meta":{"_acf_changed":false,"footnotes":""},"categories":[],"tags":[],"class_list":["post-980","page","type-page","status-publish","has-post-thumbnail","hentry"],"acf":[],"yoast_head":"<!-- This site is optimized with the Yoast SEO plugin v27.3 - https:\/\/yoast.com\/product\/yoast-seo-wordpress\/ -->\n<title>Spabutik med produkter som passar dig<\/title>\n<meta name=\"description\" content=\"I Spabutiken s\u00e4ljer vi bl.a. produkter fr\u00e5n Kerstin Florian och c\/o GERD. V\u00e5ra terapeuter \u00e4r certifierade och hj\u00e4lper dig hitta produkter som passar just dig.\" \/>\n<meta name=\"robots\" content=\"index, follow, max-snippet:-1, max-image-preview:large, max-video-preview:-1\" \/>\n<link rel=\"canonical\" href=\"https:\/\/storhogna.se\/en\/to-do\/spa-and-swimming-pool\/spa-shop\/\" \/>\n<meta property=\"og:locale\" content=\"en_GB\" \/>\n<meta property=\"og:type\" content=\"article\" \/>\n<meta property=\"og:title\" content=\"Spabutik med produkter som passar dig\" \/>\n<meta property=\"og:description\" content=\"I Spabutiken s\u00e4ljer vi bl.a. produkter fr\u00e5n Kerstin Florian och c\/o GERD. V\u00e5ra terapeuter \u00e4r certifierade och hj\u00e4lper dig hitta produkter som passar just dig.\" \/>\n<meta property=\"og:url\" content=\"https:\/\/storhogna.se\/en\/to-do\/spa-and-swimming-pool\/spa-shop\/\" \/>\n<meta property=\"og:site_name\" content=\"Storhogna H\u00f6gfj\u00e4llshotell &amp; Spa\" \/>\n<meta property=\"article:publisher\" content=\"https:\/\/www.facebook.com\/storhogna\" \/>\n<meta property=\"article:modified_time\" content=\"2026-02-06T08:24:13+00:00\" \/>\n<meta property=\"og:image\" content=\"https:\/\/storhogna.se\/wp-content\/uploads\/BAD-storhogna_april2011_2963.jpg\" \/>\n\t<meta property=\"og:image:width\" content=\"1634\" \/>\n\t<meta property=\"og:image:height\" content=\"1054\" \/>\n\t<meta property=\"og:image:type\" content=\"image\/jpeg\" \/>\n<meta name=\"twitter:card\" content=\"summary_large_image\" \/>\n<meta name=\"twitter:label1\" content=\"Estimated reading time\" \/>\n\t<meta name=\"twitter:data1\" content=\"1 minute\" \/>\n<script type=\"application\/ld+json\" class=\"yoast-schema-graph\">{\"@context\":\"https:\\\/\\\/schema.org\",\"@graph\":[{\"@type\":\"WebPage\",\"@id\":\"https:\\\/\\\/storhogna.se\\\/att-gora\\\/spa-och-pool\\\/spabutik\\\/\",\"url\":\"https:\\\/\\\/storhogna.se\\\/att-gora\\\/spa-och-pool\\\/spabutik\\\/\",\"name\":\"Spabutik med produkter som passar dig\",\"isPartOf\":{\"@id\":\"https:\\\/\\\/storhogna.se\\\/#website\"},\"primaryImageOfPage\":{\"@id\":\"https:\\\/\\\/storhogna.se\\\/att-gora\\\/spa-och-pool\\\/spabutik\\\/#primaryimage\"},\"image\":{\"@id\":\"https:\\\/\\\/storhogna.se\\\/att-gora\\\/spa-och-pool\\\/spabutik\\\/#primaryimage\"},\"thumbnailUrl\":\"https:\\\/\\\/storhogna.se\\\/wp-content\\\/uploads\\\/BAD-storhogna_april2011_2963.jpg\",\"datePublished\":\"2022-04-22T08:41:51+00:00\",\"dateModified\":\"2026-02-06T08:24:13+00:00\",\"description\":\"I Spabutiken s\u00e4ljer vi bl.a. produkter fr\u00e5n Kerstin Florian och c\\\/o GERD. V\u00e5ra terapeuter \u00e4r certifierade och hj\u00e4lper dig hitta produkter som passar just dig.\",\"breadcrumb\":{\"@id\":\"https:\\\/\\\/storhogna.se\\\/att-gora\\\/spa-och-pool\\\/spabutik\\\/#breadcrumb\"},\"inLanguage\":\"en-GB\",\"potentialAction\":[{\"@type\":\"ReadAction\",\"target\":[\"https:\\\/\\\/storhogna.se\\\/att-gora\\\/spa-och-pool\\\/spabutik\\\/\"]}]},{\"@type\":\"ImageObject\",\"inLanguage\":\"en-GB\",\"@id\":\"https:\\\/\\\/storhogna.se\\\/att-gora\\\/spa-och-pool\\\/spabutik\\\/#primaryimage\",\"url\":\"https:\\\/\\\/storhogna.se\\\/wp-content\\\/uploads\\\/BAD-storhogna_april2011_2963.jpg\",\"contentUrl\":\"https:\\\/\\\/storhogna.se\\\/wp-content\\\/uploads\\\/BAD-storhogna_april2011_2963.jpg\",\"width\":1634,\"height\":1054,\"caption\":\"Badande g\u00e4st i pool medans kv\u00e4llsrestaurangen lyser upp ett h\u00e4rligt sken i bakgrunden\"},{\"@type\":\"BreadcrumbList\",\"@id\":\"https:\\\/\\\/storhogna.se\\\/att-gora\\\/spa-och-pool\\\/spabutik\\\/#breadcrumb\",\"itemListElement\":[{\"@type\":\"ListItem\",\"position\":1,\"name\":\"Hem\",\"item\":\"https:\\\/\\\/storhogna.se\\\/\"},{\"@type\":\"ListItem\",\"position\":2,\"name\":\"Att g\u00f6ra\",\"item\":\"https:\\\/\\\/storhogna.se\\\/att-gora\\\/\"},{\"@type\":\"ListItem\",\"position\":3,\"name\":\"Spa &#038; Pool\",\"item\":\"https:\\\/\\\/storhogna.se\\\/att-gora\\\/spa-och-pool\\\/\"},{\"@type\":\"ListItem\",\"position\":4,\"name\":\"Spabutik\"}]},{\"@type\":\"WebSite\",\"@id\":\"https:\\\/\\\/storhogna.se\\\/#website\",\"url\":\"https:\\\/\\\/storhogna.se\\\/\",\"name\":\"Storhogna H\u00f6gfj\u00e4llshotell &amp; Spa\",\"description\":\"Ett genuint h\u00f6gfj\u00e4llshotell med spa\",\"potentialAction\":[{\"@type\":\"SearchAction\",\"target\":{\"@type\":\"EntryPoint\",\"urlTemplate\":\"https:\\\/\\\/storhogna.se\\\/?s={search_term_string}\"},\"query-input\":{\"@type\":\"PropertyValueSpecification\",\"valueRequired\":true,\"valueName\":\"search_term_string\"}}],\"inLanguage\":\"en-GB\"}]}<\/script>\n<!-- \/ Yoast SEO plugin. -->","yoast_head_json":{"title":"Spa shop with products to suit you","description":"In Spabutiken we sell products from Kerstin Florian and c\/o GERD. Our therapists are certified and will help you find products that are right for you.","robots":{"index":"index","follow":"follow","max-snippet":"max-snippet:-1","max-image-preview":"max-image-preview:large","max-video-preview":"max-video-preview:-1"},"canonical":"https:\/\/storhogna.se\/en\/to-do\/spa-and-swimming-pool\/spa-shop\/","og_locale":"en_GB","og_type":"article","og_title":"Spabutik med produkter som passar dig","og_description":"I Spabutiken s\u00e4ljer vi bl.a. produkter fr\u00e5n Kerstin Florian och c\/o GERD. V\u00e5ra terapeuter \u00e4r certifierade och hj\u00e4lper dig hitta produkter som passar just dig.","og_url":"https:\/\/storhogna.se\/en\/to-do\/spa-and-swimming-pool\/spa-shop\/","og_site_name":"Storhogna H\u00f6gfj\u00e4llshotell &amp; Spa","article_publisher":"https:\/\/www.facebook.com\/storhogna","article_modified_time":"2026-02-06T08:24:13+00:00","og_image":[{"width":1634,"height":1054,"url":"https:\/\/storhogna.se\/wp-content\/uploads\/BAD-storhogna_april2011_2963.jpg","type":"image\/jpeg"}],"twitter_card":"summary_large_image","twitter_misc":{"Estimated reading time":"1 minute"},"schema":{"@context":"https:\/\/schema.org","@graph":[{"@type":"WebPage","@id":"https:\/\/storhogna.se\/att-gora\/spa-och-pool\/spabutik\/","url":"https:\/\/storhogna.se\/att-gora\/spa-och-pool\/spabutik\/","name":"Spa shop with products to suit you","isPartOf":{"@id":"https:\/\/storhogna.se\/#website"},"primaryImageOfPage":{"@id":"https:\/\/storhogna.se\/att-gora\/spa-och-pool\/spabutik\/#primaryimage"},"image":{"@id":"https:\/\/storhogna.se\/att-gora\/spa-och-pool\/spabutik\/#primaryimage"},"thumbnailUrl":"https:\/\/storhogna.se\/wp-content\/uploads\/BAD-storhogna_april2011_2963.jpg","datePublished":"2022-04-22T08:41:51+00:00","dateModified":"2026-02-06T08:24:13+00:00","description":"In Spabutiken we sell products from Kerstin Florian and c\/o GERD. Our therapists are certified and will help you find products that are right for you.","breadcrumb":{"@id":"https:\/\/storhogna.se\/att-gora\/spa-och-pool\/spabutik\/#breadcrumb"},"inLanguage":"en-GB","potentialAction":[{"@type":"ReadAction","target":["https:\/\/storhogna.se\/att-gora\/spa-och-pool\/spabutik\/"]}]},{"@type":"ImageObject","inLanguage":"en-GB","@id":"https:\/\/storhogna.se\/att-gora\/spa-och-pool\/spabutik\/#primaryimage","url":"https:\/\/storhogna.se\/wp-content\/uploads\/BAD-storhogna_april2011_2963.jpg","contentUrl":"https:\/\/storhogna.se\/wp-content\/uploads\/BAD-storhogna_april2011_2963.jpg","width":1634,"height":1054,"caption":"Badande g\u00e4st i pool medans kv\u00e4llsrestaurangen lyser upp ett h\u00e4rligt sken i bakgrunden"},{"@type":"BreadcrumbList","@id":"https:\/\/storhogna.se\/att-gora\/spa-och-pool\/spabutik\/#breadcrumb","itemListElement":[{"@type":"ListItem","position":1,"name":"Hem","item":"https:\/\/storhogna.se\/"},{"@type":"ListItem","position":2,"name":"Att g\u00f6ra","item":"https:\/\/storhogna.se\/att-gora\/"},{"@type":"ListItem","position":3,"name":"Spa &#038; Pool","item":"https:\/\/storhogna.se\/att-gora\/spa-och-pool\/"},{"@type":"ListItem","position":4,"name":"Spabutik"}]},{"@type":"WebSite","@id":"https:\/\/storhogna.se\/#website","url":"https:\/\/storhogna.se\/","name":"Storhogna High Mountain Hotel &amp; Spa","description":"A genuine high mountain hotel with spa","potentialAction":[{"@type":"SearchAction","target":{"@type":"EntryPoint","urlTemplate":"https:\/\/storhogna.se\/?s={search_term_string}"},"query-input":{"@type":"PropertyValueSpecification","valueRequired":true,"valueName":"search_term_string"}}],"inLanguage":"en-GB"}]}},"_links":{"self":[{"href":"https:\/\/storhogna.se\/en\/wp-json\/wp\/v2\/pages\/980","targetHints":{"allow":["GET"]}}],"collection":[{"href":"https:\/\/storhogna.se\/en\/wp-json\/wp\/v2\/pages"}],"about":[{"href":"https:\/\/storhogna.se\/en\/wp-json\/wp\/v2\/types\/page"}],"author":[{"embeddable":true,"href":"https:\/\/storhogna.se\/en\/wp-json\/wp\/v2\/users\/2"}],"replies":[{"embeddable":true,"href":"https:\/\/storhogna.se\/en\/wp-json\/wp\/v2\/comments?post=980"}],"version-history":[{"count":119,"href":"https:\/\/storhogna.se\/en\/wp-json\/wp\/v2\/pages\/980\/revisions"}],"predecessor-version":[{"id":16057,"href":"https:\/\/storhogna.se\/en\/wp-json\/wp\/v2\/pages\/980\/revisions\/16057"}],"up":[{"embeddable":true,"href":"https:\/\/storhogna.se\/en\/wp-json\/wp\/v2\/pages\/36"}],"wp:featuredmedia":[{"embeddable":true,"href":"https:\/\/storhogna.se\/en\/wp-json\/wp\/v2\/media\/4529"}],"wp:attachment":[{"href":"https:\/\/storhogna.se\/en\/wp-json\/wp\/v2\/media?parent=980"}],"wp:term":[{"taxonomy":"category","embeddable":true,"href":"https:\/\/storhogna.se\/en\/wp-json\/wp\/v2\/categories?post=980"},{"taxonomy":"post_tag","embeddable":true,"href":"https:\/\/storhogna.se\/en\/wp-json\/wp\/v2\/tags?post=980"}],"curies":[{"name":"wp","href":"https:\/\/api.w.org\/{rel}","templated":true}]}}